{"id":3304,"date":"2023-04-07T19:18:06","date_gmt":"2023-04-07T11:18:06","guid":{"rendered":"http:\/\/qingdaohf.com\/?post_type=product&#038;p=3304"},"modified":"2025-11-13T09:05:30","modified_gmt":"2025-11-13T01:05:30","slug":"fixing-sockets","status":"publish","type":"product","link":"https:\/\/qingdaohf.com\/pl\/produkt\/gniazda-mocujace\/","title":{"rendered":"Gniazda mocuj\u0105ce z ko\u0142kiem krzy\u017cowym | wygi\u0119ty ogon | falisty ogon"},"content":{"rendered":"<h2>Gniazda mocuj\u0105ce z trzpieniem krzy\u017cowym<\/h2>\n<p>Mocowanie gniazd za pomoc\u0105 sworzni krzy\u017cowych to metoda \u0142\u0105czenia ze sob\u0105 dw\u00f3ch cz\u0119\u015bci lub komponent\u00f3w. Polega ona na u\u017cyciu gniazda, kt\u00f3re jest wydr\u0105\u017conym cylindrem z otworem w \u015brodku, oraz ko\u0142ka poprzecznego, kt\u00f3ry jest cylindrycznym ko\u0142kiem z czterema ramionami wystaj\u0105cymi ze \u015brodka. Sworze\u0144 krzy\u017cowy jest wk\u0142adany do otworu w gnie\u017adzie, a ramiona sworznia s\u0105 nast\u0119pnie wyr\u00f3wnywane z odpowiednimi otworami w komponentach, kt\u00f3re maj\u0105 by\u0107 po\u0142\u0105czone.<\/p>\n<p>Po umieszczeniu sworznia krzy\u017cowego na miejscu, jest on zabezpieczany za pomoc\u0105 elementu mocuj\u0105cego, takiego jak nakr\u0119tka lub zawleczka. Tworzy to mocne i niezawodne po\u0142\u0105czenie mi\u0119dzy dwoma komponentami i pozwala na \u0142atwy demonta\u017c i ponowny monta\u017c w razie potrzeby.<\/p>\n<p>Gniazda mocuj\u0105ce z ko\u0142kami poprzecznymi s\u0105 powszechnie stosowane w zastosowaniach mechanicznych i motoryzacyjnych, a tak\u017ce w monta\u017cu mebli i innych bran\u017cach, w kt\u00f3rych wymagane jest bezpieczne i \u0142atwe do usuni\u0119cia po\u0142\u0105czenie.<\/p>\n<p><img fetchpriority=\"high\" decoding=\"async\" class=\"alignnone size-full wp-image-3309\" src=\"http:\/\/qingdaohf.com\/wp-content\/uploads\/2023\/04\/53-2.jpg\" alt=\"\" width=\"1200\" height=\"380\" srcset=\"https:\/\/qingdaohf.com\/wp-content\/uploads\/2023\/04\/53-2.jpg 1200w, https:\/\/qingdaohf.com\/wp-content\/uploads\/2023\/04\/53-2-300x95.jpg 300w, https:\/\/qingdaohf.com\/wp-content\/uploads\/2023\/04\/53-2-1024x324.jpg 1024w, https:\/\/qingdaohf.com\/wp-content\/uploads\/2023\/04\/53-2-768x243.jpg 768w, https:\/\/qingdaohf.com\/wp-content\/uploads\/2023\/04\/53-2-1000x317.jpg 1000w\" sizes=\"(max-width: 1200px) 100vw, 1200px\" \/><\/p>\n<h2>Gniazda mocuj\u0105ce z wygi\u0119tym ogonem<\/h2>\n<p>Gniazda z wygi\u0119tym trzpieniem odnosz\u0105 si\u0119 do gniazd, kt\u00f3re zosta\u0142y uszkodzone z powodu nadmiernej si\u0142y lub nacisku, powoduj\u0105c wygi\u0119cie lub nieprawid\u0142owe ustawienie trzpienia gniazda. Mo\u017ce to powodowa\u0107 problemy z po\u0142\u0105czeniem mi\u0119dzy gniazdem a gniazdkiem elektrycznym, skutkuj\u0105c s\u0142abym po\u0142\u0105czeniem, iskrzeniem, a nawet ryzykiem po\u017caru elektrycznego.<\/p>\n<p>Naprawianie gniazdek z wygi\u0119tymi ko\u0144c\u00f3wkami to powszechne zadanie zwi\u0105zane z naprawami elektrycznymi, kt\u00f3re wymaga podstawowej wiedzy na temat okablowania elektrycznego i procedur bezpiecze\u0144stwa. Je\u015bli nie jeste\u015b pewien swoich umiej\u0119tno\u015bci naprawy uszkodzonego gniazdka, najlepiej zatrudni\u0107 licencjonowanego elektryka, kt\u00f3ry wykona to zadanie za Ciebie.<\/p>\n<p>Je\u015bli jednak jeste\u015b w stanie sprosta\u0107 temu zadaniu, proces naprawy gniazda z wygi\u0119tym ogonem obejmuje kilka krok\u00f3w, w tym wy\u0142\u0105czenie zasilania gniazdka, usuni\u0119cie uszkodzonego gniazda, zast\u0105pienie go nowym gniazdem i przetestowanie po\u0142\u0105czenia, aby upewni\u0107 si\u0119, \u017ce dzia\u0142a prawid\u0142owo. Przestrzegaj\u0105c prawid\u0142owych procedur i \u015brodk\u00f3w ostro\u017cno\u015bci, mo\u017cna naprawi\u0107 uszkodzone gniazdo i zapewni\u0107 bezpiecze\u0144stwo instalacji elektrycznej.<\/p>\n<p><img decoding=\"async\" class=\"alignnone size-full wp-image-3310\" src=\"http:\/\/qingdaohf.com\/wp-content\/uploads\/2023\/04\/53-3.jpg\" alt=\"Gniazdo mocuj\u0105ce\" width=\"1200\" height=\"436\" srcset=\"https:\/\/qingdaohf.com\/wp-content\/uploads\/2023\/04\/53-3.jpg 1200w, https:\/\/qingdaohf.com\/wp-content\/uploads\/2023\/04\/53-3-300x109.jpg 300w, https:\/\/qingdaohf.com\/wp-content\/uploads\/2023\/04\/53-3-1024x372.jpg 1024w, https:\/\/qingdaohf.com\/wp-content\/uploads\/2023\/04\/53-3-768x279.jpg 768w, https:\/\/qingdaohf.com\/wp-content\/uploads\/2023\/04\/53-3-1000x363.jpg 1000w\" sizes=\"(max-width: 1200px) 100vw, 1200px\" \/><\/p>\n<h2>Gniazda mocuj\u0105ce z falistym ogonem<\/h2>\n<p>Gniazda mocuj\u0105ce z falistym ogonem to rodzaj akcesori\u00f3w do formowania betonu wykorzystywanych w projektach budowlanych. S\u0105 one zazwyczaj wykonane ze stali i s\u0142u\u017c\u0105 do mocowania paneli szalunkowych lub innych materia\u0142\u00f3w do formowania betonu podczas wylewania i wi\u0105zania betonu.<\/p>\n<p>Falista konstrukcja tych gniazd mocuj\u0105cych pozwala na \u0142atwe mocowanie i demonta\u017c paneli szalunkowych bez konieczno\u015bci stosowania dodatkowych narz\u0119dzi lub sprz\u0119tu. Ta cecha sprawia, \u017ce s\u0105 one szczeg\u00f3lnie przydatne w projektach, w kt\u00f3rych czas i wydajno\u015b\u0107 s\u0105 wa\u017cnymi czynnikami.<\/p>\n<p>Gniazda mocuj\u0105ce z falistym ogonem s\u0105 dost\u0119pne w r\u00f3\u017cnych rozmiarach i mog\u0105 by\u0107 u\u017cywane z r\u00f3\u017cnymi rodzajami system\u00f3w szalunkowych, w tym ze sklejk\u0105, stal\u0105 i aluminium. Zosta\u0142y one zaprojektowane w celu zapewnienia bezpiecznego i stabilnego po\u0142\u0105czenia mi\u0119dzy szalunkiem a konstrukcj\u0105 betonow\u0105, zapewniaj\u0105c, \u017ce produkt ko\u0144cowy jest mocny, trwa\u0142y i spe\u0142nia wszystkie niezb\u0119dne normy bezpiecze\u0144stwa.<\/p>\n<p><img decoding=\"async\" class=\"alignnone wp-image-3330 size-full\" src=\"http:\/\/qingdaohf.com\/wp-content\/uploads\/2023\/04\/54-1-1-e1681089645147.jpg\" alt=\"TAB\" width=\"1200\" height=\"432\" srcset=\"https:\/\/qingdaohf.com\/wp-content\/uploads\/2023\/04\/54-1-1-e1681089645147.jpg 1200w, https:\/\/qingdaohf.com\/wp-content\/uploads\/2023\/04\/54-1-1-e1681089645147-300x108.jpg 300w, https:\/\/qingdaohf.com\/wp-content\/uploads\/2023\/04\/54-1-1-e1681089645147-1024x369.jpg 1024w, https:\/\/qingdaohf.com\/wp-content\/uploads\/2023\/04\/54-1-1-e1681089645147-768x276.jpg 768w, https:\/\/qingdaohf.com\/wp-content\/uploads\/2023\/04\/54-1-1-e1681089645147-1000x360.jpg 1000w\" sizes=\"(max-width: 1200px) 100vw, 1200px\" \/><\/p>\n<h2 class=\"product_title entry-title elementor-heading-title elementor-size-default\">Gniazda mocuj\u0105ce Ko\u0142ek:<\/h2>\n<p class=\"product_title entry-title elementor-heading-title elementor-size-default\"><a href=\"https:\/\/qingdaohf.com\/pl\/produkt\/kolki-ustalajace\/\">Mo\u017cesz klikn\u0105\u0107 tutaj, aby wy\u015bwietli\u0107 szczeg\u00f3\u0142y Fixing Sockets Dowel.Fixing Sockets Dowel<\/a><\/p>\n<p><img loading=\"lazy\" decoding=\"async\" class=\"alignnone wp-image-3303 size-full\" src=\"http:\/\/qingdaohf.com\/wp-content\/uploads\/2023\/03\/\u672a\u6807\u9898-1-1.jpg\" alt=\"zak\u0142adka\" width=\"1200\" height=\"553\" srcset=\"https:\/\/qingdaohf.com\/wp-content\/uploads\/2023\/03\/\u672a\u6807\u9898-1-1.jpg 1200w, https:\/\/qingdaohf.com\/wp-content\/uploads\/2023\/03\/\u672a\u6807\u9898-1-1-300x138.jpg 300w, https:\/\/qingdaohf.com\/wp-content\/uploads\/2023\/03\/\u672a\u6807\u9898-1-1-1024x472.jpg 1024w, https:\/\/qingdaohf.com\/wp-content\/uploads\/2023\/03\/\u672a\u6807\u9898-1-1-768x354.jpg 768w, https:\/\/qingdaohf.com\/wp-content\/uploads\/2023\/03\/\u672a\u6807\u9898-1-1-1000x461.jpg 1000w\" sizes=\"(max-width: 1200px) 100vw, 1200px\" \/><\/p>","protected":false},"excerpt":{"rendered":"<p>Gniazda mocuj\u0105ce do formowania betonu to rodzaj akcesori\u00f3w budowlanych wykorzystywanych w procesie formowania betonu. Zazwyczaj s\u0105 one wykonane ze stali i s\u0142u\u017c\u0105 do mocowania paneli szalunkowych lub innych materia\u0142\u00f3w formuj\u0105cych na miejscu podczas wylewania i wi\u0105zania betonu.<\/p>","protected":false},"featured_media":3305,"comment_status":"open","ping_status":"closed","template":"","meta":{"site-sidebar-layout":"default","site-content-layout":"default","ast-site-content-layout":"default","site-content-style":"default","site-sidebar-style":"default","ast-global-header-display":"","ast-banner-title-visibility":"","ast-main-header-display":"","ast-hfb-above-header-display":"","ast-hfb-below-header-display":"","ast-hfb-mobile-header-display":"","site-post-title":"","ast-breadcrumbs-content":"","ast-featured-img":"","footer-sml-layout":"","theme-transparent-header-meta":"default","adv-header-id-meta":"","stick-header-meta":"default","header-above-stick-meta":"","header-main-stick-meta":"","header-below-stick-meta":"","astra-migrate-meta-layouts":"set","ast-page-background-enabled":"default","ast-page-background-meta":{"desktop":{"background-color":"","background-image":"","background-repeat":"repeat","background-position":"center center","background-size":"auto","background-attachment":"scroll","background-type":"","background-media":"","overlay-type":"","overlay-color":"","overlay-opacity":"","overlay-gradient":""},"tablet":{"background-color":"","background-image":"","background-repeat":"repeat","background-position":"center center","background-size":"auto","background-attachment":"scroll","background-type":"","background-media":"","overlay-type":"","overlay-color":"","overlay-opacity":"","overlay-gradient":""},"mobile":{"background-color":"","background-image":"","background-repeat":"repeat","background-position":"center center","background-size":"auto","background-attachment":"scroll","background-type":"","background-media":"","overlay-type":"","overlay-color":"","overlay-opacity":"","overlay-gradient":""}},"ast-content-background-meta":{"desktop":{"background-color":"var(--ast-global-color-5)","background-image":"","background-repeat":"repeat","background-position":"center center","background-size":"auto","background-attachment":"scroll","background-type":"","background-media":"","overlay-type":"","overlay-color":"","overlay-opacity":"","overlay-gradient":""},"tablet":{"background-color":"var(--ast-global-color-5)","background-image":"","background-repeat":"repeat","background-position":"center center","background-size":"auto","background-attachment":"scroll","background-type":"","background-media":"","overlay-type":"","overlay-color":"","overlay-opacity":"","overlay-gradient":""},"mobile":{"background-color":"var(--ast-global-color-5)","background-image":"","background-repeat":"repeat","background-position":"center center","background-size":"auto","background-attachment":"scroll","background-type":"","background-media":"","overlay-type":"","overlay-color":"","overlay-opacity":"","overlay-gradient":""}}},"product_brand":[],"product_cat":[28],"product_tag":[],"class_list":{"0":"post-3304","1":"product","2":"type-product","3":"status-publish","4":"has-post-thumbnail","6":"product_cat-concrete-forming","7":"desktop-align-left","8":"tablet-align-left","9":"mobile-align-left","10":"ast-product-gallery-layout-horizontal-slider","11":"ast-product-tabs-layout-horizontal","13":"first","14":"instock","15":"shipping-taxable","16":"purchasable","17":"product-type-simple"},"yoast_head":"<!-- This site is optimized with the Yoast SEO plugin v25.2 - https:\/\/yoast.com\/wordpress\/plugins\/seo\/ -->\n<title>Fixing Sockets with Cross Pin | Bent Tail | Wavy Tail<\/title>\n<meta name=\"description\" content=\"Fixing Sockets with Cross Pin\/Bent Tail\/Wavy TailConcrete forming fixing sockets are a type of construction accessory used in the concrete forming process. They are typically made of steel and used to secure formwork panels or other forming materials in place during the pouring and setting of concrete.\" \/>\n<meta name=\"robots\" content=\"index, follow, max-snippet:-1, max-image-preview:large, max-video-preview:-1\" \/>\n<link rel=\"canonical\" href=\"https:\/\/qingdaohf.com\/pl\/produkt\/gniazda-mocujace\/\" \/>\n<meta property=\"og:locale\" content=\"pl_PL\" \/>\n<meta property=\"og:type\" content=\"article\" \/>\n<meta property=\"og:title\" content=\"Fixing Sockets with Cross Pin | Bent Tail | Wavy Tail\" \/>\n<meta property=\"og:description\" content=\"Fixing Sockets with Cross Pin\/Bent Tail\/Wavy TailConcrete forming fixing sockets are a type of construction accessory used in the concrete forming process. They are typically made of steel and used to secure formwork panels or other forming materials in place during the pouring and setting of concrete.\" \/>\n<meta property=\"og:url\" content=\"https:\/\/qingdaohf.com\/pl\/produkt\/gniazda-mocujace\/\" \/>\n<meta property=\"og:site_name\" content=\"Concrete Form &amp; Rigging Hardware Supplier\" \/>\n<meta property=\"article:publisher\" content=\"https:\/\/www.facebook.com\/qingdaohf\" \/>\n<meta property=\"article:modified_time\" content=\"2025-11-13T01:05:30+00:00\" \/>\n<meta property=\"og:image\" content=\"https:\/\/qingdaohf.com\/wp-content\/uploads\/2023\/04\/Fixing-Socket-2.jpg\" \/>\n\t<meta property=\"og:image:width\" content=\"1000\" \/>\n\t<meta property=\"og:image:height\" content=\"1000\" \/>\n\t<meta property=\"og:image:type\" content=\"image\/jpeg\" \/>\n<meta name=\"twitter:card\" content=\"summary_large_image\" \/>\n<meta name=\"twitter:label1\" content=\"Szacowany czas czytania\" \/>\n\t<meta name=\"twitter:data1\" content=\"4 minuty\" \/>\n<script type=\"application\/ld+json\" class=\"yoast-schema-graph\">{\"@context\":\"https:\/\/schema.org\",\"@graph\":[{\"@type\":\"WebPage\",\"@id\":\"https:\/\/qingdaohf.com\/product\/fixing-sockets\/\",\"url\":\"https:\/\/qingdaohf.com\/product\/fixing-sockets\/\",\"name\":\"Fixing Sockets with Cross Pin | Bent Tail | Wavy Tail\",\"isPartOf\":{\"@id\":\"https:\/\/qingdaohf.com\/bg\/#website\"},\"primaryImageOfPage\":{\"@id\":\"https:\/\/qingdaohf.com\/product\/fixing-sockets\/#primaryimage\"},\"image\":{\"@id\":\"https:\/\/qingdaohf.com\/product\/fixing-sockets\/#primaryimage\"},\"thumbnailUrl\":\"https:\/\/qingdaohf.com\/wp-content\/uploads\/2023\/04\/Fixing-Socket-2.jpg\",\"datePublished\":\"2023-04-07T11:18:06+00:00\",\"dateModified\":\"2025-11-13T01:05:30+00:00\",\"description\":\"Fixing Sockets with Cross Pin\/Bent Tail\/Wavy TailConcrete forming fixing sockets are a type of construction accessory used in the concrete forming process. They are typically made of steel and used to secure formwork panels or other forming materials in place during the pouring and setting of concrete.\",\"breadcrumb\":{\"@id\":\"https:\/\/qingdaohf.com\/product\/fixing-sockets\/#breadcrumb\"},\"inLanguage\":\"pl-PL\",\"potentialAction\":[{\"@type\":\"ReadAction\",\"target\":[\"https:\/\/qingdaohf.com\/product\/fixing-sockets\/\"]}]},{\"@type\":\"ImageObject\",\"inLanguage\":\"pl-PL\",\"@id\":\"https:\/\/qingdaohf.com\/product\/fixing-sockets\/#primaryimage\",\"url\":\"https:\/\/qingdaohf.com\/wp-content\/uploads\/2023\/04\/Fixing-Socket-2.jpg\",\"contentUrl\":\"https:\/\/qingdaohf.com\/wp-content\/uploads\/2023\/04\/Fixing-Socket-2.jpg\",\"width\":1000,\"height\":1000,\"caption\":\"Fixing Socket\"},{\"@type\":\"BreadcrumbList\",\"@id\":\"https:\/\/qingdaohf.com\/product\/fixing-sockets\/#breadcrumb\",\"itemListElement\":[{\"@type\":\"ListItem\",\"position\":1,\"name\":\"Home\",\"item\":\"https:\/\/qingdaohf.com\/\"},{\"@type\":\"ListItem\",\"position\":2,\"name\":\"Concrete Forming Accessories and Rigging Hardware\",\"item\":\"https:\/\/qingdaohf.com\/bg\/?page_id=944\"},{\"@type\":\"ListItem\",\"position\":3,\"name\":\"Fixing Sockets with Cross Pin | Bent Tail | Wavy Tail\"}]},{\"@type\":\"WebSite\",\"@id\":\"https:\/\/qingdaohf.com\/bg\/#website\",\"url\":\"https:\/\/qingdaohf.com\/bg\/\",\"name\":\"Concrete Form & Rigging Hardware Supplier\",\"description\":\"\",\"publisher\":{\"@id\":\"https:\/\/qingdaohf.com\/bg\/#organization\"},\"potentialAction\":[{\"@type\":\"SearchAction\",\"target\":{\"@type\":\"EntryPoint\",\"urlTemplate\":\"https:\/\/qingdaohf.com\/bg\/?s={search_term_string}\"},\"query-input\":{\"@type\":\"PropertyValueSpecification\",\"valueRequired\":true,\"valueName\":\"search_term_string\"}}],\"inLanguage\":\"pl-PL\"},{\"@type\":\"Organization\",\"@id\":\"https:\/\/qingdaohf.com\/bg\/#organization\",\"name\":\"Qingdao H&F\",\"url\":\"https:\/\/qingdaohf.com\/bg\/\",\"logo\":{\"@type\":\"ImageObject\",\"inLanguage\":\"pl-PL\",\"@id\":\"https:\/\/qingdaohf.com\/bg\/#\/schema\/logo\/image\/\",\"url\":\"https:\/\/qingdaohf.com\/wp-content\/uploads\/2022\/12\/cropped-HF-LOGO.png\",\"contentUrl\":\"https:\/\/qingdaohf.com\/wp-content\/uploads\/2022\/12\/cropped-HF-LOGO.png\",\"width\":391,\"height\":249,\"caption\":\"Qingdao H&F\"},\"image\":{\"@id\":\"https:\/\/qingdaohf.com\/bg\/#\/schema\/logo\/image\/\"},\"sameAs\":[\"https:\/\/www.facebook.com\/qingdaohf\"]}]}<\/script>\n<!-- \/ Yoast SEO plugin. -->","yoast_head_json":{"title":"Fixing Sockets with Cross Pin | Bent Tail | Wavy Tail","description":"Fixing Sockets with Cross Pin\/Bent Tail\/Wavy TailConcrete forming fixing sockets are a type of construction accessory used in the concrete forming process. They are typically made of steel and used to secure formwork panels or other forming materials in place during the pouring and setting of concrete.","robots":{"index":"index","follow":"follow","max-snippet":"max-snippet:-1","max-image-preview":"max-image-preview:large","max-video-preview":"max-video-preview:-1"},"canonical":"https:\/\/qingdaohf.com\/pl\/produkt\/gniazda-mocujace\/","og_locale":"pl_PL","og_type":"article","og_title":"Fixing Sockets with Cross Pin | Bent Tail | Wavy Tail","og_description":"Fixing Sockets with Cross Pin\/Bent Tail\/Wavy TailConcrete forming fixing sockets are a type of construction accessory used in the concrete forming process. They are typically made of steel and used to secure formwork panels or other forming materials in place during the pouring and setting of concrete.","og_url":"https:\/\/qingdaohf.com\/pl\/produkt\/gniazda-mocujace\/","og_site_name":"Concrete Form &amp; Rigging Hardware Supplier","article_publisher":"https:\/\/www.facebook.com\/qingdaohf","article_modified_time":"2025-11-13T01:05:30+00:00","og_image":[{"width":1000,"height":1000,"url":"https:\/\/qingdaohf.com\/wp-content\/uploads\/2023\/04\/Fixing-Socket-2.jpg","type":"image\/jpeg"}],"twitter_card":"summary_large_image","twitter_misc":{"Szacowany czas czytania":"4 minuty"},"schema":{"@context":"https:\/\/schema.org","@graph":[{"@type":"WebPage","@id":"https:\/\/qingdaohf.com\/product\/fixing-sockets\/","url":"https:\/\/qingdaohf.com\/product\/fixing-sockets\/","name":"Fixing Sockets with Cross Pin | Bent Tail | Wavy Tail","isPartOf":{"@id":"https:\/\/qingdaohf.com\/bg\/#website"},"primaryImageOfPage":{"@id":"https:\/\/qingdaohf.com\/product\/fixing-sockets\/#primaryimage"},"image":{"@id":"https:\/\/qingdaohf.com\/product\/fixing-sockets\/#primaryimage"},"thumbnailUrl":"https:\/\/qingdaohf.com\/wp-content\/uploads\/2023\/04\/Fixing-Socket-2.jpg","datePublished":"2023-04-07T11:18:06+00:00","dateModified":"2025-11-13T01:05:30+00:00","description":"Fixing Sockets with Cross Pin\/Bent Tail\/Wavy TailConcrete forming fixing sockets are a type of construction accessory used in the concrete forming process. They are typically made of steel and used to secure formwork panels or other forming materials in place during the pouring and setting of concrete.","breadcrumb":{"@id":"https:\/\/qingdaohf.com\/product\/fixing-sockets\/#breadcrumb"},"inLanguage":"pl-PL","potentialAction":[{"@type":"ReadAction","target":["https:\/\/qingdaohf.com\/product\/fixing-sockets\/"]}]},{"@type":"ImageObject","inLanguage":"pl-PL","@id":"https:\/\/qingdaohf.com\/product\/fixing-sockets\/#primaryimage","url":"https:\/\/qingdaohf.com\/wp-content\/uploads\/2023\/04\/Fixing-Socket-2.jpg","contentUrl":"https:\/\/qingdaohf.com\/wp-content\/uploads\/2023\/04\/Fixing-Socket-2.jpg","width":1000,"height":1000,"caption":"Fixing Socket"},{"@type":"BreadcrumbList","@id":"https:\/\/qingdaohf.com\/product\/fixing-sockets\/#breadcrumb","itemListElement":[{"@type":"ListItem","position":1,"name":"Home","item":"https:\/\/qingdaohf.com\/"},{"@type":"ListItem","position":2,"name":"Concrete Forming Accessories and Rigging Hardware","item":"https:\/\/qingdaohf.com\/bg\/?page_id=944"},{"@type":"ListItem","position":3,"name":"Fixing Sockets with Cross Pin | Bent Tail | Wavy Tail"}]},{"@type":"WebSite","@id":"https:\/\/qingdaohf.com\/bg\/#website","url":"https:\/\/qingdaohf.com\/bg\/","name":"Concrete Form & Rigging Hardware Supplier","description":"","publisher":{"@id":"https:\/\/qingdaohf.com\/bg\/#organization"},"potentialAction":[{"@type":"SearchAction","target":{"@type":"EntryPoint","urlTemplate":"https:\/\/qingdaohf.com\/bg\/?s={search_term_string}"},"query-input":{"@type":"PropertyValueSpecification","valueRequired":true,"valueName":"search_term_string"}}],"inLanguage":"pl-PL"},{"@type":"Organization","@id":"https:\/\/qingdaohf.com\/bg\/#organization","name":"Qingdao H&F","url":"https:\/\/qingdaohf.com\/bg\/","logo":{"@type":"ImageObject","inLanguage":"pl-PL","@id":"https:\/\/qingdaohf.com\/bg\/#\/schema\/logo\/image\/","url":"https:\/\/qingdaohf.com\/wp-content\/uploads\/2022\/12\/cropped-HF-LOGO.png","contentUrl":"https:\/\/qingdaohf.com\/wp-content\/uploads\/2022\/12\/cropped-HF-LOGO.png","width":391,"height":249,"caption":"Qingdao H&F"},"image":{"@id":"https:\/\/qingdaohf.com\/bg\/#\/schema\/logo\/image\/"},"sameAs":["https:\/\/www.facebook.com\/qingdaohf"]}]}},"_links":{"self":[{"href":"https:\/\/qingdaohf.com\/pl\/wp-json\/wp\/v2\/product\/3304","targetHints":{"allow":["GET"]}}],"collection":[{"href":"https:\/\/qingdaohf.com\/pl\/wp-json\/wp\/v2\/product"}],"about":[{"href":"https:\/\/qingdaohf.com\/pl\/wp-json\/wp\/v2\/types\/product"}],"replies":[{"embeddable":true,"href":"https:\/\/qingdaohf.com\/pl\/wp-json\/wp\/v2\/comments?post=3304"}],"version-history":[{"count":2,"href":"https:\/\/qingdaohf.com\/pl\/wp-json\/wp\/v2\/product\/3304\/revisions"}],"predecessor-version":[{"id":7185,"href":"https:\/\/qingdaohf.com\/pl\/wp-json\/wp\/v2\/product\/3304\/revisions\/7185"}],"wp:featuredmedia":[{"embeddable":true,"href":"https:\/\/qingdaohf.com\/pl\/wp-json\/wp\/v2\/media\/3305"}],"wp:attachment":[{"href":"https:\/\/qingdaohf.com\/pl\/wp-json\/wp\/v2\/media?parent=3304"}],"wp:term":[{"taxonomy":"product_brand","embeddable":true,"href":"https:\/\/qingdaohf.com\/pl\/wp-json\/wp\/v2\/product_brand?post=3304"},{"taxonomy":"product_cat","embeddable":true,"href":"https:\/\/qingdaohf.com\/pl\/wp-json\/wp\/v2\/product_cat?post=3304"},{"taxonomy":"product_tag","embeddable":true,"href":"https:\/\/qingdaohf.com\/pl\/wp-json\/wp\/v2\/product_tag?post=3304"}],"curies":[{"name":"wp","href":"https:\/\/api.w.org\/{rel}","templated":true}]}}