{"id":3549,"date":"2023-04-10T18:57:14","date_gmt":"2023-04-10T10:57:14","guid":{"rendered":"http:\/\/qingdaohf.com\/?post_type=product&#038;p=3549"},"modified":"2025-11-13T09:05:13","modified_gmt":"2025-11-13T01:05:13","slug":"anchor-chain","status":"publish","type":"product","link":"https:\/\/qingdaohf.com\/pl\/produkt\/lancuch-kotwiczny\/","title":{"rendered":"\u0141a\u0144cuch kotwicy morskiej \u0141a\u0144cuch cumowniczy"},"content":{"rendered":"<h3><strong>Wprowadzenie do morskich \u0142a\u0144cuch\u00f3w kotwicznych<\/strong><\/h3>\n<p>W \u015bwiecie sprz\u0119tu morskiego \u0142a\u0144cuchy kotwiczne s\u0105 niezb\u0119dnymi komponentami u\u017cywanymi do stabilizacji i zabezpieczania statk\u00f3w podczas dokowania lub cumowania. \u0141a\u0144cuchy te stanowi\u0105 istotne ogniwo mi\u0119dzy statkiem a jego systemem kotwiczenia, zapewniaj\u0105c stabilno\u015b\u0107 nawet w niespokojnych warunkach morskich. Bior\u0105c pod uwag\u0119 znaczenie \u0142a\u0144cuch\u00f3w kotwicznych, szczeg\u00f3lnie w zastosowaniach cumowniczych, wa\u017cne jest, aby kupuj\u0105cy zrozumieli r\u00f3\u017cne rodzaje i korzy\u015bci, jakie zapewniaj\u0105. Morskie \u0142a\u0144cuchy kotwiczne, znane r\u00f3wnie\u017c jako \u0142a\u0144cuchy cumownicze, dziel\u0105 si\u0119 przede wszystkim na dwa rodzaje: \u0142a\u0144cuchy kotwiczne z ogniwami dwustronnymi i \u0142a\u0144cuchy kotwiczne bez ogniw dwustronnych. Typy te r\u00f3\u017cni\u0105 si\u0119 w zale\u017cno\u015bci od ich konstrukcji, trwa\u0142o\u015bci i zastosowa\u0144, a ka\u017cdy z nich oferuje r\u00f3\u017cne zalety w rozwi\u0105zaniach cumowniczych.<\/p>\n<h3><strong>Stud Link Anchor Chains: Struktura i zastosowania<\/strong><\/h3>\n<p><img fetchpriority=\"high\" decoding=\"async\" class=\"alignnone size-full wp-image-8170\" src=\"http:\/\/qingdaohf.com\/wp-content\/uploads\/2024\/10\/stud-link-anchor-chain_2.webp\" alt=\"\u0142a\u0144cuch kotwiczny z ogniwami dwustronnymi\" width=\"842\" height=\"1091\" srcset=\"https:\/\/qingdaohf.com\/wp-content\/uploads\/2024\/10\/stud-link-anchor-chain_2.webp 842w, https:\/\/qingdaohf.com\/wp-content\/uploads\/2024\/10\/stud-link-anchor-chain_2-232x300.webp 232w, https:\/\/qingdaohf.com\/wp-content\/uploads\/2024\/10\/stud-link-anchor-chain_2-790x1024.webp 790w, https:\/\/qingdaohf.com\/wp-content\/uploads\/2024\/10\/stud-link-anchor-chain_2-768x995.webp 768w, https:\/\/qingdaohf.com\/wp-content\/uploads\/2024\/10\/stud-link-anchor-chain_2-9x12.webp 9w\" sizes=\"(max-width: 842px) 100vw, 842px\" \/><\/p>\n<p>\u0141a\u0144cuchy kotwiczne z ogniwami dwustronnymi s\u0105 powszechnie znane w bran\u017cy morskiej ze wzgl\u0119du na ich wytrzyma\u0142o\u015b\u0107 i no\u015bno\u015b\u0107. Posiadaj\u0105 one metalowy pr\u0119t lub ko\u0142ek w poprzek ka\u017cdego ogniwa \u0142a\u0144cucha, kt\u00f3ry zapewnia dodatkow\u0105 stabilno\u015b\u0107. Taka konstrukcja minimalizuje odkszta\u0142cenia ogniw \u0142a\u0144cucha pod wp\u0142ywem napr\u0119\u017ce\u0144 i zwi\u0119ksza odporno\u015b\u0107 \u0142a\u0144cucha na skr\u0119canie, nawet przy du\u017cym napr\u0119\u017ceniu. Taka trwa\u0142o\u015b\u0107 sprawia, \u017ce \u0142a\u0144cuchy z ogniwami dwustronnymi s\u0105 preferowanym wyborem do ci\u0119\u017ckich zastosowa\u0144 morskich, szczeg\u00f3lnie na wi\u0119kszych statkach wymagaj\u0105cych znacznej si\u0142y trzymania.<\/p>\n<p>Konstrukcja \u0142a\u0144cucha kotwicznego z ogniwami dwustronnymi nie tylko zwi\u0119ksza jego \u017cywotno\u015b\u0107, ale tak\u017ce poprawia stosunek wytrzyma\u0142o\u015bci do masy. Wielu nabywc\u00f3w priorytetowo traktuje ten typ \u0142a\u0144cucha kotwicznego ze wzgl\u0119du na jego odporno\u015b\u0107 na intensywne warunki morskie, w tym warunki cumowania na g\u0142\u0119bokim morzu. Nabywcy rozwa\u017caj\u0105cy \u0142a\u0144cuchy z ogniwami dwustronnymi cz\u0119sto traktuj\u0105 priorytetowo testy produktu, wydajno\u015b\u0107 w ekstremalnych warunkach i zgodno\u015b\u0107 z morskimi normami bezpiecze\u0144stwa. W Qingdao H&amp;F rozumiemy te obawy i odpowiadamy na nie, przeprowadzaj\u0105c dok\u0142adne kontrole jako\u015bci, weryfikuj\u0105c obci\u0105\u017cenia pr\u00f3bne i dostarczaj\u0105c certyfikowane raporty z test\u00f3w.<\/p>\n<p>Na przyk\u0142ad nasze \u0142a\u0144cuchy kotwiczne z ogniwami dwustronnymi przechodz\u0105 rygorystyczne testy, kt\u00f3re spe\u0142niaj\u0105 lub przewy\u017cszaj\u0105 standardy certyfikacji morskiej. Proces ten zapewnia naszych nabywc\u00f3w, \u017ce ka\u017cdy \u0142a\u0144cuch zapewnia zar\u00f3wno trwa\u0142o\u015b\u0107, jak i niezawodno\u015b\u0107, ostatecznie zwi\u0119kszaj\u0105c bezpiecze\u0144stwo statku. Dzi\u0119ki naszej dedykowanej, indywidualnej obs\u0142udze klienta, upewniamy si\u0119, \u017ce nasi klienci w pe\u0142ni rozumiej\u0105 te specyfikacje techniczne i wybieraj\u0105 najlepszy typ \u0142a\u0144cucha dostosowany do ich potrzeb.<\/p>\n<h3><strong>Bezkolcowe \u0142a\u0144cuchy kotwi\u0105ce: Elastyczne i lekkie rozwi\u0105zanie<\/strong><\/h3>\n<p><img fetchpriority=\"high\" decoding=\"async\" class=\"alignnone size-full wp-image-8170\" src=\"http:\/\/qingdaohf.com\/wp-content\/uploads\/2024\/10\/stud-link-anchor-chain_2.webp\" alt=\"\u0142a\u0144cuch kotwiczny z ogniwami dwustronnymi\" width=\"842\" height=\"1091\" srcset=\"https:\/\/qingdaohf.com\/wp-content\/uploads\/2024\/10\/stud-link-anchor-chain_2.webp 842w, https:\/\/qingdaohf.com\/wp-content\/uploads\/2024\/10\/stud-link-anchor-chain_2-232x300.webp 232w, https:\/\/qingdaohf.com\/wp-content\/uploads\/2024\/10\/stud-link-anchor-chain_2-790x1024.webp 790w, https:\/\/qingdaohf.com\/wp-content\/uploads\/2024\/10\/stud-link-anchor-chain_2-768x995.webp 768w, https:\/\/qingdaohf.com\/wp-content\/uploads\/2024\/10\/stud-link-anchor-chain_2-9x12.webp 9w\" sizes=\"(max-width: 842px) 100vw, 842px\" \/><\/p>\n<p>Bezkolcowe \u0142a\u0144cuchy kotwiczne to kolejna popularna opcja w zastosowaniach cumowniczych, ceniona za elastyczno\u015b\u0107 i mniejsz\u0105 wag\u0119. \u0141a\u0144cuchy te pozbawione s\u0105 ogniw dwustronnych na ka\u017cdym ogniwie, dzi\u0119ki czemu ich konstrukcja jest prostsza i g\u0142adsza. Podczas gdy \u0142a\u0144cuchy z ogniwami dwustronnymi s\u0105 znane ze swojej wytrzyma\u0142o\u015bci, \u0142a\u0144cuchy kotwiczne bez ogniw dwustronnych oferuj\u0105 wi\u0119ksze mo\u017cliwo\u015bci adaptacji, dzi\u0119ki czemu idealnie nadaj\u0105 si\u0119 do zastosowa\u0144, w kt\u00f3rych najwa\u017cniejsza jest waga, takich jak mniejsze statki lub instalacje, w kt\u00f3rych zmniejszona waga \u0142a\u0144cucha zapewnia korzy\u015bci funkcjonalne.<\/p>\n<p>Brak ko\u0142k\u00f3w w ka\u017cdym ogniwie pozwala \u0142a\u0144cuchowi porusza\u0107 si\u0119 z mniejszym oporem i zapewnia doskona\u0142\u0105 elastyczno\u015b\u0107 w zmiennych warunkach morskich. Dla wielu nabywc\u00f3w elastyczno\u015b\u0107 ta jest kluczowym czynnikiem, szczeg\u00f3lnie podczas kotwiczenia mniejszych \u0142odzi, gdzie elastyczny \u0142a\u0144cuch kotwiczny jest bardzo korzystny. Kolejn\u0105 istotn\u0105 zalet\u0105 \u0142a\u0144cuch\u00f3w kotwicznych bezkolcowych jest ich mniejsze zapotrzebowanie na konserwacj\u0119. Dzi\u0119ki mniejszej liczbie element\u00f3w konstrukcyjnych wymagaj\u0105 one rzadszych przegl\u0105d\u00f3w i napraw w por\u00f3wnaniu do \u0142a\u0144cuch\u00f3w z ogniwami dwustronnymi, co czyni je z czasem op\u0142acaln\u0105 opcj\u0105.<\/p>\n<p>W Qingdao H&amp;F zdajemy sobie spraw\u0119, \u017ce bezkolcowe \u0142a\u0144cuchy kotwi\u0105ce mog\u0105 by\u0107 atrakcyjne dla nabywc\u00f3w poszukuj\u0105cych wydajno\u015bci zar\u00f3wno w zakresie wydajno\u015bci, jak i konserwacji. Nasze zaanga\u017cowanie w szybkie cykle dostaw zapewnia, \u017ce \u0142a\u0144cuchy te s\u0105 \u0142atwo dost\u0119pne, a nasze obszerne raporty z kontroli jako\u015bci dostarczaj\u0105 kupuj\u0105cym wszystkich niezb\u0119dnych informacji na temat trwa\u0142o\u015bci, obci\u0105\u017cenia pr\u00f3bnego i integralno\u015bci strukturalnej. Decyduj\u0105c si\u0119 na bezkolcowe \u0142a\u0144cuchy kotwi\u0105ce od nas, kupuj\u0105cy mog\u0105 \u015bmia\u0142o zainwestowa\u0107 w rozwi\u0105zanie \u0142a\u0144cuchowe, kt\u00f3re r\u00f3wnowa\u017cy wag\u0119, elastyczno\u015b\u0107 i efektywno\u015b\u0107 kosztow\u0105.<\/p>\n<h3><strong>Wyb\u00f3r \u0142a\u0144cucha kotwicznego odpowiedniego do potrzeb<\/strong><\/h3>\n<p>Je\u015bli chodzi o wyb\u00f3r mi\u0119dzy \u0142a\u0144cuchami kotwicznymi z ogniwami dwustronnymi a \u0142a\u0144cuchami kotwicznymi bez ogniw dwustronnych, kupuj\u0105cy musz\u0105 wzi\u0105\u0107 pod uwag\u0119 r\u00f3\u017cne czynniki, w tym rozmiar statku, zamierzone zastosowanie i warunki \u015brodowiskowe. Ka\u017cdy typ ma unikalne zalety, kt\u00f3re sprawiaj\u0105, \u017ce nadaje si\u0119 do okre\u015blonych scenariuszy. Wi\u0119ksze statki cz\u0119sto wymagaj\u0105 \u0142a\u0144cuch\u00f3w kotwicznych z ogniwami dwustronnymi ze wzgl\u0119du na ich wytrzyma\u0142o\u015b\u0107 i stabilno\u015b\u0107, podczas gdy mniejsze statki lub te wymagaj\u0105ce lekkich \u0142a\u0144cuch\u00f3w mog\u0105 bardziej skorzysta\u0107 z opcji \u0142a\u0144cucha bezkolcowego.<\/p>\n<p>Oba typy \u0142a\u0144cuch\u00f3w s\u0105 dost\u0119pne w r\u00f3\u017cnych specyfikacjach, aby dopasowa\u0107 je do r\u00f3\u017cnych rozmiar\u00f3w statk\u00f3w i wymaga\u0144 cumowniczych. Na przyk\u0142ad \u015brednica jest krytycznym czynnikiem przy okre\u015blaniu no\u015bno\u015bci i trwa\u0142o\u015bci \u0142a\u0144cucha. Typowy asortyment mo\u017ce obejmowa\u0107 \u0142a\u0144cuchy o \u015brednicach dostosowanych do r\u00f3\u017cnych klas statk\u00f3w, zapewniaj\u0105c kompatybilno\u015b\u0107 i optymaln\u0105 wydajno\u015b\u0107. W Qingdao H&amp;F nasz wyb\u00f3r \u0142a\u0144cuch\u00f3w kotwicznych zosta\u0142 zaprojektowany tak, aby zaspokoi\u0107 r\u00f3\u017cnorodne potrzeby nabywc\u00f3w, z mo\u017cliwo\u015bci\u0105 dostosowania do konkretnych wymaga\u0144 statku.<\/p>\n<p>Poza typem i rozmiarem \u0142a\u0144cucha, kupuj\u0105cy traktuj\u0105 priorytetowo r\u00f3wnie\u017c dodatkowe us\u0142ugi, kt\u00f3re mog\u0105 u\u0142atwi\u0107 im proces zakupu. W Qingdao H&amp;F wyr\u00f3\u017cniamy si\u0119 oferuj\u0105c indywidualne wsparcie dostosowane do unikalnych potrzeb ka\u017cdego klienta. Ta spersonalizowana us\u0142uga rozci\u0105ga si\u0119 od wst\u0119pnych konsultacji do pomocy po zakupie, zapewniaj\u0105c kupuj\u0105cym wgl\u0105d w specyfikacje \u0142a\u0144cucha, testy obci\u0105\u017cenia pr\u00f3bnego i obowi\u0105zuj\u0105ce certyfikaty. Nasi klienci mog\u0105 zaufa\u0107 naszemu zaanga\u017cowaniu w jako\u015b\u0107, poniewa\u017c ka\u017cdy produkt jest rygorystycznie testowany i weryfikowany przed wysy\u0142k\u0105, zapewniaj\u0105c zgodno\u015b\u0107 z mi\u0119dzynarodowymi standardami i spok\u00f3j ducha dla naszych nabywc\u00f3w.<\/p>\n<h3><strong>Wnioski<\/strong><\/h3>\n<p>Morskie \u0142a\u0144cuchy kotwiczne, zar\u00f3wno z ogniwami dwustronnymi, jak i bez nich, s\u0105 niezb\u0119dne do zapewnienia stabilno\u015bci statku podczas cumowania. \u0141a\u0144cuchy z ogniwami dwustronnymi, z ich dodatkow\u0105 stabilno\u015bci\u0105 i odporno\u015bci\u0105 na odkszta\u0142cenia, s\u0105 idealne dla wi\u0119kszych statk\u00f3w i wymagaj\u0105cych \u015brodowisk morskich. Z kolei bezkolcowe \u0142a\u0144cuchy kotwiczne oferuj\u0105 elastyczno\u015b\u0107, mniejsz\u0105 wag\u0119 i ni\u017csze koszty utrzymania, dzi\u0119ki czemu nadaj\u0105 si\u0119 do r\u00f3\u017cnych zastosowa\u0144, szczeg\u00f3lnie w przypadku mniejszych statk\u00f3w.<\/p>\n<p>Qingdao H&amp;F, zaufana marka w handlu sprz\u0119tem morskim, wnosi dwie dekady do\u015bwiadczenia, oferuj\u0105c niezawodne, wysokiej jako\u015bci \u0142a\u0144cuchy zaprojektowane tak, aby sprosta\u0107 r\u00f3\u017cnorodnym wymaganiom nabywc\u00f3w z bran\u017cy morskiej. Nasze zaanga\u017cowanie w obs\u0142ug\u0119 klienta, szybkie cykle dostaw i kompleksowe kontrole jako\u015bci stanowi\u0105 podstaw\u0119 naszych us\u0142ug, zapewniaj\u0105c ka\u017cdemu klientowi rozwi\u0105zanie \u0142a\u0144cuchowe spe\u0142niaj\u0105ce jego specyficzne potrzeby.<\/p>\n<p>W szybko zmieniaj\u0105cej si\u0119 bran\u017cy morskiej posiadanie niezawodnego partnera handlowego, kt\u00f3ry potrafi przewidywa\u0107 i zaspokaja\u0107 potrzeby klient\u00f3w, jest nieocenione. Wybieraj\u0105c Qingdao H&amp;F, kupuj\u0105cy zyskuj\u0105 nie tylko wysokiej jako\u015bci produkty, ale tak\u017ce partnerstwo, kt\u00f3re priorytetowo traktuje ich sukces i satysfakcj\u0119.<\/p>","protected":false},"excerpt":{"rendered":"<div class=\"flex-shrink-0 flex flex-col relative items-end\">\n<div class=\"pt-0\">\n<div class=\"gizmo-bot-avatar flex h-8 w-8 items-center justify-center overflow-hidden rounded-full\">\n<div class=\"relative p-1 rounded-sm flex items-center justify-center bg-token-main-surface-primary text-token-text-primary h-8 w-8\">Morskie \u0142a\u0144cuchy kotwiczne, cz\u0119sto okre\u015blane jako \u0142a\u0144cuchy cumownicze, odgrywaj\u0105 kluczow\u0105 rol\u0119 w bezpiecznym zabezpieczaniu statk\u00f3w podczas cumowania. Wyst\u0119puj\u0105 w dw\u00f3ch g\u0142\u00f3wnych typach: \u0142a\u0144cuchy kotwiczne z ogniwami dwustronnymi i \u0142a\u0144cuchy kotwiczne bez ogniw dwustronnych. Qingdao H&amp;F, z ponad 20-letnim do\u015bwiadczeniem w handlu mi\u0119dzynarodowym, rozumie potrzeby i priorytety nabywc\u00f3w sprz\u0119tu morskiego. Nasza indywidualna obs\u0142uga klienta zapewnia wsparcie dostosowane do indywidualnych potrzeb, a nasze usprawnione procesy gwarantuj\u0105 szybkie cykle dostaw. Dzi\u0119ki r\u00f3\u017cnorodnym raportom z kontroli jako\u015bci dostarczanym dla wszystkich naszych \u0142a\u0144cuch\u00f3w, pomagamy klientom podejmowa\u0107 \u015bwiadome decyzje zakupowe, wiedz\u0105c, \u017ce produkty, kt\u00f3re otrzymuj\u0105, s\u0105 testowane i weryfikowane pod k\u0105tem jako\u015bci i wydajno\u015bci.<\/div>\n<\/div>\n<\/div>\n<\/div>","protected":false},"featured_media":4709,"comment_status":"open","ping_status":"closed","template":"","meta":{"site-sidebar-layout":"default","site-content-layout":"default","ast-site-content-layout":"default","site-content-style":"default","site-sidebar-style":"default","ast-global-header-display":"","ast-banner-title-visibility":"","ast-main-header-display":"","ast-hfb-above-header-display":"","ast-hfb-below-header-display":"","ast-hfb-mobile-header-display":"","site-post-title":"","ast-breadcrumbs-content":"","ast-featured-img":"","footer-sml-layout":"","theme-transparent-header-meta":"default","adv-header-id-meta":"","stick-header-meta":"default","header-above-stick-meta":"","header-main-stick-meta":"","header-below-stick-meta":"","astra-migrate-meta-layouts":"set","ast-page-background-enabled":"default","ast-page-background-meta":{"desktop":{"background-color":"","background-image":"","background-repeat":"repeat","background-position":"center center","background-size":"auto","background-attachment":"scroll","background-type":"","background-media":"","overlay-type":"","overlay-color":"","overlay-opacity":"","overlay-gradient":""},"tablet":{"background-color":"","background-image":"","background-repeat":"repeat","background-position":"center center","background-size":"auto","background-attachment":"scroll","background-type":"","background-media":"","overlay-type":"","overlay-color":"","overlay-opacity":"","overlay-gradient":""},"mobile":{"background-color":"","background-image":"","background-repeat":"repeat","background-position":"center center","background-size":"auto","background-attachment":"scroll","background-type":"","background-media":"","overlay-type":"","overlay-color":"","overlay-opacity":"","overlay-gradient":""}},"ast-content-background-meta":{"desktop":{"background-color":"var(--ast-global-color-5)","background-image":"","background-repeat":"repeat","background-position":"center center","background-size":"auto","background-attachment":"scroll","background-type":"","background-media":"","overlay-type":"","overlay-color":"","overlay-opacity":"","overlay-gradient":""},"tablet":{"background-color":"var(--ast-global-color-5)","background-image":"","background-repeat":"repeat","background-position":"center center","background-size":"auto","background-attachment":"scroll","background-type":"","background-media":"","overlay-type":"","overlay-color":"","overlay-opacity":"","overlay-gradient":""},"mobile":{"background-color":"var(--ast-global-color-5)","background-image":"","background-repeat":"repeat","background-position":"center center","background-size":"auto","background-attachment":"scroll","background-type":"","background-media":"","overlay-type":"","overlay-color":"","overlay-opacity":"","overlay-gradient":""}}},"product_brand":[],"product_cat":[43,38],"product_tag":[],"class_list":{"0":"post-3549","1":"product","2":"type-product","3":"status-publish","4":"has-post-thumbnail","6":"product_cat-rigging-hardware","7":"product_cat-chain","8":"desktop-align-left","9":"tablet-align-left","10":"mobile-align-left","11":"ast-product-gallery-layout-horizontal-slider","12":"ast-product-tabs-layout-horizontal","14":"first","15":"instock","16":"shipping-taxable","17":"purchasable","18":"product-type-simple"},"yoast_head":"<!-- This site is optimized with the Yoast SEO plugin v25.2 - https:\/\/yoast.com\/wordpress\/plugins\/seo\/ -->\n<title>Marine Anchor Chain Mooring Chain<\/title>\n<meta name=\"description\" content=\"The anchor chain is an essential component of maritime equipment used in anchoring and securing a vessel.\" \/>\n<meta name=\"robots\" content=\"index, follow, max-snippet:-1, max-image-preview:large, max-video-preview:-1\" \/>\n<link rel=\"canonical\" href=\"https:\/\/qingdaohf.com\/pl\/produkt\/lancuch-kotwiczny\/\" \/>\n<meta property=\"og:locale\" content=\"pl_PL\" \/>\n<meta property=\"og:type\" content=\"article\" \/>\n<meta property=\"og:title\" content=\"Marine Anchor Chain Mooring Chain\" \/>\n<meta property=\"og:description\" content=\"The anchor chain is an essential component of maritime equipment used in anchoring and securing a vessel.\" \/>\n<meta property=\"og:url\" content=\"https:\/\/qingdaohf.com\/pl\/produkt\/lancuch-kotwiczny\/\" \/>\n<meta property=\"og:site_name\" content=\"Concrete Form &amp; Rigging Hardware Supplier\" \/>\n<meta property=\"article:publisher\" content=\"https:\/\/www.facebook.com\/qingdaohf\" \/>\n<meta property=\"article:modified_time\" content=\"2025-11-13T01:05:13+00:00\" \/>\n<meta property=\"og:image\" content=\"https:\/\/qingdaohf.com\/wp-content\/uploads\/2023\/04\/anchor-chain-2-2.jpg\" \/>\n\t<meta property=\"og:image:width\" content=\"1000\" \/>\n\t<meta property=\"og:image:height\" content=\"1000\" \/>\n\t<meta property=\"og:image:type\" content=\"image\/jpeg\" \/>\n<meta name=\"twitter:card\" content=\"summary_large_image\" \/>\n<meta name=\"twitter:label1\" content=\"Szacowany czas czytania\" \/>\n\t<meta name=\"twitter:data1\" content=\"5 minut\" \/>\n<script type=\"application\/ld+json\" class=\"yoast-schema-graph\">{\"@context\":\"https:\/\/schema.org\",\"@graph\":[{\"@type\":\"WebPage\",\"@id\":\"https:\/\/qingdaohf.com\/product\/anchor-chain\/\",\"url\":\"https:\/\/qingdaohf.com\/product\/anchor-chain\/\",\"name\":\"Marine Anchor Chain Mooring Chain\",\"isPartOf\":{\"@id\":\"https:\/\/qingdaohf.com\/bg\/#website\"},\"primaryImageOfPage\":{\"@id\":\"https:\/\/qingdaohf.com\/product\/anchor-chain\/#primaryimage\"},\"image\":{\"@id\":\"https:\/\/qingdaohf.com\/product\/anchor-chain\/#primaryimage\"},\"thumbnailUrl\":\"https:\/\/qingdaohf.com\/wp-content\/uploads\/2023\/04\/anchor-chain-2-2.jpg\",\"datePublished\":\"2023-04-10T10:57:14+00:00\",\"dateModified\":\"2025-11-13T01:05:13+00:00\",\"description\":\"The anchor chain is an essential component of maritime equipment used in anchoring and securing a vessel.\",\"breadcrumb\":{\"@id\":\"https:\/\/qingdaohf.com\/product\/anchor-chain\/#breadcrumb\"},\"inLanguage\":\"pl-PL\",\"potentialAction\":[{\"@type\":\"ReadAction\",\"target\":[\"https:\/\/qingdaohf.com\/product\/anchor-chain\/\"]}]},{\"@type\":\"ImageObject\",\"inLanguage\":\"pl-PL\",\"@id\":\"https:\/\/qingdaohf.com\/product\/anchor-chain\/#primaryimage\",\"url\":\"https:\/\/qingdaohf.com\/wp-content\/uploads\/2023\/04\/anchor-chain-2-2.jpg\",\"contentUrl\":\"https:\/\/qingdaohf.com\/wp-content\/uploads\/2023\/04\/anchor-chain-2-2.jpg\",\"width\":1000,\"height\":1000,\"caption\":\"anchor chain\"},{\"@type\":\"BreadcrumbList\",\"@id\":\"https:\/\/qingdaohf.com\/product\/anchor-chain\/#breadcrumb\",\"itemListElement\":[{\"@type\":\"ListItem\",\"position\":1,\"name\":\"Home\",\"item\":\"https:\/\/qingdaohf.com\/\"},{\"@type\":\"ListItem\",\"position\":2,\"name\":\"Concrete Forming Accessories and Rigging Hardware\",\"item\":\"https:\/\/qingdaohf.com\/bg\/?page_id=944\"},{\"@type\":\"ListItem\",\"position\":3,\"name\":\"Marine Anchor Chain Mooring Chain\"}]},{\"@type\":\"WebSite\",\"@id\":\"https:\/\/qingdaohf.com\/bg\/#website\",\"url\":\"https:\/\/qingdaohf.com\/bg\/\",\"name\":\"Concrete Form & Rigging Hardware Supplier\",\"description\":\"\",\"publisher\":{\"@id\":\"https:\/\/qingdaohf.com\/bg\/#organization\"},\"potentialAction\":[{\"@type\":\"SearchAction\",\"target\":{\"@type\":\"EntryPoint\",\"urlTemplate\":\"https:\/\/qingdaohf.com\/bg\/?s={search_term_string}\"},\"query-input\":{\"@type\":\"PropertyValueSpecification\",\"valueRequired\":true,\"valueName\":\"search_term_string\"}}],\"inLanguage\":\"pl-PL\"},{\"@type\":\"Organization\",\"@id\":\"https:\/\/qingdaohf.com\/bg\/#organization\",\"name\":\"Qingdao H&F\",\"url\":\"https:\/\/qingdaohf.com\/bg\/\",\"logo\":{\"@type\":\"ImageObject\",\"inLanguage\":\"pl-PL\",\"@id\":\"https:\/\/qingdaohf.com\/bg\/#\/schema\/logo\/image\/\",\"url\":\"https:\/\/qingdaohf.com\/wp-content\/uploads\/2022\/12\/cropped-HF-LOGO.png\",\"contentUrl\":\"https:\/\/qingdaohf.com\/wp-content\/uploads\/2022\/12\/cropped-HF-LOGO.png\",\"width\":391,\"height\":249,\"caption\":\"Qingdao H&F\"},\"image\":{\"@id\":\"https:\/\/qingdaohf.com\/bg\/#\/schema\/logo\/image\/\"},\"sameAs\":[\"https:\/\/www.facebook.com\/qingdaohf\"]}]}<\/script>\n<!-- \/ Yoast SEO plugin. -->","yoast_head_json":{"title":"Marine Anchor Chain Mooring Chain","description":"The anchor chain is an essential component of maritime equipment used in anchoring and securing a vessel.","robots":{"index":"index","follow":"follow","max-snippet":"max-snippet:-1","max-image-preview":"max-image-preview:large","max-video-preview":"max-video-preview:-1"},"canonical":"https:\/\/qingdaohf.com\/pl\/produkt\/lancuch-kotwiczny\/","og_locale":"pl_PL","og_type":"article","og_title":"Marine Anchor Chain Mooring Chain","og_description":"The anchor chain is an essential component of maritime equipment used in anchoring and securing a vessel.","og_url":"https:\/\/qingdaohf.com\/pl\/produkt\/lancuch-kotwiczny\/","og_site_name":"Concrete Form &amp; Rigging Hardware Supplier","article_publisher":"https:\/\/www.facebook.com\/qingdaohf","article_modified_time":"2025-11-13T01:05:13+00:00","og_image":[{"width":1000,"height":1000,"url":"https:\/\/qingdaohf.com\/wp-content\/uploads\/2023\/04\/anchor-chain-2-2.jpg","type":"image\/jpeg"}],"twitter_card":"summary_large_image","twitter_misc":{"Szacowany czas czytania":"5 minut"},"schema":{"@context":"https:\/\/schema.org","@graph":[{"@type":"WebPage","@id":"https:\/\/qingdaohf.com\/product\/anchor-chain\/","url":"https:\/\/qingdaohf.com\/product\/anchor-chain\/","name":"Marine Anchor Chain Mooring Chain","isPartOf":{"@id":"https:\/\/qingdaohf.com\/bg\/#website"},"primaryImageOfPage":{"@id":"https:\/\/qingdaohf.com\/product\/anchor-chain\/#primaryimage"},"image":{"@id":"https:\/\/qingdaohf.com\/product\/anchor-chain\/#primaryimage"},"thumbnailUrl":"https:\/\/qingdaohf.com\/wp-content\/uploads\/2023\/04\/anchor-chain-2-2.jpg","datePublished":"2023-04-10T10:57:14+00:00","dateModified":"2025-11-13T01:05:13+00:00","description":"The anchor chain is an essential component of maritime equipment used in anchoring and securing a vessel.","breadcrumb":{"@id":"https:\/\/qingdaohf.com\/product\/anchor-chain\/#breadcrumb"},"inLanguage":"pl-PL","potentialAction":[{"@type":"ReadAction","target":["https:\/\/qingdaohf.com\/product\/anchor-chain\/"]}]},{"@type":"ImageObject","inLanguage":"pl-PL","@id":"https:\/\/qingdaohf.com\/product\/anchor-chain\/#primaryimage","url":"https:\/\/qingdaohf.com\/wp-content\/uploads\/2023\/04\/anchor-chain-2-2.jpg","contentUrl":"https:\/\/qingdaohf.com\/wp-content\/uploads\/2023\/04\/anchor-chain-2-2.jpg","width":1000,"height":1000,"caption":"anchor chain"},{"@type":"BreadcrumbList","@id":"https:\/\/qingdaohf.com\/product\/anchor-chain\/#breadcrumb","itemListElement":[{"@type":"ListItem","position":1,"name":"Home","item":"https:\/\/qingdaohf.com\/"},{"@type":"ListItem","position":2,"name":"Concrete Forming Accessories and Rigging Hardware","item":"https:\/\/qingdaohf.com\/bg\/?page_id=944"},{"@type":"ListItem","position":3,"name":"Marine Anchor Chain Mooring Chain"}]},{"@type":"WebSite","@id":"https:\/\/qingdaohf.com\/bg\/#website","url":"https:\/\/qingdaohf.com\/bg\/","name":"Concrete Form & Rigging Hardware Supplier","description":"","publisher":{"@id":"https:\/\/qingdaohf.com\/bg\/#organization"},"potentialAction":[{"@type":"SearchAction","target":{"@type":"EntryPoint","urlTemplate":"https:\/\/qingdaohf.com\/bg\/?s={search_term_string}"},"query-input":{"@type":"PropertyValueSpecification","valueRequired":true,"valueName":"search_term_string"}}],"inLanguage":"pl-PL"},{"@type":"Organization","@id":"https:\/\/qingdaohf.com\/bg\/#organization","name":"Qingdao H&F","url":"https:\/\/qingdaohf.com\/bg\/","logo":{"@type":"ImageObject","inLanguage":"pl-PL","@id":"https:\/\/qingdaohf.com\/bg\/#\/schema\/logo\/image\/","url":"https:\/\/qingdaohf.com\/wp-content\/uploads\/2022\/12\/cropped-HF-LOGO.png","contentUrl":"https:\/\/qingdaohf.com\/wp-content\/uploads\/2022\/12\/cropped-HF-LOGO.png","width":391,"height":249,"caption":"Qingdao H&F"},"image":{"@id":"https:\/\/qingdaohf.com\/bg\/#\/schema\/logo\/image\/"},"sameAs":["https:\/\/www.facebook.com\/qingdaohf"]}]}},"_links":{"self":[{"href":"https:\/\/qingdaohf.com\/pl\/wp-json\/wp\/v2\/product\/3549","targetHints":{"allow":["GET"]}}],"collection":[{"href":"https:\/\/qingdaohf.com\/pl\/wp-json\/wp\/v2\/product"}],"about":[{"href":"https:\/\/qingdaohf.com\/pl\/wp-json\/wp\/v2\/types\/product"}],"replies":[{"embeddable":true,"href":"https:\/\/qingdaohf.com\/pl\/wp-json\/wp\/v2\/comments?post=3549"}],"version-history":[{"count":8,"href":"https:\/\/qingdaohf.com\/pl\/wp-json\/wp\/v2\/product\/3549\/revisions"}],"predecessor-version":[{"id":8096,"href":"https:\/\/qingdaohf.com\/pl\/wp-json\/wp\/v2\/product\/3549\/revisions\/8096"}],"wp:featuredmedia":[{"embeddable":true,"href":"https:\/\/qingdaohf.com\/pl\/wp-json\/wp\/v2\/media\/4709"}],"wp:attachment":[{"href":"https:\/\/qingdaohf.com\/pl\/wp-json\/wp\/v2\/media?parent=3549"}],"wp:term":[{"taxonomy":"product_brand","embeddable":true,"href":"https:\/\/qingdaohf.com\/pl\/wp-json\/wp\/v2\/product_brand?post=3549"},{"taxonomy":"product_cat","embeddable":true,"href":"https:\/\/qingdaohf.com\/pl\/wp-json\/wp\/v2\/product_cat?post=3549"},{"taxonomy":"product_tag","embeddable":true,"href":"https:\/\/qingdaohf.com\/pl\/wp-json\/wp\/v2\/product_tag?post=3549"}],"curies":[{"name":"wp","href":"https:\/\/api.w.org\/{rel}","templated":true}]}}