{"id":3772,"date":"2023-05-17T17:53:49","date_gmt":"2023-05-17T09:53:49","guid":{"rendered":"http:\/\/qingdaohf.com\/?post_type=product&#038;p=3772"},"modified":"2025-11-13T09:05:12","modified_gmt":"2025-11-13T01:05:12","slug":"stainless-steel-anchor-shackle-bow-shackle","status":"publish","type":"product","link":"https:\/\/qingdaohf.com\/pl\/produkt\/szekla-dziobowa-kotwicy-ze-stali-nierdzewnej\/","title":{"rendered":"Szekla kotwiczna ze stali nierdzewnej Szekla dziobowa"},"content":{"rendered":"<p>Szekla kotwiczna ze stali nierdzewnej to solidny i niezawodny sprz\u0119t wykorzystywany w r\u00f3\u017cnych bran\u017cach, w tym w przemy\u015ble morskim, budownictwie, takielunku i holowaniu. S\u0142u\u017cy jako krytyczne ogniwo do \u0142\u0105czenia \u0142a\u0144cuch\u00f3w, lin lub pas\u00f3w z punktami kotwiczenia, zapewniaj\u0105c bezpieczne i stabilne po\u0142\u0105czenie.<\/p>\n<p>Oto kilka kluczowych cech i zalet szekli kotwicznej ze stali nierdzewnej:<\/p>\n<ol>\n<li>Materia\u0142: Szekla jest wykonana z wysokiej jako\u015bci stali nierdzewnej, kt\u00f3ra zapewnia wyj\u0105tkow\u0105 odporno\u015b\u0107 na korozj\u0119, dzi\u0119ki czemu idealnie nadaje si\u0119 do zastosowa\u0144 morskich i zewn\u0119trznych. Stal nierdzewna zapewnia d\u0142ugowieczno\u015b\u0107 i trwa\u0142o\u015b\u0107, nawet w trudnych i korozyjnych warunkach.<\/li>\n<li>Konstrukcja: Szekla kotwiczna ma kszta\u0142t litery U z gwintowanym sworzniem lub \u015brub\u0105, kt\u00f3ra przechodzi przez oczka punktu kotwicznego lub ogniwa \u0142a\u0144cucha. Taka konstrukcja pozwala na bezpieczne mocowanie i szybki monta\u017c lub demonta\u017c w razie potrzeby.<\/li>\n<li>No\u015bno\u015b\u0107: Szekle kotwi\u0105ce s\u0105 dost\u0119pne w r\u00f3\u017cnych rozmiarach i maj\u0105 okre\u015blone limity obci\u0105\u017cenia roboczego (WLL), kt\u00f3re wskazuj\u0105 maksymalne obci\u0105\u017cenie, jakie mog\u0105 bezpiecznie przenosi\u0107. Kluczowe znaczenie ma wyb\u00f3r odpowiedniego rozmiaru szekli i WLL w oparciu o zamierzone wymagania dotycz\u0105ce obci\u0105\u017cenia, aby zapewni\u0107 bezpieczn\u0105 i niezawodn\u0105 prac\u0119.<\/li>\n<li>Bezpiecze\u0144stwo: Szekla kotwiczna jest zaprojektowana z funkcjami bezpiecze\u0144stwa, aby zapobiec przypadkowemu zwolnieniu. Zazwyczaj zawiera ona ko\u0142ek ustalaj\u0105cy lub mechanizm \u015brubowy, kt\u00f3ry zapewnia, \u017ce ko\u0142ek pozostaje bezpiecznie na miejscu, minimalizuj\u0105c ryzyko od\u0142\u0105czenia podczas operacji.<\/li>\n<li>Wszechstronno\u015b\u0107: Szekla kotwiczna jest bardzo wszechstronna i szeroko stosowana w wielu aplikacjach. Jest powszechnie stosowana do \u0142\u0105czenia \u0142a\u0144cuch\u00f3w kotwicznych na \u0142odziach, zabezpieczania ci\u0119\u017ckiego sprz\u0119tu lub \u0142adunk\u00f3w, a tak\u017ce jako istotny element w operacjach podnoszenia i olinowania.<\/li>\n<li>\u0141atwo\u015b\u0107 u\u017cycia: Konstrukcja szekli kotwicznej pozwala na prosty monta\u017c i demonta\u017c. Mo\u017cna j\u0105 szybko przewlec przez punkty kotwiczenia, \u0142a\u0144cuchy lub p\u0119tle, zapewniaj\u0105c niezawodne po\u0142\u0105czenie do r\u00f3\u017cnych zada\u0144.<br \/>\n<img fetchpriority=\"high\" decoding=\"async\" class=\"alignnone size-full wp-image-3778\" src=\"http:\/\/qingdaohf.com\/wp-content\/uploads\/2023\/05\/stainless-steel-anchor-shackle-2.jpg\" alt=\"Szekla kotwiczna ze stali nierdzewnej \" width=\"1000\" height=\"650\" srcset=\"https:\/\/qingdaohf.com\/wp-content\/uploads\/2023\/05\/stainless-steel-anchor-shackle-2.jpg 1000w, https:\/\/qingdaohf.com\/wp-content\/uploads\/2023\/05\/stainless-steel-anchor-shackle-2-300x195.jpg 300w, https:\/\/qingdaohf.com\/wp-content\/uploads\/2023\/05\/stainless-steel-anchor-shackle-2-768x499.jpg 768w\" sizes=\"(max-width: 1000px) 100vw, 1000px\" \/><\/li>\n<\/ol>","protected":false},"excerpt":{"rendered":"<p>Podczas korzystania z szekli kotwicznej ze stali nierdzewnej nale\u017cy bezwzgl\u0119dnie przestrzega\u0107 wytycznych dotycz\u0105cych bezpiecze\u0144stwa i standard\u00f3w bran\u017cowych. Regularna kontrola pod k\u0105tem oznak zu\u017cycia, deformacji lub uszkodze\u0144 jest niezb\u0119dna do zapewnienia optymalnej wydajno\u015bci i bezpiecze\u0144stwa.<\/p>","protected":false},"featured_media":3773,"comment_status":"open","ping_status":"closed","template":"","meta":{"site-sidebar-layout":"default","site-content-layout":"default","ast-site-content-layout":"","site-content-style":"default","site-sidebar-style":"default","ast-global-header-display":"","ast-banner-title-visibility":"","ast-main-header-display":"","ast-hfb-above-header-display":"","ast-hfb-below-header-display":"","ast-hfb-mobile-header-display":"","site-post-title":"","ast-breadcrumbs-content":"","ast-featured-img":"","footer-sml-layout":"","theme-transparent-header-meta":"default","adv-header-id-meta":"","stick-header-meta":"default","header-above-stick-meta":"","header-main-stick-meta":"","header-below-stick-meta":"","astra-migrate-meta-layouts":"default","ast-page-background-enabled":"default","ast-page-background-meta":{"desktop":{"background-color":"","background-image":"","background-repeat":"repeat","background-position":"center center","background-size":"auto","background-attachment":"scroll","background-type":"","background-media":"","overlay-type":"","overlay-color":"","overlay-opacity":"","overlay-gradient":""},"tablet":{"background-color":"","background-image":"","background-repeat":"repeat","background-position":"center center","background-size":"auto","background-attachment":"scroll","background-type":"","background-media":"","overlay-type":"","overlay-color":"","overlay-opacity":"","overlay-gradient":""},"mobile":{"background-color":"","background-image":"","background-repeat":"repeat","background-position":"center center","background-size":"auto","background-attachment":"scroll","background-type":"","background-media":"","overlay-type":"","overlay-color":"","overlay-opacity":"","overlay-gradient":""}},"ast-content-background-meta":{"desktop":{"background-color":"var(--ast-global-color-5)","background-image":"","background-repeat":"repeat","background-position":"center center","background-size":"auto","background-attachment":"scroll","background-type":"","background-media":"","overlay-type":"","overlay-color":"","overlay-opacity":"","overlay-gradient":""},"tablet":{"background-color":"var(--ast-global-color-5)","background-image":"","background-repeat":"repeat","background-position":"center center","background-size":"auto","background-attachment":"scroll","background-type":"","background-media":"","overlay-type":"","overlay-color":"","overlay-opacity":"","overlay-gradient":""},"mobile":{"background-color":"var(--ast-global-color-5)","background-image":"","background-repeat":"repeat","background-position":"center center","background-size":"auto","background-attachment":"scroll","background-type":"","background-media":"","overlay-type":"","overlay-color":"","overlay-opacity":"","overlay-gradient":""}}},"product_brand":[],"product_cat":[43,44,54],"product_tag":[],"class_list":{"0":"post-3772","1":"product","2":"type-product","3":"status-publish","4":"has-post-thumbnail","6":"product_cat-rigging-hardware","7":"product_cat-stainless-steel-poduct","8":"product_cat-shackle","9":"desktop-align-left","10":"tablet-align-left","11":"mobile-align-left","12":"ast-product-gallery-layout-horizontal-slider","13":"ast-product-tabs-layout-horizontal","15":"first","16":"instock","17":"shipping-taxable","18":"purchasable","19":"product-type-simple"},"yoast_head":"<!-- This site is optimized with the Yoast SEO plugin v25.2 - https:\/\/yoast.com\/wordpress\/plugins\/seo\/ -->\n<title>Stainless Steel Anchor Shackle Bow Shackle<\/title>\n<meta name=\"description\" content=\"It is crucial to adhere to safety guidelines and industry standards when using the Stainless Steel Anchor Shackle. Regular inspection for any signs of wear, deformation, or damage is essential to ensure optimal performance and safety.\" \/>\n<meta name=\"robots\" content=\"index, follow, max-snippet:-1, max-image-preview:large, max-video-preview:-1\" \/>\n<link rel=\"canonical\" href=\"https:\/\/qingdaohf.com\/pl\/produkt\/szekla-dziobowa-kotwicy-ze-stali-nierdzewnej\/\" \/>\n<meta property=\"og:locale\" content=\"pl_PL\" \/>\n<meta property=\"og:type\" content=\"article\" \/>\n<meta property=\"og:title\" content=\"Stainless Steel Anchor Shackle Bow Shackle\" \/>\n<meta property=\"og:description\" content=\"It is crucial to adhere to safety guidelines and industry standards when using the Stainless Steel Anchor Shackle. Regular inspection for any signs of wear, deformation, or damage is essential to ensure optimal performance and safety.\" \/>\n<meta property=\"og:url\" content=\"https:\/\/qingdaohf.com\/pl\/produkt\/szekla-dziobowa-kotwicy-ze-stali-nierdzewnej\/\" \/>\n<meta property=\"og:site_name\" content=\"Concrete Form &amp; Rigging Hardware Supplier\" \/>\n<meta property=\"article:publisher\" content=\"https:\/\/www.facebook.com\/qingdaohf\" \/>\n<meta property=\"article:modified_time\" content=\"2025-11-13T01:05:12+00:00\" \/>\n<meta property=\"og:image\" content=\"https:\/\/qingdaohf.com\/wp-content\/uploads\/2023\/05\/anchor-shackle-8.jpg\" \/>\n\t<meta property=\"og:image:width\" content=\"1000\" \/>\n\t<meta property=\"og:image:height\" content=\"1000\" \/>\n\t<meta property=\"og:image:type\" content=\"image\/jpeg\" \/>\n<meta name=\"twitter:card\" content=\"summary_large_image\" \/>\n<meta name=\"twitter:label1\" content=\"Szacowany czas czytania\" \/>\n\t<meta name=\"twitter:data1\" content=\"2 minuty\" \/>\n<script type=\"application\/ld+json\" class=\"yoast-schema-graph\">{\"@context\":\"https:\/\/schema.org\",\"@graph\":[{\"@type\":\"WebPage\",\"@id\":\"https:\/\/qingdaohf.com\/product\/stainless-steel-anchor-shackle-bow-shackle\/\",\"url\":\"https:\/\/qingdaohf.com\/product\/stainless-steel-anchor-shackle-bow-shackle\/\",\"name\":\"Stainless Steel Anchor Shackle Bow Shackle\",\"isPartOf\":{\"@id\":\"https:\/\/qingdaohf.com\/bg\/#website\"},\"primaryImageOfPage\":{\"@id\":\"https:\/\/qingdaohf.com\/product\/stainless-steel-anchor-shackle-bow-shackle\/#primaryimage\"},\"image\":{\"@id\":\"https:\/\/qingdaohf.com\/product\/stainless-steel-anchor-shackle-bow-shackle\/#primaryimage\"},\"thumbnailUrl\":\"https:\/\/qingdaohf.com\/wp-content\/uploads\/2023\/05\/anchor-shackle-8.jpg\",\"datePublished\":\"2023-05-17T09:53:49+00:00\",\"dateModified\":\"2025-11-13T01:05:12+00:00\",\"description\":\"It is crucial to adhere to safety guidelines and industry standards when using the Stainless Steel Anchor Shackle. Regular inspection for any signs of wear, deformation, or damage is essential to ensure optimal performance and safety.\",\"breadcrumb\":{\"@id\":\"https:\/\/qingdaohf.com\/product\/stainless-steel-anchor-shackle-bow-shackle\/#breadcrumb\"},\"inLanguage\":\"pl-PL\",\"potentialAction\":[{\"@type\":\"ReadAction\",\"target\":[\"https:\/\/qingdaohf.com\/product\/stainless-steel-anchor-shackle-bow-shackle\/\"]}]},{\"@type\":\"ImageObject\",\"inLanguage\":\"pl-PL\",\"@id\":\"https:\/\/qingdaohf.com\/product\/stainless-steel-anchor-shackle-bow-shackle\/#primaryimage\",\"url\":\"https:\/\/qingdaohf.com\/wp-content\/uploads\/2023\/05\/anchor-shackle-8.jpg\",\"contentUrl\":\"https:\/\/qingdaohf.com\/wp-content\/uploads\/2023\/05\/anchor-shackle-8.jpg\",\"width\":1000,\"height\":1000,\"caption\":\"anchor shackle\"},{\"@type\":\"BreadcrumbList\",\"@id\":\"https:\/\/qingdaohf.com\/product\/stainless-steel-anchor-shackle-bow-shackle\/#breadcrumb\",\"itemListElement\":[{\"@type\":\"ListItem\",\"position\":1,\"name\":\"Home\",\"item\":\"https:\/\/qingdaohf.com\/\"},{\"@type\":\"ListItem\",\"position\":2,\"name\":\"Concrete Forming Accessories and Rigging Hardware\",\"item\":\"https:\/\/qingdaohf.com\/bg\/?page_id=944\"},{\"@type\":\"ListItem\",\"position\":3,\"name\":\"Stainless Steel Anchor Shackle Bow Shackle\"}]},{\"@type\":\"WebSite\",\"@id\":\"https:\/\/qingdaohf.com\/bg\/#website\",\"url\":\"https:\/\/qingdaohf.com\/bg\/\",\"name\":\"Concrete Form & Rigging Hardware Supplier\",\"description\":\"\",\"publisher\":{\"@id\":\"https:\/\/qingdaohf.com\/bg\/#organization\"},\"potentialAction\":[{\"@type\":\"SearchAction\",\"target\":{\"@type\":\"EntryPoint\",\"urlTemplate\":\"https:\/\/qingdaohf.com\/bg\/?s={search_term_string}\"},\"query-input\":{\"@type\":\"PropertyValueSpecification\",\"valueRequired\":true,\"valueName\":\"search_term_string\"}}],\"inLanguage\":\"pl-PL\"},{\"@type\":\"Organization\",\"@id\":\"https:\/\/qingdaohf.com\/bg\/#organization\",\"name\":\"Qingdao H&F\",\"url\":\"https:\/\/qingdaohf.com\/bg\/\",\"logo\":{\"@type\":\"ImageObject\",\"inLanguage\":\"pl-PL\",\"@id\":\"https:\/\/qingdaohf.com\/bg\/#\/schema\/logo\/image\/\",\"url\":\"https:\/\/qingdaohf.com\/wp-content\/uploads\/2022\/12\/cropped-HF-LOGO.png\",\"contentUrl\":\"https:\/\/qingdaohf.com\/wp-content\/uploads\/2022\/12\/cropped-HF-LOGO.png\",\"width\":391,\"height\":249,\"caption\":\"Qingdao H&F\"},\"image\":{\"@id\":\"https:\/\/qingdaohf.com\/bg\/#\/schema\/logo\/image\/\"},\"sameAs\":[\"https:\/\/www.facebook.com\/qingdaohf\"]}]}<\/script>\n<!-- \/ Yoast SEO plugin. -->","yoast_head_json":{"title":"Stainless Steel Anchor Shackle Bow Shackle","description":"It is crucial to adhere to safety guidelines and industry standards when using the Stainless Steel Anchor Shackle. Regular inspection for any signs of wear, deformation, or damage is essential to ensure optimal performance and safety.","robots":{"index":"index","follow":"follow","max-snippet":"max-snippet:-1","max-image-preview":"max-image-preview:large","max-video-preview":"max-video-preview:-1"},"canonical":"https:\/\/qingdaohf.com\/pl\/produkt\/szekla-dziobowa-kotwicy-ze-stali-nierdzewnej\/","og_locale":"pl_PL","og_type":"article","og_title":"Stainless Steel Anchor Shackle Bow Shackle","og_description":"It is crucial to adhere to safety guidelines and industry standards when using the Stainless Steel Anchor Shackle. Regular inspection for any signs of wear, deformation, or damage is essential to ensure optimal performance and safety.","og_url":"https:\/\/qingdaohf.com\/pl\/produkt\/szekla-dziobowa-kotwicy-ze-stali-nierdzewnej\/","og_site_name":"Concrete Form &amp; Rigging Hardware Supplier","article_publisher":"https:\/\/www.facebook.com\/qingdaohf","article_modified_time":"2025-11-13T01:05:12+00:00","og_image":[{"width":1000,"height":1000,"url":"https:\/\/qingdaohf.com\/wp-content\/uploads\/2023\/05\/anchor-shackle-8.jpg","type":"image\/jpeg"}],"twitter_card":"summary_large_image","twitter_misc":{"Szacowany czas czytania":"2 minuty"},"schema":{"@context":"https:\/\/schema.org","@graph":[{"@type":"WebPage","@id":"https:\/\/qingdaohf.com\/product\/stainless-steel-anchor-shackle-bow-shackle\/","url":"https:\/\/qingdaohf.com\/product\/stainless-steel-anchor-shackle-bow-shackle\/","name":"Stainless Steel Anchor Shackle Bow Shackle","isPartOf":{"@id":"https:\/\/qingdaohf.com\/bg\/#website"},"primaryImageOfPage":{"@id":"https:\/\/qingdaohf.com\/product\/stainless-steel-anchor-shackle-bow-shackle\/#primaryimage"},"image":{"@id":"https:\/\/qingdaohf.com\/product\/stainless-steel-anchor-shackle-bow-shackle\/#primaryimage"},"thumbnailUrl":"https:\/\/qingdaohf.com\/wp-content\/uploads\/2023\/05\/anchor-shackle-8.jpg","datePublished":"2023-05-17T09:53:49+00:00","dateModified":"2025-11-13T01:05:12+00:00","description":"It is crucial to adhere to safety guidelines and industry standards when using the Stainless Steel Anchor Shackle. Regular inspection for any signs of wear, deformation, or damage is essential to ensure optimal performance and safety.","breadcrumb":{"@id":"https:\/\/qingdaohf.com\/product\/stainless-steel-anchor-shackle-bow-shackle\/#breadcrumb"},"inLanguage":"pl-PL","potentialAction":[{"@type":"ReadAction","target":["https:\/\/qingdaohf.com\/product\/stainless-steel-anchor-shackle-bow-shackle\/"]}]},{"@type":"ImageObject","inLanguage":"pl-PL","@id":"https:\/\/qingdaohf.com\/product\/stainless-steel-anchor-shackle-bow-shackle\/#primaryimage","url":"https:\/\/qingdaohf.com\/wp-content\/uploads\/2023\/05\/anchor-shackle-8.jpg","contentUrl":"https:\/\/qingdaohf.com\/wp-content\/uploads\/2023\/05\/anchor-shackle-8.jpg","width":1000,"height":1000,"caption":"anchor shackle"},{"@type":"BreadcrumbList","@id":"https:\/\/qingdaohf.com\/product\/stainless-steel-anchor-shackle-bow-shackle\/#breadcrumb","itemListElement":[{"@type":"ListItem","position":1,"name":"Home","item":"https:\/\/qingdaohf.com\/"},{"@type":"ListItem","position":2,"name":"Concrete Forming Accessories and Rigging Hardware","item":"https:\/\/qingdaohf.com\/bg\/?page_id=944"},{"@type":"ListItem","position":3,"name":"Stainless Steel Anchor Shackle Bow Shackle"}]},{"@type":"WebSite","@id":"https:\/\/qingdaohf.com\/bg\/#website","url":"https:\/\/qingdaohf.com\/bg\/","name":"Concrete Form & Rigging Hardware Supplier","description":"","publisher":{"@id":"https:\/\/qingdaohf.com\/bg\/#organization"},"potentialAction":[{"@type":"SearchAction","target":{"@type":"EntryPoint","urlTemplate":"https:\/\/qingdaohf.com\/bg\/?s={search_term_string}"},"query-input":{"@type":"PropertyValueSpecification","valueRequired":true,"valueName":"search_term_string"}}],"inLanguage":"pl-PL"},{"@type":"Organization","@id":"https:\/\/qingdaohf.com\/bg\/#organization","name":"Qingdao H&F","url":"https:\/\/qingdaohf.com\/bg\/","logo":{"@type":"ImageObject","inLanguage":"pl-PL","@id":"https:\/\/qingdaohf.com\/bg\/#\/schema\/logo\/image\/","url":"https:\/\/qingdaohf.com\/wp-content\/uploads\/2022\/12\/cropped-HF-LOGO.png","contentUrl":"https:\/\/qingdaohf.com\/wp-content\/uploads\/2022\/12\/cropped-HF-LOGO.png","width":391,"height":249,"caption":"Qingdao H&F"},"image":{"@id":"https:\/\/qingdaohf.com\/bg\/#\/schema\/logo\/image\/"},"sameAs":["https:\/\/www.facebook.com\/qingdaohf"]}]}},"_links":{"self":[{"href":"https:\/\/qingdaohf.com\/pl\/wp-json\/wp\/v2\/product\/3772","targetHints":{"allow":["GET"]}}],"collection":[{"href":"https:\/\/qingdaohf.com\/pl\/wp-json\/wp\/v2\/product"}],"about":[{"href":"https:\/\/qingdaohf.com\/pl\/wp-json\/wp\/v2\/types\/product"}],"replies":[{"embeddable":true,"href":"https:\/\/qingdaohf.com\/pl\/wp-json\/wp\/v2\/comments?post=3772"}],"version-history":[{"count":1,"href":"https:\/\/qingdaohf.com\/pl\/wp-json\/wp\/v2\/product\/3772\/revisions"}],"predecessor-version":[{"id":10430,"href":"https:\/\/qingdaohf.com\/pl\/wp-json\/wp\/v2\/product\/3772\/revisions\/10430"}],"wp:featuredmedia":[{"embeddable":true,"href":"https:\/\/qingdaohf.com\/pl\/wp-json\/wp\/v2\/media\/3773"}],"wp:attachment":[{"href":"https:\/\/qingdaohf.com\/pl\/wp-json\/wp\/v2\/media?parent=3772"}],"wp:term":[{"taxonomy":"product_brand","embeddable":true,"href":"https:\/\/qingdaohf.com\/pl\/wp-json\/wp\/v2\/product_brand?post=3772"},{"taxonomy":"product_cat","embeddable":true,"href":"https:\/\/qingdaohf.com\/pl\/wp-json\/wp\/v2\/product_cat?post=3772"},{"taxonomy":"product_tag","embeddable":true,"href":"https:\/\/qingdaohf.com\/pl\/wp-json\/wp\/v2\/product_tag?post=3772"}],"curies":[{"name":"wp","href":"https:\/\/api.w.org\/{rel}","templated":true}]}}