{"id":3812,"date":"2023-05-19T16:11:27","date_gmt":"2023-05-19T08:11:27","guid":{"rendered":"http:\/\/qingdaohf.com\/?post_type=product&#038;p=3812"},"modified":"2025-11-13T09:05:11","modified_gmt":"2025-11-13T01:05:11","slug":"g210-shackle","status":"publish","type":"product","link":"https:\/\/qingdaohf.com\/pl\/produkt\/szekla-g210\/","title":{"rendered":"G210 Galwanizowana szekla D"},"content":{"rendered":"<p><strong>1. Zapewnienie jako\u015bci:<\/strong> Deklaracja: Zapewniamy wyj\u0105tkow\u0105 jako\u015b\u0107 naszych szekli G210. Skrupulatnie pozyskujemy te produkty od uznanych na ca\u0142ym \u015bwiecie producent\u00f3w, zapewniaj\u0105c ich zgodno\u015b\u0107 z najwy\u017cszymi standardami bran\u017cowymi. Aby uzasadni\u0107 to zobowi\u0105zanie, zapewniamy okre\u015blone certyfikaty jako\u015bci, takie jak ISO 9001: 2015, gwarantuj\u0105ce jako\u015b\u0107 i niezawodno\u015b\u0107 ka\u017cdej szekli.<\/p>\n<p><strong>2. Konkurencyjne ceny:<\/strong> Deklaracja: W H&amp;F na nowo definiujemy przyst\u0119pno\u015b\u0107 cenow\u0105 bez uszczerbku dla jako\u015bci. Nasza rozleg\u0142a sie\u0107 i usprawniony \u0142a\u0144cuch dostaw pozwalaj\u0105 nam oferowa\u0107 najlepsze ceny hurtowe szekli G210 na ca\u0142ym \u015bwiecie. Skontaktuj si\u0119 z naszym zespo\u0142em sprzeda\u017cy, aby om\u00f3wi\u0107 swoje wymagania ilo\u015bciowe i skorzysta\u0107 ze spersonalizowanych rozwi\u0105za\u0144 cenowych, kt\u00f3re s\u0105 zgodne z ograniczeniami bud\u017cetowymi.<\/p>\n<p><strong>3. Dostosowanie i specyfikacje:<\/strong> Deklaracja: Uwolnij pe\u0142ny potencja\u0142 personalizacji z H&amp;F. Rozumiemy wyj\u0105tkowo\u015b\u0107 Twoich zastosowa\u0144, a nasza szekla G210 mo\u017ce by\u0107 dostosowana do Twoich dok\u0142adnych specyfikacji. Od wymiar\u00f3w po sk\u0142ad materia\u0142u, nasz do\u015bwiadczony zesp\u00f3\u0142 zapewnia, \u017ce ka\u017cda szekla jest idealnie dopasowana do r\u00f3\u017cnych wymaga\u0144.<\/p>\n<p><strong>4. Okre\u015blony czas realizacji i logistyka:<\/strong> Deklaracja: Czas jest najwa\u017cniejszy i priorytetem jest dla nas szybka dostawa. Czas realizacji naszych szekli G210 jest precyzyjnie dostosowany do Twoich potrzeb, z okre\u015blonymi ramami czasowymi opartymi na wielko\u015bci zam\u00f3wienia i wymaganiach dotycz\u0105cych personalizacji. Nasz sprawny zesp\u00f3\u0142 logistyczny zapewnia bezproblemow\u0105 wysy\u0142k\u0119, a informacje o \u015bledzeniu w czasie rzeczywistym s\u0105 zawsze na wyci\u0105gni\u0119cie r\u0119ki.<\/p>\n<p><strong>5. Wsparcie posprzeda\u017cowe:<\/strong> Deklaracja: Nasze zaanga\u017cowanie nie ko\u0144czy si\u0119 na zakupie. H&amp;F niez\u0142omnie wspiera nasze produkty, oferuj\u0105c niezr\u00f3wnane wsparcie posprzeda\u017cowe. Niezale\u017cnie od tego, czy potrzebujesz pomocy technicznej, ochrony gwarancyjnej czy us\u0142ug wymiany, nasz oddany zesp\u00f3\u0142 jest tutaj, aby rozwi\u0105za\u0107 Twoje obawy i zapewni\u0107 satysfakcj\u0119.<\/p>\n<p><strong>6. Normy \u015brodowiskowe i zgodno\u015bci:<\/strong> Deklaracja: Firma H&amp;F jest dumna z przestrzegania standard\u00f3w ochrony \u015brodowiska i zgodno\u015bci z przepisami. Nasze szekle G210 nie tylko spe\u0142niaj\u0105, ale i przewy\u017cszaj\u0105 \u015bwiatowe standardy bran\u017cowe. Procesy produkcyjne s\u0105 zgodne z etycznymi i przyjaznymi dla \u015brodowiska praktykami, dzi\u0119ki czemu doskonale wpisuj\u0105 si\u0119 w cele odpowiedzialno\u015bci korporacyjnej.<\/p>\n<div class=\"ast-oembed-container\" style=\"height: 100%;\"><iframe title=\"Kolekcja szekli H&amp;F G209 G210\" width=\"500\" height=\"281\" src=\"https:\/\/www.youtube.com\/embed\/f5c-7zVpoOE?feature=oembed\" frameborder=\"0\" allow=\"accelerometer; autoplay; clipboard-write; encrypted-media; gyroscope; picture-in-picture; web-share\" referrerpolicy=\"strict-origin-when-cross-origin\" allowfullscreen><\/iframe><\/div>\n<p><strong>Galwanizowane Wytrzyma\u0142o\u015b\u0107:<\/strong> Szekla G210 jest wykonana z wysokiej jako\u015bci stali i ocynkowana w celu zwi\u0119kszenia trwa\u0142o\u015bci. Ta pow\u0142oka ochronna nie tylko wzmacnia szekl\u0119 przed korozj\u0105, wyd\u0142u\u017caj\u0105c jej \u017cywotno\u015b\u0107, ale tak\u017ce zapewnia jej dzia\u0142anie w trudnych warunkach, w tym w zastosowaniach morskich i zewn\u0119trznych.<\/p>\n<p><strong>Solidna konstrukcja:<\/strong> Zaprojektowana, aby wytrzyma\u0107 du\u017ce obci\u0105\u017cenia, szekla G210 ma solidn\u0105 i kompaktow\u0105 konstrukcj\u0119. Ta cecha zwi\u0119ksza jej wszechstronno\u015b\u0107, pozwalaj\u0105c na zastosowanie jej w niezliczonej liczbie scenariuszy, od plac\u00f3w budowy po place wysy\u0142kowe.<\/p>\n<p><strong>Mechanizm zawleczki bezpiecze\u0144stwa:<\/strong> Wyposa\u017cona w sworze\u0144 zabezpieczaj\u0105cy szekla zapewnia dodatkow\u0105 warstw\u0119 bezpiecze\u0144stwa podczas pracy. Gwarantuje to, \u017ce \u0142adunek pozostaje bezpiecznie zamocowany, minimalizuj\u0105c ryzyko przypadkowego od\u0142\u0105czenia i promuj\u0105c bezpieczne \u015brodowisko pracy.<\/p>\n<p><strong>Wszechstronno\u015b\u0107 zastosowa\u0144:<\/strong> Niezale\u017cnie od tego, czy chodzi o podnoszenie sprz\u0119tu, zabezpieczanie \u0142adunku czy \u0142\u0105czenie zawiesi, ocynkowana szekla G210 doskonale sprawdza si\u0119 w r\u00f3\u017cnych zastosowaniach. Jej wszechstronno\u015b\u0107 i niezawodno\u015b\u0107 sprawiaj\u0105, \u017ce jest niezb\u0119dnym narz\u0119dziem w bran\u017cach wymagaj\u0105cych bezkompromisowej wydajno\u015bci.<\/p>\n<p><img fetchpriority=\"high\" decoding=\"async\" class=\"alignnone size-full wp-image-3813\" src=\"http:\/\/qingdaohf.com\/wp-content\/uploads\/2023\/05\/G209-G210-shackle.jpg\" alt=\"Szekla G209 G210\" width=\"1000\" height=\"1296\" srcset=\"https:\/\/qingdaohf.com\/wp-content\/uploads\/2023\/05\/G209-G210-shackle.jpg 1000w, https:\/\/qingdaohf.com\/wp-content\/uploads\/2023\/05\/G209-G210-shackle-231x300.jpg 231w, https:\/\/qingdaohf.com\/wp-content\/uploads\/2023\/05\/G209-G210-shackle-790x1024.jpg 790w, https:\/\/qingdaohf.com\/wp-content\/uploads\/2023\/05\/G209-G210-shackle-768x995.jpg 768w\" sizes=\"(max-width: 1000px) 100vw, 1000px\" \/><\/p>","protected":false},"excerpt":{"rendered":"<p>Witamy w Qingdao H&amp;F, zaufanym partnerze w zakresie szekli G210. Jako dostawca szekli z ponad 20-letnim do\u015bwiadczeniem, jeste\u015bmy dumni z dostarczania wysokiej jako\u015bci produkt\u00f3w w najlepszych cenach. Do\u015bwiadcz niezr\u00f3wnanej obs\u0142ugi klienta dzi\u0119ki naszemu indywidualnemu podej\u015bciu, zapewniaj\u0105c spe\u0142nienie okre\u015blonych wymaga\u0144. Nasze szekle G210, stworzone w oparciu o dziesi\u0119ciolecia wiedzy bran\u017cowej, zapewniaj\u0105 solidne i niezawodne rozwi\u0105zania. To, co nas wyr\u00f3\u017cnia, to opcja personalizacji, umo\u017cliwiaj\u0105ca dostosowanie szekli do konkretnych potrzeb. Wybierz Qingdao H&amp;F, aby uzyska\u0107 p\u0142ynn\u0105 sprzeda\u017c hurtow\u0105, w kt\u00f3rej przyst\u0119pna cena, jako\u015b\u0107 i spersonalizowana obs\u0142uga s\u0105 zbie\u017cne. Zaufaj nam, \u017ce spe\u0142nimy Twoje potrzeby w zakresie szekli z doskona\u0142o\u015bci\u0105 i zaanga\u017cowaniem.<\/p>","protected":false},"featured_media":6312,"comment_status":"open","ping_status":"closed","template":"","meta":{"site-sidebar-layout":"default","site-content-layout":"default","ast-site-content-layout":"default","site-content-style":"default","site-sidebar-style":"default","ast-global-header-display":"","ast-banner-title-visibility":"","ast-main-header-display":"","ast-hfb-above-header-display":"","ast-hfb-below-header-display":"","ast-hfb-mobile-header-display":"","site-post-title":"","ast-breadcrumbs-content":"","ast-featured-img":"","footer-sml-layout":"","theme-transparent-header-meta":"default","adv-header-id-meta":"","stick-header-meta":"default","header-above-stick-meta":"","header-main-stick-meta":"","header-below-stick-meta":"","astra-migrate-meta-layouts":"set","ast-page-background-enabled":"default","ast-page-background-meta":{"desktop":{"background-color":"","background-image":"","background-repeat":"repeat","background-position":"center center","background-size":"auto","background-attachment":"scroll","background-type":"","background-media":"","overlay-type":"","overlay-color":"","overlay-opacity":"","overlay-gradient":""},"tablet":{"background-color":"","background-image":"","background-repeat":"repeat","background-position":"center center","background-size":"auto","background-attachment":"scroll","background-type":"","background-media":"","overlay-type":"","overlay-color":"","overlay-opacity":"","overlay-gradient":""},"mobile":{"background-color":"","background-image":"","background-repeat":"repeat","background-position":"center center","background-size":"auto","background-attachment":"scroll","background-type":"","background-media":"","overlay-type":"","overlay-color":"","overlay-opacity":"","overlay-gradient":""}},"ast-content-background-meta":{"desktop":{"background-color":"var(--ast-global-color-5)","background-image":"","background-repeat":"repeat","background-position":"center center","background-size":"auto","background-attachment":"scroll","background-type":"","background-media":"","overlay-type":"","overlay-color":"","overlay-opacity":"","overlay-gradient":""},"tablet":{"background-color":"var(--ast-global-color-5)","background-image":"","background-repeat":"repeat","background-position":"center center","background-size":"auto","background-attachment":"scroll","background-type":"","background-media":"","overlay-type":"","overlay-color":"","overlay-opacity":"","overlay-gradient":""},"mobile":{"background-color":"var(--ast-global-color-5)","background-image":"","background-repeat":"repeat","background-position":"center center","background-size":"auto","background-attachment":"scroll","background-type":"","background-media":"","overlay-type":"","overlay-color":"","overlay-opacity":"","overlay-gradient":""}}},"product_brand":[],"product_cat":[54],"product_tag":[],"class_list":{"0":"post-3812","1":"product","2":"type-product","3":"status-publish","4":"has-post-thumbnail","6":"product_cat-shackle","7":"desktop-align-left","8":"tablet-align-left","9":"mobile-align-left","10":"ast-product-gallery-layout-horizontal-slider","11":"ast-product-tabs-layout-horizontal","13":"first","14":"instock","15":"shipping-taxable","16":"purchasable","17":"product-type-simple"},"yoast_head":"<!-- This site is optimized with the Yoast SEO plugin v25.2 - https:\/\/yoast.com\/wordpress\/plugins\/seo\/ -->\n<title>G210 Galvanized D Shackle<\/title>\n<meta name=\"description\" content=\"The primary purpose of the G210 Galvanized Shackle is to facilitate secure connections in lifting and rigging operations.\" \/>\n<meta name=\"robots\" content=\"index, follow, max-snippet:-1, max-image-preview:large, max-video-preview:-1\" \/>\n<link rel=\"canonical\" href=\"https:\/\/qingdaohf.com\/pl\/produkt\/szekla-g210\/\" \/>\n<meta property=\"og:locale\" content=\"pl_PL\" \/>\n<meta property=\"og:type\" content=\"article\" \/>\n<meta property=\"og:title\" content=\"G210 Galvanized D Shackle\" \/>\n<meta property=\"og:description\" content=\"The primary purpose of the G210 Galvanized Shackle is to facilitate secure connections in lifting and rigging operations.\" \/>\n<meta property=\"og:url\" content=\"https:\/\/qingdaohf.com\/pl\/produkt\/szekla-g210\/\" \/>\n<meta property=\"og:site_name\" content=\"Concrete Form &amp; Rigging Hardware Supplier\" \/>\n<meta property=\"article:publisher\" content=\"https:\/\/www.facebook.com\/qingdaohf\" \/>\n<meta property=\"article:modified_time\" content=\"2025-11-13T01:05:11+00:00\" \/>\n<meta property=\"og:image\" content=\"https:\/\/qingdaohf.com\/wp-content\/uploads\/2023\/05\/210-shackle.jpg\" \/>\n\t<meta property=\"og:image:width\" content=\"900\" \/>\n\t<meta property=\"og:image:height\" content=\"900\" \/>\n\t<meta property=\"og:image:type\" content=\"image\/jpeg\" \/>\n<meta name=\"twitter:card\" content=\"summary_large_image\" \/>\n<meta name=\"twitter:label1\" content=\"Szacowany czas czytania\" \/>\n\t<meta name=\"twitter:data1\" content=\"3 minuty\" \/>\n<script type=\"application\/ld+json\" class=\"yoast-schema-graph\">{\"@context\":\"https:\/\/schema.org\",\"@graph\":[{\"@type\":\"WebPage\",\"@id\":\"https:\/\/qingdaohf.com\/product\/g210-shackle\/\",\"url\":\"https:\/\/qingdaohf.com\/product\/g210-shackle\/\",\"name\":\"G210 Galvanized D Shackle\",\"isPartOf\":{\"@id\":\"https:\/\/qingdaohf.com\/bg\/#website\"},\"primaryImageOfPage\":{\"@id\":\"https:\/\/qingdaohf.com\/product\/g210-shackle\/#primaryimage\"},\"image\":{\"@id\":\"https:\/\/qingdaohf.com\/product\/g210-shackle\/#primaryimage\"},\"thumbnailUrl\":\"https:\/\/qingdaohf.com\/wp-content\/uploads\/2023\/05\/210-shackle.jpg\",\"datePublished\":\"2023-05-19T08:11:27+00:00\",\"dateModified\":\"2025-11-13T01:05:11+00:00\",\"description\":\"The primary purpose of the G210 Galvanized Shackle is to facilitate secure connections in lifting and rigging operations.\",\"breadcrumb\":{\"@id\":\"https:\/\/qingdaohf.com\/product\/g210-shackle\/#breadcrumb\"},\"inLanguage\":\"pl-PL\",\"potentialAction\":[{\"@type\":\"ReadAction\",\"target\":[\"https:\/\/qingdaohf.com\/product\/g210-shackle\/\"]}]},{\"@type\":\"ImageObject\",\"inLanguage\":\"pl-PL\",\"@id\":\"https:\/\/qingdaohf.com\/product\/g210-shackle\/#primaryimage\",\"url\":\"https:\/\/qingdaohf.com\/wp-content\/uploads\/2023\/05\/210-shackle.jpg\",\"contentUrl\":\"https:\/\/qingdaohf.com\/wp-content\/uploads\/2023\/05\/210-shackle.jpg\",\"width\":900,\"height\":900,\"caption\":\"210 D shackle\"},{\"@type\":\"BreadcrumbList\",\"@id\":\"https:\/\/qingdaohf.com\/product\/g210-shackle\/#breadcrumb\",\"itemListElement\":[{\"@type\":\"ListItem\",\"position\":1,\"name\":\"Home\",\"item\":\"https:\/\/qingdaohf.com\/\"},{\"@type\":\"ListItem\",\"position\":2,\"name\":\"Concrete Forming Accessories and Rigging Hardware\",\"item\":\"https:\/\/qingdaohf.com\/bg\/?page_id=944\"},{\"@type\":\"ListItem\",\"position\":3,\"name\":\"G210 Galvanized D Shackle\"}]},{\"@type\":\"WebSite\",\"@id\":\"https:\/\/qingdaohf.com\/bg\/#website\",\"url\":\"https:\/\/qingdaohf.com\/bg\/\",\"name\":\"Concrete Form & Rigging Hardware Supplier\",\"description\":\"\",\"publisher\":{\"@id\":\"https:\/\/qingdaohf.com\/bg\/#organization\"},\"potentialAction\":[{\"@type\":\"SearchAction\",\"target\":{\"@type\":\"EntryPoint\",\"urlTemplate\":\"https:\/\/qingdaohf.com\/bg\/?s={search_term_string}\"},\"query-input\":{\"@type\":\"PropertyValueSpecification\",\"valueRequired\":true,\"valueName\":\"search_term_string\"}}],\"inLanguage\":\"pl-PL\"},{\"@type\":\"Organization\",\"@id\":\"https:\/\/qingdaohf.com\/bg\/#organization\",\"name\":\"Qingdao H&F\",\"url\":\"https:\/\/qingdaohf.com\/bg\/\",\"logo\":{\"@type\":\"ImageObject\",\"inLanguage\":\"pl-PL\",\"@id\":\"https:\/\/qingdaohf.com\/bg\/#\/schema\/logo\/image\/\",\"url\":\"https:\/\/qingdaohf.com\/wp-content\/uploads\/2022\/12\/cropped-HF-LOGO.png\",\"contentUrl\":\"https:\/\/qingdaohf.com\/wp-content\/uploads\/2022\/12\/cropped-HF-LOGO.png\",\"width\":391,\"height\":249,\"caption\":\"Qingdao H&F\"},\"image\":{\"@id\":\"https:\/\/qingdaohf.com\/bg\/#\/schema\/logo\/image\/\"},\"sameAs\":[\"https:\/\/www.facebook.com\/qingdaohf\"]}]}<\/script>\n<!-- \/ Yoast SEO plugin. -->","yoast_head_json":{"title":"G210 Galvanized D Shackle","description":"The primary purpose of the G210 Galvanized Shackle is to facilitate secure connections in lifting and rigging operations.","robots":{"index":"index","follow":"follow","max-snippet":"max-snippet:-1","max-image-preview":"max-image-preview:large","max-video-preview":"max-video-preview:-1"},"canonical":"https:\/\/qingdaohf.com\/pl\/produkt\/szekla-g210\/","og_locale":"pl_PL","og_type":"article","og_title":"G210 Galvanized D Shackle","og_description":"The primary purpose of the G210 Galvanized Shackle is to facilitate secure connections in lifting and rigging operations.","og_url":"https:\/\/qingdaohf.com\/pl\/produkt\/szekla-g210\/","og_site_name":"Concrete Form &amp; Rigging Hardware Supplier","article_publisher":"https:\/\/www.facebook.com\/qingdaohf","article_modified_time":"2025-11-13T01:05:11+00:00","og_image":[{"width":900,"height":900,"url":"https:\/\/qingdaohf.com\/wp-content\/uploads\/2023\/05\/210-shackle.jpg","type":"image\/jpeg"}],"twitter_card":"summary_large_image","twitter_misc":{"Szacowany czas czytania":"3 minuty"},"schema":{"@context":"https:\/\/schema.org","@graph":[{"@type":"WebPage","@id":"https:\/\/qingdaohf.com\/product\/g210-shackle\/","url":"https:\/\/qingdaohf.com\/product\/g210-shackle\/","name":"G210 Galvanized D Shackle","isPartOf":{"@id":"https:\/\/qingdaohf.com\/bg\/#website"},"primaryImageOfPage":{"@id":"https:\/\/qingdaohf.com\/product\/g210-shackle\/#primaryimage"},"image":{"@id":"https:\/\/qingdaohf.com\/product\/g210-shackle\/#primaryimage"},"thumbnailUrl":"https:\/\/qingdaohf.com\/wp-content\/uploads\/2023\/05\/210-shackle.jpg","datePublished":"2023-05-19T08:11:27+00:00","dateModified":"2025-11-13T01:05:11+00:00","description":"The primary purpose of the G210 Galvanized Shackle is to facilitate secure connections in lifting and rigging operations.","breadcrumb":{"@id":"https:\/\/qingdaohf.com\/product\/g210-shackle\/#breadcrumb"},"inLanguage":"pl-PL","potentialAction":[{"@type":"ReadAction","target":["https:\/\/qingdaohf.com\/product\/g210-shackle\/"]}]},{"@type":"ImageObject","inLanguage":"pl-PL","@id":"https:\/\/qingdaohf.com\/product\/g210-shackle\/#primaryimage","url":"https:\/\/qingdaohf.com\/wp-content\/uploads\/2023\/05\/210-shackle.jpg","contentUrl":"https:\/\/qingdaohf.com\/wp-content\/uploads\/2023\/05\/210-shackle.jpg","width":900,"height":900,"caption":"210 D shackle"},{"@type":"BreadcrumbList","@id":"https:\/\/qingdaohf.com\/product\/g210-shackle\/#breadcrumb","itemListElement":[{"@type":"ListItem","position":1,"name":"Home","item":"https:\/\/qingdaohf.com\/"},{"@type":"ListItem","position":2,"name":"Concrete Forming Accessories and Rigging Hardware","item":"https:\/\/qingdaohf.com\/bg\/?page_id=944"},{"@type":"ListItem","position":3,"name":"G210 Galvanized D Shackle"}]},{"@type":"WebSite","@id":"https:\/\/qingdaohf.com\/bg\/#website","url":"https:\/\/qingdaohf.com\/bg\/","name":"Concrete Form & Rigging Hardware Supplier","description":"","publisher":{"@id":"https:\/\/qingdaohf.com\/bg\/#organization"},"potentialAction":[{"@type":"SearchAction","target":{"@type":"EntryPoint","urlTemplate":"https:\/\/qingdaohf.com\/bg\/?s={search_term_string}"},"query-input":{"@type":"PropertyValueSpecification","valueRequired":true,"valueName":"search_term_string"}}],"inLanguage":"pl-PL"},{"@type":"Organization","@id":"https:\/\/qingdaohf.com\/bg\/#organization","name":"Qingdao H&F","url":"https:\/\/qingdaohf.com\/bg\/","logo":{"@type":"ImageObject","inLanguage":"pl-PL","@id":"https:\/\/qingdaohf.com\/bg\/#\/schema\/logo\/image\/","url":"https:\/\/qingdaohf.com\/wp-content\/uploads\/2022\/12\/cropped-HF-LOGO.png","contentUrl":"https:\/\/qingdaohf.com\/wp-content\/uploads\/2022\/12\/cropped-HF-LOGO.png","width":391,"height":249,"caption":"Qingdao H&F"},"image":{"@id":"https:\/\/qingdaohf.com\/bg\/#\/schema\/logo\/image\/"},"sameAs":["https:\/\/www.facebook.com\/qingdaohf"]}]}},"_links":{"self":[{"href":"https:\/\/qingdaohf.com\/pl\/wp-json\/wp\/v2\/product\/3812","targetHints":{"allow":["GET"]}}],"collection":[{"href":"https:\/\/qingdaohf.com\/pl\/wp-json\/wp\/v2\/product"}],"about":[{"href":"https:\/\/qingdaohf.com\/pl\/wp-json\/wp\/v2\/types\/product"}],"replies":[{"embeddable":true,"href":"https:\/\/qingdaohf.com\/pl\/wp-json\/wp\/v2\/comments?post=3812"}],"version-history":[{"count":9,"href":"https:\/\/qingdaohf.com\/pl\/wp-json\/wp\/v2\/product\/3812\/revisions"}],"predecessor-version":[{"id":6289,"href":"https:\/\/qingdaohf.com\/pl\/wp-json\/wp\/v2\/product\/3812\/revisions\/6289"}],"wp:featuredmedia":[{"embeddable":true,"href":"https:\/\/qingdaohf.com\/pl\/wp-json\/wp\/v2\/media\/6312"}],"wp:attachment":[{"href":"https:\/\/qingdaohf.com\/pl\/wp-json\/wp\/v2\/media?parent=3812"}],"wp:term":[{"taxonomy":"product_brand","embeddable":true,"href":"https:\/\/qingdaohf.com\/pl\/wp-json\/wp\/v2\/product_brand?post=3812"},{"taxonomy":"product_cat","embeddable":true,"href":"https:\/\/qingdaohf.com\/pl\/wp-json\/wp\/v2\/product_cat?post=3812"},{"taxonomy":"product_tag","embeddable":true,"href":"https:\/\/qingdaohf.com\/pl\/wp-json\/wp\/v2\/product_tag?post=3812"}],"curies":[{"name":"wp","href":"https:\/\/api.w.org\/{rel}","templated":true}]}}