{"id":3822,"date":"2023-05-19T16:36:58","date_gmt":"2023-05-19T08:36:58","guid":{"rendered":"http:\/\/qingdaohf.com\/?post_type=product&#038;p=3822"},"modified":"2025-11-13T09:05:11","modified_gmt":"2025-11-13T01:05:11","slug":"g215-shackle","status":"publish","type":"product","link":"https:\/\/qingdaohf.com\/pl\/produkt\/g213-g215-szekla-ocynkowana\/","title":{"rendered":"Galwanizowana szekla G215"},"content":{"rendered":"<p class=\"\" data-start=\"525\" data-end=\"1183\">Szekla G215 uciele\u015bnia po\u0142\u0105czenie solidnej in\u017cynierii i wyrafinowanego kunsztu dostosowanego do r\u00f3\u017cnych zastosowa\u0144 przemys\u0142owych. Wykonany z dba\u0142o\u015bci\u0105 o szczeg\u00f3\u0142y, produkt ten zosta\u0142 opracowany w celu spe\u0142nienia rygorystycznych standard\u00f3w kontroli jako\u015bci, oferuj\u0105c jednocze\u015bnie praktyczne rozwi\u0105zanie dla z\u0142o\u017conych potrzeb olinowania. Zaprojektowana z my\u015bl\u0105 o odporno\u015bci, szekla G215 zapewnia wyj\u0105tkow\u0105 r\u00f3wnowag\u0119 mi\u0119dzy wytrzyma\u0142o\u015bci\u0105 na obci\u0105\u017cenia a wydajno\u015bci\u0105 operacyjn\u0105, odpowiadaj\u0105c na r\u00f3\u017cnorodne wyzwania napotykane w ci\u0119\u017ckich zadaniach. Jej konstrukcja odzwierciedla najnowsze osi\u0105gni\u0119cia w dziedzinie materia\u0142oznawstwa, zapewniaj\u0105c, \u017ce ka\u017cda jednostka dzia\u0142a niezawodnie w niesprzyjaj\u0105cych warunkach.<\/p>\n<h2 class=\"\" data-start=\"1185\" data-end=\"1223\">Specyfikacje i szczeg\u00f3\u0142y konstrukcyjne<\/h2>\n<p class=\"\" data-start=\"1224\" data-end=\"1898\">To akcesorium do olinowania jest wykonane g\u0142\u00f3wnie z najwy\u017cszej jako\u015bci stali stopowej, kt\u00f3ra nie tylko gwarantuje doskona\u0142y stosunek wytrzyma\u0142o\u015bci do masy, ale tak\u017ce zapewnia doskona\u0142\u0105 odporno\u015b\u0107 na zu\u017cycie i korozj\u0119. Szekla G215 zosta\u0142a zaprojektowana z precyzj\u0105, aby dostosowa\u0107 si\u0119 do okre\u015blonych no\u015bno\u015bci, kt\u00f3re odpowiadaj\u0105 r\u00f3\u017cnym wymaganiom operacyjnym. Jej wymiary i tolerancje zosta\u0142y rygorystycznie przetestowane i dopracowane, dzi\u0119ki czemu szekla dzia\u0142a optymalnie, nawet gdy jest poddawana powtarzalnym i du\u017cym obci\u0105\u017ceniom. In\u017cynieria stoj\u0105ca za tym produktem obejmuje zaawansowane elementy konstrukcyjne, kt\u00f3re minimalizuj\u0105 wszelkie potencjalne odkszta\u0142cenia pod obci\u0105\u017ceniem, zwi\u0119kszaj\u0105c w ten spos\u00f3b og\u00f3lne bezpiecze\u0144stwo i sp\u00f3jno\u015b\u0107 operacyjn\u0105.<\/p>\n<h2 class=\"\" data-start=\"1900\" data-end=\"1940\">Sk\u0142ad materia\u0142u i trwa\u0142o\u015b\u0107<\/h2>\n<p class=\"\" data-start=\"1941\" data-end=\"2764\">Podstaw\u0105 wydajno\u015bci szekli G215 jest jej doskona\u0142y sk\u0142ad materia\u0142owy. Wysokiej jako\u015bci stal stopowa wykorzystana do jej produkcji zosta\u0142a wybrana ze wzgl\u0119du na swoje wyj\u0105tkowe w\u0142a\u015bciwo\u015bci mechaniczne, w tym wysok\u0105 wytrzyma\u0142o\u015b\u0107 na rozci\u0105ganie i odporno\u015b\u0107 na degradacj\u0119 \u015brodowiskow\u0105. Ten wyb\u00f3r materia\u0142u przyczynia si\u0119 do imponuj\u0105cej trwa\u0142o\u015bci i d\u0142ugowieczno\u015bci szekli, nawet w obliczu zmiennych warunk\u00f3w pogodowych i nara\u017cenia na trudne warunki przemys\u0142owe. Dzi\u0119ki zastosowaniu nowoczesnych technik metalurgicznych, materia\u0142 ten nie tylko spe\u0142nia, ale i przewy\u017csza mi\u0119dzynarodowe standardy, dzi\u0119ki czemu szekla uzyska\u0142a liczne certyfikaty potwierdzaj\u0105ce jej jako\u015b\u0107 i niezawodno\u015b\u0107. Rygorystyczne testy kontroli jako\u015bci, przeprowadzane przez akredytowane organy, dodatkowo potwierdzaj\u0105 zdolno\u015b\u0107 szekli do utrzymania integralno\u015bci dzia\u0142ania przez d\u0142u\u017cszy czas u\u017cytkowania.<\/p>\n<h2 class=\"\" data-start=\"2766\" data-end=\"2799\">Zastosowanie i wykorzystanie w przemy\u015ble<\/h2>\n<p class=\"\" data-start=\"2800\" data-end=\"3604\">Wszechstronno\u015b\u0107 szekli G215 jest widoczna w jej szerokim zakresie zastosowa\u0144 w r\u00f3\u017cnych bran\u017cach. Specjali\u015bci z bran\u017cy budowlanej, morskiej i maszyn ci\u0119\u017ckich odkryli, \u017ce jej innowacyjna konstrukcja skutecznie spe\u0142nia krytyczne wymogi bezpiecze\u0144stwa i wymagania operacyjne. Jego precyzyjna konstrukcja umo\u017cliwia p\u0142ynn\u0105 integracj\u0119 z innymi komponentami olinowania, usprawniaj\u0105c w ten spos\u00f3b procesy i zmniejszaj\u0105c ryzyko awarii podczas intensywnych zada\u0144. W scenariuszach, w kt\u00f3rych niezawodno\u015b\u0107 jest najwa\u017cniejsza, szekla G215 wyr\u00f3\u017cnia si\u0119 jako produkt zapewniaj\u0105cy zar\u00f3wno bezpiecze\u0144stwo, jak i wydajno\u015b\u0107. Solidna konstrukcja produktu i zgodno\u015b\u0107 z globalnymi standardami daj\u0105 u\u017cytkownikom pewno\u015b\u0107, \u017ce poradzi on sobie z r\u00f3\u017cnymi wyzwaniami, od rutynowych operacji po najbardziej wymagaj\u0105ce projekty przemys\u0142owe.<\/p>\n<p><img fetchpriority=\"high\" decoding=\"async\" class=\"alignnone size-full wp-image-3828\" src=\"http:\/\/qingdaohf.com\/wp-content\/uploads\/2023\/05\/G213-G215.jpg\" alt=\"Szekla G213 G215\" width=\"1000\" height=\"1281\" srcset=\"https:\/\/qingdaohf.com\/wp-content\/uploads\/2023\/05\/G213-G215.jpg 1000w, https:\/\/qingdaohf.com\/wp-content\/uploads\/2023\/05\/G213-G215-234x300.jpg 234w, https:\/\/qingdaohf.com\/wp-content\/uploads\/2023\/05\/G213-G215-799x1024.jpg 799w, https:\/\/qingdaohf.com\/wp-content\/uploads\/2023\/05\/G213-G215-768x984.jpg 768w\" sizes=\"(max-width: 1000px) 100vw, 1000px\" \/><\/p>\n<h2 class=\"\" data-start=\"3606\" data-end=\"3644\">Zalety wsp\u00f3\u0142pracy z H&amp;F<\/h2>\n<p class=\"\" data-start=\"3645\" data-end=\"4834\">Je\u015bli chodzi o pozyskiwanie niezawodnego sprz\u0119tu do olinowania, wsp\u00f3\u0142praca z H&amp;F oferuje wyra\u017ane korzy\u015bci, kt\u00f3re wyr\u00f3\u017cniaj\u0105 firm\u0119. Kupuj\u0105cy doceniaj\u0105 kompleksowe wsparcie, od dost\u0119pno\u015bci bezp\u0142atnych pr\u00f3bek po indywidualn\u0105 obs\u0142ug\u0119 klienta, kt\u00f3ra spe\u0142nia indywidualne wymagania. Zaanga\u017cowanie H&amp;F w jako\u015b\u0107 i obs\u0142ug\u0119 jest widoczne w opcji dostawy \"od drzwi do drzwi\", kt\u00f3ra zapewnia terminowe i bezpieczne dostarczenie produkt\u00f3w. Chocia\u017c wiele produkt\u00f3w pochodzi od zewn\u0119trznych deweloper\u00f3w, H&amp;F utrzymuje rygorystyczny proces inspekcji i kontroli jako\u015bci, kt\u00f3ry gwarantuje, \u017ce ka\u017cda jednostka spe\u0142nia wymagane certyfikaty. Proaktywne podej\u015bcie firmy do obs\u0142ugi klienta i jej zaanga\u017cowanie w u\u0142atwianie niestandardowych rozwi\u0105za\u0144 pomaga budowa\u0107 trwa\u0142e relacje oparte na zaufaniu i wsp\u00f3lnym sukcesie. Klienci s\u0105 zaproszeni do zapoznania si\u0119 z mieszank\u0105 porad ekspert\u00f3w i innowacyjnych produkt\u00f3w, kt\u00f3re upraszczaj\u0105 z\u0142o\u017cono\u015b\u0107 olinowania przemys\u0142owego. D\u0105\u017cenie do doskona\u0142o\u015bci znajduje odzwierciedlenie w ka\u017cdym aspekcie us\u0142ug, zapewniaj\u0105c, \u017ce klienci otrzymuj\u0105 nie tylko wysokiej jako\u015bci produkt, taki jak szekla G215, ale tak\u017ce kompleksowy system wsparcia, kt\u00f3ry zwi\u0119ksza og\u00f3ln\u0105 wydajno\u015b\u0107 operacyjn\u0105.<\/p>\n<p class=\"\" data-start=\"4836\" data-end=\"5432\">Szczeg\u00f3\u0142owa analiza szekli G215 podkre\u015bla jej doskona\u0142\u0105 in\u017cynieri\u0119, wyj\u0105tkow\u0105 jako\u015b\u0107 materia\u0142\u00f3w i zgodno\u015b\u0107 z rygorystycznymi standardami jako\u015bci. Precyzyjna konstrukcja sprawia, \u017ce jest to preferowany wyb\u00f3r dla profesjonalist\u00f3w w sektorach wymagaj\u0105cych niezawodno\u015bci i wydajno\u015bci. Co wi\u0119cej, strategiczne zalety oferowane przez H&amp;F, w tym spersonalizowana obs\u0142uga klienta i wydajne systemy dostaw, wzmacniaj\u0105 warto\u015b\u0107 wyboru tego produktu. K\u0142ad\u0105c nacisk na bezpiecze\u0144stwo, trwa\u0142o\u015b\u0107 i wsparcie zorientowane na klienta, szekla G215 stanowi zaufane rozwi\u0105zanie dla nowoczesnego krajobrazu przemys\u0142owego.<\/p>","protected":false},"excerpt":{"rendered":"<p>Szekla G215 to precyzyjnie zaprojektowane akcesorium do olinowania, skrupulatnie zaprojektowane do ci\u0119\u017ckich zastosowa\u0144. Wykonana z wysokiej jako\u015bci stali stopowej i rygorystycznie przetestowana pod k\u0105tem jako\u015bci i bezpiecze\u0144stwa, szekla ta oferuje wyj\u0105tkow\u0105 trwa\u0142o\u015b\u0107 i niezawodno\u015b\u0107 w wymagaj\u0105cych \u015brodowiskach przemys\u0142owych. Wszechstronna konstrukcja i \u015bcis\u0142e przestrzeganie mi\u0119dzynarodowych certyfikat\u00f3w sprawiaj\u0105, \u017ce jest to idealny wyb\u00f3r dla profesjonalist\u00f3w poszukuj\u0105cych niezawodnej wydajno\u015bci i niestandardowych rozwi\u0105za\u0144.<\/p>","protected":false},"featured_media":6333,"comment_status":"open","ping_status":"closed","template":"","meta":{"site-sidebar-layout":"default","site-content-layout":"default","ast-site-content-layout":"default","site-content-style":"default","site-sidebar-style":"default","ast-global-header-display":"","ast-banner-title-visibility":"","ast-main-header-display":"","ast-hfb-above-header-display":"","ast-hfb-below-header-display":"","ast-hfb-mobile-header-display":"","site-post-title":"","ast-breadcrumbs-content":"","ast-featured-img":"","footer-sml-layout":"","theme-transparent-header-meta":"default","adv-header-id-meta":"","stick-header-meta":"default","header-above-stick-meta":"","header-main-stick-meta":"","header-below-stick-meta":"","astra-migrate-meta-layouts":"set","ast-page-background-enabled":"default","ast-page-background-meta":{"desktop":{"background-color":"","background-image":"","background-repeat":"repeat","background-position":"center center","background-size":"auto","background-attachment":"scroll","background-type":"","background-media":"","overlay-type":"","overlay-color":"","overlay-opacity":"","overlay-gradient":""},"tablet":{"background-color":"","background-image":"","background-repeat":"repeat","background-position":"center center","background-size":"auto","background-attachment":"scroll","background-type":"","background-media":"","overlay-type":"","overlay-color":"","overlay-opacity":"","overlay-gradient":""},"mobile":{"background-color":"","background-image":"","background-repeat":"repeat","background-position":"center center","background-size":"auto","background-attachment":"scroll","background-type":"","background-media":"","overlay-type":"","overlay-color":"","overlay-opacity":"","overlay-gradient":""}},"ast-content-background-meta":{"desktop":{"background-color":"var(--ast-global-color-5)","background-image":"","background-repeat":"repeat","background-position":"center center","background-size":"auto","background-attachment":"scroll","background-type":"","background-media":"","overlay-type":"","overlay-color":"","overlay-opacity":"","overlay-gradient":""},"tablet":{"background-color":"var(--ast-global-color-5)","background-image":"","background-repeat":"repeat","background-position":"center center","background-size":"auto","background-attachment":"scroll","background-type":"","background-media":"","overlay-type":"","overlay-color":"","overlay-opacity":"","overlay-gradient":""},"mobile":{"background-color":"var(--ast-global-color-5)","background-image":"","background-repeat":"repeat","background-position":"center center","background-size":"auto","background-attachment":"scroll","background-type":"","background-media":"","overlay-type":"","overlay-color":"","overlay-opacity":"","overlay-gradient":""}}},"product_brand":[],"product_cat":[43,54],"product_tag":[],"class_list":{"0":"post-3822","1":"product","2":"type-product","3":"status-publish","4":"has-post-thumbnail","6":"product_cat-rigging-hardware","7":"product_cat-shackle","8":"desktop-align-left","9":"tablet-align-left","10":"mobile-align-left","11":"ast-product-gallery-layout-horizontal-slider","12":"ast-product-gallery-with-no-image","13":"ast-product-tabs-layout-horizontal","15":"first","16":"instock","17":"shipping-taxable","18":"purchasable","19":"product-type-simple"},"yoast_head":"<!-- This site is optimized with the Yoast SEO plugin v25.2 - https:\/\/yoast.com\/wordpress\/plugins\/seo\/ -->\n<title>G215 Galvanized Shackle<\/title>\n<meta name=\"description\" content=\"The G213 Galvanized Shackle and G215 Galvanized Shackle are two types of shackles commonly used in rigging and lifting operations. These shackles provide a secure connection point between various components such as chains, slings, and wire ropes.\" \/>\n<meta name=\"robots\" content=\"index, follow, max-snippet:-1, max-image-preview:large, max-video-preview:-1\" \/>\n<link rel=\"canonical\" href=\"https:\/\/qingdaohf.com\/pl\/produkt\/g213-g215-szekla-ocynkowana\/\" \/>\n<meta property=\"og:locale\" content=\"pl_PL\" \/>\n<meta property=\"og:type\" content=\"article\" \/>\n<meta property=\"og:title\" content=\"G215 Galvanized Shackle\" \/>\n<meta property=\"og:description\" content=\"The G213 Galvanized Shackle and G215 Galvanized Shackle are two types of shackles commonly used in rigging and lifting operations. These shackles provide a secure connection point between various components such as chains, slings, and wire ropes.\" \/>\n<meta property=\"og:url\" content=\"https:\/\/qingdaohf.com\/pl\/produkt\/g213-g215-szekla-ocynkowana\/\" \/>\n<meta property=\"og:site_name\" content=\"Concrete Form &amp; Rigging Hardware Supplier\" \/>\n<meta property=\"article:publisher\" content=\"https:\/\/www.facebook.com\/qingdaohf\" \/>\n<meta property=\"article:modified_time\" content=\"2025-11-13T01:05:11+00:00\" \/>\n<meta property=\"og:image\" content=\"https:\/\/qingdaohf.com\/wp-content\/uploads\/2023\/05\/shackle-G215.jpg\" \/>\n\t<meta property=\"og:image:width\" content=\"1000\" \/>\n\t<meta property=\"og:image:height\" content=\"1000\" \/>\n\t<meta property=\"og:image:type\" content=\"image\/jpeg\" \/>\n<meta name=\"twitter:card\" content=\"summary_large_image\" \/>\n<meta name=\"twitter:label1\" content=\"Szacowany czas czytania\" \/>\n\t<meta name=\"twitter:data1\" content=\"4 minuty\" \/>\n<script type=\"application\/ld+json\" class=\"yoast-schema-graph\">{\"@context\":\"https:\/\/schema.org\",\"@graph\":[{\"@type\":\"WebPage\",\"@id\":\"https:\/\/qingdaohf.com\/product\/g215-shackle\/\",\"url\":\"https:\/\/qingdaohf.com\/product\/g215-shackle\/\",\"name\":\"G215 Galvanized Shackle\",\"isPartOf\":{\"@id\":\"https:\/\/qingdaohf.com\/bg\/#website\"},\"primaryImageOfPage\":{\"@id\":\"https:\/\/qingdaohf.com\/product\/g215-shackle\/#primaryimage\"},\"image\":{\"@id\":\"https:\/\/qingdaohf.com\/product\/g215-shackle\/#primaryimage\"},\"thumbnailUrl\":\"https:\/\/qingdaohf.com\/wp-content\/uploads\/2023\/05\/shackle-G215.jpg\",\"datePublished\":\"2023-05-19T08:36:58+00:00\",\"dateModified\":\"2025-11-13T01:05:11+00:00\",\"description\":\"The G213 Galvanized Shackle and G215 Galvanized Shackle are two types of shackles commonly used in rigging and lifting operations. These shackles provide a secure connection point between various components such as chains, slings, and wire ropes.\",\"breadcrumb\":{\"@id\":\"https:\/\/qingdaohf.com\/product\/g215-shackle\/#breadcrumb\"},\"inLanguage\":\"pl-PL\",\"potentialAction\":[{\"@type\":\"ReadAction\",\"target\":[\"https:\/\/qingdaohf.com\/product\/g215-shackle\/\"]}]},{\"@type\":\"ImageObject\",\"inLanguage\":\"pl-PL\",\"@id\":\"https:\/\/qingdaohf.com\/product\/g215-shackle\/#primaryimage\",\"url\":\"https:\/\/qingdaohf.com\/wp-content\/uploads\/2023\/05\/shackle-G215.jpg\",\"contentUrl\":\"https:\/\/qingdaohf.com\/wp-content\/uploads\/2023\/05\/shackle-G215.jpg\",\"width\":1000,\"height\":1000,\"caption\":\"shackle G215\"},{\"@type\":\"BreadcrumbList\",\"@id\":\"https:\/\/qingdaohf.com\/product\/g215-shackle\/#breadcrumb\",\"itemListElement\":[{\"@type\":\"ListItem\",\"position\":1,\"name\":\"Home\",\"item\":\"https:\/\/qingdaohf.com\/\"},{\"@type\":\"ListItem\",\"position\":2,\"name\":\"Concrete Forming Accessories and Rigging Hardware\",\"item\":\"https:\/\/qingdaohf.com\/bg\/?page_id=944\"},{\"@type\":\"ListItem\",\"position\":3,\"name\":\"G215 Galvanized Shackle\"}]},{\"@type\":\"WebSite\",\"@id\":\"https:\/\/qingdaohf.com\/bg\/#website\",\"url\":\"https:\/\/qingdaohf.com\/bg\/\",\"name\":\"Concrete Form & Rigging Hardware Supplier\",\"description\":\"\",\"publisher\":{\"@id\":\"https:\/\/qingdaohf.com\/bg\/#organization\"},\"potentialAction\":[{\"@type\":\"SearchAction\",\"target\":{\"@type\":\"EntryPoint\",\"urlTemplate\":\"https:\/\/qingdaohf.com\/bg\/?s={search_term_string}\"},\"query-input\":{\"@type\":\"PropertyValueSpecification\",\"valueRequired\":true,\"valueName\":\"search_term_string\"}}],\"inLanguage\":\"pl-PL\"},{\"@type\":\"Organization\",\"@id\":\"https:\/\/qingdaohf.com\/bg\/#organization\",\"name\":\"Qingdao H&F\",\"url\":\"https:\/\/qingdaohf.com\/bg\/\",\"logo\":{\"@type\":\"ImageObject\",\"inLanguage\":\"pl-PL\",\"@id\":\"https:\/\/qingdaohf.com\/bg\/#\/schema\/logo\/image\/\",\"url\":\"https:\/\/qingdaohf.com\/wp-content\/uploads\/2022\/12\/cropped-HF-LOGO.png\",\"contentUrl\":\"https:\/\/qingdaohf.com\/wp-content\/uploads\/2022\/12\/cropped-HF-LOGO.png\",\"width\":391,\"height\":249,\"caption\":\"Qingdao H&F\"},\"image\":{\"@id\":\"https:\/\/qingdaohf.com\/bg\/#\/schema\/logo\/image\/\"},\"sameAs\":[\"https:\/\/www.facebook.com\/qingdaohf\"]}]}<\/script>\n<!-- \/ Yoast SEO plugin. -->","yoast_head_json":{"title":"G215 Galvanized Shackle","description":"The G213 Galvanized Shackle and G215 Galvanized Shackle are two types of shackles commonly used in rigging and lifting operations. These shackles provide a secure connection point between various components such as chains, slings, and wire ropes.","robots":{"index":"index","follow":"follow","max-snippet":"max-snippet:-1","max-image-preview":"max-image-preview:large","max-video-preview":"max-video-preview:-1"},"canonical":"https:\/\/qingdaohf.com\/pl\/produkt\/g213-g215-szekla-ocynkowana\/","og_locale":"pl_PL","og_type":"article","og_title":"G215 Galvanized Shackle","og_description":"The G213 Galvanized Shackle and G215 Galvanized Shackle are two types of shackles commonly used in rigging and lifting operations. These shackles provide a secure connection point between various components such as chains, slings, and wire ropes.","og_url":"https:\/\/qingdaohf.com\/pl\/produkt\/g213-g215-szekla-ocynkowana\/","og_site_name":"Concrete Form &amp; Rigging Hardware Supplier","article_publisher":"https:\/\/www.facebook.com\/qingdaohf","article_modified_time":"2025-11-13T01:05:11+00:00","og_image":[{"width":1000,"height":1000,"url":"https:\/\/qingdaohf.com\/wp-content\/uploads\/2023\/05\/shackle-G215.jpg","type":"image\/jpeg"}],"twitter_card":"summary_large_image","twitter_misc":{"Szacowany czas czytania":"4 minuty"},"schema":{"@context":"https:\/\/schema.org","@graph":[{"@type":"WebPage","@id":"https:\/\/qingdaohf.com\/product\/g215-shackle\/","url":"https:\/\/qingdaohf.com\/product\/g215-shackle\/","name":"G215 Galvanized Shackle","isPartOf":{"@id":"https:\/\/qingdaohf.com\/bg\/#website"},"primaryImageOfPage":{"@id":"https:\/\/qingdaohf.com\/product\/g215-shackle\/#primaryimage"},"image":{"@id":"https:\/\/qingdaohf.com\/product\/g215-shackle\/#primaryimage"},"thumbnailUrl":"https:\/\/qingdaohf.com\/wp-content\/uploads\/2023\/05\/shackle-G215.jpg","datePublished":"2023-05-19T08:36:58+00:00","dateModified":"2025-11-13T01:05:11+00:00","description":"The G213 Galvanized Shackle and G215 Galvanized Shackle are two types of shackles commonly used in rigging and lifting operations. These shackles provide a secure connection point between various components such as chains, slings, and wire ropes.","breadcrumb":{"@id":"https:\/\/qingdaohf.com\/product\/g215-shackle\/#breadcrumb"},"inLanguage":"pl-PL","potentialAction":[{"@type":"ReadAction","target":["https:\/\/qingdaohf.com\/product\/g215-shackle\/"]}]},{"@type":"ImageObject","inLanguage":"pl-PL","@id":"https:\/\/qingdaohf.com\/product\/g215-shackle\/#primaryimage","url":"https:\/\/qingdaohf.com\/wp-content\/uploads\/2023\/05\/shackle-G215.jpg","contentUrl":"https:\/\/qingdaohf.com\/wp-content\/uploads\/2023\/05\/shackle-G215.jpg","width":1000,"height":1000,"caption":"shackle G215"},{"@type":"BreadcrumbList","@id":"https:\/\/qingdaohf.com\/product\/g215-shackle\/#breadcrumb","itemListElement":[{"@type":"ListItem","position":1,"name":"Home","item":"https:\/\/qingdaohf.com\/"},{"@type":"ListItem","position":2,"name":"Concrete Forming Accessories and Rigging Hardware","item":"https:\/\/qingdaohf.com\/bg\/?page_id=944"},{"@type":"ListItem","position":3,"name":"G215 Galvanized Shackle"}]},{"@type":"WebSite","@id":"https:\/\/qingdaohf.com\/bg\/#website","url":"https:\/\/qingdaohf.com\/bg\/","name":"Concrete Form & Rigging Hardware Supplier","description":"","publisher":{"@id":"https:\/\/qingdaohf.com\/bg\/#organization"},"potentialAction":[{"@type":"SearchAction","target":{"@type":"EntryPoint","urlTemplate":"https:\/\/qingdaohf.com\/bg\/?s={search_term_string}"},"query-input":{"@type":"PropertyValueSpecification","valueRequired":true,"valueName":"search_term_string"}}],"inLanguage":"pl-PL"},{"@type":"Organization","@id":"https:\/\/qingdaohf.com\/bg\/#organization","name":"Qingdao H&F","url":"https:\/\/qingdaohf.com\/bg\/","logo":{"@type":"ImageObject","inLanguage":"pl-PL","@id":"https:\/\/qingdaohf.com\/bg\/#\/schema\/logo\/image\/","url":"https:\/\/qingdaohf.com\/wp-content\/uploads\/2022\/12\/cropped-HF-LOGO.png","contentUrl":"https:\/\/qingdaohf.com\/wp-content\/uploads\/2022\/12\/cropped-HF-LOGO.png","width":391,"height":249,"caption":"Qingdao H&F"},"image":{"@id":"https:\/\/qingdaohf.com\/bg\/#\/schema\/logo\/image\/"},"sameAs":["https:\/\/www.facebook.com\/qingdaohf"]}]}},"_links":{"self":[{"href":"https:\/\/qingdaohf.com\/pl\/wp-json\/wp\/v2\/product\/3822","targetHints":{"allow":["GET"]}}],"collection":[{"href":"https:\/\/qingdaohf.com\/pl\/wp-json\/wp\/v2\/product"}],"about":[{"href":"https:\/\/qingdaohf.com\/pl\/wp-json\/wp\/v2\/types\/product"}],"replies":[{"embeddable":true,"href":"https:\/\/qingdaohf.com\/pl\/wp-json\/wp\/v2\/comments?post=3822"}],"version-history":[{"count":2,"href":"https:\/\/qingdaohf.com\/pl\/wp-json\/wp\/v2\/product\/3822\/revisions"}],"predecessor-version":[{"id":9455,"href":"https:\/\/qingdaohf.com\/pl\/wp-json\/wp\/v2\/product\/3822\/revisions\/9455"}],"wp:featuredmedia":[{"embeddable":true,"href":"https:\/\/qingdaohf.com\/pl\/wp-json\/wp\/v2\/media\/6333"}],"wp:attachment":[{"href":"https:\/\/qingdaohf.com\/pl\/wp-json\/wp\/v2\/media?parent=3822"}],"wp:term":[{"taxonomy":"product_brand","embeddable":true,"href":"https:\/\/qingdaohf.com\/pl\/wp-json\/wp\/v2\/product_brand?post=3822"},{"taxonomy":"product_cat","embeddable":true,"href":"https:\/\/qingdaohf.com\/pl\/wp-json\/wp\/v2\/product_cat?post=3822"},{"taxonomy":"product_tag","embeddable":true,"href":"https:\/\/qingdaohf.com\/pl\/wp-json\/wp\/v2\/product_tag?post=3822"}],"curies":[{"name":"wp","href":"https:\/\/api.w.org\/{rel}","templated":true}]}}