{"id":4005,"date":"2023-05-25T17:04:40","date_gmt":"2023-05-25T09:04:40","guid":{"rendered":"http:\/\/qingdaohf.com\/?post_type=product&#038;p=4005"},"modified":"2025-11-13T09:04:44","modified_gmt":"2025-11-13T01:04:44","slug":"wire-rope-clip","status":"publish","type":"product","link":"https:\/\/qingdaohf.com\/pl\/produkt\/zacisk-do-liny-stalowej\/","title":{"rendered":"Zaciski do lin stalowych"},"content":{"rendered":"<p><img fetchpriority=\"high\" decoding=\"async\" class=\"alignnone wp-image-9488 size-full\" src=\"http:\/\/qingdaohf.com\/wp-content\/uploads\/2025\/04\/Wire-Rope-Clips-2.jpg\" alt=\"Wire-Rope-Clips\" width=\"700\" height=\"364\" srcset=\"https:\/\/qingdaohf.com\/wp-content\/uploads\/2025\/04\/Wire-Rope-Clips-2.jpg 700w, https:\/\/qingdaohf.com\/wp-content\/uploads\/2025\/04\/Wire-Rope-Clips-2-300x156.jpg 300w, https:\/\/qingdaohf.com\/wp-content\/uploads\/2025\/04\/Wire-Rope-Clips-2-18x9.jpg 18w\" sizes=\"(max-width: 700px) 100vw, 700px\" \/><\/p>\n<div class=\"ast-oembed-container\" style=\"height: 100%;\"><iframe title=\"Klips do liny stalowej\" width=\"500\" height=\"281\" src=\"https:\/\/www.youtube.com\/embed\/ddJITaY1-Fc?feature=oembed\" frameborder=\"0\" allow=\"accelerometer; autoplay; clipboard-write; encrypted-media; gyroscope; picture-in-picture; web-share\" referrerpolicy=\"strict-origin-when-cross-origin\" allowfullscreen><\/iframe><\/div>\n<h3 data-sourcepos=\"7:1-7:61\"><strong>Bezkompromisowa jako\u015b\u0107 dla nieokie\u0142znanych wyzwa\u0144 przemys\u0142owych:<\/strong><\/h3>\n<ul data-sourcepos=\"7:1-10:0\">\n<li data-sourcepos=\"7:1-7:249\"><strong>Galwanizowane Wytrzyma\u0142o\u015b\u0107:<\/strong>\u00a0Nasze ocynkowane zaciski zapewniaj\u0105 solidn\u0105 odporno\u015b\u0107 na korozj\u0119 do og\u00f3lnego u\u017cytku na zewn\u0105trz, idealne do podnoszenia, olinowania i zabezpieczania. Op\u0142acalne i wszechstronne, zapewniaj\u0105 wyj\u0105tkow\u0105 warto\u015b\u0107 w codziennych operacjach.<\/li>\n<li data-sourcepos=\"8:1-8:322\"><strong>Stal nierdzewna Odporno\u015b\u0107 na starzenie:<\/strong> Klipsy ze stali nierdzewnej H&amp;F oferuj\u0105 niezr\u00f3wnan\u0105 odporno\u015b\u0107 na korozj\u0119 i niezachwian\u0105 wytrzyma\u0142o\u015b\u0107 w \u015brodowiskach, w kt\u00f3rych wyst\u0119puj\u0105 agresywne chemikalia, nara\u017cenie na dzia\u0142anie s\u0142onej wody lub wysokie wymagania bezpiecze\u0144stwa. Zbudowane, aby wytrzyma\u0107 najbardziej rygorystyczne warunki przemys\u0142owe, gwarantuj\u0105 d\u0142ugotrwa\u0142\u0105 niezawodno\u015b\u0107.<\/li>\n<li data-sourcepos=\"9:1-10:0\"><strong><a class=\"row-title\" href=\"http:\/\/qingdaohf.com\/wp-admin\/post.php?post=4018&amp;action=edit\">Dupleksowy zacisk linowy<\/a>:<\/strong> Gdy najwa\u017cniejsza jest doskona\u0142a si\u0142a trzymania i odporno\u015b\u0107 na zm\u0119czenie, zaciski linowe H&amp;F duplex staj\u0105 na wysoko\u015bci zadania. Ich konstrukcja z podw\u00f3jn\u0105 \u015brub\u0105 zapewnia wyj\u0105tkow\u0105 przyczepno\u015b\u0107, dzi\u0119ki czemu idealnie nadaj\u0105 si\u0119 do krytycznych zada\u0144 podnoszenia, obci\u0105\u017ce\u0144 dynamicznych i zastosowa\u0144 wymagaj\u0105cych dodatkowego bezpiecze\u0144stwa.<\/li>\n<\/ul>\n<h3>Parametry zacisku liny stalowej<\/h3>\n<p><img decoding=\"async\" class=\"alignnone size-full wp-image-4016\" src=\"http:\/\/qingdaohf.com\/wp-content\/uploads\/2023\/05\/wire-rope-clip-1.webp\" alt=\"zacisk do liny stalowej\" width=\"982\" height=\"368\" srcset=\"https:\/\/qingdaohf.com\/wp-content\/uploads\/2023\/05\/wire-rope-clip-1.webp 982w, https:\/\/qingdaohf.com\/wp-content\/uploads\/2023\/05\/wire-rope-clip-1-300x112.webp 300w, https:\/\/qingdaohf.com\/wp-content\/uploads\/2023\/05\/wire-rope-clip-1-768x288.webp 768w\" sizes=\"(max-width: 982px) 100vw, 982px\" \/>\u00a0<img decoding=\"async\" class=\"alignnone size-full wp-image-4017\" src=\"http:\/\/qingdaohf.com\/wp-content\/uploads\/2023\/05\/wire-rope-clip-1.jpg\" alt=\"zacisk do liny stalowej\" width=\"1000\" height=\"1082\" srcset=\"https:\/\/qingdaohf.com\/wp-content\/uploads\/2023\/05\/wire-rope-clip-1.jpg 1000w, https:\/\/qingdaohf.com\/wp-content\/uploads\/2023\/05\/wire-rope-clip-1-277x300.jpg 277w, https:\/\/qingdaohf.com\/wp-content\/uploads\/2023\/05\/wire-rope-clip-1-946x1024.jpg 946w, https:\/\/qingdaohf.com\/wp-content\/uploads\/2023\/05\/wire-rope-clip-1-768x831.jpg 768w\" sizes=\"(max-width: 1000px) 100vw, 1000px\" \/> <img loading=\"lazy\" decoding=\"async\" class=\"alignnone size-full wp-image-4014\" src=\"http:\/\/qingdaohf.com\/wp-content\/uploads\/2023\/05\/wire-rope-clip-2.jpg\" alt=\"zacisk do liny stalowej\" width=\"1000\" height=\"817\" srcset=\"https:\/\/qingdaohf.com\/wp-content\/uploads\/2023\/05\/wire-rope-clip-2.jpg 1000w, https:\/\/qingdaohf.com\/wp-content\/uploads\/2023\/05\/wire-rope-clip-2-300x245.jpg 300w, https:\/\/qingdaohf.com\/wp-content\/uploads\/2023\/05\/wire-rope-clip-2-768x627.jpg 768w\" sizes=\"(max-width: 1000px) 100vw, 1000px\" \/><\/p>\n<h3>Dlaczego warto wybra\u0107 nas?<\/h3>\n<p>Najwy\u017csza jako\u015b\u0107: Nasze zaciski do lin stalowych s\u0105 starannie wykonane przy u\u017cyciu najlepszych materia\u0142\u00f3w, zapewniaj\u0105c trwa\u0142o\u015b\u0107, niezawodno\u015b\u0107 i bezpiecze\u0144stwo. Przestrzegamy surowych standard\u00f3w kontroli jako\u015bci, gwarantuj\u0105c, \u017ce ka\u017cdy produkt spe\u0142nia lub przekracza przepisy bran\u017cowe.<\/p>\n<p>Wszechstronne zastosowania: Niezale\u017cnie od tego, czy chodzi o zastosowania budowlane, morskie, lotnicze czy przemys\u0142owe, nasze zaciski do lin stalowych s\u0105 zaprojektowane do obs\u0142ugi szerokiego zakresu zada\u0144, zapewniaj\u0105c bezpieczne i wydajne rozwi\u0105zania olinowania.<\/p>\n<p>Zaufana reputacja: Przez lata zdobyli\u015bmy zaufanie i lojalno\u015b\u0107 niezliczonych klient\u00f3w, kt\u00f3rzy polegaj\u0105 na naszych zaciskach do lin stalowych w swoich krytycznych zastosowaniach. Nasza reputacja \u015bwiadczy o jako\u015bci i niezawodno\u015bci naszych produkt\u00f3w.<\/p>\n<p>Bezpiecze\u0144stwo przede wszystkim: Bezpiecze\u0144stwo jest naszym najwy\u017cszym priorytetem. Nasze zaciski do lin stalowych przechodz\u0105 rygorystyczne testy i s\u0105 zgodne z bran\u017cowymi normami bezpiecze\u0144stwa, aby zapewni\u0107 naszym klientom spok\u00f3j ducha.<\/p>\n<p>Rozwi\u0105zania dostosowane do potrzeb: Rozumiemy, \u017ce ka\u017cdy projekt ma unikalne wymagania. Nasz zesp\u00f3\u0142 \u015bci\u015ble z Tob\u0105 wsp\u00f3\u0142pracuje, aby zapewni\u0107 dostosowane rozwi\u0105zania, kt\u00f3re najlepiej pasuj\u0105 do konkretnego zastosowania, zapewniaj\u0105c optymalne wyniki.<\/p>\n<p>Podej\u015bcie zorientowane na klienta: Nasi klienci s\u0105 w centrum wszystkiego, co robimy. Jeste\u015bmy dumni z naszej wyj\u0105tkowej obs\u0142ugi klienta, przejrzystej komunikacji i ch\u0119ci do\u0142o\u017cenia wszelkich stara\u0144, aby spe\u0142ni\u0107 Twoje potrzeby.<\/p>","protected":false},"excerpt":{"rendered":"<p>Zacisk linowy i zacisk to powszechnie stosowane urz\u0105dzenie sprz\u0119towe do zabezpieczania ko\u0144c\u00f3w lin stalowych lub kabli. Zapewnia mocne i niezawodne po\u0142\u0105czenie, zapobiegaj\u0105c ze\u015blizgiwaniu si\u0119 lub rozpl\u0105tywaniu liny stalowej.<\/p>\n<p data-sourcepos=\"5:1-5:289\">H&amp;F jest zaufanym partnerem w zakresie wysokowydajnych zacisk\u00f3w do lin stalowych, zapewniaj\u0105cych bezpieczne i niezawodne po\u0142\u0105czenia w wymagaj\u0105cych zastosowaniach przemys\u0142owych. Oferujemy szerok\u0105 gam\u0119 zacisk\u00f3w galwanizowanych i ze stali nierdzewnej, starannie zaprojektowanych, aby spe\u0142ni\u0107 r\u00f3\u017cnorodne potrzeby sektora B2B.<\/p>","protected":false},"featured_media":4006,"comment_status":"open","ping_status":"closed","template":"","meta":{"site-sidebar-layout":"default","site-content-layout":"default","ast-site-content-layout":"default","site-content-style":"default","site-sidebar-style":"default","ast-global-header-display":"","ast-banner-title-visibility":"","ast-main-header-display":"","ast-hfb-above-header-display":"","ast-hfb-below-header-display":"","ast-hfb-mobile-header-display":"","site-post-title":"","ast-breadcrumbs-content":"","ast-featured-img":"","footer-sml-layout":"","theme-transparent-header-meta":"default","adv-header-id-meta":"","stick-header-meta":"default","header-above-stick-meta":"","header-main-stick-meta":"","header-below-stick-meta":"","astra-migrate-meta-layouts":"set","ast-page-background-enabled":"default","ast-page-background-meta":{"desktop":{"background-color":"","background-image":"","background-repeat":"repeat","background-position":"center center","background-size":"auto","background-attachment":"scroll","background-type":"","background-media":"","overlay-type":"","overlay-color":"","overlay-opacity":"","overlay-gradient":""},"tablet":{"background-color":"","background-image":"","background-repeat":"repeat","background-position":"center center","background-size":"auto","background-attachment":"scroll","background-type":"","background-media":"","overlay-type":"","overlay-color":"","overlay-opacity":"","overlay-gradient":""},"mobile":{"background-color":"","background-image":"","background-repeat":"repeat","background-position":"center center","background-size":"auto","background-attachment":"scroll","background-type":"","background-media":"","overlay-type":"","overlay-color":"","overlay-opacity":"","overlay-gradient":""}},"ast-content-background-meta":{"desktop":{"background-color":"var(--ast-global-color-5)","background-image":"","background-repeat":"repeat","background-position":"center center","background-size":"auto","background-attachment":"scroll","background-type":"","background-media":"","overlay-type":"","overlay-color":"","overlay-opacity":"","overlay-gradient":""},"tablet":{"background-color":"var(--ast-global-color-5)","background-image":"","background-repeat":"repeat","background-position":"center center","background-size":"auto","background-attachment":"scroll","background-type":"","background-media":"","overlay-type":"","overlay-color":"","overlay-opacity":"","overlay-gradient":""},"mobile":{"background-color":"var(--ast-global-color-5)","background-image":"","background-repeat":"repeat","background-position":"center center","background-size":"auto","background-attachment":"scroll","background-type":"","background-media":"","overlay-type":"","overlay-color":"","overlay-opacity":"","overlay-gradient":""}}},"product_brand":[],"product_cat":[37,43],"product_tag":[],"class_list":{"0":"post-4005","1":"product","2":"type-product","3":"status-publish","4":"has-post-thumbnail","6":"product_cat-wire-rope","7":"product_cat-rigging-hardware","8":"desktop-align-left","9":"tablet-align-left","10":"mobile-align-left","11":"ast-product-gallery-layout-horizontal-slider","12":"ast-product-tabs-layout-horizontal","14":"first","15":"instock","16":"shipping-taxable","17":"purchasable","18":"product-type-simple"},"yoast_head":"<!-- This site is optimized with the Yoast SEO plugin v25.2 - https:\/\/yoast.com\/wordpress\/plugins\/seo\/ -->\n<title>Wire Rope Clip Steel Cable Clamps<\/title>\n<meta name=\"description\" content=\"A wire rope clip, also known as a cable clamp or wire rope clamp, is a commonly used hardware device for securing the ends of wire ropes or cables.\" \/>\n<meta name=\"robots\" content=\"index, follow, max-snippet:-1, max-image-preview:large, max-video-preview:-1\" \/>\n<link rel=\"canonical\" href=\"https:\/\/qingdaohf.com\/pl\/produkt\/zacisk-do-liny-stalowej\/\" \/>\n<meta property=\"og:locale\" content=\"pl_PL\" \/>\n<meta property=\"og:type\" content=\"article\" \/>\n<meta property=\"og:title\" content=\"Wire Rope Clip Steel Cable Clamps\" \/>\n<meta property=\"og:description\" content=\"A wire rope clip, also known as a cable clamp or wire rope clamp, is a commonly used hardware device for securing the ends of wire ropes or cables.\" \/>\n<meta property=\"og:url\" content=\"https:\/\/qingdaohf.com\/pl\/produkt\/zacisk-do-liny-stalowej\/\" \/>\n<meta property=\"og:site_name\" content=\"Concrete Form &amp; Rigging Hardware Supplier\" \/>\n<meta property=\"article:publisher\" content=\"https:\/\/www.facebook.com\/qingdaohf\" \/>\n<meta property=\"article:modified_time\" content=\"2025-11-13T01:04:44+00:00\" \/>\n<meta property=\"og:image\" content=\"https:\/\/qingdaohf.com\/wp-content\/uploads\/2023\/05\/wire-rope-clip-7.jpg\" \/>\n\t<meta property=\"og:image:width\" content=\"1000\" \/>\n\t<meta property=\"og:image:height\" content=\"1000\" \/>\n\t<meta property=\"og:image:type\" content=\"image\/jpeg\" \/>\n<meta name=\"twitter:card\" content=\"summary_large_image\" \/>\n<meta name=\"twitter:label1\" content=\"Szacowany czas czytania\" \/>\n\t<meta name=\"twitter:data1\" content=\"3 minuty\" \/>\n<script type=\"application\/ld+json\" class=\"yoast-schema-graph\">{\"@context\":\"https:\/\/schema.org\",\"@graph\":[{\"@type\":\"WebPage\",\"@id\":\"https:\/\/qingdaohf.com\/product\/wire-rope-clip\/\",\"url\":\"https:\/\/qingdaohf.com\/product\/wire-rope-clip\/\",\"name\":\"Wire Rope Clip Steel Cable Clamps\",\"isPartOf\":{\"@id\":\"https:\/\/qingdaohf.com\/bg\/#website\"},\"primaryImageOfPage\":{\"@id\":\"https:\/\/qingdaohf.com\/product\/wire-rope-clip\/#primaryimage\"},\"image\":{\"@id\":\"https:\/\/qingdaohf.com\/product\/wire-rope-clip\/#primaryimage\"},\"thumbnailUrl\":\"https:\/\/qingdaohf.com\/wp-content\/uploads\/2023\/05\/wire-rope-clip-7.jpg\",\"datePublished\":\"2023-05-25T09:04:40+00:00\",\"dateModified\":\"2025-11-13T01:04:44+00:00\",\"description\":\"A wire rope clip, also known as a cable clamp or wire rope clamp, is a commonly used hardware device for securing the ends of wire ropes or cables.\",\"breadcrumb\":{\"@id\":\"https:\/\/qingdaohf.com\/product\/wire-rope-clip\/#breadcrumb\"},\"inLanguage\":\"pl-PL\",\"potentialAction\":[{\"@type\":\"ReadAction\",\"target\":[\"https:\/\/qingdaohf.com\/product\/wire-rope-clip\/\"]}]},{\"@type\":\"ImageObject\",\"inLanguage\":\"pl-PL\",\"@id\":\"https:\/\/qingdaohf.com\/product\/wire-rope-clip\/#primaryimage\",\"url\":\"https:\/\/qingdaohf.com\/wp-content\/uploads\/2023\/05\/wire-rope-clip-7.jpg\",\"contentUrl\":\"https:\/\/qingdaohf.com\/wp-content\/uploads\/2023\/05\/wire-rope-clip-7.jpg\",\"width\":1000,\"height\":1000,\"caption\":\"wire rope clip\"},{\"@type\":\"BreadcrumbList\",\"@id\":\"https:\/\/qingdaohf.com\/product\/wire-rope-clip\/#breadcrumb\",\"itemListElement\":[{\"@type\":\"ListItem\",\"position\":1,\"name\":\"Home\",\"item\":\"https:\/\/qingdaohf.com\/\"},{\"@type\":\"ListItem\",\"position\":2,\"name\":\"Concrete Forming Accessories and Rigging Hardware\",\"item\":\"https:\/\/qingdaohf.com\/bg\/?page_id=944\"},{\"@type\":\"ListItem\",\"position\":3,\"name\":\"Wire Rope Clip Steel Cable Clamps\"}]},{\"@type\":\"WebSite\",\"@id\":\"https:\/\/qingdaohf.com\/bg\/#website\",\"url\":\"https:\/\/qingdaohf.com\/bg\/\",\"name\":\"Concrete Form & Rigging Hardware Supplier\",\"description\":\"\",\"publisher\":{\"@id\":\"https:\/\/qingdaohf.com\/bg\/#organization\"},\"potentialAction\":[{\"@type\":\"SearchAction\",\"target\":{\"@type\":\"EntryPoint\",\"urlTemplate\":\"https:\/\/qingdaohf.com\/bg\/?s={search_term_string}\"},\"query-input\":{\"@type\":\"PropertyValueSpecification\",\"valueRequired\":true,\"valueName\":\"search_term_string\"}}],\"inLanguage\":\"pl-PL\"},{\"@type\":\"Organization\",\"@id\":\"https:\/\/qingdaohf.com\/bg\/#organization\",\"name\":\"Qingdao H&F\",\"url\":\"https:\/\/qingdaohf.com\/bg\/\",\"logo\":{\"@type\":\"ImageObject\",\"inLanguage\":\"pl-PL\",\"@id\":\"https:\/\/qingdaohf.com\/bg\/#\/schema\/logo\/image\/\",\"url\":\"https:\/\/qingdaohf.com\/wp-content\/uploads\/2022\/12\/cropped-HF-LOGO.png\",\"contentUrl\":\"https:\/\/qingdaohf.com\/wp-content\/uploads\/2022\/12\/cropped-HF-LOGO.png\",\"width\":391,\"height\":249,\"caption\":\"Qingdao H&F\"},\"image\":{\"@id\":\"https:\/\/qingdaohf.com\/bg\/#\/schema\/logo\/image\/\"},\"sameAs\":[\"https:\/\/www.facebook.com\/qingdaohf\"]}]}<\/script>\n<!-- \/ Yoast SEO plugin. -->","yoast_head_json":{"title":"Wire Rope Clip Steel Cable Clamps","description":"A wire rope clip, also known as a cable clamp or wire rope clamp, is a commonly used hardware device for securing the ends of wire ropes or cables.","robots":{"index":"index","follow":"follow","max-snippet":"max-snippet:-1","max-image-preview":"max-image-preview:large","max-video-preview":"max-video-preview:-1"},"canonical":"https:\/\/qingdaohf.com\/pl\/produkt\/zacisk-do-liny-stalowej\/","og_locale":"pl_PL","og_type":"article","og_title":"Wire Rope Clip Steel Cable Clamps","og_description":"A wire rope clip, also known as a cable clamp or wire rope clamp, is a commonly used hardware device for securing the ends of wire ropes or cables.","og_url":"https:\/\/qingdaohf.com\/pl\/produkt\/zacisk-do-liny-stalowej\/","og_site_name":"Concrete Form &amp; Rigging Hardware Supplier","article_publisher":"https:\/\/www.facebook.com\/qingdaohf","article_modified_time":"2025-11-13T01:04:44+00:00","og_image":[{"width":1000,"height":1000,"url":"https:\/\/qingdaohf.com\/wp-content\/uploads\/2023\/05\/wire-rope-clip-7.jpg","type":"image\/jpeg"}],"twitter_card":"summary_large_image","twitter_misc":{"Szacowany czas czytania":"3 minuty"},"schema":{"@context":"https:\/\/schema.org","@graph":[{"@type":"WebPage","@id":"https:\/\/qingdaohf.com\/product\/wire-rope-clip\/","url":"https:\/\/qingdaohf.com\/product\/wire-rope-clip\/","name":"Wire Rope Clip Steel Cable Clamps","isPartOf":{"@id":"https:\/\/qingdaohf.com\/bg\/#website"},"primaryImageOfPage":{"@id":"https:\/\/qingdaohf.com\/product\/wire-rope-clip\/#primaryimage"},"image":{"@id":"https:\/\/qingdaohf.com\/product\/wire-rope-clip\/#primaryimage"},"thumbnailUrl":"https:\/\/qingdaohf.com\/wp-content\/uploads\/2023\/05\/wire-rope-clip-7.jpg","datePublished":"2023-05-25T09:04:40+00:00","dateModified":"2025-11-13T01:04:44+00:00","description":"A wire rope clip, also known as a cable clamp or wire rope clamp, is a commonly used hardware device for securing the ends of wire ropes or cables.","breadcrumb":{"@id":"https:\/\/qingdaohf.com\/product\/wire-rope-clip\/#breadcrumb"},"inLanguage":"pl-PL","potentialAction":[{"@type":"ReadAction","target":["https:\/\/qingdaohf.com\/product\/wire-rope-clip\/"]}]},{"@type":"ImageObject","inLanguage":"pl-PL","@id":"https:\/\/qingdaohf.com\/product\/wire-rope-clip\/#primaryimage","url":"https:\/\/qingdaohf.com\/wp-content\/uploads\/2023\/05\/wire-rope-clip-7.jpg","contentUrl":"https:\/\/qingdaohf.com\/wp-content\/uploads\/2023\/05\/wire-rope-clip-7.jpg","width":1000,"height":1000,"caption":"wire rope clip"},{"@type":"BreadcrumbList","@id":"https:\/\/qingdaohf.com\/product\/wire-rope-clip\/#breadcrumb","itemListElement":[{"@type":"ListItem","position":1,"name":"Home","item":"https:\/\/qingdaohf.com\/"},{"@type":"ListItem","position":2,"name":"Concrete Forming Accessories and Rigging Hardware","item":"https:\/\/qingdaohf.com\/bg\/?page_id=944"},{"@type":"ListItem","position":3,"name":"Wire Rope Clip Steel Cable Clamps"}]},{"@type":"WebSite","@id":"https:\/\/qingdaohf.com\/bg\/#website","url":"https:\/\/qingdaohf.com\/bg\/","name":"Concrete Form & Rigging Hardware Supplier","description":"","publisher":{"@id":"https:\/\/qingdaohf.com\/bg\/#organization"},"potentialAction":[{"@type":"SearchAction","target":{"@type":"EntryPoint","urlTemplate":"https:\/\/qingdaohf.com\/bg\/?s={search_term_string}"},"query-input":{"@type":"PropertyValueSpecification","valueRequired":true,"valueName":"search_term_string"}}],"inLanguage":"pl-PL"},{"@type":"Organization","@id":"https:\/\/qingdaohf.com\/bg\/#organization","name":"Qingdao H&F","url":"https:\/\/qingdaohf.com\/bg\/","logo":{"@type":"ImageObject","inLanguage":"pl-PL","@id":"https:\/\/qingdaohf.com\/bg\/#\/schema\/logo\/image\/","url":"https:\/\/qingdaohf.com\/wp-content\/uploads\/2022\/12\/cropped-HF-LOGO.png","contentUrl":"https:\/\/qingdaohf.com\/wp-content\/uploads\/2022\/12\/cropped-HF-LOGO.png","width":391,"height":249,"caption":"Qingdao H&F"},"image":{"@id":"https:\/\/qingdaohf.com\/bg\/#\/schema\/logo\/image\/"},"sameAs":["https:\/\/www.facebook.com\/qingdaohf"]}]}},"_links":{"self":[{"href":"https:\/\/qingdaohf.com\/pl\/wp-json\/wp\/v2\/product\/4005","targetHints":{"allow":["GET"]}}],"collection":[{"href":"https:\/\/qingdaohf.com\/pl\/wp-json\/wp\/v2\/product"}],"about":[{"href":"https:\/\/qingdaohf.com\/pl\/wp-json\/wp\/v2\/types\/product"}],"replies":[{"embeddable":true,"href":"https:\/\/qingdaohf.com\/pl\/wp-json\/wp\/v2\/comments?post=4005"}],"version-history":[{"count":10,"href":"https:\/\/qingdaohf.com\/pl\/wp-json\/wp\/v2\/product\/4005\/revisions"}],"predecessor-version":[{"id":9490,"href":"https:\/\/qingdaohf.com\/pl\/wp-json\/wp\/v2\/product\/4005\/revisions\/9490"}],"wp:featuredmedia":[{"embeddable":true,"href":"https:\/\/qingdaohf.com\/pl\/wp-json\/wp\/v2\/media\/4006"}],"wp:attachment":[{"href":"https:\/\/qingdaohf.com\/pl\/wp-json\/wp\/v2\/media?parent=4005"}],"wp:term":[{"taxonomy":"product_brand","embeddable":true,"href":"https:\/\/qingdaohf.com\/pl\/wp-json\/wp\/v2\/product_brand?post=4005"},{"taxonomy":"product_cat","embeddable":true,"href":"https:\/\/qingdaohf.com\/pl\/wp-json\/wp\/v2\/product_cat?post=4005"},{"taxonomy":"product_tag","embeddable":true,"href":"https:\/\/qingdaohf.com\/pl\/wp-json\/wp\/v2\/product_tag?post=4005"}],"curies":[{"name":"wp","href":"https:\/\/api.w.org\/{rel}","templated":true}]}}