{"id":4064,"date":"2023-05-26T10:21:30","date_gmt":"2023-05-26T02:21:30","guid":{"rendered":"http:\/\/qingdaohf.com\/?post_type=product&#038;p=4064"},"modified":"2025-11-13T09:04:43","modified_gmt":"2025-11-13T01:04:43","slug":"bolt-snap","status":"publish","type":"product","link":"https:\/\/qingdaohf.com\/pl\/produkt\/zatrzask-sruby\/","title":{"rendered":"Bolt Snap"},"content":{"rendered":"<h2 data-start=\"404\" data-end=\"433\"><img fetchpriority=\"high\" decoding=\"async\" class=\"alignnone wp-image-9500 size-full\" src=\"http:\/\/qingdaohf.com\/wp-content\/uploads\/2025\/04\/spring-hook-scaled.webp\" alt=\"Karabi\u0144czyk\" width=\"2129\" height=\"2560\" srcset=\"https:\/\/qingdaohf.com\/wp-content\/uploads\/2025\/04\/spring-hook-scaled.webp 2129w, https:\/\/qingdaohf.com\/wp-content\/uploads\/2025\/04\/spring-hook-250x300.webp 250w, https:\/\/qingdaohf.com\/wp-content\/uploads\/2025\/04\/spring-hook-852x1024.webp 852w, https:\/\/qingdaohf.com\/wp-content\/uploads\/2025\/04\/spring-hook-768x923.webp 768w, https:\/\/qingdaohf.com\/wp-content\/uploads\/2025\/04\/spring-hook-1278x1536.webp 1278w, https:\/\/qingdaohf.com\/wp-content\/uploads\/2025\/04\/spring-hook-1703x2048.webp 1703w, https:\/\/qingdaohf.com\/wp-content\/uploads\/2025\/04\/spring-hook-10x12.webp 10w, https:\/\/qingdaohf.com\/wp-content\/uploads\/2025\/04\/spring-hook-1000x1202.webp 1000w\" sizes=\"(max-width: 2129px) 100vw, 2129px\" \/><\/h2>\n<h2 class=\"\" data-start=\"404\" data-end=\"433\">Wprowadzenie do zatrzask\u00f3w \u015brubowych<\/h2>\n<p class=\"\" data-start=\"435\" data-end=\"830\">Zatrzaski \u015brubowe s\u0142u\u017c\u0105 jako niezast\u0105pione z\u0142\u0105cza wsz\u0119dzie tam, gdzie wymagane jest bezpieczne, ale \u0142atwe w obs\u0142udze po\u0142\u0105czenie. Od lin cumowniczych na \u0142odziach rekreacyjnych po tymczasowe mocowania uprz\u0119\u017cy na rusztowaniach, \u0142\u0105czniki te \u0142\u0105cz\u0105 prost\u0105 mechanik\u0119 z solidn\u0105 metalow\u0105 konstrukcj\u0105. \u0141\u0105cz\u0105c prost\u0105 obs\u0142ug\u0119 z wysok\u0105 wytrzyma\u0142o\u015bci\u0105 na rozci\u0105ganie, nowoczesne zatrzaski \u015brubowe minimalizuj\u0105 przestoje i zwi\u0119kszaj\u0105 bezpiecze\u0144stwo we wszystkich zastosowaniach.<\/p>\n<h2 class=\"\" data-start=\"832\" data-end=\"887\">Sk\u0142ad materia\u0142u i charakterystyka dzia\u0142ania<\/h2>\n<p class=\"\" data-start=\"889\" data-end=\"1502\">Nasze zatrzaski \u015brubowe sk\u0142adaj\u0105 si\u0119 g\u0142\u00f3wnie ze stali nierdzewnej 316 klasy morskiej, wybranej ze wzgl\u0119du na doskona\u0142\u0105 odporno\u015b\u0107 na korozj\u0119 w \u015brodowisku s\u0142onej wody i zdolno\u015b\u0107 do zachowania integralno\u015bci strukturalnej w ekstremalnych temperaturach. Precyzyjna obr\u00f3bka zapewnia tolerancj\u0119 ka\u017cdego elementu na poziomie \u00b10,1 mm, gwarantuj\u0105c p\u0142ynne przesuwanie w mechanizmie spr\u0119\u017cynowym. W testach na rozci\u0105ganie pr\u00f3bki wytrzyma\u0142y si\u0142y przekraczaj\u0105ce 200 kgf przed odkszta\u0142ceniem, co odzwierciedla niezawodno\u015b\u0107 wymagan\u0105 przez in\u017cynier\u00f3w. Wyko\u0144czenie powierzchni waha si\u0119 od szczotkowanego do polerowanego, zapewniaj\u0105c zar\u00f3wno funkcjonaln\u0105 przyczepno\u015b\u0107, jak i atrakcyjno\u015b\u0107 wizualn\u0105 bez uszczerbku dla odporno\u015bci na zu\u017cycie.<\/p>\n<h2 class=\"\" data-start=\"1504\" data-end=\"1547\">Warianty i ich charakterystyczne funkcje<\/h2>\n<p class=\"\" data-start=\"1549\" data-end=\"1709\">R\u00f3\u017cne wyzwania zwi\u0105zane z olinowaniem wymagaj\u0105 dostosowanych geometrii zatrzask\u00f3w \u015brubowych. Pe\u0142na wszechstronno\u015bci linia produkt\u00f3w dzieli si\u0119 na cztery g\u0142\u00f3wne konfiguracje:<\/p>\n<h3 class=\"\" data-start=\"1711\" data-end=\"1737\">\u015aruba dwustronna zatrzaskowa<\/h3>\n<p class=\"\" data-start=\"1739\" data-end=\"1967\">Wyposa\u017cony w identyczne karabi\u0144czyki na obu ko\u0144cach, ten wariant umo\u017cliwia szybkie \u0142\u0105czenie linii lub punkt\u00f3w sprz\u0119towych bez dodatkowych element\u00f3w. Jego symetryczna konstrukcja usprawnia zadania monta\u017cowe, szczeg\u00f3lnie w ograniczonych przestrzeniach.<\/p>\n<h3 class=\"\" data-start=\"1969\" data-end=\"1993\">Obrotowa \u015bruba oczkowa z zatrzaskiem<\/h3>\n<p class=\"\" data-start=\"1995\" data-end=\"2242\">Wyposa\u017cony w obrotowe oczko, model ten zapobiega skr\u0119caniu i pl\u0105taniu si\u0119 liny podczas dynamicznych ruch\u00f3w. Mechanizm obrotowy dzia\u0142a p\u0142ynnie pod obci\u0105\u017ceniem, zapewniaj\u0105c, \u017ce przymocowane liny lub paski zachowuj\u0105 swoj\u0105 orientacj\u0119 nawet podczas obracania lub obracania.<\/p>\n<h3 class=\"\" data-start=\"2244\" data-end=\"2268\">Kwadratowa \u015bruba oczkowa zatrzaskowa<\/h3>\n<p class=\"\" data-start=\"2270\" data-end=\"2503\">Dzi\u0119ki sta\u0142emu oczku o kwadratowym przekroju, ta wersja oferuje zwi\u0119kszon\u0105 stabilno\u015b\u0107 dla p\u0142askich po\u0142\u0105cze\u0144 ta\u015bm lub pas\u00f3w. Kwadratowy otw\u00f3r jest odporny na obracanie, utrzymuj\u0105c \u0142adunki w jednej linii i zmniejszaj\u0105c zu\u017cycie zar\u00f3wno sprz\u0119tu, jak i materia\u0142\u00f3w zawiesi.<\/p>\n<h3 class=\"\" data-start=\"2505\" data-end=\"2528\">\u015aruba z okr\u0105g\u0142ym uchem<\/h3>\n<p class=\"\" data-start=\"2530\" data-end=\"2767\">Dzi\u0119ki tradycyjnemu okr\u0105g\u0142emu uchu ten styl doskonale integruje si\u0119 z szerok\u0105 gam\u0105 szekli, pier\u015bcieni i przelotek. Jego jednolity kszta\u0142t r\u00f3wnomiernie rozk\u0142ada obci\u0105\u017cenie wok\u00f3\u0142 punktu mocowania, dzi\u0119ki czemu idealnie nadaje si\u0119 do og\u00f3lnego zastosowania.<\/p>\n<h2 class=\"\" data-start=\"2769\" data-end=\"2815\">Rygorystyczna kontrola jako\u015bci i certyfikaty<\/h2>\n<p class=\"\" data-start=\"2817\" data-end=\"3431\">Zanim jakakolwiek \u015bruba opu\u015bci zak\u0142ad, przechodzi przez wieloetapowy proces kontroli. Najpierw testy ultrad\u017awi\u0119kowe potwierdzaj\u0105 brak wad wewn\u0119trznych w kutych p\u00f3\u0142fabrykatach. Nast\u0119pnie komory solne symuluj\u0105 miesi\u0105ce ekspozycji na ocean, weryfikuj\u0105c integralno\u015b\u0107 powierzchni. Kontrole wymiarowe odbywaj\u0105 si\u0119 na pocz\u0105tku i na ko\u0144cu ka\u017cdej serii produkcyjnej, podczas gdy losowe testy wyci\u0105gania mierz\u0105 rzeczywiste obci\u0105\u017cenia robocze w stosunku do warto\u015bci znamionowych. Nasze zatrzaski \u015brubowe posiadaj\u0105 certyfikat ISO 9001 potwierdzaj\u0105cy sp\u00f3jno\u015b\u0107 produkcji oraz oznaczenie CE potwierdzaj\u0105ce zgodno\u015b\u0107 z europejskimi dyrektywami bezpiecze\u0144stwa, podkre\u015blaj\u0105c zaanga\u017cowanie w identyfikowaln\u0105, weryfikowaln\u0105 jako\u015b\u0107.<\/p>\n<h2 class=\"\" data-start=\"3433\" data-end=\"3472\">Zalety wsp\u00f3\u0142pracy z H&amp;F<\/h2>\n<p class=\"\" data-start=\"3474\" data-end=\"4204\">Decyduj\u0105c si\u0119 na wsp\u00f3\u0142prac\u0119 z H&amp;F, kupuj\u0105cy uzyskuj\u0105 dost\u0119p do spersonalizowanego wsparcia, kt\u00f3re wykracza poza zwyk\u0142e transakcje. Potencjalni klienci mog\u0105 poprosi\u0107 o bezp\u0142atne pr\u00f3bki prototyp\u00f3w, umo\u017cliwiaj\u0105ce praktyczn\u0105 ocen\u0119 przed z\u0142o\u017ceniem masowych zam\u00f3wie\u0144. Dedykowani opiekunowie klienta zapewniaj\u0105 indywidualne konsultacje, doradzaj\u0105c w zakresie optymalnego doboru sprz\u0119tu do konkretnych wymaga\u0144 projektu. Po zako\u0144czeniu produkcji, us\u0142uga dostawy od drzwi do drzwi zapewnia, \u017ce komponenty dotr\u0105 na miejsce gotowe do natychmiastowego wdro\u017cenia. \u0141\u0105cz\u0105c responsywn\u0105 obs\u0142ug\u0119 z niezawodnymi terminami realizacji i przejrzystym \u015bledzeniem zam\u00f3wie\u0144 w czasie rzeczywistym, H&amp;F upraszcza \u0142a\u0144cuch dostaw akcesori\u00f3w do form betonowych i sprz\u0119tu do olinowania - dzi\u0119ki czemu profesjonali\u015bci mog\u0105 skupi\u0107 si\u0119 na swoim rzemio\u015ble, a nie na gonitwie za przesy\u0142kami.<\/p>","protected":false},"excerpt":{"rendered":"<p>Precyzyjnie zaprojektowany wyb\u00f3r zatrzask\u00f3w \u015brubowych ze stali nierdzewnej - z podw\u00f3jnym zako\u0144czeniem, obrotowym, kwadratowym i okr\u0105g\u0142ym - oferuje niezawodne rozwi\u0105zania mocuj\u0105ce dla takielunku morskiego, budowlanego i architektonicznego. Ka\u017cdy model przechodzi rygorystyczne oceny wymiar\u00f3w i no\u015bno\u015bci, aby spe\u0142ni\u0107 normy ISO 9001 i CE, zapewniaj\u0105c trwa\u0142\u0105 wydajno\u015b\u0107 w wymagaj\u0105cych warunkach.<\/p>","protected":false},"featured_media":4065,"comment_status":"open","ping_status":"closed","template":"","meta":{"site-sidebar-layout":"default","site-content-layout":"default","ast-site-content-layout":"default","site-content-style":"default","site-sidebar-style":"default","ast-global-header-display":"","ast-banner-title-visibility":"","ast-main-header-display":"","ast-hfb-above-header-display":"","ast-hfb-below-header-display":"","ast-hfb-mobile-header-display":"","site-post-title":"","ast-breadcrumbs-content":"","ast-featured-img":"","footer-sml-layout":"","theme-transparent-header-meta":"default","adv-header-id-meta":"","stick-header-meta":"default","header-above-stick-meta":"","header-main-stick-meta":"","header-below-stick-meta":"","astra-migrate-meta-layouts":"set","ast-page-background-enabled":"default","ast-page-background-meta":{"desktop":{"background-color":"","background-image":"","background-repeat":"repeat","background-position":"center center","background-size":"auto","background-attachment":"scroll","background-type":"","background-media":"","overlay-type":"","overlay-color":"","overlay-opacity":"","overlay-gradient":""},"tablet":{"background-color":"","background-image":"","background-repeat":"repeat","background-position":"center center","background-size":"auto","background-attachment":"scroll","background-type":"","background-media":"","overlay-type":"","overlay-color":"","overlay-opacity":"","overlay-gradient":""},"mobile":{"background-color":"","background-image":"","background-repeat":"repeat","background-position":"center center","background-size":"auto","background-attachment":"scroll","background-type":"","background-media":"","overlay-type":"","overlay-color":"","overlay-opacity":"","overlay-gradient":""}},"ast-content-background-meta":{"desktop":{"background-color":"var(--ast-global-color-5)","background-image":"","background-repeat":"repeat","background-position":"center center","background-size":"auto","background-attachment":"scroll","background-type":"","background-media":"","overlay-type":"","overlay-color":"","overlay-opacity":"","overlay-gradient":""},"tablet":{"background-color":"var(--ast-global-color-5)","background-image":"","background-repeat":"repeat","background-position":"center center","background-size":"auto","background-attachment":"scroll","background-type":"","background-media":"","overlay-type":"","overlay-color":"","overlay-opacity":"","overlay-gradient":""},"mobile":{"background-color":"var(--ast-global-color-5)","background-image":"","background-repeat":"repeat","background-position":"center center","background-size":"auto","background-attachment":"scroll","background-type":"","background-media":"","overlay-type":"","overlay-color":"","overlay-opacity":"","overlay-gradient":""}}},"product_brand":[],"product_cat":[80],"product_tag":[],"class_list":{"0":"post-4064","1":"product","2":"type-product","3":"status-publish","4":"has-post-thumbnail","6":"product_cat-carabiner","7":"desktop-align-left","8":"tablet-align-left","9":"mobile-align-left","10":"ast-product-gallery-layout-horizontal-slider","11":"ast-product-tabs-layout-horizontal","13":"first","14":"instock","15":"shipping-taxable","16":"purchasable","17":"product-type-simple"},"yoast_head":"<!-- This site is optimized with the Yoast SEO plugin v25.2 - https:\/\/yoast.com\/wordpress\/plugins\/seo\/ -->\n<title>Bolt Snap<\/title>\n<meta name=\"description\" content=\"The Bolt Snap, also known as a snap hook or a carabiner, is a versatile and widely used fastening device in various industries and applications.\" \/>\n<meta name=\"robots\" content=\"index, follow, max-snippet:-1, max-image-preview:large, max-video-preview:-1\" \/>\n<link rel=\"canonical\" href=\"https:\/\/qingdaohf.com\/pl\/produkt\/zatrzask-sruby\/\" \/>\n<meta property=\"og:locale\" content=\"pl_PL\" \/>\n<meta property=\"og:type\" content=\"article\" \/>\n<meta property=\"og:title\" content=\"Bolt Snap\" \/>\n<meta property=\"og:description\" content=\"The Bolt Snap, also known as a snap hook or a carabiner, is a versatile and widely used fastening device in various industries and applications.\" \/>\n<meta property=\"og:url\" content=\"https:\/\/qingdaohf.com\/pl\/produkt\/zatrzask-sruby\/\" \/>\n<meta property=\"og:site_name\" content=\"Concrete Form &amp; Rigging Hardware Supplier\" \/>\n<meta property=\"article:publisher\" content=\"https:\/\/www.facebook.com\/qingdaohf\" \/>\n<meta property=\"article:modified_time\" content=\"2025-11-13T01:04:43+00:00\" \/>\n<meta property=\"og:image\" content=\"https:\/\/qingdaohf.com\/wp-content\/uploads\/2023\/05\/bolt-snap-2.jpg\" \/>\n\t<meta property=\"og:image:width\" content=\"1000\" \/>\n\t<meta property=\"og:image:height\" content=\"1000\" \/>\n\t<meta property=\"og:image:type\" content=\"image\/jpeg\" \/>\n<meta name=\"twitter:card\" content=\"summary_large_image\" \/>\n<meta name=\"twitter:label1\" content=\"Szacowany czas czytania\" \/>\n\t<meta name=\"twitter:data1\" content=\"3 minuty\" \/>\n<script type=\"application\/ld+json\" class=\"yoast-schema-graph\">{\"@context\":\"https:\/\/schema.org\",\"@graph\":[{\"@type\":\"WebPage\",\"@id\":\"https:\/\/qingdaohf.com\/product\/bolt-snap\/\",\"url\":\"https:\/\/qingdaohf.com\/product\/bolt-snap\/\",\"name\":\"Bolt Snap\",\"isPartOf\":{\"@id\":\"https:\/\/qingdaohf.com\/bg\/#website\"},\"primaryImageOfPage\":{\"@id\":\"https:\/\/qingdaohf.com\/product\/bolt-snap\/#primaryimage\"},\"image\":{\"@id\":\"https:\/\/qingdaohf.com\/product\/bolt-snap\/#primaryimage\"},\"thumbnailUrl\":\"https:\/\/qingdaohf.com\/wp-content\/uploads\/2023\/05\/bolt-snap-2.jpg\",\"datePublished\":\"2023-05-26T02:21:30+00:00\",\"dateModified\":\"2025-11-13T01:04:43+00:00\",\"description\":\"The Bolt Snap, also known as a snap hook or a carabiner, is a versatile and widely used fastening device in various industries and applications.\",\"breadcrumb\":{\"@id\":\"https:\/\/qingdaohf.com\/product\/bolt-snap\/#breadcrumb\"},\"inLanguage\":\"pl-PL\",\"potentialAction\":[{\"@type\":\"ReadAction\",\"target\":[\"https:\/\/qingdaohf.com\/product\/bolt-snap\/\"]}]},{\"@type\":\"ImageObject\",\"inLanguage\":\"pl-PL\",\"@id\":\"https:\/\/qingdaohf.com\/product\/bolt-snap\/#primaryimage\",\"url\":\"https:\/\/qingdaohf.com\/wp-content\/uploads\/2023\/05\/bolt-snap-2.jpg\",\"contentUrl\":\"https:\/\/qingdaohf.com\/wp-content\/uploads\/2023\/05\/bolt-snap-2.jpg\",\"width\":1000,\"height\":1000,\"caption\":\"bolt snap\"},{\"@type\":\"BreadcrumbList\",\"@id\":\"https:\/\/qingdaohf.com\/product\/bolt-snap\/#breadcrumb\",\"itemListElement\":[{\"@type\":\"ListItem\",\"position\":1,\"name\":\"Home\",\"item\":\"https:\/\/qingdaohf.com\/\"},{\"@type\":\"ListItem\",\"position\":2,\"name\":\"Concrete Forming Accessories and Rigging Hardware\",\"item\":\"https:\/\/qingdaohf.com\/bg\/?page_id=944\"},{\"@type\":\"ListItem\",\"position\":3,\"name\":\"Bolt Snap\"}]},{\"@type\":\"WebSite\",\"@id\":\"https:\/\/qingdaohf.com\/bg\/#website\",\"url\":\"https:\/\/qingdaohf.com\/bg\/\",\"name\":\"Concrete Form & Rigging Hardware Supplier\",\"description\":\"\",\"publisher\":{\"@id\":\"https:\/\/qingdaohf.com\/bg\/#organization\"},\"potentialAction\":[{\"@type\":\"SearchAction\",\"target\":{\"@type\":\"EntryPoint\",\"urlTemplate\":\"https:\/\/qingdaohf.com\/bg\/?s={search_term_string}\"},\"query-input\":{\"@type\":\"PropertyValueSpecification\",\"valueRequired\":true,\"valueName\":\"search_term_string\"}}],\"inLanguage\":\"pl-PL\"},{\"@type\":\"Organization\",\"@id\":\"https:\/\/qingdaohf.com\/bg\/#organization\",\"name\":\"Qingdao H&F\",\"url\":\"https:\/\/qingdaohf.com\/bg\/\",\"logo\":{\"@type\":\"ImageObject\",\"inLanguage\":\"pl-PL\",\"@id\":\"https:\/\/qingdaohf.com\/bg\/#\/schema\/logo\/image\/\",\"url\":\"https:\/\/qingdaohf.com\/wp-content\/uploads\/2022\/12\/cropped-HF-LOGO.png\",\"contentUrl\":\"https:\/\/qingdaohf.com\/wp-content\/uploads\/2022\/12\/cropped-HF-LOGO.png\",\"width\":391,\"height\":249,\"caption\":\"Qingdao H&F\"},\"image\":{\"@id\":\"https:\/\/qingdaohf.com\/bg\/#\/schema\/logo\/image\/\"},\"sameAs\":[\"https:\/\/www.facebook.com\/qingdaohf\"]}]}<\/script>\n<!-- \/ Yoast SEO plugin. -->","yoast_head_json":{"title":"Bolt Snap","description":"The Bolt Snap, also known as a snap hook or a carabiner, is a versatile and widely used fastening device in various industries and applications.","robots":{"index":"index","follow":"follow","max-snippet":"max-snippet:-1","max-image-preview":"max-image-preview:large","max-video-preview":"max-video-preview:-1"},"canonical":"https:\/\/qingdaohf.com\/pl\/produkt\/zatrzask-sruby\/","og_locale":"pl_PL","og_type":"article","og_title":"Bolt Snap","og_description":"The Bolt Snap, also known as a snap hook or a carabiner, is a versatile and widely used fastening device in various industries and applications.","og_url":"https:\/\/qingdaohf.com\/pl\/produkt\/zatrzask-sruby\/","og_site_name":"Concrete Form &amp; Rigging Hardware Supplier","article_publisher":"https:\/\/www.facebook.com\/qingdaohf","article_modified_time":"2025-11-13T01:04:43+00:00","og_image":[{"width":1000,"height":1000,"url":"https:\/\/qingdaohf.com\/wp-content\/uploads\/2023\/05\/bolt-snap-2.jpg","type":"image\/jpeg"}],"twitter_card":"summary_large_image","twitter_misc":{"Szacowany czas czytania":"3 minuty"},"schema":{"@context":"https:\/\/schema.org","@graph":[{"@type":"WebPage","@id":"https:\/\/qingdaohf.com\/product\/bolt-snap\/","url":"https:\/\/qingdaohf.com\/product\/bolt-snap\/","name":"Bolt Snap","isPartOf":{"@id":"https:\/\/qingdaohf.com\/bg\/#website"},"primaryImageOfPage":{"@id":"https:\/\/qingdaohf.com\/product\/bolt-snap\/#primaryimage"},"image":{"@id":"https:\/\/qingdaohf.com\/product\/bolt-snap\/#primaryimage"},"thumbnailUrl":"https:\/\/qingdaohf.com\/wp-content\/uploads\/2023\/05\/bolt-snap-2.jpg","datePublished":"2023-05-26T02:21:30+00:00","dateModified":"2025-11-13T01:04:43+00:00","description":"The Bolt Snap, also known as a snap hook or a carabiner, is a versatile and widely used fastening device in various industries and applications.","breadcrumb":{"@id":"https:\/\/qingdaohf.com\/product\/bolt-snap\/#breadcrumb"},"inLanguage":"pl-PL","potentialAction":[{"@type":"ReadAction","target":["https:\/\/qingdaohf.com\/product\/bolt-snap\/"]}]},{"@type":"ImageObject","inLanguage":"pl-PL","@id":"https:\/\/qingdaohf.com\/product\/bolt-snap\/#primaryimage","url":"https:\/\/qingdaohf.com\/wp-content\/uploads\/2023\/05\/bolt-snap-2.jpg","contentUrl":"https:\/\/qingdaohf.com\/wp-content\/uploads\/2023\/05\/bolt-snap-2.jpg","width":1000,"height":1000,"caption":"bolt snap"},{"@type":"BreadcrumbList","@id":"https:\/\/qingdaohf.com\/product\/bolt-snap\/#breadcrumb","itemListElement":[{"@type":"ListItem","position":1,"name":"Home","item":"https:\/\/qingdaohf.com\/"},{"@type":"ListItem","position":2,"name":"Concrete Forming Accessories and Rigging Hardware","item":"https:\/\/qingdaohf.com\/bg\/?page_id=944"},{"@type":"ListItem","position":3,"name":"Bolt Snap"}]},{"@type":"WebSite","@id":"https:\/\/qingdaohf.com\/bg\/#website","url":"https:\/\/qingdaohf.com\/bg\/","name":"Concrete Form & Rigging Hardware Supplier","description":"","publisher":{"@id":"https:\/\/qingdaohf.com\/bg\/#organization"},"potentialAction":[{"@type":"SearchAction","target":{"@type":"EntryPoint","urlTemplate":"https:\/\/qingdaohf.com\/bg\/?s={search_term_string}"},"query-input":{"@type":"PropertyValueSpecification","valueRequired":true,"valueName":"search_term_string"}}],"inLanguage":"pl-PL"},{"@type":"Organization","@id":"https:\/\/qingdaohf.com\/bg\/#organization","name":"Qingdao H&F","url":"https:\/\/qingdaohf.com\/bg\/","logo":{"@type":"ImageObject","inLanguage":"pl-PL","@id":"https:\/\/qingdaohf.com\/bg\/#\/schema\/logo\/image\/","url":"https:\/\/qingdaohf.com\/wp-content\/uploads\/2022\/12\/cropped-HF-LOGO.png","contentUrl":"https:\/\/qingdaohf.com\/wp-content\/uploads\/2022\/12\/cropped-HF-LOGO.png","width":391,"height":249,"caption":"Qingdao H&F"},"image":{"@id":"https:\/\/qingdaohf.com\/bg\/#\/schema\/logo\/image\/"},"sameAs":["https:\/\/www.facebook.com\/qingdaohf"]}]}},"_links":{"self":[{"href":"https:\/\/qingdaohf.com\/pl\/wp-json\/wp\/v2\/product\/4064","targetHints":{"allow":["GET"]}}],"collection":[{"href":"https:\/\/qingdaohf.com\/pl\/wp-json\/wp\/v2\/product"}],"about":[{"href":"https:\/\/qingdaohf.com\/pl\/wp-json\/wp\/v2\/types\/product"}],"replies":[{"embeddable":true,"href":"https:\/\/qingdaohf.com\/pl\/wp-json\/wp\/v2\/comments?post=4064"}],"version-history":[{"count":2,"href":"https:\/\/qingdaohf.com\/pl\/wp-json\/wp\/v2\/product\/4064\/revisions"}],"predecessor-version":[{"id":9508,"href":"https:\/\/qingdaohf.com\/pl\/wp-json\/wp\/v2\/product\/4064\/revisions\/9508"}],"wp:featuredmedia":[{"embeddable":true,"href":"https:\/\/qingdaohf.com\/pl\/wp-json\/wp\/v2\/media\/4065"}],"wp:attachment":[{"href":"https:\/\/qingdaohf.com\/pl\/wp-json\/wp\/v2\/media?parent=4064"}],"wp:term":[{"taxonomy":"product_brand","embeddable":true,"href":"https:\/\/qingdaohf.com\/pl\/wp-json\/wp\/v2\/product_brand?post=4064"},{"taxonomy":"product_cat","embeddable":true,"href":"https:\/\/qingdaohf.com\/pl\/wp-json\/wp\/v2\/product_cat?post=4064"},{"taxonomy":"product_tag","embeddable":true,"href":"https:\/\/qingdaohf.com\/pl\/wp-json\/wp\/v2\/product_tag?post=4064"}],"curies":[{"name":"wp","href":"https:\/\/api.w.org\/{rel}","templated":true}]}}