{"id":4078,"date":"2024-01-19T09:59:32","date_gmt":"2024-01-19T01:59:32","guid":{"rendered":"http:\/\/qingdaohf.com\/?post_type=product&#038;p=4078"},"modified":"2025-11-13T09:03:39","modified_gmt":"2025-11-13T01:03:39","slug":"fist-grip","status":"publish","type":"product","link":"https:\/\/qingdaohf.com\/pl\/produkt\/chwyt-piesci\/","title":{"rendered":"Zaciski pi\u0119\u015bciowe"},"content":{"rendered":"<p><img fetchpriority=\"high\" decoding=\"async\" class=\"alignnone size-full wp-image-6350\" src=\"http:\/\/qingdaohf.com\/wp-content\/uploads\/2023\/05\/fist-grip.jpg\" alt=\"\" width=\"302\" height=\"298\" srcset=\"https:\/\/qingdaohf.com\/wp-content\/uploads\/2023\/05\/fist-grip.jpg 302w, https:\/\/qingdaohf.com\/wp-content\/uploads\/2023\/05\/fist-grip-300x296.jpg 300w, https:\/\/qingdaohf.com\/wp-content\/uploads\/2023\/05\/fist-grip-100x100.jpg 100w\" sizes=\"(max-width: 302px) 100vw, 302px\" \/> <img decoding=\"async\" class=\"alignnone size-full wp-image-6351\" src=\"http:\/\/qingdaohf.com\/wp-content\/uploads\/2023\/05\/fist-grip-2.jpg\" alt=\"chwyt pi\u0119\u015bci\u0105\" width=\"273\" height=\"186\" \/><\/p>\n<p><img decoding=\"async\" class=\"alignnone size-full wp-image-6606\" src=\"http:\/\/qingdaohf.com\/wp-content\/uploads\/2024\/01\/Fist-Grip-Clamps-1.png\" alt=\"Zaciski pi\u0119\u015bciowe\" width=\"1011\" height=\"276\" srcset=\"https:\/\/qingdaohf.com\/wp-content\/uploads\/2024\/01\/Fist-Grip-Clamps-1.png 1011w, https:\/\/qingdaohf.com\/wp-content\/uploads\/2024\/01\/Fist-Grip-Clamps-1-300x82.png 300w, https:\/\/qingdaohf.com\/wp-content\/uploads\/2024\/01\/Fist-Grip-Clamps-1-768x210.png 768w, https:\/\/qingdaohf.com\/wp-content\/uploads\/2024\/01\/Fist-Grip-Clamps-1-1000x273.png 1000w\" sizes=\"(max-width: 1011px) 100vw, 1011px\" \/><\/p>\n<p data-sourcepos=\"3:1-3:294\">Jako do\u015bwiadczony dostawca lin stalowych i zacisk\u00f3w do lin stalowych, H&amp;F rozumie kluczow\u0105 rol\u0119 mocnych, niezawodnych po\u0142\u0105cze\u0144 w zapewnianiu bezpiecze\u0144stwa i wydajno\u015bci. Dlatego z dum\u0105 przedstawiamy Fist Grips - now\u0105 generacj\u0119 zabezpiecze\u0144 lin, zaprojektowan\u0105 tak, aby podnie\u015b\u0107 Twoj\u0105 gr\u0119 olinowania na nowy poziom.<\/p>\n<p data-sourcepos=\"5:1-5:116\">Ale zanim zag\u0142\u0119bimy si\u0119 w moc Fist Grips, przygotujmy scen\u0119 z kluczowymi graczami w tym solidnym ekosystemie:<\/p>\n<h3 data-sourcepos=\"7:1-7:222\"><strong>1. <a href=\"https:\/\/qingdaohf.com\/pl\/produkt\/lina-stalowa\/\">Lina stalowa<\/a>:<\/strong><\/h3>\n<p data-sourcepos=\"7:1-7:222\">Lina stalowa, stanowi\u0105ca rdze\u0144 ka\u017cdego systemu olinowania, zapewnia wyj\u0105tkow\u0105 wytrzyma\u0142o\u015b\u0107 i elastyczno\u015b\u0107 w wymagaj\u0105cych zastosowaniach zwi\u0105zanych z podnoszeniem, wci\u0105ganiem i zabezpieczaniem. Wyobra\u017a sobie, \u017ce jest to niewzruszony kr\u0119gos\u0142up Twojej dzia\u0142alno\u015bci.<\/p>\n<p data-sourcepos=\"7:1-7:222\"><img loading=\"lazy\" decoding=\"async\" class=\"alignnone wp-image-3905 size-medium\" src=\"http:\/\/qingdaohf.com\/wp-content\/uploads\/2023\/04\/wire-rope-1-300x300.jpg\" alt=\"lina stalowa\" width=\"300\" height=\"300\" srcset=\"https:\/\/qingdaohf.com\/wp-content\/uploads\/2023\/04\/wire-rope-1-300x300.jpg 300w, https:\/\/qingdaohf.com\/wp-content\/uploads\/2023\/04\/wire-rope-1-150x150.jpg 150w, https:\/\/qingdaohf.com\/wp-content\/uploads\/2023\/04\/wire-rope-1-768x768.jpg 768w, https:\/\/qingdaohf.com\/wp-content\/uploads\/2023\/04\/wire-rope-1-500x500.jpg 500w, https:\/\/qingdaohf.com\/wp-content\/uploads\/2023\/04\/wire-rope-1-100x100.jpg 100w, https:\/\/qingdaohf.com\/wp-content\/uploads\/2023\/04\/wire-rope-1.jpg 1000w\" sizes=\"(max-width: 300px) 100vw, 300px\" \/><\/p>\n<h3 data-sourcepos=\"9:1-9:224\"><strong>2. <a href=\"https:\/\/qingdaohf.com\/pl\/produkt\/zacisk-do-liny-stalowej\/\">Klips do liny stalowej<\/a>:<\/strong><\/h3>\n<p data-sourcepos=\"9:1-9:224\">Te wszechstronne konie robocze oferuj\u0105 prosty i skuteczny spos\u00f3b tworzenia p\u0119tli lub \u0142\u0105czenia lin stalowych z innymi komponentami. Mo\u017cna o nich my\u015ble\u0107 jak o niezawodnych d\u0142oniach, kt\u00f3re pewnie chwytaj\u0105 i utrzymuj\u0105 lin\u0119 w miejscu.<\/p>\n<p data-sourcepos=\"9:1-9:224\"><img loading=\"lazy\" decoding=\"async\" class=\"alignnone wp-image-6176 size-medium\" src=\"http:\/\/qingdaohf.com\/wp-content\/uploads\/2023\/05\/wire-rope-clip-9-300x300.jpg\" alt=\"zacisk do liny stalowej\" width=\"300\" height=\"300\" srcset=\"https:\/\/qingdaohf.com\/wp-content\/uploads\/2023\/05\/wire-rope-clip-9-300x300.jpg 300w, https:\/\/qingdaohf.com\/wp-content\/uploads\/2023\/05\/wire-rope-clip-9-150x150.jpg 150w, https:\/\/qingdaohf.com\/wp-content\/uploads\/2023\/05\/wire-rope-clip-9-768x768.jpg 768w, https:\/\/qingdaohf.com\/wp-content\/uploads\/2023\/05\/wire-rope-clip-9-500x500.jpg 500w, https:\/\/qingdaohf.com\/wp-content\/uploads\/2023\/05\/wire-rope-clip-9-100x100.jpg 100w, https:\/\/qingdaohf.com\/wp-content\/uploads\/2023\/05\/wire-rope-clip-9.jpg 1000w\" sizes=\"(max-width: 300px) 100vw, 300px\" \/><\/p>\n<h3 data-sourcepos=\"11:1-11:287\"><strong>3. Chwyt pi\u0119\u015bci\u0105:<\/strong><\/h3>\n<p data-sourcepos=\"11:1-11:287\">Te rewolucyjne klipsy na nowo definiuj\u0105 bezpiecze\u0144stwo lin, oferuj\u0105c niezr\u00f3wnan\u0105 szybko\u015b\u0107, \u0142atwo\u015b\u0107 i wydajno\u015b\u0107. Wyobra\u017a je sobie jako r\u0119ce nowej generacji, wyposa\u017cone w \u017celazny chwyt i usprawnion\u0105 obs\u0142ug\u0119.<\/p>\n<p data-sourcepos=\"11:1-11:287\"><img loading=\"lazy\" decoding=\"async\" class=\"alignnone size-full wp-image-6350\" src=\"http:\/\/qingdaohf.com\/wp-content\/uploads\/2023\/05\/fist-grip.jpg\" alt=\"chwyt pi\u0119\u015bci\u0105\" width=\"302\" height=\"298\" srcset=\"https:\/\/qingdaohf.com\/wp-content\/uploads\/2023\/05\/fist-grip.jpg 302w, https:\/\/qingdaohf.com\/wp-content\/uploads\/2023\/05\/fist-grip-300x296.jpg 300w, https:\/\/qingdaohf.com\/wp-content\/uploads\/2023\/05\/fist-grip-100x100.jpg 100w\" sizes=\"(max-width: 302px) 100vw, 302px\" \/><\/p>\n<h3 data-sourcepos=\"13:1-13:188\"><strong>4. <a href=\"https:\/\/qingdaohf.com\/pl\/produkt\/naparstek\/\">Naparstek z liny stalowej<\/a>:<\/strong><\/h3>\n<p data-sourcepos=\"13:1-13:188\">Ten niedoceniany bohater chroni wra\u017cliwe oko liny (zap\u0119tlony koniec) przed zu\u017cyciem. Wyobra\u017a to sobie jako ochronny he\u0142m rycerski, chroni\u0105cy najwa\u017cniejszy punkt liny.<\/p>\n<p data-sourcepos=\"13:1-13:188\"><img loading=\"lazy\" decoding=\"async\" class=\"alignnone wp-image-6352 size-full\" src=\"http:\/\/qingdaohf.com\/wp-content\/uploads\/2023\/05\/Wire-rope-thimble-installation-step-1-1.jpg\" alt=\"Naparstek\" width=\"600\" height=\"163\" srcset=\"https:\/\/qingdaohf.com\/wp-content\/uploads\/2023\/05\/Wire-rope-thimble-installation-step-1-1.jpg 600w, https:\/\/qingdaohf.com\/wp-content\/uploads\/2023\/05\/Wire-rope-thimble-installation-step-1-1-300x82.jpg 300w\" sizes=\"(max-width: 600px) 100vw, 600px\" \/><\/p>\n<h3 data-sourcepos=\"15:1-15:182\"><strong>5. <a href=\"https:\/\/qingdaohf.com\/pl\/produkt\/aluminiowa-tuleja-liny-stalowej\/\">Tuleja liny stalowej<\/a>:<\/strong><\/h3>\n<p data-sourcepos=\"15:1-15:182\">Podobnie jak naparstek, skuwka dzia\u0142a jak solidna nasadka, wzmacniaj\u0105c koniec liny i zapobiegaj\u0105c strz\u0119pieniu. Potraktuj j\u0105 jak stalowy he\u0142m dla ko\u0144c\u00f3wki liny.<\/p>\n<p data-sourcepos=\"15:1-15:182\"><img loading=\"lazy\" decoding=\"async\" class=\"alignnone wp-image-6353 size-medium\" src=\"http:\/\/qingdaohf.com\/wp-content\/uploads\/2023\/05\/Ferrule-247x300.jpg\" alt=\"Okucie\" width=\"247\" height=\"300\" srcset=\"https:\/\/qingdaohf.com\/wp-content\/uploads\/2023\/05\/Ferrule-247x300.jpg 247w, https:\/\/qingdaohf.com\/wp-content\/uploads\/2023\/05\/Ferrule.jpg 636w\" sizes=\"(max-width: 247px) 100vw, 247px\" \/><\/p>\n<h3 data-sourcepos=\"15:1-15:182\"><strong>6. <a href=\"https:\/\/qingdaohf.com\/pl\/produkt\/zacisk-linowy-duplex\/\">Dupleksowy zacisk linowy<\/a><\/strong><strong>:<\/strong><\/h3>\n<p data-sourcepos=\"15:1-15:182\">Duplex Wire Rope Clip to specjalistyczne urz\u0105dzenie mocuj\u0105ce przeznaczone do \u0142\u0105czenia ze sob\u0105 dw\u00f3ch odcink\u00f3w liny stalowej. Odgrywa kluczow\u0105 rol\u0119 w tworzeniu niezawodnego po\u0142\u0105czenia, szczeg\u00f3lnie w sytuacjach, w kt\u00f3rych wymagana jest p\u0119tla lub ucho w linie stalowej.<\/p>\n<p data-sourcepos=\"15:1-15:182\"><img loading=\"lazy\" decoding=\"async\" class=\"alignnone wp-image-6354 size-medium\" src=\"http:\/\/qingdaohf.com\/wp-content\/uploads\/2023\/05\/Stainless-Steel-Duplex-300x300.jpg\" alt=\"Stal nierdzewna-Duplex\" width=\"300\" height=\"300\" srcset=\"https:\/\/qingdaohf.com\/wp-content\/uploads\/2023\/05\/Stainless-Steel-Duplex-300x300.jpg 300w, https:\/\/qingdaohf.com\/wp-content\/uploads\/2023\/05\/Stainless-Steel-Duplex-150x150.jpg 150w, https:\/\/qingdaohf.com\/wp-content\/uploads\/2023\/05\/Stainless-Steel-Duplex-768x768.jpg 768w, https:\/\/qingdaohf.com\/wp-content\/uploads\/2023\/05\/Stainless-Steel-Duplex-500x500.jpg 500w, https:\/\/qingdaohf.com\/wp-content\/uploads\/2023\/05\/Stainless-Steel-Duplex-100x100.jpg 100w, https:\/\/qingdaohf.com\/wp-content\/uploads\/2023\/05\/Stainless-Steel-Duplex.jpg 1000w\" sizes=\"(max-width: 300px) 100vw, 300px\" \/><\/p>\n<h3 data-sourcepos=\"17:1-17:39\"><strong>Uwolnienie przewagi chwytu pi\u0119\u015bci:<\/strong><\/h3>\n<p data-sourcepos=\"19:1-19:84\">Chwyty H&amp;F Fist Grips wyr\u00f3\u017cniaj\u0105 si\u0119 z t\u0142umu swoimi mo\u017cliwo\u015bciami:<\/p>\n<ul data-sourcepos=\"21:1-25:0\">\n<li data-sourcepos=\"21:1-21:153\"><strong>Szybkie wdro\u017cenie:<\/strong>\u00a0Ich konstrukcja z pojedyncz\u0105 \u015brub\u0105 eliminuje potrzeb\u0119 stosowania uci\u0105\u017cliwych \u015brub w kszta\u0142cie litery U, znacznie skracaj\u0105c czas i wysi\u0142ek zwi\u0105zany z instalacj\u0105.<\/li>\n<li data-sourcepos=\"22:1-22:139\"><strong>Moment obrotowy bez wysi\u0142ku:<\/strong>\u00a0Zintegrowane nakr\u0119tki zapewniaj\u0105 doskona\u0142y dost\u0119p i d\u017awigni\u0119 podczas dokr\u0119cania, dzi\u0119ki czemu proces jest p\u0142ynny i wydajny.<\/li>\n<li data-sourcepos=\"23:1-23:143\"><strong>Niezachwiane bezpiecze\u0144stwo:<\/strong>\u00a0Konstrukcja z kutej stali i doskona\u0142a przyczepno\u015b\u0107 zapewniaj\u0105 niezr\u00f3wnan\u0105 si\u0142\u0119 trzymania, zapewniaj\u0105c ca\u0142kowity spok\u00f3j ducha.<\/li>\n<li data-sourcepos=\"24:1-25:0\"><strong>Wyd\u0142u\u017cona \u017cywotno\u015b\u0107 liny:<\/strong>\u00a0G\u0142adki, zaokr\u0105glony profil minimalizuje tarcie i zu\u017cycie liny stalowej, wyd\u0142u\u017caj\u0105c jej \u017cywotno\u015b\u0107 i maksymalizuj\u0105c warto\u015b\u0107.<\/li>\n<\/ul>\n<h3 data-sourcepos=\"26:1-26:24\"><strong>Fist Grip w akcji:<\/strong><\/h3>\n<p data-sourcepos=\"28:1-28:51\">Fist Gripy H&amp;F dzia\u0142aj\u0105 bez wysi\u0142ku:<\/p>\n<ol data-sourcepos=\"30:1-33:0\">\n<li data-sourcepos=\"30:1-30:85\"><strong>\u0141atwe gwintowanie:<\/strong>\u00a0Wystarczy przeci\u0105gn\u0105\u0107 lin\u0119 stalow\u0105 przez siode\u0142ko uchwytu Fist Grip.<\/li>\n<li data-sourcepos=\"31:1-31:116\"><strong>Swift Bolt Insertion:<\/strong>\u00a0Wsu\u0144 \u015brub\u0119 przez otw\u00f3r w siode\u0142ku, upewniaj\u0105c si\u0119, \u017ce \u015bruba w kszta\u0142cie litery U spoczywa bezpiecznie na linie.<\/li>\n<li data-sourcepos=\"32:1-33:0\"><strong>Napinanie bez wysi\u0142ku:<\/strong>\u00a0Przekr\u0119\u0107 nakr\u0119tk\u0119 zgodnie z ruchem wskaz\u00f3wek zegara za pomoc\u0105 klucza, a\u017c lina zostanie mocno zaci\u015bni\u0119ta.<\/li>\n<\/ol>\n<h3 data-sourcepos=\"34:1-34:28\"><strong>Synergia si\u0142y:<\/strong><\/h3>\n<p data-sourcepos=\"36:1-36:77\">Uchwyty Fist Grips firmy H&amp;F doskonale wsp\u00f3\u0142pracuj\u0105 z innymi kluczowymi elementami lin stalowych:<\/p>\n<ul data-sourcepos=\"38:1-41:0\">\n<li data-sourcepos=\"38:1-38:151\"><strong>Klipsy do lin stalowych:<\/strong>\u00a0Podczas gdy uchwyty Fist Grips oferuj\u0105 doskona\u0142\u0105 szybko\u015b\u0107 i wydajno\u015b\u0107, tradycyjne klipsy pozostaj\u0105 cenne w okre\u015blonych zastosowaniach lub jako kopie zapasowe.<\/li>\n<li data-sourcepos=\"39:1-39:136\"><strong>Naparstki do lin stalowych:<\/strong>\u00a0Podczas formowania p\u0119tli zawsze u\u017cywaj naparstka, aby chroni\u0107 ucho liny przed zgnieceniem i zapewni\u0107 optymaln\u0105 \u017cywotno\u015b\u0107.<\/li>\n<li data-sourcepos=\"40:1-41:0\"><strong>Okucia do lin stalowych:<\/strong>\u00a0Warto rozwa\u017cy\u0107 zastosowanie tulei w celu dodatkowej ochrony przed strz\u0119pieniem si\u0119 na ko\u0144cu liny, zw\u0142aszcza w przypadku lin syntetycznych.<\/li>\n<\/ul>\n<p>&nbsp;<\/p>","protected":false},"excerpt":{"rendered":"<p>Uchwyt Fist Grip jest powszechnie u\u017cywanym elementem osprz\u0119tu w zastosowaniach zwi\u0105zanych z olinowaniem i podnoszeniem. Zosta\u0142 specjalnie zaprojektowany do mocowania ko\u0144c\u00f3w lin stalowych lub kabli, zapewniaj\u0105c niezawodne i bezpieczne po\u0142\u0105czenie.<\/p>\n<p>Uchwyt pi\u0119\u015bciowy sk\u0142ada si\u0119 zazwyczaj z metalowego korpusu z rowkiem w kszta\u0142cie litery U lub siode\u0142ka, wraz z gwintowan\u0105 \u015brub\u0105 lub wieloma \u015brubami i nakr\u0119tkami. Lina stalowa jest umieszczana w rowku w kszta\u0142cie litery U, a \u015bruby s\u0105 dokr\u0119cane w celu \u015bci\u015bni\u0119cia uchwytu wok\u00f3\u0142 liny stalowej, tworz\u0105c bezpieczne i mocne mocowanie.<\/p>\n<p>Konstrukcja uchwytu Fist Grip zapewnia, \u017ce lina stalowa pozostaje na miejscu i zapobiega jej ze\u015blizgiwaniu si\u0119 lub poluzowaniu pod wp\u0142ywem napr\u0119\u017cenia. Jest powszechnie stosowany do tworzenia p\u0119tli, ko\u0144czenia ko\u0144c\u00f3w lin stalowych lub \u0142\u0105czenia dw\u00f3ch odcink\u00f3w liny stalowej.<\/p>","protected":false},"featured_media":4079,"comment_status":"open","ping_status":"closed","template":"","meta":{"site-sidebar-layout":"default","site-content-layout":"default","ast-site-content-layout":"default","site-content-style":"default","site-sidebar-style":"default","ast-global-header-display":"","ast-banner-title-visibility":"","ast-main-header-display":"","ast-hfb-above-header-display":"","ast-hfb-below-header-display":"","ast-hfb-mobile-header-display":"","site-post-title":"","ast-breadcrumbs-content":"","ast-featured-img":"","footer-sml-layout":"","theme-transparent-header-meta":"default","adv-header-id-meta":"","stick-header-meta":"default","header-above-stick-meta":"","header-main-stick-meta":"","header-below-stick-meta":"","astra-migrate-meta-layouts":"set","ast-page-background-enabled":"default","ast-page-background-meta":{"desktop":{"background-color":"","background-image":"","background-repeat":"repeat","background-position":"center center","background-size":"auto","background-attachment":"scroll","background-type":"","background-media":"","overlay-type":"","overlay-color":"","overlay-opacity":"","overlay-gradient":""},"tablet":{"background-color":"","background-image":"","background-repeat":"repeat","background-position":"center center","background-size":"auto","background-attachment":"scroll","background-type":"","background-media":"","overlay-type":"","overlay-color":"","overlay-opacity":"","overlay-gradient":""},"mobile":{"background-color":"","background-image":"","background-repeat":"repeat","background-position":"center center","background-size":"auto","background-attachment":"scroll","background-type":"","background-media":"","overlay-type":"","overlay-color":"","overlay-opacity":"","overlay-gradient":""}},"ast-content-background-meta":{"desktop":{"background-color":"var(--ast-global-color-5)","background-image":"","background-repeat":"repeat","background-position":"center center","background-size":"auto","background-attachment":"scroll","background-type":"","background-media":"","overlay-type":"","overlay-color":"","overlay-opacity":"","overlay-gradient":""},"tablet":{"background-color":"var(--ast-global-color-5)","background-image":"","background-repeat":"repeat","background-position":"center center","background-size":"auto","background-attachment":"scroll","background-type":"","background-media":"","overlay-type":"","overlay-color":"","overlay-opacity":"","overlay-gradient":""},"mobile":{"background-color":"var(--ast-global-color-5)","background-image":"","background-repeat":"repeat","background-position":"center center","background-size":"auto","background-attachment":"scroll","background-type":"","background-media":"","overlay-type":"","overlay-color":"","overlay-opacity":"","overlay-gradient":""}}},"product_brand":[],"product_cat":[37,43],"product_tag":[],"class_list":{"0":"post-4078","1":"product","2":"type-product","3":"status-publish","4":"has-post-thumbnail","6":"product_cat-wire-rope","7":"product_cat-rigging-hardware","8":"desktop-align-left","9":"tablet-align-left","10":"mobile-align-left","11":"ast-product-gallery-layout-horizontal-slider","12":"ast-product-tabs-layout-horizontal","14":"first","15":"instock","16":"shipping-taxable","17":"purchasable","18":"product-type-simple"},"yoast_head":"<!-- This site is optimized with the Yoast SEO plugin v25.2 - https:\/\/yoast.com\/wordpress\/plugins\/seo\/ -->\n<title>Fist Grip Clamps<\/title>\n<meta name=\"description\" content=\"The Fist Grip, also known as a wire rope grip or wire rope clip, is a commonly used hardware component in rigging and lifting applications.\" \/>\n<meta name=\"robots\" content=\"index, follow, max-snippet:-1, max-image-preview:large, max-video-preview:-1\" \/>\n<link rel=\"canonical\" href=\"https:\/\/qingdaohf.com\/pl\/produkt\/chwyt-piesci\/\" \/>\n<meta property=\"og:locale\" content=\"pl_PL\" \/>\n<meta property=\"og:type\" content=\"article\" \/>\n<meta property=\"og:title\" content=\"Fist Grip Clamps\" \/>\n<meta property=\"og:description\" content=\"The Fist Grip, also known as a wire rope grip or wire rope clip, is a commonly used hardware component in rigging and lifting applications.\" \/>\n<meta property=\"og:url\" content=\"https:\/\/qingdaohf.com\/pl\/produkt\/chwyt-piesci\/\" \/>\n<meta property=\"og:site_name\" content=\"Concrete Form &amp; Rigging Hardware Supplier\" \/>\n<meta property=\"article:publisher\" content=\"https:\/\/www.facebook.com\/qingdaohf\" \/>\n<meta property=\"article:modified_time\" content=\"2025-11-13T01:03:39+00:00\" \/>\n<meta property=\"og:image\" content=\"https:\/\/qingdaohf.com\/wp-content\/uploads\/2023\/05\/fist-clip-1.jpg\" \/>\n\t<meta property=\"og:image:width\" content=\"1000\" \/>\n\t<meta property=\"og:image:height\" content=\"1000\" \/>\n\t<meta property=\"og:image:type\" content=\"image\/jpeg\" \/>\n<meta name=\"twitter:card\" content=\"summary_large_image\" \/>\n<meta name=\"twitter:label1\" content=\"Szacowany czas czytania\" \/>\n\t<meta name=\"twitter:data1\" content=\"5 minut\" \/>\n<script type=\"application\/ld+json\" class=\"yoast-schema-graph\">{\"@context\":\"https:\/\/schema.org\",\"@graph\":[{\"@type\":\"WebPage\",\"@id\":\"https:\/\/qingdaohf.com\/product\/fist-grip\/\",\"url\":\"https:\/\/qingdaohf.com\/product\/fist-grip\/\",\"name\":\"Fist Grip Clamps\",\"isPartOf\":{\"@id\":\"https:\/\/qingdaohf.com\/bg\/#website\"},\"primaryImageOfPage\":{\"@id\":\"https:\/\/qingdaohf.com\/product\/fist-grip\/#primaryimage\"},\"image\":{\"@id\":\"https:\/\/qingdaohf.com\/product\/fist-grip\/#primaryimage\"},\"thumbnailUrl\":\"https:\/\/qingdaohf.com\/wp-content\/uploads\/2023\/05\/fist-clip-1.jpg\",\"datePublished\":\"2024-01-19T01:59:32+00:00\",\"dateModified\":\"2025-11-13T01:03:39+00:00\",\"description\":\"The Fist Grip, also known as a wire rope grip or wire rope clip, is a commonly used hardware component in rigging and lifting applications.\",\"breadcrumb\":{\"@id\":\"https:\/\/qingdaohf.com\/product\/fist-grip\/#breadcrumb\"},\"inLanguage\":\"pl-PL\",\"potentialAction\":[{\"@type\":\"ReadAction\",\"target\":[\"https:\/\/qingdaohf.com\/product\/fist-grip\/\"]}]},{\"@type\":\"ImageObject\",\"inLanguage\":\"pl-PL\",\"@id\":\"https:\/\/qingdaohf.com\/product\/fist-grip\/#primaryimage\",\"url\":\"https:\/\/qingdaohf.com\/wp-content\/uploads\/2023\/05\/fist-clip-1.jpg\",\"contentUrl\":\"https:\/\/qingdaohf.com\/wp-content\/uploads\/2023\/05\/fist-clip-1.jpg\",\"width\":1000,\"height\":1000,\"caption\":\"fist clip\"},{\"@type\":\"BreadcrumbList\",\"@id\":\"https:\/\/qingdaohf.com\/product\/fist-grip\/#breadcrumb\",\"itemListElement\":[{\"@type\":\"ListItem\",\"position\":1,\"name\":\"Home\",\"item\":\"https:\/\/qingdaohf.com\/\"},{\"@type\":\"ListItem\",\"position\":2,\"name\":\"Concrete Forming Accessories and Rigging Hardware\",\"item\":\"https:\/\/qingdaohf.com\/bg\/?page_id=944\"},{\"@type\":\"ListItem\",\"position\":3,\"name\":\"Fist Grip Clamps\"}]},{\"@type\":\"WebSite\",\"@id\":\"https:\/\/qingdaohf.com\/bg\/#website\",\"url\":\"https:\/\/qingdaohf.com\/bg\/\",\"name\":\"Concrete Form & Rigging Hardware Supplier\",\"description\":\"\",\"publisher\":{\"@id\":\"https:\/\/qingdaohf.com\/bg\/#organization\"},\"potentialAction\":[{\"@type\":\"SearchAction\",\"target\":{\"@type\":\"EntryPoint\",\"urlTemplate\":\"https:\/\/qingdaohf.com\/bg\/?s={search_term_string}\"},\"query-input\":{\"@type\":\"PropertyValueSpecification\",\"valueRequired\":true,\"valueName\":\"search_term_string\"}}],\"inLanguage\":\"pl-PL\"},{\"@type\":\"Organization\",\"@id\":\"https:\/\/qingdaohf.com\/bg\/#organization\",\"name\":\"Qingdao H&F\",\"url\":\"https:\/\/qingdaohf.com\/bg\/\",\"logo\":{\"@type\":\"ImageObject\",\"inLanguage\":\"pl-PL\",\"@id\":\"https:\/\/qingdaohf.com\/bg\/#\/schema\/logo\/image\/\",\"url\":\"https:\/\/qingdaohf.com\/wp-content\/uploads\/2022\/12\/cropped-HF-LOGO.png\",\"contentUrl\":\"https:\/\/qingdaohf.com\/wp-content\/uploads\/2022\/12\/cropped-HF-LOGO.png\",\"width\":391,\"height\":249,\"caption\":\"Qingdao H&F\"},\"image\":{\"@id\":\"https:\/\/qingdaohf.com\/bg\/#\/schema\/logo\/image\/\"},\"sameAs\":[\"https:\/\/www.facebook.com\/qingdaohf\"]}]}<\/script>\n<!-- \/ Yoast SEO plugin. -->","yoast_head_json":{"title":"Fist Grip Clamps","description":"The Fist Grip, also known as a wire rope grip or wire rope clip, is a commonly used hardware component in rigging and lifting applications.","robots":{"index":"index","follow":"follow","max-snippet":"max-snippet:-1","max-image-preview":"max-image-preview:large","max-video-preview":"max-video-preview:-1"},"canonical":"https:\/\/qingdaohf.com\/pl\/produkt\/chwyt-piesci\/","og_locale":"pl_PL","og_type":"article","og_title":"Fist Grip Clamps","og_description":"The Fist Grip, also known as a wire rope grip or wire rope clip, is a commonly used hardware component in rigging and lifting applications.","og_url":"https:\/\/qingdaohf.com\/pl\/produkt\/chwyt-piesci\/","og_site_name":"Concrete Form &amp; Rigging Hardware Supplier","article_publisher":"https:\/\/www.facebook.com\/qingdaohf","article_modified_time":"2025-11-13T01:03:39+00:00","og_image":[{"width":1000,"height":1000,"url":"https:\/\/qingdaohf.com\/wp-content\/uploads\/2023\/05\/fist-clip-1.jpg","type":"image\/jpeg"}],"twitter_card":"summary_large_image","twitter_misc":{"Szacowany czas czytania":"5 minut"},"schema":{"@context":"https:\/\/schema.org","@graph":[{"@type":"WebPage","@id":"https:\/\/qingdaohf.com\/product\/fist-grip\/","url":"https:\/\/qingdaohf.com\/product\/fist-grip\/","name":"Fist Grip Clamps","isPartOf":{"@id":"https:\/\/qingdaohf.com\/bg\/#website"},"primaryImageOfPage":{"@id":"https:\/\/qingdaohf.com\/product\/fist-grip\/#primaryimage"},"image":{"@id":"https:\/\/qingdaohf.com\/product\/fist-grip\/#primaryimage"},"thumbnailUrl":"https:\/\/qingdaohf.com\/wp-content\/uploads\/2023\/05\/fist-clip-1.jpg","datePublished":"2024-01-19T01:59:32+00:00","dateModified":"2025-11-13T01:03:39+00:00","description":"The Fist Grip, also known as a wire rope grip or wire rope clip, is a commonly used hardware component in rigging and lifting applications.","breadcrumb":{"@id":"https:\/\/qingdaohf.com\/product\/fist-grip\/#breadcrumb"},"inLanguage":"pl-PL","potentialAction":[{"@type":"ReadAction","target":["https:\/\/qingdaohf.com\/product\/fist-grip\/"]}]},{"@type":"ImageObject","inLanguage":"pl-PL","@id":"https:\/\/qingdaohf.com\/product\/fist-grip\/#primaryimage","url":"https:\/\/qingdaohf.com\/wp-content\/uploads\/2023\/05\/fist-clip-1.jpg","contentUrl":"https:\/\/qingdaohf.com\/wp-content\/uploads\/2023\/05\/fist-clip-1.jpg","width":1000,"height":1000,"caption":"fist clip"},{"@type":"BreadcrumbList","@id":"https:\/\/qingdaohf.com\/product\/fist-grip\/#breadcrumb","itemListElement":[{"@type":"ListItem","position":1,"name":"Home","item":"https:\/\/qingdaohf.com\/"},{"@type":"ListItem","position":2,"name":"Concrete Forming Accessories and Rigging Hardware","item":"https:\/\/qingdaohf.com\/bg\/?page_id=944"},{"@type":"ListItem","position":3,"name":"Fist Grip Clamps"}]},{"@type":"WebSite","@id":"https:\/\/qingdaohf.com\/bg\/#website","url":"https:\/\/qingdaohf.com\/bg\/","name":"Concrete Form & Rigging Hardware Supplier","description":"","publisher":{"@id":"https:\/\/qingdaohf.com\/bg\/#organization"},"potentialAction":[{"@type":"SearchAction","target":{"@type":"EntryPoint","urlTemplate":"https:\/\/qingdaohf.com\/bg\/?s={search_term_string}"},"query-input":{"@type":"PropertyValueSpecification","valueRequired":true,"valueName":"search_term_string"}}],"inLanguage":"pl-PL"},{"@type":"Organization","@id":"https:\/\/qingdaohf.com\/bg\/#organization","name":"Qingdao H&F","url":"https:\/\/qingdaohf.com\/bg\/","logo":{"@type":"ImageObject","inLanguage":"pl-PL","@id":"https:\/\/qingdaohf.com\/bg\/#\/schema\/logo\/image\/","url":"https:\/\/qingdaohf.com\/wp-content\/uploads\/2022\/12\/cropped-HF-LOGO.png","contentUrl":"https:\/\/qingdaohf.com\/wp-content\/uploads\/2022\/12\/cropped-HF-LOGO.png","width":391,"height":249,"caption":"Qingdao H&F"},"image":{"@id":"https:\/\/qingdaohf.com\/bg\/#\/schema\/logo\/image\/"},"sameAs":["https:\/\/www.facebook.com\/qingdaohf"]}]}},"_links":{"self":[{"href":"https:\/\/qingdaohf.com\/pl\/wp-json\/wp\/v2\/product\/4078","targetHints":{"allow":["GET"]}}],"collection":[{"href":"https:\/\/qingdaohf.com\/pl\/wp-json\/wp\/v2\/product"}],"about":[{"href":"https:\/\/qingdaohf.com\/pl\/wp-json\/wp\/v2\/types\/product"}],"replies":[{"embeddable":true,"href":"https:\/\/qingdaohf.com\/pl\/wp-json\/wp\/v2\/comments?post=4078"}],"version-history":[{"count":8,"href":"https:\/\/qingdaohf.com\/pl\/wp-json\/wp\/v2\/product\/4078\/revisions"}],"predecessor-version":[{"id":7402,"href":"https:\/\/qingdaohf.com\/pl\/wp-json\/wp\/v2\/product\/4078\/revisions\/7402"}],"wp:featuredmedia":[{"embeddable":true,"href":"https:\/\/qingdaohf.com\/pl\/wp-json\/wp\/v2\/media\/4079"}],"wp:attachment":[{"href":"https:\/\/qingdaohf.com\/pl\/wp-json\/wp\/v2\/media?parent=4078"}],"wp:term":[{"taxonomy":"product_brand","embeddable":true,"href":"https:\/\/qingdaohf.com\/pl\/wp-json\/wp\/v2\/product_brand?post=4078"},{"taxonomy":"product_cat","embeddable":true,"href":"https:\/\/qingdaohf.com\/pl\/wp-json\/wp\/v2\/product_cat?post=4078"},{"taxonomy":"product_tag","embeddable":true,"href":"https:\/\/qingdaohf.com\/pl\/wp-json\/wp\/v2\/product_tag?post=4078"}],"curies":[{"name":"wp","href":"https:\/\/api.w.org\/{rel}","templated":true}]}}