{"id":4232,"date":"2023-05-29T16:48:33","date_gmt":"2023-05-29T08:48:33","guid":{"rendered":"http:\/\/qingdaohf.com\/?post_type=product&#038;p=4232"},"modified":"2025-11-13T09:04:21","modified_gmt":"2025-11-13T01:04:21","slug":"eye-bolts","status":"publish","type":"product","link":"https:\/\/qingdaohf.com\/pl\/produkt\/sruby-oczkowe\/","title":{"rendered":"\u015aruba z uchem do podnoszenia DIN580 Stal w\u0119glowa Ocynkowana"},"content":{"rendered":"<div class=\"ast-oembed-container\" style=\"height: 100%;\"><iframe title=\"Nakr\u0119tka oczkowa i \u015bruba oczkowa\" width=\"500\" height=\"281\" src=\"https:\/\/www.youtube.com\/embed\/Cjopwi1wX3I?feature=oembed\" frameborder=\"0\" allow=\"accelerometer; autoplay; clipboard-write; encrypted-media; gyroscope; picture-in-picture; web-share\" referrerpolicy=\"strict-origin-when-cross-origin\" allowfullscreen><\/iframe><\/div>\n<h2 class=\"text-2xl font-bold mt-1 text-text-200\">Ocynkowane \u015bruby oczkowe: Tam, gdzie trwa\u0142o\u015b\u0107 spotyka si\u0119 z wydajno\u015bci\u0105<\/h2>\n<p class=\"whitespace-pre-wrap break-words\">Szukasz niezawodnego sprz\u0119tu, kt\u00f3ry wytrzyma trudne warunki zewn\u0119trzne? Ocynkowane \u015bruby oczkowe mog\u0105 by\u0107 dok\u0142adnie tym, czego potrzebujesz. Te solidne elementy z\u0142\u0105czne zyska\u0142y swoj\u0105 reputacj\u0119 na placach budowy, w stoczniach i obiektach przemys\u0142owych na ca\u0142ym \u015bwiecie. Sekret ich d\u0142ugowieczno\u015bci? Ochronna pow\u0142oka cynkowa, kt\u00f3ra chroni stalowy rdze\u0144 przed rdz\u0105 i korozj\u0105. Czytaj dalej, aby dowiedzie\u0107 si\u0119 wszystkiego, od opcji wymiarowania po praktyczne zastosowania tych wszechstronnych element\u00f3w z\u0142\u0105cznych.<\/p>\n<p><img fetchpriority=\"high\" decoding=\"async\" class=\"alignnone wp-image-8959 size-full\" src=\"http:\/\/qingdaohf.com\/wp-content\/uploads\/2025\/02\/eye-bolt-4.webp\" alt=\"\u015bruba oczkowa\" width=\"1920\" height=\"1080\" srcset=\"https:\/\/qingdaohf.com\/wp-content\/uploads\/2025\/02\/eye-bolt-4.webp 1920w, https:\/\/qingdaohf.com\/wp-content\/uploads\/2025\/02\/eye-bolt-4-300x169.webp 300w, https:\/\/qingdaohf.com\/wp-content\/uploads\/2025\/02\/eye-bolt-4-1024x576.webp 1024w, https:\/\/qingdaohf.com\/wp-content\/uploads\/2025\/02\/eye-bolt-4-768x432.webp 768w, https:\/\/qingdaohf.com\/wp-content\/uploads\/2025\/02\/eye-bolt-4-1536x864.webp 1536w, https:\/\/qingdaohf.com\/wp-content\/uploads\/2025\/02\/eye-bolt-4-18x10.webp 18w, https:\/\/qingdaohf.com\/wp-content\/uploads\/2025\/02\/eye-bolt-4-1000x563.webp 1000w\" sizes=\"(max-width: 1920px) 100vw, 1920px\" \/><\/p>\n<h2 class=\"text-xl font-bold text-text-200 mt-1 -mb-0.5\">Argumenty przemawiaj\u0105ce za ocynkowanymi \u015brubami oczkowymi<\/h2>\n<p class=\"whitespace-pre-wrap break-words\">To nie s\u0105 zwyk\u0142e elementy z\u0142\u0105czne. Ocynkowane \u015bruby oczkowe \u0142\u0105cz\u0105 wyj\u0105tkow\u0105 wytrzyma\u0142o\u015b\u0107 z niezwyk\u0142\u0105 niezawodno\u015bci\u0105. Proces powlekania cynkiem przekszta\u0142ca zwyk\u0142e stalowe \u015bruby w odporne na korozj\u0119 pot\u0119gi, kt\u00f3re \u015bmiej\u0105 si\u0119 w obliczu wilgoci, mg\u0142y solnej i trudnych warunk\u00f3w pogodowych. Sprawia to, \u017ce s\u0105 one niezast\u0105pione w sprz\u0119cie morskim, projektach budowlanych i ci\u0119\u017ckich operacjach podnoszenia.<\/p>\n<p class=\"whitespace-pre-wrap break-words\">Proces powlekania jest szczeg\u00f3lnie sprytny - cynk nie tylko \u0142adnie wygl\u0105da. Aktywnie po\u015bwi\u0119ca si\u0119, aby chroni\u0107 stal znajduj\u0105c\u0105 si\u0119 pod spodem, co jest szczeg\u00f3lnie wa\u017cne w obszarach przybrze\u017cnych, gdzie s\u0142one powietrze mo\u017ce b\u0142yskawicznie prze\u017cre\u0107 s\u0142absze materia\u0142y. W\u0142a\u015bnie dlatego stocznie i projekty budowlane nad oceanem przysi\u0119gaj\u0105 na te elementy z\u0142\u0105czne.<\/p>\n<p class=\"whitespace-pre-wrap break-words\">Nasza firma handlowa oferuje wy\u0142\u0105cznie najwy\u017cszej jako\u015bci ocynkowane \u015bruby oczkowe, kt\u00f3re spe\u0142niaj\u0105 rygorystyczne standardy jako\u015bci. Od male\u0144kich \u015brub M2 do precyzyjnych prac po mocne wersje M24, kt\u00f3re mog\u0105 wytrzyma\u0107 powa\u017cne obci\u0105\u017cenia. Nie masz pewno\u015bci, kt\u00f3ry rozmiar pasuje do Twojego projektu? Nasi specjali\u015bci pomog\u0105 Ci dokona\u0107 w\u0142a\u015bciwego wyboru.<\/p>\n<p><img decoding=\"async\" class=\"alignnone size-full wp-image-4672\" src=\"http:\/\/qingdaohf.com\/wp-content\/uploads\/2023\/05\/eye-bolt-eye-nut.jpg\" alt=\"Lifting_eye_ bolts\" width=\"1090\" height=\"725\" srcset=\"https:\/\/qingdaohf.com\/wp-content\/uploads\/2023\/05\/eye-bolt-eye-nut.jpg 1090w, https:\/\/qingdaohf.com\/wp-content\/uploads\/2023\/05\/eye-bolt-eye-nut-300x200.jpg 300w, https:\/\/qingdaohf.com\/wp-content\/uploads\/2023\/05\/eye-bolt-eye-nut-1024x681.jpg 1024w, https:\/\/qingdaohf.com\/wp-content\/uploads\/2023\/05\/eye-bolt-eye-nut-768x511.jpg 768w, https:\/\/qingdaohf.com\/wp-content\/uploads\/2023\/05\/eye-bolt-eye-nut-1000x665.jpg 1000w\" sizes=\"(max-width: 1090px) 100vw, 1090px\" \/><\/p>\n<h2 class=\"text-xl font-bold text-text-200 mt-1 -mb-0.5\">\u015aruby oczkowe ocynkowane i ze stali nierdzewnej: Praktyczne por\u00f3wnanie<\/h2>\n<h3 class=\"text-lg font-bold text-text-200 mt-1 -mb-1.5\">Ochrona przed korozj\u0105<\/h3>\n<ul class=\"[&amp;:not(:last-child)_ul]:pb-1 [&amp;:not(:last-child)_ol]:pb-1 list-disc space-y-1.5 pl-7\">\n<li class=\"whitespace-normal break-words\">Ocynkowane \u015bruby oczkowe s\u0105 chronione przez wspomnian\u0105 wcze\u015bniej k\u0105piel cynkow\u0105. Pow\u0142oka tworzy wytrzyma\u0142\u0105 barier\u0119 przed wilgoci\u0105 i czynnikami korozyjnymi, idealn\u0105 do zastosowa\u0144 zewn\u0119trznych i morskich.<\/li>\n<li class=\"whitespace-normal break-words\">\u015aruby oczkowe ze stali nierdzewnej walcz\u0105 z korozj\u0105 w inny spos\u00f3b - chrom w stopie tworzy niewidoczn\u0105 os\u0142on\u0119 przed rdz\u0105. S\u0105 one szczeg\u00f3lnie dobre do zastosowa\u0144, w kt\u00f3rych sprz\u0119t musi wygl\u0105da\u0107 r\u00f3wnie dobrze, jak dzia\u0142a.<\/li>\n<\/ul>\n<h3 class=\"text-lg font-bold text-text-200 mt-1 -mb-1.5\">Wytrzyma\u0142o\u015b\u0107 i d\u0142ugowieczno\u015b\u0107<\/h3>\n<ul class=\"[&amp;:not(:last-child)_ul]:pb-1 [&amp;:not(:last-child)_ol]:pb-1 list-disc space-y-1.5 pl-7\">\n<li class=\"whitespace-normal break-words\">Opcje galwanizowane s\u0105 w stanie sprosta\u0107 wi\u0119kszo\u015bci ci\u0119\u017ckich zada\u0144. Warstwa cynku zapewnia dodatkow\u0105 odporno\u015b\u0107, co t\u0142umaczy ich popularno\u015b\u0107 w budownictwie i produkcji.<\/li>\n<li class=\"whitespace-normal break-words\">Stal nierdzewna podnosi poprzeczk\u0119 jeszcze wy\u017cej, oferuj\u0105c doskona\u0142\u0105 wytrzyma\u0142o\u015b\u0107 i odporno\u015b\u0107 na zu\u017cycie. Lepiej radz\u0105 sobie r\u00f3wnie\u017c z ekstremalnymi temperaturami, co czyni je idealnym rozwi\u0105zaniem dla wymagaj\u0105cych \u015brodowisk.<\/li>\n<\/ul>\n<h3 class=\"text-lg font-bold text-text-200 mt-1 -mb-1.5\">Wp\u0142yw wizualny<\/h3>\n<ul class=\"[&amp;:not(:last-child)_ul]:pb-1 [&amp;:not(:last-child)_ol]:pb-1 list-disc space-y-1.5 pl-7\">\n<li class=\"whitespace-normal break-words\">Ocynkowane \u015bruby maj\u0105 praktyczne, przemys\u0142owe wyko\u0144czenie. Nie pr\u00f3buj\u0105 wygrywa\u0107 konkurs\u00f3w pi\u0119kno\u015bci - s\u0105 tutaj, aby pracowa\u0107.<\/li>\n<li class=\"whitespace-normal break-words\">Stal nierdzewna to zar\u00f3wno si\u0142a, jak i pi\u0119kno. Ich wypolerowany wygl\u0105d sprawia, \u017ce s\u0105 popularne w projektach architektonicznych, w kt\u00f3rych estetyka ma znaczenie.<\/li>\n<\/ul>\n<h3 class=\"text-lg font-bold text-text-200 mt-1 -mb-1.5\">Propozycja warto\u015bci<\/h3>\n<ul class=\"[&amp;:not(:last-child)_ul]:pb-1 [&amp;:not(:last-child)_ol]:pb-1 list-disc space-y-1.5 pl-7\">\n<li class=\"whitespace-normal break-words\">Ocynkowane \u015bruby zapewniaj\u0105 solidn\u0105 wydajno\u015b\u0107 bez rozbijania banku. To m\u0105dry wyb\u00f3r, gdy potrzebujesz niezawodno\u015bci przy ograniczonym bud\u017cecie.<\/li>\n<li class=\"whitespace-normal break-words\">Stal nierdzewna ma wysok\u0105 cen\u0119, odzwierciedlaj\u0105c\u0105 jej doskona\u0142e w\u0142a\u015bciwo\u015bci. Dodatkowy koszt cz\u0119sto op\u0142aca si\u0119 w przypadku specjalistycznych zastosowa\u0144 wymagaj\u0105cych maksymalnej wydajno\u015bci.<\/li>\n<\/ul>\n<h2 class=\"text-xl font-bold text-text-200 mt-1 -mb-0.5\">Rozmiar ma znaczenie: Od M2 do M24<\/h2>\n<p class=\"whitespace-pre-wrap break-words\">Nasza oferta obejmuje wszystko od M2 do M24, dzi\u0119ki czemu znajdziesz idealne rozwi\u0105zanie dla swojego projektu:<\/p>\n<p class=\"whitespace-pre-wrap break-words\">Modele M2 doskonale radz\u0105 sobie z lekkimi zastosowaniami, idealne do mniejszych maszyn i projekt\u00f3w, w kt\u00f3rych finezja ma wi\u0119ksze znaczenie ni\u017c brutalna si\u0142a.<\/p>\n<p class=\"whitespace-pre-wrap break-words\">Na drugim ko\u0144cu znajduj\u0105 si\u0119 warianty M24, kt\u00f3re s\u0105 najci\u0119\u017csze w rodzinie. Te wytrzyma\u0142e elementy z\u0142\u0105czne doskonale sprawdzaj\u0105 si\u0119 w budownictwie, obs\u0142udze ci\u0119\u017ckiego sprz\u0119tu i wsz\u0119dzie tam, gdzie wymagana jest du\u017ca si\u0142a podnoszenia.<\/p>\n<p class=\"whitespace-pre-wrap break-words\">Pami\u0119taj - wyb\u00f3r odpowiedniego rozmiaru to nie tylko kwestia preferencji, ale przede wszystkim bezpiecze\u0144stwa. Nasz zesp\u00f3\u0142 jest gotowy pom\u00f3c w podj\u0119ciu \u015bwiadomej decyzji w oparciu o konkretne wymagania.<\/p>\n<h2 class=\"text-xl font-bold text-text-200 mt-1 -mb-0.5\">Partner z do\u015bwiadczeniem<\/h2>\n<p class=\"whitespace-pre-wrap break-words\">Wierzymy w dostarczanie czego\u015b wi\u0119cej ni\u017c tylko sprz\u0119tu. Nasze zaanga\u017cowanie obejmuje:<\/p>\n<p class=\"whitespace-pre-wrap break-words\">Wskaz\u00f3wki ekspert\u00f3w: Uzyskaj spersonalizowane wsparcie, aby znale\u017a\u0107 dok\u0142adnie to, czego potrzebujesz. Szybka wysy\u0142ka: Poniewa\u017c czekanie nie jest cz\u0119\u015bci\u0105 harmonogramu projektu. Rygorystyczne testy: Ka\u017cda \u015bruba przechodzi rygorystyczne kontrole jako\u015bci przed opuszczeniem naszego magazynu.<\/p>\n<p class=\"whitespace-pre-wrap break-words\">Wybieraj\u0105c nasz\u0105 firm\u0119, zyskujesz co\u015b wi\u0119cej ni\u017c wysokiej jako\u015bci ocynkowane \u015bruby oczkowe - zyskujesz partnera zainwestowanego w sukces Twojego projektu. Nasze produkty s\u0105 zaprojektowane tak, aby dzia\u0142a\u0142y niezawodnie, bez wzgl\u0119du na to, jakie wyzwania stawiaj\u0105 ich zastosowania.<\/p>","protected":false},"excerpt":{"rendered":"<p>Nasze ocynkowane \u015bruby oczkowe od M2 do M24 s\u0105 idealne do r\u00f3\u017cnych zastosowa\u0144 zwi\u0105zanych z podnoszeniem i mocowaniem. Nasze \u015bruby charakteryzuj\u0105 si\u0119 wysokim poziomem wytrzyma\u0142o\u015bci i trwa\u0142o\u015bci, dzi\u0119ki czemu zapewniaj\u0105 optymaln\u0105 niezawodno\u015b\u0107 w trudnych warunkach. Od ci\u0119\u017ckich \u0142adunk\u00f3w po mocowania przemys\u0142owe wymagaj\u0105ce pewnego chwytu, nasze \u015bruby oczkowe zapewniaj\u0105 wysok\u0105 wydajno\u015b\u0107. Zapewniamy indywidualn\u0105 obs\u0142ug\u0119 klienta, dzi\u0119ki czemu wszystkie pytania s\u0105 rozwi\u0105zywane od razu. Jeste\u015bmy szybcy i dostarczamy szczeg\u00f3\u0142owe raporty z kontroli jako\u015bci, aby zapewni\u0107 bezb\u0142\u0119dne do\u015bwiadczenie od zakupu do dostawy. Zdaj si\u0119 na nasze ocynkowane \u015bruby oczkowe przy nast\u0119pnym projekcie i b\u0105d\u017a pewien, \u017ce otrzymujesz to, co najlepsze.<\/p>","protected":false},"featured_media":8968,"comment_status":"open","ping_status":"closed","template":"","meta":{"site-sidebar-layout":"default","site-content-layout":"default","ast-site-content-layout":"default","site-content-style":"default","site-sidebar-style":"default","ast-global-header-display":"","ast-banner-title-visibility":"","ast-main-header-display":"","ast-hfb-above-header-display":"","ast-hfb-below-header-display":"","ast-hfb-mobile-header-display":"","site-post-title":"","ast-breadcrumbs-content":"","ast-featured-img":"","footer-sml-layout":"","theme-transparent-header-meta":"default","adv-header-id-meta":"","stick-header-meta":"default","header-above-stick-meta":"","header-main-stick-meta":"","header-below-stick-meta":"","astra-migrate-meta-layouts":"set","ast-page-background-enabled":"default","ast-page-background-meta":{"desktop":{"background-color":"","background-image":"","background-repeat":"repeat","background-position":"center center","background-size":"auto","background-attachment":"scroll","background-type":"","background-media":"","overlay-type":"","overlay-color":"","overlay-opacity":"","overlay-gradient":""},"tablet":{"background-color":"","background-image":"","background-repeat":"repeat","background-position":"center center","background-size":"auto","background-attachment":"scroll","background-type":"","background-media":"","overlay-type":"","overlay-color":"","overlay-opacity":"","overlay-gradient":""},"mobile":{"background-color":"","background-image":"","background-repeat":"repeat","background-position":"center center","background-size":"auto","background-attachment":"scroll","background-type":"","background-media":"","overlay-type":"","overlay-color":"","overlay-opacity":"","overlay-gradient":""}},"ast-content-background-meta":{"desktop":{"background-color":"var(--ast-global-color-5)","background-image":"","background-repeat":"repeat","background-position":"center center","background-size":"auto","background-attachment":"scroll","background-type":"","background-media":"","overlay-type":"","overlay-color":"","overlay-opacity":"","overlay-gradient":""},"tablet":{"background-color":"var(--ast-global-color-5)","background-image":"","background-repeat":"repeat","background-position":"center center","background-size":"auto","background-attachment":"scroll","background-type":"","background-media":"","overlay-type":"","overlay-color":"","overlay-opacity":"","overlay-gradient":""},"mobile":{"background-color":"var(--ast-global-color-5)","background-image":"","background-repeat":"repeat","background-position":"center center","background-size":"auto","background-attachment":"scroll","background-type":"","background-media":"","overlay-type":"","overlay-color":"","overlay-opacity":"","overlay-gradient":""}}},"product_brand":[],"product_cat":[43],"product_tag":[],"class_list":{"0":"post-4232","1":"product","2":"type-product","3":"status-publish","4":"has-post-thumbnail","6":"product_cat-rigging-hardware","7":"desktop-align-left","8":"tablet-align-left","9":"mobile-align-left","10":"ast-product-gallery-layout-horizontal-slider","11":"ast-product-tabs-layout-horizontal","13":"first","14":"instock","15":"shipping-taxable","16":"purchasable","17":"product-type-simple"},"yoast_head":"<!-- This site is optimized with the Yoast SEO plugin v25.2 - https:\/\/yoast.com\/wordpress\/plugins\/seo\/ -->\n<title>Lifting Eye Bolt DIN580 Carbon Steel Galvanized<\/title>\n<meta name=\"description\" content=\"Eye bolts are specialized fasteners designed to provide a secure and reliable anchor point for lifting, rigging, or suspending applications.\" \/>\n<meta name=\"robots\" content=\"index, follow, max-snippet:-1, max-image-preview:large, max-video-preview:-1\" \/>\n<link rel=\"canonical\" href=\"https:\/\/qingdaohf.com\/pl\/produkt\/sruby-oczkowe\/\" \/>\n<meta property=\"og:locale\" content=\"pl_PL\" \/>\n<meta property=\"og:type\" content=\"article\" \/>\n<meta property=\"og:title\" content=\"Lifting Eye Bolt DIN580 Carbon Steel Galvanized\" \/>\n<meta property=\"og:description\" content=\"Eye bolts are specialized fasteners designed to provide a secure and reliable anchor point for lifting, rigging, or suspending applications.\" \/>\n<meta property=\"og:url\" content=\"https:\/\/qingdaohf.com\/pl\/produkt\/sruby-oczkowe\/\" \/>\n<meta property=\"og:site_name\" content=\"Concrete Form &amp; Rigging Hardware Supplier\" \/>\n<meta property=\"article:publisher\" content=\"https:\/\/www.facebook.com\/qingdaohf\" \/>\n<meta property=\"article:modified_time\" content=\"2025-11-13T01:04:21+00:00\" \/>\n<meta property=\"og:image\" content=\"https:\/\/qingdaohf.com\/wp-content\/uploads\/2023\/05\/eye-bolt-9.webp\" \/>\n\t<meta property=\"og:image:width\" content=\"1000\" \/>\n\t<meta property=\"og:image:height\" content=\"1000\" \/>\n\t<meta property=\"og:image:type\" content=\"image\/webp\" \/>\n<meta name=\"twitter:card\" content=\"summary_large_image\" \/>\n<meta name=\"twitter:label1\" content=\"Szacowany czas czytania\" \/>\n\t<meta name=\"twitter:data1\" content=\"4 minuty\" \/>\n<script type=\"application\/ld+json\" class=\"yoast-schema-graph\">{\"@context\":\"https:\/\/schema.org\",\"@graph\":[{\"@type\":\"WebPage\",\"@id\":\"https:\/\/qingdaohf.com\/product\/eye-bolts\/\",\"url\":\"https:\/\/qingdaohf.com\/product\/eye-bolts\/\",\"name\":\"Lifting Eye Bolt DIN580 Carbon Steel Galvanized\",\"isPartOf\":{\"@id\":\"https:\/\/qingdaohf.com\/bg\/#website\"},\"primaryImageOfPage\":{\"@id\":\"https:\/\/qingdaohf.com\/product\/eye-bolts\/#primaryimage\"},\"image\":{\"@id\":\"https:\/\/qingdaohf.com\/product\/eye-bolts\/#primaryimage\"},\"thumbnailUrl\":\"https:\/\/qingdaohf.com\/wp-content\/uploads\/2023\/05\/eye-bolt-9.webp\",\"datePublished\":\"2023-05-29T08:48:33+00:00\",\"dateModified\":\"2025-11-13T01:04:21+00:00\",\"description\":\"Eye bolts are specialized fasteners designed to provide a secure and reliable anchor point for lifting, rigging, or suspending applications.\",\"breadcrumb\":{\"@id\":\"https:\/\/qingdaohf.com\/product\/eye-bolts\/#breadcrumb\"},\"inLanguage\":\"pl-PL\",\"potentialAction\":[{\"@type\":\"ReadAction\",\"target\":[\"https:\/\/qingdaohf.com\/product\/eye-bolts\/\"]}]},{\"@type\":\"ImageObject\",\"inLanguage\":\"pl-PL\",\"@id\":\"https:\/\/qingdaohf.com\/product\/eye-bolts\/#primaryimage\",\"url\":\"https:\/\/qingdaohf.com\/wp-content\/uploads\/2023\/05\/eye-bolt-9.webp\",\"contentUrl\":\"https:\/\/qingdaohf.com\/wp-content\/uploads\/2023\/05\/eye-bolt-9.webp\",\"width\":1000,\"height\":1000,\"caption\":\"eye bolt\"},{\"@type\":\"BreadcrumbList\",\"@id\":\"https:\/\/qingdaohf.com\/product\/eye-bolts\/#breadcrumb\",\"itemListElement\":[{\"@type\":\"ListItem\",\"position\":1,\"name\":\"Home\",\"item\":\"https:\/\/qingdaohf.com\/\"},{\"@type\":\"ListItem\",\"position\":2,\"name\":\"Concrete Forming Accessories and Rigging Hardware\",\"item\":\"https:\/\/qingdaohf.com\/bg\/?page_id=944\"},{\"@type\":\"ListItem\",\"position\":3,\"name\":\"Lifting Eye Bolt DIN580 Carbon Steel Galvanized\"}]},{\"@type\":\"WebSite\",\"@id\":\"https:\/\/qingdaohf.com\/bg\/#website\",\"url\":\"https:\/\/qingdaohf.com\/bg\/\",\"name\":\"Concrete Form & Rigging Hardware Supplier\",\"description\":\"\",\"publisher\":{\"@id\":\"https:\/\/qingdaohf.com\/bg\/#organization\"},\"potentialAction\":[{\"@type\":\"SearchAction\",\"target\":{\"@type\":\"EntryPoint\",\"urlTemplate\":\"https:\/\/qingdaohf.com\/bg\/?s={search_term_string}\"},\"query-input\":{\"@type\":\"PropertyValueSpecification\",\"valueRequired\":true,\"valueName\":\"search_term_string\"}}],\"inLanguage\":\"pl-PL\"},{\"@type\":\"Organization\",\"@id\":\"https:\/\/qingdaohf.com\/bg\/#organization\",\"name\":\"Qingdao H&F\",\"url\":\"https:\/\/qingdaohf.com\/bg\/\",\"logo\":{\"@type\":\"ImageObject\",\"inLanguage\":\"pl-PL\",\"@id\":\"https:\/\/qingdaohf.com\/bg\/#\/schema\/logo\/image\/\",\"url\":\"https:\/\/qingdaohf.com\/wp-content\/uploads\/2022\/12\/cropped-HF-LOGO.png\",\"contentUrl\":\"https:\/\/qingdaohf.com\/wp-content\/uploads\/2022\/12\/cropped-HF-LOGO.png\",\"width\":391,\"height\":249,\"caption\":\"Qingdao H&F\"},\"image\":{\"@id\":\"https:\/\/qingdaohf.com\/bg\/#\/schema\/logo\/image\/\"},\"sameAs\":[\"https:\/\/www.facebook.com\/qingdaohf\"]}]}<\/script>\n<!-- \/ Yoast SEO plugin. -->","yoast_head_json":{"title":"Lifting Eye Bolt DIN580 Carbon Steel Galvanized","description":"Eye bolts are specialized fasteners designed to provide a secure and reliable anchor point for lifting, rigging, or suspending applications.","robots":{"index":"index","follow":"follow","max-snippet":"max-snippet:-1","max-image-preview":"max-image-preview:large","max-video-preview":"max-video-preview:-1"},"canonical":"https:\/\/qingdaohf.com\/pl\/produkt\/sruby-oczkowe\/","og_locale":"pl_PL","og_type":"article","og_title":"Lifting Eye Bolt DIN580 Carbon Steel Galvanized","og_description":"Eye bolts are specialized fasteners designed to provide a secure and reliable anchor point for lifting, rigging, or suspending applications.","og_url":"https:\/\/qingdaohf.com\/pl\/produkt\/sruby-oczkowe\/","og_site_name":"Concrete Form &amp; Rigging Hardware Supplier","article_publisher":"https:\/\/www.facebook.com\/qingdaohf","article_modified_time":"2025-11-13T01:04:21+00:00","og_image":[{"width":1000,"height":1000,"url":"https:\/\/qingdaohf.com\/wp-content\/uploads\/2023\/05\/eye-bolt-9.webp","type":"image\/webp"}],"twitter_card":"summary_large_image","twitter_misc":{"Szacowany czas czytania":"4 minuty"},"schema":{"@context":"https:\/\/schema.org","@graph":[{"@type":"WebPage","@id":"https:\/\/qingdaohf.com\/product\/eye-bolts\/","url":"https:\/\/qingdaohf.com\/product\/eye-bolts\/","name":"Lifting Eye Bolt DIN580 Carbon Steel Galvanized","isPartOf":{"@id":"https:\/\/qingdaohf.com\/bg\/#website"},"primaryImageOfPage":{"@id":"https:\/\/qingdaohf.com\/product\/eye-bolts\/#primaryimage"},"image":{"@id":"https:\/\/qingdaohf.com\/product\/eye-bolts\/#primaryimage"},"thumbnailUrl":"https:\/\/qingdaohf.com\/wp-content\/uploads\/2023\/05\/eye-bolt-9.webp","datePublished":"2023-05-29T08:48:33+00:00","dateModified":"2025-11-13T01:04:21+00:00","description":"Eye bolts are specialized fasteners designed to provide a secure and reliable anchor point for lifting, rigging, or suspending applications.","breadcrumb":{"@id":"https:\/\/qingdaohf.com\/product\/eye-bolts\/#breadcrumb"},"inLanguage":"pl-PL","potentialAction":[{"@type":"ReadAction","target":["https:\/\/qingdaohf.com\/product\/eye-bolts\/"]}]},{"@type":"ImageObject","inLanguage":"pl-PL","@id":"https:\/\/qingdaohf.com\/product\/eye-bolts\/#primaryimage","url":"https:\/\/qingdaohf.com\/wp-content\/uploads\/2023\/05\/eye-bolt-9.webp","contentUrl":"https:\/\/qingdaohf.com\/wp-content\/uploads\/2023\/05\/eye-bolt-9.webp","width":1000,"height":1000,"caption":"eye bolt"},{"@type":"BreadcrumbList","@id":"https:\/\/qingdaohf.com\/product\/eye-bolts\/#breadcrumb","itemListElement":[{"@type":"ListItem","position":1,"name":"Home","item":"https:\/\/qingdaohf.com\/"},{"@type":"ListItem","position":2,"name":"Concrete Forming Accessories and Rigging Hardware","item":"https:\/\/qingdaohf.com\/bg\/?page_id=944"},{"@type":"ListItem","position":3,"name":"Lifting Eye Bolt DIN580 Carbon Steel Galvanized"}]},{"@type":"WebSite","@id":"https:\/\/qingdaohf.com\/bg\/#website","url":"https:\/\/qingdaohf.com\/bg\/","name":"Concrete Form & Rigging Hardware Supplier","description":"","publisher":{"@id":"https:\/\/qingdaohf.com\/bg\/#organization"},"potentialAction":[{"@type":"SearchAction","target":{"@type":"EntryPoint","urlTemplate":"https:\/\/qingdaohf.com\/bg\/?s={search_term_string}"},"query-input":{"@type":"PropertyValueSpecification","valueRequired":true,"valueName":"search_term_string"}}],"inLanguage":"pl-PL"},{"@type":"Organization","@id":"https:\/\/qingdaohf.com\/bg\/#organization","name":"Qingdao H&F","url":"https:\/\/qingdaohf.com\/bg\/","logo":{"@type":"ImageObject","inLanguage":"pl-PL","@id":"https:\/\/qingdaohf.com\/bg\/#\/schema\/logo\/image\/","url":"https:\/\/qingdaohf.com\/wp-content\/uploads\/2022\/12\/cropped-HF-LOGO.png","contentUrl":"https:\/\/qingdaohf.com\/wp-content\/uploads\/2022\/12\/cropped-HF-LOGO.png","width":391,"height":249,"caption":"Qingdao H&F"},"image":{"@id":"https:\/\/qingdaohf.com\/bg\/#\/schema\/logo\/image\/"},"sameAs":["https:\/\/www.facebook.com\/qingdaohf"]}]}},"_links":{"self":[{"href":"https:\/\/qingdaohf.com\/pl\/wp-json\/wp\/v2\/product\/4232","targetHints":{"allow":["GET"]}}],"collection":[{"href":"https:\/\/qingdaohf.com\/pl\/wp-json\/wp\/v2\/product"}],"about":[{"href":"https:\/\/qingdaohf.com\/pl\/wp-json\/wp\/v2\/types\/product"}],"replies":[{"embeddable":true,"href":"https:\/\/qingdaohf.com\/pl\/wp-json\/wp\/v2\/comments?post=4232"}],"version-history":[{"count":5,"href":"https:\/\/qingdaohf.com\/pl\/wp-json\/wp\/v2\/product\/4232\/revisions"}],"predecessor-version":[{"id":4561,"href":"https:\/\/qingdaohf.com\/pl\/wp-json\/wp\/v2\/product\/4232\/revisions\/4561"}],"wp:featuredmedia":[{"embeddable":true,"href":"https:\/\/qingdaohf.com\/pl\/wp-json\/wp\/v2\/media\/8968"}],"wp:attachment":[{"href":"https:\/\/qingdaohf.com\/pl\/wp-json\/wp\/v2\/media?parent=4232"}],"wp:term":[{"taxonomy":"product_brand","embeddable":true,"href":"https:\/\/qingdaohf.com\/pl\/wp-json\/wp\/v2\/product_brand?post=4232"},{"taxonomy":"product_cat","embeddable":true,"href":"https:\/\/qingdaohf.com\/pl\/wp-json\/wp\/v2\/product_cat?post=4232"},{"taxonomy":"product_tag","embeddable":true,"href":"https:\/\/qingdaohf.com\/pl\/wp-json\/wp\/v2\/product_tag?post=4232"}],"curies":[{"name":"wp","href":"https:\/\/api.w.org\/{rel}","templated":true}]}}