{"id":4275,"date":"2023-06-01T18:03:32","date_gmt":"2023-06-01T10:03:32","guid":{"rendered":"http:\/\/qingdaohf.com\/?post_type=product&#038;p=4275"},"modified":"2025-11-13T09:04:04","modified_gmt":"2025-11-13T01:04:04","slug":"plastic-strip-nail","status":"publish","type":"product","link":"https:\/\/qingdaohf.com\/pl\/produkt\/plastikowy-gwozdz-paskowy\/","title":{"rendered":"Plastikowy pasek do paznokci"},"content":{"rendered":"<ol>\n<li>Materia\u0142: Plastikowe gwo\u017adzie ta\u015bmowe s\u0105 zazwyczaj wykonane z wysokiej jako\u015bci, trwa\u0142ych tworzyw sztucznych, takich jak polietylen lub poliw\u0119glan. Materia\u0142y te oferuj\u0105 szereg zalet, w tym odporno\u015b\u0107 na rdz\u0119, korozj\u0119 i chemikalia. Plastikowe gwo\u017adzie paskowe s\u0105 szczeg\u00f3lnie odpowiednie do zastosowa\u0144, w kt\u00f3rych metalowe gwo\u017adzie mog\u0105 powodowa\u0107 plamy lub reagowa\u0107 z niekt\u00f3rymi materia\u0142ami.<\/li>\n<li>Konfiguracja ta\u015bmy: W przeciwie\u0144stwie do pojedynczych gwo\u017adzi luzem lub gwo\u017adzi w zwojach, plastikowe gwo\u017adzie paskowe s\u0105 po\u0142\u0105czone ze sob\u0105 w formie paska lub ta\u015bmy. Taka konfiguracja ta\u015bmy pozwala na \u0142atwe \u0142adowanie do pistolet\u00f3w do gwo\u017adzi i u\u0142atwia szybkie i ci\u0105g\u0142e wystrzeliwanie, skracaj\u0105c czas przestoj\u00f3w na prze\u0142adowywanie. Gwo\u017adzie s\u0105 rozmieszczone r\u00f3wnomiernie na pasku i utrzymywane razem za pomoc\u0105 elastycznego plastikowego paska lub kleju.<\/li>\n<li>Szpic i trzpie\u0144: Plastikowe gwo\u017adzie paskowe maj\u0105 zazwyczaj ostry diamentowy lub d\u0142utowaty czubek umo\u017cliwiaj\u0105cy precyzyjne wbijanie w r\u00f3\u017cne materia\u0142y. Trzon (korpus) gwo\u017adzia jest zwykle g\u0142adki lub lekko teksturowany, aby zapewni\u0107 wystarczaj\u0105c\u0105 przyczepno\u015b\u0107 i si\u0142\u0119 trzymania.<\/li>\n<li>Rozmiary i zastosowania: Plastikowe gwo\u017adzie ta\u015bmowe s\u0105 dost\u0119pne w r\u00f3\u017cnych d\u0142ugo\u015bciach, \u015brednicach i grubo\u015bciach, aby dostosowa\u0107 si\u0119 do r\u00f3\u017cnych zastosowa\u0144. S\u0105 one powszechnie stosowane w budownictwie do wykonywania konstrukcji szkieletowych, poszycia, desek tarasowych, siding\u00f3w i og\u00f3lnych prac stolarskich. Plastikowe gwo\u017adzie paskowe nadaj\u0105 si\u0119 r\u00f3wnie\u017c do zastosowa\u0144, w kt\u00f3rych wymagane s\u0105 niemetalowe elementy z\u0142\u0105czne, takie jak instalacje elektryczne lub hydrauliczne.<\/li>\n<li>Wszechstronno\u015b\u0107: Plastikowe gwo\u017adzie paskowe mog\u0105 by\u0107 u\u017cywane z wi\u0119kszo\u015bci\u0105 pneumatycznych lub bezprzewodowych gwo\u017adziarek, kt\u00f3re s\u0105 kompatybilne z gwo\u017adziami paskowymi. Te gwo\u017adziarki zosta\u0142y zaprojektowane tak, aby skutecznie wbija\u0107 gwo\u017adzie w materia\u0142, dzi\u0119ki czemu idealnie nadaj\u0105 si\u0119 do projekt\u00f3w o du\u017cej obj\u0119to\u015bci i zmniejszaj\u0105 wysi\u0142ek r\u0119czny.<\/li>\n<li>Mniejsze rozdwajanie i uszkodzenia: Tworzywo sztuczne stosowane w gwo\u017adziach ta\u015bmowych oferuje pewne zalety w por\u00f3wnaniu z gwo\u017adziami metalowymi, szczeg\u00f3lnie w przypadku delikatnych lub kruchych materia\u0142\u00f3w. Plastikowe gwo\u017adzie paskowe s\u0105 mniej podatne na rozszczepianie, p\u0119kanie lub uszkodzenie mocowanego materia\u0142u, co czyni je preferowanym wyborem do zastosowa\u0144, w kt\u00f3rych kluczowe znaczenie ma zachowanie integralno\u015bci przedmiotu obrabianego.<\/li>\n<li>Przyjazne dla \u015brodowiska: Plastikowe gwo\u017adzie paskowe s\u0105 cz\u0119sto uwa\u017cane za bardziej przyjazne dla \u015brodowiska w por\u00f3wnaniu do gwo\u017adzi metalowych. Tworzywa sztuczne nadaj\u0105 si\u0119 do recyklingu i mog\u0105 by\u0107 ponownie u\u017cyte lub wykorzystane, oferuj\u0105c zr\u00f3wnowa\u017con\u0105 alternatyw\u0119 dla tradycyjnych metalowych element\u00f3w z\u0142\u0105cznych.\n<div class=\"ast-oembed-container\" style=\"height: 100%;\"><iframe title=\"gwo\u017adzie ramowe do oku\u0107 21-stopniowe gwo\u017adzie listwowe z tworzywa sztucznego\" width=\"500\" height=\"281\" src=\"https:\/\/www.youtube.com\/embed\/Y3yTImnWLqU?feature=oembed\" frameborder=\"0\" allow=\"accelerometer; autoplay; clipboard-write; encrypted-media; gyroscope; picture-in-picture; web-share\" referrerpolicy=\"strict-origin-when-cross-origin\" allowfullscreen><\/iframe><\/div>\n<\/li>\n<\/ol>","protected":false},"excerpt":{"rendered":"<p>Plastikowe gwo\u017adzie ta\u015bmowe stanowi\u0105 niezawodne i wygodne rozwi\u0105zanie do mocowania w szerokim zakresie zastosowa\u0144. Konfiguracja pask\u00f3w, kompatybilno\u015b\u0107 z gwo\u017adziarkami i wszechstronno\u015b\u0107 sprawiaj\u0105, \u017ce s\u0105 one popularne w\u015br\u00f3d profesjonalist\u00f3w z bran\u017cy budowlanej i obr\u00f3bki drewna. Dodatkowo, ich niemetaliczny sk\u0142ad i zmniejszone ryzyko uszkodzenia materia\u0142\u00f3w sprawiaj\u0105, \u017ce nadaj\u0105 si\u0119 do specjalistycznych zastosowa\u0144, w kt\u00f3rych gwo\u017adzie metalowe mog\u0105 nie by\u0107 idealne.<\/p>","protected":false},"featured_media":4276,"comment_status":"open","ping_status":"closed","template":"","meta":{"site-sidebar-layout":"default","site-content-layout":"default","ast-site-content-layout":"","site-content-style":"default","site-sidebar-style":"default","ast-global-header-display":"","ast-banner-title-visibility":"","ast-main-header-display":"","ast-hfb-above-header-display":"","ast-hfb-below-header-display":"","ast-hfb-mobile-header-display":"","site-post-title":"","ast-breadcrumbs-content":"","ast-featured-img":"","footer-sml-layout":"","theme-transparent-header-meta":"default","adv-header-id-meta":"","stick-header-meta":"default","header-above-stick-meta":"","header-main-stick-meta":"","header-below-stick-meta":"","astra-migrate-meta-layouts":"default","ast-page-background-enabled":"default","ast-page-background-meta":{"desktop":{"background-color":"","background-image":"","background-repeat":"repeat","background-position":"center center","background-size":"auto","background-attachment":"scroll","background-type":"","background-media":"","overlay-type":"","overlay-color":"","overlay-opacity":"","overlay-gradient":""},"tablet":{"background-color":"","background-image":"","background-repeat":"repeat","background-position":"center center","background-size":"auto","background-attachment":"scroll","background-type":"","background-media":"","overlay-type":"","overlay-color":"","overlay-opacity":"","overlay-gradient":""},"mobile":{"background-color":"","background-image":"","background-repeat":"repeat","background-position":"center center","background-size":"auto","background-attachment":"scroll","background-type":"","background-media":"","overlay-type":"","overlay-color":"","overlay-opacity":"","overlay-gradient":""}},"ast-content-background-meta":{"desktop":{"background-color":"var(--ast-global-color-5)","background-image":"","background-repeat":"repeat","background-position":"center center","background-size":"auto","background-attachment":"scroll","background-type":"","background-media":"","overlay-type":"","overlay-color":"","overlay-opacity":"","overlay-gradient":""},"tablet":{"background-color":"var(--ast-global-color-5)","background-image":"","background-repeat":"repeat","background-position":"center center","background-size":"auto","background-attachment":"scroll","background-type":"","background-media":"","overlay-type":"","overlay-color":"","overlay-opacity":"","overlay-gradient":""},"mobile":{"background-color":"var(--ast-global-color-5)","background-image":"","background-repeat":"repeat","background-position":"center center","background-size":"auto","background-attachment":"scroll","background-type":"","background-media":"","overlay-type":"","overlay-color":"","overlay-opacity":"","overlay-gradient":""}}},"product_brand":[],"product_cat":[34,43],"product_tag":[],"class_list":{"0":"post-4275","1":"product","2":"type-product","3":"status-publish","4":"has-post-thumbnail","6":"product_cat-nail","7":"product_cat-rigging-hardware","8":"desktop-align-left","9":"tablet-align-left","10":"mobile-align-left","11":"ast-product-gallery-layout-horizontal-slider","12":"ast-product-tabs-layout-horizontal","14":"first","15":"instock","16":"shipping-taxable","17":"purchasable","18":"product-type-simple"},"yoast_head":"<!-- This site is optimized with the Yoast SEO plugin v25.2 - https:\/\/yoast.com\/wordpress\/plugins\/seo\/ -->\n<title>Plastic Strip Nail<\/title>\n<meta name=\"description\" content=\"Plastic strip nails provide a reliable and convenient fastening solution for a wide range of applications.\" \/>\n<meta name=\"robots\" content=\"index, follow, max-snippet:-1, max-image-preview:large, max-video-preview:-1\" \/>\n<link rel=\"canonical\" href=\"https:\/\/qingdaohf.com\/pl\/produkt\/plastikowy-gwozdz-paskowy\/\" \/>\n<meta property=\"og:locale\" content=\"pl_PL\" \/>\n<meta property=\"og:type\" content=\"article\" \/>\n<meta property=\"og:title\" content=\"Plastic Strip Nail\" \/>\n<meta property=\"og:description\" content=\"Plastic strip nails provide a reliable and convenient fastening solution for a wide range of applications.\" \/>\n<meta property=\"og:url\" content=\"https:\/\/qingdaohf.com\/pl\/produkt\/plastikowy-gwozdz-paskowy\/\" \/>\n<meta property=\"og:site_name\" content=\"Concrete Form &amp; Rigging Hardware Supplier\" \/>\n<meta property=\"article:publisher\" content=\"https:\/\/www.facebook.com\/qingdaohf\" \/>\n<meta property=\"article:modified_time\" content=\"2025-11-13T01:04:04+00:00\" \/>\n<meta property=\"og:image\" content=\"https:\/\/qingdaohf.com\/wp-content\/uploads\/2023\/06\/plastic-nail-1.jpg\" \/>\n\t<meta property=\"og:image:width\" content=\"1000\" \/>\n\t<meta property=\"og:image:height\" content=\"1000\" \/>\n\t<meta property=\"og:image:type\" content=\"image\/jpeg\" \/>\n<meta name=\"twitter:card\" content=\"summary_large_image\" \/>\n<meta name=\"twitter:label1\" content=\"Szacowany czas czytania\" \/>\n\t<meta name=\"twitter:data1\" content=\"2 minuty\" \/>\n<script type=\"application\/ld+json\" class=\"yoast-schema-graph\">{\"@context\":\"https:\/\/schema.org\",\"@graph\":[{\"@type\":\"WebPage\",\"@id\":\"https:\/\/qingdaohf.com\/product\/plastic-strip-nail\/\",\"url\":\"https:\/\/qingdaohf.com\/product\/plastic-strip-nail\/\",\"name\":\"Plastic Strip Nail\",\"isPartOf\":{\"@id\":\"https:\/\/qingdaohf.com\/bg\/#website\"},\"primaryImageOfPage\":{\"@id\":\"https:\/\/qingdaohf.com\/product\/plastic-strip-nail\/#primaryimage\"},\"image\":{\"@id\":\"https:\/\/qingdaohf.com\/product\/plastic-strip-nail\/#primaryimage\"},\"thumbnailUrl\":\"https:\/\/qingdaohf.com\/wp-content\/uploads\/2023\/06\/plastic-nail-1.jpg\",\"datePublished\":\"2023-06-01T10:03:32+00:00\",\"dateModified\":\"2025-11-13T01:04:04+00:00\",\"description\":\"Plastic strip nails provide a reliable and convenient fastening solution for a wide range of applications.\",\"breadcrumb\":{\"@id\":\"https:\/\/qingdaohf.com\/product\/plastic-strip-nail\/#breadcrumb\"},\"inLanguage\":\"pl-PL\",\"potentialAction\":[{\"@type\":\"ReadAction\",\"target\":[\"https:\/\/qingdaohf.com\/product\/plastic-strip-nail\/\"]}]},{\"@type\":\"ImageObject\",\"inLanguage\":\"pl-PL\",\"@id\":\"https:\/\/qingdaohf.com\/product\/plastic-strip-nail\/#primaryimage\",\"url\":\"https:\/\/qingdaohf.com\/wp-content\/uploads\/2023\/06\/plastic-nail-1.jpg\",\"contentUrl\":\"https:\/\/qingdaohf.com\/wp-content\/uploads\/2023\/06\/plastic-nail-1.jpg\",\"width\":1000,\"height\":1000,\"caption\":\"plastic strip nail\"},{\"@type\":\"BreadcrumbList\",\"@id\":\"https:\/\/qingdaohf.com\/product\/plastic-strip-nail\/#breadcrumb\",\"itemListElement\":[{\"@type\":\"ListItem\",\"position\":1,\"name\":\"Home\",\"item\":\"https:\/\/qingdaohf.com\/\"},{\"@type\":\"ListItem\",\"position\":2,\"name\":\"Concrete Forming Accessories and Rigging Hardware\",\"item\":\"https:\/\/qingdaohf.com\/bg\/?page_id=944\"},{\"@type\":\"ListItem\",\"position\":3,\"name\":\"Plastic Strip Nail\"}]},{\"@type\":\"WebSite\",\"@id\":\"https:\/\/qingdaohf.com\/bg\/#website\",\"url\":\"https:\/\/qingdaohf.com\/bg\/\",\"name\":\"Concrete Form & Rigging Hardware Supplier\",\"description\":\"\",\"publisher\":{\"@id\":\"https:\/\/qingdaohf.com\/bg\/#organization\"},\"potentialAction\":[{\"@type\":\"SearchAction\",\"target\":{\"@type\":\"EntryPoint\",\"urlTemplate\":\"https:\/\/qingdaohf.com\/bg\/?s={search_term_string}\"},\"query-input\":{\"@type\":\"PropertyValueSpecification\",\"valueRequired\":true,\"valueName\":\"search_term_string\"}}],\"inLanguage\":\"pl-PL\"},{\"@type\":\"Organization\",\"@id\":\"https:\/\/qingdaohf.com\/bg\/#organization\",\"name\":\"Qingdao H&F\",\"url\":\"https:\/\/qingdaohf.com\/bg\/\",\"logo\":{\"@type\":\"ImageObject\",\"inLanguage\":\"pl-PL\",\"@id\":\"https:\/\/qingdaohf.com\/bg\/#\/schema\/logo\/image\/\",\"url\":\"https:\/\/qingdaohf.com\/wp-content\/uploads\/2022\/12\/cropped-HF-LOGO.png\",\"contentUrl\":\"https:\/\/qingdaohf.com\/wp-content\/uploads\/2022\/12\/cropped-HF-LOGO.png\",\"width\":391,\"height\":249,\"caption\":\"Qingdao H&F\"},\"image\":{\"@id\":\"https:\/\/qingdaohf.com\/bg\/#\/schema\/logo\/image\/\"},\"sameAs\":[\"https:\/\/www.facebook.com\/qingdaohf\"]}]}<\/script>\n<!-- \/ Yoast SEO plugin. -->","yoast_head_json":{"title":"Plastic Strip Nail","description":"Plastic strip nails provide a reliable and convenient fastening solution for a wide range of applications.","robots":{"index":"index","follow":"follow","max-snippet":"max-snippet:-1","max-image-preview":"max-image-preview:large","max-video-preview":"max-video-preview:-1"},"canonical":"https:\/\/qingdaohf.com\/pl\/produkt\/plastikowy-gwozdz-paskowy\/","og_locale":"pl_PL","og_type":"article","og_title":"Plastic Strip Nail","og_description":"Plastic strip nails provide a reliable and convenient fastening solution for a wide range of applications.","og_url":"https:\/\/qingdaohf.com\/pl\/produkt\/plastikowy-gwozdz-paskowy\/","og_site_name":"Concrete Form &amp; Rigging Hardware Supplier","article_publisher":"https:\/\/www.facebook.com\/qingdaohf","article_modified_time":"2025-11-13T01:04:04+00:00","og_image":[{"width":1000,"height":1000,"url":"https:\/\/qingdaohf.com\/wp-content\/uploads\/2023\/06\/plastic-nail-1.jpg","type":"image\/jpeg"}],"twitter_card":"summary_large_image","twitter_misc":{"Szacowany czas czytania":"2 minuty"},"schema":{"@context":"https:\/\/schema.org","@graph":[{"@type":"WebPage","@id":"https:\/\/qingdaohf.com\/product\/plastic-strip-nail\/","url":"https:\/\/qingdaohf.com\/product\/plastic-strip-nail\/","name":"Plastic Strip Nail","isPartOf":{"@id":"https:\/\/qingdaohf.com\/bg\/#website"},"primaryImageOfPage":{"@id":"https:\/\/qingdaohf.com\/product\/plastic-strip-nail\/#primaryimage"},"image":{"@id":"https:\/\/qingdaohf.com\/product\/plastic-strip-nail\/#primaryimage"},"thumbnailUrl":"https:\/\/qingdaohf.com\/wp-content\/uploads\/2023\/06\/plastic-nail-1.jpg","datePublished":"2023-06-01T10:03:32+00:00","dateModified":"2025-11-13T01:04:04+00:00","description":"Plastic strip nails provide a reliable and convenient fastening solution for a wide range of applications.","breadcrumb":{"@id":"https:\/\/qingdaohf.com\/product\/plastic-strip-nail\/#breadcrumb"},"inLanguage":"pl-PL","potentialAction":[{"@type":"ReadAction","target":["https:\/\/qingdaohf.com\/product\/plastic-strip-nail\/"]}]},{"@type":"ImageObject","inLanguage":"pl-PL","@id":"https:\/\/qingdaohf.com\/product\/plastic-strip-nail\/#primaryimage","url":"https:\/\/qingdaohf.com\/wp-content\/uploads\/2023\/06\/plastic-nail-1.jpg","contentUrl":"https:\/\/qingdaohf.com\/wp-content\/uploads\/2023\/06\/plastic-nail-1.jpg","width":1000,"height":1000,"caption":"plastic strip nail"},{"@type":"BreadcrumbList","@id":"https:\/\/qingdaohf.com\/product\/plastic-strip-nail\/#breadcrumb","itemListElement":[{"@type":"ListItem","position":1,"name":"Home","item":"https:\/\/qingdaohf.com\/"},{"@type":"ListItem","position":2,"name":"Concrete Forming Accessories and Rigging Hardware","item":"https:\/\/qingdaohf.com\/bg\/?page_id=944"},{"@type":"ListItem","position":3,"name":"Plastic Strip Nail"}]},{"@type":"WebSite","@id":"https:\/\/qingdaohf.com\/bg\/#website","url":"https:\/\/qingdaohf.com\/bg\/","name":"Concrete Form & Rigging Hardware Supplier","description":"","publisher":{"@id":"https:\/\/qingdaohf.com\/bg\/#organization"},"potentialAction":[{"@type":"SearchAction","target":{"@type":"EntryPoint","urlTemplate":"https:\/\/qingdaohf.com\/bg\/?s={search_term_string}"},"query-input":{"@type":"PropertyValueSpecification","valueRequired":true,"valueName":"search_term_string"}}],"inLanguage":"pl-PL"},{"@type":"Organization","@id":"https:\/\/qingdaohf.com\/bg\/#organization","name":"Qingdao H&F","url":"https:\/\/qingdaohf.com\/bg\/","logo":{"@type":"ImageObject","inLanguage":"pl-PL","@id":"https:\/\/qingdaohf.com\/bg\/#\/schema\/logo\/image\/","url":"https:\/\/qingdaohf.com\/wp-content\/uploads\/2022\/12\/cropped-HF-LOGO.png","contentUrl":"https:\/\/qingdaohf.com\/wp-content\/uploads\/2022\/12\/cropped-HF-LOGO.png","width":391,"height":249,"caption":"Qingdao H&F"},"image":{"@id":"https:\/\/qingdaohf.com\/bg\/#\/schema\/logo\/image\/"},"sameAs":["https:\/\/www.facebook.com\/qingdaohf"]}]}},"_links":{"self":[{"href":"https:\/\/qingdaohf.com\/pl\/wp-json\/wp\/v2\/product\/4275","targetHints":{"allow":["GET"]}}],"collection":[{"href":"https:\/\/qingdaohf.com\/pl\/wp-json\/wp\/v2\/product"}],"about":[{"href":"https:\/\/qingdaohf.com\/pl\/wp-json\/wp\/v2\/types\/product"}],"replies":[{"embeddable":true,"href":"https:\/\/qingdaohf.com\/pl\/wp-json\/wp\/v2\/comments?post=4275"}],"version-history":[{"count":1,"href":"https:\/\/qingdaohf.com\/pl\/wp-json\/wp\/v2\/product\/4275\/revisions"}],"predecessor-version":[{"id":10417,"href":"https:\/\/qingdaohf.com\/pl\/wp-json\/wp\/v2\/product\/4275\/revisions\/10417"}],"wp:featuredmedia":[{"embeddable":true,"href":"https:\/\/qingdaohf.com\/pl\/wp-json\/wp\/v2\/media\/4276"}],"wp:attachment":[{"href":"https:\/\/qingdaohf.com\/pl\/wp-json\/wp\/v2\/media?parent=4275"}],"wp:term":[{"taxonomy":"product_brand","embeddable":true,"href":"https:\/\/qingdaohf.com\/pl\/wp-json\/wp\/v2\/product_brand?post=4275"},{"taxonomy":"product_cat","embeddable":true,"href":"https:\/\/qingdaohf.com\/pl\/wp-json\/wp\/v2\/product_cat?post=4275"},{"taxonomy":"product_tag","embeddable":true,"href":"https:\/\/qingdaohf.com\/pl\/wp-json\/wp\/v2\/product_tag?post=4275"}],"curies":[{"name":"wp","href":"https:\/\/api.w.org\/{rel}","templated":true}]}}