{"id":4551,"date":"2023-06-25T17:55:26","date_gmt":"2023-06-25T09:55:26","guid":{"rendered":"http:\/\/qingdaohf.com\/?post_type=product&#038;p=4551"},"modified":"2025-11-13T09:04:03","modified_gmt":"2025-11-13T01:04:03","slug":"closed-body-turnbuckle","status":"publish","type":"product","link":"https:\/\/qingdaohf.com\/pl\/produkt\/sciagacz-zamkniety\/","title":{"rendered":"\u015aruba rzymska zamkni\u0119ta"},"content":{"rendered":"<h2 class=\"text-2xl font-bold mt-1 text-text-200\">Wprowadzenie do \u015bruby rzymskiej zamkni\u0119tej<\/h2>\n<p class=\"whitespace-pre-wrap break-words\">Porozmawiajmy o napinaczach zamkni\u0119tych - tych niezb\u0119dnych urz\u0105dzeniach mechanicznych, kt\u00f3re mo\u017cna znale\u017a\u0107 wsz\u0119dzie tam, gdzie napi\u0119cie wymaga precyzyjnej regulacji. Mo\u017cna je uzna\u0107 za niedocenianych bohater\u00f3w system\u00f3w linowych. W przeciwie\u0144stwie do swoich prostszych kuzyn\u00f3w, te napinacze maj\u0105 w pe\u0142ni zamkni\u0119t\u0105 konstrukcj\u0119, kt\u00f3ra chroni ich cz\u0119\u015bci robocze przed czynnikami atmosferycznymi, dzi\u0119ki czemu s\u0105 niezwykle niezawodne we wszystkim, od plac\u00f3w budowy po \u017caglowce.<\/p>\n<p class=\"whitespace-pre-wrap break-words\">Geniusz tkwi w ich prostej, ale skutecznej konstrukcji: dwa gwintowane ko\u0144ce po\u0142\u0105czone chronionym mechanizmem wewn\u0119trznym. Taka konfiguracja pozwala wybra\u0107 dok\u0142adnie odpowiednie napi\u0119cie, jednocze\u015bnie chroni\u0105c wszystkie istotne elementy przed warunkami atmosferycznymi i zu\u017cyciem. Dla profesjonalist\u00f3w, kt\u00f3rzy nie mog\u0105 sobie pozwoli\u0107 na awari\u0119 sprz\u0119tu, ta dodatkowa ochrona jest nie tylko przyjemna, ale wr\u0119cz niezb\u0119dna.<\/p>\n<h2 class=\"text-xl font-bold text-text-200 mt-1 -mb-0.5\">Korzy\u015bci p\u0142yn\u0105ce z u\u017cywania \u015bruby rzymskiej zamkni\u0119tej<\/h2>\n<p class=\"whitespace-pre-wrap break-words\">Mo\u017cna si\u0119 zastanawia\u0107, dlaczego \u015bci\u0105gacze z zamkni\u0119tym korpusem sta\u0142y si\u0119 najlepszym wyborem w wymagaj\u0105cych zastosowaniach. Po pierwsze, s\u0105 one zbudowane jak czo\u0142gi. Wykonane z wytrzyma\u0142ych materia\u0142\u00f3w, takich jak stal nierdzewna lub w\u0119glowa, urz\u0105dzenia te \u015bmiej\u0105 si\u0119 w obliczu trudnych warunk\u00f3w pogodowych i du\u017cych obci\u0105\u017ce\u0144. To rodzaj narz\u0119dzia, kt\u00f3re dzia\u0142a d\u0142ugo po tym, jak inne si\u0119 podda\u0142y.<\/p>\n<p class=\"whitespace-pre-wrap break-words\">To, co naprawd\u0119 je wyr\u00f3\u017cnia, to \u0142atwo\u015b\u0107 obs\u0142ugi. Potrzebujesz poprawi\u0107 napi\u0119cie? To tak proste, jak obracanie korpusu, a\u017c trafisz w najlepsze miejsce. Ma to ogromne znaczenie, gdy masz do czynienia z czym\u015b takim jak takielunek \u017cagl\u00f3wki, gdzie regulacja napi\u0119cia mo\u017ce by\u0107 konieczna w locie.<\/p>\n<p class=\"whitespace-pre-wrap break-words\">Zamkni\u0119ta konstrukcja nie jest tylko na pokaz. Chroni\u0105c gwintowanie, zasadniczo dodajesz lata do \u017cywotno\u015bci \u015bruby rzymskiej. Por\u00f3wnuj\u0105c je do wersji z otwartym korpusem, to jak wyb\u00f3r mi\u0119dzy wodoodpornym zegarkiem a zwyk\u0142ym - oczywi\u015bcie, oba wskazuj\u0105 czas, ale wiesz, kt\u00f3ry wolisz mie\u0107 podczas burzy.<\/p>\n<h2 class=\"text-xl font-bold text-text-200 mt-1 -mb-0.5\">Zastosowania \u015brub rzymskich zamkni\u0119tych<\/h2>\n<p class=\"whitespace-pre-wrap break-words\">Te wszechstronne narz\u0119dzia znalaz\u0142y zastosowanie w niemal ka\u017cdej bran\u017cy, w kt\u00f3rej napr\u0119\u017cenie ma znaczenie. Ekipy budowlane polegaj\u0105 na nich, aby utrzyma\u0107 napi\u0119cie kabli w mostach i wie\u017cach, zapewniaj\u0105c, \u017ce te masywne konstrukcje pozostan\u0105 solidne jak ska\u0142a. Na wodzie \u017ceglarze ufaj\u0105 im, \u017ce utrzymaj\u0105 ich takielunek napi\u0119ty i responsywny, dostosowuj\u0105c si\u0119 do warunk\u00f3w pogodowych.<\/p>\n<p class=\"whitespace-pre-wrap break-words\">\u015aci\u0105gacze zamkni\u0119te odgrywaj\u0105 kluczow\u0105 rol\u0119 nawet w zaawansowanych technologicznie dziedzinach, takich jak przemys\u0142 motoryzacyjny i lotniczy. S\u0105 one niezb\u0119dne do zabezpieczania komponent\u00f3w i utrzymywania precyzyjnego napr\u0119\u017cenia w r\u00f3\u017cnych systemach mechanicznych.<\/p>\n<p class=\"whitespace-pre-wrap break-words\">Spo\u0142eczno\u015b\u0107 majsterkowicz\u00f3w r\u00f3wnie\u017c je przyj\u0119\u0142a. Niezale\u017cnie od tego, czy montujesz drucian\u0105 balustrad\u0119 na tarasie, czy instalujesz system krat ogrodowych, te \u015bruby rzymskie zapewniaj\u0105 profesjonaln\u0105 niezawodno\u015b\u0107, kt\u00f3ra gwarantuje, \u017ce Tw\u00f3j projekt przetrwa pr\u00f3b\u0119 czasu.<\/p>\n<h2 class=\"text-xl font-bold text-text-200 mt-1 -mb-0.5\">Dlaczego warto nas wybra\u0107<\/h2>\n<p class=\"whitespace-pre-wrap break-words\">Zbudowali\u015bmy nasz\u0105 reputacj\u0119 na dostarczaniu \u015brub rzymskich, kt\u00f3re konsekwentnie przekraczaj\u0105 oczekiwania. Nasza linia produkt\u00f3w obejmuje ka\u017cd\u0105 mo\u017cliw\u0105 specyfikacj\u0119, zapewniaj\u0105c, \u017ce znajdziesz dok\u0142adnie to, czego wymaga Tw\u00f3j projekt. To, co naprawd\u0119 nas wyr\u00f3\u017cnia, to nasze praktyczne podej\u015bcie do obs\u0142ugi klienta.<\/p>\n<p class=\"whitespace-pre-wrap break-words\">Wsp\u00f3\u0142pracuj\u0105c z nami, otrzymujesz co\u015b wi\u0119cej ni\u017c tylko wysokiej jako\u015bci napinacze. Otrzymujesz partnera, kt\u00f3ry rozumie Twoje potrzeby i szybko reaguje na Twoje pro\u015bby. Wiemy, \u017ce oczekiwanie na cz\u0119\u015bci mo\u017ce doprowadzi\u0107 do zatrzymania projektu, dlatego zoptymalizowali\u015bmy nasz system dostaw, aby zapewni\u0107 Ci to, czego potrzebujesz i kiedy tego potrzebujesz.<\/p>\n<p class=\"whitespace-pre-wrap break-words\">Ka\u017cdy dostarczany przez nas \u015bci\u0105gacz posiada kompleksowe raporty z kontroli jako\u015bci. Poddajemy nasze produkty rygorystycznym testom, poniewa\u017c rozumiemy, \u017ce w Twojej bran\u017cy pora\u017cka nie wchodzi w gr\u0119.<\/p>\n<h2 class=\"text-2xl font-bold mt-1 text-text-200\">Wnioski<\/h2>\n<p class=\"whitespace-pre-wrap break-words\">Wyb\u00f3r odpowiedniej \u015bruby rzymskiej mo\u017ce zdecydowa\u0107 o powodzeniu lub pora\u017cce projektu. Zamkni\u0119ta konstrukcja korpusu zapewnia dodatkowy poziom ochrony i niezawodno\u015bci, dzi\u0119ki czemu jest warta inwestycji. Niezale\u017cnie od tego, czy podnosisz budynek, czy olinowujesz \u017cagl\u00f3wk\u0119, potrzebujesz sprz\u0119tu, na kt\u00f3rym mo\u017cesz polega\u0107. Nawi\u0105\u017c z nami wsp\u00f3\u0142prac\u0119, a otrzymasz nie tylko najwy\u017cszej jako\u015bci produkty, ale tak\u017ce wsparcie i serwis. Nie id\u017a na kompromis w kwestii jako\u015bci - wybierz \u015bruby rzymskie, kt\u00f3re s\u0105 stworzone do dostarczania.<\/p>","protected":false},"excerpt":{"rendered":"<p>\u015aruba rzymska zamkni\u0119ta jest mocnym i elastycznym elementem wyposa\u017cenia u\u017cywanym do regulacji napr\u0119\u017cenia kabli, lin lub konfiguracji olinowania. Zbudowany z my\u015bl\u0105 o wytrzyma\u0142o\u015bci i precyzji, ten \u015bci\u0105gacz mo\u017ce pasowa\u0107 do wielu zastosowa\u0144, od majsterkowania po zastosowania przemys\u0142owe. Nasza organizacja zapewnia niezr\u00f3wnane korzy\u015bci dzi\u0119ki spersonalizowanej obs\u0142udze klienta, szybkim cyklom dostaw i szczeg\u00f3\u0142owym raportom z kontroli jako\u015bci, aby zagwarantowa\u0107, \u017ce ka\u017cdy produkt jest najwy\u017cszej mo\u017cliwej jako\u015bci. Polegaj na nas, je\u015bli chodzi o niezawodne rozwi\u0105zania spe\u0142niaj\u0105ce Twoje wymagania dotycz\u0105ce \u015brub rzymskich z niezr\u00f3wnan\u0105 wydajno\u015bci\u0105 i jako\u015bci\u0105.<\/p>","protected":false},"featured_media":4552,"comment_status":"open","ping_status":"closed","template":"","meta":{"site-sidebar-layout":"default","site-content-layout":"default","ast-site-content-layout":"default","site-content-style":"default","site-sidebar-style":"default","ast-global-header-display":"","ast-banner-title-visibility":"","ast-main-header-display":"","ast-hfb-above-header-display":"","ast-hfb-below-header-display":"","ast-hfb-mobile-header-display":"","site-post-title":"","ast-breadcrumbs-content":"","ast-featured-img":"","footer-sml-layout":"","theme-transparent-header-meta":"default","adv-header-id-meta":"","stick-header-meta":"default","header-above-stick-meta":"","header-main-stick-meta":"","header-below-stick-meta":"","astra-migrate-meta-layouts":"set","ast-page-background-enabled":"default","ast-page-background-meta":{"desktop":{"background-color":"","background-image":"","background-repeat":"repeat","background-position":"center center","background-size":"auto","background-attachment":"scroll","background-type":"","background-media":"","overlay-type":"","overlay-color":"","overlay-opacity":"","overlay-gradient":""},"tablet":{"background-color":"","background-image":"","background-repeat":"repeat","background-position":"center center","background-size":"auto","background-attachment":"scroll","background-type":"","background-media":"","overlay-type":"","overlay-color":"","overlay-opacity":"","overlay-gradient":""},"mobile":{"background-color":"","background-image":"","background-repeat":"repeat","background-position":"center center","background-size":"auto","background-attachment":"scroll","background-type":"","background-media":"","overlay-type":"","overlay-color":"","overlay-opacity":"","overlay-gradient":""}},"ast-content-background-meta":{"desktop":{"background-color":"var(--ast-global-color-5)","background-image":"","background-repeat":"repeat","background-position":"center center","background-size":"auto","background-attachment":"scroll","background-type":"","background-media":"","overlay-type":"","overlay-color":"","overlay-opacity":"","overlay-gradient":""},"tablet":{"background-color":"var(--ast-global-color-5)","background-image":"","background-repeat":"repeat","background-position":"center center","background-size":"auto","background-attachment":"scroll","background-type":"","background-media":"","overlay-type":"","overlay-color":"","overlay-opacity":"","overlay-gradient":""},"mobile":{"background-color":"var(--ast-global-color-5)","background-image":"","background-repeat":"repeat","background-position":"center center","background-size":"auto","background-attachment":"scroll","background-type":"","background-media":"","overlay-type":"","overlay-color":"","overlay-opacity":"","overlay-gradient":""}}},"product_brand":[],"product_cat":[56,43,44],"product_tag":[],"class_list":{"0":"post-4551","1":"product","2":"type-product","3":"status-publish","4":"has-post-thumbnail","6":"product_cat-turnbuckle","7":"product_cat-rigging-hardware","8":"product_cat-stainless-steel-poduct","9":"desktop-align-left","10":"tablet-align-left","11":"mobile-align-left","12":"ast-product-gallery-layout-horizontal-slider","13":"ast-product-tabs-layout-horizontal","15":"first","16":"instock","17":"shipping-taxable","18":"purchasable","19":"product-type-simple"},"yoast_head":"<!-- This site is optimized with the Yoast SEO plugin v25.2 - https:\/\/yoast.com\/wordpress\/plugins\/seo\/ -->\n<title>Closed Body Turnbuckle<\/title>\n<meta name=\"description\" content=\"A closed body turnbuckle is a mechanical device used to adjust tension or length in a system by utilizing the principle of a screw mechanism.\" \/>\n<meta name=\"robots\" content=\"index, follow, max-snippet:-1, max-image-preview:large, max-video-preview:-1\" \/>\n<link rel=\"canonical\" href=\"https:\/\/qingdaohf.com\/pl\/produkt\/sciagacz-zamkniety\/\" \/>\n<meta property=\"og:locale\" content=\"pl_PL\" \/>\n<meta property=\"og:type\" content=\"article\" \/>\n<meta property=\"og:title\" content=\"Closed Body Turnbuckle\" \/>\n<meta property=\"og:description\" content=\"A closed body turnbuckle is a mechanical device used to adjust tension or length in a system by utilizing the principle of a screw mechanism.\" \/>\n<meta property=\"og:url\" content=\"https:\/\/qingdaohf.com\/pl\/produkt\/sciagacz-zamkniety\/\" \/>\n<meta property=\"og:site_name\" content=\"Concrete Form &amp; Rigging Hardware Supplier\" \/>\n<meta property=\"article:publisher\" content=\"https:\/\/www.facebook.com\/qingdaohf\" \/>\n<meta property=\"article:modified_time\" content=\"2025-11-13T01:04:03+00:00\" \/>\n<meta property=\"og:image\" content=\"https:\/\/qingdaohf.com\/wp-content\/uploads\/2023\/06\/turnbuckle-9.jpg\" \/>\n\t<meta property=\"og:image:width\" content=\"1000\" \/>\n\t<meta property=\"og:image:height\" content=\"1000\" \/>\n\t<meta property=\"og:image:type\" content=\"image\/jpeg\" \/>\n<meta name=\"twitter:card\" content=\"summary_large_image\" \/>\n<meta name=\"twitter:label1\" content=\"Szacowany czas czytania\" \/>\n\t<meta name=\"twitter:data1\" content=\"3 minuty\" \/>\n<script type=\"application\/ld+json\" class=\"yoast-schema-graph\">{\"@context\":\"https:\/\/schema.org\",\"@graph\":[{\"@type\":\"WebPage\",\"@id\":\"https:\/\/qingdaohf.com\/product\/closed-body-turnbuckle\/\",\"url\":\"https:\/\/qingdaohf.com\/product\/closed-body-turnbuckle\/\",\"name\":\"Closed Body Turnbuckle\",\"isPartOf\":{\"@id\":\"https:\/\/qingdaohf.com\/bg\/#website\"},\"primaryImageOfPage\":{\"@id\":\"https:\/\/qingdaohf.com\/product\/closed-body-turnbuckle\/#primaryimage\"},\"image\":{\"@id\":\"https:\/\/qingdaohf.com\/product\/closed-body-turnbuckle\/#primaryimage\"},\"thumbnailUrl\":\"https:\/\/qingdaohf.com\/wp-content\/uploads\/2023\/06\/turnbuckle-9.jpg\",\"datePublished\":\"2023-06-25T09:55:26+00:00\",\"dateModified\":\"2025-11-13T01:04:03+00:00\",\"description\":\"A closed body turnbuckle is a mechanical device used to adjust tension or length in a system by utilizing the principle of a screw mechanism.\",\"breadcrumb\":{\"@id\":\"https:\/\/qingdaohf.com\/product\/closed-body-turnbuckle\/#breadcrumb\"},\"inLanguage\":\"pl-PL\",\"potentialAction\":[{\"@type\":\"ReadAction\",\"target\":[\"https:\/\/qingdaohf.com\/product\/closed-body-turnbuckle\/\"]}]},{\"@type\":\"ImageObject\",\"inLanguage\":\"pl-PL\",\"@id\":\"https:\/\/qingdaohf.com\/product\/closed-body-turnbuckle\/#primaryimage\",\"url\":\"https:\/\/qingdaohf.com\/wp-content\/uploads\/2023\/06\/turnbuckle-9.jpg\",\"contentUrl\":\"https:\/\/qingdaohf.com\/wp-content\/uploads\/2023\/06\/turnbuckle-9.jpg\",\"width\":1000,\"height\":1000,\"caption\":\"turnbuckle\"},{\"@type\":\"BreadcrumbList\",\"@id\":\"https:\/\/qingdaohf.com\/product\/closed-body-turnbuckle\/#breadcrumb\",\"itemListElement\":[{\"@type\":\"ListItem\",\"position\":1,\"name\":\"Home\",\"item\":\"https:\/\/qingdaohf.com\/\"},{\"@type\":\"ListItem\",\"position\":2,\"name\":\"Concrete Forming Accessories and Rigging Hardware\",\"item\":\"https:\/\/qingdaohf.com\/bg\/?page_id=944\"},{\"@type\":\"ListItem\",\"position\":3,\"name\":\"Closed Body Turnbuckle\"}]},{\"@type\":\"WebSite\",\"@id\":\"https:\/\/qingdaohf.com\/bg\/#website\",\"url\":\"https:\/\/qingdaohf.com\/bg\/\",\"name\":\"Concrete Form & Rigging Hardware Supplier\",\"description\":\"\",\"publisher\":{\"@id\":\"https:\/\/qingdaohf.com\/bg\/#organization\"},\"potentialAction\":[{\"@type\":\"SearchAction\",\"target\":{\"@type\":\"EntryPoint\",\"urlTemplate\":\"https:\/\/qingdaohf.com\/bg\/?s={search_term_string}\"},\"query-input\":{\"@type\":\"PropertyValueSpecification\",\"valueRequired\":true,\"valueName\":\"search_term_string\"}}],\"inLanguage\":\"pl-PL\"},{\"@type\":\"Organization\",\"@id\":\"https:\/\/qingdaohf.com\/bg\/#organization\",\"name\":\"Qingdao H&F\",\"url\":\"https:\/\/qingdaohf.com\/bg\/\",\"logo\":{\"@type\":\"ImageObject\",\"inLanguage\":\"pl-PL\",\"@id\":\"https:\/\/qingdaohf.com\/bg\/#\/schema\/logo\/image\/\",\"url\":\"https:\/\/qingdaohf.com\/wp-content\/uploads\/2022\/12\/cropped-HF-LOGO.png\",\"contentUrl\":\"https:\/\/qingdaohf.com\/wp-content\/uploads\/2022\/12\/cropped-HF-LOGO.png\",\"width\":391,\"height\":249,\"caption\":\"Qingdao H&F\"},\"image\":{\"@id\":\"https:\/\/qingdaohf.com\/bg\/#\/schema\/logo\/image\/\"},\"sameAs\":[\"https:\/\/www.facebook.com\/qingdaohf\"]}]}<\/script>\n<!-- \/ Yoast SEO plugin. -->","yoast_head_json":{"title":"Closed Body Turnbuckle","description":"A closed body turnbuckle is a mechanical device used to adjust tension or length in a system by utilizing the principle of a screw mechanism.","robots":{"index":"index","follow":"follow","max-snippet":"max-snippet:-1","max-image-preview":"max-image-preview:large","max-video-preview":"max-video-preview:-1"},"canonical":"https:\/\/qingdaohf.com\/pl\/produkt\/sciagacz-zamkniety\/","og_locale":"pl_PL","og_type":"article","og_title":"Closed Body Turnbuckle","og_description":"A closed body turnbuckle is a mechanical device used to adjust tension or length in a system by utilizing the principle of a screw mechanism.","og_url":"https:\/\/qingdaohf.com\/pl\/produkt\/sciagacz-zamkniety\/","og_site_name":"Concrete Form &amp; Rigging Hardware Supplier","article_publisher":"https:\/\/www.facebook.com\/qingdaohf","article_modified_time":"2025-11-13T01:04:03+00:00","og_image":[{"width":1000,"height":1000,"url":"https:\/\/qingdaohf.com\/wp-content\/uploads\/2023\/06\/turnbuckle-9.jpg","type":"image\/jpeg"}],"twitter_card":"summary_large_image","twitter_misc":{"Szacowany czas czytania":"3 minuty"},"schema":{"@context":"https:\/\/schema.org","@graph":[{"@type":"WebPage","@id":"https:\/\/qingdaohf.com\/product\/closed-body-turnbuckle\/","url":"https:\/\/qingdaohf.com\/product\/closed-body-turnbuckle\/","name":"Closed Body Turnbuckle","isPartOf":{"@id":"https:\/\/qingdaohf.com\/bg\/#website"},"primaryImageOfPage":{"@id":"https:\/\/qingdaohf.com\/product\/closed-body-turnbuckle\/#primaryimage"},"image":{"@id":"https:\/\/qingdaohf.com\/product\/closed-body-turnbuckle\/#primaryimage"},"thumbnailUrl":"https:\/\/qingdaohf.com\/wp-content\/uploads\/2023\/06\/turnbuckle-9.jpg","datePublished":"2023-06-25T09:55:26+00:00","dateModified":"2025-11-13T01:04:03+00:00","description":"A closed body turnbuckle is a mechanical device used to adjust tension or length in a system by utilizing the principle of a screw mechanism.","breadcrumb":{"@id":"https:\/\/qingdaohf.com\/product\/closed-body-turnbuckle\/#breadcrumb"},"inLanguage":"pl-PL","potentialAction":[{"@type":"ReadAction","target":["https:\/\/qingdaohf.com\/product\/closed-body-turnbuckle\/"]}]},{"@type":"ImageObject","inLanguage":"pl-PL","@id":"https:\/\/qingdaohf.com\/product\/closed-body-turnbuckle\/#primaryimage","url":"https:\/\/qingdaohf.com\/wp-content\/uploads\/2023\/06\/turnbuckle-9.jpg","contentUrl":"https:\/\/qingdaohf.com\/wp-content\/uploads\/2023\/06\/turnbuckle-9.jpg","width":1000,"height":1000,"caption":"turnbuckle"},{"@type":"BreadcrumbList","@id":"https:\/\/qingdaohf.com\/product\/closed-body-turnbuckle\/#breadcrumb","itemListElement":[{"@type":"ListItem","position":1,"name":"Home","item":"https:\/\/qingdaohf.com\/"},{"@type":"ListItem","position":2,"name":"Concrete Forming Accessories and Rigging Hardware","item":"https:\/\/qingdaohf.com\/bg\/?page_id=944"},{"@type":"ListItem","position":3,"name":"Closed Body Turnbuckle"}]},{"@type":"WebSite","@id":"https:\/\/qingdaohf.com\/bg\/#website","url":"https:\/\/qingdaohf.com\/bg\/","name":"Concrete Form & Rigging Hardware Supplier","description":"","publisher":{"@id":"https:\/\/qingdaohf.com\/bg\/#organization"},"potentialAction":[{"@type":"SearchAction","target":{"@type":"EntryPoint","urlTemplate":"https:\/\/qingdaohf.com\/bg\/?s={search_term_string}"},"query-input":{"@type":"PropertyValueSpecification","valueRequired":true,"valueName":"search_term_string"}}],"inLanguage":"pl-PL"},{"@type":"Organization","@id":"https:\/\/qingdaohf.com\/bg\/#organization","name":"Qingdao H&F","url":"https:\/\/qingdaohf.com\/bg\/","logo":{"@type":"ImageObject","inLanguage":"pl-PL","@id":"https:\/\/qingdaohf.com\/bg\/#\/schema\/logo\/image\/","url":"https:\/\/qingdaohf.com\/wp-content\/uploads\/2022\/12\/cropped-HF-LOGO.png","contentUrl":"https:\/\/qingdaohf.com\/wp-content\/uploads\/2022\/12\/cropped-HF-LOGO.png","width":391,"height":249,"caption":"Qingdao H&F"},"image":{"@id":"https:\/\/qingdaohf.com\/bg\/#\/schema\/logo\/image\/"},"sameAs":["https:\/\/www.facebook.com\/qingdaohf"]}]}},"_links":{"self":[{"href":"https:\/\/qingdaohf.com\/pl\/wp-json\/wp\/v2\/product\/4551","targetHints":{"allow":["GET"]}}],"collection":[{"href":"https:\/\/qingdaohf.com\/pl\/wp-json\/wp\/v2\/product"}],"about":[{"href":"https:\/\/qingdaohf.com\/pl\/wp-json\/wp\/v2\/types\/product"}],"replies":[{"embeddable":true,"href":"https:\/\/qingdaohf.com\/pl\/wp-json\/wp\/v2\/comments?post=4551"}],"version-history":[{"count":4,"href":"https:\/\/qingdaohf.com\/pl\/wp-json\/wp\/v2\/product\/4551\/revisions"}],"predecessor-version":[{"id":8981,"href":"https:\/\/qingdaohf.com\/pl\/wp-json\/wp\/v2\/product\/4551\/revisions\/8981"}],"wp:featuredmedia":[{"embeddable":true,"href":"https:\/\/qingdaohf.com\/pl\/wp-json\/wp\/v2\/media\/4552"}],"wp:attachment":[{"href":"https:\/\/qingdaohf.com\/pl\/wp-json\/wp\/v2\/media?parent=4551"}],"wp:term":[{"taxonomy":"product_brand","embeddable":true,"href":"https:\/\/qingdaohf.com\/pl\/wp-json\/wp\/v2\/product_brand?post=4551"},{"taxonomy":"product_cat","embeddable":true,"href":"https:\/\/qingdaohf.com\/pl\/wp-json\/wp\/v2\/product_cat?post=4551"},{"taxonomy":"product_tag","embeddable":true,"href":"https:\/\/qingdaohf.com\/pl\/wp-json\/wp\/v2\/product_tag?post=4551"}],"curies":[{"name":"wp","href":"https:\/\/api.w.org\/{rel}","templated":true}]}}