{"id":5473,"date":"2023-10-23T14:14:46","date_gmt":"2023-10-23T06:14:46","guid":{"rendered":"http:\/\/qingdaohf.com\/?post_type=product&#038;p=5473"},"modified":"2025-11-13T09:04:02","modified_gmt":"2025-11-13T01:04:02","slug":"webbing-sling-oem","status":"publish","type":"product","link":"https:\/\/qingdaohf.com\/pl\/produkt\/zawiesie-tasmowe-oem\/","title":{"rendered":"Zawiesie ta\u015bmowe OEM"},"content":{"rendered":"<p><img fetchpriority=\"high\" decoding=\"async\" class=\"alignnone wp-image-5962 size-full\" src=\"http:\/\/qingdaohf.com\/wp-content\/uploads\/2023\/10\/HF-SLINGS-1-scaled.jpg\" alt=\"HF SLINGS \" width=\"1686\" height=\"1920\" srcset=\"https:\/\/qingdaohf.com\/wp-content\/uploads\/2023\/10\/HF-SLINGS-1-scaled.jpg 1686w, https:\/\/qingdaohf.com\/wp-content\/uploads\/2023\/10\/HF-SLINGS-1-264x300.jpg 264w, https:\/\/qingdaohf.com\/wp-content\/uploads\/2023\/10\/HF-SLINGS-1-899x1024.jpg 899w, https:\/\/qingdaohf.com\/wp-content\/uploads\/2023\/10\/HF-SLINGS-1-768x874.jpg 768w, https:\/\/qingdaohf.com\/wp-content\/uploads\/2023\/10\/HF-SLINGS-1-1349x1536.jpg 1349w, https:\/\/qingdaohf.com\/wp-content\/uploads\/2023\/10\/HF-SLINGS-1-1799x2048.jpg 1799w, https:\/\/qingdaohf.com\/wp-content\/uploads\/2023\/10\/HF-SLINGS-1-1000x1139.jpg 1000w\" sizes=\"(max-width: 1686px) 100vw, 1686px\" \/><\/p>\n<h3><strong>Zapewnienie jako\u015bci:<\/strong><\/h3>\n<p>Najwy\u017csza jako\u015b\u0107 zawiesi pasowych ma kluczowe znaczenie dla bezpiecze\u0144stwa i niezawodno\u015bci w r\u00f3\u017cnych zastosowaniach.<\/p>\n<p>Rozwi\u0105zanie: Wdro\u017cenie rygorystycznych proces\u00f3w kontroli jako\u015bci, w tym inspekcji materia\u0142\u00f3w, kontroli produkcji i certyfikat\u00f3w zewn\u0119trznych.<\/p>\n<h3><strong>Opcje dostosowywania:<\/strong><\/h3>\n<p>Problem: Dostosowane rozwi\u0105zania s\u0105 niezb\u0119dne, aby spe\u0142ni\u0107 okre\u015blone wymagania projektu i standardy bran\u017cowe.<\/p>\n<p>Rozwi\u0105zanie: Oferowanie szerokiej gamy opcji dostosowywania, w tym rozmiaru, d\u0142ugo\u015bci, no\u015bno\u015bci i kodowania kolorami, w celu zaspokojenia r\u00f3\u017cnorodnych potrzeb klient\u00f3w.<\/p>\n<h3><strong>Konkurencyjno\u015b\u0107 kosztowa:<\/strong><\/h3>\n<p>Zagadnienie: Osi\u0105gni\u0119cie w\u0142a\u015bciwej r\u00f3wnowagi mi\u0119dzy jako\u015bci\u0105 a kosztami ma kluczowe znaczenie dla utrzymania konkurencyjno\u015bci na rynku.<\/p>\n<p>Rozwi\u0105zanie: Optymalizacja proces\u00f3w produkcyjnych, negocjacje z dostawcami i wykorzystanie ekonomii skali w celu zapewnienia op\u0142acalnych rozwi\u0105za\u0144 OEM w zakresie zawiesi ta\u015bmowych.<\/p>\n<h3><strong>Terminowa dostawa:<\/strong><\/h3>\n<p>Problem: Dotrzymywanie termin\u00f3w realizacji projekt\u00f3w ma kluczowe znaczenie; op\u00f3\u017anienia w dostawie mog\u0105 zak\u0142\u00f3ca\u0107 dzia\u0142alno\u015b\u0107 i wp\u0142ywa\u0107 na zadowolenie klient\u00f3w.<\/p>\n<p>Rozwi\u0105zanie: Usprawnienie harmonogram\u00f3w produkcji, utrzymywanie du\u017cych zapas\u00f3w i ustanowienie wydajnej logistyki w celu zapewnienia terminowych dostaw.<\/p>\n<h3><strong>Innowacje i technologia:<\/strong><\/h3>\n<p>Zagadnienie: Pozostawanie w czo\u0142\u00f3wce post\u0119pu technologicznego i innowacji bran\u017cowych jest niezb\u0119dne do dostarczania najnowocze\u015bniejszych rozwi\u0105za\u0144.<\/p>\n<p>Rozwi\u0105zanie: Inwestuj w badania i rozw\u00f3j, wsp\u00f3\u0142pracuj z ekspertami bran\u017cowymi i stale ulepszaj procesy produkcyjne, aby uwzgl\u0119dni\u0107 najnowsze technologie.<\/p>\n<h3><strong>Zr\u00f3wnowa\u017cony rozw\u00f3j \u015brodowiska:<\/strong><\/h3>\n<p>Zagadnienie: Rosn\u0105cy nacisk na zr\u00f3wnowa\u017cone praktyki wymaga zaanga\u017cowania w przyjazne dla \u015brodowiska procesy produkcyjne i materia\u0142y.<\/p>\n<p>Rozwi\u0105zanie: Przyj\u0119cie odpowiedzialnych \u015brodowiskowo praktyk pozyskiwania, produkcji i utylizacji oraz uzyskanie odpowiednich certyfikat\u00f3w w celu wykazania zaanga\u017cowania w zr\u00f3wnowa\u017cony rozw\u00f3j.<\/p>\n<p>&nbsp;<\/p>\n<h2><strong>Jak nasza firma zaspokaja potrzeby OEM w zakresie zawiesi ta\u015bmowych:<\/strong><\/h2>\n<p>Nasza firma obs\u0142uguje us\u0142ugi OEM i ODM. Spe\u0142niamy wszelkie potrzeby.<\/p>\n<h3><strong>Rygorystyczna kontrola jako\u015bci:<\/strong><\/h3>\n<p>Nasza firma przestrzega rygorystycznych proces\u00f3w kontroli jako\u015bci, przeprowadzaj\u0105c dok\u0142adne kontrole materia\u0142\u00f3w, kontrole w trakcie procesu i uzyskuj\u0105c certyfikaty od uznanych organizacji zewn\u0119trznych.<\/p>\n<h3><strong>Wszechstronna personalizacja:<\/strong><\/h3>\n<p>Oferujemy szerok\u0105 gam\u0119 opcji dostosowywania, umo\u017cliwiaj\u0105c klientom okre\u015blenie wymiar\u00f3w, no\u015bno\u015bci i innych parametr\u00f3w, dzi\u0119ki czemu nasze zawiesia pasowe idealnie pasuj\u0105 do ich unikalnych wymaga\u0144.<\/p>\n<h3><strong>Ekonomiczne rozwi\u0105zania:<\/strong><\/h3>\n<p>Dzi\u0119ki strategicznym negocjacjom z dostawcami, optymalizacji proces\u00f3w i wykorzystaniu efektu skali, konsekwentnie dostarczamy konkurencyjne cenowo rozwi\u0105zania OEM w zakresie zawiesi ta\u015bmowych bez uszczerbku dla jako\u015bci.<\/p>\n<h3><strong>Terminowa i niezawodna dostawa:<\/strong><\/h3>\n<p>Nasze usprawnione harmonogramy produkcji, rozbudowane zarz\u0105dzanie zapasami i wydajna logistyka zapewniaj\u0105, \u017ce nasi klienci otrzymuj\u0105 swoje zam\u00f3wienia na zawiesia ta\u015bmowe na czas, przyczyniaj\u0105c si\u0119 do sukcesu ich projekt\u00f3w.<\/p>\n<h3><strong>Zaanga\u017cowanie w innowacje:<\/strong><\/h3>\n<p>Nasza firma traktuje innowacje priorytetowo, inwestuj\u0105c w badania i rozw\u00f3j, wsp\u00f3\u0142pracuj\u0105c z ekspertami bran\u017cowymi i regularnie aktualizuj\u0105c nasze procesy produkcyjne w celu uwzgl\u0119dnienia najnowszych osi\u0105gni\u0119\u0107 technologicznych.<\/p>\n<h3><strong>Odpowiedzialno\u015b\u0107 za \u015brodowisko:<\/strong><\/h3>\n<p>D\u0105\u017cymy do zr\u00f3wnowa\u017cenia \u015brodowiskowego, przyjmuj\u0105c przyjazne dla \u015brodowiska praktyki pozyskiwania, wdra\u017caj\u0105c ekologiczne procesy produkcyjne i uzyskuj\u0105c odpowiednie certyfikaty, aby zademonstrowa\u0107 nasze zaanga\u017cowanie w bardziej ekologiczn\u0105 przysz\u0142o\u015b\u0107.<\/p>\n<h3><strong>Terminowa dostawa:<\/strong><\/h3>\n<p>Strona internetowa b\u0119dzie podkre\u015bla\u0107 nasze zaanga\u017cowanie w terminowe dostawy poprzez efektywne planowanie produkcji, zarz\u0105dzanie zapasami i niezawodn\u0105 sie\u0107 logistyczn\u0105, pokazuj\u0105c wcze\u015bniejsze przypadki pomy\u015blnego dotrzymania napi\u0119tych termin\u00f3w projekt\u00f3w.<\/p>\n<h3><strong>Innowacje i technologia:<\/strong><\/h3>\n<p>Strona internetowa b\u0119dzie prezentowa\u0107 nasze zaanga\u017cowanie w innowacje, szczeg\u00f3\u0142owo opisuj\u0105c nasze inwestycje w badania i rozw\u00f3j, wsp\u00f3\u0142prac\u0119 z ekspertami bran\u017cowymi oraz regularne aktualizacje naszych proces\u00f3w produkcyjnych w celu w\u0142\u0105czenia najnowszych technologii.<\/p>\n<h3><strong>Zr\u00f3wnowa\u017cony rozw\u00f3j \u015brodowiska:<\/strong><\/h3>\n<p>Nasze zaanga\u017cowanie w odpowiedzialno\u015b\u0107 za \u015brodowisko zostanie podkre\u015blone na stronie internetowej, wyszczeg\u00f3lniaj\u0105c nasze przyjazne dla \u015brodowiska praktyki pozyskiwania, ekologiczne procesy produkcyjne i certyfikaty uzyskane w celu wykazania naszego zaanga\u017cowania w zr\u00f3wnowa\u017cony rozw\u00f3j.<\/p>\n<p>Zajmuj\u0105c si\u0119 tymi krytycznymi kwestiami i prezentuj\u0105c nasze rozwi\u0105zania w przejrzysty spos\u00f3b na stronie internetowej, nasza firma skutecznie zademonstruje swoj\u0105 zdolno\u015b\u0107 do zaspokojenia potrzeb nabywc\u00f3w zawiesi ta\u015bmowych OEM.<\/p>","protected":false},"excerpt":{"rendered":"<p>Nasze us\u0142ugi OEM pozwalaj\u0105 okre\u015bli\u0107 dok\u0142adn\u0105 no\u015bno\u015b\u0107, d\u0142ugo\u015b\u0107, szeroko\u015b\u0107, materia\u0142, kodowanie kolorami i wszelkie inne istotne parametry. \u015aci\u015ble wsp\u00f3\u0142pracujemy z klientem, aby zapewni\u0107, \u017ce dostarczane przez nas zawiesia pasowe s\u0105 idealnie dopasowane do zamierzonego zastosowania. Niezale\u017cnie od tego, czy potrzebujesz wytrzyma\u0142ego zawiesia przemys\u0142owego, czy specjalistycznego rozwi\u0105zania, mo\u017cemy odpowiednio dostosowa\u0107 nasze produkty.<\/p>","protected":false},"featured_media":5232,"comment_status":"open","ping_status":"closed","template":"","meta":{"site-sidebar-layout":"default","site-content-layout":"","ast-site-content-layout":"default","site-content-style":"default","site-sidebar-style":"default","ast-global-header-display":"","ast-banner-title-visibility":"","ast-main-header-display":"","ast-hfb-above-header-display":"","ast-hfb-below-header-display":"","ast-hfb-mobile-header-display":"","site-post-title":"","ast-breadcrumbs-content":"","ast-featured-img":"","footer-sml-layout":"","theme-transparent-header-meta":"default","adv-header-id-meta":"","stick-header-meta":"default","header-above-stick-meta":"","header-main-stick-meta":"","header-below-stick-meta":"","astra-migrate-meta-layouts":"set","ast-page-background-enabled":"default","ast-page-background-meta":{"desktop":{"background-color":"","background-image":"","background-repeat":"repeat","background-position":"center center","background-size":"auto","background-attachment":"scroll","background-type":"","background-media":"","overlay-type":"","overlay-color":"","overlay-opacity":"","overlay-gradient":""},"tablet":{"background-color":"","background-image":"","background-repeat":"repeat","background-position":"center center","background-size":"auto","background-attachment":"scroll","background-type":"","background-media":"","overlay-type":"","overlay-color":"","overlay-opacity":"","overlay-gradient":""},"mobile":{"background-color":"","background-image":"","background-repeat":"repeat","background-position":"center center","background-size":"auto","background-attachment":"scroll","background-type":"","background-media":"","overlay-type":"","overlay-color":"","overlay-opacity":"","overlay-gradient":""}},"ast-content-background-meta":{"desktop":{"background-color":"var(--ast-global-color-5)","background-image":"","background-repeat":"repeat","background-position":"center center","background-size":"auto","background-attachment":"scroll","background-type":"","background-media":"","overlay-type":"","overlay-color":"","overlay-opacity":"","overlay-gradient":""},"tablet":{"background-color":"var(--ast-global-color-5)","background-image":"","background-repeat":"repeat","background-position":"center center","background-size":"auto","background-attachment":"scroll","background-type":"","background-media":"","overlay-type":"","overlay-color":"","overlay-opacity":"","overlay-gradient":""},"mobile":{"background-color":"var(--ast-global-color-5)","background-image":"","background-repeat":"repeat","background-position":"center center","background-size":"auto","background-attachment":"scroll","background-type":"","background-media":"","overlay-type":"","overlay-color":"","overlay-opacity":"","overlay-gradient":""}}},"product_brand":[],"product_cat":[51,39],"product_tag":[],"class_list":{"0":"post-5473","1":"product","2":"type-product","3":"status-publish","4":"has-post-thumbnail","6":"product_cat-riggging-hardware","7":"product_cat-webbing-sling","8":"desktop-align-left","9":"tablet-align-left","10":"mobile-align-left","11":"ast-product-gallery-layout-horizontal-slider","12":"ast-product-tabs-layout-horizontal","14":"first","15":"instock","16":"shipping-taxable","17":"purchasable","18":"product-type-simple"},"yoast_head":"<!-- This site is optimized with the Yoast SEO plugin v25.2 - https:\/\/yoast.com\/wordpress\/plugins\/seo\/ -->\n<title>Webbing Sling OEM<\/title>\n<meta name=\"description\" content=\"Our OEM services allow you to define the precise load capacity, length, width, material, color coding, and any other essential parameters.\" \/>\n<meta name=\"robots\" content=\"index, follow, max-snippet:-1, max-image-preview:large, max-video-preview:-1\" \/>\n<link rel=\"canonical\" href=\"https:\/\/qingdaohf.com\/pl\/produkt\/zawiesie-tasmowe-oem\/\" \/>\n<meta property=\"og:locale\" content=\"pl_PL\" \/>\n<meta property=\"og:type\" content=\"article\" \/>\n<meta property=\"og:title\" content=\"Webbing Sling OEM\" \/>\n<meta property=\"og:description\" content=\"Our OEM services allow you to define the precise load capacity, length, width, material, color coding, and any other essential parameters.\" \/>\n<meta property=\"og:url\" content=\"https:\/\/qingdaohf.com\/pl\/produkt\/zawiesie-tasmowe-oem\/\" \/>\n<meta property=\"og:site_name\" content=\"Concrete Form &amp; Rigging Hardware Supplier\" \/>\n<meta property=\"article:publisher\" content=\"https:\/\/www.facebook.com\/qingdaohf\" \/>\n<meta property=\"article:modified_time\" content=\"2025-11-13T01:04:02+00:00\" \/>\n<meta property=\"og:image\" content=\"https:\/\/qingdaohf.com\/wp-content\/uploads\/2023\/10\/sling.jpg\" \/>\n\t<meta property=\"og:image:width\" content=\"1019\" \/>\n\t<meta property=\"og:image:height\" content=\"563\" \/>\n\t<meta property=\"og:image:type\" content=\"image\/jpeg\" \/>\n<meta name=\"twitter:card\" content=\"summary_large_image\" \/>\n<meta name=\"twitter:label1\" content=\"Szacowany czas czytania\" \/>\n\t<meta name=\"twitter:data1\" content=\"3 minuty\" \/>\n<script type=\"application\/ld+json\" class=\"yoast-schema-graph\">{\"@context\":\"https:\/\/schema.org\",\"@graph\":[{\"@type\":\"WebPage\",\"@id\":\"https:\/\/qingdaohf.com\/product\/webbing-sling-oem\/\",\"url\":\"https:\/\/qingdaohf.com\/product\/webbing-sling-oem\/\",\"name\":\"Webbing Sling OEM\",\"isPartOf\":{\"@id\":\"https:\/\/qingdaohf.com\/bg\/#website\"},\"primaryImageOfPage\":{\"@id\":\"https:\/\/qingdaohf.com\/product\/webbing-sling-oem\/#primaryimage\"},\"image\":{\"@id\":\"https:\/\/qingdaohf.com\/product\/webbing-sling-oem\/#primaryimage\"},\"thumbnailUrl\":\"https:\/\/qingdaohf.com\/wp-content\/uploads\/2023\/04\/webbling-sling-2-1.jpg\",\"datePublished\":\"2023-10-23T06:14:46+00:00\",\"dateModified\":\"2025-11-13T01:04:02+00:00\",\"description\":\"Our OEM services allow you to define the precise load capacity, length, width, material, color coding, and any other essential parameters.\",\"breadcrumb\":{\"@id\":\"https:\/\/qingdaohf.com\/product\/webbing-sling-oem\/#breadcrumb\"},\"inLanguage\":\"pl-PL\",\"potentialAction\":[{\"@type\":\"ReadAction\",\"target\":[\"https:\/\/qingdaohf.com\/product\/webbing-sling-oem\/\"]}]},{\"@type\":\"ImageObject\",\"inLanguage\":\"pl-PL\",\"@id\":\"https:\/\/qingdaohf.com\/product\/webbing-sling-oem\/#primaryimage\",\"url\":\"https:\/\/qingdaohf.com\/wp-content\/uploads\/2023\/04\/webbling-sling-2-1.jpg\",\"contentUrl\":\"https:\/\/qingdaohf.com\/wp-content\/uploads\/2023\/04\/webbling-sling-2-1.jpg\",\"width\":1000,\"height\":1000,\"caption\":\"webbling sling\"},{\"@type\":\"BreadcrumbList\",\"@id\":\"https:\/\/qingdaohf.com\/product\/webbing-sling-oem\/#breadcrumb\",\"itemListElement\":[{\"@type\":\"ListItem\",\"position\":1,\"name\":\"Home\",\"item\":\"https:\/\/qingdaohf.com\/\"},{\"@type\":\"ListItem\",\"position\":2,\"name\":\"Concrete Forming Accessories and Rigging Hardware\",\"item\":\"https:\/\/qingdaohf.com\/bg\/?page_id=944\"},{\"@type\":\"ListItem\",\"position\":3,\"name\":\"Webbing Sling OEM\"}]},{\"@type\":\"WebSite\",\"@id\":\"https:\/\/qingdaohf.com\/bg\/#website\",\"url\":\"https:\/\/qingdaohf.com\/bg\/\",\"name\":\"Concrete Form & Rigging Hardware Supplier\",\"description\":\"\",\"publisher\":{\"@id\":\"https:\/\/qingdaohf.com\/bg\/#organization\"},\"potentialAction\":[{\"@type\":\"SearchAction\",\"target\":{\"@type\":\"EntryPoint\",\"urlTemplate\":\"https:\/\/qingdaohf.com\/bg\/?s={search_term_string}\"},\"query-input\":{\"@type\":\"PropertyValueSpecification\",\"valueRequired\":true,\"valueName\":\"search_term_string\"}}],\"inLanguage\":\"pl-PL\"},{\"@type\":\"Organization\",\"@id\":\"https:\/\/qingdaohf.com\/bg\/#organization\",\"name\":\"Qingdao H&F\",\"url\":\"https:\/\/qingdaohf.com\/bg\/\",\"logo\":{\"@type\":\"ImageObject\",\"inLanguage\":\"pl-PL\",\"@id\":\"https:\/\/qingdaohf.com\/bg\/#\/schema\/logo\/image\/\",\"url\":\"https:\/\/qingdaohf.com\/wp-content\/uploads\/2022\/12\/cropped-HF-LOGO.png\",\"contentUrl\":\"https:\/\/qingdaohf.com\/wp-content\/uploads\/2022\/12\/cropped-HF-LOGO.png\",\"width\":391,\"height\":249,\"caption\":\"Qingdao H&F\"},\"image\":{\"@id\":\"https:\/\/qingdaohf.com\/bg\/#\/schema\/logo\/image\/\"},\"sameAs\":[\"https:\/\/www.facebook.com\/qingdaohf\"]}]}<\/script>\n<!-- \/ Yoast SEO plugin. -->","yoast_head_json":{"title":"Webbing Sling OEM","description":"Our OEM services allow you to define the precise load capacity, length, width, material, color coding, and any other essential parameters.","robots":{"index":"index","follow":"follow","max-snippet":"max-snippet:-1","max-image-preview":"max-image-preview:large","max-video-preview":"max-video-preview:-1"},"canonical":"https:\/\/qingdaohf.com\/pl\/produkt\/zawiesie-tasmowe-oem\/","og_locale":"pl_PL","og_type":"article","og_title":"Webbing Sling OEM","og_description":"Our OEM services allow you to define the precise load capacity, length, width, material, color coding, and any other essential parameters.","og_url":"https:\/\/qingdaohf.com\/pl\/produkt\/zawiesie-tasmowe-oem\/","og_site_name":"Concrete Form &amp; Rigging Hardware Supplier","article_publisher":"https:\/\/www.facebook.com\/qingdaohf","article_modified_time":"2025-11-13T01:04:02+00:00","og_image":[{"width":1019,"height":563,"url":"https:\/\/qingdaohf.com\/wp-content\/uploads\/2023\/10\/sling.jpg","type":"image\/jpeg"}],"twitter_card":"summary_large_image","twitter_misc":{"Szacowany czas czytania":"3 minuty"},"schema":{"@context":"https:\/\/schema.org","@graph":[{"@type":"WebPage","@id":"https:\/\/qingdaohf.com\/product\/webbing-sling-oem\/","url":"https:\/\/qingdaohf.com\/product\/webbing-sling-oem\/","name":"Webbing Sling OEM","isPartOf":{"@id":"https:\/\/qingdaohf.com\/bg\/#website"},"primaryImageOfPage":{"@id":"https:\/\/qingdaohf.com\/product\/webbing-sling-oem\/#primaryimage"},"image":{"@id":"https:\/\/qingdaohf.com\/product\/webbing-sling-oem\/#primaryimage"},"thumbnailUrl":"https:\/\/qingdaohf.com\/wp-content\/uploads\/2023\/04\/webbling-sling-2-1.jpg","datePublished":"2023-10-23T06:14:46+00:00","dateModified":"2025-11-13T01:04:02+00:00","description":"Our OEM services allow you to define the precise load capacity, length, width, material, color coding, and any other essential parameters.","breadcrumb":{"@id":"https:\/\/qingdaohf.com\/product\/webbing-sling-oem\/#breadcrumb"},"inLanguage":"pl-PL","potentialAction":[{"@type":"ReadAction","target":["https:\/\/qingdaohf.com\/product\/webbing-sling-oem\/"]}]},{"@type":"ImageObject","inLanguage":"pl-PL","@id":"https:\/\/qingdaohf.com\/product\/webbing-sling-oem\/#primaryimage","url":"https:\/\/qingdaohf.com\/wp-content\/uploads\/2023\/04\/webbling-sling-2-1.jpg","contentUrl":"https:\/\/qingdaohf.com\/wp-content\/uploads\/2023\/04\/webbling-sling-2-1.jpg","width":1000,"height":1000,"caption":"webbling sling"},{"@type":"BreadcrumbList","@id":"https:\/\/qingdaohf.com\/product\/webbing-sling-oem\/#breadcrumb","itemListElement":[{"@type":"ListItem","position":1,"name":"Home","item":"https:\/\/qingdaohf.com\/"},{"@type":"ListItem","position":2,"name":"Concrete Forming Accessories and Rigging Hardware","item":"https:\/\/qingdaohf.com\/bg\/?page_id=944"},{"@type":"ListItem","position":3,"name":"Webbing Sling OEM"}]},{"@type":"WebSite","@id":"https:\/\/qingdaohf.com\/bg\/#website","url":"https:\/\/qingdaohf.com\/bg\/","name":"Concrete Form & Rigging Hardware Supplier","description":"","publisher":{"@id":"https:\/\/qingdaohf.com\/bg\/#organization"},"potentialAction":[{"@type":"SearchAction","target":{"@type":"EntryPoint","urlTemplate":"https:\/\/qingdaohf.com\/bg\/?s={search_term_string}"},"query-input":{"@type":"PropertyValueSpecification","valueRequired":true,"valueName":"search_term_string"}}],"inLanguage":"pl-PL"},{"@type":"Organization","@id":"https:\/\/qingdaohf.com\/bg\/#organization","name":"Qingdao H&F","url":"https:\/\/qingdaohf.com\/bg\/","logo":{"@type":"ImageObject","inLanguage":"pl-PL","@id":"https:\/\/qingdaohf.com\/bg\/#\/schema\/logo\/image\/","url":"https:\/\/qingdaohf.com\/wp-content\/uploads\/2022\/12\/cropped-HF-LOGO.png","contentUrl":"https:\/\/qingdaohf.com\/wp-content\/uploads\/2022\/12\/cropped-HF-LOGO.png","width":391,"height":249,"caption":"Qingdao H&F"},"image":{"@id":"https:\/\/qingdaohf.com\/bg\/#\/schema\/logo\/image\/"},"sameAs":["https:\/\/www.facebook.com\/qingdaohf"]}]}},"_links":{"self":[{"href":"https:\/\/qingdaohf.com\/pl\/wp-json\/wp\/v2\/product\/5473","targetHints":{"allow":["GET"]}}],"collection":[{"href":"https:\/\/qingdaohf.com\/pl\/wp-json\/wp\/v2\/product"}],"about":[{"href":"https:\/\/qingdaohf.com\/pl\/wp-json\/wp\/v2\/types\/product"}],"replies":[{"embeddable":true,"href":"https:\/\/qingdaohf.com\/pl\/wp-json\/wp\/v2\/comments?post=5473"}],"version-history":[{"count":8,"href":"https:\/\/qingdaohf.com\/pl\/wp-json\/wp\/v2\/product\/5473\/revisions"}],"predecessor-version":[{"id":6943,"href":"https:\/\/qingdaohf.com\/pl\/wp-json\/wp\/v2\/product\/5473\/revisions\/6943"}],"wp:featuredmedia":[{"embeddable":true,"href":"https:\/\/qingdaohf.com\/pl\/wp-json\/wp\/v2\/media\/5232"}],"wp:attachment":[{"href":"https:\/\/qingdaohf.com\/pl\/wp-json\/wp\/v2\/media?parent=5473"}],"wp:term":[{"taxonomy":"product_brand","embeddable":true,"href":"https:\/\/qingdaohf.com\/pl\/wp-json\/wp\/v2\/product_brand?post=5473"},{"taxonomy":"product_cat","embeddable":true,"href":"https:\/\/qingdaohf.com\/pl\/wp-json\/wp\/v2\/product_cat?post=5473"},{"taxonomy":"product_tag","embeddable":true,"href":"https:\/\/qingdaohf.com\/pl\/wp-json\/wp\/v2\/product_tag?post=5473"}],"curies":[{"name":"wp","href":"https:\/\/api.w.org\/{rel}","templated":true}]}}