{"id":5774,"date":"2023-11-22T11:51:53","date_gmt":"2023-11-22T03:51:53","guid":{"rendered":"http:\/\/qingdaohf.com\/?post_type=product&#038;p=5774"},"modified":"2025-11-13T09:04:01","modified_gmt":"2025-11-13T01:04:01","slug":"galvanized-stainless-steel-wire-rope-tube-thimble","status":"publish","type":"product","link":"https:\/\/qingdaohf.com\/pl\/produkt\/gilza-z-ocynkowanej-liny-stalowej-ze-stali-nierdzewnej\/","title":{"rendered":"Gilza do lin stalowych"},"content":{"rendered":"<div class=\"ast-oembed-container\" style=\"height: 100%;\"><iframe title=\"Klips do liny stalowej\" width=\"500\" height=\"281\" src=\"https:\/\/www.youtube.com\/embed\/iYLBIl6iZIc?feature=oembed\" frameborder=\"0\" allow=\"accelerometer; autoplay; clipboard-write; encrypted-media; gyroscope; picture-in-picture; web-share\" referrerpolicy=\"strict-origin-when-cross-origin\" allowfullscreen><\/iframe><\/div>\n<h3>Doskona\u0142o\u015b\u0107 materia\u0142u:<\/h3>\n<p>Nasze gilzy do lin stalowych s\u0105 starannie wykonane z wysokiej jako\u015bci materia\u0142\u00f3w, g\u0142\u00f3wnie stali nierdzewnej i stali ocynkowanej. Dlaczego? Poniewa\u017c jeste\u015bmy zaanga\u017cowani w dostarczanie komponent\u00f3w, kt\u00f3re s\u0105 odporne na korozj\u0119 i wytrzymuj\u0105 rygory operacji.<\/p>\n<h3>Doskona\u0142o\u015b\u0107 in\u017cynieryjna:<\/h3>\n<p>Zaprojektowane w formie rurki, nasze naparstki s\u0105 czym\u015b wi\u0119cej ni\u017c tylko akcesoriami. S\u0105 to strategiczne wzmocnienia, strategicznie rozmieszczone w celu z\u0142agodzenia zu\u017cycia, szczeg\u00f3lnie w krytycznych punktach, w kt\u00f3rych lina stalowa wchodzi w interakcje z innymi powierzchniami lub manewruje w ciasnych przestrzeniach.<\/p>\n<h3>Wsparcie strukturalne:<\/h3>\n<p>Utrzymanie integralno\u015bci liny stalowej jest niezb\u0119dne, a nasze gilzy doskonale si\u0119 do tego nadaj\u0105. Utrzymuj\u0105 one integralno\u015b\u0107 strukturaln\u0105 oczka lub p\u0119tli liny, zapewniaj\u0105c p\u0142ynn\u0105 prac\u0119 bez za\u0142ama\u0144 za ka\u017cdym razem.<\/p>\n<h3>Mistrzostwo w rozk\u0142adzie obci\u0105\u017cenia:<\/h3>\n<p>W ci\u0119\u017ckich zastosowaniach najwa\u017cniejszy jest r\u00f3wnomierny rozk\u0142ad obci\u0105\u017cenia. Nasze gilzy staj\u0105 na wysoko\u015bci zadania, skutecznie rozk\u0142adaj\u0105c obci\u0105\u017cenie na ca\u0142ej d\u0142ugo\u015bci liny stalowej, zapobiegaj\u0105c nadmiernej koncentracji napr\u0119\u017ce\u0144.<\/p>\n<h3>Bezproblemowa integracja:<\/h3>\n<p>Instalacja jest bardzo prosta. Wystarczy w\u0142o\u017cy\u0107 gilz\u0119 do p\u0119tli liny stalowej i zamocowa\u0107 j\u0105 przy u\u017cyciu standardowych metod - czy to poprzez wciskanie, zaciskanie, czy niezawodne zaciski linowe.<\/p>\n<h3>Wszechstronne zastosowania:<\/h3>\n<p>Naparstki odgrywaj\u0105 kluczow\u0105 rol\u0119 w r\u00f3\u017cnych bran\u017cach, od operacji morskich po budownictwo i olinowanie. Wsz\u0119dzie tam, gdzie liny stalowe s\u0105 wystawiane na pr\u00f3b\u0119, nasze gilzy zapewniaj\u0105, \u017ce sprostaj\u0105 one wyzwaniu.<\/p>","protected":false},"excerpt":{"rendered":"<p>Wykonane z wysokiej jako\u015bci stali nierdzewnej i stali ocynkowanej, nasze gilzy s\u0105 zaprojektowane tak, aby wytrzyma\u0107 najtrudniejsze warunki, zapewniaj\u0105c doskona\u0142\u0105 odporno\u015b\u0107 na korozj\u0119. Idealne dla wielu bran\u017c, od morskiej po budowlan\u0105, nasze gilzy doskonale zapobiegaj\u0105 zu\u017cyciu w krytycznych punktach styku, zapewniaj\u0105c p\u0142ynn\u0105 prac\u0119 lin stalowych. Poznaj niezr\u00f3wnan\u0105 jako\u015b\u0107 i niezawodno\u015b\u0107 naszych akcesori\u00f3w do lin stalowych.<\/p>","protected":false},"featured_media":5783,"comment_status":"open","ping_status":"closed","template":"","meta":{"site-sidebar-layout":"default","site-content-layout":"","ast-site-content-layout":"default","site-content-style":"default","site-sidebar-style":"default","ast-global-header-display":"","ast-banner-title-visibility":"","ast-main-header-display":"","ast-hfb-above-header-display":"","ast-hfb-below-header-display":"","ast-hfb-mobile-header-display":"","site-post-title":"","ast-breadcrumbs-content":"","ast-featured-img":"","footer-sml-layout":"","theme-transparent-header-meta":"default","adv-header-id-meta":"","stick-header-meta":"default","header-above-stick-meta":"","header-main-stick-meta":"","header-below-stick-meta":"","astra-migrate-meta-layouts":"set","ast-page-background-enabled":"default","ast-page-background-meta":{"desktop":{"background-color":"","background-image":"","background-repeat":"repeat","background-position":"center center","background-size":"auto","background-attachment":"scroll","background-type":"","background-media":"","overlay-type":"","overlay-color":"","overlay-opacity":"","overlay-gradient":""},"tablet":{"background-color":"","background-image":"","background-repeat":"repeat","background-position":"center center","background-size":"auto","background-attachment":"scroll","background-type":"","background-media":"","overlay-type":"","overlay-color":"","overlay-opacity":"","overlay-gradient":""},"mobile":{"background-color":"","background-image":"","background-repeat":"repeat","background-position":"center center","background-size":"auto","background-attachment":"scroll","background-type":"","background-media":"","overlay-type":"","overlay-color":"","overlay-opacity":"","overlay-gradient":""}},"ast-content-background-meta":{"desktop":{"background-color":"var(--ast-global-color-5)","background-image":"","background-repeat":"repeat","background-position":"center center","background-size":"auto","background-attachment":"scroll","background-type":"","background-media":"","overlay-type":"","overlay-color":"","overlay-opacity":"","overlay-gradient":""},"tablet":{"background-color":"var(--ast-global-color-5)","background-image":"","background-repeat":"repeat","background-position":"center center","background-size":"auto","background-attachment":"scroll","background-type":"","background-media":"","overlay-type":"","overlay-color":"","overlay-opacity":"","overlay-gradient":""},"mobile":{"background-color":"var(--ast-global-color-5)","background-image":"","background-repeat":"repeat","background-position":"center center","background-size":"auto","background-attachment":"scroll","background-type":"","background-media":"","overlay-type":"","overlay-color":"","overlay-opacity":"","overlay-gradient":""}}},"product_brand":[],"product_cat":[37],"product_tag":[],"class_list":{"0":"post-5774","1":"product","2":"type-product","3":"status-publish","4":"has-post-thumbnail","6":"product_cat-wire-rope","7":"desktop-align-left","8":"tablet-align-left","9":"mobile-align-left","10":"ast-product-gallery-layout-horizontal-slider","11":"ast-product-tabs-layout-horizontal","13":"first","14":"instock","15":"shipping-taxable","16":"purchasable","17":"product-type-simple"},"yoast_head":"<!-- This site is optimized with the Yoast SEO plugin v25.2 - https:\/\/yoast.com\/wordpress\/plugins\/seo\/ -->\n<title>Wire Rope Tube Thimble<\/title>\n<meta name=\"description\" content=\"Crafted from high-grade stainless steel and galvanized steel, our thimbles are designed to withstand the toughest conditions, providing superior corrosion resistance.\" \/>\n<meta name=\"robots\" content=\"index, follow, max-snippet:-1, max-image-preview:large, max-video-preview:-1\" \/>\n<link rel=\"canonical\" href=\"https:\/\/qingdaohf.com\/pl\/produkt\/gilza-z-ocynkowanej-liny-stalowej-ze-stali-nierdzewnej\/\" \/>\n<meta property=\"og:locale\" content=\"pl_PL\" \/>\n<meta property=\"og:type\" content=\"article\" \/>\n<meta property=\"og:title\" content=\"Wire Rope Tube Thimble\" \/>\n<meta property=\"og:description\" content=\"Crafted from high-grade stainless steel and galvanized steel, our thimbles are designed to withstand the toughest conditions, providing superior corrosion resistance.\" \/>\n<meta property=\"og:url\" content=\"https:\/\/qingdaohf.com\/pl\/produkt\/gilza-z-ocynkowanej-liny-stalowej-ze-stali-nierdzewnej\/\" \/>\n<meta property=\"og:site_name\" content=\"Concrete Form &amp; Rigging Hardware Supplier\" \/>\n<meta property=\"article:publisher\" content=\"https:\/\/www.facebook.com\/qingdaohf\" \/>\n<meta property=\"article:modified_time\" content=\"2025-11-13T01:04:01+00:00\" \/>\n<meta property=\"og:image\" content=\"https:\/\/qingdaohf.com\/wp-content\/uploads\/2023\/11\/tube-thimble-4.jpg\" \/>\n\t<meta property=\"og:image:width\" content=\"800\" \/>\n\t<meta property=\"og:image:height\" content=\"800\" \/>\n\t<meta property=\"og:image:type\" content=\"image\/jpeg\" \/>\n<meta name=\"twitter:card\" content=\"summary_large_image\" \/>\n<meta name=\"twitter:label1\" content=\"Szacowany czas czytania\" \/>\n\t<meta name=\"twitter:data1\" content=\"2 minuty\" \/>\n<script type=\"application\/ld+json\" class=\"yoast-schema-graph\">{\"@context\":\"https:\/\/schema.org\",\"@graph\":[{\"@type\":\"WebPage\",\"@id\":\"https:\/\/qingdaohf.com\/product\/galvanized-stainless-steel-wire-rope-tube-thimble\/\",\"url\":\"https:\/\/qingdaohf.com\/product\/galvanized-stainless-steel-wire-rope-tube-thimble\/\",\"name\":\"Wire Rope Tube Thimble\",\"isPartOf\":{\"@id\":\"https:\/\/qingdaohf.com\/bg\/#website\"},\"primaryImageOfPage\":{\"@id\":\"https:\/\/qingdaohf.com\/product\/galvanized-stainless-steel-wire-rope-tube-thimble\/#primaryimage\"},\"image\":{\"@id\":\"https:\/\/qingdaohf.com\/product\/galvanized-stainless-steel-wire-rope-tube-thimble\/#primaryimage\"},\"thumbnailUrl\":\"https:\/\/qingdaohf.com\/wp-content\/uploads\/2023\/11\/tube-thimble-4.jpg\",\"datePublished\":\"2023-11-22T03:51:53+00:00\",\"dateModified\":\"2025-11-13T01:04:01+00:00\",\"description\":\"Crafted from high-grade stainless steel and galvanized steel, our thimbles are designed to withstand the toughest conditions, providing superior corrosion resistance.\",\"breadcrumb\":{\"@id\":\"https:\/\/qingdaohf.com\/product\/galvanized-stainless-steel-wire-rope-tube-thimble\/#breadcrumb\"},\"inLanguage\":\"pl-PL\",\"potentialAction\":[{\"@type\":\"ReadAction\",\"target\":[\"https:\/\/qingdaohf.com\/product\/galvanized-stainless-steel-wire-rope-tube-thimble\/\"]}]},{\"@type\":\"ImageObject\",\"inLanguage\":\"pl-PL\",\"@id\":\"https:\/\/qingdaohf.com\/product\/galvanized-stainless-steel-wire-rope-tube-thimble\/#primaryimage\",\"url\":\"https:\/\/qingdaohf.com\/wp-content\/uploads\/2023\/11\/tube-thimble-4.jpg\",\"contentUrl\":\"https:\/\/qingdaohf.com\/wp-content\/uploads\/2023\/11\/tube-thimble-4.jpg\",\"width\":800,\"height\":800,\"caption\":\"tube thimble\"},{\"@type\":\"BreadcrumbList\",\"@id\":\"https:\/\/qingdaohf.com\/product\/galvanized-stainless-steel-wire-rope-tube-thimble\/#breadcrumb\",\"itemListElement\":[{\"@type\":\"ListItem\",\"position\":1,\"name\":\"Home\",\"item\":\"https:\/\/qingdaohf.com\/\"},{\"@type\":\"ListItem\",\"position\":2,\"name\":\"Concrete Forming Accessories and Rigging Hardware\",\"item\":\"https:\/\/qingdaohf.com\/bg\/?page_id=944\"},{\"@type\":\"ListItem\",\"position\":3,\"name\":\"Wire Rope Tube Thimble\"}]},{\"@type\":\"WebSite\",\"@id\":\"https:\/\/qingdaohf.com\/bg\/#website\",\"url\":\"https:\/\/qingdaohf.com\/bg\/\",\"name\":\"Concrete Form & Rigging Hardware Supplier\",\"description\":\"\",\"publisher\":{\"@id\":\"https:\/\/qingdaohf.com\/bg\/#organization\"},\"potentialAction\":[{\"@type\":\"SearchAction\",\"target\":{\"@type\":\"EntryPoint\",\"urlTemplate\":\"https:\/\/qingdaohf.com\/bg\/?s={search_term_string}\"},\"query-input\":{\"@type\":\"PropertyValueSpecification\",\"valueRequired\":true,\"valueName\":\"search_term_string\"}}],\"inLanguage\":\"pl-PL\"},{\"@type\":\"Organization\",\"@id\":\"https:\/\/qingdaohf.com\/bg\/#organization\",\"name\":\"Qingdao H&F\",\"url\":\"https:\/\/qingdaohf.com\/bg\/\",\"logo\":{\"@type\":\"ImageObject\",\"inLanguage\":\"pl-PL\",\"@id\":\"https:\/\/qingdaohf.com\/bg\/#\/schema\/logo\/image\/\",\"url\":\"https:\/\/qingdaohf.com\/wp-content\/uploads\/2022\/12\/cropped-HF-LOGO.png\",\"contentUrl\":\"https:\/\/qingdaohf.com\/wp-content\/uploads\/2022\/12\/cropped-HF-LOGO.png\",\"width\":391,\"height\":249,\"caption\":\"Qingdao H&F\"},\"image\":{\"@id\":\"https:\/\/qingdaohf.com\/bg\/#\/schema\/logo\/image\/\"},\"sameAs\":[\"https:\/\/www.facebook.com\/qingdaohf\"]}]}<\/script>\n<!-- \/ Yoast SEO plugin. -->","yoast_head_json":{"title":"Wire Rope Tube Thimble","description":"Crafted from high-grade stainless steel and galvanized steel, our thimbles are designed to withstand the toughest conditions, providing superior corrosion resistance.","robots":{"index":"index","follow":"follow","max-snippet":"max-snippet:-1","max-image-preview":"max-image-preview:large","max-video-preview":"max-video-preview:-1"},"canonical":"https:\/\/qingdaohf.com\/pl\/produkt\/gilza-z-ocynkowanej-liny-stalowej-ze-stali-nierdzewnej\/","og_locale":"pl_PL","og_type":"article","og_title":"Wire Rope Tube Thimble","og_description":"Crafted from high-grade stainless steel and galvanized steel, our thimbles are designed to withstand the toughest conditions, providing superior corrosion resistance.","og_url":"https:\/\/qingdaohf.com\/pl\/produkt\/gilza-z-ocynkowanej-liny-stalowej-ze-stali-nierdzewnej\/","og_site_name":"Concrete Form &amp; Rigging Hardware Supplier","article_publisher":"https:\/\/www.facebook.com\/qingdaohf","article_modified_time":"2025-11-13T01:04:01+00:00","og_image":[{"width":800,"height":800,"url":"https:\/\/qingdaohf.com\/wp-content\/uploads\/2023\/11\/tube-thimble-4.jpg","type":"image\/jpeg"}],"twitter_card":"summary_large_image","twitter_misc":{"Szacowany czas czytania":"2 minuty"},"schema":{"@context":"https:\/\/schema.org","@graph":[{"@type":"WebPage","@id":"https:\/\/qingdaohf.com\/product\/galvanized-stainless-steel-wire-rope-tube-thimble\/","url":"https:\/\/qingdaohf.com\/product\/galvanized-stainless-steel-wire-rope-tube-thimble\/","name":"Wire Rope Tube Thimble","isPartOf":{"@id":"https:\/\/qingdaohf.com\/bg\/#website"},"primaryImageOfPage":{"@id":"https:\/\/qingdaohf.com\/product\/galvanized-stainless-steel-wire-rope-tube-thimble\/#primaryimage"},"image":{"@id":"https:\/\/qingdaohf.com\/product\/galvanized-stainless-steel-wire-rope-tube-thimble\/#primaryimage"},"thumbnailUrl":"https:\/\/qingdaohf.com\/wp-content\/uploads\/2023\/11\/tube-thimble-4.jpg","datePublished":"2023-11-22T03:51:53+00:00","dateModified":"2025-11-13T01:04:01+00:00","description":"Crafted from high-grade stainless steel and galvanized steel, our thimbles are designed to withstand the toughest conditions, providing superior corrosion resistance.","breadcrumb":{"@id":"https:\/\/qingdaohf.com\/product\/galvanized-stainless-steel-wire-rope-tube-thimble\/#breadcrumb"},"inLanguage":"pl-PL","potentialAction":[{"@type":"ReadAction","target":["https:\/\/qingdaohf.com\/product\/galvanized-stainless-steel-wire-rope-tube-thimble\/"]}]},{"@type":"ImageObject","inLanguage":"pl-PL","@id":"https:\/\/qingdaohf.com\/product\/galvanized-stainless-steel-wire-rope-tube-thimble\/#primaryimage","url":"https:\/\/qingdaohf.com\/wp-content\/uploads\/2023\/11\/tube-thimble-4.jpg","contentUrl":"https:\/\/qingdaohf.com\/wp-content\/uploads\/2023\/11\/tube-thimble-4.jpg","width":800,"height":800,"caption":"tube thimble"},{"@type":"BreadcrumbList","@id":"https:\/\/qingdaohf.com\/product\/galvanized-stainless-steel-wire-rope-tube-thimble\/#breadcrumb","itemListElement":[{"@type":"ListItem","position":1,"name":"Home","item":"https:\/\/qingdaohf.com\/"},{"@type":"ListItem","position":2,"name":"Concrete Forming Accessories and Rigging Hardware","item":"https:\/\/qingdaohf.com\/bg\/?page_id=944"},{"@type":"ListItem","position":3,"name":"Wire Rope Tube Thimble"}]},{"@type":"WebSite","@id":"https:\/\/qingdaohf.com\/bg\/#website","url":"https:\/\/qingdaohf.com\/bg\/","name":"Concrete Form & Rigging Hardware Supplier","description":"","publisher":{"@id":"https:\/\/qingdaohf.com\/bg\/#organization"},"potentialAction":[{"@type":"SearchAction","target":{"@type":"EntryPoint","urlTemplate":"https:\/\/qingdaohf.com\/bg\/?s={search_term_string}"},"query-input":{"@type":"PropertyValueSpecification","valueRequired":true,"valueName":"search_term_string"}}],"inLanguage":"pl-PL"},{"@type":"Organization","@id":"https:\/\/qingdaohf.com\/bg\/#organization","name":"Qingdao H&F","url":"https:\/\/qingdaohf.com\/bg\/","logo":{"@type":"ImageObject","inLanguage":"pl-PL","@id":"https:\/\/qingdaohf.com\/bg\/#\/schema\/logo\/image\/","url":"https:\/\/qingdaohf.com\/wp-content\/uploads\/2022\/12\/cropped-HF-LOGO.png","contentUrl":"https:\/\/qingdaohf.com\/wp-content\/uploads\/2022\/12\/cropped-HF-LOGO.png","width":391,"height":249,"caption":"Qingdao H&F"},"image":{"@id":"https:\/\/qingdaohf.com\/bg\/#\/schema\/logo\/image\/"},"sameAs":["https:\/\/www.facebook.com\/qingdaohf"]}]}},"_links":{"self":[{"href":"https:\/\/qingdaohf.com\/pl\/wp-json\/wp\/v2\/product\/5774","targetHints":{"allow":["GET"]}}],"collection":[{"href":"https:\/\/qingdaohf.com\/pl\/wp-json\/wp\/v2\/product"}],"about":[{"href":"https:\/\/qingdaohf.com\/pl\/wp-json\/wp\/v2\/types\/product"}],"replies":[{"embeddable":true,"href":"https:\/\/qingdaohf.com\/pl\/wp-json\/wp\/v2\/comments?post=5774"}],"version-history":[{"count":5,"href":"https:\/\/qingdaohf.com\/pl\/wp-json\/wp\/v2\/product\/5774\/revisions"}],"predecessor-version":[{"id":5785,"href":"https:\/\/qingdaohf.com\/pl\/wp-json\/wp\/v2\/product\/5774\/revisions\/5785"}],"wp:featuredmedia":[{"embeddable":true,"href":"https:\/\/qingdaohf.com\/pl\/wp-json\/wp\/v2\/media\/5783"}],"wp:attachment":[{"href":"https:\/\/qingdaohf.com\/pl\/wp-json\/wp\/v2\/media?parent=5774"}],"wp:term":[{"taxonomy":"product_brand","embeddable":true,"href":"https:\/\/qingdaohf.com\/pl\/wp-json\/wp\/v2\/product_brand?post=5774"},{"taxonomy":"product_cat","embeddable":true,"href":"https:\/\/qingdaohf.com\/pl\/wp-json\/wp\/v2\/product_cat?post=5774"},{"taxonomy":"product_tag","embeddable":true,"href":"https:\/\/qingdaohf.com\/pl\/wp-json\/wp\/v2\/product_tag?post=5774"}],"curies":[{"name":"wp","href":"https:\/\/api.w.org\/{rel}","templated":true}]}}