{"id":5799,"date":"2023-11-23T11:35:43","date_gmt":"2023-11-23T03:35:43","guid":{"rendered":"http:\/\/qingdaohf.com\/?post_type=product&#038;p=5799"},"modified":"2025-11-13T09:04:01","modified_gmt":"2025-11-13T01:04:01","slug":"towing-shackle","status":"publish","type":"product","link":"https:\/\/qingdaohf.com\/pl\/produkt\/szekla-holownicza\/","title":{"rendered":"Szekla holownicza"},"content":{"rendered":"<h2>Zalety naszych szekli holowniczych:<\/h2>\n<h3>Wysoka wytrzyma\u0142o\u015b\u0107 na rozci\u0105ganie:<\/h3>\n<p>Nasze szekle holownicze charakteryzuj\u0105 si\u0119 doskona\u0142\u0105 wytrzyma\u0142o\u015bci\u0105 na rozci\u0105ganie, zapewniaj\u0105c niezawodne dzia\u0142anie przy du\u017cych obci\u0105\u017ceniach. Twoi klienci wymagaj\u0105 jako\u015bci, a my j\u0105 zapewniamy.<\/p>\n<h3>Odporno\u015b\u0107 na korozj\u0119:<\/h3>\n<p>Cech\u0105 wyr\u00f3\u017cniaj\u0105c\u0105 nasze szekle jest ich wyj\u0105tkowa odporno\u015b\u0107 na korozj\u0119. Dzi\u0119ki innowacyjnym materia\u0142om i pow\u0142okom zapewniamy przed\u0142u\u017con\u0105 \u017cywotno\u015b\u0107, co czyni je idealnymi do r\u00f3\u017cnych \u015brodowisk, od zastosowa\u0144 morskich po trudne warunki przemys\u0142owe.<\/p>\n<h3>In\u017cynieria precyzyjna:<\/h3>\n<p>Ka\u017cda szekla jest precyzyjnie zaprojektowana. Zapewnia to idealne dopasowanie, zmniejszaj\u0105c zu\u017cycie i zwi\u0119kszaj\u0105c og\u00f3lne bezpiecze\u0144stwo podczas holowania.<\/p>\n<h3>Wszechstronno\u015b\u0107 zastosowa\u0144:<\/h3>\n<p>Nasze szekle holownicze zosta\u0142y zaprojektowane z my\u015bl\u0105 o wszechstronno\u015bci. Niezale\u017cnie od tego, czy chodzi o holowanie w ci\u0119\u017ckich warunkach komercyjnych, czy o specjalistyczne zastosowania przemys\u0142owe, nasze produkty zaspokajaj\u0105 szeroki zakres potrzeb, dzi\u0119ki czemu s\u0105 idealnym rozwi\u0105zaniem dla r\u00f3\u017cnych sektor\u00f3w.<\/p>\n<h3>Zgodno\u015b\u0107 ze standardami bran\u017cowymi:<\/h3>\n<p>Jeste\u015bmy dumni z przekraczania standard\u00f3w bran\u017cowych. Nasze szekle holownicze s\u0105 nie tylko zgodne z przepisami; wykraczaj\u0105 poza nie, spe\u0142niaj\u0105c lub przewy\u017cszaj\u0105c przepisy, aby zapewni\u0107 najwy\u017cszy poziom bezpiecze\u0144stwa i niezawodno\u015bci.<\/p>\n<h2>Twoje obawy, nasze rozwi\u0105zania:<\/h2>\n<h3>Zapewnienie jako\u015bci produktu:<\/h3>\n<p>Nasze szekle holownicze przechodz\u0105 rygorystyczne kontrole jako\u015bci, spe\u0142niaj\u0105c i przekraczaj\u0105c standardy bran\u017cowe. Wysoka wytrzyma\u0142o\u015b\u0107 na rozci\u0105ganie i odporno\u015b\u0107 na korozj\u0119 to kluczowe elementy wyr\u00f3\u017cniaj\u0105ce nasze produkty.<\/p>\n<h3>Wiarygodno\u015b\u0107 dostawcy:<\/h3>\n<p>Dzi\u0119ki 20-letniemu do\u015bwiadczeniu stali\u015bmy si\u0119 zaufan\u0105 firm\u0105 handlu zagranicznego z w\u0142asn\u0105 fabryk\u0105. Precyzyjna in\u017cynieria naszych szekli odzwierciedla nasze zaanga\u017cowanie w niezawodno\u015b\u0107 i doskona\u0142o\u015b\u0107.<\/p>\n<h3>Konkurencyjno\u015b\u0107 cenowa:<\/h3>\n<p>Oferujemy konkurencyjne ceny bez uszczerbku dla jako\u015bci naszych szekli holowniczych. Ich warto\u015b\u0107, zw\u0142aszcza dzi\u0119ki ich wszechstronno\u015bci i zgodno\u015bci z normami bran\u017cowymi, zapewnia maksymalne wykorzystanie inwestycji.<\/p>\n<h3>Wysy\u0142ka i dostawa:<\/h3>\n<p>Nasza wydajna logistyka zapewnia terminow\u0105 dostaw\u0119, a odporne na korozj\u0119 w\u0142a\u015bciwo\u015bci naszych szekli gwarantuj\u0105, \u017ce dotr\u0105 one w najlepszym stanie.<\/p>\n<h3>Opcje dostosowywania:<\/h3>\n<p>Nasze szekle holownicze umo\u017cliwiaj\u0105 dostosowanie do konkretnych potrzeb. Niezale\u017cnie od tego, czy chodzi o dostosowanie wytrzyma\u0142o\u015bci na rozci\u0105ganie, czy inne specyfikacje, nasza precyzyjna in\u017cynieria pozwala na dopasowane rozwi\u0105zania.<\/p>\n<h3>Warunki p\u0142atno\u015bci:<\/h3>\n<p>Negocjuj warunki p\u0142atno\u015bci dostosowane do Twoich mo\u017cliwo\u015bci finansowych. Nasze zaanga\u017cowanie w zapewnienie jako\u015bci i zgodno\u015bci z przepisami gwarantuje bezpiecze\u0144stwo inwestycji.<\/p>\n<h3>Komunikacja i szybko\u015b\u0107 reakcji:<\/h3>\n<p>Nasza dedykowana, indywidualna obs\u0142uga klienta zapewnia szybk\u0105 i skuteczn\u0105 komunikacj\u0119 podczas ca\u0142ego procesu zakupu. Wszelkie zapytania lub w\u0105tpliwo\u015bci s\u0105 rozwi\u0105zywane z precyzj\u0105, kt\u00f3ra odzwierciedla nasz\u0105 in\u017cynieri\u0119 produktu.<\/p>\n<h3>Wsparcie posprzeda\u017cowe:<\/h3>\n<p>Zapytaj o wsparcie posprzeda\u017cowe i polityk\u0119 gwarancyjn\u0105 dostawcy. Nasza filozofia ci\u0105g\u0142ego doskonalenia zapewnia sta\u0142e wsparcie do momentu dostarczenia towar\u00f3w, kt\u00f3re spe\u0142niaj\u0105 lub przekraczaj\u0105 oczekiwania klienta.<\/p>\n<p>Rozwi\u0144 swoj\u0105 gr\u0119 B2B z H&amp;F. Zapewniamy jako\u015b\u0107, niezawodno\u015b\u0107 i bezproblemowe transakcje. Skontaktuj si\u0119 z nami, aby uzyska\u0107 wycen\u0119 lub om\u00f3wi\u0107 swoje potrzeby w zakresie szekli holowniczych. Zbudujmy trwa\u0142e partnerstwo!<\/p>","protected":false},"excerpt":{"rendered":"<p>Jeste\u015b teraz nabywc\u0105 z 20-letnim do\u015bwiadczeniem zawodowym. Specjalizujesz si\u0119 w zakupie szekli holowniczych. Teraz jeste\u015b gotowy do zakupu produkt\u00f3w w Google.<br \/>\nPorozmawiajmy o kwestiach, kt\u00f3re najbardziej interesuj\u0105 kupuj\u0105cych.<br \/>\nW odpowiedzi na powy\u017csze problemy zapewniamy najbardziej rozs\u0105dne rozwi\u0105zania, aby kupuj\u0105cy mogli bez obaw wysy\u0142a\u0107 zapytania.<\/p>","protected":false},"featured_media":5806,"comment_status":"open","ping_status":"closed","template":"","meta":{"site-sidebar-layout":"default","site-content-layout":"","ast-site-content-layout":"default","site-content-style":"default","site-sidebar-style":"default","ast-global-header-display":"","ast-banner-title-visibility":"","ast-main-header-display":"","ast-hfb-above-header-display":"","ast-hfb-below-header-display":"","ast-hfb-mobile-header-display":"","site-post-title":"","ast-breadcrumbs-content":"","ast-featured-img":"","footer-sml-layout":"","theme-transparent-header-meta":"default","adv-header-id-meta":"","stick-header-meta":"default","header-above-stick-meta":"","header-main-stick-meta":"","header-below-stick-meta":"","astra-migrate-meta-layouts":"set","ast-page-background-enabled":"default","ast-page-background-meta":{"desktop":{"background-color":"","background-image":"","background-repeat":"repeat","background-position":"center center","background-size":"auto","background-attachment":"scroll","background-type":"","background-media":"","overlay-type":"","overlay-color":"","overlay-opacity":"","overlay-gradient":""},"tablet":{"background-color":"","background-image":"","background-repeat":"repeat","background-position":"center center","background-size":"auto","background-attachment":"scroll","background-type":"","background-media":"","overlay-type":"","overlay-color":"","overlay-opacity":"","overlay-gradient":""},"mobile":{"background-color":"","background-image":"","background-repeat":"repeat","background-position":"center center","background-size":"auto","background-attachment":"scroll","background-type":"","background-media":"","overlay-type":"","overlay-color":"","overlay-opacity":"","overlay-gradient":""}},"ast-content-background-meta":{"desktop":{"background-color":"var(--ast-global-color-5)","background-image":"","background-repeat":"repeat","background-position":"center center","background-size":"auto","background-attachment":"scroll","background-type":"","background-media":"","overlay-type":"","overlay-color":"","overlay-opacity":"","overlay-gradient":""},"tablet":{"background-color":"var(--ast-global-color-5)","background-image":"","background-repeat":"repeat","background-position":"center center","background-size":"auto","background-attachment":"scroll","background-type":"","background-media":"","overlay-type":"","overlay-color":"","overlay-opacity":"","overlay-gradient":""},"mobile":{"background-color":"var(--ast-global-color-5)","background-image":"","background-repeat":"repeat","background-position":"center center","background-size":"auto","background-attachment":"scroll","background-type":"","background-media":"","overlay-type":"","overlay-color":"","overlay-opacity":"","overlay-gradient":""}}},"product_brand":[],"product_cat":[51,54],"product_tag":[],"class_list":{"0":"post-5799","1":"product","2":"type-product","3":"status-publish","4":"has-post-thumbnail","6":"product_cat-riggging-hardware","7":"product_cat-shackle","8":"desktop-align-left","9":"tablet-align-left","10":"mobile-align-left","11":"ast-product-gallery-layout-horizontal-slider","12":"ast-product-tabs-layout-horizontal","14":"first","15":"instock","16":"shipping-taxable","17":"purchasable","18":"product-type-simple"},"yoast_head":"<!-- This site is optimized with the Yoast SEO plugin v25.2 - https:\/\/yoast.com\/wordpress\/plugins\/seo\/ -->\n<title>Towing Shackle<\/title>\n<meta name=\"description\" content=\"Our Towing Shackles boast superior tensile strength, ensuring reliable performance under heavy loads. Your clients demand quality, and we deliver\" \/>\n<meta name=\"robots\" content=\"index, follow, max-snippet:-1, max-image-preview:large, max-video-preview:-1\" \/>\n<link rel=\"canonical\" href=\"https:\/\/qingdaohf.com\/pl\/produkt\/szekla-holownicza\/\" \/>\n<meta property=\"og:locale\" content=\"pl_PL\" \/>\n<meta property=\"og:type\" content=\"article\" \/>\n<meta property=\"og:title\" content=\"Towing Shackle\" \/>\n<meta property=\"og:description\" content=\"Our Towing Shackles boast superior tensile strength, ensuring reliable performance under heavy loads. Your clients demand quality, and we deliver\" \/>\n<meta property=\"og:url\" content=\"https:\/\/qingdaohf.com\/pl\/produkt\/szekla-holownicza\/\" \/>\n<meta property=\"og:site_name\" content=\"Concrete Form &amp; Rigging Hardware Supplier\" \/>\n<meta property=\"article:publisher\" content=\"https:\/\/www.facebook.com\/qingdaohf\" \/>\n<meta property=\"article:modified_time\" content=\"2025-11-13T01:04:01+00:00\" \/>\n<meta property=\"og:image\" content=\"https:\/\/qingdaohf.com\/wp-content\/uploads\/2023\/11\/Towing-shackle-9.jpg\" \/>\n\t<meta property=\"og:image:width\" content=\"800\" \/>\n\t<meta property=\"og:image:height\" content=\"800\" \/>\n\t<meta property=\"og:image:type\" content=\"image\/jpeg\" \/>\n<meta name=\"twitter:card\" content=\"summary_large_image\" \/>\n<meta name=\"twitter:label1\" content=\"Szacowany czas czytania\" \/>\n\t<meta name=\"twitter:data1\" content=\"2 minuty\" \/>\n<script type=\"application\/ld+json\" class=\"yoast-schema-graph\">{\"@context\":\"https:\/\/schema.org\",\"@graph\":[{\"@type\":\"WebPage\",\"@id\":\"https:\/\/qingdaohf.com\/product\/towing-shackle\/\",\"url\":\"https:\/\/qingdaohf.com\/product\/towing-shackle\/\",\"name\":\"Towing Shackle\",\"isPartOf\":{\"@id\":\"https:\/\/qingdaohf.com\/bg\/#website\"},\"primaryImageOfPage\":{\"@id\":\"https:\/\/qingdaohf.com\/product\/towing-shackle\/#primaryimage\"},\"image\":{\"@id\":\"https:\/\/qingdaohf.com\/product\/towing-shackle\/#primaryimage\"},\"thumbnailUrl\":\"https:\/\/qingdaohf.com\/wp-content\/uploads\/2023\/11\/Towing-shackle-9.jpg\",\"datePublished\":\"2023-11-23T03:35:43+00:00\",\"dateModified\":\"2025-11-13T01:04:01+00:00\",\"description\":\"Our Towing Shackles boast superior tensile strength, ensuring reliable performance under heavy loads. Your clients demand quality, and we deliver\",\"breadcrumb\":{\"@id\":\"https:\/\/qingdaohf.com\/product\/towing-shackle\/#breadcrumb\"},\"inLanguage\":\"pl-PL\",\"potentialAction\":[{\"@type\":\"ReadAction\",\"target\":[\"https:\/\/qingdaohf.com\/product\/towing-shackle\/\"]}]},{\"@type\":\"ImageObject\",\"inLanguage\":\"pl-PL\",\"@id\":\"https:\/\/qingdaohf.com\/product\/towing-shackle\/#primaryimage\",\"url\":\"https:\/\/qingdaohf.com\/wp-content\/uploads\/2023\/11\/Towing-shackle-9.jpg\",\"contentUrl\":\"https:\/\/qingdaohf.com\/wp-content\/uploads\/2023\/11\/Towing-shackle-9.jpg\",\"width\":800,\"height\":800,\"caption\":\"Towing shackle\"},{\"@type\":\"BreadcrumbList\",\"@id\":\"https:\/\/qingdaohf.com\/product\/towing-shackle\/#breadcrumb\",\"itemListElement\":[{\"@type\":\"ListItem\",\"position\":1,\"name\":\"Home\",\"item\":\"https:\/\/qingdaohf.com\/\"},{\"@type\":\"ListItem\",\"position\":2,\"name\":\"Concrete Forming Accessories and Rigging Hardware\",\"item\":\"https:\/\/qingdaohf.com\/bg\/?page_id=944\"},{\"@type\":\"ListItem\",\"position\":3,\"name\":\"Towing Shackle\"}]},{\"@type\":\"WebSite\",\"@id\":\"https:\/\/qingdaohf.com\/bg\/#website\",\"url\":\"https:\/\/qingdaohf.com\/bg\/\",\"name\":\"Concrete Form & Rigging Hardware Supplier\",\"description\":\"\",\"publisher\":{\"@id\":\"https:\/\/qingdaohf.com\/bg\/#organization\"},\"potentialAction\":[{\"@type\":\"SearchAction\",\"target\":{\"@type\":\"EntryPoint\",\"urlTemplate\":\"https:\/\/qingdaohf.com\/bg\/?s={search_term_string}\"},\"query-input\":{\"@type\":\"PropertyValueSpecification\",\"valueRequired\":true,\"valueName\":\"search_term_string\"}}],\"inLanguage\":\"pl-PL\"},{\"@type\":\"Organization\",\"@id\":\"https:\/\/qingdaohf.com\/bg\/#organization\",\"name\":\"Qingdao H&F\",\"url\":\"https:\/\/qingdaohf.com\/bg\/\",\"logo\":{\"@type\":\"ImageObject\",\"inLanguage\":\"pl-PL\",\"@id\":\"https:\/\/qingdaohf.com\/bg\/#\/schema\/logo\/image\/\",\"url\":\"https:\/\/qingdaohf.com\/wp-content\/uploads\/2022\/12\/cropped-HF-LOGO.png\",\"contentUrl\":\"https:\/\/qingdaohf.com\/wp-content\/uploads\/2022\/12\/cropped-HF-LOGO.png\",\"width\":391,\"height\":249,\"caption\":\"Qingdao H&F\"},\"image\":{\"@id\":\"https:\/\/qingdaohf.com\/bg\/#\/schema\/logo\/image\/\"},\"sameAs\":[\"https:\/\/www.facebook.com\/qingdaohf\"]}]}<\/script>\n<!-- \/ Yoast SEO plugin. -->","yoast_head_json":{"title":"Towing Shackle","description":"Our Towing Shackles boast superior tensile strength, ensuring reliable performance under heavy loads. Your clients demand quality, and we deliver","robots":{"index":"index","follow":"follow","max-snippet":"max-snippet:-1","max-image-preview":"max-image-preview:large","max-video-preview":"max-video-preview:-1"},"canonical":"https:\/\/qingdaohf.com\/pl\/produkt\/szekla-holownicza\/","og_locale":"pl_PL","og_type":"article","og_title":"Towing Shackle","og_description":"Our Towing Shackles boast superior tensile strength, ensuring reliable performance under heavy loads. Your clients demand quality, and we deliver","og_url":"https:\/\/qingdaohf.com\/pl\/produkt\/szekla-holownicza\/","og_site_name":"Concrete Form &amp; Rigging Hardware Supplier","article_publisher":"https:\/\/www.facebook.com\/qingdaohf","article_modified_time":"2025-11-13T01:04:01+00:00","og_image":[{"width":800,"height":800,"url":"https:\/\/qingdaohf.com\/wp-content\/uploads\/2023\/11\/Towing-shackle-9.jpg","type":"image\/jpeg"}],"twitter_card":"summary_large_image","twitter_misc":{"Szacowany czas czytania":"2 minuty"},"schema":{"@context":"https:\/\/schema.org","@graph":[{"@type":"WebPage","@id":"https:\/\/qingdaohf.com\/product\/towing-shackle\/","url":"https:\/\/qingdaohf.com\/product\/towing-shackle\/","name":"Towing Shackle","isPartOf":{"@id":"https:\/\/qingdaohf.com\/bg\/#website"},"primaryImageOfPage":{"@id":"https:\/\/qingdaohf.com\/product\/towing-shackle\/#primaryimage"},"image":{"@id":"https:\/\/qingdaohf.com\/product\/towing-shackle\/#primaryimage"},"thumbnailUrl":"https:\/\/qingdaohf.com\/wp-content\/uploads\/2023\/11\/Towing-shackle-9.jpg","datePublished":"2023-11-23T03:35:43+00:00","dateModified":"2025-11-13T01:04:01+00:00","description":"Our Towing Shackles boast superior tensile strength, ensuring reliable performance under heavy loads. Your clients demand quality, and we deliver","breadcrumb":{"@id":"https:\/\/qingdaohf.com\/product\/towing-shackle\/#breadcrumb"},"inLanguage":"pl-PL","potentialAction":[{"@type":"ReadAction","target":["https:\/\/qingdaohf.com\/product\/towing-shackle\/"]}]},{"@type":"ImageObject","inLanguage":"pl-PL","@id":"https:\/\/qingdaohf.com\/product\/towing-shackle\/#primaryimage","url":"https:\/\/qingdaohf.com\/wp-content\/uploads\/2023\/11\/Towing-shackle-9.jpg","contentUrl":"https:\/\/qingdaohf.com\/wp-content\/uploads\/2023\/11\/Towing-shackle-9.jpg","width":800,"height":800,"caption":"Towing shackle"},{"@type":"BreadcrumbList","@id":"https:\/\/qingdaohf.com\/product\/towing-shackle\/#breadcrumb","itemListElement":[{"@type":"ListItem","position":1,"name":"Home","item":"https:\/\/qingdaohf.com\/"},{"@type":"ListItem","position":2,"name":"Concrete Forming Accessories and Rigging Hardware","item":"https:\/\/qingdaohf.com\/bg\/?page_id=944"},{"@type":"ListItem","position":3,"name":"Towing Shackle"}]},{"@type":"WebSite","@id":"https:\/\/qingdaohf.com\/bg\/#website","url":"https:\/\/qingdaohf.com\/bg\/","name":"Concrete Form & Rigging Hardware Supplier","description":"","publisher":{"@id":"https:\/\/qingdaohf.com\/bg\/#organization"},"potentialAction":[{"@type":"SearchAction","target":{"@type":"EntryPoint","urlTemplate":"https:\/\/qingdaohf.com\/bg\/?s={search_term_string}"},"query-input":{"@type":"PropertyValueSpecification","valueRequired":true,"valueName":"search_term_string"}}],"inLanguage":"pl-PL"},{"@type":"Organization","@id":"https:\/\/qingdaohf.com\/bg\/#organization","name":"Qingdao H&F","url":"https:\/\/qingdaohf.com\/bg\/","logo":{"@type":"ImageObject","inLanguage":"pl-PL","@id":"https:\/\/qingdaohf.com\/bg\/#\/schema\/logo\/image\/","url":"https:\/\/qingdaohf.com\/wp-content\/uploads\/2022\/12\/cropped-HF-LOGO.png","contentUrl":"https:\/\/qingdaohf.com\/wp-content\/uploads\/2022\/12\/cropped-HF-LOGO.png","width":391,"height":249,"caption":"Qingdao H&F"},"image":{"@id":"https:\/\/qingdaohf.com\/bg\/#\/schema\/logo\/image\/"},"sameAs":["https:\/\/www.facebook.com\/qingdaohf"]}]}},"_links":{"self":[{"href":"https:\/\/qingdaohf.com\/pl\/wp-json\/wp\/v2\/product\/5799","targetHints":{"allow":["GET"]}}],"collection":[{"href":"https:\/\/qingdaohf.com\/pl\/wp-json\/wp\/v2\/product"}],"about":[{"href":"https:\/\/qingdaohf.com\/pl\/wp-json\/wp\/v2\/types\/product"}],"replies":[{"embeddable":true,"href":"https:\/\/qingdaohf.com\/pl\/wp-json\/wp\/v2\/comments?post=5799"}],"version-history":[{"count":3,"href":"https:\/\/qingdaohf.com\/pl\/wp-json\/wp\/v2\/product\/5799\/revisions"}],"predecessor-version":[{"id":5824,"href":"https:\/\/qingdaohf.com\/pl\/wp-json\/wp\/v2\/product\/5799\/revisions\/5824"}],"wp:featuredmedia":[{"embeddable":true,"href":"https:\/\/qingdaohf.com\/pl\/wp-json\/wp\/v2\/media\/5806"}],"wp:attachment":[{"href":"https:\/\/qingdaohf.com\/pl\/wp-json\/wp\/v2\/media?parent=5799"}],"wp:term":[{"taxonomy":"product_brand","embeddable":true,"href":"https:\/\/qingdaohf.com\/pl\/wp-json\/wp\/v2\/product_brand?post=5799"},{"taxonomy":"product_cat","embeddable":true,"href":"https:\/\/qingdaohf.com\/pl\/wp-json\/wp\/v2\/product_cat?post=5799"},{"taxonomy":"product_tag","embeddable":true,"href":"https:\/\/qingdaohf.com\/pl\/wp-json\/wp\/v2\/product_tag?post=5799"}],"curies":[{"name":"wp","href":"https:\/\/api.w.org\/{rel}","templated":true}]}}