{"id":6226,"date":"2024-01-03T15:51:23","date_gmt":"2024-01-03T07:51:23","guid":{"rendered":"http:\/\/qingdaohf.com\/?post_type=product&#038;p=6226"},"modified":"2025-11-13T09:03:39","modified_gmt":"2025-11-13T01:03:39","slug":"woven-cord-strap","status":"publish","type":"product","link":"https:\/\/qingdaohf.com\/pl\/produkt\/wiazanie\/","title":{"rendered":"Tkana poliestrowa ta\u015bma spinaj\u0105ca do pakowania"},"content":{"rendered":"<div class=\"ast-oembed-container\" style=\"height: 100%;\"><iframe title=\"Ta\u015bmy polipropylenowe\" width=\"500\" height=\"281\" src=\"https:\/\/www.youtube.com\/embed\/Bi0Ct6OI134?feature=oembed\" frameborder=\"0\" allow=\"accelerometer; autoplay; clipboard-write; encrypted-media; gyroscope; picture-in-picture; web-share\" referrerpolicy=\"strict-origin-when-cross-origin\" allowfullscreen><\/iframe><\/div>\n<h3>Znajomo\u015b\u0107 krytycznych cech tkanych ta\u015bm spinaj\u0105cych z poliestru<\/h3>\n<p>Tkane ta\u015bmy poliestrowe s\u0105 podstaw\u0105 ka\u017cdego bezpiecznego rozwi\u0105zania opakowaniowego. Znaj\u0105c ich wytrzyma\u0142o\u015b\u0107 i wszechstronno\u015b\u0107, bran\u017ce wymagaj\u0105ce niezawodnego wi\u0105zania ci\u0119\u017ckich \u0142adunk\u00f3w lub \u0142adunk\u00f3w o nieregularnych kszta\u0142tach znajduj\u0105 wiele zastosowa\u0144 dla tych ta\u015bm. Ta\u015bmy wykonane z ciasno splecionych w\u0142\u00f3kien poliestrowych zapewniaj\u0105 imponuj\u0105c\u0105 wytrzyma\u0142o\u015b\u0107 na rozci\u0105ganie przy jednoczesnym zachowaniu elastyczno\u015bci. W przeciwie\u0144stwie do tradycyjnych ta\u015bm stalowych, kt\u00f3re mog\u0105 by\u0107 podatne na rdz\u0119, a nawet uszkadza\u0107 wra\u017cliwe powierzchnie, ten rodzaj ta\u015bm poliestrowych zapewnia g\u0142adk\u0105, ale mocn\u0105 alternatyw\u0119, kt\u00f3ra doskonale sprawdza si\u0119 w utrzymywaniu integralno\u015bci towar\u00f3w.<\/p>\n<p>Materia\u0142 ten sta\u0142 si\u0119 ulubionym w kilku wiod\u0105cych bran\u017cach, w tym w logistyce, budownictwie i produkcji, gdzie produkty s\u0105 nara\u017cone na nieostro\u017cne obchodzenie si\u0119 z nimi bez uszczerbku dla bezpiecze\u0144stwa lub stabilno\u015bci. Nabywcy ceni\u0105 swoje inwestycje w opakowania i dlatego potrzebuj\u0105 ta\u015bm, kt\u00f3re dok\u0142adnie pasuj\u0105 do ich wymaga\u0144 operacyjnych, a jednocze\u015bnie s\u0105 wydajne i op\u0142acalne.<\/p>\n<h3>Zalety wysokowytrzyma\u0142ych ta\u015bm poliestrowych<\/h3>\n<p>Tkane ta\u015bmy poliestrowe s\u0105 najlepsze pod wzgl\u0119dem trwa\u0142o\u015bci i dlatego doskonale nadaj\u0105 si\u0119 do zabezpieczania \u0142adunk\u00f3w w dynamicznych warunkach. Ich szczeg\u00f3lna tkana struktura oznacza, \u017ce s\u0105 w stanie absorbowa\u0107 wstrz\u0105sy i wibracje, co jest bardzo wa\u017cne podczas transportu delikatnych lub ci\u0119\u017ckich towar\u00f3w na du\u017ce odleg\u0142o\u015bci. Ta\u015bmy s\u0105 r\u00f3wnie\u017c elastyczne; jest to wa\u017cne, poniewa\u017c nawet je\u015bli \u0142adunek nieco si\u0119 poruszy\u0142 podczas transportu, nadal b\u0119dzie mocno zabezpieczony.<\/p>\n<p>Co wi\u0119cej, lekko\u015b\u0107 ta\u015bm poliestrowych sprawia, \u017ce ich obs\u0142uga jest \u0142atwa. Jest ona znacznie \u0142atwiejsza w obs\u0142udze w por\u00f3wnaniu do jej stalowych odpowiednik\u00f3w; w zwi\u0105zku z tym obs\u0142uga nie powoduje ekstremalnego obci\u0105\u017cenia prac\u0105 i zwi\u0119ksza wydajno\u015b\u0107 operacji. Kolejn\u0105 kluczow\u0105 zalet\u0105 jest odporno\u015b\u0107 na warunki \u015brodowiskowe; ta\u015bmy poliestrowe s\u0105 odporne na degradacj\u0119 pod wp\u0142ywem wilgoci, promieni UV lub zmiennych temperatur - st\u0105d doskona\u0142e wyniki, gdy s\u0105 u\u017cywane w zastosowaniach zwi\u0105zanych z przechowywaniem lub transportem na zewn\u0105trz.<br \/>\nW Qingdao H&amp;F \u015bci\u015ble kontrolujemy nasze ta\u015bmy poliestrowe, aby spe\u0142ni\u0107 najwy\u017csze standardy w bran\u017cy. Kupuj\u0105cy mog\u0105 oczekiwa\u0107 szczeg\u00f3\u0142owych raport\u00f3w z kontroli jako\u015bci ka\u017cdej partii, co zapewnia pe\u0142n\u0105 przejrzysto\u015b\u0107 w zakresie niezawodno\u015bci produkt\u00f3w. Dzi\u0119ki temu, w po\u0142\u0105czeniu z kr\u00f3tkim czasem dostawy, zapewniamy, \u017ce operacje biznesowe przebiegaj\u0105 bez \u017cadnych op\u00f3\u017anie\u0144.<\/p>\n<h3>Dlaczego warto wybra\u0107 Qingdao H&amp;F dla swoich potrzeb w zakresie ta\u015bm poliestrowych?<\/h3>\n<p>W\u0142a\u015bciwy dostawca jest r\u00f3wnie wa\u017cny jak wyb\u00f3r samego produktu. Pod tym wzgl\u0119dem Qingdao H&amp;F jest bezkonkurencyjne, idealnie dopasowuj\u0105c si\u0119 do potrzeb kupuj\u0105cych. Dzi\u0119ki 20-letniemu do\u015bwiadczeniu w handlu zagranicznym rozpoznajemy kluczowe czynniki wp\u0142ywaj\u0105ce na decyzje zakupowe: od trwa\u0142o\u015bci produktu i efektywno\u015bci kosztowej po terminow\u0105 dostaw\u0119 i dostosowane wsparcie, doskona\u0142o\u015b\u0107 w ka\u017cdym najmniejszym szczeg\u00f3le. Wyr\u00f3\u017cnia nas zaanga\u017cowanie w indywidualn\u0105 obs\u0142ug\u0119 klienta. Ka\u017cdy klient otrzymuje pojedynczy punkt kontaktowy, kt\u00f3ry pomaga w rozwi\u0105zywaniu wszelkich zapyta\u0144 lub zapewnia aktualn\u0105 pomoc w dostosowywaniu rozwi\u0105za\u0144 do konkretnych wymaga\u0144. To spersonalizowane podej\u015bcie zapewnia, \u017ce zakup odbywa si\u0119 bezproblemowo. Co wi\u0119cej, nasz silny system zarz\u0105dzania \u0142a\u0144cuchem dostaw umo\u017cliwia nam dostarczanie na czas, nawet w przypadku projekt\u00f3w o rygorystycznych terminach, bez \u017cadnych kompromis\u00f3w w zakresie jako\u015bci. Nabywcom dbaj\u0105cym o jako\u015b\u0107 dostarczamy szczeg\u00f3\u0142owe raporty z inspekcji, dzi\u0119ki czemu maj\u0105 oni pewno\u015b\u0107, \u017ce ka\u017cda partia produkt\u00f3w spe\u0142nia okre\u015blone standardy. Raport buduje zaufanie i umo\u017cliwia klientom podejmowanie pewnych, \u015bwiadomych decyzji.<\/p>\n<p>Dowodzi to, \u017ce wysokowytrzyma\u0142e, tkane ta\u015bmy poliestrowe s\u0105 z pewno\u015bci\u0105 innowacyjnym produktem dla bran\u017c wymagaj\u0105cych niezawodnych materia\u0142\u00f3w opakowaniowych. Nacisk k\u0142adziony jest na wytrzyma\u0142o\u015b\u0107, spr\u0119\u017cysto\u015b\u0107 i zdolno\u015b\u0107 adaptacji tych ta\u015bm do wielu cel\u00f3w, przy jednoczesnym minimalizowaniu ryzyka zwi\u0105zanego z zabezpieczeniem \u0142adunku. Wraz z Qingdao H&amp;F mo\u017ce zapewni\u0107 nabywcom najwy\u017cszej jako\u015bci produkty wspierane przez wiedz\u0119 bran\u017cow\u0105, szybkie cykle dostaw i niezmienn\u0105 obs\u0142ug\u0119 klienta. Niezale\u017cnie od tego, czy pracujesz nad z\u0142o\u017con\u0105 logistyk\u0105, czy pr\u00f3bujesz sprosta\u0107 konkretnym wyzwaniom operacyjnym, nasze niestandardowe rozwi\u0105zania i dog\u0142\u0119bna wiedza stanowi\u0105 podstaw\u0119, na kt\u00f3rej opiera si\u0119 sukces Twojego opakowania.<\/p>","protected":false},"excerpt":{"rendered":"<p>Wysokowytrzyma\u0142e, tkane ta\u015bmy poliestrowe zapewniaj\u0105 przemys\u0142owi wydajne i godne zaufania rozwi\u0105zania opakowaniowe. Znane ze swojej trwa\u0142o\u015bci, ta\u015bmy te umo\u017cliwiaj\u0105 skuteczne zabezpieczanie ci\u0119\u017ckich \u0142adunk\u00f3w i charakteryzuj\u0105 si\u0119 wysok\u0105 odporno\u015bci\u0105 na zerwanie i rozci\u0105ganie podczas transportu. Wi\u0119kszo\u015b\u0107 nabywc\u00f3w, po zakupie niezawodnych materia\u0142\u00f3w opakowaniowych, bierze pod uwag\u0119 wydajno\u015b\u0107 produktu, kompatybilno\u015b\u0107 ze wszystkimi rodzajami narz\u0119dzi do wi\u0105zania oraz odporno\u015b\u0107 na czynniki \u015brodowiskowe, takie jak wilgo\u0107. Jeste\u015bmy zaufan\u0105 firm\u0105 handlow\u0105 od 20 lat. Qingdao H&amp;F wyr\u00f3\u017cnia si\u0119 oferowaniem klientom spersonalizowanej, indywidualnej obs\u0142ugi, kt\u00f3ra gwarantuje, \u017ce ka\u017cdy klient otrzyma towar na czas. Szybkie cykle dostaw i kompleksowe raporty z kontroli jako\u015bci zwi\u0119ksz\u0105 zaufanie do wyboru nas jako dostawcy rozwi\u0105za\u0144 opakowaniowych.<\/p>","protected":false},"featured_media":6225,"comment_status":"open","ping_status":"closed","template":"","meta":{"site-sidebar-layout":"default","site-content-layout":"","ast-site-content-layout":"default","site-content-style":"default","site-sidebar-style":"default","ast-global-header-display":"","ast-banner-title-visibility":"","ast-main-header-display":"","ast-hfb-above-header-display":"","ast-hfb-below-header-display":"","ast-hfb-mobile-header-display":"","site-post-title":"","ast-breadcrumbs-content":"","ast-featured-img":"","footer-sml-layout":"","theme-transparent-header-meta":"default","adv-header-id-meta":"","stick-header-meta":"default","header-above-stick-meta":"","header-main-stick-meta":"","header-below-stick-meta":"","astra-migrate-meta-layouts":"set","ast-page-background-enabled":"default","ast-page-background-meta":{"desktop":{"background-color":"","background-image":"","background-repeat":"repeat","background-position":"center center","background-size":"auto","background-attachment":"scroll","background-type":"","background-media":"","overlay-type":"","overlay-color":"","overlay-opacity":"","overlay-gradient":""},"tablet":{"background-color":"","background-image":"","background-repeat":"repeat","background-position":"center center","background-size":"auto","background-attachment":"scroll","background-type":"","background-media":"","overlay-type":"","overlay-color":"","overlay-opacity":"","overlay-gradient":""},"mobile":{"background-color":"","background-image":"","background-repeat":"repeat","background-position":"center center","background-size":"auto","background-attachment":"scroll","background-type":"","background-media":"","overlay-type":"","overlay-color":"","overlay-opacity":"","overlay-gradient":""}},"ast-content-background-meta":{"desktop":{"background-color":"var(--ast-global-color-5)","background-image":"","background-repeat":"repeat","background-position":"center center","background-size":"auto","background-attachment":"scroll","background-type":"","background-media":"","overlay-type":"","overlay-color":"","overlay-opacity":"","overlay-gradient":""},"tablet":{"background-color":"var(--ast-global-color-5)","background-image":"","background-repeat":"repeat","background-position":"center center","background-size":"auto","background-attachment":"scroll","background-type":"","background-media":"","overlay-type":"","overlay-color":"","overlay-opacity":"","overlay-gradient":""},"mobile":{"background-color":"var(--ast-global-color-5)","background-image":"","background-repeat":"repeat","background-position":"center center","background-size":"auto","background-attachment":"scroll","background-type":"","background-media":"","overlay-type":"","overlay-color":"","overlay-opacity":"","overlay-gradient":""}}},"product_brand":[],"product_cat":[51,69],"product_tag":[],"class_list":{"0":"post-6226","1":"product","2":"type-product","3":"status-publish","4":"has-post-thumbnail","6":"product_cat-riggging-hardware","7":"product_cat-strapping","8":"desktop-align-left","9":"tablet-align-left","10":"mobile-align-left","11":"ast-product-gallery-layout-horizontal-slider","12":"ast-product-tabs-layout-horizontal","14":"first","15":"instock","16":"shipping-taxable","17":"purchasable","18":"product-type-simple"},"yoast_head":"<!-- This site is optimized with the Yoast SEO plugin v25.2 - https:\/\/yoast.com\/wordpress\/plugins\/seo\/ -->\n<title>Woven Polyester Cord Strapping Band for Packaging<\/title>\n<meta name=\"description\" content=\"High-strength woven polyester cord strapping bands provide industries with efficient and trustworthy packaging solutions.\" \/>\n<meta name=\"robots\" content=\"index, follow, max-snippet:-1, max-image-preview:large, max-video-preview:-1\" \/>\n<link rel=\"canonical\" href=\"https:\/\/qingdaohf.com\/pl\/produkt\/wiazanie\/\" \/>\n<meta property=\"og:locale\" content=\"pl_PL\" \/>\n<meta property=\"og:type\" content=\"article\" \/>\n<meta property=\"og:title\" content=\"Woven Polyester Cord Strapping Band for Packaging\" \/>\n<meta property=\"og:description\" content=\"High-strength woven polyester cord strapping bands provide industries with efficient and trustworthy packaging solutions.\" \/>\n<meta property=\"og:url\" content=\"https:\/\/qingdaohf.com\/pl\/produkt\/wiazanie\/\" \/>\n<meta property=\"og:site_name\" content=\"Concrete Form &amp; Rigging Hardware Supplier\" \/>\n<meta property=\"article:publisher\" content=\"https:\/\/www.facebook.com\/qingdaohf\" \/>\n<meta property=\"article:modified_time\" content=\"2025-11-13T01:03:39+00:00\" \/>\n<meta property=\"og:image\" content=\"https:\/\/qingdaohf.com\/wp-content\/uploads\/2024\/01\/strapping-roll-2.webp\" \/>\n\t<meta property=\"og:image:width\" content=\"1000\" \/>\n\t<meta property=\"og:image:height\" content=\"1000\" \/>\n\t<meta property=\"og:image:type\" content=\"image\/webp\" \/>\n<meta name=\"twitter:card\" content=\"summary_large_image\" \/>\n<meta name=\"twitter:label1\" content=\"Szacowany czas czytania\" \/>\n\t<meta name=\"twitter:data1\" content=\"3 minuty\" \/>\n<script type=\"application\/ld+json\" class=\"yoast-schema-graph\">{\"@context\":\"https:\/\/schema.org\",\"@graph\":[{\"@type\":\"WebPage\",\"@id\":\"https:\/\/qingdaohf.com\/product\/woven-cord-strap\/\",\"url\":\"https:\/\/qingdaohf.com\/product\/woven-cord-strap\/\",\"name\":\"Woven Polyester Cord Strapping Band for Packaging\",\"isPartOf\":{\"@id\":\"https:\/\/qingdaohf.com\/bg\/#website\"},\"primaryImageOfPage\":{\"@id\":\"https:\/\/qingdaohf.com\/product\/woven-cord-strap\/#primaryimage\"},\"image\":{\"@id\":\"https:\/\/qingdaohf.com\/product\/woven-cord-strap\/#primaryimage\"},\"thumbnailUrl\":\"https:\/\/qingdaohf.com\/wp-content\/uploads\/2024\/01\/strapping-roll-2.webp\",\"datePublished\":\"2024-01-03T07:51:23+00:00\",\"dateModified\":\"2025-11-13T01:03:39+00:00\",\"description\":\"High-strength woven polyester cord strapping bands provide industries with efficient and trustworthy packaging solutions.\",\"breadcrumb\":{\"@id\":\"https:\/\/qingdaohf.com\/product\/woven-cord-strap\/#breadcrumb\"},\"inLanguage\":\"pl-PL\",\"potentialAction\":[{\"@type\":\"ReadAction\",\"target\":[\"https:\/\/qingdaohf.com\/product\/woven-cord-strap\/\"]}]},{\"@type\":\"ImageObject\",\"inLanguage\":\"pl-PL\",\"@id\":\"https:\/\/qingdaohf.com\/product\/woven-cord-strap\/#primaryimage\",\"url\":\"https:\/\/qingdaohf.com\/wp-content\/uploads\/2024\/01\/strapping-roll-2.webp\",\"contentUrl\":\"https:\/\/qingdaohf.com\/wp-content\/uploads\/2024\/01\/strapping-roll-2.webp\",\"width\":1000,\"height\":1000,\"caption\":\"strapping roll\"},{\"@type\":\"BreadcrumbList\",\"@id\":\"https:\/\/qingdaohf.com\/product\/woven-cord-strap\/#breadcrumb\",\"itemListElement\":[{\"@type\":\"ListItem\",\"position\":1,\"name\":\"Home\",\"item\":\"https:\/\/qingdaohf.com\/\"},{\"@type\":\"ListItem\",\"position\":2,\"name\":\"Concrete Forming Accessories and Rigging Hardware\",\"item\":\"https:\/\/qingdaohf.com\/bg\/?page_id=944\"},{\"@type\":\"ListItem\",\"position\":3,\"name\":\"Woven Polyester Cord Strapping Band for Packaging\"}]},{\"@type\":\"WebSite\",\"@id\":\"https:\/\/qingdaohf.com\/bg\/#website\",\"url\":\"https:\/\/qingdaohf.com\/bg\/\",\"name\":\"Concrete Form & Rigging Hardware Supplier\",\"description\":\"\",\"publisher\":{\"@id\":\"https:\/\/qingdaohf.com\/bg\/#organization\"},\"potentialAction\":[{\"@type\":\"SearchAction\",\"target\":{\"@type\":\"EntryPoint\",\"urlTemplate\":\"https:\/\/qingdaohf.com\/bg\/?s={search_term_string}\"},\"query-input\":{\"@type\":\"PropertyValueSpecification\",\"valueRequired\":true,\"valueName\":\"search_term_string\"}}],\"inLanguage\":\"pl-PL\"},{\"@type\":\"Organization\",\"@id\":\"https:\/\/qingdaohf.com\/bg\/#organization\",\"name\":\"Qingdao H&F\",\"url\":\"https:\/\/qingdaohf.com\/bg\/\",\"logo\":{\"@type\":\"ImageObject\",\"inLanguage\":\"pl-PL\",\"@id\":\"https:\/\/qingdaohf.com\/bg\/#\/schema\/logo\/image\/\",\"url\":\"https:\/\/qingdaohf.com\/wp-content\/uploads\/2022\/12\/cropped-HF-LOGO.png\",\"contentUrl\":\"https:\/\/qingdaohf.com\/wp-content\/uploads\/2022\/12\/cropped-HF-LOGO.png\",\"width\":391,\"height\":249,\"caption\":\"Qingdao H&F\"},\"image\":{\"@id\":\"https:\/\/qingdaohf.com\/bg\/#\/schema\/logo\/image\/\"},\"sameAs\":[\"https:\/\/www.facebook.com\/qingdaohf\"]}]}<\/script>\n<!-- \/ Yoast SEO plugin. -->","yoast_head_json":{"title":"Woven Polyester Cord Strapping Band for Packaging","description":"High-strength woven polyester cord strapping bands provide industries with efficient and trustworthy packaging solutions.","robots":{"index":"index","follow":"follow","max-snippet":"max-snippet:-1","max-image-preview":"max-image-preview:large","max-video-preview":"max-video-preview:-1"},"canonical":"https:\/\/qingdaohf.com\/pl\/produkt\/wiazanie\/","og_locale":"pl_PL","og_type":"article","og_title":"Woven Polyester Cord Strapping Band for Packaging","og_description":"High-strength woven polyester cord strapping bands provide industries with efficient and trustworthy packaging solutions.","og_url":"https:\/\/qingdaohf.com\/pl\/produkt\/wiazanie\/","og_site_name":"Concrete Form &amp; Rigging Hardware Supplier","article_publisher":"https:\/\/www.facebook.com\/qingdaohf","article_modified_time":"2025-11-13T01:03:39+00:00","og_image":[{"width":1000,"height":1000,"url":"https:\/\/qingdaohf.com\/wp-content\/uploads\/2024\/01\/strapping-roll-2.webp","type":"image\/webp"}],"twitter_card":"summary_large_image","twitter_misc":{"Szacowany czas czytania":"3 minuty"},"schema":{"@context":"https:\/\/schema.org","@graph":[{"@type":"WebPage","@id":"https:\/\/qingdaohf.com\/product\/woven-cord-strap\/","url":"https:\/\/qingdaohf.com\/product\/woven-cord-strap\/","name":"Woven Polyester Cord Strapping Band for Packaging","isPartOf":{"@id":"https:\/\/qingdaohf.com\/bg\/#website"},"primaryImageOfPage":{"@id":"https:\/\/qingdaohf.com\/product\/woven-cord-strap\/#primaryimage"},"image":{"@id":"https:\/\/qingdaohf.com\/product\/woven-cord-strap\/#primaryimage"},"thumbnailUrl":"https:\/\/qingdaohf.com\/wp-content\/uploads\/2024\/01\/strapping-roll-2.webp","datePublished":"2024-01-03T07:51:23+00:00","dateModified":"2025-11-13T01:03:39+00:00","description":"High-strength woven polyester cord strapping bands provide industries with efficient and trustworthy packaging solutions.","breadcrumb":{"@id":"https:\/\/qingdaohf.com\/product\/woven-cord-strap\/#breadcrumb"},"inLanguage":"pl-PL","potentialAction":[{"@type":"ReadAction","target":["https:\/\/qingdaohf.com\/product\/woven-cord-strap\/"]}]},{"@type":"ImageObject","inLanguage":"pl-PL","@id":"https:\/\/qingdaohf.com\/product\/woven-cord-strap\/#primaryimage","url":"https:\/\/qingdaohf.com\/wp-content\/uploads\/2024\/01\/strapping-roll-2.webp","contentUrl":"https:\/\/qingdaohf.com\/wp-content\/uploads\/2024\/01\/strapping-roll-2.webp","width":1000,"height":1000,"caption":"strapping roll"},{"@type":"BreadcrumbList","@id":"https:\/\/qingdaohf.com\/product\/woven-cord-strap\/#breadcrumb","itemListElement":[{"@type":"ListItem","position":1,"name":"Home","item":"https:\/\/qingdaohf.com\/"},{"@type":"ListItem","position":2,"name":"Concrete Forming Accessories and Rigging Hardware","item":"https:\/\/qingdaohf.com\/bg\/?page_id=944"},{"@type":"ListItem","position":3,"name":"Woven Polyester Cord Strapping Band for Packaging"}]},{"@type":"WebSite","@id":"https:\/\/qingdaohf.com\/bg\/#website","url":"https:\/\/qingdaohf.com\/bg\/","name":"Concrete Form & Rigging Hardware Supplier","description":"","publisher":{"@id":"https:\/\/qingdaohf.com\/bg\/#organization"},"potentialAction":[{"@type":"SearchAction","target":{"@type":"EntryPoint","urlTemplate":"https:\/\/qingdaohf.com\/bg\/?s={search_term_string}"},"query-input":{"@type":"PropertyValueSpecification","valueRequired":true,"valueName":"search_term_string"}}],"inLanguage":"pl-PL"},{"@type":"Organization","@id":"https:\/\/qingdaohf.com\/bg\/#organization","name":"Qingdao H&F","url":"https:\/\/qingdaohf.com\/bg\/","logo":{"@type":"ImageObject","inLanguage":"pl-PL","@id":"https:\/\/qingdaohf.com\/bg\/#\/schema\/logo\/image\/","url":"https:\/\/qingdaohf.com\/wp-content\/uploads\/2022\/12\/cropped-HF-LOGO.png","contentUrl":"https:\/\/qingdaohf.com\/wp-content\/uploads\/2022\/12\/cropped-HF-LOGO.png","width":391,"height":249,"caption":"Qingdao H&F"},"image":{"@id":"https:\/\/qingdaohf.com\/bg\/#\/schema\/logo\/image\/"},"sameAs":["https:\/\/www.facebook.com\/qingdaohf"]}]}},"_links":{"self":[{"href":"https:\/\/qingdaohf.com\/pl\/wp-json\/wp\/v2\/product\/6226","targetHints":{"allow":["GET"]}}],"collection":[{"href":"https:\/\/qingdaohf.com\/pl\/wp-json\/wp\/v2\/product"}],"about":[{"href":"https:\/\/qingdaohf.com\/pl\/wp-json\/wp\/v2\/types\/product"}],"replies":[{"embeddable":true,"href":"https:\/\/qingdaohf.com\/pl\/wp-json\/wp\/v2\/comments?post=6226"}],"version-history":[{"count":11,"href":"https:\/\/qingdaohf.com\/pl\/wp-json\/wp\/v2\/product\/6226\/revisions"}],"predecessor-version":[{"id":8881,"href":"https:\/\/qingdaohf.com\/pl\/wp-json\/wp\/v2\/product\/6226\/revisions\/8881"}],"wp:featuredmedia":[{"embeddable":true,"href":"https:\/\/qingdaohf.com\/pl\/wp-json\/wp\/v2\/media\/6225"}],"wp:attachment":[{"href":"https:\/\/qingdaohf.com\/pl\/wp-json\/wp\/v2\/media?parent=6226"}],"wp:term":[{"taxonomy":"product_brand","embeddable":true,"href":"https:\/\/qingdaohf.com\/pl\/wp-json\/wp\/v2\/product_brand?post=6226"},{"taxonomy":"product_cat","embeddable":true,"href":"https:\/\/qingdaohf.com\/pl\/wp-json\/wp\/v2\/product_cat?post=6226"},{"taxonomy":"product_tag","embeddable":true,"href":"https:\/\/qingdaohf.com\/pl\/wp-json\/wp\/v2\/product_tag?post=6226"}],"curies":[{"name":"wp","href":"https:\/\/api.w.org\/{rel}","templated":true}]}}