{"id":6504,"date":"2024-02-05T09:54:52","date_gmt":"2024-02-05T01:54:52","guid":{"rendered":"http:\/\/qingdaohf.com\/?post_type=product&#038;p=6504"},"modified":"2025-11-13T09:03:38","modified_gmt":"2025-11-13T01:03:38","slug":"bent-eye-bolt","status":"publish","type":"product","link":"https:\/\/qingdaohf.com\/pl\/produkt\/wygieta-sruba-oczkowa\/","title":{"rendered":"Wygi\u0119ta \u015bruba oczkowa"},"content":{"rendered":"<h2 class=\"text-2xl font-bold mt-1 text-text-200\">Doskona\u0142o\u015b\u0107 in\u017cynieryjna: \u015aruba z wygi\u0119tym uchem<\/h2>\n<p class=\"whitespace-pre-wrap break-words\">\u015aruba z zagi\u0119tym uchem jest przyk\u0142adem praktycznej in\u017cynierii w najlepszym wydaniu. Zamiast pod\u0105\u017ca\u0107 za konwencjonalnymi konstrukcjami element\u00f3w z\u0142\u0105cznych, jej zakrzywiony kszta\u0142t rewolucjonizuje rozk\u0142ad obci\u0105\u017cenia, czyni\u0105c j\u0105 niezb\u0119dn\u0105 do ci\u0119\u017ckich zastosowa\u0144 w olinowaniu, holowaniu i zabezpieczaniu maszyn.<\/p>\n<div class=\"ast-oembed-container\" style=\"height: 100%;\"><iframe title=\"Ulepsz swoje rozwi\u0105zania w zakresie olinowania dzi\u0119ki naszym \u015brubom oczkowym!\" width=\"500\" height=\"281\" src=\"https:\/\/www.youtube.com\/embed\/hRsRZXPqmSo?feature=oembed\" frameborder=\"0\" allow=\"accelerometer; autoplay; clipboard-write; encrypted-media; gyroscope; picture-in-picture; web-share\" referrerpolicy=\"strict-origin-when-cross-origin\" allowfullscreen><\/iframe><\/div>\n<h2 class=\"text-xl font-bold text-text-200 mt-1 -mb-0.5\">Podstawowa in\u017cynieria i materia\u0142y<\/h2>\n<p class=\"whitespace-pre-wrap break-words\">In\u017cynierowie starannie dobieraj\u0105 wysokiej jako\u015bci metale, kt\u00f3re przeciwdzia\u0142aj\u0105 korozji, a jednocze\u015bnie s\u0105 odporne na intensywne napr\u0119\u017cenia mechaniczne. Strategiczny proces gi\u0119cia redukuje punkty koncentracji napr\u0119\u017ce\u0144 - typowy s\u0142aby punkt tradycyjnych \u015brub oczkowych. Ta przemy\u015blana in\u017cynieria prowadzi do imponuj\u0105cej trwa\u0142o\u015bci nawet w wymagaj\u0105cych warunkach. Ka\u017cdy element jest poddawany precyzyjnej obr\u00f3bce, aby zachowa\u0107 stabilno\u015b\u0107 podczas dynamicznych operacji.<\/p>\n<p class=\"whitespace-pre-wrap break-words\">Nasza produkcja obejmuje najnowocze\u015bniejsze techniki przy jednoczesnym zachowaniu rygorystycznych standard\u00f3w jako\u015bci. Przed wysy\u0142k\u0105 ka\u017cda \u015bruba jest poddawana szczeg\u00f3\u0142owym testom pod k\u0105tem dok\u0142adno\u015bci wymiarowej, wytrzyma\u0142o\u015bci materia\u0142u i no\u015bno\u015bci. Te kompleksowe oceny, kluczowe dla naszego systemu jako\u015bci, pokazuj\u0105, \u017ce nasze produkty konsekwentnie przewy\u017cszaj\u0105 wymagania bran\u017cowe. Zachowujemy pe\u0142n\u0105 przejrzysto\u015b\u0107, dostarczaj\u0105c szczeg\u00f3\u0142ow\u0105 dokumentacj\u0119 kontroli wraz z wysy\u0142k\u0105.<\/p>\n<h2 class=\"text-xl font-bold text-text-200 mt-1 -mb-0.5\">Rzeczywiste zastosowania i konfiguracja<\/h2>\n<h3 class=\"text-lg font-bold text-text-200 mt-1 -mb-1.5\">Wdro\u017cenie w bran\u017cy<\/h3>\n<p class=\"whitespace-pre-wrap break-words\">Od plac\u00f3w budowy po statki oceaniczne, profesjonali\u015bci polegaj\u0105 na wygi\u0119tych \u015brubach oczkowych, aby chroni\u0107 cenny sprz\u0119t. Wszechstronno\u015b\u0107 konstrukcji pozwala na dostosowanie do r\u00f3\u017cnych scenariuszy wymagaj\u0105cych zar\u00f3wno elastyczno\u015bci, jak i integralno\u015bci strukturalnej. Niezale\u017cnie od tego, czy chodzi o podnoszenie ci\u0119\u017ckich \u0142adunk\u00f3w, zabezpieczanie sprz\u0119tu w trudnych warunkach pogodowych, czy te\u017c \u0142\u0105czenie element\u00f3w maszyn przemys\u0142owych, \u015bruby te okazuj\u0105 si\u0119 niezast\u0105pione. Ich specjalistyczny kszta\u0142t zapewnia optymalny rozk\u0142ad si\u0142, utrzymuj\u0105c \u0142adunki w r\u00f3wnowadze podczas pracy.<\/p>\n<h3 class=\"text-lg font-bold text-text-200 mt-1 -mb-1.5\">Instalacja przyjazna dla u\u017cytkownika<\/h3>\n<p class=\"whitespace-pre-wrap break-words\">Pracownicy szybko opanowuj\u0105 prosty proces instalacji dzi\u0119ki intuicyjnej konstrukcji, kt\u00f3ra skraca czas szkolenia. Unikalna krzywizna \u015bruby umo\u017cliwia bezpieczne mocowanie do r\u00f3\u017cnych materia\u0142\u00f3w - od belek stalowych po beton. Ta zdolno\u015b\u0107 adaptacji usprawnia monta\u017c i skraca przestoje konserwacyjne, bezpo\u015brednio poprawiaj\u0105c wydajno\u015b\u0107 operacyjn\u0105 i redukuj\u0105c koszty.<\/p>\n<h3 class=\"text-lg font-bold text-text-200 mt-1 -mb-1.5\">Ulepszone funkcje bezpiecze\u0144stwa<\/h3>\n<p class=\"whitespace-pre-wrap break-words\">Wygi\u0119ta \u015bruba oczkowa rozwi\u0105zuje kluczowe kwestie bezpiecze\u0144stwa dzi\u0119ki inteligentnej in\u017cynierii. U\u017cytkownicy ufaj\u0105 jej zdolno\u015bci do zapobiegania po\u015blizgowi lub niewsp\u00f3\u0142osiowo\u015bci pod obci\u0105\u017ceniem. Obliczona krzywa oka przekierowuje si\u0142y z dala od potencjalnych punkt\u00f3w awarii, minimalizuj\u0105c ryzyko awarii podczas krytycznych zada\u0144. Firmy korzystaj\u0105ce z tych \u015brub zazwyczaj zg\u0142aszaj\u0105 mniejsz\u0105 liczb\u0119 incydent\u00f3w i wi\u0119ksz\u0105 niezawodno\u015b\u0107.<\/p>\n<h2 class=\"text-xl font-bold text-text-200 mt-1 -mb-0.5\">Zapewnienie jako\u015bci i wsparcie<\/h2>\n<h3 class=\"text-lg font-bold text-text-200 mt-1 -mb-1.5\">Rygorystyczny protok\u00f3\u0142 testowy<\/h3>\n<p class=\"whitespace-pre-wrap break-words\">Ka\u017cda \u015bruba przechodzi kompleksow\u0105 ocen\u0119 przed opuszczeniem naszego zak\u0142adu. Rozumiej\u0105c krytyczne dla bezpiecze\u0144stwa zastosowania, prowadzimy szczeg\u00f3\u0142ow\u0105 dokumentacj\u0119 wydajno\u015bci. Nasze raporty jako\u015bci opisuj\u0105 konkretne wska\u017aniki i w\u0142a\u015bciwo\u015bci materia\u0142\u00f3w, wykazuj\u0105c d\u0142ugoterminow\u0105 niezawodno\u015b\u0107 w trudnych warunkach.<\/p>\n<h3 class=\"text-lg font-bold text-text-200 mt-1 -mb-1.5\">Obs\u0142uga zorientowana na klienta<\/h3>\n<p class=\"whitespace-pre-wrap break-words\">\u0141\u0105czymy wiedz\u0119 techniczn\u0105 ze spersonalizowan\u0105 uwag\u0105. Klienci otrzymuj\u0105 dedykowane wsparcie zar\u00f3wno w przypadku pyta\u0144 przed zakupem, jak i bie\u017c\u0105cej pomocy. Nasz zesp\u00f3\u0142 oferuje szczeg\u00f3\u0142owe wskaz\u00f3wki dotycz\u0105ce instalacji, konserwacji i rozwi\u0105zywania problem\u00f3w. Takie podej\u015bcie zapewnia kompleksowe wsparcie przez ca\u0142y cykl \u017cycia produktu. Szybka dostawa dodatkowo zwi\u0119ksza satysfakcj\u0119, minimalizuj\u0105c op\u00f3\u017anienia projektu.<\/p>\n<h3 class=\"text-lg font-bold text-text-200 mt-1 -mb-1.5\">Ci\u0105g\u0142a innowacja<\/h3>\n<p class=\"whitespace-pre-wrap break-words\">Regularne inwestycje w badania utrzymuj\u0105 nasze produkty w czo\u0142\u00f3wce technologicznej. Wsp\u00f3\u0142pracujemy z ekspertami w tej dziedzinie, aby ulepsza\u0107 projekty i metody produkcji. To zaanga\u017cowanie podnosi standardy bran\u017cowe, jednocze\u015bnie dostarczaj\u0105c op\u0142acalne rozwi\u0105zania. Nasza koncentracja na rozwoju obejmuje in\u017cynieri\u0119 i obs\u0142ug\u0119 klienta, stawiaj\u0105c na pierwszym miejscu doskona\u0142o\u015b\u0107 na ka\u017cdym etapie.<\/p>\n<h3 class=\"text-lg font-bold text-text-200 mt-1 -mb-1.5\">Niezawodna dostawa<\/h3>\n<p class=\"whitespace-pre-wrap break-words\">Rozumiej\u0105c operacje, w kt\u00f3rych liczy si\u0119 czas, utrzymujemy wydajne systemy dostaw spe\u0142niaj\u0105ce wymagaj\u0105ce harmonogramy. Nasz zesp\u00f3\u0142 logistyczny zapewnia szybkie przetwarzanie zam\u00f3wie\u0144 i wysy\u0142k\u0119. Gdy pojawiaj\u0105 si\u0119 wyzwania, proaktywnie komunikujemy si\u0119 i zapewniamy alternatywy, aby zminimalizowa\u0107 zak\u0142\u00f3cenia.<\/p>\n<h2 class=\"text-xl font-bold text-text-200 mt-1 -mb-0.5\">Wsparcie edukacyjne i doskona\u0142o\u015b\u0107 techniczna<\/h2>\n<p class=\"whitespace-pre-wrap break-words\">Wraz z naszym sprz\u0119tem dostarczamy kompleksow\u0105 dokumentacj\u0119 techniczn\u0105 i materia\u0142y szkoleniowe. Dzi\u0119ki szczeg\u00f3\u0142owym przewodnikom i konsultacjom klienci opanowuj\u0105 prawid\u0142owe techniki u\u017cytkowania. Dzielenie si\u0119 wiedz\u0105 zapobiega cz\u0119stym problemom i wyd\u0142u\u017ca \u017cywotno\u015b\u0107 produktu dzi\u0119ki w\u0142a\u015bciwej konserwacji.<\/p>\n<p class=\"whitespace-pre-wrap break-words\">Precyzyjna in\u017cynieria ka\u017cdej \u015bruby odzwierciedla nasze zaanga\u017cowanie w wydajno\u015b\u0107. W krytycznych \u015brodowiskach \u015bruby te zapewniaj\u0105 bezpieczne po\u0142\u0105czenia, kt\u00f3re minimalizuj\u0105 ryzyko zwi\u0105zane z obs\u0142ug\u0105. Ta niezawodno\u015b\u0107 okazuje si\u0119 kluczowa tam, gdzie awaria sprz\u0119tu mo\u017ce mie\u0107 powa\u017cne konsekwencje.<\/p>\n<p class=\"whitespace-pre-wrap break-words\">Nasze \u015brodki jako\u015bci optymalizuj\u0105 ka\u017cdy aspekt pod k\u0105tem maksymalnej wydajno\u015bci. Po\u0142\u0105czenie zaawansowanej nauki o materia\u0142ach z precyzyjn\u0105 in\u017cynieri\u0105 daje niezmiennie doskona\u0142e wyniki. D\u0105\u017cenie do doskona\u0142o\u015bci oznacza minimalne potrzeby wymiany i sta\u0142\u0105 wydajno\u015b\u0107 operacyjn\u0105.<\/p>\n<p class=\"whitespace-pre-wrap break-words\">Informacje zwrotne od klient\u00f3w nap\u0119dzaj\u0105 ci\u0105g\u0142e doskonalenie, a spostrze\u017cenia kszta\u0142tuj\u0105 przysz\u0142y rozw\u00f3j. Takie podej\u015bcie oparte na wsp\u00f3\u0142pracy prowadzi do praktycznych ulepsze\u0144 zar\u00f3wno w zakresie bezpiecze\u0144stwa, jak i wydajno\u015bci. Ci\u0105g\u0142y dialog wzmacnia relacje, jednocze\u015bnie rozwijaj\u0105c mo\u017cliwo\u015bci produktu.<\/p>\n<h2 class=\"text-xl font-bold text-text-200 mt-1 -mb-0.5\">Wnioski<\/h2>\n<p class=\"whitespace-pre-wrap break-words\">\u015aruba z zagi\u0119tym uchem stanowi po\u0142\u0105czenie doskona\u0142o\u015bci in\u017cynieryjnej i praktycznych funkcji bezpiecze\u0144stwa. Jej innowacyjna konstrukcja zapewnia optymalne zarz\u0105dzanie obci\u0105\u017ceniem i trwa\u0142\u0105 wytrzyma\u0142o\u015b\u0107, popart\u0105 dok\u0142adnymi kontrolami jako\u015bci. W po\u0142\u0105czeniu z elastyczn\u0105 obs\u0142ug\u0105 klienta i niezawodn\u0105 dostaw\u0105, stanowi idealne rozwi\u0105zanie dla operacji wymagaj\u0105cych sta\u0142ej wydajno\u015bci. Nieustannie rozwijamy nasze projekty, dostarczaj\u0105c produkty, kt\u00f3re zwi\u0119kszaj\u0105 wydajno\u015b\u0107 operacyjn\u0105 i bezpiecze\u0144stwo.<\/p>\n<p class=\"whitespace-pre-wrap break-words\">Nasze kompleksowe podej\u015bcie - od wst\u0119pnego projektu po bie\u017c\u0105ce wsparcie - \u015bwiadczy o zaanga\u017cowaniu w tworzenie trwa\u0142ych rozwi\u0105za\u0144. Wyb\u00f3r naszych gi\u0119tych \u015brub oczkowych oznacza inwestycj\u0119 w sprawdzon\u0105 niezawodno\u015b\u0107 i wsparcie ekspert\u00f3w. Do\u015bwiadcz r\u00f3\u017cnicy, jak\u0105 przemy\u015blana in\u017cynieria i dedykowane wsparcie wnosz\u0105 do Twoich operacji.<\/p>","protected":false},"excerpt":{"rendered":"<p data-sourcepos=\"5:1-5:37\">Oto nasza skrupulatnie zaprojektowana wygi\u0119ta \u015bruba oczkowa, kt\u00f3ra zosta\u0142a stworzona specjalnie do mocowania ci\u0119\u017ckich \u0142adunk\u00f3w i og\u00f3lnych zastosowa\u0144 olinowania. Nasz produkt spe\u0142nia g\u0142\u00f3wne obawy nabywc\u00f3w dzi\u0119ki doskona\u0142ej trwa\u0142o\u015bci, prostej instalacji i bezkompromisowemu bezpiecze\u0144stwu w trudnych warunkach. Jako niezawodna firma handlowa zapewniamy indywidualn\u0105 obs\u0142ug\u0119 klienta, terminowe dostawy i szczeg\u00f3\u0142owe raporty z kontroli jako\u015bci, dzi\u0119ki czemu ka\u017cdy klient mo\u017ce mie\u0107 pewno\u015b\u0107, \u017ce otrzyma niezawodny, wysokiej jako\u015bci sprz\u0119t zgodny z jego konkretnymi wymaganiami.<\/p>","protected":false},"featured_media":6506,"comment_status":"open","ping_status":"closed","template":"","meta":{"site-sidebar-layout":"default","site-content-layout":"","ast-site-content-layout":"default","site-content-style":"default","site-sidebar-style":"default","ast-global-header-display":"","ast-banner-title-visibility":"","ast-main-header-display":"","ast-hfb-above-header-display":"","ast-hfb-below-header-display":"","ast-hfb-mobile-header-display":"","site-post-title":"","ast-breadcrumbs-content":"","ast-featured-img":"","footer-sml-layout":"","theme-transparent-header-meta":"default","adv-header-id-meta":"","stick-header-meta":"default","header-above-stick-meta":"","header-main-stick-meta":"","header-below-stick-meta":"","astra-migrate-meta-layouts":"set","ast-page-background-enabled":"default","ast-page-background-meta":{"desktop":{"background-color":"","background-image":"","background-repeat":"repeat","background-position":"center center","background-size":"auto","background-attachment":"scroll","background-type":"","background-media":"","overlay-type":"","overlay-color":"","overlay-opacity":"","overlay-gradient":""},"tablet":{"background-color":"","background-image":"","background-repeat":"repeat","background-position":"center center","background-size":"auto","background-attachment":"scroll","background-type":"","background-media":"","overlay-type":"","overlay-color":"","overlay-opacity":"","overlay-gradient":""},"mobile":{"background-color":"","background-image":"","background-repeat":"repeat","background-position":"center center","background-size":"auto","background-attachment":"scroll","background-type":"","background-media":"","overlay-type":"","overlay-color":"","overlay-opacity":"","overlay-gradient":""}},"ast-content-background-meta":{"desktop":{"background-color":"var(--ast-global-color-5)","background-image":"","background-repeat":"repeat","background-position":"center center","background-size":"auto","background-attachment":"scroll","background-type":"","background-media":"","overlay-type":"","overlay-color":"","overlay-opacity":"","overlay-gradient":""},"tablet":{"background-color":"var(--ast-global-color-5)","background-image":"","background-repeat":"repeat","background-position":"center center","background-size":"auto","background-attachment":"scroll","background-type":"","background-media":"","overlay-type":"","overlay-color":"","overlay-opacity":"","overlay-gradient":""},"mobile":{"background-color":"var(--ast-global-color-5)","background-image":"","background-repeat":"repeat","background-position":"center center","background-size":"auto","background-attachment":"scroll","background-type":"","background-media":"","overlay-type":"","overlay-color":"","overlay-opacity":"","overlay-gradient":""}}},"product_brand":[],"product_cat":[44],"product_tag":[],"class_list":{"0":"post-6504","1":"product","2":"type-product","3":"status-publish","4":"has-post-thumbnail","6":"product_cat-stainless-steel-poduct","7":"desktop-align-left","8":"tablet-align-left","9":"mobile-align-left","10":"ast-product-gallery-layout-horizontal-slider","11":"ast-product-tabs-layout-horizontal","13":"first","14":"instock","15":"shipping-taxable","16":"purchasable","17":"product-type-simple"},"yoast_head":"<!-- This site is optimized with the Yoast SEO plugin v25.2 - https:\/\/yoast.com\/wordpress\/plugins\/seo\/ -->\n<title>Bent Eye Bolt<\/title>\n<meta name=\"description\" content=\"Qingdao H&amp;F, your reliable supplier for over 20 years, offers top-quality bent eye bolts for diverse lifting and rigging applications.\" \/>\n<meta name=\"robots\" content=\"index, follow, max-snippet:-1, max-image-preview:large, max-video-preview:-1\" \/>\n<link rel=\"canonical\" href=\"https:\/\/qingdaohf.com\/pl\/produkt\/wygieta-sruba-oczkowa\/\" \/>\n<meta property=\"og:locale\" content=\"pl_PL\" \/>\n<meta property=\"og:type\" content=\"article\" \/>\n<meta property=\"og:title\" content=\"Bent Eye Bolt\" \/>\n<meta property=\"og:description\" content=\"Qingdao H&amp;F, your reliable supplier for over 20 years, offers top-quality bent eye bolts for diverse lifting and rigging applications.\" \/>\n<meta property=\"og:url\" content=\"https:\/\/qingdaohf.com\/pl\/produkt\/wygieta-sruba-oczkowa\/\" \/>\n<meta property=\"og:site_name\" content=\"Concrete Form &amp; Rigging Hardware Supplier\" \/>\n<meta property=\"article:publisher\" content=\"https:\/\/www.facebook.com\/qingdaohf\" \/>\n<meta property=\"article:modified_time\" content=\"2025-11-13T01:03:38+00:00\" \/>\n<meta property=\"og:image\" content=\"https:\/\/qingdaohf.com\/wp-content\/uploads\/2024\/02\/HF-BENT-EYE-BOLT-1.jpg\" \/>\n\t<meta property=\"og:image:width\" content=\"1000\" \/>\n\t<meta property=\"og:image:height\" content=\"1000\" \/>\n\t<meta property=\"og:image:type\" content=\"image\/jpeg\" \/>\n<meta name=\"twitter:card\" content=\"summary_large_image\" \/>\n<meta name=\"twitter:label1\" content=\"Szacowany czas czytania\" \/>\n\t<meta name=\"twitter:data1\" content=\"4 minuty\" \/>\n<script type=\"application\/ld+json\" class=\"yoast-schema-graph\">{\"@context\":\"https:\/\/schema.org\",\"@graph\":[{\"@type\":\"WebPage\",\"@id\":\"https:\/\/qingdaohf.com\/product\/bent-eye-bolt\/\",\"url\":\"https:\/\/qingdaohf.com\/product\/bent-eye-bolt\/\",\"name\":\"Bent Eye Bolt\",\"isPartOf\":{\"@id\":\"https:\/\/qingdaohf.com\/bg\/#website\"},\"primaryImageOfPage\":{\"@id\":\"https:\/\/qingdaohf.com\/product\/bent-eye-bolt\/#primaryimage\"},\"image\":{\"@id\":\"https:\/\/qingdaohf.com\/product\/bent-eye-bolt\/#primaryimage\"},\"thumbnailUrl\":\"https:\/\/qingdaohf.com\/wp-content\/uploads\/2024\/02\/HF-BENT-EYE-BOLT-1.jpg\",\"datePublished\":\"2024-02-05T01:54:52+00:00\",\"dateModified\":\"2025-11-13T01:03:38+00:00\",\"description\":\"Qingdao H&F, your reliable supplier for over 20 years, offers top-quality bent eye bolts for diverse lifting and rigging applications.\",\"breadcrumb\":{\"@id\":\"https:\/\/qingdaohf.com\/product\/bent-eye-bolt\/#breadcrumb\"},\"inLanguage\":\"pl-PL\",\"potentialAction\":[{\"@type\":\"ReadAction\",\"target\":[\"https:\/\/qingdaohf.com\/product\/bent-eye-bolt\/\"]}]},{\"@type\":\"ImageObject\",\"inLanguage\":\"pl-PL\",\"@id\":\"https:\/\/qingdaohf.com\/product\/bent-eye-bolt\/#primaryimage\",\"url\":\"https:\/\/qingdaohf.com\/wp-content\/uploads\/2024\/02\/HF-BENT-EYE-BOLT-1.jpg\",\"contentUrl\":\"https:\/\/qingdaohf.com\/wp-content\/uploads\/2024\/02\/HF-BENT-EYE-BOLT-1.jpg\",\"width\":1000,\"height\":1000,\"caption\":\"H&F BENT EYE BOLT\"},{\"@type\":\"BreadcrumbList\",\"@id\":\"https:\/\/qingdaohf.com\/product\/bent-eye-bolt\/#breadcrumb\",\"itemListElement\":[{\"@type\":\"ListItem\",\"position\":1,\"name\":\"Home\",\"item\":\"https:\/\/qingdaohf.com\/\"},{\"@type\":\"ListItem\",\"position\":2,\"name\":\"Concrete Forming Accessories and Rigging Hardware\",\"item\":\"https:\/\/qingdaohf.com\/bg\/?page_id=944\"},{\"@type\":\"ListItem\",\"position\":3,\"name\":\"Bent Eye Bolt\"}]},{\"@type\":\"WebSite\",\"@id\":\"https:\/\/qingdaohf.com\/bg\/#website\",\"url\":\"https:\/\/qingdaohf.com\/bg\/\",\"name\":\"Concrete Form & Rigging Hardware Supplier\",\"description\":\"\",\"publisher\":{\"@id\":\"https:\/\/qingdaohf.com\/bg\/#organization\"},\"potentialAction\":[{\"@type\":\"SearchAction\",\"target\":{\"@type\":\"EntryPoint\",\"urlTemplate\":\"https:\/\/qingdaohf.com\/bg\/?s={search_term_string}\"},\"query-input\":{\"@type\":\"PropertyValueSpecification\",\"valueRequired\":true,\"valueName\":\"search_term_string\"}}],\"inLanguage\":\"pl-PL\"},{\"@type\":\"Organization\",\"@id\":\"https:\/\/qingdaohf.com\/bg\/#organization\",\"name\":\"Qingdao H&F\",\"url\":\"https:\/\/qingdaohf.com\/bg\/\",\"logo\":{\"@type\":\"ImageObject\",\"inLanguage\":\"pl-PL\",\"@id\":\"https:\/\/qingdaohf.com\/bg\/#\/schema\/logo\/image\/\",\"url\":\"https:\/\/qingdaohf.com\/wp-content\/uploads\/2022\/12\/cropped-HF-LOGO.png\",\"contentUrl\":\"https:\/\/qingdaohf.com\/wp-content\/uploads\/2022\/12\/cropped-HF-LOGO.png\",\"width\":391,\"height\":249,\"caption\":\"Qingdao H&F\"},\"image\":{\"@id\":\"https:\/\/qingdaohf.com\/bg\/#\/schema\/logo\/image\/\"},\"sameAs\":[\"https:\/\/www.facebook.com\/qingdaohf\"]}]}<\/script>\n<!-- \/ Yoast SEO plugin. -->","yoast_head_json":{"title":"Bent Eye Bolt","description":"Qingdao H&F, your reliable supplier for over 20 years, offers top-quality bent eye bolts for diverse lifting and rigging applications.","robots":{"index":"index","follow":"follow","max-snippet":"max-snippet:-1","max-image-preview":"max-image-preview:large","max-video-preview":"max-video-preview:-1"},"canonical":"https:\/\/qingdaohf.com\/pl\/produkt\/wygieta-sruba-oczkowa\/","og_locale":"pl_PL","og_type":"article","og_title":"Bent Eye Bolt","og_description":"Qingdao H&F, your reliable supplier for over 20 years, offers top-quality bent eye bolts for diverse lifting and rigging applications.","og_url":"https:\/\/qingdaohf.com\/pl\/produkt\/wygieta-sruba-oczkowa\/","og_site_name":"Concrete Form &amp; Rigging Hardware Supplier","article_publisher":"https:\/\/www.facebook.com\/qingdaohf","article_modified_time":"2025-11-13T01:03:38+00:00","og_image":[{"width":1000,"height":1000,"url":"https:\/\/qingdaohf.com\/wp-content\/uploads\/2024\/02\/HF-BENT-EYE-BOLT-1.jpg","type":"image\/jpeg"}],"twitter_card":"summary_large_image","twitter_misc":{"Szacowany czas czytania":"4 minuty"},"schema":{"@context":"https:\/\/schema.org","@graph":[{"@type":"WebPage","@id":"https:\/\/qingdaohf.com\/product\/bent-eye-bolt\/","url":"https:\/\/qingdaohf.com\/product\/bent-eye-bolt\/","name":"Bent Eye Bolt","isPartOf":{"@id":"https:\/\/qingdaohf.com\/bg\/#website"},"primaryImageOfPage":{"@id":"https:\/\/qingdaohf.com\/product\/bent-eye-bolt\/#primaryimage"},"image":{"@id":"https:\/\/qingdaohf.com\/product\/bent-eye-bolt\/#primaryimage"},"thumbnailUrl":"https:\/\/qingdaohf.com\/wp-content\/uploads\/2024\/02\/HF-BENT-EYE-BOLT-1.jpg","datePublished":"2024-02-05T01:54:52+00:00","dateModified":"2025-11-13T01:03:38+00:00","description":"Qingdao H&F, your reliable supplier for over 20 years, offers top-quality bent eye bolts for diverse lifting and rigging applications.","breadcrumb":{"@id":"https:\/\/qingdaohf.com\/product\/bent-eye-bolt\/#breadcrumb"},"inLanguage":"pl-PL","potentialAction":[{"@type":"ReadAction","target":["https:\/\/qingdaohf.com\/product\/bent-eye-bolt\/"]}]},{"@type":"ImageObject","inLanguage":"pl-PL","@id":"https:\/\/qingdaohf.com\/product\/bent-eye-bolt\/#primaryimage","url":"https:\/\/qingdaohf.com\/wp-content\/uploads\/2024\/02\/HF-BENT-EYE-BOLT-1.jpg","contentUrl":"https:\/\/qingdaohf.com\/wp-content\/uploads\/2024\/02\/HF-BENT-EYE-BOLT-1.jpg","width":1000,"height":1000,"caption":"H&F BENT EYE BOLT"},{"@type":"BreadcrumbList","@id":"https:\/\/qingdaohf.com\/product\/bent-eye-bolt\/#breadcrumb","itemListElement":[{"@type":"ListItem","position":1,"name":"Home","item":"https:\/\/qingdaohf.com\/"},{"@type":"ListItem","position":2,"name":"Concrete Forming Accessories and Rigging Hardware","item":"https:\/\/qingdaohf.com\/bg\/?page_id=944"},{"@type":"ListItem","position":3,"name":"Bent Eye Bolt"}]},{"@type":"WebSite","@id":"https:\/\/qingdaohf.com\/bg\/#website","url":"https:\/\/qingdaohf.com\/bg\/","name":"Concrete Form & Rigging Hardware Supplier","description":"","publisher":{"@id":"https:\/\/qingdaohf.com\/bg\/#organization"},"potentialAction":[{"@type":"SearchAction","target":{"@type":"EntryPoint","urlTemplate":"https:\/\/qingdaohf.com\/bg\/?s={search_term_string}"},"query-input":{"@type":"PropertyValueSpecification","valueRequired":true,"valueName":"search_term_string"}}],"inLanguage":"pl-PL"},{"@type":"Organization","@id":"https:\/\/qingdaohf.com\/bg\/#organization","name":"Qingdao H&F","url":"https:\/\/qingdaohf.com\/bg\/","logo":{"@type":"ImageObject","inLanguage":"pl-PL","@id":"https:\/\/qingdaohf.com\/bg\/#\/schema\/logo\/image\/","url":"https:\/\/qingdaohf.com\/wp-content\/uploads\/2022\/12\/cropped-HF-LOGO.png","contentUrl":"https:\/\/qingdaohf.com\/wp-content\/uploads\/2022\/12\/cropped-HF-LOGO.png","width":391,"height":249,"caption":"Qingdao H&F"},"image":{"@id":"https:\/\/qingdaohf.com\/bg\/#\/schema\/logo\/image\/"},"sameAs":["https:\/\/www.facebook.com\/qingdaohf"]}]}},"_links":{"self":[{"href":"https:\/\/qingdaohf.com\/pl\/wp-json\/wp\/v2\/product\/6504","targetHints":{"allow":["GET"]}}],"collection":[{"href":"https:\/\/qingdaohf.com\/pl\/wp-json\/wp\/v2\/product"}],"about":[{"href":"https:\/\/qingdaohf.com\/pl\/wp-json\/wp\/v2\/types\/product"}],"replies":[{"embeddable":true,"href":"https:\/\/qingdaohf.com\/pl\/wp-json\/wp\/v2\/comments?post=6504"}],"version-history":[{"count":3,"href":"https:\/\/qingdaohf.com\/pl\/wp-json\/wp\/v2\/product\/6504\/revisions"}],"predecessor-version":[{"id":8947,"href":"https:\/\/qingdaohf.com\/pl\/wp-json\/wp\/v2\/product\/6504\/revisions\/8947"}],"wp:featuredmedia":[{"embeddable":true,"href":"https:\/\/qingdaohf.com\/pl\/wp-json\/wp\/v2\/media\/6506"}],"wp:attachment":[{"href":"https:\/\/qingdaohf.com\/pl\/wp-json\/wp\/v2\/media?parent=6504"}],"wp:term":[{"taxonomy":"product_brand","embeddable":true,"href":"https:\/\/qingdaohf.com\/pl\/wp-json\/wp\/v2\/product_brand?post=6504"},{"taxonomy":"product_cat","embeddable":true,"href":"https:\/\/qingdaohf.com\/pl\/wp-json\/wp\/v2\/product_cat?post=6504"},{"taxonomy":"product_tag","embeddable":true,"href":"https:\/\/qingdaohf.com\/pl\/wp-json\/wp\/v2\/product_tag?post=6504"}],"curies":[{"name":"wp","href":"https:\/\/api.w.org\/{rel}","templated":true}]}}