{"id":6994,"date":"2024-05-08T15:22:02","date_gmt":"2024-05-08T07:22:02","guid":{"rendered":"http:\/\/qingdaohf.com\/?post_type=product&#038;p=6994"},"modified":"2025-11-13T09:03:37","modified_gmt":"2025-11-13T01:03:37","slug":"j-bolts","status":"publish","type":"product","link":"https:\/\/qingdaohf.com\/pl\/produkt\/sruby-j\/","title":{"rendered":"\u015aruby fundamentowe J do betonu"},"content":{"rendered":"<h2>Wprowadzenie do kotew \u015brubowych J<\/h2>\n<p>Kotwy \u015brubowe J s\u0105 niezb\u0119dnymi elementami z\u0142\u0105cznymi szeroko stosowanymi w bran\u017cy budowlanej do mocowania element\u00f3w konstrukcyjnych do betonu. Znane ze swojego unikalnego kszta\u0142tu przypominaj\u0105cego liter\u0119 \"J\", kotwy te zapewniaj\u0105 solidny i niezawodny spos\u00f3b mocowania, zapewniaj\u0105c stabilno\u015b\u0107 i bezpiecze\u0144stwo r\u00f3\u017cnych konstrukcji. Podstawow\u0105 funkcj\u0105 kotwy \u015brubowej J jest osadzanie w betonie, tworz\u0105c bezpieczne mocowanie dla r\u00f3\u017cnych konstrukcji, od stalowych belek po ci\u0119\u017ckie maszyny.<\/p>\n<h2>Znaczenie kotew \u015brubowych J w budownictwie<\/h2>\n<p>Beton jest podstawowym materia\u0142em w budownictwie ze wzgl\u0119du na swoj\u0105 wytrzyma\u0142o\u015b\u0107 i trwa\u0142o\u015b\u0107. Jednak mocowanie element\u00f3w konstrukcyjnych do betonu wymaga specjalistycznych element\u00f3w z\u0142\u0105cznych, kt\u00f3re mog\u0105 wytrzyma\u0107 znaczne obci\u0105\u017cenia i napr\u0119\u017cenia. To w\u0142a\u015bnie tutaj kotwy \u015brubowe J wyr\u00f3\u017cniaj\u0105 si\u0119 na tle konkurencji. Poprzez g\u0142\u0119bokie osadzenie w betonie, kotwy \u015brubowe J oferuj\u0105 wyj\u0105tkow\u0105 si\u0142\u0119 trzymania i odporno\u015b\u0107 na si\u0142y wyrywaj\u0105ce. Sprawia to, \u017ce s\u0105 one niezast\u0105pione w \u015brodowiskach nara\u017conych na du\u017ce obci\u0105\u017cenia, takich jak fundamenty budynk\u00f3w, mosty i instalacje ci\u0119\u017ckiego sprz\u0119tu.<\/p>\n<p>Wszechstronno\u015b\u0107 kotew \u015brubowych J jest ich kolejn\u0105 kluczow\u0105 zalet\u0105. Mog\u0105 by\u0107 u\u017cywane w szerokim zakresie zastosowa\u0144, od kotwienia por\u0119czy i barierek ochronnych po zabezpieczanie ci\u0119\u017ckich maszyn i podp\u00f3r konstrukcyjnych. Konstrukcja w kszta\u0142cie litery J zapewnia pewny chwyt w betonie, a gwintowany koniec umo\u017cliwia \u0142atwe mocowanie r\u00f3\u017cnych element\u00f3w. To po\u0142\u0105czenie wytrzyma\u0142o\u015bci i wszechstronno\u015bci sprawia, \u017ce kotwy \u015brubowe J s\u0105 preferowanym wyborem in\u017cynier\u00f3w i wykonawc\u00f3w na ca\u0142ym \u015bwiecie.<\/p>\n<h2>Rozmiary i materia\u0142y<\/h2>\n<p>Kotwy \u015brubowe J s\u0105 dost\u0119pne w r\u00f3\u017cnych rozmiarach, dostosowanych do r\u00f3\u017cnych zastosowa\u0144. Nasz asortyment obejmuje rozmiary takie jak 3\/4\u2033, 5\/8\u2033, 1\/2\u2033, 3\/8\u2033, 1\/4\u2033, 1\/4-20, 5\/16\u2033, 1\u2033 i 8\u2033. Ka\u017cdy rozmiar zosta\u0142 zaprojektowany tak, aby spe\u0142nia\u0142 okre\u015blone wymagania dotycz\u0105ce obci\u0105\u017cenia, dzi\u0119ki czemu mo\u017cna znale\u017a\u0107 idealn\u0105 kotw\u0119 do swojego projektu. Niezale\u017cnie od tego, czy pracujesz nad ma\u0142\u0105 konstrukcj\u0105 mieszkaln\u0105, czy du\u017cym projektem komercyjnym, istnieje kotwa \u015brubowa J, kt\u00f3ra odpowiada Twoim potrzebom.<\/p>\n<p>Opr\u00f3cz r\u00f3\u017cnych rozmiar\u00f3w, kotwy \u015brubowe J s\u0105 dost\u0119pne w wersjach wykonanych z r\u00f3\u017cnych materia\u0142\u00f3w. Dwa najpopularniejsze materia\u0142y to stal ocynkowana i stal nierdzewna. \u015aruby J ze stali ocynkowanej s\u0105 pokryte warstw\u0105 cynku, kt\u00f3ra zapewnia doskona\u0142\u0105 odporno\u015b\u0107 na korozj\u0119, dzi\u0119ki czemu nadaj\u0105 si\u0119 do stosowania na zewn\u0105trz i w \u015brodowiskach o wysokiej wilgotno\u015bci. Z kolei \u015bruby J ze stali nierdzewnej oferuj\u0105 doskona\u0142\u0105 wytrzyma\u0142o\u015b\u0107 i odporno\u015b\u0107 na rdz\u0119 i korozj\u0119, dzi\u0119ki czemu idealnie nadaj\u0105 si\u0119 do zastosowa\u0144, w kt\u00f3rych d\u0142ugowieczno\u015b\u0107 i trwa\u0142o\u015b\u0107 maj\u0105 kluczowe znaczenie. Wyb\u00f3r materia\u0142u zale\u017cy od konkretnych wymaga\u0144 projektu, ale obie opcje zapewniaj\u0105 niezawodne dzia\u0142anie i d\u0142ugoterminow\u0105 trwa\u0142o\u015b\u0107.<\/p>\n<h2>Zastosowania kotew \u015brubowych J<\/h2>\n<p>Jednym z najcz\u0119stszych zastosowa\u0144 kotew \u015brubowych J jest mocowanie stalowych s\u0142up\u00f3w i belek do betonowych fundament\u00f3w. W tym zastosowaniu \u015bruba J jest osadzana w betonie przed jego utwardzeniem, zapewniaj\u0105c bezpieczny punkt kotwiczenia dla stali konstrukcyjnej. Metoda ta ma kluczowe znaczenie dla zapewnienia stabilno\u015bci i bezpiecze\u0144stwa budynku, poniewa\u017c zapobiega wszelkim ruchom lub przesuni\u0119ciom element\u00f3w konstrukcyjnych.<\/p>\n<p>Kotwy \u015brubowe J s\u0105 r\u00f3wnie\u017c szeroko stosowane w przemy\u015ble do monta\u017cu ci\u0119\u017ckich maszyn i urz\u0105dze\u0144. Solidna konstrukcja \u015bruby J pozwala jej wytrzyma\u0107 znaczne obci\u0105\u017cenia i wibracje, zapewniaj\u0105c, \u017ce maszyna pozostaje bezpiecznie na swoim miejscu. Jest to szczeg\u00f3lnie wa\u017cne w bran\u017cach takich jak produkcja i g\u00f3rnictwo, gdzie ci\u0119\u017cki sprz\u0119t jest poddawany ci\u0105g\u0142emu u\u017cytkowaniu i napr\u0119\u017ceniom.<\/p>\n<p>Opr\u00f3cz zastosowania w budownictwie i przemy\u015ble, kotwy \u015brubowe J s\u0105 r\u00f3wnie\u017c wykorzystywane w r\u00f3\u017cnych innych dziedzinach. S\u0105 one na przyk\u0142ad wykorzystywane do monta\u017cu oznakowania, s\u0142up\u00f3w o\u015bwietleniowych i ogrodze\u0144. Wszechstronno\u015b\u0107 i wytrzyma\u0142o\u015b\u0107 kotew \u015brubowych J sprawia, \u017ce nadaj\u0105 si\u0119 one do szerokiego zakresu zastosowa\u0144, zapewniaj\u0105c niezawodne dzia\u0142anie w ka\u017cdej sytuacji.<\/p>\n<h2>Wskaz\u00f3wki dotycz\u0105ce instalacji i najlepsze praktyki<\/h2>\n<p>Prawid\u0142owy monta\u017c kotew \u015brubowych J ma kluczowe znaczenie dla zapewnienia ich skuteczno\u015bci i d\u0142ugowieczno\u015bci. Oto kilka najlepszych praktyk, kt\u00f3rych nale\u017cy przestrzega\u0107 podczas instalacji:<\/p>\n<ol>\n<li><strong>W\u0142a\u015bciwe pozycjonowanie<\/strong>: Przed wylaniem betonu nale\u017cy upewni\u0107 si\u0119, \u017ce \u015bruba J jest prawid\u0142owo umieszczona w szalunku betonowym. Gwintowany koniec powinien by\u0107 ods\u0142oni\u0119ty i odpowiednio wyr\u00f3wnany, aby u\u0142atwi\u0107 mocowanie elementu konstrukcyjnego.<\/li>\n<li><strong>Odpowiednia g\u0142\u0119boko\u015b\u0107<\/strong>: \u015aruba J powinna by\u0107 osadzona na odpowiedniej g\u0142\u0119boko\u015bci, aby zapewni\u0107 maksymaln\u0105 si\u0142\u0119 mocowania. Zazwyczaj wi\u0105\u017ce si\u0119 to z umieszczeniem \u015bruby J wystarczaj\u0105co g\u0142\u0119boko w betonie, aby zapewni\u0107 pewny chwyt.<\/li>\n<li><strong>Jako\u015b\u0107 betonu<\/strong>: Nale\u017cy stosowa\u0107 wysokiej jako\u015bci beton o sk\u0142adzie odpowiednim dla danego projektu. Wytrzyma\u0142o\u015b\u0107 betonu bezpo\u015brednio wp\u0142ywa na si\u0142\u0119 mocowania kotwy J.<\/li>\n<li><strong>Czas utwardzania<\/strong>: Przed przy\u0142o\u017ceniem jakichkolwiek obci\u0105\u017ce\u0144 do kotwy \u015brubowej J nale\u017cy zapewni\u0107 wystarczaj\u0105cy czas utwardzania betonu. Zapewni to, \u017ce beton osi\u0105gnie pe\u0142n\u0105 wytrzyma\u0142o\u015b\u0107 i b\u0119dzie w stanie zapewni\u0107 niezb\u0119dne podparcie.<\/li>\n<li><strong>Regularna inspekcja<\/strong>: Nale\u017cy okresowo sprawdza\u0107 kotwy \u015brubowe J pod k\u0105tem oznak zu\u017cycia lub uszkodze\u0144. Jest to szczeg\u00f3lnie wa\u017cne w \u015brodowiskach o du\u017cym obci\u0105\u017ceniu, w kt\u00f3rych kotwy s\u0105 poddawane sta\u0142ym obci\u0105\u017ceniom i wibracjom.<\/li>\n<\/ol>\n<h2>Wnioski<\/h2>\n<p>Kotwy \u015brubowe J odgrywaj\u0105 istotn\u0105 rol\u0119 w bran\u017cy budowlanej, zapewniaj\u0105c niezawodny spos\u00f3b mocowania element\u00f3w konstrukcyjnych do betonu. Ich unikalna konstrukcja i solidna konstrukcja sprawiaj\u0105, \u017ce nadaj\u0105 si\u0119 do szerokiego zakresu zastosowa\u0144, od fundament\u00f3w budynk\u00f3w po instalacje maszyn przemys\u0142owych. Wybieraj\u0105c odpowiedni rozmiar i materia\u0142 do swojego projektu, mo\u017cesz mie\u0107 pewno\u015b\u0107, \u017ce kotwy \u015brubowe J zapewni\u0105 wytrzyma\u0142o\u015b\u0107 i trwa\u0142o\u015b\u0107 potrzebn\u0105 do d\u0142ugotrwa\u0142ego dzia\u0142ania. Prawid\u0142owa instalacja i konserwacja dodatkowo zwi\u0119kszaj\u0105 skuteczno\u015b\u0107 tych kotew, czyni\u0105c je niezb\u0119dnym elementem ka\u017cdego projektu budowlanego. Niezale\u017cnie od tego, czy pracujesz nad ma\u0142ym projektem mieszkaniowym, czy du\u017cym projektem komercyjnym, kotwy \u015brubowe J oferuj\u0105 niezawodno\u015b\u0107 i wszechstronno\u015b\u0107 potrzebn\u0105 do osi\u0105gni\u0119cia sukcesu.<\/p>","protected":false},"excerpt":{"rendered":"<p>Nasze kotwy \u015brubowe J, przeznaczone do zastosowa\u0144 betonowych, s\u0105 dost\u0119pne w r\u00f3\u017cnych rozmiarach, w tym 3\/4\u2033, 5\/8\u2033, 1\/2\u2033, 3\/8\u2033, 1\/4\u2033, 1\/4-20, 5\/16\u2033, 1\u2033 i 8\u2033. Dost\u0119pne w wersji ocynkowanej i ze stali nierdzewnej, kotwy te zapewniaj\u0105 doskona\u0142\u0105 wytrzyma\u0142o\u015b\u0107 i trwa\u0142o\u015b\u0107 dla wszystkich potrzeb konstrukcyjnych.<\/p>","protected":false},"featured_media":7509,"comment_status":"open","ping_status":"closed","template":"","meta":{"site-sidebar-layout":"default","site-content-layout":"","ast-site-content-layout":"default","site-content-style":"default","site-sidebar-style":"default","ast-global-header-display":"","ast-banner-title-visibility":"","ast-main-header-display":"","ast-hfb-above-header-display":"","ast-hfb-below-header-display":"","ast-hfb-mobile-header-display":"","site-post-title":"","ast-breadcrumbs-content":"","ast-featured-img":"","footer-sml-layout":"","theme-transparent-header-meta":"default","adv-header-id-meta":"","stick-header-meta":"default","header-above-stick-meta":"","header-main-stick-meta":"","header-below-stick-meta":"","astra-migrate-meta-layouts":"set","ast-page-background-enabled":"default","ast-page-background-meta":{"desktop":{"background-color":"","background-image":"","background-repeat":"repeat","background-position":"center center","background-size":"auto","background-attachment":"scroll","background-type":"","background-media":"","overlay-type":"","overlay-color":"","overlay-opacity":"","overlay-gradient":""},"tablet":{"background-color":"","background-image":"","background-repeat":"repeat","background-position":"center center","background-size":"auto","background-attachment":"scroll","background-type":"","background-media":"","overlay-type":"","overlay-color":"","overlay-opacity":"","overlay-gradient":""},"mobile":{"background-color":"","background-image":"","background-repeat":"repeat","background-position":"center center","background-size":"auto","background-attachment":"scroll","background-type":"","background-media":"","overlay-type":"","overlay-color":"","overlay-opacity":"","overlay-gradient":""}},"ast-content-background-meta":{"desktop":{"background-color":"var(--ast-global-color-5)","background-image":"","background-repeat":"repeat","background-position":"center center","background-size":"auto","background-attachment":"scroll","background-type":"","background-media":"","overlay-type":"","overlay-color":"","overlay-opacity":"","overlay-gradient":""},"tablet":{"background-color":"var(--ast-global-color-5)","background-image":"","background-repeat":"repeat","background-position":"center center","background-size":"auto","background-attachment":"scroll","background-type":"","background-media":"","overlay-type":"","overlay-color":"","overlay-opacity":"","overlay-gradient":""},"mobile":{"background-color":"var(--ast-global-color-5)","background-image":"","background-repeat":"repeat","background-position":"center center","background-size":"auto","background-attachment":"scroll","background-type":"","background-media":"","overlay-type":"","overlay-color":"","overlay-opacity":"","overlay-gradient":""}}},"product_brand":[],"product_cat":[28],"product_tag":[],"class_list":{"0":"post-6994","1":"product","2":"type-product","3":"status-publish","4":"has-post-thumbnail","6":"product_cat-concrete-forming","7":"desktop-align-left","8":"tablet-align-left","9":"mobile-align-left","10":"ast-product-gallery-layout-horizontal-slider","11":"ast-product-tabs-layout-horizontal","13":"first","14":"instock","15":"featured","16":"shipping-taxable","17":"purchasable","18":"product-type-simple"},"yoast_head":"<!-- This site is optimized with the Yoast SEO plugin v25.2 - https:\/\/yoast.com\/wordpress\/plugins\/seo\/ -->\n<title>Foundation Bolt J Bolts for Concrete<\/title>\n<meta name=\"description\" content=\"H&amp;F J bolt anchors, designed for concrete applications, come in various sizes including 3\/4&quot;, 5\/8&quot;, 1\/2&quot;, 3\/8&quot;, 1\/4&quot;, 1\/4-20, 5\/16&quot;, 1&quot;, and 8&quot;.\" \/>\n<meta name=\"robots\" content=\"index, follow, max-snippet:-1, max-image-preview:large, max-video-preview:-1\" \/>\n<link rel=\"canonical\" href=\"https:\/\/qingdaohf.com\/pl\/produkt\/sruby-j\/\" \/>\n<meta property=\"og:locale\" content=\"pl_PL\" \/>\n<meta property=\"og:type\" content=\"article\" \/>\n<meta property=\"og:title\" content=\"Foundation Bolt J Bolts for Concrete\" \/>\n<meta property=\"og:description\" content=\"H&amp;F J bolt anchors, designed for concrete applications, come in various sizes including 3\/4&quot;, 5\/8&quot;, 1\/2&quot;, 3\/8&quot;, 1\/4&quot;, 1\/4-20, 5\/16&quot;, 1&quot;, and 8&quot;.\" \/>\n<meta property=\"og:url\" content=\"https:\/\/qingdaohf.com\/pl\/produkt\/sruby-j\/\" \/>\n<meta property=\"og:site_name\" content=\"Concrete Form &amp; Rigging Hardware Supplier\" \/>\n<meta property=\"article:publisher\" content=\"https:\/\/www.facebook.com\/qingdaohf\" \/>\n<meta property=\"article:modified_time\" content=\"2025-11-13T01:03:37+00:00\" \/>\n<meta property=\"og:image\" content=\"https:\/\/qingdaohf.com\/wp-content\/uploads\/2024\/05\/J-BOLT-for-concrete-1-1.jpg\" \/>\n\t<meta property=\"og:image:width\" content=\"1000\" \/>\n\t<meta property=\"og:image:height\" content=\"1000\" \/>\n\t<meta property=\"og:image:type\" content=\"image\/jpeg\" \/>\n<meta name=\"twitter:card\" content=\"summary_large_image\" \/>\n<meta name=\"twitter:label1\" content=\"Szacowany czas czytania\" \/>\n\t<meta name=\"twitter:data1\" content=\"5 minut\" \/>\n<script type=\"application\/ld+json\" class=\"yoast-schema-graph\">{\"@context\":\"https:\/\/schema.org\",\"@graph\":[{\"@type\":\"WebPage\",\"@id\":\"https:\/\/qingdaohf.com\/product\/j-bolts\/\",\"url\":\"https:\/\/qingdaohf.com\/product\/j-bolts\/\",\"name\":\"Foundation Bolt J Bolts for Concrete\",\"isPartOf\":{\"@id\":\"https:\/\/qingdaohf.com\/bg\/#website\"},\"primaryImageOfPage\":{\"@id\":\"https:\/\/qingdaohf.com\/product\/j-bolts\/#primaryimage\"},\"image\":{\"@id\":\"https:\/\/qingdaohf.com\/product\/j-bolts\/#primaryimage\"},\"thumbnailUrl\":\"https:\/\/qingdaohf.com\/wp-content\/uploads\/2024\/05\/J-BOLT-for-concrete-1-1.jpg\",\"datePublished\":\"2024-05-08T07:22:02+00:00\",\"dateModified\":\"2025-11-13T01:03:37+00:00\",\"description\":\"H&F J bolt anchors, designed for concrete applications, come in various sizes including 3\/4\\\", 5\/8\\\", 1\/2\\\", 3\/8\\\", 1\/4\\\", 1\/4-20, 5\/16\\\", 1\\\", and 8\\\".\",\"breadcrumb\":{\"@id\":\"https:\/\/qingdaohf.com\/product\/j-bolts\/#breadcrumb\"},\"inLanguage\":\"pl-PL\",\"potentialAction\":[{\"@type\":\"ReadAction\",\"target\":[\"https:\/\/qingdaohf.com\/product\/j-bolts\/\"]}]},{\"@type\":\"ImageObject\",\"inLanguage\":\"pl-PL\",\"@id\":\"https:\/\/qingdaohf.com\/product\/j-bolts\/#primaryimage\",\"url\":\"https:\/\/qingdaohf.com\/wp-content\/uploads\/2024\/05\/J-BOLT-for-concrete-1-1.jpg\",\"contentUrl\":\"https:\/\/qingdaohf.com\/wp-content\/uploads\/2024\/05\/J-BOLT-for-concrete-1-1.jpg\",\"width\":1000,\"height\":1000,\"caption\":\"J-BOLT-for-concrete\"},{\"@type\":\"BreadcrumbList\",\"@id\":\"https:\/\/qingdaohf.com\/product\/j-bolts\/#breadcrumb\",\"itemListElement\":[{\"@type\":\"ListItem\",\"position\":1,\"name\":\"Home\",\"item\":\"https:\/\/qingdaohf.com\/\"},{\"@type\":\"ListItem\",\"position\":2,\"name\":\"Concrete Forming Accessories and Rigging Hardware\",\"item\":\"https:\/\/qingdaohf.com\/bg\/?page_id=944\"},{\"@type\":\"ListItem\",\"position\":3,\"name\":\"Foundation Bolt J Bolts for Concrete\"}]},{\"@type\":\"WebSite\",\"@id\":\"https:\/\/qingdaohf.com\/bg\/#website\",\"url\":\"https:\/\/qingdaohf.com\/bg\/\",\"name\":\"Concrete Form & Rigging Hardware Supplier\",\"description\":\"\",\"publisher\":{\"@id\":\"https:\/\/qingdaohf.com\/bg\/#organization\"},\"potentialAction\":[{\"@type\":\"SearchAction\",\"target\":{\"@type\":\"EntryPoint\",\"urlTemplate\":\"https:\/\/qingdaohf.com\/bg\/?s={search_term_string}\"},\"query-input\":{\"@type\":\"PropertyValueSpecification\",\"valueRequired\":true,\"valueName\":\"search_term_string\"}}],\"inLanguage\":\"pl-PL\"},{\"@type\":\"Organization\",\"@id\":\"https:\/\/qingdaohf.com\/bg\/#organization\",\"name\":\"Qingdao H&F\",\"url\":\"https:\/\/qingdaohf.com\/bg\/\",\"logo\":{\"@type\":\"ImageObject\",\"inLanguage\":\"pl-PL\",\"@id\":\"https:\/\/qingdaohf.com\/bg\/#\/schema\/logo\/image\/\",\"url\":\"https:\/\/qingdaohf.com\/wp-content\/uploads\/2022\/12\/cropped-HF-LOGO.png\",\"contentUrl\":\"https:\/\/qingdaohf.com\/wp-content\/uploads\/2022\/12\/cropped-HF-LOGO.png\",\"width\":391,\"height\":249,\"caption\":\"Qingdao H&F\"},\"image\":{\"@id\":\"https:\/\/qingdaohf.com\/bg\/#\/schema\/logo\/image\/\"},\"sameAs\":[\"https:\/\/www.facebook.com\/qingdaohf\"]}]}<\/script>\n<!-- \/ Yoast SEO plugin. -->","yoast_head_json":{"title":"Foundation Bolt J Bolts for Concrete","description":"H&F J bolt anchors, designed for concrete applications, come in various sizes including 3\/4\", 5\/8\", 1\/2\", 3\/8\", 1\/4\", 1\/4-20, 5\/16\", 1\", and 8\".","robots":{"index":"index","follow":"follow","max-snippet":"max-snippet:-1","max-image-preview":"max-image-preview:large","max-video-preview":"max-video-preview:-1"},"canonical":"https:\/\/qingdaohf.com\/pl\/produkt\/sruby-j\/","og_locale":"pl_PL","og_type":"article","og_title":"Foundation Bolt J Bolts for Concrete","og_description":"H&F J bolt anchors, designed for concrete applications, come in various sizes including 3\/4\", 5\/8\", 1\/2\", 3\/8\", 1\/4\", 1\/4-20, 5\/16\", 1\", and 8\".","og_url":"https:\/\/qingdaohf.com\/pl\/produkt\/sruby-j\/","og_site_name":"Concrete Form &amp; Rigging Hardware Supplier","article_publisher":"https:\/\/www.facebook.com\/qingdaohf","article_modified_time":"2025-11-13T01:03:37+00:00","og_image":[{"width":1000,"height":1000,"url":"https:\/\/qingdaohf.com\/wp-content\/uploads\/2024\/05\/J-BOLT-for-concrete-1-1.jpg","type":"image\/jpeg"}],"twitter_card":"summary_large_image","twitter_misc":{"Szacowany czas czytania":"5 minut"},"schema":{"@context":"https:\/\/schema.org","@graph":[{"@type":"WebPage","@id":"https:\/\/qingdaohf.com\/product\/j-bolts\/","url":"https:\/\/qingdaohf.com\/product\/j-bolts\/","name":"Foundation Bolt J Bolts for Concrete","isPartOf":{"@id":"https:\/\/qingdaohf.com\/bg\/#website"},"primaryImageOfPage":{"@id":"https:\/\/qingdaohf.com\/product\/j-bolts\/#primaryimage"},"image":{"@id":"https:\/\/qingdaohf.com\/product\/j-bolts\/#primaryimage"},"thumbnailUrl":"https:\/\/qingdaohf.com\/wp-content\/uploads\/2024\/05\/J-BOLT-for-concrete-1-1.jpg","datePublished":"2024-05-08T07:22:02+00:00","dateModified":"2025-11-13T01:03:37+00:00","description":"H&F J bolt anchors, designed for concrete applications, come in various sizes including 3\/4\", 5\/8\", 1\/2\", 3\/8\", 1\/4\", 1\/4-20, 5\/16\", 1\", and 8\".","breadcrumb":{"@id":"https:\/\/qingdaohf.com\/product\/j-bolts\/#breadcrumb"},"inLanguage":"pl-PL","potentialAction":[{"@type":"ReadAction","target":["https:\/\/qingdaohf.com\/product\/j-bolts\/"]}]},{"@type":"ImageObject","inLanguage":"pl-PL","@id":"https:\/\/qingdaohf.com\/product\/j-bolts\/#primaryimage","url":"https:\/\/qingdaohf.com\/wp-content\/uploads\/2024\/05\/J-BOLT-for-concrete-1-1.jpg","contentUrl":"https:\/\/qingdaohf.com\/wp-content\/uploads\/2024\/05\/J-BOLT-for-concrete-1-1.jpg","width":1000,"height":1000,"caption":"J-BOLT-for-concrete"},{"@type":"BreadcrumbList","@id":"https:\/\/qingdaohf.com\/product\/j-bolts\/#breadcrumb","itemListElement":[{"@type":"ListItem","position":1,"name":"Home","item":"https:\/\/qingdaohf.com\/"},{"@type":"ListItem","position":2,"name":"Concrete Forming Accessories and Rigging Hardware","item":"https:\/\/qingdaohf.com\/bg\/?page_id=944"},{"@type":"ListItem","position":3,"name":"Foundation Bolt J Bolts for Concrete"}]},{"@type":"WebSite","@id":"https:\/\/qingdaohf.com\/bg\/#website","url":"https:\/\/qingdaohf.com\/bg\/","name":"Concrete Form & Rigging Hardware Supplier","description":"","publisher":{"@id":"https:\/\/qingdaohf.com\/bg\/#organization"},"potentialAction":[{"@type":"SearchAction","target":{"@type":"EntryPoint","urlTemplate":"https:\/\/qingdaohf.com\/bg\/?s={search_term_string}"},"query-input":{"@type":"PropertyValueSpecification","valueRequired":true,"valueName":"search_term_string"}}],"inLanguage":"pl-PL"},{"@type":"Organization","@id":"https:\/\/qingdaohf.com\/bg\/#organization","name":"Qingdao H&F","url":"https:\/\/qingdaohf.com\/bg\/","logo":{"@type":"ImageObject","inLanguage":"pl-PL","@id":"https:\/\/qingdaohf.com\/bg\/#\/schema\/logo\/image\/","url":"https:\/\/qingdaohf.com\/wp-content\/uploads\/2022\/12\/cropped-HF-LOGO.png","contentUrl":"https:\/\/qingdaohf.com\/wp-content\/uploads\/2022\/12\/cropped-HF-LOGO.png","width":391,"height":249,"caption":"Qingdao H&F"},"image":{"@id":"https:\/\/qingdaohf.com\/bg\/#\/schema\/logo\/image\/"},"sameAs":["https:\/\/www.facebook.com\/qingdaohf"]}]}},"_links":{"self":[{"href":"https:\/\/qingdaohf.com\/pl\/wp-json\/wp\/v2\/product\/6994","targetHints":{"allow":["GET"]}}],"collection":[{"href":"https:\/\/qingdaohf.com\/pl\/wp-json\/wp\/v2\/product"}],"about":[{"href":"https:\/\/qingdaohf.com\/pl\/wp-json\/wp\/v2\/types\/product"}],"replies":[{"embeddable":true,"href":"https:\/\/qingdaohf.com\/pl\/wp-json\/wp\/v2\/comments?post=6994"}],"version-history":[{"count":8,"href":"https:\/\/qingdaohf.com\/pl\/wp-json\/wp\/v2\/product\/6994\/revisions"}],"predecessor-version":[{"id":7639,"href":"https:\/\/qingdaohf.com\/pl\/wp-json\/wp\/v2\/product\/6994\/revisions\/7639"}],"wp:featuredmedia":[{"embeddable":true,"href":"https:\/\/qingdaohf.com\/pl\/wp-json\/wp\/v2\/media\/7509"}],"wp:attachment":[{"href":"https:\/\/qingdaohf.com\/pl\/wp-json\/wp\/v2\/media?parent=6994"}],"wp:term":[{"taxonomy":"product_brand","embeddable":true,"href":"https:\/\/qingdaohf.com\/pl\/wp-json\/wp\/v2\/product_brand?post=6994"},{"taxonomy":"product_cat","embeddable":true,"href":"https:\/\/qingdaohf.com\/pl\/wp-json\/wp\/v2\/product_cat?post=6994"},{"taxonomy":"product_tag","embeddable":true,"href":"https:\/\/qingdaohf.com\/pl\/wp-json\/wp\/v2\/product_tag?post=6994"}],"curies":[{"name":"wp","href":"https:\/\/api.w.org\/{rel}","templated":true}]}}