{"id":7163,"date":"2024-05-20T13:42:36","date_gmt":"2024-05-20T05:42:36","guid":{"rendered":"http:\/\/qingdaohf.com\/?post_type=product&#038;p=7163"},"modified":"2025-11-13T09:03:16","modified_gmt":"2025-11-13T01:03:16","slug":"aluminum-form-wall-ties","status":"publish","type":"product","link":"https:\/\/qingdaohf.com\/pl\/produkt\/aluminiowe-opaski-scienne\/","title":{"rendered":"Aluminiowe opaski \u015bcienne"},"content":{"rendered":"<p>Opaski aluminiowe odgrywaj\u0105 kluczow\u0105 rol\u0119 w konstrukcji szalunk\u00f3w betonowych, zw\u0142aszcza gdy najwa\u017cniejsza jest precyzja i trwa\u0142o\u015b\u0107. Opaski te utrzymuj\u0105 szalunek na miejscu podczas procesu wylewania betonu, zapewniaj\u0105c, \u017ce formy zachowuj\u0105 sw\u00f3j zamierzony kszta\u0142t i wyr\u00f3wnanie. W rezultacie pomagaj\u0105 one zagwarantowa\u0107 integralno\u015b\u0107 strukturaln\u0105 i jednolito\u015b\u0107 betonowych \u015bcian i kolumn. Opaski szalunkowe mog\u0105 by\u0107 wykonane z r\u00f3\u017cnych materia\u0142\u00f3w, ale aluminium wyr\u00f3\u017cnia si\u0119 po\u0142\u0105czeniem wytrzyma\u0142o\u015bci, lekko\u015bci i odporno\u015bci na korozj\u0119. W Qingdao H&amp;F dostarczamy wysokiej jako\u015bci aluminiowe opaski dostosowane do potrzeb bran\u017cy budowlanej, zapewniaj\u0105c wydajn\u0105 i bezpieczn\u0105 realizacj\u0119 projekt\u00f3w.<\/p>\n<h3><strong>Dlaczego aluminium do opasek zaciskowych?<\/strong><\/h3>\n<p>Zastosowanie aluminium w opaskach zaciskowych wzros\u0142o ze wzgl\u0119du na jego unikalne w\u0142a\u015bciwo\u015bci, kt\u00f3re sprawiaj\u0105, \u017ce dobrze nadaje si\u0119 do wymagaj\u0105cych \u015brodowisk budowlanych. Aluminium jest lekkie, a jednocze\u015bnie wytrzyma\u0142e, dzi\u0119ki czemu jest \u0142atwe w obs\u0142udze na miejscu bez uszczerbku dla wydajno\u015bci. Jest to szczeg\u00f3lnie korzystne, gdy wymagane s\u0105 du\u017ce ilo\u015bci opasek lub gdy pracownicy musz\u0105 radzi\u0107 sobie z du\u017cym obci\u0105\u017ceniem prac\u0105. W przeciwie\u0144stwie do innych materia\u0142\u00f3w, takich jak stal, lekko\u015b\u0107 aluminium zmniejsza obci\u0105\u017cenie podczas przenoszenia i monta\u017cu.<\/p>\n<p>Kolejn\u0105 istotn\u0105 zalet\u0105 jest odporno\u015b\u0107 na korozj\u0119. Opaski s\u0105 nara\u017cone na dzia\u0142anie wilgoci i r\u00f3\u017cnych substancji chemicznych w mieszance betonowej. Aluminium jest naturalnie odporne na rdz\u0119 i inne formy korozji, co wyd\u0142u\u017ca \u017cywotno\u015b\u0107 opasek i zmniejsza potrzeb\u0119 ich cz\u0119stej wymiany. Trwa\u0142o\u015b\u0107 ta przek\u0142ada si\u0119 na d\u0142ugoterminowe oszcz\u0119dno\u015bci koszt\u00f3w dla firm, zw\u0142aszcza w przypadku du\u017cych projekt\u00f3w, w kt\u00f3rych kluczowe znaczenie ma minimalizacja przestoj\u00f3w i konserwacji.<\/p>\n<h3><strong>Wydajno\u015b\u0107 i efektywno\u015b\u0107 kosztowa w budownictwie<\/strong><\/h3>\n<p>Wydajno\u015b\u0107 jest kamieniem w\u0119gielnym udanych projekt\u00f3w budowlanych, a \u015bci\u0105gi do szalunk\u00f3w przyczyniaj\u0105 si\u0119 do osi\u0105gni\u0119cia tego celu, zapewniaj\u0105c, \u017ce szalunek pozostaje na swoim miejscu, zapobiegaj\u0105c kosztownym b\u0142\u0119dom. \u0179le ustawione lub s\u0142abo trzymaj\u0105ce si\u0119 szalunki mog\u0105 prowadzi\u0107 do problem\u00f3w strukturalnych w betonie, powoduj\u0105c op\u00f3\u017anienia, marnowanie materia\u0142\u00f3w i potencjalnie niebezpieczne rezultaty. Opaski aluminiowe nie tylko zapewniaj\u0105 bezpieczne deskowanie, ale tak\u017ce upraszczaj\u0105 proces monta\u017cu i demonta\u017cu.<\/p>\n<p>Poniewa\u017c opaski aluminiowe nadaj\u0105 si\u0119 do wielokrotnego u\u017cytku, oferuj\u0105 one znaczne oszcz\u0119dno\u015bci w czasie. Wykonawcy cz\u0119sto staj\u0105 przed dylematem zr\u00f3wnowa\u017cenia kr\u00f3tkoterminowych koszt\u00f3w z d\u0142ugoterminowymi korzy\u015bciami, a inwestowanie w trwa\u0142e opaski wielokrotnego u\u017cytku mo\u017ce zmniejszy\u0107 potrzeb\u0119 cz\u0119stych wymian i obni\u017cy\u0107 og\u00f3lne koszty projektu. Co wi\u0119cej, poniewa\u017c opaski aluminiowe s\u0105 l\u017cejsze i \u0142atwiejsze w transporcie, zmniejszaj\u0105 one koszty logistyczne i zwi\u0119kszaj\u0105 wydajno\u015b\u0107 operacji na miejscu.<\/p>\n<div class=\"ast-oembed-container\" style=\"height: 100%;\"><iframe title=\"Akcesoria do formowania betonu Klin zakrzywiony i klin prosty\" width=\"500\" height=\"281\" src=\"https:\/\/www.youtube.com\/embed\/_He4pUDjl1U?feature=oembed\" frameborder=\"0\" allow=\"accelerometer; autoplay; clipboard-write; encrypted-media; gyroscope; picture-in-picture; web-share\" referrerpolicy=\"strict-origin-when-cross-origin\" allowfullscreen><\/iframe><\/div>\n<h3><strong>Zr\u00f3wnowa\u017cony rozw\u00f3j i wp\u0142yw na \u015brodowisko<\/strong><\/h3>\n<p>W nowoczesnym przemy\u015ble budowlanym zr\u00f3wnowa\u017cony rozw\u00f3j jest coraz wa\u017cniejszy, a aluminiowe formy s\u0105 zgodne z ekologicznymi praktykami. Aluminium w du\u017cym stopniu nadaje si\u0119 do recyklingu, a wiele produkt\u00f3w aluminiowych jest wytwarzanych z materia\u0142\u00f3w pochodz\u0105cych z recyklingu. Zmniejsza to zapotrzebowanie na nowe surowce i minimalizuje wp\u0142yw na \u015brodowisko. Po zako\u0144czeniu cyklu \u017cycia, aluminiowe opaski mog\u0105 zosta\u0107 przetopione i ponownie wykorzystane bez utraty swoich w\u0142a\u015bciwo\u015bci, co czyni je zr\u00f3wnowa\u017conym wyborem dla profesjonalist\u00f3w budowlanych, kt\u00f3rzy koncentruj\u0105 si\u0119 na zmniejszeniu \u015bladu w\u0119glowego.<\/p>\n<p>Co wi\u0119cej, stosowanie trwa\u0142ych materia\u0142\u00f3w wielokrotnego u\u017cytku, takich jak aluminium, zmniejsza ilo\u015b\u0107 odpad\u00f3w generowanych na miejscu. Wykonawcy mog\u0105 ponownie wykorzysta\u0107 opaski aluminiowe w wielu projektach, znacznie zmniejszaj\u0105c ilo\u015b\u0107 wyrzucanych materia\u0142\u00f3w, kt\u00f3re w przeciwnym razie trafi\u0142yby na wysypiska \u015bmieci. Pomaga to firmom budowlanym dostosowa\u0107 si\u0119 do globalnych cel\u00f3w zr\u00f3wnowa\u017conego rozwoju i przyci\u0105gn\u0105\u0107 klient\u00f3w, kt\u00f3rzy priorytetowo traktuj\u0105 praktyki przyjazne dla \u015brodowiska.<\/p>\n<h3><strong>Zaanga\u017cowanie Qingdao H&amp;F w jako\u015b\u0107 i us\u0142ugi<\/strong><\/h3>\n<p>W Qingdao H&amp;F rozumiemy, \u017ce profesjonali\u015bci budowlani potrzebuj\u0105 niezawodnych materia\u0142\u00f3w i wyj\u0105tkowej obs\u0142ugi, aby uko\u0144czy\u0107 swoje projekty na czas i w ramach bud\u017cetu. Nasze opaski aluminiowe s\u0105 produkowane z zachowaniem rygorystycznych standard\u00f3w kontroli jako\u015bci, zapewniaj\u0105c sta\u0142\u0105 wydajno\u015b\u0107 i trwa\u0142o\u015b\u0107. Jeste\u015bmy dumni z oferowania nie tylko wysokiej jako\u015bci produkt\u00f3w, ale tak\u017ce konkurencyjnych cen, dzi\u0119ki czemu nasi klienci mog\u0105 korzysta\u0107 zar\u00f3wno z przyst\u0119pnej ceny, jak i doskona\u0142o\u015bci.<\/p>\n<p>Zdajemy sobie spraw\u0119, \u017ce ka\u017cdy projekt jest wyj\u0105tkowy, a nasz zesp\u00f3\u0142 zapewnia indywidualn\u0105 obs\u0142ug\u0119 klienta, aby zapewni\u0107, \u017ce otrzymasz najlepsze produkty dla swoich konkretnych potrzeb. Od pomocy w wyborze odpowiedniego rodzaju opasek aluminiowych po zapewnienie sta\u0142ego wsparcia podczas ca\u0142ego projektu, dok\u0142adamy wszelkich stara\u0144, aby zakupy przebiega\u0142y sprawnie i wydajnie. Dzi\u0119ki 20-letniej historii obs\u0142ugi bran\u017cy budowlanej, Qingdao H&amp;F zyska\u0142o reputacj\u0119 niezawodno\u015bci, wiarygodno\u015bci i zadowolenia klient\u00f3w.<\/p>\n<h3><strong>Wnioski: Dlaczego aluminiowe opaski zaciskowe od Qingdao H&amp;F?<\/strong><\/h3>\n<p>Wyb\u00f3r odpowiednich opasek do formowania jest niezb\u0119dny do zapewnienia sukcesu projekt\u00f3w budowlanych, a aluminiowe opaski do formowania oferuj\u0105 po\u0142\u0105czenie wytrzyma\u0142o\u015bci, trwa\u0142o\u015bci i op\u0142acalno\u015bci, z kt\u00f3rymi niewiele innych materia\u0142\u00f3w mo\u017ce si\u0119 r\u00f3wna\u0107. W Qingdao H&amp;F zapewniamy najwy\u017cszej jako\u015bci aluminiowe opaski, kt\u00f3re spe\u0142niaj\u0105 potrzeby nowoczesnej konstrukcji, zapewniaj\u0105c trwa\u0142o\u015b\u0107 projekt\u00f3w. Koncentruj\u0105c si\u0119 na jako\u015bci, konkurencyjnych cenach i niezr\u00f3wnanej obs\u0142udze klienta, jeste\u015bmy zaufanym partnerem w osi\u0105ganiu doskona\u0142o\u015bci konstrukcyjnej. Niezale\u017cnie od tego, czy pracujesz nad projektem na ma\u0142\u0105 skal\u0119, czy nad du\u017cym projektem infrastrukturalnym, nasze opaski aluminiowe pomog\u0105 Ci osi\u0105gn\u0105\u0107 optymalne wyniki za ka\u017cdym razem.<\/p>","protected":false},"excerpt":{"rendered":"<p><strong>Uzyskanie precyzyjnych wymiar\u00f3w \u015bcian betonowych i zapewnienie integralno\u015bci strukturalnej<\/strong> z aluminiowymi opaskami \u015bciennymi, istotnym elementem aluminiowych system\u00f3w szalunkowych. Opaski te dzia\u0142aj\u0105 w po\u0142\u0105czeniu z aluminiowymi ko\u0142kami formuj\u0105cymi i aluminiowymi klinami formuj\u0105cymi, tworz\u0105c solidny i wydajny system deskowania \u015bciennego. <strong>Rozmiary grubo\u015bci \u015bcianek<\/strong> aby dostosowa\u0107 si\u0119 do r\u00f3\u017cnych konstrukcji \u015bcian betonowych. Typowe rozmiary obejmuj\u0105 <strong>6\" - 24\"<\/strong>umo\u017cliwiaj\u0105c \u0142atwe konstruowanie \u015bcian o r\u00f3\u017cnych grubo\u015bciach.<\/p>","protected":false},"featured_media":7168,"comment_status":"open","ping_status":"closed","template":"","meta":{"site-sidebar-layout":"default","site-content-layout":"","ast-site-content-layout":"default","site-content-style":"default","site-sidebar-style":"default","ast-global-header-display":"","ast-banner-title-visibility":"","ast-main-header-display":"","ast-hfb-above-header-display":"","ast-hfb-below-header-display":"","ast-hfb-mobile-header-display":"","site-post-title":"","ast-breadcrumbs-content":"","ast-featured-img":"","footer-sml-layout":"","theme-transparent-header-meta":"default","adv-header-id-meta":"","stick-header-meta":"default","header-above-stick-meta":"","header-main-stick-meta":"","header-below-stick-meta":"","astra-migrate-meta-layouts":"set","ast-page-background-enabled":"default","ast-page-background-meta":{"desktop":{"background-color":"","background-image":"","background-repeat":"repeat","background-position":"center center","background-size":"auto","background-attachment":"scroll","background-type":"","background-media":"","overlay-type":"","overlay-color":"","overlay-opacity":"","overlay-gradient":""},"tablet":{"background-color":"","background-image":"","background-repeat":"repeat","background-position":"center center","background-size":"auto","background-attachment":"scroll","background-type":"","background-media":"","overlay-type":"","overlay-color":"","overlay-opacity":"","overlay-gradient":""},"mobile":{"background-color":"","background-image":"","background-repeat":"repeat","background-position":"center center","background-size":"auto","background-attachment":"scroll","background-type":"","background-media":"","overlay-type":"","overlay-color":"","overlay-opacity":"","overlay-gradient":""}},"ast-content-background-meta":{"desktop":{"background-color":"var(--ast-global-color-5)","background-image":"","background-repeat":"repeat","background-position":"center center","background-size":"auto","background-attachment":"scroll","background-type":"","background-media":"","overlay-type":"","overlay-color":"","overlay-opacity":"","overlay-gradient":""},"tablet":{"background-color":"var(--ast-global-color-5)","background-image":"","background-repeat":"repeat","background-position":"center center","background-size":"auto","background-attachment":"scroll","background-type":"","background-media":"","overlay-type":"","overlay-color":"","overlay-opacity":"","overlay-gradient":""},"mobile":{"background-color":"var(--ast-global-color-5)","background-image":"","background-repeat":"repeat","background-position":"center center","background-size":"auto","background-attachment":"scroll","background-type":"","background-media":"","overlay-type":"","overlay-color":"","overlay-opacity":"","overlay-gradient":""}}},"product_brand":[],"product_cat":[65],"product_tag":[],"class_list":{"0":"post-7163","1":"product","2":"type-product","3":"status-publish","4":"has-post-thumbnail","6":"product_cat-aluminum-form-tie","7":"desktop-align-left","8":"tablet-align-left","9":"mobile-align-left","10":"ast-product-gallery-layout-horizontal-slider","11":"ast-product-tabs-layout-horizontal","13":"first","14":"instock","15":"shipping-taxable","16":"purchasable","17":"product-type-simple"},"yoast_head":"<!-- This site is optimized with the Yoast SEO plugin v25.2 - https:\/\/yoast.com\/wordpress\/plugins\/seo\/ -->\n<title>Aluminum Form Wall Ties<\/title>\n<meta name=\"description\" content=\"Aluminum Form Wall Ties are available in a range of Wall Thickness Sizes to accommodate various concrete wall designs. Common sizes include 6\u201d - 24\u201d.\" \/>\n<meta name=\"robots\" content=\"index, follow, max-snippet:-1, max-image-preview:large, max-video-preview:-1\" \/>\n<link rel=\"canonical\" href=\"https:\/\/qingdaohf.com\/pl\/produkt\/aluminiowe-opaski-scienne\/\" \/>\n<meta property=\"og:locale\" content=\"pl_PL\" \/>\n<meta property=\"og:type\" content=\"article\" \/>\n<meta property=\"og:title\" content=\"Aluminum Form Wall Ties\" \/>\n<meta property=\"og:description\" content=\"Aluminum Form Wall Ties are available in a range of Wall Thickness Sizes to accommodate various concrete wall designs. Common sizes include 6\u201d - 24\u201d.\" \/>\n<meta property=\"og:url\" content=\"https:\/\/qingdaohf.com\/pl\/produkt\/aluminiowe-opaski-scienne\/\" \/>\n<meta property=\"og:site_name\" content=\"Concrete Form &amp; Rigging Hardware Supplier\" \/>\n<meta property=\"article:publisher\" content=\"https:\/\/www.facebook.com\/qingdaohf\" \/>\n<meta property=\"article:modified_time\" content=\"2025-11-13T01:03:16+00:00\" \/>\n<meta property=\"og:image\" content=\"https:\/\/qingdaohf.com\/wp-content\/uploads\/2024\/05\/Aluminum-Form-Wall-Ties-1.jpg\" \/>\n\t<meta property=\"og:image:width\" content=\"1000\" \/>\n\t<meta property=\"og:image:height\" content=\"1000\" \/>\n\t<meta property=\"og:image:type\" content=\"image\/jpeg\" \/>\n<meta name=\"twitter:card\" content=\"summary_large_image\" \/>\n<meta name=\"twitter:label1\" content=\"Szacowany czas czytania\" \/>\n\t<meta name=\"twitter:data1\" content=\"4 minuty\" \/>\n<script type=\"application\/ld+json\" class=\"yoast-schema-graph\">{\"@context\":\"https:\/\/schema.org\",\"@graph\":[{\"@type\":\"WebPage\",\"@id\":\"https:\/\/qingdaohf.com\/product\/aluminum-form-wall-ties\/\",\"url\":\"https:\/\/qingdaohf.com\/product\/aluminum-form-wall-ties\/\",\"name\":\"Aluminum Form Wall Ties\",\"isPartOf\":{\"@id\":\"https:\/\/qingdaohf.com\/bg\/#website\"},\"primaryImageOfPage\":{\"@id\":\"https:\/\/qingdaohf.com\/product\/aluminum-form-wall-ties\/#primaryimage\"},\"image\":{\"@id\":\"https:\/\/qingdaohf.com\/product\/aluminum-form-wall-ties\/#primaryimage\"},\"thumbnailUrl\":\"https:\/\/qingdaohf.com\/wp-content\/uploads\/2024\/05\/Aluminum-Form-Wall-Ties-1.jpg\",\"datePublished\":\"2024-05-20T05:42:36+00:00\",\"dateModified\":\"2025-11-13T01:03:16+00:00\",\"description\":\"Aluminum Form Wall Ties are available in a range of Wall Thickness Sizes to accommodate various concrete wall designs. Common sizes include 6\u201d - 24\u201d.\",\"breadcrumb\":{\"@id\":\"https:\/\/qingdaohf.com\/product\/aluminum-form-wall-ties\/#breadcrumb\"},\"inLanguage\":\"pl-PL\",\"potentialAction\":[{\"@type\":\"ReadAction\",\"target\":[\"https:\/\/qingdaohf.com\/product\/aluminum-form-wall-ties\/\"]}]},{\"@type\":\"ImageObject\",\"inLanguage\":\"pl-PL\",\"@id\":\"https:\/\/qingdaohf.com\/product\/aluminum-form-wall-ties\/#primaryimage\",\"url\":\"https:\/\/qingdaohf.com\/wp-content\/uploads\/2024\/05\/Aluminum-Form-Wall-Ties-1.jpg\",\"contentUrl\":\"https:\/\/qingdaohf.com\/wp-content\/uploads\/2024\/05\/Aluminum-Form-Wall-Ties-1.jpg\",\"width\":1000,\"height\":1000,\"caption\":\"Aluminum Form Wall Ties\"},{\"@type\":\"BreadcrumbList\",\"@id\":\"https:\/\/qingdaohf.com\/product\/aluminum-form-wall-ties\/#breadcrumb\",\"itemListElement\":[{\"@type\":\"ListItem\",\"position\":1,\"name\":\"Home\",\"item\":\"https:\/\/qingdaohf.com\/\"},{\"@type\":\"ListItem\",\"position\":2,\"name\":\"Concrete Forming Accessories and Rigging Hardware\",\"item\":\"https:\/\/qingdaohf.com\/bg\/?page_id=944\"},{\"@type\":\"ListItem\",\"position\":3,\"name\":\"Aluminum Form Wall Ties\"}]},{\"@type\":\"WebSite\",\"@id\":\"https:\/\/qingdaohf.com\/bg\/#website\",\"url\":\"https:\/\/qingdaohf.com\/bg\/\",\"name\":\"Concrete Form & Rigging Hardware Supplier\",\"description\":\"\",\"publisher\":{\"@id\":\"https:\/\/qingdaohf.com\/bg\/#organization\"},\"potentialAction\":[{\"@type\":\"SearchAction\",\"target\":{\"@type\":\"EntryPoint\",\"urlTemplate\":\"https:\/\/qingdaohf.com\/bg\/?s={search_term_string}\"},\"query-input\":{\"@type\":\"PropertyValueSpecification\",\"valueRequired\":true,\"valueName\":\"search_term_string\"}}],\"inLanguage\":\"pl-PL\"},{\"@type\":\"Organization\",\"@id\":\"https:\/\/qingdaohf.com\/bg\/#organization\",\"name\":\"Qingdao H&F\",\"url\":\"https:\/\/qingdaohf.com\/bg\/\",\"logo\":{\"@type\":\"ImageObject\",\"inLanguage\":\"pl-PL\",\"@id\":\"https:\/\/qingdaohf.com\/bg\/#\/schema\/logo\/image\/\",\"url\":\"https:\/\/qingdaohf.com\/wp-content\/uploads\/2022\/12\/cropped-HF-LOGO.png\",\"contentUrl\":\"https:\/\/qingdaohf.com\/wp-content\/uploads\/2022\/12\/cropped-HF-LOGO.png\",\"width\":391,\"height\":249,\"caption\":\"Qingdao H&F\"},\"image\":{\"@id\":\"https:\/\/qingdaohf.com\/bg\/#\/schema\/logo\/image\/\"},\"sameAs\":[\"https:\/\/www.facebook.com\/qingdaohf\"]}]}<\/script>\n<!-- \/ Yoast SEO plugin. -->","yoast_head_json":{"title":"Aluminum Form Wall Ties","description":"Aluminum Form Wall Ties are available in a range of Wall Thickness Sizes to accommodate various concrete wall designs. Common sizes include 6\u201d - 24\u201d.","robots":{"index":"index","follow":"follow","max-snippet":"max-snippet:-1","max-image-preview":"max-image-preview:large","max-video-preview":"max-video-preview:-1"},"canonical":"https:\/\/qingdaohf.com\/pl\/produkt\/aluminiowe-opaski-scienne\/","og_locale":"pl_PL","og_type":"article","og_title":"Aluminum Form Wall Ties","og_description":"Aluminum Form Wall Ties are available in a range of Wall Thickness Sizes to accommodate various concrete wall designs. Common sizes include 6\u201d - 24\u201d.","og_url":"https:\/\/qingdaohf.com\/pl\/produkt\/aluminiowe-opaski-scienne\/","og_site_name":"Concrete Form &amp; Rigging Hardware Supplier","article_publisher":"https:\/\/www.facebook.com\/qingdaohf","article_modified_time":"2025-11-13T01:03:16+00:00","og_image":[{"width":1000,"height":1000,"url":"https:\/\/qingdaohf.com\/wp-content\/uploads\/2024\/05\/Aluminum-Form-Wall-Ties-1.jpg","type":"image\/jpeg"}],"twitter_card":"summary_large_image","twitter_misc":{"Szacowany czas czytania":"4 minuty"},"schema":{"@context":"https:\/\/schema.org","@graph":[{"@type":"WebPage","@id":"https:\/\/qingdaohf.com\/product\/aluminum-form-wall-ties\/","url":"https:\/\/qingdaohf.com\/product\/aluminum-form-wall-ties\/","name":"Aluminum Form Wall Ties","isPartOf":{"@id":"https:\/\/qingdaohf.com\/bg\/#website"},"primaryImageOfPage":{"@id":"https:\/\/qingdaohf.com\/product\/aluminum-form-wall-ties\/#primaryimage"},"image":{"@id":"https:\/\/qingdaohf.com\/product\/aluminum-form-wall-ties\/#primaryimage"},"thumbnailUrl":"https:\/\/qingdaohf.com\/wp-content\/uploads\/2024\/05\/Aluminum-Form-Wall-Ties-1.jpg","datePublished":"2024-05-20T05:42:36+00:00","dateModified":"2025-11-13T01:03:16+00:00","description":"Aluminum Form Wall Ties are available in a range of Wall Thickness Sizes to accommodate various concrete wall designs. Common sizes include 6\u201d - 24\u201d.","breadcrumb":{"@id":"https:\/\/qingdaohf.com\/product\/aluminum-form-wall-ties\/#breadcrumb"},"inLanguage":"pl-PL","potentialAction":[{"@type":"ReadAction","target":["https:\/\/qingdaohf.com\/product\/aluminum-form-wall-ties\/"]}]},{"@type":"ImageObject","inLanguage":"pl-PL","@id":"https:\/\/qingdaohf.com\/product\/aluminum-form-wall-ties\/#primaryimage","url":"https:\/\/qingdaohf.com\/wp-content\/uploads\/2024\/05\/Aluminum-Form-Wall-Ties-1.jpg","contentUrl":"https:\/\/qingdaohf.com\/wp-content\/uploads\/2024\/05\/Aluminum-Form-Wall-Ties-1.jpg","width":1000,"height":1000,"caption":"Aluminum Form Wall Ties"},{"@type":"BreadcrumbList","@id":"https:\/\/qingdaohf.com\/product\/aluminum-form-wall-ties\/#breadcrumb","itemListElement":[{"@type":"ListItem","position":1,"name":"Home","item":"https:\/\/qingdaohf.com\/"},{"@type":"ListItem","position":2,"name":"Concrete Forming Accessories and Rigging Hardware","item":"https:\/\/qingdaohf.com\/bg\/?page_id=944"},{"@type":"ListItem","position":3,"name":"Aluminum Form Wall Ties"}]},{"@type":"WebSite","@id":"https:\/\/qingdaohf.com\/bg\/#website","url":"https:\/\/qingdaohf.com\/bg\/","name":"Concrete Form & Rigging Hardware Supplier","description":"","publisher":{"@id":"https:\/\/qingdaohf.com\/bg\/#organization"},"potentialAction":[{"@type":"SearchAction","target":{"@type":"EntryPoint","urlTemplate":"https:\/\/qingdaohf.com\/bg\/?s={search_term_string}"},"query-input":{"@type":"PropertyValueSpecification","valueRequired":true,"valueName":"search_term_string"}}],"inLanguage":"pl-PL"},{"@type":"Organization","@id":"https:\/\/qingdaohf.com\/bg\/#organization","name":"Qingdao H&F","url":"https:\/\/qingdaohf.com\/bg\/","logo":{"@type":"ImageObject","inLanguage":"pl-PL","@id":"https:\/\/qingdaohf.com\/bg\/#\/schema\/logo\/image\/","url":"https:\/\/qingdaohf.com\/wp-content\/uploads\/2022\/12\/cropped-HF-LOGO.png","contentUrl":"https:\/\/qingdaohf.com\/wp-content\/uploads\/2022\/12\/cropped-HF-LOGO.png","width":391,"height":249,"caption":"Qingdao H&F"},"image":{"@id":"https:\/\/qingdaohf.com\/bg\/#\/schema\/logo\/image\/"},"sameAs":["https:\/\/www.facebook.com\/qingdaohf"]}]}},"_links":{"self":[{"href":"https:\/\/qingdaohf.com\/pl\/wp-json\/wp\/v2\/product\/7163","targetHints":{"allow":["GET"]}}],"collection":[{"href":"https:\/\/qingdaohf.com\/pl\/wp-json\/wp\/v2\/product"}],"about":[{"href":"https:\/\/qingdaohf.com\/pl\/wp-json\/wp\/v2\/types\/product"}],"replies":[{"embeddable":true,"href":"https:\/\/qingdaohf.com\/pl\/wp-json\/wp\/v2\/comments?post=7163"}],"version-history":[{"count":3,"href":"https:\/\/qingdaohf.com\/pl\/wp-json\/wp\/v2\/product\/7163\/revisions"}],"predecessor-version":[{"id":8094,"href":"https:\/\/qingdaohf.com\/pl\/wp-json\/wp\/v2\/product\/7163\/revisions\/8094"}],"wp:featuredmedia":[{"embeddable":true,"href":"https:\/\/qingdaohf.com\/pl\/wp-json\/wp\/v2\/media\/7168"}],"wp:attachment":[{"href":"https:\/\/qingdaohf.com\/pl\/wp-json\/wp\/v2\/media?parent=7163"}],"wp:term":[{"taxonomy":"product_brand","embeddable":true,"href":"https:\/\/qingdaohf.com\/pl\/wp-json\/wp\/v2\/product_brand?post=7163"},{"taxonomy":"product_cat","embeddable":true,"href":"https:\/\/qingdaohf.com\/pl\/wp-json\/wp\/v2\/product_cat?post=7163"},{"taxonomy":"product_tag","embeddable":true,"href":"https:\/\/qingdaohf.com\/pl\/wp-json\/wp\/v2\/product_tag?post=7163"}],"curies":[{"name":"wp","href":"https:\/\/api.w.org\/{rel}","templated":true}]}}