{"id":7473,"date":"2024-06-19T11:36:36","date_gmt":"2024-06-19T03:36:36","guid":{"rendered":"http:\/\/qingdaohf.com\/?post_type=product&#038;p=7473"},"modified":"2025-11-13T09:03:15","modified_gmt":"2025-11-13T01:03:15","slug":"plastic-groud-stake","status":"publish","type":"product","link":"https:\/\/qingdaohf.com\/pl\/produkt\/plastikowy-kolek\/","title":{"rendered":"Plastikowy s\u0142upek do pod\u0142o\u017ca"},"content":{"rendered":"<h4>Wszechstronny i trwa\u0142y plastikowy ko\u0142ek uziemiaj\u0105cy<\/h4>\n<p>Plastikowy ko\u0142ek rozporowy to wszechstronne rozwi\u0105zanie do zabezpieczania szerokiej gamy konstrukcji i sprz\u0119tu outdoorowego. Niezale\u017cnie od tego, czy rozstawiasz namiot, zabezpieczasz baldachim, czy kotwiczysz siatk\u0119, ten ko\u0142ek zapewnia niezawodno\u015b\u0107 i wytrzyma\u0142o\u015b\u0107 potrzebn\u0105 do utrzymania wszystkiego na miejscu. Wykonany z wysokiej jako\u015bci tworzywa sztucznego odpornego na promieniowanie UV, wytrzymuje d\u0142ugotrwa\u0142\u0105 ekspozycj\u0119 na \u015bwiat\u0142o s\u0142oneczne bez degradacji, zapewniaj\u0105c d\u0142ugotrwa\u0142e u\u017cytkowanie.<\/p>\n<p>Jedn\u0105 z wyr\u00f3\u017cniaj\u0105cych si\u0119 cech tego palika jest jego \u0142atwe wbijanie w ziemi\u0119. Zaostrzony koniec pozwala na \u0142atw\u0105 penetracj\u0119 r\u00f3\u017cnych rodzaj\u00f3w gleby, a solidna konstrukcja zapewnia, \u017ce pozostanie on na swoim miejscu. W przeciwie\u0144stwie do metalowych ko\u0142k\u00f3w, kt\u00f3re mog\u0105 rdzewie\u0107 lub wygina\u0107 si\u0119, ten plastikowy ko\u0142ek do gruntu zachowuje swoj\u0105 integralno\u015b\u0107, zapewniaj\u0105c niezawodne rozwi\u0105zanie kotwicz\u0105ce do wielu zastosowa\u0144.<\/p>\n<h4>Praktyczna konstrukcja do wielu zastosowa\u0144<\/h4>\n<p>Zaprojektowany z my\u015bl\u0105 o praktyczno\u015bci, plastikowy ko\u0142ek gruntowy zawiera pojedynczy otw\u00f3r w g\u00f3rnej cz\u0119\u015bci, umo\u017cliwiaj\u0105cy bezpieczne przymocowanie liny. Ta funkcja jest szczeg\u00f3lnie przydatna do wi\u0105zania plandek, zadasze\u0144 i innych przedmiot\u00f3w, kt\u00f3re wymagaj\u0105 stabilnego punktu kotwiczenia. Hak w g\u00f3rnej cz\u0119\u015bci stanowi dodatkow\u0105 opcj\u0119 zabezpieczenia, zapewniaj\u0105c elastyczno\u015b\u0107 w sposobie korzystania z palika. Ta przemy\u015blana konstrukcja zapewnia bezpiecze\u0144stwo konstrukcji nawet w wietrznych warunkach, dzi\u0119ki czemu jest niezb\u0119dnym narz\u0119dziem zar\u00f3wno dla entuzjast\u00f3w outdooru, jak i profesjonalist\u00f3w.<\/p>\n<p>W ogrodnictwie i kszta\u0142towaniu krajobrazu ten ko\u0142ek okazuje si\u0119 nieoceniony do podtrzymywania r\u00f3\u017cnych konstrukcji i dekoracji. Jego trwa\u0142o\u015b\u0107 i \u0142atwo\u015b\u0107 u\u017cycia sprawiaj\u0105, \u017ce jest ulubionym elementem ogrodnik\u00f3w, kt\u00f3rzy chc\u0105 zabezpieczy\u0107 kraty, siatki ogrodowe, a nawet przedmioty dekoracyjne. Tworzywo sztuczne odporne na promieniowanie UV gwarantuje, \u017ce nie stanie si\u0119 kruchy ani nie rozpadnie si\u0119 z czasem, zapewniaj\u0105c sta\u0142\u0105 wydajno\u015b\u0107 sezon po sezonie.<\/p>\n<h4>Rola palik\u00f3w w budownictwie i aktywno\u015bci na \u015bwie\u017cym powietrzu<\/h4>\n<p>Paliki naziemne, w tym warianty plastikowe, odgrywaj\u0105 kluczow\u0105 rol\u0119 zar\u00f3wno w budownictwie, jak i podczas aktywno\u015bci na \u015bwie\u017cym powietrzu. W budownictwie s\u0105 one wykorzystywane do zabezpieczania tymczasowych konstrukcji, takich jak namioty i zadaszenia, zapewniaj\u0105c stabilny fundament, kt\u00f3ry zapobiega przemieszczaniu si\u0119 lub zawaleniu. Jest to szczeg\u00f3lnie wa\u017cne w sytuacjach, w kt\u00f3rych bezpiecze\u0144stwo i stabilno\u015b\u0107 s\u0105 najwa\u017cniejsze. \u0141atwo\u015b\u0107 monta\u017cu i demonta\u017cu sprawia, \u017ce plastikowe paliki s\u0105 wygodnym wyborem do tymczasowych konfiguracji, umo\u017cliwiaj\u0105c szybkie dostosowanie w razie potrzeby.<\/p>\n<p>W dziedzinie aktywno\u015bci na \u015bwie\u017cym powietrzu, paliki s\u0105 niezb\u0119dne podczas biwakowania, w\u0119dr\u00f3wek i innych zaj\u0119\u0107 rekreacyjnych. Bezpieczny namiot lub zadaszenie mo\u017ce oznacza\u0107 r\u00f3\u017cnic\u0119 mi\u0119dzy komfortowym do\u015bwiadczeniem a katastrofalnym. Plastikowy ko\u0142ek gruntowy zapewnia spok\u00f3j ducha, wiedz\u0105c, \u017ce schronienie pozostanie na swoim miejscu niezale\u017cnie od warunk\u00f3w. Jego lekka natura sprawia, \u017ce jest \u0142atwy w transporcie, dodaj\u0105c minimaln\u0105 wag\u0119 do sprz\u0119tu, zapewniaj\u0105c jednocze\u015bnie maksymaln\u0105 stabilno\u015b\u0107.<\/p>\n<h4>Przedstawiamy \u015bruby fundamentowe i ich znaczenie w budownictwie<\/h4>\n<p>\u015aruby fundamentowe s\u0105 niezb\u0119dnymi elementami w dziedzinie budownictwa, odgrywaj\u0105cymi kluczow\u0105 rol\u0119 w zabezpieczaniu konstrukcji do ich fundament\u00f3w. \u015aruby te s\u0105 zazwyczaj wykonane ze stali o wysokiej wytrzyma\u0142o\u015bci i s\u0105 u\u017cywane do kotwienia budynk\u00f3w, most\u00f3w, maszyn i innych ci\u0119\u017ckich konstrukcji. G\u0142\u00f3wnym celem \u015brub fundamentowych jest zapewnienie bezpiecznego po\u0142\u0105czenia mi\u0119dzy konstrukcj\u0105 a jej fundamentem, zapewniaj\u0105c stabilno\u015b\u0107 i odporno\u015b\u0107 na r\u00f3\u017cne si\u0142y, w tym wiatr, aktywno\u015b\u0107 sejsmiczn\u0105 i inne czynniki \u015brodowiskowe.<\/p>\n<p>W budownictwie \u015bruby fundamentowe s\u0105 osadzane w betonowych fundamentach przed zwi\u0105zaniem betonu, tworz\u0105c silne po\u0142\u0105czenie, kt\u00f3re mo\u017ce wytrzyma\u0107 znaczne obci\u0105\u017cenia. S\u0105 one dost\u0119pne w r\u00f3\u017cnych rozmiarach i typach, a ka\u017cdy z nich zosta\u0142 zaprojektowany z my\u015bl\u0105 o konkretnych zastosowaniach i wymaganiach dotycz\u0105cych obci\u0105\u017ce\u0144. Prawid\u0142owy dob\u00f3r i monta\u017c \u015brub fundamentowych ma kluczowe znaczenie dla integralno\u015bci strukturalnej i bezpiecze\u0144stwa ka\u017cdego projektu budowlanego.<\/p>\n<p>Jedn\u0105 z kluczowych zalet \u015brub fundamentowych jest ich zdolno\u015b\u0107 do zapewnienia niezawodnego punktu kotwiczenia dla ci\u0119\u017ckich konstrukcji. Jest to szczeg\u00f3lnie wa\u017cne w warunkach przemys\u0142owych, gdzie maszyny i urz\u0105dzenia musz\u0105 pozosta\u0107 stabilne podczas pracy. \u015aruby fundamentowe zapobiegaj\u0105 ruchom i wibracjom, kt\u00f3re w przeciwnym razie mog\u0142yby prowadzi\u0107 do nieprawid\u0142owego dzia\u0142ania sprz\u0119tu lub uszkodzenia konstrukcji. Mocuj\u0105c maszyny do stabilnego fundamentu, \u015bruby te zapewniaj\u0105 p\u0142ynn\u0105 i bezpieczn\u0105 prac\u0119.<\/p>\n<p>\u015aruby fundamentowe odgrywaj\u0105 r\u00f3wnie\u017c kluczow\u0105 rol\u0119 w budowie most\u00f3w i innych du\u017cych projekt\u00f3w infrastrukturalnych. Stabilno\u015b\u0107 zapewniana przez te \u015bruby pomaga r\u00f3wnomiernie roz\u0142o\u017cy\u0107 obci\u0105\u017cenia, zmniejszaj\u0105c obci\u0105\u017cenie poszczeg\u00f3lnych element\u00f3w i wyd\u0142u\u017caj\u0105c \u017cywotno\u015b\u0107 konstrukcji. Ich zdolno\u015b\u0107 do przeciwstawiania si\u0119 si\u0142om dynamicznym, takim jak te generowane przez ruch drogowy lub zdarzenia naturalne, czyni je niezb\u0119dnymi do zapewnienia bezpiecze\u0144stwa i d\u0142ugowieczno\u015bci most\u00f3w i podobnych konstrukcji.<\/p>\n<p>Podsumowuj\u0105c, \u015bruby fundamentowe s\u0105 kamieniem w\u0119gielnym nowoczesnego budownictwa, zapewniaj\u0105c niezb\u0119dn\u0105 stabilno\u015b\u0107 i bezpiecze\u0144stwo szerokiej gamie konstrukcji. Ich rola w kotwieniu budynk\u00f3w i maszyn jest niezb\u0119dna do utrzymania integralno\u015bci i bezpiecze\u0144stwa projekt\u00f3w budowlanych, co czyni je nieocenionym elementem w terenie.<\/p>\n<div class=\"ast-oembed-container\" style=\"height: 100%;\"><iframe title=\"Plastikowe paliki do pod\u0142o\u017ca\" width=\"500\" height=\"281\" src=\"https:\/\/www.youtube.com\/embed\/XXn9suyaFmM?feature=oembed\" frameborder=\"0\" allow=\"accelerometer; autoplay; clipboard-write; encrypted-media; gyroscope; picture-in-picture; web-share\" referrerpolicy=\"strict-origin-when-cross-origin\" allowfullscreen><\/iframe><\/div>","protected":false},"excerpt":{"rendered":"<p>Plastikowy ko\u0142ek rozporowy jest idealny do mocowania kotwic, namiot\u00f3w, siatek, plandek, zadasze\u0144 i konstrukcji ogrodowych lub tarasowych. Wykonany z wysokiej jako\u015bci tworzywa sztucznego odpornego na promieniowanie UV, ten wytrzyma\u0142y ko\u0142ek \u0142atwo wbija si\u0119 w ziemi\u0119. Posiada otw\u00f3r w g\u00f3rnej cz\u0119\u015bci do wi\u0105zania liny, zapewniaj\u0105c bezpieczne mocowanie w r\u00f3\u017cnych zastosowaniach.<\/p>","protected":false},"featured_media":7475,"comment_status":"open","ping_status":"closed","template":"","meta":{"site-sidebar-layout":"default","site-content-layout":"","ast-site-content-layout":"default","site-content-style":"default","site-sidebar-style":"default","ast-global-header-display":"","ast-banner-title-visibility":"","ast-main-header-display":"","ast-hfb-above-header-display":"","ast-hfb-below-header-display":"","ast-hfb-mobile-header-display":"","site-post-title":"","ast-breadcrumbs-content":"","ast-featured-img":"","footer-sml-layout":"","theme-transparent-header-meta":"default","adv-header-id-meta":"","stick-header-meta":"default","header-above-stick-meta":"","header-main-stick-meta":"","header-below-stick-meta":"","astra-migrate-meta-layouts":"set","ast-page-background-enabled":"default","ast-page-background-meta":{"desktop":{"background-color":"","background-image":"","background-repeat":"repeat","background-position":"center center","background-size":"auto","background-attachment":"scroll","background-type":"","background-media":"","overlay-type":"","overlay-color":"","overlay-opacity":"","overlay-gradient":""},"tablet":{"background-color":"","background-image":"","background-repeat":"repeat","background-position":"center center","background-size":"auto","background-attachment":"scroll","background-type":"","background-media":"","overlay-type":"","overlay-color":"","overlay-opacity":"","overlay-gradient":""},"mobile":{"background-color":"","background-image":"","background-repeat":"repeat","background-position":"center center","background-size":"auto","background-attachment":"scroll","background-type":"","background-media":"","overlay-type":"","overlay-color":"","overlay-opacity":"","overlay-gradient":""}},"ast-content-background-meta":{"desktop":{"background-color":"var(--ast-global-color-5)","background-image":"","background-repeat":"repeat","background-position":"center center","background-size":"auto","background-attachment":"scroll","background-type":"","background-media":"","overlay-type":"","overlay-color":"","overlay-opacity":"","overlay-gradient":""},"tablet":{"background-color":"var(--ast-global-color-5)","background-image":"","background-repeat":"repeat","background-position":"center center","background-size":"auto","background-attachment":"scroll","background-type":"","background-media":"","overlay-type":"","overlay-color":"","overlay-opacity":"","overlay-gradient":""},"mobile":{"background-color":"var(--ast-global-color-5)","background-image":"","background-repeat":"repeat","background-position":"center center","background-size":"auto","background-attachment":"scroll","background-type":"","background-media":"","overlay-type":"","overlay-color":"","overlay-opacity":"","overlay-gradient":""}}},"product_brand":[],"product_cat":[75],"product_tag":[],"class_list":{"0":"post-7473","1":"product","2":"type-product","3":"status-publish","4":"has-post-thumbnail","6":"product_cat-plastic-and-rubber-product","7":"desktop-align-left","8":"tablet-align-left","9":"mobile-align-left","10":"ast-product-gallery-layout-horizontal-slider","11":"ast-product-tabs-layout-horizontal","13":"first","14":"instock","15":"shipping-taxable","16":"purchasable","17":"product-type-simple"},"yoast_head":"<!-- This site is optimized with the Yoast SEO plugin v25.2 - https:\/\/yoast.com\/wordpress\/plugins\/seo\/ -->\n<title>Plastic Groud Stake<\/title>\n<meta name=\"description\" content=\"The plastic ground stake is perfect for securing anchors, tents, nets, tarps, canopies, and garden or patio structures.\" \/>\n<meta name=\"robots\" content=\"index, follow, max-snippet:-1, max-image-preview:large, max-video-preview:-1\" \/>\n<link rel=\"canonical\" href=\"https:\/\/qingdaohf.com\/pl\/produkt\/plastikowy-kolek\/\" \/>\n<meta property=\"og:locale\" content=\"pl_PL\" \/>\n<meta property=\"og:type\" content=\"article\" \/>\n<meta property=\"og:title\" content=\"Plastic Groud Stake\" \/>\n<meta property=\"og:description\" content=\"The plastic ground stake is perfect for securing anchors, tents, nets, tarps, canopies, and garden or patio structures.\" \/>\n<meta property=\"og:url\" content=\"https:\/\/qingdaohf.com\/pl\/produkt\/plastikowy-kolek\/\" \/>\n<meta property=\"og:site_name\" content=\"Concrete Form &amp; Rigging Hardware Supplier\" \/>\n<meta property=\"article:publisher\" content=\"https:\/\/www.facebook.com\/qingdaohf\" \/>\n<meta property=\"article:modified_time\" content=\"2025-11-13T01:03:15+00:00\" \/>\n<meta property=\"og:image\" content=\"https:\/\/qingdaohf.com\/wp-content\/uploads\/2024\/06\/plastic-groud-stake-1.webp\" \/>\n\t<meta property=\"og:image:width\" content=\"1000\" \/>\n\t<meta property=\"og:image:height\" content=\"1000\" \/>\n\t<meta property=\"og:image:type\" content=\"image\/webp\" \/>\n<meta name=\"twitter:card\" content=\"summary_large_image\" \/>\n<meta name=\"twitter:label1\" content=\"Szacowany czas czytania\" \/>\n\t<meta name=\"twitter:data1\" content=\"4 minuty\" \/>\n<script type=\"application\/ld+json\" class=\"yoast-schema-graph\">{\"@context\":\"https:\/\/schema.org\",\"@graph\":[{\"@type\":\"WebPage\",\"@id\":\"https:\/\/qingdaohf.com\/product\/plastic-groud-stake\/\",\"url\":\"https:\/\/qingdaohf.com\/product\/plastic-groud-stake\/\",\"name\":\"Plastic Groud Stake\",\"isPartOf\":{\"@id\":\"https:\/\/qingdaohf.com\/bg\/#website\"},\"primaryImageOfPage\":{\"@id\":\"https:\/\/qingdaohf.com\/product\/plastic-groud-stake\/#primaryimage\"},\"image\":{\"@id\":\"https:\/\/qingdaohf.com\/product\/plastic-groud-stake\/#primaryimage\"},\"thumbnailUrl\":\"https:\/\/qingdaohf.com\/wp-content\/uploads\/2024\/06\/plastic-groud-stake-1.webp\",\"datePublished\":\"2024-06-19T03:36:36+00:00\",\"dateModified\":\"2025-11-13T01:03:15+00:00\",\"description\":\"The plastic ground stake is perfect for securing anchors, tents, nets, tarps, canopies, and garden or patio structures.\",\"breadcrumb\":{\"@id\":\"https:\/\/qingdaohf.com\/product\/plastic-groud-stake\/#breadcrumb\"},\"inLanguage\":\"pl-PL\",\"potentialAction\":[{\"@type\":\"ReadAction\",\"target\":[\"https:\/\/qingdaohf.com\/product\/plastic-groud-stake\/\"]}]},{\"@type\":\"ImageObject\",\"inLanguage\":\"pl-PL\",\"@id\":\"https:\/\/qingdaohf.com\/product\/plastic-groud-stake\/#primaryimage\",\"url\":\"https:\/\/qingdaohf.com\/wp-content\/uploads\/2024\/06\/plastic-groud-stake-1.webp\",\"contentUrl\":\"https:\/\/qingdaohf.com\/wp-content\/uploads\/2024\/06\/plastic-groud-stake-1.webp\",\"width\":1000,\"height\":1000,\"caption\":\"plastic groud stake\"},{\"@type\":\"BreadcrumbList\",\"@id\":\"https:\/\/qingdaohf.com\/product\/plastic-groud-stake\/#breadcrumb\",\"itemListElement\":[{\"@type\":\"ListItem\",\"position\":1,\"name\":\"Home\",\"item\":\"https:\/\/qingdaohf.com\/\"},{\"@type\":\"ListItem\",\"position\":2,\"name\":\"Concrete Forming Accessories and Rigging Hardware\",\"item\":\"https:\/\/qingdaohf.com\/bg\/?page_id=944\"},{\"@type\":\"ListItem\",\"position\":3,\"name\":\"Plastic Groud Stake\"}]},{\"@type\":\"WebSite\",\"@id\":\"https:\/\/qingdaohf.com\/bg\/#website\",\"url\":\"https:\/\/qingdaohf.com\/bg\/\",\"name\":\"Concrete Form & Rigging Hardware Supplier\",\"description\":\"\",\"publisher\":{\"@id\":\"https:\/\/qingdaohf.com\/bg\/#organization\"},\"potentialAction\":[{\"@type\":\"SearchAction\",\"target\":{\"@type\":\"EntryPoint\",\"urlTemplate\":\"https:\/\/qingdaohf.com\/bg\/?s={search_term_string}\"},\"query-input\":{\"@type\":\"PropertyValueSpecification\",\"valueRequired\":true,\"valueName\":\"search_term_string\"}}],\"inLanguage\":\"pl-PL\"},{\"@type\":\"Organization\",\"@id\":\"https:\/\/qingdaohf.com\/bg\/#organization\",\"name\":\"Qingdao H&F\",\"url\":\"https:\/\/qingdaohf.com\/bg\/\",\"logo\":{\"@type\":\"ImageObject\",\"inLanguage\":\"pl-PL\",\"@id\":\"https:\/\/qingdaohf.com\/bg\/#\/schema\/logo\/image\/\",\"url\":\"https:\/\/qingdaohf.com\/wp-content\/uploads\/2022\/12\/cropped-HF-LOGO.png\",\"contentUrl\":\"https:\/\/qingdaohf.com\/wp-content\/uploads\/2022\/12\/cropped-HF-LOGO.png\",\"width\":391,\"height\":249,\"caption\":\"Qingdao H&F\"},\"image\":{\"@id\":\"https:\/\/qingdaohf.com\/bg\/#\/schema\/logo\/image\/\"},\"sameAs\":[\"https:\/\/www.facebook.com\/qingdaohf\"]}]}<\/script>\n<!-- \/ Yoast SEO plugin. -->","yoast_head_json":{"title":"Plastic Groud Stake","description":"The plastic ground stake is perfect for securing anchors, tents, nets, tarps, canopies, and garden or patio structures.","robots":{"index":"index","follow":"follow","max-snippet":"max-snippet:-1","max-image-preview":"max-image-preview:large","max-video-preview":"max-video-preview:-1"},"canonical":"https:\/\/qingdaohf.com\/pl\/produkt\/plastikowy-kolek\/","og_locale":"pl_PL","og_type":"article","og_title":"Plastic Groud Stake","og_description":"The plastic ground stake is perfect for securing anchors, tents, nets, tarps, canopies, and garden or patio structures.","og_url":"https:\/\/qingdaohf.com\/pl\/produkt\/plastikowy-kolek\/","og_site_name":"Concrete Form &amp; Rigging Hardware Supplier","article_publisher":"https:\/\/www.facebook.com\/qingdaohf","article_modified_time":"2025-11-13T01:03:15+00:00","og_image":[{"width":1000,"height":1000,"url":"https:\/\/qingdaohf.com\/wp-content\/uploads\/2024\/06\/plastic-groud-stake-1.webp","type":"image\/webp"}],"twitter_card":"summary_large_image","twitter_misc":{"Szacowany czas czytania":"4 minuty"},"schema":{"@context":"https:\/\/schema.org","@graph":[{"@type":"WebPage","@id":"https:\/\/qingdaohf.com\/product\/plastic-groud-stake\/","url":"https:\/\/qingdaohf.com\/product\/plastic-groud-stake\/","name":"Plastic Groud Stake","isPartOf":{"@id":"https:\/\/qingdaohf.com\/bg\/#website"},"primaryImageOfPage":{"@id":"https:\/\/qingdaohf.com\/product\/plastic-groud-stake\/#primaryimage"},"image":{"@id":"https:\/\/qingdaohf.com\/product\/plastic-groud-stake\/#primaryimage"},"thumbnailUrl":"https:\/\/qingdaohf.com\/wp-content\/uploads\/2024\/06\/plastic-groud-stake-1.webp","datePublished":"2024-06-19T03:36:36+00:00","dateModified":"2025-11-13T01:03:15+00:00","description":"The plastic ground stake is perfect for securing anchors, tents, nets, tarps, canopies, and garden or patio structures.","breadcrumb":{"@id":"https:\/\/qingdaohf.com\/product\/plastic-groud-stake\/#breadcrumb"},"inLanguage":"pl-PL","potentialAction":[{"@type":"ReadAction","target":["https:\/\/qingdaohf.com\/product\/plastic-groud-stake\/"]}]},{"@type":"ImageObject","inLanguage":"pl-PL","@id":"https:\/\/qingdaohf.com\/product\/plastic-groud-stake\/#primaryimage","url":"https:\/\/qingdaohf.com\/wp-content\/uploads\/2024\/06\/plastic-groud-stake-1.webp","contentUrl":"https:\/\/qingdaohf.com\/wp-content\/uploads\/2024\/06\/plastic-groud-stake-1.webp","width":1000,"height":1000,"caption":"plastic groud stake"},{"@type":"BreadcrumbList","@id":"https:\/\/qingdaohf.com\/product\/plastic-groud-stake\/#breadcrumb","itemListElement":[{"@type":"ListItem","position":1,"name":"Home","item":"https:\/\/qingdaohf.com\/"},{"@type":"ListItem","position":2,"name":"Concrete Forming Accessories and Rigging Hardware","item":"https:\/\/qingdaohf.com\/bg\/?page_id=944"},{"@type":"ListItem","position":3,"name":"Plastic Groud Stake"}]},{"@type":"WebSite","@id":"https:\/\/qingdaohf.com\/bg\/#website","url":"https:\/\/qingdaohf.com\/bg\/","name":"Concrete Form & Rigging Hardware Supplier","description":"","publisher":{"@id":"https:\/\/qingdaohf.com\/bg\/#organization"},"potentialAction":[{"@type":"SearchAction","target":{"@type":"EntryPoint","urlTemplate":"https:\/\/qingdaohf.com\/bg\/?s={search_term_string}"},"query-input":{"@type":"PropertyValueSpecification","valueRequired":true,"valueName":"search_term_string"}}],"inLanguage":"pl-PL"},{"@type":"Organization","@id":"https:\/\/qingdaohf.com\/bg\/#organization","name":"Qingdao H&F","url":"https:\/\/qingdaohf.com\/bg\/","logo":{"@type":"ImageObject","inLanguage":"pl-PL","@id":"https:\/\/qingdaohf.com\/bg\/#\/schema\/logo\/image\/","url":"https:\/\/qingdaohf.com\/wp-content\/uploads\/2022\/12\/cropped-HF-LOGO.png","contentUrl":"https:\/\/qingdaohf.com\/wp-content\/uploads\/2022\/12\/cropped-HF-LOGO.png","width":391,"height":249,"caption":"Qingdao H&F"},"image":{"@id":"https:\/\/qingdaohf.com\/bg\/#\/schema\/logo\/image\/"},"sameAs":["https:\/\/www.facebook.com\/qingdaohf"]}]}},"_links":{"self":[{"href":"https:\/\/qingdaohf.com\/pl\/wp-json\/wp\/v2\/product\/7473","targetHints":{"allow":["GET"]}}],"collection":[{"href":"https:\/\/qingdaohf.com\/pl\/wp-json\/wp\/v2\/product"}],"about":[{"href":"https:\/\/qingdaohf.com\/pl\/wp-json\/wp\/v2\/types\/product"}],"replies":[{"embeddable":true,"href":"https:\/\/qingdaohf.com\/pl\/wp-json\/wp\/v2\/comments?post=7473"}],"version-history":[{"count":2,"href":"https:\/\/qingdaohf.com\/pl\/wp-json\/wp\/v2\/product\/7473\/revisions"}],"predecessor-version":[{"id":7479,"href":"https:\/\/qingdaohf.com\/pl\/wp-json\/wp\/v2\/product\/7473\/revisions\/7479"}],"wp:featuredmedia":[{"embeddable":true,"href":"https:\/\/qingdaohf.com\/pl\/wp-json\/wp\/v2\/media\/7475"}],"wp:attachment":[{"href":"https:\/\/qingdaohf.com\/pl\/wp-json\/wp\/v2\/media?parent=7473"}],"wp:term":[{"taxonomy":"product_brand","embeddable":true,"href":"https:\/\/qingdaohf.com\/pl\/wp-json\/wp\/v2\/product_brand?post=7473"},{"taxonomy":"product_cat","embeddable":true,"href":"https:\/\/qingdaohf.com\/pl\/wp-json\/wp\/v2\/product_cat?post=7473"},{"taxonomy":"product_tag","embeddable":true,"href":"https:\/\/qingdaohf.com\/pl\/wp-json\/wp\/v2\/product_tag?post=7473"}],"curies":[{"name":"wp","href":"https:\/\/api.w.org\/{rel}","templated":true}]}}