{"id":7512,"date":"2024-06-27T14:28:56","date_gmt":"2024-06-27T06:28:56","guid":{"rendered":"http:\/\/qingdaohf.com\/?post_type=product&#038;p=7512"},"modified":"2025-11-13T09:03:15","modified_gmt":"2025-11-13T01:03:15","slug":"l-bolts-for-concrete","status":"publish","type":"product","link":"https:\/\/qingdaohf.com\/pl\/produkt\/l-sruby-do-betonu\/","title":{"rendered":"Fundamentowe \u015bruby kotwi\u0105ce L do betonu"},"content":{"rendered":"<h3>Wprowadzenie do \u015brub L do betonu<\/h3>\n<p>\u015aruby L, znane r\u00f3wnie\u017c jako \u015bruby kotwi\u0105ce w kszta\u0142cie litery L, s\u0105 niezb\u0119dnymi komponentami w bran\u017cy budowlanej. \u015aruby te s\u0105 specjalnie zaprojektowane do kotwienia konstrukcji betonowych, zapewniaj\u0105c niezawodne i solidne fundamenty dla r\u00f3\u017cnego rodzaju budynk\u00f3w i projekt\u00f3w infrastrukturalnych. Ich kszta\u0142t litery L zapewnia wyj\u0105tkow\u0105 si\u0142\u0119 trzymania, co czyni je idealnym wyborem do zabezpieczania ci\u0119\u017ckich \u0142adunk\u00f3w i zapewniania integralno\u015bci strukturalnej.<\/p>\n<h3>Znaczenie \u015brub L w budownictwie<\/h3>\n<p>W ka\u017cdym projekcie budowlanym fundament jest najbardziej krytycznym aspektem. Wspiera on ca\u0142\u0105 konstrukcj\u0119 i zapewnia jej stabilno\u015b\u0107. \u015aruby L do betonu odgrywaj\u0105 kluczow\u0105 rol\u0119 w tym zakresie. S\u0105 one osadzone w betonowym fundamencie, z wystaj\u0105cym gwintowanym ko\u0144cem do mocowania element\u00f3w konstrukcyjnych. Taka konstrukcja zapewnia mocne i bezpieczne po\u0142\u0105czenie, kt\u00f3re mo\u017ce wytrzyma\u0107 znaczne napr\u0119\u017cenia i obci\u0105\u017cenia.<\/p>\n<p>\u015aruby L s\u0105 powszechnie u\u017cywane w r\u00f3\u017cnych zastosowaniach, w tym w budynkach mieszkalnych, konstrukcjach komercyjnych, mostach i obiektach przemys\u0142owych. Ich zdolno\u015b\u0107 do zapewnienia stabilnego punktu kotwiczenia sprawia, \u017ce s\u0105 one niezb\u0119dne do zapewnienia bezpiecze\u0144stwa i d\u0142ugowieczno\u015bci tych konstrukcji. Stosuj\u0105c \u015bruby L, profesjonali\u015bci budowlani mog\u0105 by\u0107 pewni niezawodno\u015bci i trwa\u0142o\u015bci swoich projekt\u00f3w.<\/p>\n<h3>Rodzaje i rozmiary \u015brub L<\/h3>\n<p>\u015aruby L s\u0105 dost\u0119pne w r\u00f3\u017cnych rozmiarach i z r\u00f3\u017cnych materia\u0142\u00f3w, aby spe\u0142ni\u0107 zr\u00f3\u017cnicowane potrzeby r\u00f3\u017cnych projekt\u00f3w budowlanych. Nasze \u015bruby L do betonu s\u0105 dost\u0119pne w nast\u0119puj\u0105cych rozmiarach: 5\/8, 3\/8, 1\/2 i 1\/4 cala. Ka\u017cdy rozmiar zosta\u0142 zaprojektowany do obs\u0142ugi okre\u015blonych obci\u0105\u017ce\u0144 i zastosowa\u0144, zapewniaj\u0105c optymaln\u0105 wydajno\u015b\u0107 w r\u00f3\u017cnych scenariuszach budowlanych.<\/p>\n<p>Ponadto oferujemy \u015bruby L zar\u00f3wno w wersji ocynkowanej, jak i ze stali nierdzewnej. Ocynkowane \u015bruby L s\u0105 pokryte warstw\u0105 cynku, co zapewnia doskona\u0142\u0105 odporno\u015b\u0107 na korozj\u0119 i wyd\u0142u\u017ca ich \u017cywotno\u015b\u0107. Sprawia to, \u017ce nadaj\u0105 si\u0119 one do stosowania na zewn\u0105trz i w ods\u0142oni\u0119tych \u015brodowiskach, gdzie s\u0105 nara\u017cone na trudne warunki pogodowe. Z drugiej strony, \u015bruby L ze stali nierdzewnej oferuj\u0105 doskona\u0142\u0105 wytrzyma\u0142o\u015b\u0107 i odporno\u015b\u0107 na rdz\u0119 i korozj\u0119, dzi\u0119ki czemu idealnie nadaj\u0105 si\u0119 do projekt\u00f3w wymagaj\u0105cych najwy\u017cszego poziomu trwa\u0142o\u015bci i wydajno\u015bci.<\/p>\n<h3>Zastosowania \u015brub L w budownictwie<\/h3>\n<p>Wszechstronno\u015b\u0107 \u015brub L sprawia, \u017ce nadaj\u0105 si\u0119 one do szerokiego zakresu zastosowa\u0144 w bran\u017cy budowlanej. S\u0105 one powszechnie stosowane do mocowania s\u0142up\u00f3w konstrukcyjnych, belek i podp\u00f3r w betonowych fundamentach. Zapewnia to, \u017ce elementy konstrukcyjne s\u0105 mocno zakotwiczone, zapobiegaj\u0105c wszelkim ruchom lub przemieszczeniom, kt\u00f3re mog\u0142yby zagrozi\u0107 integralno\u015bci budynku.<\/p>\n<p>Opr\u00f3cz zastosowa\u0144 konstrukcyjnych, \u015bruby L s\u0105 r\u00f3wnie\u017c wykorzystywane w r\u00f3\u017cnych innych zadaniach budowlanych. Na przyk\u0142ad, s\u0105 one cz\u0119sto stosowane przy instalacji ci\u0119\u017ckich maszyn i urz\u0105dze\u0144, gdzie bezpieczny punkt kotwiczenia jest niezb\u0119dny, aby zapobiec potencjalnym zagro\u017ceniom. \u015aruby L s\u0105 r\u00f3wnie\u017c wykorzystywane do budowy \u015bcian oporowych, gdzie zapewniaj\u0105 niezb\u0119dne wsparcie, aby wytrzyma\u0107 nacisk wywierany przez gleb\u0119.<\/p>\n<p>Ponadto \u015bruby L s\u0105 szeroko stosowane w projektach infrastrukturalnych, takich jak mosty i tunele. Projekty te wymagaj\u0105 solidnych i niezawodnych punkt\u00f3w kotwiczenia, aby zapewni\u0107 stabilno\u015b\u0107 i bezpiecze\u0144stwo konstrukcji. U\u017cywaj\u0105c \u015brub L, in\u017cynierowie mog\u0105 tworzy\u0107 mocne po\u0142\u0105czenia, kt\u00f3re s\u0105 w stanie wytrzyma\u0107 dynamiczne obci\u0105\u017cenia i napr\u0119\u017cenia zwi\u0105zane z tymi wielkoskalowymi konstrukcjami.<\/p>\n<h3>Instalacja i konserwacja \u015brub L<\/h3>\n<p>Prawid\u0142owa instalacja i konserwacja \u015brub L ma kluczowe znaczenie dla zapewnienia ich wydajno\u015bci i trwa\u0142o\u015bci. Podczas instalacji wa\u017cne jest, aby upewni\u0107 si\u0119, \u017ce \u015bruby s\u0105 prawid\u0142owo ustawione i bezpiecznie osadzone w betonie. Wymaga to precyzyjnych pomiar\u00f3w i wyr\u00f3wnania, aby zapewni\u0107, \u017ce \u015bruby zapewniaj\u0105 niezb\u0119dne wsparcie.<\/p>\n<p>Po zainstalowaniu \u015brub L, regularna konserwacja jest niezb\u0119dna do zapewnienia ich ci\u0105g\u0142ej wydajno\u015bci. Obejmuje to okresowe kontrole w celu sprawdzenia wszelkich oznak korozji, zu\u017cycia lub uszkodze\u0144. W przypadku ocynkowanych \u015brub L wa\u017cne jest, aby pow\u0142oka cynkowa pozosta\u0142a nienaruszona, aby zapewni\u0107 skuteczn\u0105 odporno\u015b\u0107 na korozj\u0119. W przypadku \u015brub L ze stali nierdzewnej konieczne jest regularne czyszczenie i kontrola, aby zachowa\u0107 ich wygl\u0105d i funkcjonalno\u015b\u0107.<\/p>\n<h3>Wnioski<\/h3>\n<p>\u015aruby L do betonu s\u0105 istotnym elementem w bran\u017cy budowlanej, zapewniaj\u0105c niezawodne i solidne rozwi\u0105zania kotwi\u0105ce do r\u00f3\u017cnych zastosowa\u0144. Ich konstrukcja w kszta\u0142cie litery L zapewnia wyj\u0105tkow\u0105 si\u0142\u0119 mocowania, dzi\u0119ki czemu idealnie nadaj\u0105 si\u0119 do zabezpieczania ci\u0119\u017ckich \u0142adunk\u00f3w i zapewniania stabilno\u015bci konstrukcji. Dost\u0119pne w r\u00f3\u017cnych rozmiarach i z r\u00f3\u017cnych materia\u0142\u00f3w, w tym ze stali ocynkowanej i nierdzewnej, \u015bruby te zapewniaj\u0105 trwa\u0142o\u015b\u0107 i odporno\u015b\u0107 na korozj\u0119 w szerokim zakresie projekt\u00f3w budowlanych.<\/p>\n<p>Rozumiej\u0105c znaczenie \u015brub L i przestrzegaj\u0105c w\u0142a\u015bciwych praktyk instalacyjnych i konserwacyjnych, specjali\u015bci budowlani mog\u0105 zapewni\u0107 bezpiecze\u0144stwo, stabilno\u015b\u0107 i trwa\u0142o\u015b\u0107 swoich projekt\u00f3w. Niezale\u017cnie od tego, czy chodzi o budynki mieszkalne, konstrukcje komercyjne czy projekty infrastrukturalne na du\u017c\u0105 skal\u0119, \u015bruby L do betonu s\u0105 niezb\u0119dnym narz\u0119dziem do osi\u0105gni\u0119cia niezawodnych i trwa\u0142ych rezultat\u00f3w konstrukcyjnych.<\/p>\n<div class=\"ast-oembed-container\" style=\"height: 100%;\"><iframe title=\"\u015aruby fundamentowe \u015aruba J\" width=\"500\" height=\"281\" src=\"https:\/\/www.youtube.com\/embed\/F2jfo40uEQM?feature=oembed\" frameborder=\"0\" allow=\"accelerometer; autoplay; clipboard-write; encrypted-media; gyroscope; picture-in-picture; web-share\" referrerpolicy=\"strict-origin-when-cross-origin\" allowfullscreen><\/iframe><\/div>","protected":false},"excerpt":{"rendered":"<p>Nasze wysokiej jako\u015bci \u015bruby L do betonu s\u0105 niezb\u0119dne do bezpiecznego kotwienia fundament\u00f3w. Dost\u0119pne w rozmiarach 5\/8, 3\/8, 1\/2 i 1\/4, te \u015bruby kotwi\u0105ce w kszta\u0142cie litery L s\u0105 dost\u0119pne w wersji ocynkowanej i ze stali nierdzewnej. Idealne do r\u00f3\u017cnych projekt\u00f3w budowlanych, \u015bruby te zapewniaj\u0105 trwa\u0142o\u015b\u0107 i stabilno\u015b\u0107.<\/p>","protected":false},"featured_media":6996,"comment_status":"open","ping_status":"closed","template":"","meta":{"site-sidebar-layout":"default","site-content-layout":"","ast-site-content-layout":"default","site-content-style":"default","site-sidebar-style":"default","ast-global-header-display":"","ast-banner-title-visibility":"","ast-main-header-display":"","ast-hfb-above-header-display":"","ast-hfb-below-header-display":"","ast-hfb-mobile-header-display":"","site-post-title":"","ast-breadcrumbs-content":"","ast-featured-img":"","footer-sml-layout":"","theme-transparent-header-meta":"default","adv-header-id-meta":"","stick-header-meta":"default","header-above-stick-meta":"","header-main-stick-meta":"","header-below-stick-meta":"","astra-migrate-meta-layouts":"set","ast-page-background-enabled":"default","ast-page-background-meta":{"desktop":{"background-color":"","background-image":"","background-repeat":"repeat","background-position":"center center","background-size":"auto","background-attachment":"scroll","background-type":"","background-media":"","overlay-type":"","overlay-color":"","overlay-opacity":"","overlay-gradient":""},"tablet":{"background-color":"","background-image":"","background-repeat":"repeat","background-position":"center center","background-size":"auto","background-attachment":"scroll","background-type":"","background-media":"","overlay-type":"","overlay-color":"","overlay-opacity":"","overlay-gradient":""},"mobile":{"background-color":"","background-image":"","background-repeat":"repeat","background-position":"center center","background-size":"auto","background-attachment":"scroll","background-type":"","background-media":"","overlay-type":"","overlay-color":"","overlay-opacity":"","overlay-gradient":""}},"ast-content-background-meta":{"desktop":{"background-color":"var(--ast-global-color-5)","background-image":"","background-repeat":"repeat","background-position":"center center","background-size":"auto","background-attachment":"scroll","background-type":"","background-media":"","overlay-type":"","overlay-color":"","overlay-opacity":"","overlay-gradient":""},"tablet":{"background-color":"var(--ast-global-color-5)","background-image":"","background-repeat":"repeat","background-position":"center center","background-size":"auto","background-attachment":"scroll","background-type":"","background-media":"","overlay-type":"","overlay-color":"","overlay-opacity":"","overlay-gradient":""},"mobile":{"background-color":"var(--ast-global-color-5)","background-image":"","background-repeat":"repeat","background-position":"center center","background-size":"auto","background-attachment":"scroll","background-type":"","background-media":"","overlay-type":"","overlay-color":"","overlay-opacity":"","overlay-gradient":""}}},"product_brand":[],"product_cat":[28],"product_tag":[],"class_list":{"0":"post-7512","1":"product","2":"type-product","3":"status-publish","4":"has-post-thumbnail","6":"product_cat-concrete-forming","7":"desktop-align-left","8":"tablet-align-left","9":"mobile-align-left","10":"ast-product-gallery-layout-horizontal-slider","11":"ast-product-tabs-layout-horizontal","13":"first","14":"instock","15":"featured","16":"shipping-taxable","17":"purchasable","18":"product-type-simple"},"yoast_head":"<!-- This site is optimized with the Yoast SEO plugin v25.2 - https:\/\/yoast.com\/wordpress\/plugins\/seo\/ -->\n<title>Foundation Anchor Bolts L Bolts for Concrete<\/title>\n<meta name=\"description\" content=\"L bolts for concrete are essential for secure foundation anchoring. Available in 5\/8, 3\/8, 1\/2, and 1\/4 sizes.\" \/>\n<meta name=\"robots\" content=\"index, follow, max-snippet:-1, max-image-preview:large, max-video-preview:-1\" \/>\n<link rel=\"canonical\" href=\"https:\/\/qingdaohf.com\/pl\/produkt\/l-sruby-do-betonu\/\" \/>\n<meta property=\"og:locale\" content=\"pl_PL\" \/>\n<meta property=\"og:type\" content=\"article\" \/>\n<meta property=\"og:title\" content=\"Foundation Anchor Bolts L Bolts for Concrete\" \/>\n<meta property=\"og:description\" content=\"L bolts for concrete are essential for secure foundation anchoring. Available in 5\/8, 3\/8, 1\/2, and 1\/4 sizes.\" \/>\n<meta property=\"og:url\" content=\"https:\/\/qingdaohf.com\/pl\/produkt\/l-sruby-do-betonu\/\" \/>\n<meta property=\"og:site_name\" content=\"Concrete Form &amp; Rigging Hardware Supplier\" \/>\n<meta property=\"article:publisher\" content=\"https:\/\/www.facebook.com\/qingdaohf\" \/>\n<meta property=\"article:modified_time\" content=\"2025-11-13T01:03:15+00:00\" \/>\n<meta property=\"og:image\" content=\"https:\/\/qingdaohf.com\/wp-content\/uploads\/2024\/05\/J-bolt-2.jpg\" \/>\n\t<meta property=\"og:image:width\" content=\"1000\" \/>\n\t<meta property=\"og:image:height\" content=\"1000\" \/>\n\t<meta property=\"og:image:type\" content=\"image\/jpeg\" \/>\n<meta name=\"twitter:card\" content=\"summary_large_image\" \/>\n<meta name=\"twitter:label1\" content=\"Szacowany czas czytania\" \/>\n\t<meta name=\"twitter:data1\" content=\"4 minuty\" \/>\n<script type=\"application\/ld+json\" class=\"yoast-schema-graph\">{\"@context\":\"https:\/\/schema.org\",\"@graph\":[{\"@type\":\"WebPage\",\"@id\":\"https:\/\/qingdaohf.com\/product\/l-bolts-for-concrete\/\",\"url\":\"https:\/\/qingdaohf.com\/product\/l-bolts-for-concrete\/\",\"name\":\"Foundation Anchor Bolts L Bolts for Concrete\",\"isPartOf\":{\"@id\":\"https:\/\/qingdaohf.com\/bg\/#website\"},\"primaryImageOfPage\":{\"@id\":\"https:\/\/qingdaohf.com\/product\/l-bolts-for-concrete\/#primaryimage\"},\"image\":{\"@id\":\"https:\/\/qingdaohf.com\/product\/l-bolts-for-concrete\/#primaryimage\"},\"thumbnailUrl\":\"https:\/\/qingdaohf.com\/wp-content\/uploads\/2024\/05\/J-bolt-2.jpg\",\"datePublished\":\"2024-06-27T06:28:56+00:00\",\"dateModified\":\"2025-11-13T01:03:15+00:00\",\"description\":\"L bolts for concrete are essential for secure foundation anchoring. Available in 5\/8, 3\/8, 1\/2, and 1\/4 sizes.\",\"breadcrumb\":{\"@id\":\"https:\/\/qingdaohf.com\/product\/l-bolts-for-concrete\/#breadcrumb\"},\"inLanguage\":\"pl-PL\",\"potentialAction\":[{\"@type\":\"ReadAction\",\"target\":[\"https:\/\/qingdaohf.com\/product\/l-bolts-for-concrete\/\"]}]},{\"@type\":\"ImageObject\",\"inLanguage\":\"pl-PL\",\"@id\":\"https:\/\/qingdaohf.com\/product\/l-bolts-for-concrete\/#primaryimage\",\"url\":\"https:\/\/qingdaohf.com\/wp-content\/uploads\/2024\/05\/J-bolt-2.jpg\",\"contentUrl\":\"https:\/\/qingdaohf.com\/wp-content\/uploads\/2024\/05\/J-bolt-2.jpg\",\"width\":1000,\"height\":1000,\"caption\":\"l bolts for concrete\"},{\"@type\":\"BreadcrumbList\",\"@id\":\"https:\/\/qingdaohf.com\/product\/l-bolts-for-concrete\/#breadcrumb\",\"itemListElement\":[{\"@type\":\"ListItem\",\"position\":1,\"name\":\"Home\",\"item\":\"https:\/\/qingdaohf.com\/\"},{\"@type\":\"ListItem\",\"position\":2,\"name\":\"Concrete Forming Accessories and Rigging Hardware\",\"item\":\"https:\/\/qingdaohf.com\/bg\/?page_id=944\"},{\"@type\":\"ListItem\",\"position\":3,\"name\":\"Foundation Anchor Bolts L Bolts for Concrete\"}]},{\"@type\":\"WebSite\",\"@id\":\"https:\/\/qingdaohf.com\/bg\/#website\",\"url\":\"https:\/\/qingdaohf.com\/bg\/\",\"name\":\"Concrete Form & Rigging Hardware Supplier\",\"description\":\"\",\"publisher\":{\"@id\":\"https:\/\/qingdaohf.com\/bg\/#organization\"},\"potentialAction\":[{\"@type\":\"SearchAction\",\"target\":{\"@type\":\"EntryPoint\",\"urlTemplate\":\"https:\/\/qingdaohf.com\/bg\/?s={search_term_string}\"},\"query-input\":{\"@type\":\"PropertyValueSpecification\",\"valueRequired\":true,\"valueName\":\"search_term_string\"}}],\"inLanguage\":\"pl-PL\"},{\"@type\":\"Organization\",\"@id\":\"https:\/\/qingdaohf.com\/bg\/#organization\",\"name\":\"Qingdao H&F\",\"url\":\"https:\/\/qingdaohf.com\/bg\/\",\"logo\":{\"@type\":\"ImageObject\",\"inLanguage\":\"pl-PL\",\"@id\":\"https:\/\/qingdaohf.com\/bg\/#\/schema\/logo\/image\/\",\"url\":\"https:\/\/qingdaohf.com\/wp-content\/uploads\/2022\/12\/cropped-HF-LOGO.png\",\"contentUrl\":\"https:\/\/qingdaohf.com\/wp-content\/uploads\/2022\/12\/cropped-HF-LOGO.png\",\"width\":391,\"height\":249,\"caption\":\"Qingdao H&F\"},\"image\":{\"@id\":\"https:\/\/qingdaohf.com\/bg\/#\/schema\/logo\/image\/\"},\"sameAs\":[\"https:\/\/www.facebook.com\/qingdaohf\"]}]}<\/script>\n<!-- \/ Yoast SEO plugin. -->","yoast_head_json":{"title":"Foundation Anchor Bolts L Bolts for Concrete","description":"L bolts for concrete are essential for secure foundation anchoring. Available in 5\/8, 3\/8, 1\/2, and 1\/4 sizes.","robots":{"index":"index","follow":"follow","max-snippet":"max-snippet:-1","max-image-preview":"max-image-preview:large","max-video-preview":"max-video-preview:-1"},"canonical":"https:\/\/qingdaohf.com\/pl\/produkt\/l-sruby-do-betonu\/","og_locale":"pl_PL","og_type":"article","og_title":"Foundation Anchor Bolts L Bolts for Concrete","og_description":"L bolts for concrete are essential for secure foundation anchoring. Available in 5\/8, 3\/8, 1\/2, and 1\/4 sizes.","og_url":"https:\/\/qingdaohf.com\/pl\/produkt\/l-sruby-do-betonu\/","og_site_name":"Concrete Form &amp; Rigging Hardware Supplier","article_publisher":"https:\/\/www.facebook.com\/qingdaohf","article_modified_time":"2025-11-13T01:03:15+00:00","og_image":[{"width":1000,"height":1000,"url":"https:\/\/qingdaohf.com\/wp-content\/uploads\/2024\/05\/J-bolt-2.jpg","type":"image\/jpeg"}],"twitter_card":"summary_large_image","twitter_misc":{"Szacowany czas czytania":"4 minuty"},"schema":{"@context":"https:\/\/schema.org","@graph":[{"@type":"WebPage","@id":"https:\/\/qingdaohf.com\/product\/l-bolts-for-concrete\/","url":"https:\/\/qingdaohf.com\/product\/l-bolts-for-concrete\/","name":"Foundation Anchor Bolts L Bolts for Concrete","isPartOf":{"@id":"https:\/\/qingdaohf.com\/bg\/#website"},"primaryImageOfPage":{"@id":"https:\/\/qingdaohf.com\/product\/l-bolts-for-concrete\/#primaryimage"},"image":{"@id":"https:\/\/qingdaohf.com\/product\/l-bolts-for-concrete\/#primaryimage"},"thumbnailUrl":"https:\/\/qingdaohf.com\/wp-content\/uploads\/2024\/05\/J-bolt-2.jpg","datePublished":"2024-06-27T06:28:56+00:00","dateModified":"2025-11-13T01:03:15+00:00","description":"L bolts for concrete are essential for secure foundation anchoring. Available in 5\/8, 3\/8, 1\/2, and 1\/4 sizes.","breadcrumb":{"@id":"https:\/\/qingdaohf.com\/product\/l-bolts-for-concrete\/#breadcrumb"},"inLanguage":"pl-PL","potentialAction":[{"@type":"ReadAction","target":["https:\/\/qingdaohf.com\/product\/l-bolts-for-concrete\/"]}]},{"@type":"ImageObject","inLanguage":"pl-PL","@id":"https:\/\/qingdaohf.com\/product\/l-bolts-for-concrete\/#primaryimage","url":"https:\/\/qingdaohf.com\/wp-content\/uploads\/2024\/05\/J-bolt-2.jpg","contentUrl":"https:\/\/qingdaohf.com\/wp-content\/uploads\/2024\/05\/J-bolt-2.jpg","width":1000,"height":1000,"caption":"l bolts for concrete"},{"@type":"BreadcrumbList","@id":"https:\/\/qingdaohf.com\/product\/l-bolts-for-concrete\/#breadcrumb","itemListElement":[{"@type":"ListItem","position":1,"name":"Home","item":"https:\/\/qingdaohf.com\/"},{"@type":"ListItem","position":2,"name":"Concrete Forming Accessories and Rigging Hardware","item":"https:\/\/qingdaohf.com\/bg\/?page_id=944"},{"@type":"ListItem","position":3,"name":"Foundation Anchor Bolts L Bolts for Concrete"}]},{"@type":"WebSite","@id":"https:\/\/qingdaohf.com\/bg\/#website","url":"https:\/\/qingdaohf.com\/bg\/","name":"Concrete Form & Rigging Hardware Supplier","description":"","publisher":{"@id":"https:\/\/qingdaohf.com\/bg\/#organization"},"potentialAction":[{"@type":"SearchAction","target":{"@type":"EntryPoint","urlTemplate":"https:\/\/qingdaohf.com\/bg\/?s={search_term_string}"},"query-input":{"@type":"PropertyValueSpecification","valueRequired":true,"valueName":"search_term_string"}}],"inLanguage":"pl-PL"},{"@type":"Organization","@id":"https:\/\/qingdaohf.com\/bg\/#organization","name":"Qingdao H&F","url":"https:\/\/qingdaohf.com\/bg\/","logo":{"@type":"ImageObject","inLanguage":"pl-PL","@id":"https:\/\/qingdaohf.com\/bg\/#\/schema\/logo\/image\/","url":"https:\/\/qingdaohf.com\/wp-content\/uploads\/2022\/12\/cropped-HF-LOGO.png","contentUrl":"https:\/\/qingdaohf.com\/wp-content\/uploads\/2022\/12\/cropped-HF-LOGO.png","width":391,"height":249,"caption":"Qingdao H&F"},"image":{"@id":"https:\/\/qingdaohf.com\/bg\/#\/schema\/logo\/image\/"},"sameAs":["https:\/\/www.facebook.com\/qingdaohf"]}]}},"_links":{"self":[{"href":"https:\/\/qingdaohf.com\/pl\/wp-json\/wp\/v2\/product\/7512","targetHints":{"allow":["GET"]}}],"collection":[{"href":"https:\/\/qingdaohf.com\/pl\/wp-json\/wp\/v2\/product"}],"about":[{"href":"https:\/\/qingdaohf.com\/pl\/wp-json\/wp\/v2\/types\/product"}],"replies":[{"embeddable":true,"href":"https:\/\/qingdaohf.com\/pl\/wp-json\/wp\/v2\/comments?post=7512"}],"version-history":[{"count":3,"href":"https:\/\/qingdaohf.com\/pl\/wp-json\/wp\/v2\/product\/7512\/revisions"}],"predecessor-version":[{"id":7552,"href":"https:\/\/qingdaohf.com\/pl\/wp-json\/wp\/v2\/product\/7512\/revisions\/7552"}],"wp:featuredmedia":[{"embeddable":true,"href":"https:\/\/qingdaohf.com\/pl\/wp-json\/wp\/v2\/media\/6996"}],"wp:attachment":[{"href":"https:\/\/qingdaohf.com\/pl\/wp-json\/wp\/v2\/media?parent=7512"}],"wp:term":[{"taxonomy":"product_brand","embeddable":true,"href":"https:\/\/qingdaohf.com\/pl\/wp-json\/wp\/v2\/product_brand?post=7512"},{"taxonomy":"product_cat","embeddable":true,"href":"https:\/\/qingdaohf.com\/pl\/wp-json\/wp\/v2\/product_cat?post=7512"},{"taxonomy":"product_tag","embeddable":true,"href":"https:\/\/qingdaohf.com\/pl\/wp-json\/wp\/v2\/product_tag?post=7512"}],"curies":[{"name":"wp","href":"https:\/\/api.w.org\/{rel}","templated":true}]}}