{"id":7535,"date":"2024-06-28T14:33:31","date_gmt":"2024-06-28T06:33:31","guid":{"rendered":"http:\/\/qingdaohf.com\/?post_type=product&#038;p=7535"},"modified":"2025-11-13T09:03:14","modified_gmt":"2025-11-13T01:03:14","slug":"j-hook-tow-chain","status":"publish","type":"product","link":"https:\/\/qingdaohf.com\/pl\/produkt\/lancuch-holowniczy-z-hakiem-typu-j\/","title":{"rendered":"\u0141a\u0144cuch holowniczy J Hook"},"content":{"rendered":"<h3><strong>Przedstawiamy \u0142a\u0144cuch holowniczy J Hook<\/strong><\/h3>\n<p>\u0141a\u0144cuch holowniczy J Hook jest kluczowym elementem w bran\u017cy holowania i odzyskiwania pojazd\u00f3w, znanym ze swojej solidno\u015bci i wszechstronno\u015bci. Wykonany ze stali o wysokiej wytrzyma\u0142o\u015bci, \u0142a\u0144cuch ten zosta\u0142 zaprojektowany tak, aby z \u0142atwo\u015bci\u0105 poradzi\u0107 sobie z najbardziej wymagaj\u0105cymi zadaniami holowniczymi. Niezale\u017cnie od tego, czy jeste\u015b profesjonalnym operatorem ci\u0119\u017car\u00f3wki holowniczej, czy entuzjast\u0105 majsterkowania, \u0142a\u0144cuch holowniczy J Hook jest niezb\u0119dnym narz\u0119dziem do zapewnienia bezpiecznego i wydajnego transportu pojazd\u00f3w i ci\u0119\u017ckich \u0142adunk\u00f3w.<\/p>\n<p><img fetchpriority=\"high\" decoding=\"async\" class=\"alignnone size-full wp-image-7518\" src=\"http:\/\/qingdaohf.com\/wp-content\/uploads\/2024\/06\/G70-TOW-CHAIN-3.webp\" alt=\"\u0141a\u0144cuch hakowy J\" width=\"1000\" height=\"1000\" srcset=\"https:\/\/qingdaohf.com\/wp-content\/uploads\/2024\/06\/G70-TOW-CHAIN-3.webp 1000w, https:\/\/qingdaohf.com\/wp-content\/uploads\/2024\/06\/G70-TOW-CHAIN-3-300x300.webp 300w, https:\/\/qingdaohf.com\/wp-content\/uploads\/2024\/06\/G70-TOW-CHAIN-3-150x150.webp 150w, https:\/\/qingdaohf.com\/wp-content\/uploads\/2024\/06\/G70-TOW-CHAIN-3-768x768.webp 768w, https:\/\/qingdaohf.com\/wp-content\/uploads\/2024\/06\/G70-TOW-CHAIN-3-12x12.webp 12w, https:\/\/qingdaohf.com\/wp-content\/uploads\/2024\/06\/G70-TOW-CHAIN-3-500x500.webp 500w, https:\/\/qingdaohf.com\/wp-content\/uploads\/2024\/06\/G70-TOW-CHAIN-3-100x100.webp 100w\" sizes=\"(max-width: 1000px) 100vw, 1000px\" \/><\/p>\n<h3><strong>Zastosowania \u0142a\u0144cucha holowniczego J Hook<\/strong><\/h3>\n<p>\u0141a\u0144cuch holowniczy J Hook doskonale sprawdza si\u0119 w r\u00f3\u017cnych zastosowaniach. Jest powszechnie u\u017cywany w operacjach odzyskiwania pojazd\u00f3w, gdzie jego wytrzyma\u0142o\u015b\u0107 i niezawodno\u015b\u0107 s\u0105 najwa\u017cniejsze. Konstrukcja J Hook pozwala na bezpieczne mocowanie do ram pojazd\u00f3w, osi i innych punkt\u00f3w kotwiczenia, zapewniaj\u0105c, \u017ce \u0142adunek jest mocno trzymany na miejscu podczas transportu. \u0141a\u0144cuch ten jest r\u00f3wnie\u017c niezb\u0119dny do zabezpieczania \u0142adunk\u00f3w na przyczepach, zapewniaj\u0105c dodatkow\u0105 warstw\u0119 bezpiecze\u0144stwa podczas transportu.<\/p>\n<p>Opr\u00f3cz odzyskiwania pojazd\u00f3w, \u0142a\u0144cuch holowniczy J Hook jest idealny do szeregu ci\u0119\u017ckich zastosowa\u0144. Profesjonali\u015bci budowlani u\u017cywaj\u0105 go do zabezpieczania sprz\u0119tu i materia\u0142\u00f3w, a rolnicy i hodowcy uwa\u017caj\u0105 go za nieoceniony do ci\u0105gni\u0119cia i zabezpieczania ci\u0119\u017ckich przedmiot\u00f3w. Jego wszechstronno\u015b\u0107 sprawia, \u017ce jest to idealne rozwi\u0105zanie do ka\u017cdego zadania, kt\u00f3re wymaga mocnych, niezawodnych \u0142a\u0144cuch\u00f3w.<\/p>\n<h3><strong>Cechy i korzy\u015bci<\/strong><\/h3>\n<p>Jedn\u0105 z wyr\u00f3\u017cniaj\u0105cych cech \u0142a\u0144cucha holowniczego J Hook jest jego trwa\u0142o\u015b\u0107. Wykonany z wysokiej jako\u015bci stali, zosta\u0142 zaprojektowany tak, aby wytrzyma\u0107 ekstremalne napr\u0119\u017cenia i du\u017ce obci\u0105\u017cenia bez zginania lub zrywania. \u0141a\u0144cuch jest r\u00f3wnie\u017c pokryty pow\u0142ok\u0105 odporn\u0105 na korozj\u0119, zapewniaj\u0105c d\u0142ugowieczno\u015b\u0107 nawet w trudnych warunkach. Ta trwa\u0142o\u015b\u0107 przek\u0142ada si\u0119 na d\u0142ugoterminow\u0105 niezawodno\u015b\u0107, dzi\u0119ki czemu \u0142a\u0144cuch holowniczy J Hook jest op\u0142acaln\u0105 inwestycj\u0105 zar\u00f3wno dla profesjonalist\u00f3w, jak i hobbyst\u00f3w.<\/p>\n<p>Kolejn\u0105 kluczow\u0105 zalet\u0105 \u0142a\u0144cucha holowniczego J Hook jest \u0142atwo\u015b\u0107 u\u017cytkowania. Konstrukcja J Hook pozwala na szybkie i bezpieczne mocowanie do r\u00f3\u017cnych punkt\u00f3w kotwiczenia, skracaj\u0105c czas konfiguracji i zwi\u0119kszaj\u0105c wydajno\u015b\u0107. \u0141a\u0144cuch jest dost\u0119pny w wielu d\u0142ugo\u015bciach i no\u015bno\u015bciach, co pozwala u\u017cytkownikom wybra\u0107 idealne dopasowanie do ich konkretnych potrzeb. Ta elastyczno\u015b\u0107 zapewnia, \u017ce \u0142a\u0144cuch holowniczy J Hook mo\u017ce obs\u0142ugiwa\u0107 szeroki zakres zada\u0144 holowniczych i zabezpieczaj\u0105cych.<\/p>\n<h3><strong>Dlaczego warto wybra\u0107 \u0142a\u0144cuch holowniczy J Hook?<\/strong><\/h3>\n<p>Bezpiecze\u0144stwo jest najwy\u017cszym priorytetem, je\u015bli chodzi o holowanie i zabezpieczanie \u0142adunku, a \u0142a\u0144cuch holowniczy J Hook zapewnia bezpiecze\u0144stwo w tym zakresie. Jego solidna konstrukcja i bezpieczne mo\u017cliwo\u015bci mocowania zapewniaj\u0105 spok\u00f3j ducha, wiedz\u0105c, \u017ce \u0142adunek jest bezpiecznie zabezpieczony. Wysoka no\u015bno\u015b\u0107 \u0142a\u0144cucha oznacza, \u017ce poradzi on sobie nawet z najci\u0119\u017cszymi pojazdami i sprz\u0119tem, co czyni go niezawodnym wyborem do wymagaj\u0105cych zada\u0144.<\/p>\n<p>Co wi\u0119cej, \u0142a\u0144cuch holowniczy J Hook zosta\u0142 zaprojektowany z my\u015bl\u0105 o wszechstronno\u015bci. Jego zdolno\u015b\u0107 do adaptacji do r\u00f3\u017cnych zastosowa\u0144 czyni go cennym narz\u0119dziem w r\u00f3\u017cnych bran\u017cach. Niezale\u017cnie od tego, czy zajmujesz si\u0119 odzyskiwaniem pojazd\u00f3w, budownictwem, rolnictwem czy og\u00f3lnymi ci\u0119\u017ckimi zadaniami, \u0142a\u0144cuch holowniczy J Hook oferuje wydajno\u015b\u0107 i niezawodno\u015b\u0107, kt\u00f3rych potrzebujesz.<\/p>\n<p>Podsumowuj\u0105c, \u0142a\u0144cuch holowniczy J Hook to doskona\u0142y wyb\u00f3r dla ka\u017cdego, kto potrzebuje mocnego, trwa\u0142ego i wszechstronnego rozwi\u0105zania do holowania i zabezpieczania. Wysokiej jako\u015bci konstrukcja, \u0142atwo\u015b\u0107 obs\u0142ugi i szeroki zakres zastosowa\u0144 sprawiaj\u0105, \u017ce jest to niezb\u0119dne narz\u0119dzie zar\u00f3wno dla profesjonalist\u00f3w, jak i entuzjast\u00f3w. Zainwestuj w \u0142a\u0144cuch holowniczy J Hook ju\u017c dzi\u015b i ciesz si\u0119 spokojem ducha, wiedz\u0105c, \u017ce Twoje zadania holownicze i zabezpieczaj\u0105ce s\u0105 wykonywane z najwy\u017csz\u0105 niezawodno\u015bci\u0105 i bezpiecze\u0144stwem.<\/p>","protected":false},"excerpt":{"rendered":"<p>\u0141a\u0144cuch holowniczy J Hook to wytrzyma\u0142e i wszechstronne narz\u0119dzie przeznaczone do ci\u0119\u017ckich zastosowa\u0144 holowniczych. Wykonany z wysokiej jako\u015bci stali, oferuje wyj\u0105tkow\u0105 wytrzyma\u0142o\u015b\u0107 i niezawodno\u015b\u0107. Idealny do holowania pojazd\u00f3w, zabezpieczania \u0142adunk\u00f3w i nie tylko, \u0142a\u0144cuch holowniczy J Hook zapewnia bezpiecze\u0144stwo i wydajno\u015b\u0107. Dost\u0119pny w r\u00f3\u017cnych d\u0142ugo\u015bciach i pojemno\u015bciach, spe\u0142nia szeroki zakres potrzeb holowniczych.<\/p>","protected":false},"featured_media":8183,"comment_status":"open","ping_status":"closed","template":"","meta":{"site-sidebar-layout":"default","site-content-layout":"","ast-site-content-layout":"default","site-content-style":"default","site-sidebar-style":"default","ast-global-header-display":"","ast-banner-title-visibility":"","ast-main-header-display":"","ast-hfb-above-header-display":"","ast-hfb-below-header-display":"","ast-hfb-mobile-header-display":"","site-post-title":"","ast-breadcrumbs-content":"","ast-featured-img":"","footer-sml-layout":"","theme-transparent-header-meta":"default","adv-header-id-meta":"","stick-header-meta":"default","header-above-stick-meta":"","header-main-stick-meta":"","header-below-stick-meta":"","astra-migrate-meta-layouts":"set","ast-page-background-enabled":"default","ast-page-background-meta":{"desktop":{"background-color":"","background-image":"","background-repeat":"repeat","background-position":"center center","background-size":"auto","background-attachment":"scroll","background-type":"","background-media":"","overlay-type":"","overlay-color":"","overlay-opacity":"","overlay-gradient":""},"tablet":{"background-color":"","background-image":"","background-repeat":"repeat","background-position":"center center","background-size":"auto","background-attachment":"scroll","background-type":"","background-media":"","overlay-type":"","overlay-color":"","overlay-opacity":"","overlay-gradient":""},"mobile":{"background-color":"","background-image":"","background-repeat":"repeat","background-position":"center center","background-size":"auto","background-attachment":"scroll","background-type":"","background-media":"","overlay-type":"","overlay-color":"","overlay-opacity":"","overlay-gradient":""}},"ast-content-background-meta":{"desktop":{"background-color":"var(--ast-global-color-5)","background-image":"","background-repeat":"repeat","background-position":"center center","background-size":"auto","background-attachment":"scroll","background-type":"","background-media":"","overlay-type":"","overlay-color":"","overlay-opacity":"","overlay-gradient":""},"tablet":{"background-color":"var(--ast-global-color-5)","background-image":"","background-repeat":"repeat","background-position":"center center","background-size":"auto","background-attachment":"scroll","background-type":"","background-media":"","overlay-type":"","overlay-color":"","overlay-opacity":"","overlay-gradient":""},"mobile":{"background-color":"var(--ast-global-color-5)","background-image":"","background-repeat":"repeat","background-position":"center center","background-size":"auto","background-attachment":"scroll","background-type":"","background-media":"","overlay-type":"","overlay-color":"","overlay-opacity":"","overlay-gradient":""}}},"product_brand":[],"product_cat":[51,38],"product_tag":[],"class_list":{"0":"post-7535","1":"product","2":"type-product","3":"status-publish","4":"has-post-thumbnail","6":"product_cat-riggging-hardware","7":"product_cat-chain","8":"desktop-align-left","9":"tablet-align-left","10":"mobile-align-left","11":"ast-product-gallery-layout-horizontal-slider","12":"ast-product-tabs-layout-horizontal","14":"first","15":"instock","16":"shipping-taxable","17":"purchasable","18":"product-type-simple"},"yoast_head":"<!-- This site is optimized with the Yoast SEO plugin v25.2 - https:\/\/yoast.com\/wordpress\/plugins\/seo\/ -->\n<title>J Hook Tow Chain<\/title>\n<meta name=\"description\" content=\"J Hook Tow Chain is a durable and versatile tool designed for heavy-duty towing applications. Constructed from high-quality steel, it offers exceptional strength and reliability.\" \/>\n<meta name=\"robots\" content=\"index, follow, max-snippet:-1, max-image-preview:large, max-video-preview:-1\" \/>\n<link rel=\"canonical\" href=\"https:\/\/qingdaohf.com\/pl\/produkt\/lancuch-holowniczy-z-hakiem-typu-j\/\" \/>\n<meta property=\"og:locale\" content=\"pl_PL\" \/>\n<meta property=\"og:type\" content=\"article\" \/>\n<meta property=\"og:title\" content=\"J Hook Tow Chain\" \/>\n<meta property=\"og:description\" content=\"J Hook Tow Chain is a durable and versatile tool designed for heavy-duty towing applications. Constructed from high-quality steel, it offers exceptional strength and reliability.\" \/>\n<meta property=\"og:url\" content=\"https:\/\/qingdaohf.com\/pl\/produkt\/lancuch-holowniczy-z-hakiem-typu-j\/\" \/>\n<meta property=\"og:site_name\" content=\"Concrete Form &amp; Rigging Hardware Supplier\" \/>\n<meta property=\"article:publisher\" content=\"https:\/\/www.facebook.com\/qingdaohf\" \/>\n<meta property=\"article:modified_time\" content=\"2025-11-13T01:03:14+00:00\" \/>\n<meta property=\"og:image\" content=\"https:\/\/qingdaohf.com\/wp-content\/uploads\/2024\/06\/J-hook-chain-5.webp\" \/>\n\t<meta property=\"og:image:width\" content=\"1000\" \/>\n\t<meta property=\"og:image:height\" content=\"1000\" \/>\n\t<meta property=\"og:image:type\" content=\"image\/webp\" \/>\n<meta name=\"twitter:card\" content=\"summary_large_image\" \/>\n<meta name=\"twitter:label1\" content=\"Szacowany czas czytania\" \/>\n\t<meta name=\"twitter:data1\" content=\"3 minuty\" \/>\n<script type=\"application\/ld+json\" class=\"yoast-schema-graph\">{\"@context\":\"https:\/\/schema.org\",\"@graph\":[{\"@type\":\"WebPage\",\"@id\":\"https:\/\/qingdaohf.com\/product\/j-hook-tow-chain\/\",\"url\":\"https:\/\/qingdaohf.com\/product\/j-hook-tow-chain\/\",\"name\":\"J Hook Tow Chain\",\"isPartOf\":{\"@id\":\"https:\/\/qingdaohf.com\/bg\/#website\"},\"primaryImageOfPage\":{\"@id\":\"https:\/\/qingdaohf.com\/product\/j-hook-tow-chain\/#primaryimage\"},\"image\":{\"@id\":\"https:\/\/qingdaohf.com\/product\/j-hook-tow-chain\/#primaryimage\"},\"thumbnailUrl\":\"https:\/\/qingdaohf.com\/wp-content\/uploads\/2024\/06\/J-hook-chain-5.webp\",\"datePublished\":\"2024-06-28T06:33:31+00:00\",\"dateModified\":\"2025-11-13T01:03:14+00:00\",\"description\":\"J Hook Tow Chain is a durable and versatile tool designed for heavy-duty towing applications. Constructed from high-quality steel, it offers exceptional strength and reliability.\",\"breadcrumb\":{\"@id\":\"https:\/\/qingdaohf.com\/product\/j-hook-tow-chain\/#breadcrumb\"},\"inLanguage\":\"pl-PL\",\"potentialAction\":[{\"@type\":\"ReadAction\",\"target\":[\"https:\/\/qingdaohf.com\/product\/j-hook-tow-chain\/\"]}]},{\"@type\":\"ImageObject\",\"inLanguage\":\"pl-PL\",\"@id\":\"https:\/\/qingdaohf.com\/product\/j-hook-tow-chain\/#primaryimage\",\"url\":\"https:\/\/qingdaohf.com\/wp-content\/uploads\/2024\/06\/J-hook-chain-5.webp\",\"contentUrl\":\"https:\/\/qingdaohf.com\/wp-content\/uploads\/2024\/06\/J-hook-chain-5.webp\",\"width\":1000,\"height\":1000,\"caption\":\"J hook chain\"},{\"@type\":\"BreadcrumbList\",\"@id\":\"https:\/\/qingdaohf.com\/product\/j-hook-tow-chain\/#breadcrumb\",\"itemListElement\":[{\"@type\":\"ListItem\",\"position\":1,\"name\":\"Home\",\"item\":\"https:\/\/qingdaohf.com\/\"},{\"@type\":\"ListItem\",\"position\":2,\"name\":\"Concrete Forming Accessories and Rigging Hardware\",\"item\":\"https:\/\/qingdaohf.com\/bg\/?page_id=944\"},{\"@type\":\"ListItem\",\"position\":3,\"name\":\"J Hook Tow Chain\"}]},{\"@type\":\"WebSite\",\"@id\":\"https:\/\/qingdaohf.com\/bg\/#website\",\"url\":\"https:\/\/qingdaohf.com\/bg\/\",\"name\":\"Concrete Form & Rigging Hardware Supplier\",\"description\":\"\",\"publisher\":{\"@id\":\"https:\/\/qingdaohf.com\/bg\/#organization\"},\"potentialAction\":[{\"@type\":\"SearchAction\",\"target\":{\"@type\":\"EntryPoint\",\"urlTemplate\":\"https:\/\/qingdaohf.com\/bg\/?s={search_term_string}\"},\"query-input\":{\"@type\":\"PropertyValueSpecification\",\"valueRequired\":true,\"valueName\":\"search_term_string\"}}],\"inLanguage\":\"pl-PL\"},{\"@type\":\"Organization\",\"@id\":\"https:\/\/qingdaohf.com\/bg\/#organization\",\"name\":\"Qingdao H&F\",\"url\":\"https:\/\/qingdaohf.com\/bg\/\",\"logo\":{\"@type\":\"ImageObject\",\"inLanguage\":\"pl-PL\",\"@id\":\"https:\/\/qingdaohf.com\/bg\/#\/schema\/logo\/image\/\",\"url\":\"https:\/\/qingdaohf.com\/wp-content\/uploads\/2022\/12\/cropped-HF-LOGO.png\",\"contentUrl\":\"https:\/\/qingdaohf.com\/wp-content\/uploads\/2022\/12\/cropped-HF-LOGO.png\",\"width\":391,\"height\":249,\"caption\":\"Qingdao H&F\"},\"image\":{\"@id\":\"https:\/\/qingdaohf.com\/bg\/#\/schema\/logo\/image\/\"},\"sameAs\":[\"https:\/\/www.facebook.com\/qingdaohf\"]}]}<\/script>\n<!-- \/ Yoast SEO plugin. -->","yoast_head_json":{"title":"J Hook Tow Chain","description":"J Hook Tow Chain is a durable and versatile tool designed for heavy-duty towing applications. Constructed from high-quality steel, it offers exceptional strength and reliability.","robots":{"index":"index","follow":"follow","max-snippet":"max-snippet:-1","max-image-preview":"max-image-preview:large","max-video-preview":"max-video-preview:-1"},"canonical":"https:\/\/qingdaohf.com\/pl\/produkt\/lancuch-holowniczy-z-hakiem-typu-j\/","og_locale":"pl_PL","og_type":"article","og_title":"J Hook Tow Chain","og_description":"J Hook Tow Chain is a durable and versatile tool designed for heavy-duty towing applications. Constructed from high-quality steel, it offers exceptional strength and reliability.","og_url":"https:\/\/qingdaohf.com\/pl\/produkt\/lancuch-holowniczy-z-hakiem-typu-j\/","og_site_name":"Concrete Form &amp; Rigging Hardware Supplier","article_publisher":"https:\/\/www.facebook.com\/qingdaohf","article_modified_time":"2025-11-13T01:03:14+00:00","og_image":[{"width":1000,"height":1000,"url":"https:\/\/qingdaohf.com\/wp-content\/uploads\/2024\/06\/J-hook-chain-5.webp","type":"image\/webp"}],"twitter_card":"summary_large_image","twitter_misc":{"Szacowany czas czytania":"3 minuty"},"schema":{"@context":"https:\/\/schema.org","@graph":[{"@type":"WebPage","@id":"https:\/\/qingdaohf.com\/product\/j-hook-tow-chain\/","url":"https:\/\/qingdaohf.com\/product\/j-hook-tow-chain\/","name":"J Hook Tow Chain","isPartOf":{"@id":"https:\/\/qingdaohf.com\/bg\/#website"},"primaryImageOfPage":{"@id":"https:\/\/qingdaohf.com\/product\/j-hook-tow-chain\/#primaryimage"},"image":{"@id":"https:\/\/qingdaohf.com\/product\/j-hook-tow-chain\/#primaryimage"},"thumbnailUrl":"https:\/\/qingdaohf.com\/wp-content\/uploads\/2024\/06\/J-hook-chain-5.webp","datePublished":"2024-06-28T06:33:31+00:00","dateModified":"2025-11-13T01:03:14+00:00","description":"J Hook Tow Chain is a durable and versatile tool designed for heavy-duty towing applications. Constructed from high-quality steel, it offers exceptional strength and reliability.","breadcrumb":{"@id":"https:\/\/qingdaohf.com\/product\/j-hook-tow-chain\/#breadcrumb"},"inLanguage":"pl-PL","potentialAction":[{"@type":"ReadAction","target":["https:\/\/qingdaohf.com\/product\/j-hook-tow-chain\/"]}]},{"@type":"ImageObject","inLanguage":"pl-PL","@id":"https:\/\/qingdaohf.com\/product\/j-hook-tow-chain\/#primaryimage","url":"https:\/\/qingdaohf.com\/wp-content\/uploads\/2024\/06\/J-hook-chain-5.webp","contentUrl":"https:\/\/qingdaohf.com\/wp-content\/uploads\/2024\/06\/J-hook-chain-5.webp","width":1000,"height":1000,"caption":"J hook chain"},{"@type":"BreadcrumbList","@id":"https:\/\/qingdaohf.com\/product\/j-hook-tow-chain\/#breadcrumb","itemListElement":[{"@type":"ListItem","position":1,"name":"Home","item":"https:\/\/qingdaohf.com\/"},{"@type":"ListItem","position":2,"name":"Concrete Forming Accessories and Rigging Hardware","item":"https:\/\/qingdaohf.com\/bg\/?page_id=944"},{"@type":"ListItem","position":3,"name":"J Hook Tow Chain"}]},{"@type":"WebSite","@id":"https:\/\/qingdaohf.com\/bg\/#website","url":"https:\/\/qingdaohf.com\/bg\/","name":"Concrete Form & Rigging Hardware Supplier","description":"","publisher":{"@id":"https:\/\/qingdaohf.com\/bg\/#organization"},"potentialAction":[{"@type":"SearchAction","target":{"@type":"EntryPoint","urlTemplate":"https:\/\/qingdaohf.com\/bg\/?s={search_term_string}"},"query-input":{"@type":"PropertyValueSpecification","valueRequired":true,"valueName":"search_term_string"}}],"inLanguage":"pl-PL"},{"@type":"Organization","@id":"https:\/\/qingdaohf.com\/bg\/#organization","name":"Qingdao H&F","url":"https:\/\/qingdaohf.com\/bg\/","logo":{"@type":"ImageObject","inLanguage":"pl-PL","@id":"https:\/\/qingdaohf.com\/bg\/#\/schema\/logo\/image\/","url":"https:\/\/qingdaohf.com\/wp-content\/uploads\/2022\/12\/cropped-HF-LOGO.png","contentUrl":"https:\/\/qingdaohf.com\/wp-content\/uploads\/2022\/12\/cropped-HF-LOGO.png","width":391,"height":249,"caption":"Qingdao H&F"},"image":{"@id":"https:\/\/qingdaohf.com\/bg\/#\/schema\/logo\/image\/"},"sameAs":["https:\/\/www.facebook.com\/qingdaohf"]}]}},"_links":{"self":[{"href":"https:\/\/qingdaohf.com\/pl\/wp-json\/wp\/v2\/product\/7535","targetHints":{"allow":["GET"]}}],"collection":[{"href":"https:\/\/qingdaohf.com\/pl\/wp-json\/wp\/v2\/product"}],"about":[{"href":"https:\/\/qingdaohf.com\/pl\/wp-json\/wp\/v2\/types\/product"}],"replies":[{"embeddable":true,"href":"https:\/\/qingdaohf.com\/pl\/wp-json\/wp\/v2\/comments?post=7535"}],"version-history":[{"count":3,"href":"https:\/\/qingdaohf.com\/pl\/wp-json\/wp\/v2\/product\/7535\/revisions"}],"predecessor-version":[{"id":7550,"href":"https:\/\/qingdaohf.com\/pl\/wp-json\/wp\/v2\/product\/7535\/revisions\/7550"}],"wp:featuredmedia":[{"embeddable":true,"href":"https:\/\/qingdaohf.com\/pl\/wp-json\/wp\/v2\/media\/8183"}],"wp:attachment":[{"href":"https:\/\/qingdaohf.com\/pl\/wp-json\/wp\/v2\/media?parent=7535"}],"wp:term":[{"taxonomy":"product_brand","embeddable":true,"href":"https:\/\/qingdaohf.com\/pl\/wp-json\/wp\/v2\/product_brand?post=7535"},{"taxonomy":"product_cat","embeddable":true,"href":"https:\/\/qingdaohf.com\/pl\/wp-json\/wp\/v2\/product_cat?post=7535"},{"taxonomy":"product_tag","embeddable":true,"href":"https:\/\/qingdaohf.com\/pl\/wp-json\/wp\/v2\/product_tag?post=7535"}],"curies":[{"name":"wp","href":"https:\/\/api.w.org\/{rel}","templated":true}]}}