{"id":7606,"date":"2024-07-29T17:54:40","date_gmt":"2024-07-29T09:54:40","guid":{"rendered":"http:\/\/qingdaohf.com\/?post_type=product&#038;p=7606"},"modified":"2025-11-13T09:03:14","modified_gmt":"2025-11-13T01:03:14","slug":"metal-garden-stake","status":"publish","type":"product","link":"https:\/\/qingdaohf.com\/pl\/produkt\/metalowy-palik-ogrodowy\/","title":{"rendered":"Metalowy s\u0142upek ogrodowy z zielon\u0105 pow\u0142ok\u0105 z tworzywa sztucznego"},"content":{"rendered":"<p>Metalowy s\u0142upek ogrodowy z zielon\u0105 pow\u0142ok\u0105 z tworzywa sztucznego jest niezb\u0119dnym narz\u0119dziem dla ka\u017cdego pasjonata utrzymywania pi\u0119knie zorganizowanego ogrodu. Ten wszechstronny s\u0142upek \u0142\u0105czy w sobie wytrzyma\u0142o\u015b\u0107 z eleganck\u0105, praktyczn\u0105 konstrukcj\u0105, oferuj\u0105c niezr\u00f3wnane wsparcie dla r\u00f3\u017cnych potrzeb ogrodniczych.<\/p>\n<p>Metalowy rdze\u0144 palika zapewnia wyj\u0105tkow\u0105 trwa\u0142o\u015b\u0107, dzi\u0119ki czemu jest wystarczaj\u0105co wytrzyma\u0142y, aby wytrzyma\u0107 trudne warunki pogodowe i intensywne u\u017cytkowanie. Zielona pow\u0142oka z tworzywa sztucznego dodaje dodatkow\u0105 warstw\u0119 ochrony przed rdz\u0105 i korozj\u0105, zapewniaj\u0105c, \u017ce palik pozostanie w doskona\u0142ym stanie nawet po d\u0142ugotrwa\u0142ym nara\u017ceniu na dzia\u0142anie czynnik\u00f3w atmosferycznych. Pow\u0142oka ta zapewnia r\u00f3wnie\u017c przyjemny wizualnie wygl\u0105d, dzi\u0119ki czemu palik doskonale komponuje si\u0119 z \u017cywymi kolorami ogrodu.<\/p>\n<p>Jednym z g\u0142\u00f3wnych zastosowa\u0144 metalowego palika ogrodowego jest jego rola we wspieraniu ro\u015blin. Niezale\u017cnie od tego, czy uprawiasz pomidory, piwonie czy r\u00f3\u017ce pn\u0105ce, palik zapewnia niezawodn\u0105 konstrukcj\u0119 wsporcz\u0105, kt\u00f3ra pomaga ro\u015blinom rosn\u0105\u0107 w pozycji pionowej i zdrowej. Zapobiegaj\u0105c wyginaniu si\u0119 lub \u0142amaniu ro\u015blin pod w\u0142asnym ci\u0119\u017carem lub z powodu czynnik\u00f3w zewn\u0119trznych, takich jak wiatr, palik ten promuje optymalny wzrost i pomaga w utrzymaniu og\u00f3lnego zdrowia ogrodu.<\/p>\n<p>Opr\u00f3cz podpierania ro\u015blin, metalowy palik ogrodowy mo\u017ce by\u0107 r\u00f3wnie\u017c u\u017cywany do zabezpieczania konstrukcji ogrodowych, takich jak kraty i siatki. Dla ogrodnik\u00f3w, kt\u00f3rzy u\u017cywaj\u0105 krat do podpierania ro\u015blin pn\u0105cych, takich jak fasola czy og\u00f3rki, ten palik oferuje stabilny punkt zaczepienia. Jego mocny metalowy rdze\u0144 i bezpieczna plastikowa pow\u0142oka zapewniaj\u0105, \u017ce krata pozostanie na swoim miejscu, nawet podczas silnego wiatru lub ulewnych deszczy.<\/p>\n<p>\u0141atwo\u015b\u0107 instalacji to kolejna zaleta metalowego palika ogrodowego. Dzi\u0119ki prostemu wci\u015bni\u0119ciu w ziemi\u0119, palik jest szybko ustawiany, co pozwala skupi\u0107 si\u0119 bardziej na cieszeniu si\u0119 ogrodem ni\u017c na zmaganiu si\u0119 ze skomplikowanymi ustawieniami. Zielona pow\u0142oka z tworzywa sztucznego u\u0142atwia wbijanie w ziemi\u0119 bez powodowania uszkodze\u0144 otaczaj\u0105cej gleby lub ro\u015blin. Ta cecha jest szczeg\u00f3lnie korzystna dla ogrodnik\u00f3w, kt\u00f3rzy chc\u0105 unikn\u0105\u0107 naruszania system\u00f3w korzeniowych istniej\u0105cych ro\u015blin.<\/p>\n<p>Metalowy s\u0142upek ogrodowy zosta\u0142 r\u00f3wnie\u017c zaprojektowany z my\u015bl\u0105 o wszechstronno\u015bci. Jest dost\u0119pny w r\u00f3\u017cnych rozmiarach, aby zaspokoi\u0107 r\u00f3\u017cne potrzeby ogrodnicze. Niezale\u017cnie od tego, czy potrzebujesz kr\u00f3tszego palika do ma\u0142ych ro\u015blin doniczkowych, czy wy\u017cszego do wi\u0119kszych rabat ogrodowych, istnieje rozmiar, kt\u00f3ry spe\u0142ni Twoje wymagania. Ta elastyczno\u015b\u0107 sprawia, \u017ce jest to idealny wyb\u00f3r zar\u00f3wno dla ma\u0142ych, jak i rozleg\u0142ych projekt\u00f3w ogrodniczych.<\/p>\n<p>Dla ogrodnik\u00f3w, kt\u00f3rym zale\u017cy na estetyce, zielona pow\u0142oka z tworzywa sztucznego nie tylko zapewnia korzy\u015bci funkcjonalne, ale tak\u017ce zwi\u0119ksza atrakcyjno\u015b\u0107 wizualn\u0105 ogrodu. Kolor pow\u0142oki bez trudu \u0142\u0105czy si\u0119 z li\u015b\u0107mi, dzi\u0119ki czemu palik nie rzuca si\u0119 w oczy i pozwala ro\u015blinom zaj\u0105\u0107 centralne miejsce. Ta subtelna integracja z projektem ogrodu zapewnia, \u017ce uwaga pozostaje skupiona na naturalnym pi\u0119knie ro\u015blin, a nie na podporach i konstrukcjach ogrodowych.<\/p>\n<p>Co wi\u0119cej, metalowy s\u0142upek ogrodowy z zielon\u0105 pow\u0142ok\u0105 z tworzywa sztucznego jest doskona\u0142ym narz\u0119dziem do sezonowych zada\u0144 ogrodniczych. Podczas sezonu wegetacyjnego zapewnia niezb\u0119dne wsparcie m\u0142odym ro\u015blinom, zapewniaj\u0105c im wzrost w po\u017c\u0105danym kierunku. Wraz ze zmian\u0105 p\u00f3r roku i dojrzewaniem ro\u015blin, palik nadal zapewnia stabilno\u015b\u0107, pomagaj\u0105c utrzyma\u0107 uporz\u0105dkowany i dobrze podparty ogr\u00f3d przez ca\u0142y rok.<\/p>\n<p>Konserwacja metalowego palika ogrodowego jest minimalna. Pow\u0142oka z tworzywa sztucznego zapobiega gromadzeniu si\u0119 brudu i zanieczyszcze\u0144, dzi\u0119ki czemu jest \u0142atwa w czyszczeniu. Wystarczy przetrze\u0107 powierzchni\u0119 wilgotn\u0105 szmatk\u0105, aby usun\u0105\u0107 wszelkie zanieczyszczenia lub pozosta\u0142o\u015bci. Ten aspekt niskich koszt\u00f3w utrzymania jest szczeg\u00f3lnie korzystny dla ogrodnik\u00f3w, kt\u00f3rzy wol\u0105 sp\u0119dza\u0107 wi\u0119cej czasu ciesz\u0105c si\u0119 swoim ogrodem ni\u017c zajmuj\u0105c si\u0119 narz\u0119dziami ogrodowymi.<\/p>\n<p>Kolejn\u0105 wa\u017cn\u0105 cech\u0105 metalowego palika ogrodowego jest jego przyjazno\u015b\u0107 dla \u015brodowiska. U\u017cywaj\u0105c tego palika, przyczyniasz si\u0119 do zr\u00f3wnowa\u017conych praktyk ogrodniczych. Trwa\u0142o\u015b\u0107 metalowego rdzenia w po\u0142\u0105czeniu z pow\u0142ok\u0105 ochronn\u0105 zapewnia, \u017ce palik pozostanie w u\u017cyciu przez wiele lat, zmniejszaj\u0105c potrzeb\u0119 cz\u0119stej wymiany i minimalizuj\u0105c ilo\u015b\u0107 odpad\u00f3w.<\/p>\n<p>Podsumowuj\u0105c, metalowy s\u0142upek ogrodowy z zielon\u0105 pow\u0142ok\u0105 z tworzywa sztucznego jest niezb\u0119dnym narz\u0119dziem dla ka\u017cdego ogrodnika, kt\u00f3ry chce poprawi\u0107 wsparcie i organizacj\u0119 swojego ogrodu. Jego po\u0142\u0105czenie wytrzyma\u0142o\u015bci, trwa\u0142o\u015bci i estetycznego wygl\u0105du sprawia, \u017ce jest to wszechstronny wyb\u00f3r do wspierania szerokiej gamy ro\u015blin i struktur. Niezale\u017cnie od tego, czy jeste\u015b profesjonalnym ogrodnikiem, czy hobbyst\u0105, ten s\u0142upek zwi\u0119kszy funkcjonalno\u015b\u0107 i atrakcyjno\u015b\u0107 wizualn\u0105 Twojego ogrodu. Zainwestuj w metalowy s\u0142upek ogrodowy i do\u015bwiadcz korzy\u015bci p\u0142yn\u0105cych z dobrze podpartego, pi\u0119knie zorganizowanego ogrodu.<\/p>","protected":false},"excerpt":{"rendered":"<p>Podnie\u015b estetyk\u0119 i funkcjonalno\u015b\u0107 swojego ogrodu dzi\u0119ki naszemu metalowemu s\u0142upkowi ogrodowemu z zielon\u0105 pow\u0142ok\u0105 z tworzywa sztucznego. Zaprojektowany z my\u015bl\u0105 o trwa\u0142o\u015bci i \u0142atwo\u015bci u\u017cytkowania, s\u0142upek ten jest idealny do podtrzymywania ro\u015blin, kwiat\u00f3w i konstrukcji ogrodowych. Zielona pow\u0142oka z tworzywa sztucznego nie tylko zwi\u0119ksza odporno\u015b\u0107 palika na warunki atmosferyczne, ale tak\u017ce doskonale komponuje si\u0119 z naturalnym otoczeniem ogrodu. Idealny zar\u00f3wno dla profesjonalnych ogrodnik\u00f3w, jak i hobbyst\u00f3w, ten palik zapewnia, \u017ce ogr\u00f3d pozostaje schludny i dobrze podparty.<\/p>","protected":false},"featured_media":7792,"comment_status":"open","ping_status":"closed","template":"","meta":{"site-sidebar-layout":"default","site-content-layout":"","ast-site-content-layout":"default","site-content-style":"default","site-sidebar-style":"default","ast-global-header-display":"","ast-banner-title-visibility":"","ast-main-header-display":"","ast-hfb-above-header-display":"","ast-hfb-below-header-display":"","ast-hfb-mobile-header-display":"","site-post-title":"","ast-breadcrumbs-content":"","ast-featured-img":"","footer-sml-layout":"","theme-transparent-header-meta":"default","adv-header-id-meta":"","stick-header-meta":"default","header-above-stick-meta":"","header-main-stick-meta":"","header-below-stick-meta":"","astra-migrate-meta-layouts":"set","ast-page-background-enabled":"default","ast-page-background-meta":{"desktop":{"background-color":"","background-image":"","background-repeat":"repeat","background-position":"center center","background-size":"auto","background-attachment":"scroll","background-type":"","background-media":"","overlay-type":"","overlay-color":"","overlay-opacity":"","overlay-gradient":""},"tablet":{"background-color":"","background-image":"","background-repeat":"repeat","background-position":"center center","background-size":"auto","background-attachment":"scroll","background-type":"","background-media":"","overlay-type":"","overlay-color":"","overlay-opacity":"","overlay-gradient":""},"mobile":{"background-color":"","background-image":"","background-repeat":"repeat","background-position":"center center","background-size":"auto","background-attachment":"scroll","background-type":"","background-media":"","overlay-type":"","overlay-color":"","overlay-opacity":"","overlay-gradient":""}},"ast-content-background-meta":{"desktop":{"background-color":"var(--ast-global-color-5)","background-image":"","background-repeat":"repeat","background-position":"center center","background-size":"auto","background-attachment":"scroll","background-type":"","background-media":"","overlay-type":"","overlay-color":"","overlay-opacity":"","overlay-gradient":""},"tablet":{"background-color":"var(--ast-global-color-5)","background-image":"","background-repeat":"repeat","background-position":"center center","background-size":"auto","background-attachment":"scroll","background-type":"","background-media":"","overlay-type":"","overlay-color":"","overlay-opacity":"","overlay-gradient":""},"mobile":{"background-color":"var(--ast-global-color-5)","background-image":"","background-repeat":"repeat","background-position":"center center","background-size":"auto","background-attachment":"scroll","background-type":"","background-media":"","overlay-type":"","overlay-color":"","overlay-opacity":"","overlay-gradient":""}}},"product_brand":[],"product_cat":[50],"product_tag":[],"class_list":{"0":"post-7606","1":"product","2":"type-product","3":"status-publish","4":"has-post-thumbnail","6":"product_cat-concrete-form-accessories","7":"desktop-align-left","8":"tablet-align-left","9":"mobile-align-left","10":"ast-product-gallery-layout-horizontal-slider","11":"ast-product-tabs-layout-horizontal","13":"first","14":"instock","15":"shipping-taxable","16":"purchasable","17":"product-type-simple"},"yoast_head":"<!-- This site is optimized with the Yoast SEO plugin v25.2 - https:\/\/yoast.com\/wordpress\/plugins\/seo\/ -->\n<title>Metal Garden Stake Pole with Green Plastic Coating<\/title>\n<meta name=\"description\" content=\"Elevate your garden\u2019s aesthetic and functionality with our Metal Garden Stake Pole with Green Plastic Coating.\" \/>\n<meta name=\"robots\" content=\"index, follow, max-snippet:-1, max-image-preview:large, max-video-preview:-1\" \/>\n<link rel=\"canonical\" href=\"https:\/\/qingdaohf.com\/pl\/produkt\/metalowy-palik-ogrodowy\/\" \/>\n<meta property=\"og:locale\" content=\"pl_PL\" \/>\n<meta property=\"og:type\" content=\"article\" \/>\n<meta property=\"og:title\" content=\"Metal Garden Stake Pole with Green Plastic Coating\" \/>\n<meta property=\"og:description\" content=\"Elevate your garden\u2019s aesthetic and functionality with our Metal Garden Stake Pole with Green Plastic Coating.\" \/>\n<meta property=\"og:url\" content=\"https:\/\/qingdaohf.com\/pl\/produkt\/metalowy-palik-ogrodowy\/\" \/>\n<meta property=\"og:site_name\" content=\"Concrete Form &amp; Rigging Hardware Supplier\" \/>\n<meta property=\"article:publisher\" content=\"https:\/\/www.facebook.com\/qingdaohf\" \/>\n<meta property=\"article:modified_time\" content=\"2025-11-13T01:03:14+00:00\" \/>\n<meta property=\"og:image\" content=\"https:\/\/qingdaohf.com\/wp-content\/uploads\/2024\/07\/garden-stake.jpg\" \/>\n\t<meta property=\"og:image:width\" content=\"800\" \/>\n\t<meta property=\"og:image:height\" content=\"800\" \/>\n\t<meta property=\"og:image:type\" content=\"image\/jpeg\" \/>\n<meta name=\"twitter:card\" content=\"summary_large_image\" \/>\n<meta name=\"twitter:label1\" content=\"Szacowany czas czytania\" \/>\n\t<meta name=\"twitter:data1\" content=\"4 minuty\" \/>\n<script type=\"application\/ld+json\" class=\"yoast-schema-graph\">{\"@context\":\"https:\/\/schema.org\",\"@graph\":[{\"@type\":\"WebPage\",\"@id\":\"https:\/\/qingdaohf.com\/product\/metal-garden-stake\/\",\"url\":\"https:\/\/qingdaohf.com\/product\/metal-garden-stake\/\",\"name\":\"Metal Garden Stake Pole with Green Plastic Coating\",\"isPartOf\":{\"@id\":\"https:\/\/qingdaohf.com\/bg\/#website\"},\"primaryImageOfPage\":{\"@id\":\"https:\/\/qingdaohf.com\/product\/metal-garden-stake\/#primaryimage\"},\"image\":{\"@id\":\"https:\/\/qingdaohf.com\/product\/metal-garden-stake\/#primaryimage\"},\"thumbnailUrl\":\"https:\/\/qingdaohf.com\/wp-content\/uploads\/2024\/07\/garden-stake.jpg\",\"datePublished\":\"2024-07-29T09:54:40+00:00\",\"dateModified\":\"2025-11-13T01:03:14+00:00\",\"description\":\"Elevate your garden\u2019s aesthetic and functionality with our Metal Garden Stake Pole with Green Plastic Coating.\",\"breadcrumb\":{\"@id\":\"https:\/\/qingdaohf.com\/product\/metal-garden-stake\/#breadcrumb\"},\"inLanguage\":\"pl-PL\",\"potentialAction\":[{\"@type\":\"ReadAction\",\"target\":[\"https:\/\/qingdaohf.com\/product\/metal-garden-stake\/\"]}]},{\"@type\":\"ImageObject\",\"inLanguage\":\"pl-PL\",\"@id\":\"https:\/\/qingdaohf.com\/product\/metal-garden-stake\/#primaryimage\",\"url\":\"https:\/\/qingdaohf.com\/wp-content\/uploads\/2024\/07\/garden-stake.jpg\",\"contentUrl\":\"https:\/\/qingdaohf.com\/wp-content\/uploads\/2024\/07\/garden-stake.jpg\",\"width\":800,\"height\":800,\"caption\":\"garden stake\"},{\"@type\":\"BreadcrumbList\",\"@id\":\"https:\/\/qingdaohf.com\/product\/metal-garden-stake\/#breadcrumb\",\"itemListElement\":[{\"@type\":\"ListItem\",\"position\":1,\"name\":\"Home\",\"item\":\"https:\/\/qingdaohf.com\/\"},{\"@type\":\"ListItem\",\"position\":2,\"name\":\"Concrete Forming Accessories and Rigging Hardware\",\"item\":\"https:\/\/qingdaohf.com\/bg\/?page_id=944\"},{\"@type\":\"ListItem\",\"position\":3,\"name\":\"Metal Garden Stake Pole with Green Plastic Coating\"}]},{\"@type\":\"WebSite\",\"@id\":\"https:\/\/qingdaohf.com\/bg\/#website\",\"url\":\"https:\/\/qingdaohf.com\/bg\/\",\"name\":\"Concrete Form & Rigging Hardware Supplier\",\"description\":\"\",\"publisher\":{\"@id\":\"https:\/\/qingdaohf.com\/bg\/#organization\"},\"potentialAction\":[{\"@type\":\"SearchAction\",\"target\":{\"@type\":\"EntryPoint\",\"urlTemplate\":\"https:\/\/qingdaohf.com\/bg\/?s={search_term_string}\"},\"query-input\":{\"@type\":\"PropertyValueSpecification\",\"valueRequired\":true,\"valueName\":\"search_term_string\"}}],\"inLanguage\":\"pl-PL\"},{\"@type\":\"Organization\",\"@id\":\"https:\/\/qingdaohf.com\/bg\/#organization\",\"name\":\"Qingdao H&F\",\"url\":\"https:\/\/qingdaohf.com\/bg\/\",\"logo\":{\"@type\":\"ImageObject\",\"inLanguage\":\"pl-PL\",\"@id\":\"https:\/\/qingdaohf.com\/bg\/#\/schema\/logo\/image\/\",\"url\":\"https:\/\/qingdaohf.com\/wp-content\/uploads\/2022\/12\/cropped-HF-LOGO.png\",\"contentUrl\":\"https:\/\/qingdaohf.com\/wp-content\/uploads\/2022\/12\/cropped-HF-LOGO.png\",\"width\":391,\"height\":249,\"caption\":\"Qingdao H&F\"},\"image\":{\"@id\":\"https:\/\/qingdaohf.com\/bg\/#\/schema\/logo\/image\/\"},\"sameAs\":[\"https:\/\/www.facebook.com\/qingdaohf\"]}]}<\/script>\n<!-- \/ Yoast SEO plugin. -->","yoast_head_json":{"title":"Metal Garden Stake Pole with Green Plastic Coating","description":"Elevate your garden\u2019s aesthetic and functionality with our Metal Garden Stake Pole with Green Plastic Coating.","robots":{"index":"index","follow":"follow","max-snippet":"max-snippet:-1","max-image-preview":"max-image-preview:large","max-video-preview":"max-video-preview:-1"},"canonical":"https:\/\/qingdaohf.com\/pl\/produkt\/metalowy-palik-ogrodowy\/","og_locale":"pl_PL","og_type":"article","og_title":"Metal Garden Stake Pole with Green Plastic Coating","og_description":"Elevate your garden\u2019s aesthetic and functionality with our Metal Garden Stake Pole with Green Plastic Coating.","og_url":"https:\/\/qingdaohf.com\/pl\/produkt\/metalowy-palik-ogrodowy\/","og_site_name":"Concrete Form &amp; Rigging Hardware Supplier","article_publisher":"https:\/\/www.facebook.com\/qingdaohf","article_modified_time":"2025-11-13T01:03:14+00:00","og_image":[{"width":800,"height":800,"url":"https:\/\/qingdaohf.com\/wp-content\/uploads\/2024\/07\/garden-stake.jpg","type":"image\/jpeg"}],"twitter_card":"summary_large_image","twitter_misc":{"Szacowany czas czytania":"4 minuty"},"schema":{"@context":"https:\/\/schema.org","@graph":[{"@type":"WebPage","@id":"https:\/\/qingdaohf.com\/product\/metal-garden-stake\/","url":"https:\/\/qingdaohf.com\/product\/metal-garden-stake\/","name":"Metal Garden Stake Pole with Green Plastic Coating","isPartOf":{"@id":"https:\/\/qingdaohf.com\/bg\/#website"},"primaryImageOfPage":{"@id":"https:\/\/qingdaohf.com\/product\/metal-garden-stake\/#primaryimage"},"image":{"@id":"https:\/\/qingdaohf.com\/product\/metal-garden-stake\/#primaryimage"},"thumbnailUrl":"https:\/\/qingdaohf.com\/wp-content\/uploads\/2024\/07\/garden-stake.jpg","datePublished":"2024-07-29T09:54:40+00:00","dateModified":"2025-11-13T01:03:14+00:00","description":"Elevate your garden\u2019s aesthetic and functionality with our Metal Garden Stake Pole with Green Plastic Coating.","breadcrumb":{"@id":"https:\/\/qingdaohf.com\/product\/metal-garden-stake\/#breadcrumb"},"inLanguage":"pl-PL","potentialAction":[{"@type":"ReadAction","target":["https:\/\/qingdaohf.com\/product\/metal-garden-stake\/"]}]},{"@type":"ImageObject","inLanguage":"pl-PL","@id":"https:\/\/qingdaohf.com\/product\/metal-garden-stake\/#primaryimage","url":"https:\/\/qingdaohf.com\/wp-content\/uploads\/2024\/07\/garden-stake.jpg","contentUrl":"https:\/\/qingdaohf.com\/wp-content\/uploads\/2024\/07\/garden-stake.jpg","width":800,"height":800,"caption":"garden stake"},{"@type":"BreadcrumbList","@id":"https:\/\/qingdaohf.com\/product\/metal-garden-stake\/#breadcrumb","itemListElement":[{"@type":"ListItem","position":1,"name":"Home","item":"https:\/\/qingdaohf.com\/"},{"@type":"ListItem","position":2,"name":"Concrete Forming Accessories and Rigging Hardware","item":"https:\/\/qingdaohf.com\/bg\/?page_id=944"},{"@type":"ListItem","position":3,"name":"Metal Garden Stake Pole with Green Plastic Coating"}]},{"@type":"WebSite","@id":"https:\/\/qingdaohf.com\/bg\/#website","url":"https:\/\/qingdaohf.com\/bg\/","name":"Concrete Form & Rigging Hardware Supplier","description":"","publisher":{"@id":"https:\/\/qingdaohf.com\/bg\/#organization"},"potentialAction":[{"@type":"SearchAction","target":{"@type":"EntryPoint","urlTemplate":"https:\/\/qingdaohf.com\/bg\/?s={search_term_string}"},"query-input":{"@type":"PropertyValueSpecification","valueRequired":true,"valueName":"search_term_string"}}],"inLanguage":"pl-PL"},{"@type":"Organization","@id":"https:\/\/qingdaohf.com\/bg\/#organization","name":"Qingdao H&F","url":"https:\/\/qingdaohf.com\/bg\/","logo":{"@type":"ImageObject","inLanguage":"pl-PL","@id":"https:\/\/qingdaohf.com\/bg\/#\/schema\/logo\/image\/","url":"https:\/\/qingdaohf.com\/wp-content\/uploads\/2022\/12\/cropped-HF-LOGO.png","contentUrl":"https:\/\/qingdaohf.com\/wp-content\/uploads\/2022\/12\/cropped-HF-LOGO.png","width":391,"height":249,"caption":"Qingdao H&F"},"image":{"@id":"https:\/\/qingdaohf.com\/bg\/#\/schema\/logo\/image\/"},"sameAs":["https:\/\/www.facebook.com\/qingdaohf"]}]}},"_links":{"self":[{"href":"https:\/\/qingdaohf.com\/pl\/wp-json\/wp\/v2\/product\/7606","targetHints":{"allow":["GET"]}}],"collection":[{"href":"https:\/\/qingdaohf.com\/pl\/wp-json\/wp\/v2\/product"}],"about":[{"href":"https:\/\/qingdaohf.com\/pl\/wp-json\/wp\/v2\/types\/product"}],"replies":[{"embeddable":true,"href":"https:\/\/qingdaohf.com\/pl\/wp-json\/wp\/v2\/comments?post=7606"}],"version-history":[{"count":1,"href":"https:\/\/qingdaohf.com\/pl\/wp-json\/wp\/v2\/product\/7606\/revisions"}],"predecessor-version":[{"id":7612,"href":"https:\/\/qingdaohf.com\/pl\/wp-json\/wp\/v2\/product\/7606\/revisions\/7612"}],"wp:featuredmedia":[{"embeddable":true,"href":"https:\/\/qingdaohf.com\/pl\/wp-json\/wp\/v2\/media\/7792"}],"wp:attachment":[{"href":"https:\/\/qingdaohf.com\/pl\/wp-json\/wp\/v2\/media?parent=7606"}],"wp:term":[{"taxonomy":"product_brand","embeddable":true,"href":"https:\/\/qingdaohf.com\/pl\/wp-json\/wp\/v2\/product_brand?post=7606"},{"taxonomy":"product_cat","embeddable":true,"href":"https:\/\/qingdaohf.com\/pl\/wp-json\/wp\/v2\/product_cat?post=7606"},{"taxonomy":"product_tag","embeddable":true,"href":"https:\/\/qingdaohf.com\/pl\/wp-json\/wp\/v2\/product_tag?post=7606"}],"curies":[{"name":"wp","href":"https:\/\/api.w.org\/{rel}","templated":true}]}}