{"id":7781,"date":"2024-09-12T10:21:48","date_gmt":"2024-09-12T02:21:48","guid":{"rendered":"http:\/\/qingdaohf.com\/?post_type=product&#038;p=7781"},"modified":"2025-11-13T09:03:14","modified_gmt":"2025-11-13T01:03:14","slug":"heavy-duty-stub-end-k2-b-thimble","status":"publish","type":"product","link":"https:\/\/qingdaohf.com\/pl\/produkt\/wytrzymaly-krociec-k2-b-gilzy\/","title":{"rendered":"Wytrzyma\u0142a ko\u0144c\u00f3wka K2-B Thimble"},"content":{"rendered":"<p>Naparstek Heavy Duty Stub-End K2-B oferuje wyj\u0105tkow\u0105 wydajno\u015b\u0107 i niezawodno\u015b\u0107 do zabezpieczania p\u0119tli lin stalowych w ci\u0119\u017ckich warunkach. Niezale\u017cnie od tego, czy masz do czynienia z sytuacjami wysokiego napi\u0119cia, podnoszeniem przemys\u0142owym czy zastosowaniami morskimi, ta gilza zosta\u0142a zaprojektowana tak, aby wytrzyma\u0107 trudne warunki, jednocze\u015bnie chroni\u0105c integralno\u015b\u0107 lin stalowych. Solidna konstrukcja i design sprawiaj\u0105, \u017ce jest to idealne rozwi\u0105zanie dla profesjonalist\u00f3w poszukuj\u0105cych trwa\u0142o\u015bci i ochrony w ka\u017cdym zastosowaniu.<\/p>\n<h4>Korzy\u015bci z u\u017cywania naparstka K2-B w warunkach przemys\u0142owych<\/h4>\n<p>Jedn\u0105 z cech wyr\u00f3\u017cniaj\u0105cych Heavy Duty Stub-End K2-B Thimble jest jego zdolno\u015b\u0107 do radzenia sobie z ekstremalnymi napr\u0119\u017ceniami i naciskiem, co czyni go idealnym rozwi\u0105zaniem dla bran\u017c, w kt\u00f3rych bezpiecze\u0144stwo i trwa\u0142o\u015b\u0107 s\u0105 najwa\u017cniejsze. W budownictwie, takielunku i zastosowaniach morskich liny stalowe podlegaj\u0105 ci\u0105g\u0142ym napr\u0119\u017ceniom, a ta gilza dzia\u0142a jak os\u0142ona przed zu\u017cyciem i strz\u0119pieniem. Konstrukcja ko\u0144c\u00f3wki zwi\u0119ksza stabilno\u015b\u0107 p\u0119tli liny, zapewniaj\u0105c dodatkowe bezpiecze\u0144stwo podczas pracy z du\u017cymi obci\u0105\u017ceniami lub w trudnych warunkach.<\/p>\n<p>Kompatybilno\u015b\u0107 gilzy K2-B z szerok\u0105 gam\u0105 rozmiar\u00f3w lin stalowych pozwala na jej wszechstronne zastosowanie w wielu bran\u017cach. Solidna konstrukcja zapewnia d\u0142ugotrwa\u0142e u\u017cytkowanie bez konieczno\u015bci cz\u0119stej wymiany, co pomaga obni\u017cy\u0107 koszty konserwacji. Minimalizuj\u0105c zu\u017cycie lin, naparstek pomaga utrzyma\u0107 wytrzyma\u0142o\u015b\u0107 i integralno\u015b\u0107 lin stalowych, co czyni go niezb\u0119dnym narz\u0119dziem dla profesjonalist\u00f3w.<\/p>\n<h4>Dlaczego warto wybra\u0107 konstrukcj\u0119 Stub-End dla du\u017cych obci\u0105\u017ce\u0144?<\/h4>\n<p>Konstrukcja ko\u0144c\u00f3wki gilzy K2-B jest kluczow\u0105 cech\u0105, kt\u00f3ra odr\u00f3\u017cnia j\u0105 od standardowych gilz. Konstrukcja ta zapewnia dodatkowe wzmocnienie w miejscu, w kt\u00f3rym lina stalowa tworzy p\u0119tl\u0119, zmniejszaj\u0105c ryzyko po\u015blizgu i wyd\u0142u\u017caj\u0105c \u017cywotno\u015b\u0107 liny. W zastosowaniach o wysokim napi\u0119ciu nawet niewielkie po\u015blizgni\u0119cie mo\u017ce prowadzi\u0107 do niebezpiecznych sytuacji, wi\u0119c posiadanie niezawodnej gilzy jest niezb\u0119dne dla zapewnienia bezpiecze\u0144stwa.<\/p>\n<p>Naparstek Heavy Duty Stub-End K2-B zmniejsza r\u00f3wnie\u017c napr\u0119\u017cenie zginaj\u0105ce liny, co ma kluczowe znaczenie w zastosowaniach o du\u017cym obci\u0105\u017ceniu. G\u0142adkie wn\u0119trze gilzy zapobiega \u015bcieraniu, kt\u00f3re jest cz\u0119stym problemem, gdy metal styka si\u0119 z lin\u0105 pod obci\u0105\u017ceniem. Nie tylko wyd\u0142u\u017ca to \u017cywotno\u015b\u0107 liny, ale tak\u017ce zapewnia p\u0142ynniejsze i bardziej niezawodne dzia\u0142anie podczas podnoszenia, holowania lub innych zastosowa\u0144 przemys\u0142owych.<\/p>\n<h4>Wytrzyma\u0142o\u015b\u0107 i materia\u0142y, z kt\u00f3rych wykonano gilz\u0119 K2-B Heavy Duty<\/h4>\n<p>Je\u015bli chodzi o trwa\u0142o\u015b\u0107, Heavy Duty Stub-End K2-B Thimble nie ma sobie r\u00f3wnych. Wykonany z wysokiej jako\u015bci stali lub innych wytrzyma\u0142ych materia\u0142\u00f3w, jest odporny na korozj\u0119 i dzia\u0142anie czynnik\u00f3w atmosferycznych. Dzi\u0119ki temu idealnie nadaje si\u0119 do u\u017cytku na zewn\u0105trz, zw\u0142aszcza w \u015brodowiskach morskich, gdzie nara\u017cenie na dzia\u0142anie s\u0142onej wody mo\u017ce prowadzi\u0107 do szybkiego pogorszenia jako\u015bci standardowego sprz\u0119tu.<\/p>\n<p>Odporne na korozj\u0119 w\u0142a\u015bciwo\u015bci gilzy zapewniaj\u0105, \u017ce zachowuje ona swoj\u0105 integralno\u015b\u0107 strukturaln\u0105 nawet po d\u0142u\u017cszym wystawieniu na dzia\u0142anie trudnych warunk\u00f3w. Sprawia to, \u017ce jest to niezawodny wyb\u00f3r dla d\u0142ugoterminowych projekt\u00f3w i bran\u017c, kt\u00f3re wymagaj\u0105 ci\u0105g\u0142ego podnoszenia ci\u0119\u017ckich \u0142adunk\u00f3w lub napinania. Wytrzyma\u0142a konstrukcja nie tylko wyd\u0142u\u017ca \u017cywotno\u015b\u0107 samej gilzy, ale tak\u017ce chroni lin\u0119 stalow\u0105 przed uszkodzeniami spowodowanymi tarciem lub zu\u017cyciem \u015brodowiskowym.<\/p>\n<h4>Podsumowanie: Niezb\u0119dne narz\u0119dzie do zastosowa\u0144 przemys\u0142owych<\/h4>\n<p>Podsumowuj\u0105c, Heavy Duty Stub-End K2-B Thimble jest niezb\u0119dnym narz\u0119dziem dla ka\u017cdego profesjonalisty zajmuj\u0105cego si\u0119 ci\u0119\u017ckimi \u0142adunkami, aplikacjami o wysokim napi\u0119ciu lub potrzeb\u0105 trwa\u0142ej ochrony liny stalowej. Solidna konstrukcja, wysokiej jako\u015bci materia\u0142y i zdolno\u015b\u0107 do pracy w ekstremalnych warunkach sprawiaj\u0105, \u017ce jest to doskona\u0142y wyb\u00f3r dla bran\u017c od budowlanej po morsk\u0105.<\/p>\n<p>Wybieraj\u0105c gilz\u0119 K2-B, zapewniasz, \u017ce Twoje liny stalowe b\u0119d\u0105 trwalsze, b\u0119d\u0105 dzia\u0142a\u0107 lepiej i zapewni\u0105 poziom bezpiecze\u0144stwa wymagany w wymagaj\u0105cych \u015brodowiskach. Inwestowanie w produkty wysokiej jako\u015bci, takie jak ten, nie tylko oszcz\u0119dza czas i pieni\u0105dze w d\u0142u\u017cszej perspektywie, ale tak\u017ce gwarantuje najwy\u017cszy standard wydajno\u015bci w ka\u017cdym zadaniu.<\/p>","protected":false},"excerpt":{"rendered":"<p>Naparstek Heavy Duty Stub-End K2-B zosta\u0142 zaprojektowany w celu zapewnienia doskona\u0142ego wzmocnienia i ochrony lin stalowych i p\u0119tli kablowych, zapewniaj\u0105c maksymaln\u0105 trwa\u0142o\u015b\u0107 w wymagaj\u0105cych warunkach. Naparstek zosta\u0142 wykonany z wysokiej jako\u015bci materia\u0142\u00f3w i zaprojektowany z my\u015bl\u0105 o intensywnym u\u017cytkowaniu, dzi\u0119ki czemu idealnie nadaje si\u0119 do zastosowa\u0144 przemys\u0142owych. Konstrukcja ko\u0144c\u00f3wki pozwala na bezpieczne dopasowanie, zmniejszaj\u0105c zu\u017cycie i wyd\u0142u\u017caj\u0105c \u017cywotno\u015b\u0107 sprz\u0119tu.<\/p>","protected":false},"featured_media":7808,"comment_status":"open","ping_status":"closed","template":"","meta":{"site-sidebar-layout":"default","site-content-layout":"","ast-site-content-layout":"default","site-content-style":"default","site-sidebar-style":"default","ast-global-header-display":"","ast-banner-title-visibility":"","ast-main-header-display":"","ast-hfb-above-header-display":"","ast-hfb-below-header-display":"","ast-hfb-mobile-header-display":"","site-post-title":"","ast-breadcrumbs-content":"","ast-featured-img":"","footer-sml-layout":"","theme-transparent-header-meta":"default","adv-header-id-meta":"","stick-header-meta":"default","header-above-stick-meta":"","header-main-stick-meta":"","header-below-stick-meta":"","astra-migrate-meta-layouts":"set","ast-page-background-enabled":"default","ast-page-background-meta":{"desktop":{"background-color":"","background-image":"","background-repeat":"repeat","background-position":"center center","background-size":"auto","background-attachment":"scroll","background-type":"","background-media":"","overlay-type":"","overlay-color":"","overlay-opacity":"","overlay-gradient":""},"tablet":{"background-color":"","background-image":"","background-repeat":"repeat","background-position":"center center","background-size":"auto","background-attachment":"scroll","background-type":"","background-media":"","overlay-type":"","overlay-color":"","overlay-opacity":"","overlay-gradient":""},"mobile":{"background-color":"","background-image":"","background-repeat":"repeat","background-position":"center center","background-size":"auto","background-attachment":"scroll","background-type":"","background-media":"","overlay-type":"","overlay-color":"","overlay-opacity":"","overlay-gradient":""}},"ast-content-background-meta":{"desktop":{"background-color":"var(--ast-global-color-5)","background-image":"","background-repeat":"repeat","background-position":"center center","background-size":"auto","background-attachment":"scroll","background-type":"","background-media":"","overlay-type":"","overlay-color":"","overlay-opacity":"","overlay-gradient":""},"tablet":{"background-color":"var(--ast-global-color-5)","background-image":"","background-repeat":"repeat","background-position":"center center","background-size":"auto","background-attachment":"scroll","background-type":"","background-media":"","overlay-type":"","overlay-color":"","overlay-opacity":"","overlay-gradient":""},"mobile":{"background-color":"var(--ast-global-color-5)","background-image":"","background-repeat":"repeat","background-position":"center center","background-size":"auto","background-attachment":"scroll","background-type":"","background-media":"","overlay-type":"","overlay-color":"","overlay-opacity":"","overlay-gradient":""}}},"product_brand":[],"product_cat":[37],"product_tag":[],"class_list":{"0":"post-7781","1":"product","2":"type-product","3":"status-publish","4":"has-post-thumbnail","6":"product_cat-wire-rope","7":"desktop-align-left","8":"tablet-align-left","9":"mobile-align-left","10":"ast-product-gallery-layout-horizontal-slider","11":"ast-product-tabs-layout-horizontal","13":"first","14":"instock","15":"shipping-taxable","16":"purchasable","17":"product-type-simple"},"yoast_head":"<!-- This site is optimized with the Yoast SEO plugin v25.2 - https:\/\/yoast.com\/wordpress\/plugins\/seo\/ -->\n<title>Heavy Duty Stub-End K2-B Thimble<\/title>\n<meta name=\"robots\" content=\"index, follow, max-snippet:-1, max-image-preview:large, max-video-preview:-1\" \/>\n<link rel=\"canonical\" href=\"https:\/\/qingdaohf.com\/pl\/produkt\/wytrzymaly-krociec-k2-b-gilzy\/\" \/>\n<meta property=\"og:locale\" content=\"pl_PL\" \/>\n<meta property=\"og:type\" content=\"article\" \/>\n<meta property=\"og:title\" content=\"Heavy Duty Stub-End K2-B Thimble\" \/>\n<meta property=\"og:description\" content=\"The Heavy Duty Stub-End K2-B Thimble is designed to provide superior reinforcement and protection to wire rope and cable loops, ensuring maximum durability in demanding conditions. This thimble is crafted from high-quality materials and engineered for heavy-duty use, making it ideal for industrial applications. Its stub-end design allows for a secure fit, reducing wear and tear while extending the life of your equipment.\" \/>\n<meta property=\"og:url\" content=\"https:\/\/qingdaohf.com\/pl\/produkt\/wytrzymaly-krociec-k2-b-gilzy\/\" \/>\n<meta property=\"og:site_name\" content=\"Concrete Form &amp; Rigging Hardware Supplier\" \/>\n<meta property=\"article:publisher\" content=\"https:\/\/www.facebook.com\/qingdaohf\" \/>\n<meta property=\"article:modified_time\" content=\"2025-11-13T01:03:14+00:00\" \/>\n<meta property=\"og:image\" content=\"https:\/\/qingdaohf.com\/wp-content\/uploads\/2024\/09\/Heavy-Duty-Stub-End-K2-B-Thimble.jpg\" \/>\n\t<meta property=\"og:image:width\" content=\"1000\" \/>\n\t<meta property=\"og:image:height\" content=\"1000\" \/>\n\t<meta property=\"og:image:type\" content=\"image\/jpeg\" \/>\n<meta name=\"twitter:card\" content=\"summary_large_image\" \/>\n<meta name=\"twitter:label1\" content=\"Szacowany czas czytania\" \/>\n\t<meta name=\"twitter:data1\" content=\"3 minuty\" \/>\n<script type=\"application\/ld+json\" class=\"yoast-schema-graph\">{\"@context\":\"https:\/\/schema.org\",\"@graph\":[{\"@type\":\"WebPage\",\"@id\":\"https:\/\/qingdaohf.com\/product\/heavy-duty-stub-end-k2-b-thimble\/\",\"url\":\"https:\/\/qingdaohf.com\/product\/heavy-duty-stub-end-k2-b-thimble\/\",\"name\":\"Heavy Duty Stub-End K2-B Thimble\",\"isPartOf\":{\"@id\":\"https:\/\/qingdaohf.com\/bg\/#website\"},\"primaryImageOfPage\":{\"@id\":\"https:\/\/qingdaohf.com\/product\/heavy-duty-stub-end-k2-b-thimble\/#primaryimage\"},\"image\":{\"@id\":\"https:\/\/qingdaohf.com\/product\/heavy-duty-stub-end-k2-b-thimble\/#primaryimage\"},\"thumbnailUrl\":\"https:\/\/qingdaohf.com\/wp-content\/uploads\/2024\/09\/Heavy-Duty-Stub-End-K2-B-Thimble.jpg\",\"datePublished\":\"2024-09-12T02:21:48+00:00\",\"dateModified\":\"2025-11-13T01:03:14+00:00\",\"breadcrumb\":{\"@id\":\"https:\/\/qingdaohf.com\/product\/heavy-duty-stub-end-k2-b-thimble\/#breadcrumb\"},\"inLanguage\":\"pl-PL\",\"potentialAction\":[{\"@type\":\"ReadAction\",\"target\":[\"https:\/\/qingdaohf.com\/product\/heavy-duty-stub-end-k2-b-thimble\/\"]}]},{\"@type\":\"ImageObject\",\"inLanguage\":\"pl-PL\",\"@id\":\"https:\/\/qingdaohf.com\/product\/heavy-duty-stub-end-k2-b-thimble\/#primaryimage\",\"url\":\"https:\/\/qingdaohf.com\/wp-content\/uploads\/2024\/09\/Heavy-Duty-Stub-End-K2-B-Thimble.jpg\",\"contentUrl\":\"https:\/\/qingdaohf.com\/wp-content\/uploads\/2024\/09\/Heavy-Duty-Stub-End-K2-B-Thimble.jpg\",\"width\":1000,\"height\":1000,\"caption\":\"Heavy Duty Stub-End K2-B Thimble\"},{\"@type\":\"BreadcrumbList\",\"@id\":\"https:\/\/qingdaohf.com\/product\/heavy-duty-stub-end-k2-b-thimble\/#breadcrumb\",\"itemListElement\":[{\"@type\":\"ListItem\",\"position\":1,\"name\":\"Home\",\"item\":\"https:\/\/qingdaohf.com\/\"},{\"@type\":\"ListItem\",\"position\":2,\"name\":\"Concrete Forming Accessories and Rigging Hardware\",\"item\":\"https:\/\/qingdaohf.com\/bg\/?page_id=944\"},{\"@type\":\"ListItem\",\"position\":3,\"name\":\"Heavy Duty Stub-End K2-B Thimble\"}]},{\"@type\":\"WebSite\",\"@id\":\"https:\/\/qingdaohf.com\/bg\/#website\",\"url\":\"https:\/\/qingdaohf.com\/bg\/\",\"name\":\"Concrete Form & Rigging Hardware Supplier\",\"description\":\"\",\"publisher\":{\"@id\":\"https:\/\/qingdaohf.com\/bg\/#organization\"},\"potentialAction\":[{\"@type\":\"SearchAction\",\"target\":{\"@type\":\"EntryPoint\",\"urlTemplate\":\"https:\/\/qingdaohf.com\/bg\/?s={search_term_string}\"},\"query-input\":{\"@type\":\"PropertyValueSpecification\",\"valueRequired\":true,\"valueName\":\"search_term_string\"}}],\"inLanguage\":\"pl-PL\"},{\"@type\":\"Organization\",\"@id\":\"https:\/\/qingdaohf.com\/bg\/#organization\",\"name\":\"Qingdao H&F\",\"url\":\"https:\/\/qingdaohf.com\/bg\/\",\"logo\":{\"@type\":\"ImageObject\",\"inLanguage\":\"pl-PL\",\"@id\":\"https:\/\/qingdaohf.com\/bg\/#\/schema\/logo\/image\/\",\"url\":\"https:\/\/qingdaohf.com\/wp-content\/uploads\/2022\/12\/cropped-HF-LOGO.png\",\"contentUrl\":\"https:\/\/qingdaohf.com\/wp-content\/uploads\/2022\/12\/cropped-HF-LOGO.png\",\"width\":391,\"height\":249,\"caption\":\"Qingdao H&F\"},\"image\":{\"@id\":\"https:\/\/qingdaohf.com\/bg\/#\/schema\/logo\/image\/\"},\"sameAs\":[\"https:\/\/www.facebook.com\/qingdaohf\"]}]}<\/script>\n<!-- \/ Yoast SEO plugin. -->","yoast_head_json":{"title":"Heavy Duty Stub-End K2-B Thimble","robots":{"index":"index","follow":"follow","max-snippet":"max-snippet:-1","max-image-preview":"max-image-preview:large","max-video-preview":"max-video-preview:-1"},"canonical":"https:\/\/qingdaohf.com\/pl\/produkt\/wytrzymaly-krociec-k2-b-gilzy\/","og_locale":"pl_PL","og_type":"article","og_title":"Heavy Duty Stub-End K2-B Thimble","og_description":"The Heavy Duty Stub-End K2-B Thimble is designed to provide superior reinforcement and protection to wire rope and cable loops, ensuring maximum durability in demanding conditions. This thimble is crafted from high-quality materials and engineered for heavy-duty use, making it ideal for industrial applications. Its stub-end design allows for a secure fit, reducing wear and tear while extending the life of your equipment.","og_url":"https:\/\/qingdaohf.com\/pl\/produkt\/wytrzymaly-krociec-k2-b-gilzy\/","og_site_name":"Concrete Form &amp; Rigging Hardware Supplier","article_publisher":"https:\/\/www.facebook.com\/qingdaohf","article_modified_time":"2025-11-13T01:03:14+00:00","og_image":[{"width":1000,"height":1000,"url":"https:\/\/qingdaohf.com\/wp-content\/uploads\/2024\/09\/Heavy-Duty-Stub-End-K2-B-Thimble.jpg","type":"image\/jpeg"}],"twitter_card":"summary_large_image","twitter_misc":{"Szacowany czas czytania":"3 minuty"},"schema":{"@context":"https:\/\/schema.org","@graph":[{"@type":"WebPage","@id":"https:\/\/qingdaohf.com\/product\/heavy-duty-stub-end-k2-b-thimble\/","url":"https:\/\/qingdaohf.com\/product\/heavy-duty-stub-end-k2-b-thimble\/","name":"Heavy Duty Stub-End K2-B Thimble","isPartOf":{"@id":"https:\/\/qingdaohf.com\/bg\/#website"},"primaryImageOfPage":{"@id":"https:\/\/qingdaohf.com\/product\/heavy-duty-stub-end-k2-b-thimble\/#primaryimage"},"image":{"@id":"https:\/\/qingdaohf.com\/product\/heavy-duty-stub-end-k2-b-thimble\/#primaryimage"},"thumbnailUrl":"https:\/\/qingdaohf.com\/wp-content\/uploads\/2024\/09\/Heavy-Duty-Stub-End-K2-B-Thimble.jpg","datePublished":"2024-09-12T02:21:48+00:00","dateModified":"2025-11-13T01:03:14+00:00","breadcrumb":{"@id":"https:\/\/qingdaohf.com\/product\/heavy-duty-stub-end-k2-b-thimble\/#breadcrumb"},"inLanguage":"pl-PL","potentialAction":[{"@type":"ReadAction","target":["https:\/\/qingdaohf.com\/product\/heavy-duty-stub-end-k2-b-thimble\/"]}]},{"@type":"ImageObject","inLanguage":"pl-PL","@id":"https:\/\/qingdaohf.com\/product\/heavy-duty-stub-end-k2-b-thimble\/#primaryimage","url":"https:\/\/qingdaohf.com\/wp-content\/uploads\/2024\/09\/Heavy-Duty-Stub-End-K2-B-Thimble.jpg","contentUrl":"https:\/\/qingdaohf.com\/wp-content\/uploads\/2024\/09\/Heavy-Duty-Stub-End-K2-B-Thimble.jpg","width":1000,"height":1000,"caption":"Heavy Duty Stub-End K2-B Thimble"},{"@type":"BreadcrumbList","@id":"https:\/\/qingdaohf.com\/product\/heavy-duty-stub-end-k2-b-thimble\/#breadcrumb","itemListElement":[{"@type":"ListItem","position":1,"name":"Home","item":"https:\/\/qingdaohf.com\/"},{"@type":"ListItem","position":2,"name":"Concrete Forming Accessories and Rigging Hardware","item":"https:\/\/qingdaohf.com\/bg\/?page_id=944"},{"@type":"ListItem","position":3,"name":"Heavy Duty Stub-End K2-B Thimble"}]},{"@type":"WebSite","@id":"https:\/\/qingdaohf.com\/bg\/#website","url":"https:\/\/qingdaohf.com\/bg\/","name":"Concrete Form & Rigging Hardware Supplier","description":"","publisher":{"@id":"https:\/\/qingdaohf.com\/bg\/#organization"},"potentialAction":[{"@type":"SearchAction","target":{"@type":"EntryPoint","urlTemplate":"https:\/\/qingdaohf.com\/bg\/?s={search_term_string}"},"query-input":{"@type":"PropertyValueSpecification","valueRequired":true,"valueName":"search_term_string"}}],"inLanguage":"pl-PL"},{"@type":"Organization","@id":"https:\/\/qingdaohf.com\/bg\/#organization","name":"Qingdao H&F","url":"https:\/\/qingdaohf.com\/bg\/","logo":{"@type":"ImageObject","inLanguage":"pl-PL","@id":"https:\/\/qingdaohf.com\/bg\/#\/schema\/logo\/image\/","url":"https:\/\/qingdaohf.com\/wp-content\/uploads\/2022\/12\/cropped-HF-LOGO.png","contentUrl":"https:\/\/qingdaohf.com\/wp-content\/uploads\/2022\/12\/cropped-HF-LOGO.png","width":391,"height":249,"caption":"Qingdao H&F"},"image":{"@id":"https:\/\/qingdaohf.com\/bg\/#\/schema\/logo\/image\/"},"sameAs":["https:\/\/www.facebook.com\/qingdaohf"]}]}},"_links":{"self":[{"href":"https:\/\/qingdaohf.com\/pl\/wp-json\/wp\/v2\/product\/7781","targetHints":{"allow":["GET"]}}],"collection":[{"href":"https:\/\/qingdaohf.com\/pl\/wp-json\/wp\/v2\/product"}],"about":[{"href":"https:\/\/qingdaohf.com\/pl\/wp-json\/wp\/v2\/types\/product"}],"replies":[{"embeddable":true,"href":"https:\/\/qingdaohf.com\/pl\/wp-json\/wp\/v2\/comments?post=7781"}],"version-history":[{"count":1,"href":"https:\/\/qingdaohf.com\/pl\/wp-json\/wp\/v2\/product\/7781\/revisions"}],"predecessor-version":[{"id":7786,"href":"https:\/\/qingdaohf.com\/pl\/wp-json\/wp\/v2\/product\/7781\/revisions\/7786"}],"wp:featuredmedia":[{"embeddable":true,"href":"https:\/\/qingdaohf.com\/pl\/wp-json\/wp\/v2\/media\/7808"}],"wp:attachment":[{"href":"https:\/\/qingdaohf.com\/pl\/wp-json\/wp\/v2\/media?parent=7781"}],"wp:term":[{"taxonomy":"product_brand","embeddable":true,"href":"https:\/\/qingdaohf.com\/pl\/wp-json\/wp\/v2\/product_brand?post=7781"},{"taxonomy":"product_cat","embeddable":true,"href":"https:\/\/qingdaohf.com\/pl\/wp-json\/wp\/v2\/product_cat?post=7781"},{"taxonomy":"product_tag","embeddable":true,"href":"https:\/\/qingdaohf.com\/pl\/wp-json\/wp\/v2\/product_tag?post=7781"}],"curies":[{"name":"wp","href":"https:\/\/api.w.org\/{rel}","templated":true}]}}