{"id":7968,"date":"2024-09-30T14:05:29","date_gmt":"2024-09-30T06:05:29","guid":{"rendered":"http:\/\/qingdaohf.com\/?post_type=product&#038;p=7968"},"modified":"2025-11-13T09:03:13","modified_gmt":"2025-11-13T01:03:13","slug":"inside-corner","status":"publish","type":"product","link":"https:\/\/qingdaohf.com\/pl\/produkt\/wewnetrzny-naroznik\/","title":{"rendered":"Naro\u017cnik wewn\u0119trzny"},"content":{"rendered":"<p><img fetchpriority=\"high\" decoding=\"async\" class=\"alignnone size-full wp-image-3418\" src=\"http:\/\/qingdaohf.com\/wp-content\/uploads\/2023\/03\/47-2.jpg\" alt=\"\" width=\"1200\" height=\"176\" srcset=\"https:\/\/qingdaohf.com\/wp-content\/uploads\/2023\/03\/47-2.jpg 1200w, https:\/\/qingdaohf.com\/wp-content\/uploads\/2023\/03\/47-2-300x44.jpg 300w, https:\/\/qingdaohf.com\/wp-content\/uploads\/2023\/03\/47-2-1024x150.jpg 1024w, https:\/\/qingdaohf.com\/wp-content\/uploads\/2023\/03\/47-2-768x113.jpg 768w, https:\/\/qingdaohf.com\/wp-content\/uploads\/2023\/03\/47-2-1000x147.jpg 1000w\" sizes=\"(max-width: 1200px) 100vw, 1200px\" \/><\/p>\n<h3>Znaczenie naro\u017cnik\u00f3w wewn\u0119trznych w budownictwie<\/h3>\n<p>W budownictwie ka\u017cdy szczeg\u00f3\u0142 ma znaczenie, a naro\u017cnik wewn\u0119trzny odgrywa kluczow\u0105 rol\u0119 w osi\u0105gni\u0119ciu zar\u00f3wno funkcjonalno\u015bci, jak i estetyki. Ten integralny komponent zosta\u0142 stworzony, aby sprosta\u0107 wymaganiom nowoczesnych praktyk budowlanych, zapewniaj\u0105c jednocze\u015bnie, \u017ce naro\u017cniki, cz\u0119sto uwa\u017cane za trudne obszary, otrzymuj\u0105 uwag\u0119, na jak\u0105 zas\u0142uguj\u0105.<\/p>\n<p>W istocie, Inside Corner s\u0142u\u017cy jako pomost mi\u0119dzy dwiema przecinaj\u0105cymi si\u0119 \u015bcianami, zapewniaj\u0105c nie tylko wsparcie, ale tak\u017ce dopracowany wygl\u0105d, kt\u00f3ry podnosi og\u00f3lny poziom projektu. Jego unikalna struktura pozwala na r\u00f3wnomierne roz\u0142o\u017cenie obci\u0105\u017ce\u0144, zwi\u0119kszaj\u0105c w ten spos\u00f3b trwa\u0142o\u015b\u0107 \u0142\u0105czonych \u015bcian. Zrozumienie znaczenia takich komponent\u00f3w mo\u017ce prowadzi\u0107 do bardziej odpornych i atrakcyjnych wizualnie rezultat\u00f3w w ka\u017cdym projekcie budowlanym.<\/p>\n<h3>Wszechstronno\u015b\u0107 i zdolno\u015b\u0107 adaptacji<\/h3>\n<p>Jedn\u0105 z kluczowych zalet naro\u017cnika wewn\u0119trznego jest jego wszechstronno\u015b\u0107. Niezale\u017cnie od tego, czy jest to budownictwo mieszkaniowe, czy komercyjne, produkt ten mo\u017cna dostosowa\u0107 do r\u00f3\u017cnych materia\u0142\u00f3w, w tym betonu, drewna i metalu. Ta zdolno\u015b\u0107 adaptacji sprawia, \u017ce jest to idealny wyb\u00f3r dla wykonawc\u00f3w i budowniczych, kt\u00f3rzy chc\u0105 usprawni\u0107 swoje procesy bez uszczerbku dla jako\u015bci.<\/p>\n<p>Instalacja jest kolejnym kluczowym aspektem, w kt\u00f3rym Inside Corner wyr\u00f3\u017cnia si\u0119 na tle konkurencji. Tradycyjne rozwi\u0105zania naro\u017cne cz\u0119sto wymagaj\u0105 du\u017cego nak\u0142adu pracy i czasu, ale ten produkt znacznie upraszcza ten proces. Zaprojektowany z my\u015bl\u0105 o \u0142atwej integracji, Inside Corner pozwala na szybszy monta\u017c, umo\u017cliwiaj\u0105c realizacj\u0119 projekt\u00f3w zgodnie z harmonogramem. Co wi\u0119cej, jego intuicyjna konstrukcja minimalizuje ryzyko b\u0142\u0119d\u00f3w podczas instalacji, co jest cz\u0119stym problemem w budownictwie.<\/p>\n<h3>Poprawa integralno\u015bci strukturalnej i estetyki<\/h3>\n<p>Z punktu widzenia bezpiecze\u0144stwa, zastosowanie naro\u017cnika wewn\u0119trznego mo\u017ce przyczyni\u0107 si\u0119 do og\u00f3lnej stabilno\u015bci konstrukcji. Naro\u017cniki s\u0105 cz\u0119sto punktami napr\u0119\u017ce\u0144, a wzmocnienie tych obszar\u00f3w za pomoc\u0105 niezawodnego rozwi\u0105zania ma kluczowe znaczenie dla d\u0142ugoterminowej wydajno\u015bci. Skutecznie zarz\u0105dzaj\u0105c obci\u0105\u017ceniami napr\u0119\u017ceniowymi, produkt ten zmniejsza prawdopodobie\u0144stwo p\u0119kni\u0119\u0107 i innych problem\u00f3w strukturalnych, zapewniaj\u0105c bezpieczniejsze \u015brodowisko dla u\u017cytkownik\u00f3w.<\/p>\n<p>Pod wzgl\u0119dem estetycznym naro\u017cnik wewn\u0119trzny zwi\u0119ksza atrakcyjno\u015b\u0107 wizualn\u0105 przestrzeni. Zapewnia czysty, wyko\u0144czony wygl\u0105d, kt\u00f3ry mo\u017ce uzupe\u0142nia\u0107 r\u00f3\u017cne style architektoniczne. W czasach, w kt\u00f3rych design jest r\u00f3wnie wa\u017cny jak funkcjonalno\u015b\u0107, dba\u0142o\u015b\u0107 o estetyk\u0119 jest istotn\u0105 zalet\u0105, kt\u00f3rej nie mo\u017cna przeoczy\u0107.<\/p>\n<p>Co wi\u0119cej, zr\u00f3wnowa\u017cony rozw\u00f3j jest coraz wa\u017cniejszy w budownictwie, a Inside Corner wpisuje si\u0119 w ten trend. Wielu producent\u00f3w wytwarza obecnie te komponenty z ekologicznych materia\u0142\u00f3w, zapewniaj\u0105c post\u0119p w bran\u017cy budowlanej bez uszczerbku dla \u015brodowiska. Wybieraj\u0105c zr\u00f3wnowa\u017cone opcje, budowniczowie mog\u0105 przyczyni\u0107 si\u0119 do zdrowszej planety, jednocze\u015bnie osi\u0105gaj\u0105c po\u017c\u0105dan\u0105 integralno\u015b\u0107 strukturaln\u0105.<\/p>\n<h3>Op\u0142acalno\u015b\u0107 i d\u0142ugoterminowe korzy\u015bci<\/h3>\n<p>Pod wzgl\u0119dem op\u0142acalno\u015bci, Inside Corner stanowi przekonuj\u0105cy argument. Chocia\u017c pocz\u0105tkowa inwestycja mo\u017ce wydawa\u0107 si\u0119 skromna, d\u0142ugoterminowe oszcz\u0119dno\u015bci wynikaj\u0105ce z obni\u017conych koszt\u00f3w pracy, mniejszej ilo\u015bci odpad\u00f3w materia\u0142owych i mniejszej konserwacji sprawiaj\u0105, \u017ce jest to m\u0105dry wyb\u00f3r dla ka\u017cdego projektu. Trwa\u0142o\u015b\u0107 i wydajno\u015b\u0107 tego produktu oznacza, \u017ce zwraca si\u0119 on z czasem, co czyni go doskona\u0142\u0105 inwestycj\u0105 zar\u00f3wno dla budowniczych, jak i wykonawc\u00f3w.<\/p>\n<p>Kolejnym aspektem, kt\u00f3ry nale\u017cy wzi\u0105\u0107 pod uwag\u0119, jest wsparcie zapewniane przez producent\u00f3w Inside Corner. Wiele renomowanych firm oferuje kompleksow\u0105 obs\u0142ug\u0119 klienta, w tym szczeg\u00f3\u0142owe instrukcje instalacji, wsparcie techniczne, a nawet szkolenia dla zespo\u0142\u00f3w. Tego rodzaju pomoc gwarantuje, \u017ce nawet nowicjusze w bran\u017cy budowlanej mog\u0105 bez obaw zintegrowa\u0107 ten produkt, co dodatkowo zwi\u0119ksza jego atrakcyjno\u015b\u0107.<\/p>\n<h3>Wnioski: Przyj\u0119cie innowacji w praktykach budowlanych<\/h3>\n<p>W miar\u0119 jak zag\u0142\u0119biamy si\u0119 w \u015bwiat materia\u0142\u00f3w budowlanych, staje si\u0119 oczywiste, \u017ce naro\u017cnik wewn\u0119trzny nie jest tylko prostym \u0142\u0105cznikiem, ale istotnym elementem wp\u0142ywaj\u0105cym na sukces projektu. Jego wieloaspektowe zalety obejmuj\u0105 integralno\u015b\u0107 strukturaln\u0105 i popraw\u0119 estetyki, a tak\u017ce zr\u00f3wnowa\u017cony rozw\u00f3j i oszcz\u0119dno\u015b\u0107 koszt\u00f3w. Produkt ten zawiera w sobie istot\u0119 nowoczesnego budownictwa: wydajno\u015b\u0107, niezawodno\u015b\u0107 i harmoni\u0119 projektu.<\/p>\n<p>Podsumowuj\u0105c, naro\u017cnik wewn\u0119trzny jest niezb\u0119dnym elementem, kt\u00f3rego nie nale\u017cy lekcewa\u017cy\u0107. Jego rola w osi\u0105ganiu zar\u00f3wno wytrzyma\u0142o\u015bci, jak i pi\u0119kna naro\u017cnik\u00f3w jest nie do przecenienia. Wybieraj\u0105c ten produkt, budowniczowie i wykonawcy mog\u0105 mie\u0107 pewno\u015b\u0107, \u017ce inwestuj\u0105 w rozwi\u0105zanie, kt\u00f3re oferuje d\u0142ugoterminowe korzy\u015bci, ostatecznie prowadz\u0105c do udanych wynik\u00f3w budowy. Niezale\u017cnie od tego, czy pracujesz nad niewielkim remontem, czy projektem na du\u017c\u0105 skal\u0119, zastosowanie Inside Corner mo\u017ce znacznie podnie\u015b\u0107 jako\u015b\u0107 Twojej pracy i przyczyni\u0107 si\u0119 do stworzenia przestrzeni, kt\u00f3re s\u0105 nie tylko funkcjonalne, ale tak\u017ce osza\u0142amiaj\u0105ce wizualnie.<\/p>\n<p>Zastosowanie Inside Corner w praktyce budowlanej to krok w kierunku poprawy jako\u015bci i wydajno\u015bci. Dzi\u0119ki swoim niezwyk\u0142ym cechom i zaletom, naro\u017cnik ten wyr\u00f3\u017cnia si\u0119 jako kluczowy gracz w krajobrazie budowlanym. Rozumiej\u0105c jego warto\u015b\u0107 i w\u0142\u0105czaj\u0105c go do projekt\u00f3w, mo\u017cna zapewni\u0107, \u017ce naro\u017cniki s\u0105 nie tylko funkcjonalne, ale tak\u017ce integraln\u0105 cz\u0119\u015bci\u0105 pi\u0119kna i wytrzyma\u0142o\u015bci konstrukcji.<\/p>","protected":false},"excerpt":{"rendered":"<p>Naro\u017cnik wewn\u0119trzny jest niezb\u0119dnym elementem konstrukcyjnym, zaprojektowanym w celu zapewnienia integralno\u015bci strukturalnej i estetycznego wygl\u0105du naro\u017cnik\u00f3w. Zaprojektowany z my\u015bl\u0105 o trwa\u0142o\u015bci i wszechstronno\u015bci, produkt ten nadaje si\u0119 do r\u00f3\u017cnych zastosowa\u0144, zapewniaj\u0105c p\u0142ynn\u0105 integracj\u0119 z istniej\u0105cymi konstrukcjami. Jego innowacyjna konstrukcja u\u0142atwia instalacj\u0119, jednocze\u015bnie zwi\u0119kszaj\u0105c og\u00f3ln\u0105 stabilno\u015b\u0107, co czyni go cennym dodatkiem do ka\u017cdego projektu budowlanego.<\/p>","protected":false},"featured_media":7979,"comment_status":"open","ping_status":"closed","template":"","meta":{"site-sidebar-layout":"default","site-content-layout":"","ast-site-content-layout":"default","site-content-style":"default","site-sidebar-style":"default","ast-global-header-display":"","ast-banner-title-visibility":"","ast-main-header-display":"","ast-hfb-above-header-display":"","ast-hfb-below-header-display":"","ast-hfb-mobile-header-display":"","site-post-title":"","ast-breadcrumbs-content":"","ast-featured-img":"","footer-sml-layout":"","theme-transparent-header-meta":"default","adv-header-id-meta":"","stick-header-meta":"default","header-above-stick-meta":"","header-main-stick-meta":"","header-below-stick-meta":"","astra-migrate-meta-layouts":"set","ast-page-background-enabled":"default","ast-page-background-meta":{"desktop":{"background-color":"","background-image":"","background-repeat":"repeat","background-position":"center center","background-size":"auto","background-attachment":"scroll","background-type":"","background-media":"","overlay-type":"","overlay-color":"","overlay-opacity":"","overlay-gradient":""},"tablet":{"background-color":"","background-image":"","background-repeat":"repeat","background-position":"center center","background-size":"auto","background-attachment":"scroll","background-type":"","background-media":"","overlay-type":"","overlay-color":"","overlay-opacity":"","overlay-gradient":""},"mobile":{"background-color":"","background-image":"","background-repeat":"repeat","background-position":"center center","background-size":"auto","background-attachment":"scroll","background-type":"","background-media":"","overlay-type":"","overlay-color":"","overlay-opacity":"","overlay-gradient":""}},"ast-content-background-meta":{"desktop":{"background-color":"var(--ast-global-color-5)","background-image":"","background-repeat":"repeat","background-position":"center center","background-size":"auto","background-attachment":"scroll","background-type":"","background-media":"","overlay-type":"","overlay-color":"","overlay-opacity":"","overlay-gradient":""},"tablet":{"background-color":"var(--ast-global-color-5)","background-image":"","background-repeat":"repeat","background-position":"center center","background-size":"auto","background-attachment":"scroll","background-type":"","background-media":"","overlay-type":"","overlay-color":"","overlay-opacity":"","overlay-gradient":""},"mobile":{"background-color":"var(--ast-global-color-5)","background-image":"","background-repeat":"repeat","background-position":"center center","background-size":"auto","background-attachment":"scroll","background-type":"","background-media":"","overlay-type":"","overlay-color":"","overlay-opacity":"","overlay-gradient":""}}},"product_brand":[],"product_cat":[29],"product_tag":[],"class_list":{"0":"post-7968","1":"product","2":"type-product","3":"status-publish","4":"has-post-thumbnail","6":"product_cat-formwork-system","7":"desktop-align-left","8":"tablet-align-left","9":"mobile-align-left","10":"ast-product-gallery-layout-horizontal-slider","11":"ast-product-tabs-layout-horizontal","13":"first","14":"instock","15":"shipping-taxable","16":"purchasable","17":"product-type-simple"},"yoast_head":"<!-- This site is optimized with the Yoast SEO plugin v25.2 - https:\/\/yoast.com\/wordpress\/plugins\/seo\/ -->\n<title>Inside Corner<\/title>\n<meta name=\"robots\" content=\"index, follow, max-snippet:-1, max-image-preview:large, max-video-preview:-1\" \/>\n<link rel=\"canonical\" href=\"https:\/\/qingdaohf.com\/pl\/produkt\/wewnetrzny-naroznik\/\" \/>\n<meta property=\"og:locale\" content=\"pl_PL\" \/>\n<meta property=\"og:type\" content=\"article\" \/>\n<meta property=\"og:title\" content=\"Inside Corner\" \/>\n<meta property=\"og:description\" content=\"The Inside Corner is an essential component in construction, designed to provide structural integrity and aesthetic appeal in corners. Engineered for durability and versatility, this product is suitable for various applications, ensuring seamless integration with existing structures. Its innovative design facilitates easy installation while enhancing overall stability, making it a valuable addition to any building project.\" \/>\n<meta property=\"og:url\" content=\"https:\/\/qingdaohf.com\/pl\/produkt\/wewnetrzny-naroznik\/\" \/>\n<meta property=\"og:site_name\" content=\"Concrete Form &amp; Rigging Hardware Supplier\" \/>\n<meta property=\"article:publisher\" content=\"https:\/\/www.facebook.com\/qingdaohf\" \/>\n<meta property=\"article:modified_time\" content=\"2025-11-13T01:03:13+00:00\" \/>\n<meta property=\"og:image\" content=\"https:\/\/qingdaohf.com\/wp-content\/uploads\/2024\/09\/concrete-INSIDE-CORNER-1.webp\" \/>\n\t<meta property=\"og:image:width\" content=\"1000\" \/>\n\t<meta property=\"og:image:height\" content=\"1000\" \/>\n\t<meta property=\"og:image:type\" content=\"image\/webp\" \/>\n<meta name=\"twitter:card\" content=\"summary_large_image\" \/>\n<meta name=\"twitter:label1\" content=\"Szacowany czas czytania\" \/>\n\t<meta name=\"twitter:data1\" content=\"4 minuty\" \/>\n<script type=\"application\/ld+json\" class=\"yoast-schema-graph\">{\"@context\":\"https:\/\/schema.org\",\"@graph\":[{\"@type\":\"WebPage\",\"@id\":\"https:\/\/qingdaohf.com\/product\/inside-corner\/\",\"url\":\"https:\/\/qingdaohf.com\/product\/inside-corner\/\",\"name\":\"Inside Corner\",\"isPartOf\":{\"@id\":\"https:\/\/qingdaohf.com\/bg\/#website\"},\"primaryImageOfPage\":{\"@id\":\"https:\/\/qingdaohf.com\/product\/inside-corner\/#primaryimage\"},\"image\":{\"@id\":\"https:\/\/qingdaohf.com\/product\/inside-corner\/#primaryimage\"},\"thumbnailUrl\":\"https:\/\/qingdaohf.com\/wp-content\/uploads\/2024\/09\/concrete-INSIDE-CORNER-1.webp\",\"datePublished\":\"2024-09-30T06:05:29+00:00\",\"dateModified\":\"2025-11-13T01:03:13+00:00\",\"breadcrumb\":{\"@id\":\"https:\/\/qingdaohf.com\/product\/inside-corner\/#breadcrumb\"},\"inLanguage\":\"pl-PL\",\"potentialAction\":[{\"@type\":\"ReadAction\",\"target\":[\"https:\/\/qingdaohf.com\/product\/inside-corner\/\"]}]},{\"@type\":\"ImageObject\",\"inLanguage\":\"pl-PL\",\"@id\":\"https:\/\/qingdaohf.com\/product\/inside-corner\/#primaryimage\",\"url\":\"https:\/\/qingdaohf.com\/wp-content\/uploads\/2024\/09\/concrete-INSIDE-CORNER-1.webp\",\"contentUrl\":\"https:\/\/qingdaohf.com\/wp-content\/uploads\/2024\/09\/concrete-INSIDE-CORNER-1.webp\",\"width\":1000,\"height\":1000,\"caption\":\"INSIDE CORNER\"},{\"@type\":\"BreadcrumbList\",\"@id\":\"https:\/\/qingdaohf.com\/product\/inside-corner\/#breadcrumb\",\"itemListElement\":[{\"@type\":\"ListItem\",\"position\":1,\"name\":\"Home\",\"item\":\"https:\/\/qingdaohf.com\/\"},{\"@type\":\"ListItem\",\"position\":2,\"name\":\"Concrete Forming Accessories and Rigging Hardware\",\"item\":\"https:\/\/qingdaohf.com\/bg\/?page_id=944\"},{\"@type\":\"ListItem\",\"position\":3,\"name\":\"Inside Corner\"}]},{\"@type\":\"WebSite\",\"@id\":\"https:\/\/qingdaohf.com\/bg\/#website\",\"url\":\"https:\/\/qingdaohf.com\/bg\/\",\"name\":\"Concrete Form & Rigging Hardware Supplier\",\"description\":\"\",\"publisher\":{\"@id\":\"https:\/\/qingdaohf.com\/bg\/#organization\"},\"potentialAction\":[{\"@type\":\"SearchAction\",\"target\":{\"@type\":\"EntryPoint\",\"urlTemplate\":\"https:\/\/qingdaohf.com\/bg\/?s={search_term_string}\"},\"query-input\":{\"@type\":\"PropertyValueSpecification\",\"valueRequired\":true,\"valueName\":\"search_term_string\"}}],\"inLanguage\":\"pl-PL\"},{\"@type\":\"Organization\",\"@id\":\"https:\/\/qingdaohf.com\/bg\/#organization\",\"name\":\"Qingdao H&F\",\"url\":\"https:\/\/qingdaohf.com\/bg\/\",\"logo\":{\"@type\":\"ImageObject\",\"inLanguage\":\"pl-PL\",\"@id\":\"https:\/\/qingdaohf.com\/bg\/#\/schema\/logo\/image\/\",\"url\":\"https:\/\/qingdaohf.com\/wp-content\/uploads\/2022\/12\/cropped-HF-LOGO.png\",\"contentUrl\":\"https:\/\/qingdaohf.com\/wp-content\/uploads\/2022\/12\/cropped-HF-LOGO.png\",\"width\":391,\"height\":249,\"caption\":\"Qingdao H&F\"},\"image\":{\"@id\":\"https:\/\/qingdaohf.com\/bg\/#\/schema\/logo\/image\/\"},\"sameAs\":[\"https:\/\/www.facebook.com\/qingdaohf\"]}]}<\/script>\n<!-- \/ Yoast SEO plugin. -->","yoast_head_json":{"title":"Inside Corner","robots":{"index":"index","follow":"follow","max-snippet":"max-snippet:-1","max-image-preview":"max-image-preview:large","max-video-preview":"max-video-preview:-1"},"canonical":"https:\/\/qingdaohf.com\/pl\/produkt\/wewnetrzny-naroznik\/","og_locale":"pl_PL","og_type":"article","og_title":"Inside Corner","og_description":"The Inside Corner is an essential component in construction, designed to provide structural integrity and aesthetic appeal in corners. Engineered for durability and versatility, this product is suitable for various applications, ensuring seamless integration with existing structures. Its innovative design facilitates easy installation while enhancing overall stability, making it a valuable addition to any building project.","og_url":"https:\/\/qingdaohf.com\/pl\/produkt\/wewnetrzny-naroznik\/","og_site_name":"Concrete Form &amp; Rigging Hardware Supplier","article_publisher":"https:\/\/www.facebook.com\/qingdaohf","article_modified_time":"2025-11-13T01:03:13+00:00","og_image":[{"width":1000,"height":1000,"url":"https:\/\/qingdaohf.com\/wp-content\/uploads\/2024\/09\/concrete-INSIDE-CORNER-1.webp","type":"image\/webp"}],"twitter_card":"summary_large_image","twitter_misc":{"Szacowany czas czytania":"4 minuty"},"schema":{"@context":"https:\/\/schema.org","@graph":[{"@type":"WebPage","@id":"https:\/\/qingdaohf.com\/product\/inside-corner\/","url":"https:\/\/qingdaohf.com\/product\/inside-corner\/","name":"Inside Corner","isPartOf":{"@id":"https:\/\/qingdaohf.com\/bg\/#website"},"primaryImageOfPage":{"@id":"https:\/\/qingdaohf.com\/product\/inside-corner\/#primaryimage"},"image":{"@id":"https:\/\/qingdaohf.com\/product\/inside-corner\/#primaryimage"},"thumbnailUrl":"https:\/\/qingdaohf.com\/wp-content\/uploads\/2024\/09\/concrete-INSIDE-CORNER-1.webp","datePublished":"2024-09-30T06:05:29+00:00","dateModified":"2025-11-13T01:03:13+00:00","breadcrumb":{"@id":"https:\/\/qingdaohf.com\/product\/inside-corner\/#breadcrumb"},"inLanguage":"pl-PL","potentialAction":[{"@type":"ReadAction","target":["https:\/\/qingdaohf.com\/product\/inside-corner\/"]}]},{"@type":"ImageObject","inLanguage":"pl-PL","@id":"https:\/\/qingdaohf.com\/product\/inside-corner\/#primaryimage","url":"https:\/\/qingdaohf.com\/wp-content\/uploads\/2024\/09\/concrete-INSIDE-CORNER-1.webp","contentUrl":"https:\/\/qingdaohf.com\/wp-content\/uploads\/2024\/09\/concrete-INSIDE-CORNER-1.webp","width":1000,"height":1000,"caption":"INSIDE CORNER"},{"@type":"BreadcrumbList","@id":"https:\/\/qingdaohf.com\/product\/inside-corner\/#breadcrumb","itemListElement":[{"@type":"ListItem","position":1,"name":"Home","item":"https:\/\/qingdaohf.com\/"},{"@type":"ListItem","position":2,"name":"Concrete Forming Accessories and Rigging Hardware","item":"https:\/\/qingdaohf.com\/bg\/?page_id=944"},{"@type":"ListItem","position":3,"name":"Inside Corner"}]},{"@type":"WebSite","@id":"https:\/\/qingdaohf.com\/bg\/#website","url":"https:\/\/qingdaohf.com\/bg\/","name":"Concrete Form & Rigging Hardware Supplier","description":"","publisher":{"@id":"https:\/\/qingdaohf.com\/bg\/#organization"},"potentialAction":[{"@type":"SearchAction","target":{"@type":"EntryPoint","urlTemplate":"https:\/\/qingdaohf.com\/bg\/?s={search_term_string}"},"query-input":{"@type":"PropertyValueSpecification","valueRequired":true,"valueName":"search_term_string"}}],"inLanguage":"pl-PL"},{"@type":"Organization","@id":"https:\/\/qingdaohf.com\/bg\/#organization","name":"Qingdao H&F","url":"https:\/\/qingdaohf.com\/bg\/","logo":{"@type":"ImageObject","inLanguage":"pl-PL","@id":"https:\/\/qingdaohf.com\/bg\/#\/schema\/logo\/image\/","url":"https:\/\/qingdaohf.com\/wp-content\/uploads\/2022\/12\/cropped-HF-LOGO.png","contentUrl":"https:\/\/qingdaohf.com\/wp-content\/uploads\/2022\/12\/cropped-HF-LOGO.png","width":391,"height":249,"caption":"Qingdao H&F"},"image":{"@id":"https:\/\/qingdaohf.com\/bg\/#\/schema\/logo\/image\/"},"sameAs":["https:\/\/www.facebook.com\/qingdaohf"]}]}},"_links":{"self":[{"href":"https:\/\/qingdaohf.com\/pl\/wp-json\/wp\/v2\/product\/7968","targetHints":{"allow":["GET"]}}],"collection":[{"href":"https:\/\/qingdaohf.com\/pl\/wp-json\/wp\/v2\/product"}],"about":[{"href":"https:\/\/qingdaohf.com\/pl\/wp-json\/wp\/v2\/types\/product"}],"replies":[{"embeddable":true,"href":"https:\/\/qingdaohf.com\/pl\/wp-json\/wp\/v2\/comments?post=7968"}],"version-history":[{"count":2,"href":"https:\/\/qingdaohf.com\/pl\/wp-json\/wp\/v2\/product\/7968\/revisions"}],"predecessor-version":[{"id":7982,"href":"https:\/\/qingdaohf.com\/pl\/wp-json\/wp\/v2\/product\/7968\/revisions\/7982"}],"wp:featuredmedia":[{"embeddable":true,"href":"https:\/\/qingdaohf.com\/pl\/wp-json\/wp\/v2\/media\/7979"}],"wp:attachment":[{"href":"https:\/\/qingdaohf.com\/pl\/wp-json\/wp\/v2\/media?parent=7968"}],"wp:term":[{"taxonomy":"product_brand","embeddable":true,"href":"https:\/\/qingdaohf.com\/pl\/wp-json\/wp\/v2\/product_brand?post=7968"},{"taxonomy":"product_cat","embeddable":true,"href":"https:\/\/qingdaohf.com\/pl\/wp-json\/wp\/v2\/product_cat?post=7968"},{"taxonomy":"product_tag","embeddable":true,"href":"https:\/\/qingdaohf.com\/pl\/wp-json\/wp\/v2\/product_tag?post=7968"}],"curies":[{"name":"wp","href":"https:\/\/api.w.org\/{rel}","templated":true}]}}