{"id":7983,"date":"2024-09-30T14:34:11","date_gmt":"2024-09-30T06:34:11","guid":{"rendered":"http:\/\/qingdaohf.com\/?post_type=product&#038;p=7983"},"modified":"2025-11-13T09:03:13","modified_gmt":"2025-11-13T01:03:13","slug":"rebar-individual-high-chair","status":"publish","type":"product","link":"https:\/\/qingdaohf.com\/pl\/produkt\/indywidualne-krzeselko-do-karmienia\/","title":{"rendered":"Indywidualne wysokie krzes\u0142o Rebar"},"content":{"rendered":"<h3>Zrozumienie znaczenia pr\u0119t\u00f3w zbrojeniowych w indywidualnych wysokich krzes\u0142ach<\/h3>\n<p>W dziedzinie konstrukcji betonowych nie mo\u017cna przeceni\u0107 znaczenia prawid\u0142owego umieszczenia pr\u0119t\u00f3w zbrojeniowych. Pr\u0119ty zbrojeniowe s\u0142u\u017c\u0105 jako szkielet konstrukcji betonowych, zwi\u0119kszaj\u0105c ich wytrzyma\u0142o\u015b\u0107 i trwa\u0142o\u015b\u0107. Jednak\u017ce, aby osi\u0105gn\u0105\u0107 po\u017c\u0105dan\u0105 integralno\u015b\u0107 strukturaln\u0105, kluczowe jest dok\u0142adne rozmieszczenie pr\u0119t\u00f3w zbrojeniowych. W tym miejscu do gry wkracza Rebar Individual High Chair. Zaprojektowany specjalnie do podnoszenia pr\u0119t\u00f3w zbrojeniowych, produkt ten nie tylko wspiera ci\u0119\u017car pr\u0119t\u00f3w zbrojeniowych, ale tak\u017ce zapewnia, \u017ce pozostaj\u0105 one na odpowiedniej wysoko\u015bci przez ca\u0142y proces wylewania betonu.<\/p>\n<p>Indywidualne wysokie krzes\u0142o do pr\u0119t\u00f3w zbrojeniowych zosta\u0142o zaprojektowane tak, aby zapewni\u0107 optymaln\u0105 wysoko\u015b\u0107, kt\u00f3ra utrzymuje pr\u0119ty zbrojeniowe odpowiednio zawieszone w mieszance betonowej. Wysoko\u015b\u0107 ta ma kluczowe znaczenie, poniewa\u017c zapobiega korozji i sprzyja prawid\u0142owemu wi\u0105zaniu pr\u0119t\u00f3w zbrojeniowych z betonem. Ponadto, utrzymuj\u0105c sta\u0142y odst\u0119p, wysokie krzes\u0142o u\u0142atwia r\u00f3wnomierne roz\u0142o\u017cenie napr\u0119\u017ce\u0144 w ca\u0142ej konstrukcji, znacznie zwi\u0119kszaj\u0105c jej no\u015bno\u015b\u0107.<\/p>\n<h3>Kluczowe cechy i zalety indywidualnych wysokich krzese\u0142ek Rebar<\/h3>\n<p>Jedn\u0105 z wyr\u00f3\u017cniaj\u0105cych si\u0119 cech wysokiego krzes\u0142a Rebar Individual jest jego solidna konstrukcja. Wykonane z wysokiej jako\u015bci materia\u0142\u00f3w, zosta\u0142o zaprojektowane tak, aby wytrzyma\u0107 rygory \u015brodowiska budowlanego. Jego trwa\u0142o\u015b\u0107 sprawia, \u017ce nie wygina si\u0119 ani nie \u0142amie pod naciskiem, zapewniaj\u0105c niezawodne wsparcie podczas krytycznych etap\u00f3w budowy.<\/p>\n<p>Dodatkowo, krzes\u0142o Rebar Individual High Chair jest wszechstronne. Dost\u0119pne w r\u00f3\u017cnych rozmiarach, mo\u017ce pomie\u015bci\u0107 pr\u0119ty zbrojeniowe o r\u00f3\u017cnych \u015brednicach, dzi\u0119ki czemu nadaje si\u0119 do szerokiej gamy projekt\u00f3w. Ta zdolno\u015b\u0107 adaptacji jest szczeg\u00f3lnie korzystna dla wykonawc\u00f3w, kt\u00f3rzy cz\u0119sto pracuj\u0105 na r\u00f3\u017cnych placach budowy, umo\u017cliwiaj\u0105c im korzystanie z tego samego wysokiego krzes\u0142a do wielu zastosowa\u0144.<\/p>\n<p>Kolejn\u0105 istotn\u0105 zalet\u0105 korzystania z indywidualnego wysokiego krzes\u0142a Rebar jest \u0142atwo\u015b\u0107 instalacji. Dzi\u0119ki prostej konfiguracji zespo\u0142y budowlane mog\u0105 efektywnie ustawia\u0107 wysokie krzes\u0142a bez nadmiernego czasu i wysi\u0142ku. Wydajno\u015b\u0107 ta przek\u0142ada si\u0119 na oszcz\u0119dno\u015b\u0107 pracy, umo\u017cliwiaj\u0105c zespo\u0142om bardziej efektywn\u0105 alokacj\u0119 zasob\u00f3w.<\/p>\n<p>Co wi\u0119cej, konstrukcja indywidualnego wysokiego krzes\u0142a do pr\u0119t\u00f3w zbrojeniowych zwi\u0119ksza bezpiecze\u0144stwo w miejscu pracy. Zapewniaj\u0105c, \u017ce pr\u0119ty zbrojeniowe s\u0105 prawid\u0142owo u\u0142o\u017cone i zabezpieczone, minimalizuje ryzyko wypadk\u00f3w zwi\u0105zanych z niew\u0142a\u015bciwym ustawieniem pr\u0119t\u00f3w zbrojeniowych. Skupienie si\u0119 na bezpiecze\u0144stwie nie tylko chroni pracownik\u00f3w, ale tak\u017ce poprawia og\u00f3ln\u0105 jako\u015b\u0107 projektu budowlanego.<\/p>\n<h3>Zastosowanie w rzeczywistych scenariuszach<\/h3>\n<p>Aby naprawd\u0119 doceni\u0107 warto\u015b\u0107 wysokiego krzes\u0142a Rebar Individual, nale\u017cy rozwa\u017cy\u0107 jego zastosowanie w rzeczywistych scenariuszach. Na przyk\u0142ad przy budowie wielopi\u0119trowego budynku integralno\u015b\u0107 strukturalna ka\u017cdego pi\u0119tra zale\u017cy w du\u017cej mierze od prawid\u0142owego rozmieszczenia pr\u0119t\u00f3w zbrojeniowych. Wykorzystuj\u0105c indywidualne krzes\u0142a zbrojeniowe, wykonawcy mog\u0105 zapewni\u0107, \u017ce pr\u0119ty zbrojeniowe pozostan\u0105 na wymaganej wysoko\u015bci, u\u0142atwiaj\u0105c silne po\u0142\u0105czenie z betonem.<\/p>\n<p>Podobnie w przypadku projekt\u00f3w infrastrukturalnych, takich jak mosty i autostrady, stawka jest jeszcze wy\u017csza. Indywidualne krzes\u0142o zbrojeniowe odgrywa kluczow\u0105 rol\u0119 w zapewnieniu, \u017ce pr\u0119ty zbrojeniowe s\u0105 prawid\u0142owo rozmieszczone, aby wytrzyma\u0107 ogromne obci\u0105\u017cenia, jakie b\u0119d\u0105 przenosi\u0107 te konstrukcje. Ten poziom niezawodno\u015bci ma kluczowe znaczenie, poniewa\u017c bezpo\u015brednio wp\u0142ywa na trwa\u0142o\u015b\u0107 i bezpiecze\u0144stwo infrastruktury.<\/p>\n<p>Ponadto, indywidualne krzes\u0142o zbrojarskie mo\u017ce by\u0107 wykorzystywane w r\u00f3\u017cnych zastosowaniach, w tym w projektach mieszkaniowych, komercyjnych i przemys\u0142owych. Niezale\u017cnie od tego, czy chodzi o zbrojenie p\u0142yt, belek czy kolumn, to wysokie krzes\u0142o okazuje si\u0119 by\u0107 nieocenionym narz\u0119dziem do osi\u0105gania wysokiej jako\u015bci rezultat\u00f3w.<\/p>\n<h3>Wnioski: Przysz\u0142o\u015b\u0107 konstrukcji betonowych z indywidualnymi krzes\u0142ami zbrojeniowymi<\/h3>\n<p>Podsumowuj\u0105c, wysokie krzes\u0142o do zbrojenia to co\u015b wi\u0119cej ni\u017c tylko akcesorium budowlane; to kluczowy element zapewniaj\u0105cy powodzenie projekt\u00f3w betonowych. Zapewniaj\u0105c optymalne wsparcie i stabilno\u015b\u0107 podczas umieszczania pr\u0119t\u00f3w zbrojeniowych, zwi\u0119ksza og\u00f3ln\u0105 integralno\u015b\u0107 konstrukcji. Jego trwa\u0142o\u015b\u0107, wszechstronno\u015b\u0107 i \u0142atwo\u015b\u0107 u\u017cytkowania sprawiaj\u0105, \u017ce jest to niezb\u0119dne narz\u0119dzie dla profesjonalist\u00f3w budowlanych, kt\u00f3rzy stawiaj\u0105 na jako\u015b\u0107 i bezpiecze\u0144stwo.<\/p>\n<p>Poniewa\u017c bran\u017ca budowlana wci\u0105\u017c ewoluuje, wdra\u017canie innowacyjnych rozwi\u0105za\u0144, takich jak wysokie krzes\u0142o Rebar Individual, bez w\u0105tpienia odegra kluczow\u0105 rol\u0119 w kszta\u0142towaniu przysz\u0142o\u015bci budownictwa betonowego. Inwestuj\u0105c w wysokiej jako\u015bci sprz\u0119t, wykonawcy mog\u0105 zapewni\u0107, \u017ce ich projekty spe\u0142niaj\u0105 najwy\u017csze standardy bezpiecze\u0144stwa i wydajno\u015bci.<\/p>\n<p>Ostatecznie, Rebar Individual High Chair reprezentuje zobowi\u0105zanie do doskona\u0142o\u015bci w budownictwie betonowym, umo\u017cliwiaj\u0105c zespo\u0142om budowanie solidnych konstrukcji, kt\u00f3re przetrwaj\u0105 pr\u00f3b\u0119 czasu. Wybieraj\u0105c ten produkt, profesjonali\u015bci budowlani mog\u0105 podnie\u015b\u0107 poziom swoich projekt\u00f3w, zapewniaj\u0105c, \u017ce ka\u017cdy element jest przygotowany na sukces.<\/p>","protected":false},"excerpt":{"rendered":"<p>Indywidualne krzes\u0142o zbrojeniowe jest niezb\u0119dnym narz\u0119dziem do wzmacniania konstrukcji betonowych, zapewniaj\u0105c optymalne wsparcie i stabilno\u015b\u0107 podczas procesu wylewania. Zaprojektowane z my\u015bl\u0105 o wydajno\u015bci, to wysokie krzes\u0142o zapewnia precyzyjne podnoszenie pr\u0119t\u00f3w zbrojeniowych, zwi\u0119kszaj\u0105c og\u00f3ln\u0105 integralno\u015b\u0107 zastosowa\u0144 betonowych. Jego trwa\u0142a konstrukcja i \u0142atwo\u015b\u0107 u\u017cytkowania sprawiaj\u0105, \u017ce jest to nieoceniony atut dla profesjonalist\u00f3w budowlanych poszukuj\u0105cych niezawodnych rozwi\u0105za\u0144 do umieszczania pr\u0119t\u00f3w zbrojeniowych.<\/p>","protected":false},"featured_media":7984,"comment_status":"open","ping_status":"closed","template":"","meta":{"site-sidebar-layout":"default","site-content-layout":"","ast-site-content-layout":"default","site-content-style":"default","site-sidebar-style":"default","ast-global-header-display":"","ast-banner-title-visibility":"","ast-main-header-display":"","ast-hfb-above-header-display":"","ast-hfb-below-header-display":"","ast-hfb-mobile-header-display":"","site-post-title":"","ast-breadcrumbs-content":"","ast-featured-img":"","footer-sml-layout":"","theme-transparent-header-meta":"default","adv-header-id-meta":"","stick-header-meta":"default","header-above-stick-meta":"","header-main-stick-meta":"","header-below-stick-meta":"","astra-migrate-meta-layouts":"set","ast-page-background-enabled":"default","ast-page-background-meta":{"desktop":{"background-color":"","background-image":"","background-repeat":"repeat","background-position":"center center","background-size":"auto","background-attachment":"scroll","background-type":"","background-media":"","overlay-type":"","overlay-color":"","overlay-opacity":"","overlay-gradient":""},"tablet":{"background-color":"","background-image":"","background-repeat":"repeat","background-position":"center center","background-size":"auto","background-attachment":"scroll","background-type":"","background-media":"","overlay-type":"","overlay-color":"","overlay-opacity":"","overlay-gradient":""},"mobile":{"background-color":"","background-image":"","background-repeat":"repeat","background-position":"center center","background-size":"auto","background-attachment":"scroll","background-type":"","background-media":"","overlay-type":"","overlay-color":"","overlay-opacity":"","overlay-gradient":""}},"ast-content-background-meta":{"desktop":{"background-color":"var(--ast-global-color-5)","background-image":"","background-repeat":"repeat","background-position":"center center","background-size":"auto","background-attachment":"scroll","background-type":"","background-media":"","overlay-type":"","overlay-color":"","overlay-opacity":"","overlay-gradient":""},"tablet":{"background-color":"var(--ast-global-color-5)","background-image":"","background-repeat":"repeat","background-position":"center center","background-size":"auto","background-attachment":"scroll","background-type":"","background-media":"","overlay-type":"","overlay-color":"","overlay-opacity":"","overlay-gradient":""},"mobile":{"background-color":"var(--ast-global-color-5)","background-image":"","background-repeat":"repeat","background-position":"center center","background-size":"auto","background-attachment":"scroll","background-type":"","background-media":"","overlay-type":"","overlay-color":"","overlay-opacity":"","overlay-gradient":""}}},"product_brand":[],"product_cat":[35],"product_tag":[],"class_list":{"0":"post-7983","1":"product","2":"type-product","3":"status-publish","4":"has-post-thumbnail","6":"product_cat-concrete-rebar-support","7":"desktop-align-left","8":"tablet-align-left","9":"mobile-align-left","10":"ast-product-gallery-layout-horizontal-slider","11":"ast-product-tabs-layout-horizontal","13":"first","14":"instock","15":"shipping-taxable","16":"purchasable","17":"product-type-simple"},"yoast_head":"<!-- This site is optimized with the Yoast SEO plugin v25.2 - https:\/\/yoast.com\/wordpress\/plugins\/seo\/ -->\n<title>Rebar Individual High Chair<\/title>\n<meta name=\"robots\" content=\"index, follow, max-snippet:-1, max-image-preview:large, max-video-preview:-1\" \/>\n<link rel=\"canonical\" href=\"https:\/\/qingdaohf.com\/pl\/produkt\/indywidualne-krzeselko-do-karmienia\/\" \/>\n<meta property=\"og:locale\" content=\"pl_PL\" \/>\n<meta property=\"og:type\" content=\"article\" \/>\n<meta property=\"og:title\" content=\"Rebar Individual High Chair\" \/>\n<meta property=\"og:description\" content=\"The Rebar Individual High Chair is an essential tool for reinforcing concrete structures, providing optimal support and stability during the pouring process. Engineered for efficiency, this high chair ensures precise elevation of rebar, enhancing the overall integrity of concrete applications. Its durable design and ease of use make it an invaluable asset for construction professionals seeking reliable solutions for rebar placement.\" \/>\n<meta property=\"og:url\" content=\"https:\/\/qingdaohf.com\/pl\/produkt\/indywidualne-krzeselko-do-karmienia\/\" \/>\n<meta property=\"og:site_name\" content=\"Concrete Form &amp; Rigging Hardware Supplier\" \/>\n<meta property=\"article:publisher\" content=\"https:\/\/www.facebook.com\/qingdaohf\" \/>\n<meta property=\"article:modified_time\" content=\"2025-11-13T01:03:13+00:00\" \/>\n<meta property=\"og:image\" content=\"https:\/\/qingdaohf.com\/wp-content\/uploads\/2024\/09\/Individual-High-Chair-12.webp\" \/>\n\t<meta property=\"og:image:width\" content=\"1280\" \/>\n\t<meta property=\"og:image:height\" content=\"1280\" \/>\n\t<meta property=\"og:image:type\" content=\"image\/webp\" \/>\n<meta name=\"twitter:card\" content=\"summary_large_image\" \/>\n<meta name=\"twitter:label1\" content=\"Szacowany czas czytania\" \/>\n\t<meta name=\"twitter:data1\" content=\"4 minuty\" \/>\n<script type=\"application\/ld+json\" class=\"yoast-schema-graph\">{\"@context\":\"https:\/\/schema.org\",\"@graph\":[{\"@type\":\"WebPage\",\"@id\":\"https:\/\/qingdaohf.com\/product\/rebar-individual-high-chair\/\",\"url\":\"https:\/\/qingdaohf.com\/product\/rebar-individual-high-chair\/\",\"name\":\"Rebar Individual High Chair\",\"isPartOf\":{\"@id\":\"https:\/\/qingdaohf.com\/bg\/#website\"},\"primaryImageOfPage\":{\"@id\":\"https:\/\/qingdaohf.com\/product\/rebar-individual-high-chair\/#primaryimage\"},\"image\":{\"@id\":\"https:\/\/qingdaohf.com\/product\/rebar-individual-high-chair\/#primaryimage\"},\"thumbnailUrl\":\"https:\/\/qingdaohf.com\/wp-content\/uploads\/2024\/09\/Individual-High-Chair-12.webp\",\"datePublished\":\"2024-09-30T06:34:11+00:00\",\"dateModified\":\"2025-11-13T01:03:13+00:00\",\"breadcrumb\":{\"@id\":\"https:\/\/qingdaohf.com\/product\/rebar-individual-high-chair\/#breadcrumb\"},\"inLanguage\":\"pl-PL\",\"potentialAction\":[{\"@type\":\"ReadAction\",\"target\":[\"https:\/\/qingdaohf.com\/product\/rebar-individual-high-chair\/\"]}]},{\"@type\":\"ImageObject\",\"inLanguage\":\"pl-PL\",\"@id\":\"https:\/\/qingdaohf.com\/product\/rebar-individual-high-chair\/#primaryimage\",\"url\":\"https:\/\/qingdaohf.com\/wp-content\/uploads\/2024\/09\/Individual-High-Chair-12.webp\",\"contentUrl\":\"https:\/\/qingdaohf.com\/wp-content\/uploads\/2024\/09\/Individual-High-Chair-12.webp\",\"width\":1280,\"height\":1280,\"caption\":\"Rebar Individual High Chair\"},{\"@type\":\"BreadcrumbList\",\"@id\":\"https:\/\/qingdaohf.com\/product\/rebar-individual-high-chair\/#breadcrumb\",\"itemListElement\":[{\"@type\":\"ListItem\",\"position\":1,\"name\":\"Home\",\"item\":\"https:\/\/qingdaohf.com\/\"},{\"@type\":\"ListItem\",\"position\":2,\"name\":\"Concrete Forming Accessories and Rigging Hardware\",\"item\":\"https:\/\/qingdaohf.com\/bg\/?page_id=944\"},{\"@type\":\"ListItem\",\"position\":3,\"name\":\"Rebar Individual High Chair\"}]},{\"@type\":\"WebSite\",\"@id\":\"https:\/\/qingdaohf.com\/bg\/#website\",\"url\":\"https:\/\/qingdaohf.com\/bg\/\",\"name\":\"Concrete Form & Rigging Hardware Supplier\",\"description\":\"\",\"publisher\":{\"@id\":\"https:\/\/qingdaohf.com\/bg\/#organization\"},\"potentialAction\":[{\"@type\":\"SearchAction\",\"target\":{\"@type\":\"EntryPoint\",\"urlTemplate\":\"https:\/\/qingdaohf.com\/bg\/?s={search_term_string}\"},\"query-input\":{\"@type\":\"PropertyValueSpecification\",\"valueRequired\":true,\"valueName\":\"search_term_string\"}}],\"inLanguage\":\"pl-PL\"},{\"@type\":\"Organization\",\"@id\":\"https:\/\/qingdaohf.com\/bg\/#organization\",\"name\":\"Qingdao H&F\",\"url\":\"https:\/\/qingdaohf.com\/bg\/\",\"logo\":{\"@type\":\"ImageObject\",\"inLanguage\":\"pl-PL\",\"@id\":\"https:\/\/qingdaohf.com\/bg\/#\/schema\/logo\/image\/\",\"url\":\"https:\/\/qingdaohf.com\/wp-content\/uploads\/2022\/12\/cropped-HF-LOGO.png\",\"contentUrl\":\"https:\/\/qingdaohf.com\/wp-content\/uploads\/2022\/12\/cropped-HF-LOGO.png\",\"width\":391,\"height\":249,\"caption\":\"Qingdao H&F\"},\"image\":{\"@id\":\"https:\/\/qingdaohf.com\/bg\/#\/schema\/logo\/image\/\"},\"sameAs\":[\"https:\/\/www.facebook.com\/qingdaohf\"]}]}<\/script>\n<!-- \/ Yoast SEO plugin. -->","yoast_head_json":{"title":"Rebar Individual High Chair","robots":{"index":"index","follow":"follow","max-snippet":"max-snippet:-1","max-image-preview":"max-image-preview:large","max-video-preview":"max-video-preview:-1"},"canonical":"https:\/\/qingdaohf.com\/pl\/produkt\/indywidualne-krzeselko-do-karmienia\/","og_locale":"pl_PL","og_type":"article","og_title":"Rebar Individual High Chair","og_description":"The Rebar Individual High Chair is an essential tool for reinforcing concrete structures, providing optimal support and stability during the pouring process. Engineered for efficiency, this high chair ensures precise elevation of rebar, enhancing the overall integrity of concrete applications. Its durable design and ease of use make it an invaluable asset for construction professionals seeking reliable solutions for rebar placement.","og_url":"https:\/\/qingdaohf.com\/pl\/produkt\/indywidualne-krzeselko-do-karmienia\/","og_site_name":"Concrete Form &amp; Rigging Hardware Supplier","article_publisher":"https:\/\/www.facebook.com\/qingdaohf","article_modified_time":"2025-11-13T01:03:13+00:00","og_image":[{"width":1280,"height":1280,"url":"https:\/\/qingdaohf.com\/wp-content\/uploads\/2024\/09\/Individual-High-Chair-12.webp","type":"image\/webp"}],"twitter_card":"summary_large_image","twitter_misc":{"Szacowany czas czytania":"4 minuty"},"schema":{"@context":"https:\/\/schema.org","@graph":[{"@type":"WebPage","@id":"https:\/\/qingdaohf.com\/product\/rebar-individual-high-chair\/","url":"https:\/\/qingdaohf.com\/product\/rebar-individual-high-chair\/","name":"Rebar Individual High Chair","isPartOf":{"@id":"https:\/\/qingdaohf.com\/bg\/#website"},"primaryImageOfPage":{"@id":"https:\/\/qingdaohf.com\/product\/rebar-individual-high-chair\/#primaryimage"},"image":{"@id":"https:\/\/qingdaohf.com\/product\/rebar-individual-high-chair\/#primaryimage"},"thumbnailUrl":"https:\/\/qingdaohf.com\/wp-content\/uploads\/2024\/09\/Individual-High-Chair-12.webp","datePublished":"2024-09-30T06:34:11+00:00","dateModified":"2025-11-13T01:03:13+00:00","breadcrumb":{"@id":"https:\/\/qingdaohf.com\/product\/rebar-individual-high-chair\/#breadcrumb"},"inLanguage":"pl-PL","potentialAction":[{"@type":"ReadAction","target":["https:\/\/qingdaohf.com\/product\/rebar-individual-high-chair\/"]}]},{"@type":"ImageObject","inLanguage":"pl-PL","@id":"https:\/\/qingdaohf.com\/product\/rebar-individual-high-chair\/#primaryimage","url":"https:\/\/qingdaohf.com\/wp-content\/uploads\/2024\/09\/Individual-High-Chair-12.webp","contentUrl":"https:\/\/qingdaohf.com\/wp-content\/uploads\/2024\/09\/Individual-High-Chair-12.webp","width":1280,"height":1280,"caption":"Rebar Individual High Chair"},{"@type":"BreadcrumbList","@id":"https:\/\/qingdaohf.com\/product\/rebar-individual-high-chair\/#breadcrumb","itemListElement":[{"@type":"ListItem","position":1,"name":"Home","item":"https:\/\/qingdaohf.com\/"},{"@type":"ListItem","position":2,"name":"Concrete Forming Accessories and Rigging Hardware","item":"https:\/\/qingdaohf.com\/bg\/?page_id=944"},{"@type":"ListItem","position":3,"name":"Rebar Individual High Chair"}]},{"@type":"WebSite","@id":"https:\/\/qingdaohf.com\/bg\/#website","url":"https:\/\/qingdaohf.com\/bg\/","name":"Concrete Form & Rigging Hardware Supplier","description":"","publisher":{"@id":"https:\/\/qingdaohf.com\/bg\/#organization"},"potentialAction":[{"@type":"SearchAction","target":{"@type":"EntryPoint","urlTemplate":"https:\/\/qingdaohf.com\/bg\/?s={search_term_string}"},"query-input":{"@type":"PropertyValueSpecification","valueRequired":true,"valueName":"search_term_string"}}],"inLanguage":"pl-PL"},{"@type":"Organization","@id":"https:\/\/qingdaohf.com\/bg\/#organization","name":"Qingdao H&F","url":"https:\/\/qingdaohf.com\/bg\/","logo":{"@type":"ImageObject","inLanguage":"pl-PL","@id":"https:\/\/qingdaohf.com\/bg\/#\/schema\/logo\/image\/","url":"https:\/\/qingdaohf.com\/wp-content\/uploads\/2022\/12\/cropped-HF-LOGO.png","contentUrl":"https:\/\/qingdaohf.com\/wp-content\/uploads\/2022\/12\/cropped-HF-LOGO.png","width":391,"height":249,"caption":"Qingdao H&F"},"image":{"@id":"https:\/\/qingdaohf.com\/bg\/#\/schema\/logo\/image\/"},"sameAs":["https:\/\/www.facebook.com\/qingdaohf"]}]}},"_links":{"self":[{"href":"https:\/\/qingdaohf.com\/pl\/wp-json\/wp\/v2\/product\/7983","targetHints":{"allow":["GET"]}}],"collection":[{"href":"https:\/\/qingdaohf.com\/pl\/wp-json\/wp\/v2\/product"}],"about":[{"href":"https:\/\/qingdaohf.com\/pl\/wp-json\/wp\/v2\/types\/product"}],"replies":[{"embeddable":true,"href":"https:\/\/qingdaohf.com\/pl\/wp-json\/wp\/v2\/comments?post=7983"}],"version-history":[{"count":1,"href":"https:\/\/qingdaohf.com\/pl\/wp-json\/wp\/v2\/product\/7983\/revisions"}],"predecessor-version":[{"id":7994,"href":"https:\/\/qingdaohf.com\/pl\/wp-json\/wp\/v2\/product\/7983\/revisions\/7994"}],"wp:featuredmedia":[{"embeddable":true,"href":"https:\/\/qingdaohf.com\/pl\/wp-json\/wp\/v2\/media\/7984"}],"wp:attachment":[{"href":"https:\/\/qingdaohf.com\/pl\/wp-json\/wp\/v2\/media?parent=7983"}],"wp:term":[{"taxonomy":"product_brand","embeddable":true,"href":"https:\/\/qingdaohf.com\/pl\/wp-json\/wp\/v2\/product_brand?post=7983"},{"taxonomy":"product_cat","embeddable":true,"href":"https:\/\/qingdaohf.com\/pl\/wp-json\/wp\/v2\/product_cat?post=7983"},{"taxonomy":"product_tag","embeddable":true,"href":"https:\/\/qingdaohf.com\/pl\/wp-json\/wp\/v2\/product_tag?post=7983"}],"curies":[{"name":"wp","href":"https:\/\/api.w.org\/{rel}","templated":true}]}}