{"id":8109,"date":"2024-10-24T17:13:03","date_gmt":"2024-10-24T09:13:03","guid":{"rendered":"http:\/\/qingdaohf.com\/?post_type=product&#038;p=8109"},"modified":"2025-11-13T09:02:55","modified_gmt":"2025-11-13T01:02:55","slug":"6x19-wire-rope","status":"publish","type":"product","link":"https:\/\/qingdaohf.com\/pl\/produkt\/lina-stalowa-6x19\/","title":{"rendered":"Lina stalowa 6\u00d719"},"content":{"rendered":"<h3>Zrozumienie struktury liny stalowej 6 \u00d7 19<\/h3>\n<p>Lina stalowa 6\u00d719 jest dobrze ocenian\u0105 opcj\u0105 w warunkach przemys\u0142owych i budowlanych ze wzgl\u0119du na r\u00f3wnowag\u0119 mi\u0119dzy elastyczno\u015bci\u0105 a wytrzyma\u0142o\u015bci\u0105. Sk\u0142adaj\u0105ca si\u0119 z 6 splotek z 19 drutami w ka\u017cdej, lina ta zapewnia niezawodn\u0105 wydajno\u015b\u0107 w r\u00f3\u017cnych ci\u0119\u017ckich zadaniach. Struktura liny stalowej 6\u00d719 zapewnia solidny, ale nieco gi\u0119tki produkt, dzi\u0119ki czemu idealnie nadaje si\u0119 do zastosowa\u0144 wymagaj\u0105cych liny odpornej na wielokrotne zginanie przy jednoczesnym zachowaniu wytrzyma\u0142o\u015bci. Ten typ liny stalowej znajduje cz\u0119ste zastosowanie w podnoszeniu, podnoszeniu, zastosowaniach morskich i nie tylko, ze wzgl\u0119du na jej solidn\u0105 konstrukcj\u0119 i elastyczny charakter.<\/p>\n<p>Konstrukcja ze stali wysokow\u0119glowej liny stalowej 6\u00d719 nadaje jej doskona\u0142\u0105 wytrzyma\u0142o\u015b\u0107, pozwalaj\u0105c na przenoszenie znacznych obci\u0105\u017ce\u0144 bez uszczerbku dla integralno\u015bci strukturalnej. Ten wyb\u00f3r materia\u0142u zapewnia wyj\u0105tkow\u0105 odporno\u015b\u0107 na \u015bcieranie i zu\u017cycie, zapewniaj\u0105c, \u017ce lina stalowa poradzi sobie w trudnych warunkach, takich jak te napotykane w operacjach morskich lub na placach budowy. Co wi\u0119cej, konstrukcja liny stalowej 6\u00d719 pozwala na uzyskanie g\u0142adkiej powierzchni zewn\u0119trznej, co pomaga zminimalizowa\u0107 uszkodzenia maszyn i innego sprz\u0119tu podczas u\u017cytkowania.<\/p>\n<h3>Popularne rozmiary lin stalowych 6 \u00d7 19<\/h3>\n<p>Rozmiar liny stalowej ma kluczowe znaczenie przy wyborze odpowiedniego produktu do okre\u015blonych zada\u0144, poniewa\u017c r\u00f3\u017cne \u015brednice wp\u0142ywaj\u0105 zar\u00f3wno na wytrzyma\u0142o\u015b\u0107, jak i elastyczno\u015b\u0107. Lina stalowa 6\u00d719 jest dost\u0119pna w r\u00f3\u017cnych rozmiarach, z kt\u00f3rych ka\u017cdy jest dostosowany do konkretnych zastosowa\u0144, czy to w budownictwie, transporcie czy zastosowaniach morskich.<\/p>\n<p>Jednym z popularnych rozmiar\u00f3w jest lina stalowa 1\/8 cala 6\u00d719, znana ze swojej kompaktowej \u015brednicy i elastyczno\u015bci. Rozmiar ten dobrze nadaje si\u0119 do zastosowa\u0144, w kt\u00f3rych przestrze\u0144 jest ograniczona, takich jak mniejsze projekty olinowania lub lekkie zadania podnoszenia. Pomimo mniejszego rozmiaru, zachowuje znaczn\u0105 wytrzyma\u0142o\u015b\u0107 na rozci\u0105ganie, co czyni j\u0105 niezawodnym wyborem do precyzyjnych zada\u0144.<\/p>\n<p>W przypadku nieco ci\u0119\u017cszych zada\u0144, lina stalowa 3\/16 cala 6\u00d719 oferuje zwi\u0119kszon\u0105 wytrzyma\u0142o\u015b\u0107 przy zachowaniu odpowiedniego poziomu elastyczno\u015bci. Ten rozmiar jest cz\u0119sto u\u017cywany w scenariuszach, w kt\u00f3rych wymagana jest r\u00f3wnowaga mi\u0119dzy no\u015bno\u015bci\u0105 a \u0142atwo\u015bci\u0105 obs\u0142ugi, takich jak podnoszenie ma\u0142ego sprz\u0119tu lub zabezpieczanie \u0142adunk\u00f3w podczas transportu. Po\u015brednia \u015brednica sprawia, \u017ce jest to wszechstronny wyb\u00f3r do r\u00f3\u017cnych zastosowa\u0144.<\/p>\n<p>Lina stalowa 1\/4 cala 6\u00d719 to kolejny cz\u0119sto wybierany rozmiar, oferuj\u0105cy zwi\u0119kszon\u0105 wytrzyma\u0142o\u015b\u0107 w bardziej wymagaj\u0105cych zastosowaniach. Rozmiar ten jest cz\u0119sto spotykany w warunkach przemys\u0142owych, gdzie potrzebne jest solidniejsze wsparcie, takie jak d\u017awigi, wci\u0105garki i podno\u015bniki budowlane. Dzi\u0119ki wi\u0119kszej \u015brednicy, wariant 1\/4 cala zapewnia wi\u0119ksz\u0105 no\u015bno\u015b\u0107, a jednocze\u015bnie pozostaje wystarczaj\u0105co elastyczny do og\u00f3lnych zada\u0144 olinowania.<\/p>\n<p>Aby uzyska\u0107 jeszcze wi\u0119ksz\u0105 wytrzyma\u0142o\u015b\u0107, mo\u017cna rozwa\u017cy\u0107 lin\u0119 stalow\u0105 5\/16 cala 6\u00d719, oferuj\u0105c\u0105 trwa\u0142o\u015b\u0107 w zastosowaniach wymagaj\u0105cych wi\u0119kszych obci\u0105\u017ce\u0144 lub bardziej intensywnego u\u017cytkowania. Jej zwi\u0119kszona \u015brednica sprawia, \u017ce idealnie nadaje si\u0119 do u\u017cytku w warunkach morskich, takich jak liny cumownicze lub holownicze. Rozmiar 5\/16 cala zapewnia solidn\u0105 opcj\u0119 dla tych, kt\u00f3rzy szukaj\u0105 niezawodnej liny stalowej, kt\u00f3ra mo\u017ce wytrzyma\u0107 trudne warunki bez po\u015bwi\u0119cania elastyczno\u015bci.<\/p>\n<h3>Odkrywanie podstawowych typ\u00f3w: FC, IWS i IWRC<\/h3>\n<p><img fetchpriority=\"high\" decoding=\"async\" class=\"alignnone size-full wp-image-8113\" src=\"http:\/\/qingdaohf.com\/wp-content\/uploads\/2024\/10\/6X19-wire-rope.webp\" alt=\"6X19\" width=\"1338\" height=\"412\" srcset=\"https:\/\/qingdaohf.com\/wp-content\/uploads\/2024\/10\/6X19-wire-rope.webp 1338w, https:\/\/qingdaohf.com\/wp-content\/uploads\/2024\/10\/6X19-wire-rope-300x92.webp 300w, https:\/\/qingdaohf.com\/wp-content\/uploads\/2024\/10\/6X19-wire-rope-1024x315.webp 1024w, https:\/\/qingdaohf.com\/wp-content\/uploads\/2024\/10\/6X19-wire-rope-768x236.webp 768w, https:\/\/qingdaohf.com\/wp-content\/uploads\/2024\/10\/6X19-wire-rope-18x6.webp 18w, https:\/\/qingdaohf.com\/wp-content\/uploads\/2024\/10\/6X19-wire-rope-1000x308.webp 1000w\" sizes=\"(max-width: 1338px) 100vw, 1338px\" \/><\/p>\n<p>Lina stalowa 6\u00d719 posiada trzy warianty rdzenia, z kt\u00f3rych ka\u017cdy oferuje r\u00f3\u017cne zalety w zale\u017cno\u015bci od zamierzonego zastosowania. Rdze\u0144 jest kluczowym elementem liny stalowej, poniewa\u017c zapewnia wsparcie dla zewn\u0119trznych splotek i wp\u0142ywa na elastyczno\u015b\u0107 i wytrzyma\u0142o\u015b\u0107 liny. Trzy typy rdzeni dost\u0119pne dla lin stalowych 6\u00d719 to Fiber Core (FC), Independent Wire Strand Core (IWS) i Independent Wire Rope Core (IWRC).<\/p>\n<p>Wariant Fiber Core (FC) zawiera rdze\u0144 wykonany z w\u0142\u00f3kien naturalnych lub syntetycznych. Taka konstrukcja zapewnia zwi\u0119kszon\u0105 elastyczno\u015b\u0107, dzi\u0119ki czemu opcja FC nadaje si\u0119 do zastosowa\u0144, w kt\u00f3rych lina stalowa musi si\u0119 cz\u0119sto zgina\u0107 i porusza\u0107. Elastyczno\u015b\u0107 sprawia, \u017ce jest to preferowany wyb\u00f3r w scenariuszach, w kt\u00f3rych zaanga\u017cowane s\u0105 maszyny i urz\u0105dzenia, zmniejszaj\u0105c zu\u017cycie k\u00f3\u0142 pasowych i kr\u0105\u017ck\u00f3w. Jednak ta dodatkowa gi\u0119tko\u015b\u0107 odbywa si\u0119 kosztem zmniejszonej wytrzyma\u0142o\u015bci w por\u00f3wnaniu z alternatywami z rdzeniem stalowym, co oznacza, \u017ce rdze\u0144 FC najlepiej nadaje si\u0119 do l\u017cejszych zastosowa\u0144.<\/p>\n<p>Rdze\u0144 IWS (Independent Wire Strand Core) to rozwi\u0105zanie po\u015brednie mi\u0119dzy elastyczno\u015bci\u0105 rdzenia FC a wytrzyma\u0142o\u015bci\u0105 rdzenia IWRC. Rdze\u0144 IWS sk\u0142ada si\u0119 z oddzielnego splotu drutu, kt\u00f3ry zapewnia dodatkowe wsparcie konstrukcji liny, zwi\u0119kszaj\u0105c zar\u00f3wno jej trwa\u0142o\u015b\u0107, jak i no\u015bno\u015b\u0107. Ten typ rdzenia jest szczeg\u00f3lnie korzystny w zastosowaniach, w kt\u00f3rych wymagana jest umiarkowana elastyczno\u015b\u0107 przy wy\u017cszej wytrzyma\u0142o\u015bci, np. w ma\u0142ych i \u015brednich d\u017awigach i wci\u0105garkach. R\u00f3wnowaga rdzenia IWS sprawia, \u017ce jest to wszechstronna opcja dla tych, kt\u00f3rzy szukaj\u0105 niezawodnej wydajno\u015bci bez uszczerbku dla elastyczno\u015bci.<\/p>\n<p>Aby uzyska\u0107 maksymaln\u0105 wytrzyma\u0142o\u015b\u0107 i trwa\u0142o\u015b\u0107, preferowanym wyborem jest niezale\u017cny rdze\u0144 liny stalowej (IWRC). Rdze\u0144 IWRC jest wykonany z oddzielnej liny stalowej, co znacznie zwi\u0119ksza og\u00f3ln\u0105 wytrzyma\u0142o\u015b\u0107 i integralno\u015b\u0107 strukturaln\u0105 liny stalowej 6\u00d719. Ten typ rdzenia doskonale nadaje si\u0119 do ci\u0119\u017ckich zastosowa\u0144, w kt\u00f3rych wysoka wytrzyma\u0142o\u015b\u0107 na rozci\u0105ganie ma kluczowe znaczenie, takich jak du\u017ce d\u017awigi budowlane, wci\u0105garki przemys\u0142owe i olinowanie morskie. Podczas gdy rdze\u0144 IWRC po\u015bwi\u0119ca pewn\u0105 elastyczno\u015b\u0107 w por\u00f3wnaniu z opcjami FC i IWS, jego wytrzyma\u0142o\u015b\u0107 zapewnia, \u017ce lina stalowa mo\u017ce wytrzyma\u0107 trudne warunki i du\u017ce obci\u0105\u017cenia przez d\u0142u\u017cszy czas.<\/p>\n<h3>Wgl\u0105d w zastosowania i zalety liny stalowej 6 \u00d7 19<\/h3>\n<p>Konstrukcja liny stalowej 6\u00d719 sprawia, \u017ce jest ona popularnym wyborem w r\u00f3\u017cnych bran\u017cach ze wzgl\u0119du na swoj\u0105 wszechstronno\u015b\u0107. Jej zr\u00f3wnowa\u017cona konstrukcja zapewnia skuteczny kompromis mi\u0119dzy wytrzyma\u0142o\u015bci\u0105 na rozci\u0105ganie a elastyczno\u015bci\u0105, dzi\u0119ki czemu mo\u017cna j\u0105 dostosowa\u0107 do wielu zada\u0144. W budownictwie ten typ liny stalowej jest cz\u0119sto wykorzystywany do operacji podnoszenia, zapewniaj\u0105c niezb\u0119dne wsparcie do bezpiecznego i wydajnego przenoszenia materia\u0142\u00f3w. G\u0142adka powierzchnia liny minimalizuje \u015bcieranie, zmniejszaj\u0105c zu\u017cycie k\u00f3\u0142 pasowych i d\u017awig\u00f3w, co wyd\u0142u\u017ca \u017cywotno\u015b\u0107 sprz\u0119tu.<\/p>\n<p>W \u015brodowisku morskim odporno\u015b\u0107 liny stalowej 6\u00d719 na \u015bcieranie i trudne warunki sprawia, \u017ce nadaje si\u0119 ona do zastosowa\u0144 takich jak cumowanie, holowanie i rybo\u0142\u00f3wstwo. Jej zdolno\u015b\u0107 do wytrzymywania napr\u0119\u017ce\u0144 zwi\u0105zanych z ekspozycj\u0105 na s\u0142on\u0105 wod\u0119 i zmiennymi obci\u0105\u017ceniami czyni j\u0105 niezawodnym komponentem do zastosowa\u0144 morskich. W szczeg\u00f3lno\u015bci rdze\u0144 IWRC sprawdza si\u0119 w zastosowaniach morskich, zapewniaj\u0105c wytrzyma\u0142o\u015b\u0107 potrzebn\u0105 do obs\u0142ugi wymagaj\u0105cych zada\u0144 bez uszczerbku dla trwa\u0142o\u015bci.<\/p>\n<p>Transport i logistyka r\u00f3wnie\u017c czerpi\u0105 korzy\u015bci z zastosowania liny stalowej 6\u00d719, kt\u00f3ra mo\u017ce by\u0107 wykorzystywana do zabezpieczania \u0142adunk\u00f3w, tworzenia zawiesi lub funkcjonowania jako cz\u0119\u015b\u0107 system\u00f3w za\u0142adunku i roz\u0142adunku. Jej dost\u0119pno\u015b\u0107 w r\u00f3\u017cnych rozmiarach pozwala na dostosowanie jej do konkretnych potrzeb, zapewniaj\u0105c w\u0142a\u015bciw\u0105 r\u00f3wnowag\u0119 mi\u0119dzy wytrzyma\u0142o\u015bci\u0105 i elastyczno\u015bci\u0105 w ka\u017cdej wyj\u0105tkowej sytuacji. Zdolno\u015b\u0107 adaptacji liny stalowej 6\u00d719 zapewnia, \u017ce mo\u017ce ona sprosta\u0107 zar\u00f3wno rutynowym, jak i wymagaj\u0105cym zadaniom w tych dziedzinach.<\/p>\n<p>Ostatecznie wyb\u00f3r typu rdzenia - FC, IWS lub IWRC - wraz z odpowiednim rozmiarem, umo\u017cliwia u\u017cytkownikom dostosowanie wyboru liny stalowej 6 \u00d7 19 do konkretnych wymaga\u0144. Rozumiej\u0105c unikalne cechy i zalety ka\u017cdego rdzenia i rozmiaru, firmy mog\u0105 zoptymalizowa\u0107 swoje operacje i zapewni\u0107, \u017ce ich sprz\u0119t pozostanie bezpieczny, wydajny i zdolny do spe\u0142nienia wymaga\u0144 ich projekt\u00f3w. Dzi\u0119ki po\u0142\u0105czeniu elastyczno\u015bci, wytrzyma\u0142o\u015bci i trwa\u0142o\u015bci, lina stalowa 6\u00d719 pozostaje kamieniem w\u0119gielnym w dziedzinie lin stalowych, zapewniaj\u0105c niezawodn\u0105 wydajno\u015b\u0107 w r\u00f3\u017cnych zastosowaniach.<\/p>","protected":false},"excerpt":{"rendered":"<p>Lina stalowa 6\u00d719 to wszechstronny i trwa\u0142y rodzaj liny stalowej, oferuj\u0105cy po\u0142\u0105czenie elastyczno\u015bci i wytrzyma\u0142o\u015bci. Sk\u0142ada si\u0119 z 6 splotek, z kt\u00f3rych ka\u017cda zawiera 19 drut\u00f3w, dzi\u0119ki czemu nadaje si\u0119 do r\u00f3\u017cnych zastosowa\u0144 zwi\u0105zanych z podnoszeniem, olinowaniem i podnoszeniem. Powszechnie dost\u0119pna w rozmiarach takich jak 1\/8 cala, 3\/16 cala i 1\/4 cala, lina stalowa 6\u00d719 jest wykonana ze stali wysokow\u0119glowej, zapewniaj\u0105c doskona\u0142\u0105 wytrzyma\u0142o\u015b\u0107 na rozci\u0105ganie i odporno\u015b\u0107 na zu\u017cycie. Posiada r\u00f3\u017cne typy rdzeni, takie jak Fiber Core (FC), Independent Wire Strand Core (IWS) i Independent Wire Rope Core (IWRC), zaspokajaj\u0105c r\u00f3\u017cnorodne potrzeby i wymagania dotycz\u0105ce wydajno\u015bci.<\/p>","protected":false},"featured_media":8112,"comment_status":"open","ping_status":"closed","template":"","meta":{"site-sidebar-layout":"default","site-content-layout":"","ast-site-content-layout":"default","site-content-style":"default","site-sidebar-style":"default","ast-global-header-display":"","ast-banner-title-visibility":"","ast-main-header-display":"","ast-hfb-above-header-display":"","ast-hfb-below-header-display":"","ast-hfb-mobile-header-display":"","site-post-title":"","ast-breadcrumbs-content":"","ast-featured-img":"","footer-sml-layout":"","theme-transparent-header-meta":"default","adv-header-id-meta":"","stick-header-meta":"default","header-above-stick-meta":"","header-main-stick-meta":"","header-below-stick-meta":"","astra-migrate-meta-layouts":"set","ast-page-background-enabled":"default","ast-page-background-meta":{"desktop":{"background-color":"","background-image":"","background-repeat":"repeat","background-position":"center center","background-size":"auto","background-attachment":"scroll","background-type":"","background-media":"","overlay-type":"","overlay-color":"","overlay-opacity":"","overlay-gradient":""},"tablet":{"background-color":"","background-image":"","background-repeat":"repeat","background-position":"center center","background-size":"auto","background-attachment":"scroll","background-type":"","background-media":"","overlay-type":"","overlay-color":"","overlay-opacity":"","overlay-gradient":""},"mobile":{"background-color":"","background-image":"","background-repeat":"repeat","background-position":"center center","background-size":"auto","background-attachment":"scroll","background-type":"","background-media":"","overlay-type":"","overlay-color":"","overlay-opacity":"","overlay-gradient":""}},"ast-content-background-meta":{"desktop":{"background-color":"var(--ast-global-color-5)","background-image":"","background-repeat":"repeat","background-position":"center center","background-size":"auto","background-attachment":"scroll","background-type":"","background-media":"","overlay-type":"","overlay-color":"","overlay-opacity":"","overlay-gradient":""},"tablet":{"background-color":"var(--ast-global-color-5)","background-image":"","background-repeat":"repeat","background-position":"center center","background-size":"auto","background-attachment":"scroll","background-type":"","background-media":"","overlay-type":"","overlay-color":"","overlay-opacity":"","overlay-gradient":""},"mobile":{"background-color":"var(--ast-global-color-5)","background-image":"","background-repeat":"repeat","background-position":"center center","background-size":"auto","background-attachment":"scroll","background-type":"","background-media":"","overlay-type":"","overlay-color":"","overlay-opacity":"","overlay-gradient":""}}},"product_brand":[],"product_cat":[37],"product_tag":[89],"class_list":{"0":"post-8109","1":"product","2":"type-product","3":"status-publish","4":"has-post-thumbnail","6":"product_cat-wire-rope","7":"product_tag-wire-rope","8":"desktop-align-left","9":"tablet-align-left","10":"mobile-align-left","11":"ast-product-gallery-layout-horizontal-slider","12":"ast-product-gallery-with-no-image","13":"ast-product-tabs-layout-horizontal","15":"first","16":"instock","17":"shipping-taxable","18":"purchasable","19":"product-type-simple"},"yoast_head":"<!-- This site is optimized with the Yoast SEO plugin v25.2 - https:\/\/yoast.com\/wordpress\/plugins\/seo\/ -->\n<title>6x19 Wire Rope<\/title>\n<meta name=\"description\" content=\"6x19 wire rope is a versatile and durable type of steel wire rope, offering a blend of flexibility and strength.\" \/>\n<meta name=\"robots\" content=\"index, follow, max-snippet:-1, max-image-preview:large, max-video-preview:-1\" \/>\n<link rel=\"canonical\" href=\"https:\/\/qingdaohf.com\/pl\/produkt\/lina-stalowa-6x19\/\" \/>\n<meta property=\"og:locale\" content=\"pl_PL\" \/>\n<meta property=\"og:type\" content=\"article\" \/>\n<meta property=\"og:title\" content=\"6x19 Wire Rope\" \/>\n<meta property=\"og:description\" content=\"6x19 wire rope is a versatile and durable type of steel wire rope, offering a blend of flexibility and strength.\" \/>\n<meta property=\"og:url\" content=\"https:\/\/qingdaohf.com\/pl\/produkt\/lina-stalowa-6x19\/\" \/>\n<meta property=\"og:site_name\" content=\"Concrete Form &amp; Rigging Hardware Supplier\" \/>\n<meta property=\"article:publisher\" content=\"https:\/\/www.facebook.com\/qingdaohf\" \/>\n<meta property=\"article:modified_time\" content=\"2025-11-13T01:02:55+00:00\" \/>\n<meta property=\"og:image\" content=\"https:\/\/qingdaohf.com\/wp-content\/uploads\/2024\/10\/6x19wrc_2.webp\" \/>\n\t<meta property=\"og:image:width\" content=\"787\" \/>\n\t<meta property=\"og:image:height\" content=\"787\" \/>\n\t<meta property=\"og:image:type\" content=\"image\/webp\" \/>\n<meta name=\"twitter:card\" content=\"summary_large_image\" \/>\n<meta name=\"twitter:label1\" content=\"Szacowany czas czytania\" \/>\n\t<meta name=\"twitter:data1\" content=\"6 minut\" \/>\n<script type=\"application\/ld+json\" class=\"yoast-schema-graph\">{\"@context\":\"https:\/\/schema.org\",\"@graph\":[{\"@type\":\"WebPage\",\"@id\":\"https:\/\/qingdaohf.com\/product\/6x19-wire-rope\/\",\"url\":\"https:\/\/qingdaohf.com\/product\/6x19-wire-rope\/\",\"name\":\"6x19 Wire Rope\",\"isPartOf\":{\"@id\":\"https:\/\/qingdaohf.com\/bg\/#website\"},\"primaryImageOfPage\":{\"@id\":\"https:\/\/qingdaohf.com\/product\/6x19-wire-rope\/#primaryimage\"},\"image\":{\"@id\":\"https:\/\/qingdaohf.com\/product\/6x19-wire-rope\/#primaryimage\"},\"thumbnailUrl\":\"https:\/\/qingdaohf.com\/wp-content\/uploads\/2024\/10\/6x19wrc_2.webp\",\"datePublished\":\"2024-10-24T09:13:03+00:00\",\"dateModified\":\"2025-11-13T01:02:55+00:00\",\"description\":\"6x19 wire rope is a versatile and durable type of steel wire rope, offering a blend of flexibility and strength.\",\"breadcrumb\":{\"@id\":\"https:\/\/qingdaohf.com\/product\/6x19-wire-rope\/#breadcrumb\"},\"inLanguage\":\"pl-PL\",\"potentialAction\":[{\"@type\":\"ReadAction\",\"target\":[\"https:\/\/qingdaohf.com\/product\/6x19-wire-rope\/\"]}]},{\"@type\":\"ImageObject\",\"inLanguage\":\"pl-PL\",\"@id\":\"https:\/\/qingdaohf.com\/product\/6x19-wire-rope\/#primaryimage\",\"url\":\"https:\/\/qingdaohf.com\/wp-content\/uploads\/2024\/10\/6x19wrc_2.webp\",\"contentUrl\":\"https:\/\/qingdaohf.com\/wp-content\/uploads\/2024\/10\/6x19wrc_2.webp\",\"width\":787,\"height\":787,\"caption\":\"6X19 wire rope\"},{\"@type\":\"BreadcrumbList\",\"@id\":\"https:\/\/qingdaohf.com\/product\/6x19-wire-rope\/#breadcrumb\",\"itemListElement\":[{\"@type\":\"ListItem\",\"position\":1,\"name\":\"Home\",\"item\":\"https:\/\/qingdaohf.com\/\"},{\"@type\":\"ListItem\",\"position\":2,\"name\":\"Concrete Forming Accessories and Rigging Hardware\",\"item\":\"https:\/\/qingdaohf.com\/bg\/?page_id=944\"},{\"@type\":\"ListItem\",\"position\":3,\"name\":\"6&#215;19 Wire Rope\"}]},{\"@type\":\"WebSite\",\"@id\":\"https:\/\/qingdaohf.com\/bg\/#website\",\"url\":\"https:\/\/qingdaohf.com\/bg\/\",\"name\":\"Concrete Form & Rigging Hardware Supplier\",\"description\":\"\",\"publisher\":{\"@id\":\"https:\/\/qingdaohf.com\/bg\/#organization\"},\"potentialAction\":[{\"@type\":\"SearchAction\",\"target\":{\"@type\":\"EntryPoint\",\"urlTemplate\":\"https:\/\/qingdaohf.com\/bg\/?s={search_term_string}\"},\"query-input\":{\"@type\":\"PropertyValueSpecification\",\"valueRequired\":true,\"valueName\":\"search_term_string\"}}],\"inLanguage\":\"pl-PL\"},{\"@type\":\"Organization\",\"@id\":\"https:\/\/qingdaohf.com\/bg\/#organization\",\"name\":\"Qingdao H&F\",\"url\":\"https:\/\/qingdaohf.com\/bg\/\",\"logo\":{\"@type\":\"ImageObject\",\"inLanguage\":\"pl-PL\",\"@id\":\"https:\/\/qingdaohf.com\/bg\/#\/schema\/logo\/image\/\",\"url\":\"https:\/\/qingdaohf.com\/wp-content\/uploads\/2022\/12\/cropped-HF-LOGO.png\",\"contentUrl\":\"https:\/\/qingdaohf.com\/wp-content\/uploads\/2022\/12\/cropped-HF-LOGO.png\",\"width\":391,\"height\":249,\"caption\":\"Qingdao H&F\"},\"image\":{\"@id\":\"https:\/\/qingdaohf.com\/bg\/#\/schema\/logo\/image\/\"},\"sameAs\":[\"https:\/\/www.facebook.com\/qingdaohf\"]}]}<\/script>\n<!-- \/ Yoast SEO plugin. -->","yoast_head_json":{"title":"6x19 Wire Rope","description":"6x19 wire rope is a versatile and durable type of steel wire rope, offering a blend of flexibility and strength.","robots":{"index":"index","follow":"follow","max-snippet":"max-snippet:-1","max-image-preview":"max-image-preview:large","max-video-preview":"max-video-preview:-1"},"canonical":"https:\/\/qingdaohf.com\/pl\/produkt\/lina-stalowa-6x19\/","og_locale":"pl_PL","og_type":"article","og_title":"6x19 Wire Rope","og_description":"6x19 wire rope is a versatile and durable type of steel wire rope, offering a blend of flexibility and strength.","og_url":"https:\/\/qingdaohf.com\/pl\/produkt\/lina-stalowa-6x19\/","og_site_name":"Concrete Form &amp; Rigging Hardware Supplier","article_publisher":"https:\/\/www.facebook.com\/qingdaohf","article_modified_time":"2025-11-13T01:02:55+00:00","og_image":[{"width":787,"height":787,"url":"https:\/\/qingdaohf.com\/wp-content\/uploads\/2024\/10\/6x19wrc_2.webp","type":"image\/webp"}],"twitter_card":"summary_large_image","twitter_misc":{"Szacowany czas czytania":"6 minut"},"schema":{"@context":"https:\/\/schema.org","@graph":[{"@type":"WebPage","@id":"https:\/\/qingdaohf.com\/product\/6x19-wire-rope\/","url":"https:\/\/qingdaohf.com\/product\/6x19-wire-rope\/","name":"6x19 Wire Rope","isPartOf":{"@id":"https:\/\/qingdaohf.com\/bg\/#website"},"primaryImageOfPage":{"@id":"https:\/\/qingdaohf.com\/product\/6x19-wire-rope\/#primaryimage"},"image":{"@id":"https:\/\/qingdaohf.com\/product\/6x19-wire-rope\/#primaryimage"},"thumbnailUrl":"https:\/\/qingdaohf.com\/wp-content\/uploads\/2024\/10\/6x19wrc_2.webp","datePublished":"2024-10-24T09:13:03+00:00","dateModified":"2025-11-13T01:02:55+00:00","description":"6x19 wire rope is a versatile and durable type of steel wire rope, offering a blend of flexibility and strength.","breadcrumb":{"@id":"https:\/\/qingdaohf.com\/product\/6x19-wire-rope\/#breadcrumb"},"inLanguage":"pl-PL","potentialAction":[{"@type":"ReadAction","target":["https:\/\/qingdaohf.com\/product\/6x19-wire-rope\/"]}]},{"@type":"ImageObject","inLanguage":"pl-PL","@id":"https:\/\/qingdaohf.com\/product\/6x19-wire-rope\/#primaryimage","url":"https:\/\/qingdaohf.com\/wp-content\/uploads\/2024\/10\/6x19wrc_2.webp","contentUrl":"https:\/\/qingdaohf.com\/wp-content\/uploads\/2024\/10\/6x19wrc_2.webp","width":787,"height":787,"caption":"6X19 wire rope"},{"@type":"BreadcrumbList","@id":"https:\/\/qingdaohf.com\/product\/6x19-wire-rope\/#breadcrumb","itemListElement":[{"@type":"ListItem","position":1,"name":"Home","item":"https:\/\/qingdaohf.com\/"},{"@type":"ListItem","position":2,"name":"Concrete Forming Accessories and Rigging Hardware","item":"https:\/\/qingdaohf.com\/bg\/?page_id=944"},{"@type":"ListItem","position":3,"name":"6&#215;19 Wire Rope"}]},{"@type":"WebSite","@id":"https:\/\/qingdaohf.com\/bg\/#website","url":"https:\/\/qingdaohf.com\/bg\/","name":"Concrete Form & Rigging Hardware Supplier","description":"","publisher":{"@id":"https:\/\/qingdaohf.com\/bg\/#organization"},"potentialAction":[{"@type":"SearchAction","target":{"@type":"EntryPoint","urlTemplate":"https:\/\/qingdaohf.com\/bg\/?s={search_term_string}"},"query-input":{"@type":"PropertyValueSpecification","valueRequired":true,"valueName":"search_term_string"}}],"inLanguage":"pl-PL"},{"@type":"Organization","@id":"https:\/\/qingdaohf.com\/bg\/#organization","name":"Qingdao H&F","url":"https:\/\/qingdaohf.com\/bg\/","logo":{"@type":"ImageObject","inLanguage":"pl-PL","@id":"https:\/\/qingdaohf.com\/bg\/#\/schema\/logo\/image\/","url":"https:\/\/qingdaohf.com\/wp-content\/uploads\/2022\/12\/cropped-HF-LOGO.png","contentUrl":"https:\/\/qingdaohf.com\/wp-content\/uploads\/2022\/12\/cropped-HF-LOGO.png","width":391,"height":249,"caption":"Qingdao H&F"},"image":{"@id":"https:\/\/qingdaohf.com\/bg\/#\/schema\/logo\/image\/"},"sameAs":["https:\/\/www.facebook.com\/qingdaohf"]}]}},"_links":{"self":[{"href":"https:\/\/qingdaohf.com\/pl\/wp-json\/wp\/v2\/product\/8109","targetHints":{"allow":["GET"]}}],"collection":[{"href":"https:\/\/qingdaohf.com\/pl\/wp-json\/wp\/v2\/product"}],"about":[{"href":"https:\/\/qingdaohf.com\/pl\/wp-json\/wp\/v2\/types\/product"}],"replies":[{"embeddable":true,"href":"https:\/\/qingdaohf.com\/pl\/wp-json\/wp\/v2\/comments?post=8109"}],"version-history":[{"count":1,"href":"https:\/\/qingdaohf.com\/pl\/wp-json\/wp\/v2\/product\/8109\/revisions"}],"predecessor-version":[{"id":8114,"href":"https:\/\/qingdaohf.com\/pl\/wp-json\/wp\/v2\/product\/8109\/revisions\/8114"}],"wp:featuredmedia":[{"embeddable":true,"href":"https:\/\/qingdaohf.com\/pl\/wp-json\/wp\/v2\/media\/8112"}],"wp:attachment":[{"href":"https:\/\/qingdaohf.com\/pl\/wp-json\/wp\/v2\/media?parent=8109"}],"wp:term":[{"taxonomy":"product_brand","embeddable":true,"href":"https:\/\/qingdaohf.com\/pl\/wp-json\/wp\/v2\/product_brand?post=8109"},{"taxonomy":"product_cat","embeddable":true,"href":"https:\/\/qingdaohf.com\/pl\/wp-json\/wp\/v2\/product_cat?post=8109"},{"taxonomy":"product_tag","embeddable":true,"href":"https:\/\/qingdaohf.com\/pl\/wp-json\/wp\/v2\/product_tag?post=8109"}],"curies":[{"name":"wp","href":"https:\/\/api.w.org\/{rel}","templated":true}]}}