{"id":8119,"date":"2024-10-24T17:32:24","date_gmt":"2024-10-24T09:32:24","guid":{"rendered":"http:\/\/qingdaohf.com\/?post_type=product&#038;p=8119"},"modified":"2025-11-13T09:02:55","modified_gmt":"2025-11-13T01:02:55","slug":"6x36-wire-rope","status":"publish","type":"product","link":"https:\/\/qingdaohf.com\/pl\/produkt\/lina-stalowa-6x36\/","title":{"rendered":"Lina stalowa 6\u00d736"},"content":{"rendered":"<h3>Przegl\u0105d struktury liny stalowej 6 \u00d7 36<\/h3>\n<p>Lina stalowa 6\u00d736 jest znana ze swojej unikalnej struktury, kt\u00f3ra \u0142\u0105czy w sobie wytrzyma\u0142o\u015b\u0107, trwa\u0142o\u015b\u0107 i elastyczno\u015b\u0107. Lina ta sk\u0142ada si\u0119 z 6 splotek, z kt\u00f3rych ka\u017cda zawiera 36 pojedynczych drut\u00f3w, tworz\u0105c g\u0119st\u0105, ale elastyczn\u0105 konfiguracj\u0119. Jej konstrukcja zapewnia lepsz\u0105 r\u00f3wnowag\u0119 mi\u0119dzy elastyczno\u015bci\u0105 a wytrzyma\u0142o\u015bci\u0105 ni\u017c niekt\u00f3re inne liny stalowe, takie jak wariant 6\u00d719. Konstrukcja liny pozwala na wielokrotne zginanie i ruchy bez uszczerbku dla jej integralno\u015bci strukturalnej, co czyni j\u0105 preferowanym wyborem dla bran\u017c wymagaj\u0105cych niezawodnych mo\u017cliwo\u015bci podnoszenia, podnoszenia i olinowania.<\/p>\n<p>Wykonana ze stali wysokow\u0119glowej lina stalowa 6\u00d736 zosta\u0142a zaprojektowana tak, aby wytrzyma\u0107 trudne warunki przy jednoczesnym zachowaniu wytrzyma\u0142o\u015bci rdzenia. Ten wysokiej jako\u015bci materia\u0142 zwi\u0119ksza odporno\u015b\u0107 liny na \u015bcieranie, korozj\u0119 i zu\u017cycie, dzi\u0119ki czemu nadaje si\u0119 do r\u00f3\u017cnych wymagaj\u0105cych \u015brodowisk. Stalowe splotki s\u0105 starannie u\u0142o\u017cone, aby zapewni\u0107 r\u00f3wnomierny rozk\u0142ad obci\u0105\u017cenia, dzi\u0119ki czemu lina stalowa mo\u017ce wytrzyma\u0107 du\u017ce obci\u0105\u017cenia i trudne warunki pracy.<\/p>\n<h3>Popularne rozmiary lin stalowych 6\u00d736<\/h3>\n<p>Wyb\u00f3r rozmiaru liny stalowej ma bezpo\u015bredni wp\u0142yw na jej wytrzyma\u0142o\u015b\u0107, elastyczno\u015b\u0107 i przydatno\u015b\u0107 do r\u00f3\u017cnych zastosowa\u0144. Lina stalowa 6\u00d736 jest dost\u0119pna w r\u00f3\u017cnych rozmiarach, umo\u017cliwiaj\u0105c precyzyjne dostosowanie do specyficznych potrzeb r\u00f3\u017cnych bran\u017c, od budownictwa po operacje morskie.<\/p>\n<p>Lina stalowa 3\/16 cala 6\u00d736 jest wszechstronn\u0105 opcj\u0105, oferuj\u0105c\u0105 doskona\u0142\u0105 r\u00f3wnowag\u0119 mi\u0119dzy elastyczno\u015bci\u0105 a wytrzyma\u0142o\u015bci\u0105. Rozmiar ten jest cz\u0119sto wykorzystywany w l\u017cejszych zastosowaniach, w kt\u00f3rych ograniczenia przestrzenne s\u0105 czynnikiem, takim jak olinowanie na ma\u0142\u0105 skal\u0119 lub kontrolowane zadania podnoszenia. Jej kompaktowa \u015brednica pozwala na \u0142atwe manewrowanie, zapewniaj\u0105c jednocze\u015bnie niezawodny poziom wytrzyma\u0142o\u015bci na rozci\u0105ganie przy umiarkowanych obci\u0105\u017ceniach.<\/p>\n<p>W przypadku zastosowa\u0144 wymagaj\u0105cych mocniejszej opcji, lina stalowa 1\/4 cala 6\u00d736 zapewnia zwi\u0119kszon\u0105 wytrzyma\u0142o\u015b\u0107 bez po\u015bwi\u0119cania zbyt du\u017cej elastyczno\u015bci. Rozmiar ten jest cz\u0119sto wybierany do zastosowa\u0144 takich jak podnoszenie i zabezpieczanie \u0142adunk\u00f3w w budownictwie lub transporcie. Mo\u017ce r\u00f3wnie\u017c dobrze s\u0142u\u017cy\u0107 w operacjach wyci\u0105gania, gdzie po\u0142\u0105czenie wytrzyma\u0142o\u015bci i \u0142atwo\u015bci obs\u0142ugi ma kluczowe znaczenie dla skutecznego dzia\u0142ania.<\/p>\n<p>Lina stalowa 5\/16 cala 6\u00d736 stanowi solidniejszy wyb\u00f3r, oferuj\u0105c zwi\u0119kszone mo\u017cliwo\u015bci przenoszenia obci\u0105\u017ce\u0144 dla bardziej intensywnych zada\u0144. Ten rozmiar jest idealny do ci\u0119\u017ckich zastosowa\u0144, takich jak d\u017awigi przemys\u0142owe, podno\u015bniki i olinowanie morskie. Jej grubsza \u015brednica pozwala wytrzyma\u0107 wi\u0119ksze napr\u0119\u017cenia i napr\u0119\u017cenia, dzi\u0119ki czemu nadaje si\u0119 do \u015brodowisk, w kt\u00f3rych niezb\u0119dna jest zar\u00f3wno wytrzyma\u0142o\u015b\u0107, jak i trwa\u0142o\u015b\u0107.<\/p>\n<p>Dla tych, kt\u00f3rzy potrzebuj\u0105 jeszcze wi\u0119kszej wytrzyma\u0142o\u015bci, lina stalowa 3\/8 cala 6\u00d736 mo\u017ce zapewni\u0107 znaczne wsparcie dla wymagaj\u0105cych projekt\u00f3w. Doskonale nadaje si\u0119 do du\u017cych projekt\u00f3w budowlanych i zastosowa\u0144 przemys\u0142owych, w kt\u00f3rych wymagana jest du\u017ca no\u015bno\u015b\u0107. Pomimo grubszej \u015brednicy, rozmiar 3\/8 cala zachowuje elastyczno\u015b\u0107 potrzebn\u0105 do niekt\u00f3rych zastosowa\u0144 gi\u0119cia, zapewniaj\u0105c, \u017ce dzia\u0142a skutecznie nawet w dynamicznych warunkach.<\/p>\n<h3>Typy rdzenia: FC, IWS i IWRC w linach stalowych 6\u00d736<\/h3>\n<p>Rdze\u0144 liny stalowej jest istotnym elementem, kt\u00f3ry okre\u015bla jej elastyczno\u015b\u0107, wytrzyma\u0142o\u015b\u0107 i przydatno\u015b\u0107 do r\u00f3\u017cnych zastosowa\u0144. Lina stalowa 6\u00d736 wyst\u0119puje w trzech rodzajach rdzenia: Fiber Core (FC), Independent Wire Strand Core (IWS) i Independent Wire Rope Core (IWRC), z kt\u00f3rych ka\u017cdy oferuje r\u00f3\u017cne zalety dla r\u00f3\u017cnych zastosowa\u0144.<\/p>\n<p>Fiber Core (FC) s\u0142u\u017cy jako najbardziej elastyczna opcja rdzenia dla liny stalowej 6\u00d736. Rdze\u0144 ten wykonany jest z w\u0142\u00f3kien syntetycznych lub naturalnych, zapewniaj\u0105c bardziej mi\u0119kk\u0105 i gi\u0119tk\u0105 struktur\u0119 rdzenia. Wariant FC jest szczeg\u00f3lnie korzystny w scenariuszach, w kt\u00f3rych lina stalowa musi cz\u0119sto porusza\u0107 si\u0119 wok\u00f3\u0142 k\u00f3\u0142 pasowych i kr\u0105\u017ck\u00f3w, poniewa\u017c jej elastyczno\u015b\u0107 minimalizuje zu\u017cycie zar\u00f3wno liny, jak i maszyn. Bardziej mi\u0119kki rdze\u0144 oznacza jednak, \u017ce oferuje nieco mniejsz\u0105 wytrzyma\u0142o\u015b\u0107 w por\u00f3wnaniu z opcjami z rdzeniem stalowym, dzi\u0119ki czemu jest bardziej odpowiedni do l\u017cejszych zada\u0144, w kt\u00f3rych elastyczno\u015b\u0107 jest wa\u017cniejsza ni\u017c maksymalna no\u015bno\u015b\u0107.<\/p>\n<p>Niezale\u017cny rdze\u0144 linowy (IWS) zapewnia r\u00f3wnowag\u0119 mi\u0119dzy wytrzyma\u0142o\u015bci\u0105 a elastyczno\u015bci\u0105. Rdze\u0144 IWS sk\u0142ada si\u0119 z oddzielnego splotu drutu, kt\u00f3ry zapewnia dodatkowe wsparcie strukturalne, zwi\u0119kszaj\u0105c trwa\u0142o\u015b\u0107 i wytrzyma\u0142o\u015b\u0107 na rozci\u0105ganie liny stalowej. Ten typ rdzenia doskonale nadaje si\u0119 do zastosowa\u0144 o \u015brednim obci\u0105\u017ceniu, w kt\u00f3rych wymagany jest umiarkowany stopie\u0144 zginania i ruchu, np. w mniejszych d\u017awigach lub \u015bredniej wielko\u015bci urz\u0105dzeniach podnosz\u0105cych. Rdze\u0144 IWS zapewnia, \u017ce lina zachowuje sw\u00f3j kszta\u0142t pod obci\u0105\u017ceniem, co czyni j\u0105 niezawodnym wyborem do zada\u0144 wymagaj\u0105cych nieco wi\u0119kszej wytrzyma\u0142o\u015bci bez po\u015bwi\u0119cania zbyt du\u017cej elastyczno\u015bci.<\/p>\n<p>Dla tych, kt\u00f3rzy szukaj\u0105 maksymalnej wytrzyma\u0142o\u015bci, niezale\u017cny rdze\u0144 liny stalowej (IWRC) zapewnia najwy\u017cszy poziom trwa\u0142o\u015bci w\u015br\u00f3d typ\u00f3w rdzeni. IWRC jest wykonany z oddzielnej liny stalowej, kt\u00f3ra zwi\u0119ksza og\u00f3ln\u0105 wytrzyma\u0142o\u015b\u0107 liny stalowej 6\u00d736, dzi\u0119ki czemu idealnie nadaje si\u0119 do ci\u0119\u017ckich zastosowa\u0144. Ten typ rdzenia jest powszechnie stosowany w \u015brodowiskach, w kt\u00f3rych wysoka wytrzyma\u0142o\u015b\u0107 na rozci\u0105ganie ma kluczowe znaczenie, takich jak wielkogabarytowe d\u017awigi budowlane, wci\u0105gniki przemys\u0142owe i operacje morskie, takie jak holowanie i cumowanie. Chocia\u017c rdze\u0144 IWRC jest mniej elastyczny ni\u017c FC lub IWS, jego zdolno\u015b\u0107 do przenoszenia du\u017cych obci\u0105\u017ce\u0144 i odporno\u015bci na odkszta\u0142cenia pod wp\u0142ywem napr\u0119\u017ce\u0144 sprawia, \u017ce jest to preferowana opcja do intensywnych warunk\u00f3w pracy.<\/p>\n<h3>Zastosowania i zalety liny stalowej 6 \u00d7 36<\/h3>\n<p>Unikalna konstrukcja i wszechstronno\u015b\u0107 liny stalowej 6\u00d736 sprawiaj\u0105, \u017ce jest ona niezb\u0119dnym wyborem w wielu bran\u017cach. Jej zdolno\u015b\u0107 do \u0142\u0105czenia wytrzyma\u0142o\u015bci i elastyczno\u015bci zapewnia, \u017ce mo\u017ce ona dostosowa\u0107 si\u0119 do r\u00f3\u017cnych zastosowa\u0144, zapewniaj\u0105c jednocze\u015bnie sta\u0142\u0105 wydajno\u015b\u0107. Sprawia to, \u017ce jest to bardzo skuteczne narz\u0119dzie do zada\u0144 takich jak podnoszenie, podnoszenie i olinowanie, gdzie precyzja i trwa\u0142o\u015b\u0107 s\u0105 kluczowe.<\/p>\n<p>W bran\u017cy budowlanej lina stalowa 6\u00d736 odgrywa kluczow\u0105 rol\u0119 w operacjach z udzia\u0142em d\u017awig\u00f3w, podno\u015bnik\u00f3w i innego ci\u0119\u017ckiego sprz\u0119tu do podnoszenia. Jej konstrukcja pozwala na p\u0142ynn\u0105 prac\u0119 na kr\u0105\u017ckach i ko\u0142ach pasowych, minimalizuj\u0105c zu\u017cycie i wyd\u0142u\u017caj\u0105c \u017cywotno\u015b\u0107 liny. Dost\u0119pno\u015b\u0107 r\u00f3\u017cnych opcji rdzenia oznacza, \u017ce u\u017cytkownicy mog\u0105 wybra\u0107 idealn\u0105 konfiguracj\u0119, aby dopasowa\u0107 j\u0105 do konkretnych wymaga\u0144 ka\u017cdego projektu, niezale\u017cnie od tego, czy oznacza to priorytetow\u0105 elastyczno\u015b\u0107 z rdzeniem FC, czy te\u017c wyb\u00f3r wytrzyma\u0142o\u015bci IWRC.<\/p>\n<p>Zastosowania morskie r\u00f3wnie\u017c odnosz\u0105 znaczne korzy\u015bci z u\u017cycia liny stalowej 6\u00d736. Odporno\u015b\u0107 na \u015bcieranie i zdolno\u015b\u0107 do wytrzymywania trudnych warunk\u00f3w sprawiaj\u0105, \u017ce nadaje si\u0119 ona do zada\u0144 morskich, takich jak cumowanie, holowanie i operacje po\u0142owowe. W szczeg\u00f3lno\u015bci rdze\u0144 IWRC jest korzystny w tych warunkach ze wzgl\u0119du na jego zdolno\u015b\u0107 do przenoszenia obci\u0105\u017ce\u0144 dynamicznych wyst\u0119puj\u0105cych na wzburzonym morzu i w zmiennych warunkach. Dodatkowo, konstrukcja liny ze stali wysokow\u0119glowej zapewnia, \u017ce jest ona odporna na korozyjne dzia\u0142anie s\u0142onej wody, zapewniaj\u0105c d\u0142ugotrwa\u0142\u0105 niezawodno\u015b\u0107 w operacjach morskich.<\/p>\n<p>W sektorze transportu i logistyki lina stalowa 6\u00d736 jest wykorzystywana do zabezpieczania \u0142adunk\u00f3w, podnoszenia ci\u0119\u017ckich materia\u0142\u00f3w i wspierania r\u00f3\u017cnych mechanizm\u00f3w podnosz\u0105cych. Jej zr\u00f3wnowa\u017cona konstrukcja sprawia, \u017ce jest w stanie przenosi\u0107 zar\u00f3wno obci\u0105\u017cenia statyczne, jak i dynamiczne, oferuj\u0105c wytrzyma\u0142o\u015b\u0107 potrzebn\u0105 do utrzymania bezpiecznych po\u0142\u0105cze\u0144 bez nadmiernego obci\u0105\u017cenia. Ta wszechstronno\u015b\u0107 oznacza, \u017ce mo\u017ce by\u0107 wykorzystywana w szeregu zastosowa\u0144 transportowych, od zabezpieczania \u0142adunk\u00f3w na statkach po pomoc w za\u0142adunku i roz\u0142adunku towar\u00f3w w magazynach.<\/p>\n<p>Wyb\u00f3r odpowiedniego rdzenia i rozmiaru liny stalowej 6\u00d736 pozwala firmom zoptymalizowa\u0107 swoje dzia\u0142ania, zapewniaj\u0105c idealne po\u0142\u0105czenie elastyczno\u015bci, wytrzyma\u0142o\u015bci i trwa\u0142o\u015bci dla ich konkretnych potrzeb. Rozumiej\u0105c mo\u017cliwo\u015bci ka\u017cdego typu rdzenia i konsekwencje r\u00f3\u017cnych rozmiar\u00f3w, u\u017cytkownicy mog\u0105 podejmowa\u0107 \u015bwiadome decyzje, kt\u00f3re maksymalizuj\u0105 bezpiecze\u0144stwo i wydajno\u015b\u0107 ich projekt\u00f3w. Lina stalowa 6\u00d736, o solidnej konstrukcji i elastycznym charakterze, pozostaje preferowanym wyborem dla os\u00f3b poszukuj\u0105cych niezawodno\u015bci i wydajno\u015bci w swoich przedsi\u0119wzi\u0119ciach przemys\u0142owych, morskich i budowlanych.<\/p>","protected":false},"excerpt":{"rendered":"<p>Lina stalowa 6\u00d736 to wysokowytrzyma\u0142a, elastyczna lina stalowa sk\u0142adaj\u0105ca si\u0119 z 6 splotek, z kt\u00f3rych ka\u017cda zawiera 36 drut\u00f3w. Znana jest z r\u00f3wnowagi mi\u0119dzy trwa\u0142o\u015bci\u0105 a elastyczno\u015bci\u0105, dzi\u0119ki czemu nadaje si\u0119 do wymagaj\u0105cych zastosowa\u0144, takich jak podnoszenie, olinowanie i zastosowania morskie. Powszechnie dost\u0119pna w rozmiarach takich jak 3\/16 cala, 1\/4 cala i 5\/16 cala, lina stalowa 6\u00d736 jest zwykle wykonana ze stali wysokow\u0119glowej. Dost\u0119pna jest z r\u00f3\u017cnymi opcjami rdzenia, w tym Fiber Core (FC), Independent Wire Strand Core (IWS) i Independent Wire Rope Core (IWRC), co pozwala na dostosowanie wydajno\u015bci w zale\u017cno\u015bci od konkretnych potrzeb.<\/p>","protected":false},"featured_media":8117,"comment_status":"open","ping_status":"closed","template":"","meta":{"site-sidebar-layout":"default","site-content-layout":"","ast-site-content-layout":"default","site-content-style":"default","site-sidebar-style":"default","ast-global-header-display":"","ast-banner-title-visibility":"","ast-main-header-display":"","ast-hfb-above-header-display":"","ast-hfb-below-header-display":"","ast-hfb-mobile-header-display":"","site-post-title":"","ast-breadcrumbs-content":"","ast-featured-img":"","footer-sml-layout":"","theme-transparent-header-meta":"default","adv-header-id-meta":"","stick-header-meta":"default","header-above-stick-meta":"","header-main-stick-meta":"","header-below-stick-meta":"","astra-migrate-meta-layouts":"set","ast-page-background-enabled":"default","ast-page-background-meta":{"desktop":{"background-color":"","background-image":"","background-repeat":"repeat","background-position":"center center","background-size":"auto","background-attachment":"scroll","background-type":"","background-media":"","overlay-type":"","overlay-color":"","overlay-opacity":"","overlay-gradient":""},"tablet":{"background-color":"","background-image":"","background-repeat":"repeat","background-position":"center center","background-size":"auto","background-attachment":"scroll","background-type":"","background-media":"","overlay-type":"","overlay-color":"","overlay-opacity":"","overlay-gradient":""},"mobile":{"background-color":"","background-image":"","background-repeat":"repeat","background-position":"center center","background-size":"auto","background-attachment":"scroll","background-type":"","background-media":"","overlay-type":"","overlay-color":"","overlay-opacity":"","overlay-gradient":""}},"ast-content-background-meta":{"desktop":{"background-color":"var(--ast-global-color-5)","background-image":"","background-repeat":"repeat","background-position":"center center","background-size":"auto","background-attachment":"scroll","background-type":"","background-media":"","overlay-type":"","overlay-color":"","overlay-opacity":"","overlay-gradient":""},"tablet":{"background-color":"var(--ast-global-color-5)","background-image":"","background-repeat":"repeat","background-position":"center center","background-size":"auto","background-attachment":"scroll","background-type":"","background-media":"","overlay-type":"","overlay-color":"","overlay-opacity":"","overlay-gradient":""},"mobile":{"background-color":"var(--ast-global-color-5)","background-image":"","background-repeat":"repeat","background-position":"center center","background-size":"auto","background-attachment":"scroll","background-type":"","background-media":"","overlay-type":"","overlay-color":"","overlay-opacity":"","overlay-gradient":""}}},"product_brand":[],"product_cat":[37],"product_tag":[89],"class_list":{"0":"post-8119","1":"product","2":"type-product","3":"status-publish","4":"has-post-thumbnail","6":"product_cat-wire-rope","7":"product_tag-wire-rope","8":"desktop-align-left","9":"tablet-align-left","10":"mobile-align-left","11":"ast-product-gallery-layout-horizontal-slider","12":"ast-product-tabs-layout-horizontal","14":"first","15":"instock","16":"shipping-taxable","17":"purchasable","18":"product-type-simple"},"yoast_head":"<!-- This site is optimized with the Yoast SEO plugin v25.2 - https:\/\/yoast.com\/wordpress\/plugins\/seo\/ -->\n<title>6x36 Wire Rope<\/title>\n<meta name=\"description\" content=\"The 6x36 wire rope is a high-strength, flexible steel wire rope consisting of 6 strands, each containing 36 wires.\" \/>\n<meta name=\"robots\" content=\"index, follow, max-snippet:-1, max-image-preview:large, max-video-preview:-1\" \/>\n<link rel=\"canonical\" href=\"https:\/\/qingdaohf.com\/pl\/produkt\/lina-stalowa-6x36\/\" \/>\n<meta property=\"og:locale\" content=\"pl_PL\" \/>\n<meta property=\"og:type\" content=\"article\" \/>\n<meta property=\"og:title\" content=\"6x36 Wire Rope\" \/>\n<meta property=\"og:description\" content=\"The 6x36 wire rope is a high-strength, flexible steel wire rope consisting of 6 strands, each containing 36 wires.\" \/>\n<meta property=\"og:url\" content=\"https:\/\/qingdaohf.com\/pl\/produkt\/lina-stalowa-6x36\/\" \/>\n<meta property=\"og:site_name\" content=\"Concrete Form &amp; Rigging Hardware Supplier\" \/>\n<meta property=\"article:publisher\" content=\"https:\/\/www.facebook.com\/qingdaohf\" \/>\n<meta property=\"article:modified_time\" content=\"2025-11-13T01:02:55+00:00\" \/>\n<meta property=\"og:image\" content=\"https:\/\/qingdaohf.com\/wp-content\/uploads\/2024\/10\/6x36-IWRC-Bright-Wire-Rope.webp\" \/>\n\t<meta property=\"og:image:width\" content=\"744\" \/>\n\t<meta property=\"og:image:height\" content=\"744\" \/>\n\t<meta property=\"og:image:type\" content=\"image\/webp\" \/>\n<meta name=\"twitter:card\" content=\"summary_large_image\" \/>\n<meta name=\"twitter:label1\" content=\"Szacowany czas czytania\" \/>\n\t<meta name=\"twitter:data1\" content=\"6 minut\" \/>\n<script type=\"application\/ld+json\" class=\"yoast-schema-graph\">{\"@context\":\"https:\/\/schema.org\",\"@graph\":[{\"@type\":\"WebPage\",\"@id\":\"https:\/\/qingdaohf.com\/product\/6x36-wire-rope\/\",\"url\":\"https:\/\/qingdaohf.com\/product\/6x36-wire-rope\/\",\"name\":\"6x36 Wire Rope\",\"isPartOf\":{\"@id\":\"https:\/\/qingdaohf.com\/bg\/#website\"},\"primaryImageOfPage\":{\"@id\":\"https:\/\/qingdaohf.com\/product\/6x36-wire-rope\/#primaryimage\"},\"image\":{\"@id\":\"https:\/\/qingdaohf.com\/product\/6x36-wire-rope\/#primaryimage\"},\"thumbnailUrl\":\"https:\/\/qingdaohf.com\/wp-content\/uploads\/2024\/10\/6x36-IWRC-Bright-Wire-Rope.webp\",\"datePublished\":\"2024-10-24T09:32:24+00:00\",\"dateModified\":\"2025-11-13T01:02:55+00:00\",\"description\":\"The 6x36 wire rope is a high-strength, flexible steel wire rope consisting of 6 strands, each containing 36 wires.\",\"breadcrumb\":{\"@id\":\"https:\/\/qingdaohf.com\/product\/6x36-wire-rope\/#breadcrumb\"},\"inLanguage\":\"pl-PL\",\"potentialAction\":[{\"@type\":\"ReadAction\",\"target\":[\"https:\/\/qingdaohf.com\/product\/6x36-wire-rope\/\"]}]},{\"@type\":\"ImageObject\",\"inLanguage\":\"pl-PL\",\"@id\":\"https:\/\/qingdaohf.com\/product\/6x36-wire-rope\/#primaryimage\",\"url\":\"https:\/\/qingdaohf.com\/wp-content\/uploads\/2024\/10\/6x36-IWRC-Bright-Wire-Rope.webp\",\"contentUrl\":\"https:\/\/qingdaohf.com\/wp-content\/uploads\/2024\/10\/6x36-IWRC-Bright-Wire-Rope.webp\",\"width\":744,\"height\":744,\"caption\":\"6x36 IWRC Wire Rope\"},{\"@type\":\"BreadcrumbList\",\"@id\":\"https:\/\/qingdaohf.com\/product\/6x36-wire-rope\/#breadcrumb\",\"itemListElement\":[{\"@type\":\"ListItem\",\"position\":1,\"name\":\"Home\",\"item\":\"https:\/\/qingdaohf.com\/\"},{\"@type\":\"ListItem\",\"position\":2,\"name\":\"Concrete Forming Accessories and Rigging Hardware\",\"item\":\"https:\/\/qingdaohf.com\/bg\/?page_id=944\"},{\"@type\":\"ListItem\",\"position\":3,\"name\":\"6&#215;36 Wire Rope\"}]},{\"@type\":\"WebSite\",\"@id\":\"https:\/\/qingdaohf.com\/bg\/#website\",\"url\":\"https:\/\/qingdaohf.com\/bg\/\",\"name\":\"Concrete Form & Rigging Hardware Supplier\",\"description\":\"\",\"publisher\":{\"@id\":\"https:\/\/qingdaohf.com\/bg\/#organization\"},\"potentialAction\":[{\"@type\":\"SearchAction\",\"target\":{\"@type\":\"EntryPoint\",\"urlTemplate\":\"https:\/\/qingdaohf.com\/bg\/?s={search_term_string}\"},\"query-input\":{\"@type\":\"PropertyValueSpecification\",\"valueRequired\":true,\"valueName\":\"search_term_string\"}}],\"inLanguage\":\"pl-PL\"},{\"@type\":\"Organization\",\"@id\":\"https:\/\/qingdaohf.com\/bg\/#organization\",\"name\":\"Qingdao H&F\",\"url\":\"https:\/\/qingdaohf.com\/bg\/\",\"logo\":{\"@type\":\"ImageObject\",\"inLanguage\":\"pl-PL\",\"@id\":\"https:\/\/qingdaohf.com\/bg\/#\/schema\/logo\/image\/\",\"url\":\"https:\/\/qingdaohf.com\/wp-content\/uploads\/2022\/12\/cropped-HF-LOGO.png\",\"contentUrl\":\"https:\/\/qingdaohf.com\/wp-content\/uploads\/2022\/12\/cropped-HF-LOGO.png\",\"width\":391,\"height\":249,\"caption\":\"Qingdao H&F\"},\"image\":{\"@id\":\"https:\/\/qingdaohf.com\/bg\/#\/schema\/logo\/image\/\"},\"sameAs\":[\"https:\/\/www.facebook.com\/qingdaohf\"]}]}<\/script>\n<!-- \/ Yoast SEO plugin. -->","yoast_head_json":{"title":"6x36 Wire Rope","description":"The 6x36 wire rope is a high-strength, flexible steel wire rope consisting of 6 strands, each containing 36 wires.","robots":{"index":"index","follow":"follow","max-snippet":"max-snippet:-1","max-image-preview":"max-image-preview:large","max-video-preview":"max-video-preview:-1"},"canonical":"https:\/\/qingdaohf.com\/pl\/produkt\/lina-stalowa-6x36\/","og_locale":"pl_PL","og_type":"article","og_title":"6x36 Wire Rope","og_description":"The 6x36 wire rope is a high-strength, flexible steel wire rope consisting of 6 strands, each containing 36 wires.","og_url":"https:\/\/qingdaohf.com\/pl\/produkt\/lina-stalowa-6x36\/","og_site_name":"Concrete Form &amp; Rigging Hardware Supplier","article_publisher":"https:\/\/www.facebook.com\/qingdaohf","article_modified_time":"2025-11-13T01:02:55+00:00","og_image":[{"width":744,"height":744,"url":"https:\/\/qingdaohf.com\/wp-content\/uploads\/2024\/10\/6x36-IWRC-Bright-Wire-Rope.webp","type":"image\/webp"}],"twitter_card":"summary_large_image","twitter_misc":{"Szacowany czas czytania":"6 minut"},"schema":{"@context":"https:\/\/schema.org","@graph":[{"@type":"WebPage","@id":"https:\/\/qingdaohf.com\/product\/6x36-wire-rope\/","url":"https:\/\/qingdaohf.com\/product\/6x36-wire-rope\/","name":"6x36 Wire Rope","isPartOf":{"@id":"https:\/\/qingdaohf.com\/bg\/#website"},"primaryImageOfPage":{"@id":"https:\/\/qingdaohf.com\/product\/6x36-wire-rope\/#primaryimage"},"image":{"@id":"https:\/\/qingdaohf.com\/product\/6x36-wire-rope\/#primaryimage"},"thumbnailUrl":"https:\/\/qingdaohf.com\/wp-content\/uploads\/2024\/10\/6x36-IWRC-Bright-Wire-Rope.webp","datePublished":"2024-10-24T09:32:24+00:00","dateModified":"2025-11-13T01:02:55+00:00","description":"The 6x36 wire rope is a high-strength, flexible steel wire rope consisting of 6 strands, each containing 36 wires.","breadcrumb":{"@id":"https:\/\/qingdaohf.com\/product\/6x36-wire-rope\/#breadcrumb"},"inLanguage":"pl-PL","potentialAction":[{"@type":"ReadAction","target":["https:\/\/qingdaohf.com\/product\/6x36-wire-rope\/"]}]},{"@type":"ImageObject","inLanguage":"pl-PL","@id":"https:\/\/qingdaohf.com\/product\/6x36-wire-rope\/#primaryimage","url":"https:\/\/qingdaohf.com\/wp-content\/uploads\/2024\/10\/6x36-IWRC-Bright-Wire-Rope.webp","contentUrl":"https:\/\/qingdaohf.com\/wp-content\/uploads\/2024\/10\/6x36-IWRC-Bright-Wire-Rope.webp","width":744,"height":744,"caption":"6x36 IWRC Wire Rope"},{"@type":"BreadcrumbList","@id":"https:\/\/qingdaohf.com\/product\/6x36-wire-rope\/#breadcrumb","itemListElement":[{"@type":"ListItem","position":1,"name":"Home","item":"https:\/\/qingdaohf.com\/"},{"@type":"ListItem","position":2,"name":"Concrete Forming Accessories and Rigging Hardware","item":"https:\/\/qingdaohf.com\/bg\/?page_id=944"},{"@type":"ListItem","position":3,"name":"6&#215;36 Wire Rope"}]},{"@type":"WebSite","@id":"https:\/\/qingdaohf.com\/bg\/#website","url":"https:\/\/qingdaohf.com\/bg\/","name":"Concrete Form & Rigging Hardware Supplier","description":"","publisher":{"@id":"https:\/\/qingdaohf.com\/bg\/#organization"},"potentialAction":[{"@type":"SearchAction","target":{"@type":"EntryPoint","urlTemplate":"https:\/\/qingdaohf.com\/bg\/?s={search_term_string}"},"query-input":{"@type":"PropertyValueSpecification","valueRequired":true,"valueName":"search_term_string"}}],"inLanguage":"pl-PL"},{"@type":"Organization","@id":"https:\/\/qingdaohf.com\/bg\/#organization","name":"Qingdao H&F","url":"https:\/\/qingdaohf.com\/bg\/","logo":{"@type":"ImageObject","inLanguage":"pl-PL","@id":"https:\/\/qingdaohf.com\/bg\/#\/schema\/logo\/image\/","url":"https:\/\/qingdaohf.com\/wp-content\/uploads\/2022\/12\/cropped-HF-LOGO.png","contentUrl":"https:\/\/qingdaohf.com\/wp-content\/uploads\/2022\/12\/cropped-HF-LOGO.png","width":391,"height":249,"caption":"Qingdao H&F"},"image":{"@id":"https:\/\/qingdaohf.com\/bg\/#\/schema\/logo\/image\/"},"sameAs":["https:\/\/www.facebook.com\/qingdaohf"]}]}},"_links":{"self":[{"href":"https:\/\/qingdaohf.com\/pl\/wp-json\/wp\/v2\/product\/8119","targetHints":{"allow":["GET"]}}],"collection":[{"href":"https:\/\/qingdaohf.com\/pl\/wp-json\/wp\/v2\/product"}],"about":[{"href":"https:\/\/qingdaohf.com\/pl\/wp-json\/wp\/v2\/types\/product"}],"replies":[{"embeddable":true,"href":"https:\/\/qingdaohf.com\/pl\/wp-json\/wp\/v2\/comments?post=8119"}],"version-history":[{"count":1,"href":"https:\/\/qingdaohf.com\/pl\/wp-json\/wp\/v2\/product\/8119\/revisions"}],"predecessor-version":[{"id":8120,"href":"https:\/\/qingdaohf.com\/pl\/wp-json\/wp\/v2\/product\/8119\/revisions\/8120"}],"wp:featuredmedia":[{"embeddable":true,"href":"https:\/\/qingdaohf.com\/pl\/wp-json\/wp\/v2\/media\/8117"}],"wp:attachment":[{"href":"https:\/\/qingdaohf.com\/pl\/wp-json\/wp\/v2\/media?parent=8119"}],"wp:term":[{"taxonomy":"product_brand","embeddable":true,"href":"https:\/\/qingdaohf.com\/pl\/wp-json\/wp\/v2\/product_brand?post=8119"},{"taxonomy":"product_cat","embeddable":true,"href":"https:\/\/qingdaohf.com\/pl\/wp-json\/wp\/v2\/product_cat?post=8119"},{"taxonomy":"product_tag","embeddable":true,"href":"https:\/\/qingdaohf.com\/pl\/wp-json\/wp\/v2\/product_tag?post=8119"}],"curies":[{"name":"wp","href":"https:\/\/api.w.org\/{rel}","templated":true}]}}