{"id":8136,"date":"2024-10-24T18:02:50","date_gmt":"2024-10-24T10:02:50","guid":{"rendered":"http:\/\/qingdaohf.com\/?post_type=product&#038;p=8136"},"modified":"2025-11-13T09:02:54","modified_gmt":"2025-11-13T01:02:54","slug":"7x19-wire-rope","status":"publish","type":"product","link":"https:\/\/qingdaohf.com\/pl\/produkt\/lina-stalowa-7x19\/","title":{"rendered":"Lina stalowa 7\u00d719"},"content":{"rendered":"<div class=\"flex max-w-full flex-col flex-grow\">\n<div class=\"min-h-8 text-message flex w-full flex-col items-end gap-2 whitespace-normal break-words [.text-message+&amp;]:mt-5\" dir=\"auto\" data-message-author-role=\"assistant\" data-message-id=\"433aa721-79fe-4c11-be83-ec5599ef1987\" data-message-model-slug=\"gpt-4o\">\n<div class=\"flex w-full flex-col gap-1 empty:hidden first:pt-[3px]\">\n<div class=\"markdown prose w-full break-words dark:prose-invert light\">\n<h3>Co to jest lina stalowa 7\u00d719?<\/h3>\n<p>Lina stalowa 7\u00d719 to wysoce elastyczny i wytrzyma\u0142y kabel, sk\u0142adaj\u0105cy si\u0119 g\u0142\u00f3wnie z siedmiu wi\u0105zek drut\u00f3w, z kt\u00f3rych ka\u017cda zawiera 19 pojedynczych drut\u00f3w. Taka konstrukcja liny zapewnia unikalne po\u0142\u0105czenie wytrzyma\u0142o\u015bci i elastyczno\u015bci, co czyni j\u0105 popularnym wyborem w wielu zastosowaniach, od \u015brodowisk morskich po maszyny przemys\u0142owe. Konfiguracja tych splot\u00f3w zapewnia, \u017ce lina jest w stanie wytrzyma\u0107 znaczne obci\u0105\u017cenia przy jednoczesnym zachowaniu integralno\u015bci strukturalnej pod ci\u015bnieniem.<\/p>\n<p>Wszechstronno\u015b\u0107 liny stalowej jest jedn\u0105 z jej najbardziej atrakcyjnych cech, szczeg\u00f3lnie w bran\u017cach, w kt\u00f3rych kable musz\u0105 si\u0119 cz\u0119sto porusza\u0107 lub zgina\u0107. W przeciwie\u0144stwie do bardziej sztywnych konstrukcji, takich jak lina stalowa 1\u00d719, konfiguracja 7\u00d719 zapewnia doskona\u0142\u0105 elastyczno\u015b\u0107 bez uszczerbku dla wytrzyma\u0142o\u015bci na rozci\u0105ganie. Zwykle wykonana z wysokiej jako\u015bci materia\u0142\u00f3w, takich jak stal nierdzewna lub stal ocynkowana, lina stalowa 7 \u00d7 19 jest odporna na korozj\u0119, dzi\u0119ki czemu nadaje si\u0119 zar\u00f3wno do zastosowa\u0144 wewn\u0119trznych, jak i zewn\u0119trznych. Niezale\u017cnie od tego, czy jest u\u017cywana we wci\u0105garkach, d\u017awigach czy kablach steruj\u0105cych samolotem, lina stalowa 7\u00d719 wyr\u00f3\u017cnia si\u0119 w \u015brodowiskach, w kt\u00f3rych elastyczno\u015b\u0107 i wytrzyma\u0142o\u015b\u0107 s\u0105 najwa\u017cniejsze.<\/p>\n<h3>Materia\u0142 i konstrukcja<\/h3>\n<p>Lina stalowa 7\u00d719 jest zwykle dost\u0119pna w dw\u00f3ch podstawowych materia\u0142ach: stali nierdzewnej i stali ocynkowanej. Lina stalowa ze stali nierdzewnej jest preferowana do zastosowa\u0144 wymagaj\u0105cych wysokiej odporno\u015bci na korozj\u0119, szczeg\u00f3lnie w \u015brodowiskach nara\u017conych na wilgo\u0107, chemikalia lub s\u0142on\u0105 wod\u0119. To sprawia, \u017ce jest to popularny wyb\u00f3r w przemy\u015ble morskim, gdzie rdza i korozja mog\u0105 szybko zniszczy\u0107 mniej trwa\u0142e materia\u0142y. Z drugiej strony, liny stalowe ocynkowane s\u0105 pokryte warstw\u0105 cynku, kt\u00f3ra zapewnia poziom odporno\u015bci na korozj\u0119 przy jednoczesnym zachowaniu efektywno\u015bci kosztowej w zastosowaniach, kt\u00f3re nie s\u0105 nara\u017cone na trudne warunki \u015brodowiskowe.<\/p>\n<p>Konstrukcja liny stalowej 7\u00d719 sk\u0142ada si\u0119 z siedmiu splotek, z kt\u00f3rych ka\u017cda sk\u0142ada si\u0119 z 19 drut\u00f3w. Taka formacja zwi\u0119ksza elastyczno\u015b\u0107 liny bez po\u015bwi\u0119cania jej wytrzyma\u0142o\u015bci. W por\u00f3wnaniu z konstrukcj\u0105 tak\u0105 jak 1\u00d719, w kt\u00f3rej pojedynczy splot ma ograniczon\u0105 elastyczno\u015b\u0107 ruchu, 7\u00d719 oferuje zwi\u0119kszon\u0105 elastyczno\u015b\u0107, dzi\u0119ki czemu idealnie nadaje si\u0119 do scenariuszy, w kt\u00f3rych lina musi zgina\u0107 si\u0119 wok\u00f3\u0142 k\u00f3\u0142 pasowych lub przechodzi\u0107 przez zakrzywione powierzchnie. Elastyczno\u015b\u0107 liny stalowej 7\u00d719 zmniejsza r\u00f3wnie\u017c prawdopodobie\u0144stwo jej za\u0142amania lub uszkodzenia zm\u0119czeniowego, zapewniaj\u0105c d\u0142u\u017csz\u0105 \u017cywotno\u015b\u0107 w dynamicznych zastosowaniach.<\/p>\n<p>Opr\u00f3cz konstrukcji zewn\u0119trznej, rdze\u0144 liny stalowej odgrywa istotn\u0105 rol\u0119 w jej wydajno\u015bci. Lina stalowa 7\u00d719 jest dost\u0119pna z dwoma rodzajami rdzeni: rdzenie z w\u0142\u00f3kien (FC) i niezale\u017cne rdzenie linowe (IWRC). Rdze\u0144 w\u0142\u00f3knisty, zwykle wykonany z w\u0142\u00f3kien syntetycznych lub naturalnych, zwi\u0119ksza elastyczno\u015b\u0107, dzi\u0119ki czemu lina jest bardziej gi\u0119tka, ale nieco s\u0142absza. IWRC, zazwyczaj lina stalowa o ma\u0142ej \u015brednicy, oferuje doskona\u0142\u0105 wytrzyma\u0142o\u015b\u0107 i odporno\u015b\u0107 na zgniatanie, dzi\u0119ki czemu jest bardziej odpowiednia do zastosowa\u0144 o wi\u0119kszym obci\u0105\u017ceniu. Wyb\u00f3r mi\u0119dzy rdzeniem z w\u0142\u00f3kna a IWRC zale\u017cy od konkretnego zastosowania, przy czym IWRC jest preferowan\u0105 opcj\u0105 do zastosowa\u0144 przemys\u0142owych, a rdzenie z w\u0142\u00f3kna s\u0105 bardziej powszechne w sytuacjach wymagaj\u0105cych wi\u0119kszej elastyczno\u015bci ni\u017c wytrzyma\u0142o\u015bci na obci\u0105\u017cenia.<\/p>\n<h3>Popularne rozmiary i zastosowania<\/h3>\n<p>Lina stalowa 7\u00d719 jest dost\u0119pna w r\u00f3\u017cnych rozmiarach dostosowanych do r\u00f3\u017cnych zastosowa\u0144. Niekt\u00f3re z najpopularniejszych rozmiar\u00f3w obejmuj\u0105:<\/p>\n<p><strong>Lina stalowa 1\/16 cala 7\u00d719:<\/strong> Rozmiar ten jest cz\u0119sto u\u017cywany do lekkich zada\u0144. Jej niewielka \u015brednica sprawia, \u017ce idealnie nadaje si\u0119 do precyzyjnych prac, takich jak linki steruj\u0105ce, linki rowerowe, a nawet w niekt\u00f3rych operacjach lotniczych, gdzie wymagana jest precyzyjna kontrola i elastyczno\u015b\u0107. Pomimo niewielkich rozmiar\u00f3w, lina stalowa 1\/16 cala 7\u00d719 zachowuje imponuj\u0105c\u0105 wytrzyma\u0142o\u015b\u0107 na rozci\u0105ganie dzi\u0119ki swojej wielo\u017cy\u0142owej konstrukcji, zapewniaj\u0105c niezawodno\u015b\u0107 w zadaniach wymagaj\u0105cych zar\u00f3wno delikatno\u015bci, jak i trwa\u0142o\u015bci.<\/p>\n<p><strong>Lina stalowa 3\/32 cala 7\u00d719:<\/strong> Ten nieco wi\u0119kszy rozmiar jest odpowiedni do zastosowa\u0144, w kt\u00f3rych wymagana jest r\u00f3wnowaga mi\u0119dzy elastyczno\u015bci\u0105 a wytrzyma\u0142o\u015bci\u0105. Jest cz\u0119sto u\u017cywany w zastosowaniach architektonicznych, takich jak balustrady i bariery, a tak\u017ce w lekkich zadaniach olinowania w warunkach morskich. Dodatkowa grubo\u015b\u0107 liny stalowej 3\/32 cala sprawia, \u017ce jest ona bardziej spr\u0119\u017cysta ni\u017c liny o mniejszych \u015brednicach, ale nadal oferuje doskona\u0142\u0105 elastyczno\u015b\u0107 dla k\u00f3\u0142 pasowych i podobnych mechanizm\u00f3w.<\/p>\n<p><strong>Lina stalowa 1\/8 cala 7\u00d719:<\/strong> Lina stalowa 1\/8 cala to bardzo wszechstronny rozmiar, powszechnie spotykany w og\u00f3lnych zastosowaniach przemys\u0142owych i morskich. Jest wystarczaj\u0105co wytrzyma\u0142a do umiarkowanych zada\u0144 podnoszenia i dobrze sprawdza si\u0119 we wci\u0105garkach, linach odci\u0105gowych, a nawet w mostach wisz\u0105cych i konstrukcjach. Jej odporno\u015b\u0107 na korozj\u0119, zw\u0142aszcza gdy jest wykonana ze stali nierdzewnej, sprawia, \u017ce jest to preferowana opcja w \u015brodowiskach, w kt\u00f3rych nara\u017cenie na dzia\u0142anie czynnik\u00f3w atmosferycznych jest niepokoj\u0105ce.<\/p>\n<p><strong>Lina stalowa 5\/32 cala 7\u00d719:<\/strong> Ten rozmiar zapewnia jeszcze wi\u0119ksz\u0105 wytrzyma\u0142o\u015b\u0107 przy zachowaniu elastyczno\u015bci, dzi\u0119ki czemu idealnie nadaje si\u0119 do ci\u0119\u017ckich zada\u0144. Jest cz\u0119sto stosowana w budownictwie, windach i d\u017awigach, gdzie trzeba podnosi\u0107 lub przenosi\u0107 znaczne obci\u0105\u017cenia. Wi\u0119ksza \u015brednica zapewnia, \u017ce lina stalowa 5\/32 cala mo\u017ce wytrzyma\u0107 znaczne napr\u0119\u017cenia bez deformacji lub przedwczesnego zu\u017cycia, co ma kluczowe znaczenie dla bezpiecze\u0144stwa w sytuacjach du\u017cego obci\u0105\u017cenia.<\/p>\n<p>Wyb\u00f3r odpowiedniego rozmiaru liny stalowej 7\u00d719 zale\u017cy w du\u017cej mierze od konkretnych wymaga\u0144 dotycz\u0105cych obci\u0105\u017cenia i warunk\u00f3w \u015brodowiskowych aplikacji. Mniejsze rozmiary, takie jak 1\/16 cala lub 3\/32 cala, doskonale sprawdzaj\u0105 si\u0119 w precyzyjnych zadaniach, podczas gdy wi\u0119ksze rozmiary, takie jak 1\/8 cala i 5\/32 cala, lepiej nadaj\u0105 si\u0119 do ci\u0119\u017ckich operacji, kt\u00f3re wymagaj\u0105 zar\u00f3wno elastyczno\u015bci, jak i wytrzyma\u0142o\u015bci.<\/p>\n<h3>Wszechstronno\u015b\u0107 w u\u017cyciu<\/h3>\n<p>Jedn\u0105 z najwa\u017cniejszych zalet liny stalowej 7\u00d719 jest jej zdolno\u015b\u0107 do adaptacji w wielu r\u00f3\u017cnych bran\u017cach. Po\u0142\u0105czenie wytrzyma\u0142o\u015bci i elastyczno\u015bci liny sprawia, \u017ce jest ona niezb\u0119dna w sektorach takich jak lotnictwo, budownictwo, przemys\u0142 morski i architektura.<\/p>\n<p>W lotnictwie lina stalowa 7\u00d719 jest cz\u0119sto stosowana w linach sterowniczych i systemach olinowania samolot\u00f3w. Jej doskona\u0142a elastyczno\u015b\u0107 pozwala na p\u0142ynne zginanie i przesuwanie przez ko\u0142a pasowe i wok\u00f3\u0142 naro\u017cnik\u00f3w bez ryzyka za\u0142ama\u0144 lub uszkodze\u0144. Trwa\u0142o\u015b\u0107 materia\u0142u zapewnia, \u017ce mo\u017ce on wytrzyma\u0107 napr\u0119\u017cenia i odkszta\u0142cenia spowodowane szybkim lotem, wibracjami i zmianami temperatury.<\/p>\n<p>W przemy\u015ble morskim lina stalowa ze stali nierdzewnej 7 \u00d7 19 jest materia\u0142em wybieranym do olinowania, cumowania i podnoszenia. Odporno\u015b\u0107 liny na korozj\u0119, w po\u0142\u0105czeniu z jej zdolno\u015bci\u0105 do przenoszenia du\u017cych obci\u0105\u017ce\u0144, czyni j\u0105 idealn\u0105 do stosowania w trudnych warunkach s\u0142onej wody. Elastyczno\u015b\u0107 konstrukcji 7\u00d719 zmniejsza r\u00f3wnie\u017c zu\u017cycie k\u00f3\u0142 pasowych i innego sprz\u0119tu, co jest szczeg\u00f3lnie korzystne w \u015brodowiskach, w kt\u00f3rych sprz\u0119t jest w ci\u0105g\u0142ym u\u017cyciu.<\/p>\n<p>W budownictwie lina stalowa 7\u00d719 jest u\u017cywana do podnoszenia i olinowania ci\u0119\u017ckich materia\u0142\u00f3w. Jej zdolno\u015b\u0107 do wytrzymywania znacznych obci\u0105\u017ce\u0144 bez deformacji sprawia, \u017ce jest niezb\u0119dnym elementem d\u017awig\u00f3w, wind i innych maszyn budowlanych. Elastyczno\u015b\u0107 liny stalowej zapewnia, \u017ce mo\u017ce ona p\u0142ynnie porusza\u0107 si\u0119 po sprz\u0119cie, zmniejszaj\u0105c zu\u017cycie zar\u00f3wno liny, jak i maszyn, z kt\u00f3rymi wsp\u00f3\u0142pracuje.<\/p>\n<p>Wreszcie, w zastosowaniach architektonicznych, estetyczne i funkcjonalne w\u0142a\u015bciwo\u015bci liny stalowej 7\u00d719 s\u0105 wysoko cenione. Jest ona cz\u0119sto stosowana w systemach balustrad kablowych, konstrukcjach napinaj\u0105cych i mostach wisz\u0105cych, gdzie jej czysty, nowoczesny wygl\u0105d i wytrzyma\u0142o\u015b\u0107 sprawiaj\u0105, \u017ce jest to idealny materia\u0142. W szczeg\u00f3lno\u015bci lina stalowa 7\u00d719 jest ceniona za zdolno\u015b\u0107 do zachowania eleganckiego, wolnego od rdzy wygl\u0105du przy jednoczesnym zapewnieniu niezb\u0119dnej wytrzyma\u0142o\u015bci na rozci\u0105ganie w celu bezpiecznego podparcia konstrukcji.<\/p>\n<h3>Wnioski<\/h3>\n<p>Lina stalowa 7\u00d719 jest wyj\u0105tkowym przyk\u0142adem wszechstronno\u015bci in\u017cynieryjnej. Unikalna konfiguracja siedmiu splotek, z kt\u00f3rych ka\u017cda zawiera 19 drut\u00f3w, pozwala na po\u0142\u0105czenie wytrzyma\u0142o\u015bci, elastyczno\u015bci i trwa\u0142o\u015bci w spos\u00f3b, kt\u00f3remu niewiele innych materia\u0142\u00f3w mo\u017ce dor\u00f3wna\u0107. Dost\u0119pna w r\u00f3\u017cnych rozmiarach, w tym 1\/16 cala, 3\/32 cala, 1\/8 cala i 5\/32 cala, lina stalowa oferuje szereg rozwi\u0105za\u0144 do lekkich i ci\u0119\u017ckich zastosowa\u0144 w wielu bran\u017cach. Niezale\u017cnie od tego, czy jest u\u017cywana w \u015brodowiskach morskich, maszynach przemys\u0142owych czy projektach architektonicznych, lina stalowa 7\u00d719 konsekwentnie zapewnia wydajno\u015b\u0107 potrzebn\u0105 do spe\u0142nienia wysokich wymaga\u0144 operacyjnych.<\/p>\n<\/div>\n<\/div>\n<\/div>\n<\/div>","protected":false},"excerpt":{"rendered":"<p>Lina stalowa 7\u00d719 to wszechstronny, elastyczny kabel cz\u0119sto stosowany w bran\u017cach wymagaj\u0105cych wytrzyma\u0142o\u015bci i trwa\u0142o\u015bci. Zbudowana z siedmiu splotek, z kt\u00f3rych ka\u017cda zawiera 19 pojedynczych drut\u00f3w, lina ta oferuje doskona\u0142\u0105 elastyczno\u015b\u0107 w por\u00f3wnaniu do innych konstrukcji lin stalowych. Zazwyczaj wykonana jest z wysokiej jako\u015bci stali nierdzewnej lub ocynkowanej i wyst\u0119puje w r\u00f3\u017cnych rozmiarach, takich jak 1\/16 cala, 3\/32 cala i 5\/32 cala. Rdzenie mog\u0105 by\u0107 wykonane ze stali lub w\u0142\u00f3kien, w zale\u017cno\u015bci od konkretnych wymaga\u0144 dotycz\u0105cych wytrzyma\u0142o\u015bci na obci\u0105\u017cenia, elastyczno\u015bci i warunk\u00f3w \u015brodowiskowych.<\/p>","protected":false},"featured_media":8137,"comment_status":"open","ping_status":"closed","template":"","meta":{"site-sidebar-layout":"default","site-content-layout":"","ast-site-content-layout":"default","site-content-style":"default","site-sidebar-style":"default","ast-global-header-display":"","ast-banner-title-visibility":"","ast-main-header-display":"","ast-hfb-above-header-display":"","ast-hfb-below-header-display":"","ast-hfb-mobile-header-display":"","site-post-title":"","ast-breadcrumbs-content":"","ast-featured-img":"","footer-sml-layout":"","theme-transparent-header-meta":"default","adv-header-id-meta":"","stick-header-meta":"default","header-above-stick-meta":"","header-main-stick-meta":"","header-below-stick-meta":"","astra-migrate-meta-layouts":"set","ast-page-background-enabled":"default","ast-page-background-meta":{"desktop":{"background-color":"","background-image":"","background-repeat":"repeat","background-position":"center center","background-size":"auto","background-attachment":"scroll","background-type":"","background-media":"","overlay-type":"","overlay-color":"","overlay-opacity":"","overlay-gradient":""},"tablet":{"background-color":"","background-image":"","background-repeat":"repeat","background-position":"center center","background-size":"auto","background-attachment":"scroll","background-type":"","background-media":"","overlay-type":"","overlay-color":"","overlay-opacity":"","overlay-gradient":""},"mobile":{"background-color":"","background-image":"","background-repeat":"repeat","background-position":"center center","background-size":"auto","background-attachment":"scroll","background-type":"","background-media":"","overlay-type":"","overlay-color":"","overlay-opacity":"","overlay-gradient":""}},"ast-content-background-meta":{"desktop":{"background-color":"var(--ast-global-color-5)","background-image":"","background-repeat":"repeat","background-position":"center center","background-size":"auto","background-attachment":"scroll","background-type":"","background-media":"","overlay-type":"","overlay-color":"","overlay-opacity":"","overlay-gradient":""},"tablet":{"background-color":"var(--ast-global-color-5)","background-image":"","background-repeat":"repeat","background-position":"center center","background-size":"auto","background-attachment":"scroll","background-type":"","background-media":"","overlay-type":"","overlay-color":"","overlay-opacity":"","overlay-gradient":""},"mobile":{"background-color":"var(--ast-global-color-5)","background-image":"","background-repeat":"repeat","background-position":"center center","background-size":"auto","background-attachment":"scroll","background-type":"","background-media":"","overlay-type":"","overlay-color":"","overlay-opacity":"","overlay-gradient":""}}},"product_brand":[],"product_cat":[37],"product_tag":[89],"class_list":{"0":"post-8136","1":"product","2":"type-product","3":"status-publish","4":"has-post-thumbnail","6":"product_cat-wire-rope","7":"product_tag-wire-rope","8":"desktop-align-left","9":"tablet-align-left","10":"mobile-align-left","11":"ast-product-gallery-layout-horizontal-slider","12":"ast-product-gallery-with-no-image","13":"ast-product-tabs-layout-horizontal","15":"first","16":"instock","17":"shipping-taxable","18":"purchasable","19":"product-type-simple"},"yoast_head":"<!-- This site is optimized with the Yoast SEO plugin v25.2 - https:\/\/yoast.com\/wordpress\/plugins\/seo\/ -->\n<title>7x19 Wire Rope<\/title>\n<meta name=\"robots\" content=\"index, follow, max-snippet:-1, max-image-preview:large, max-video-preview:-1\" \/>\n<link rel=\"canonical\" href=\"https:\/\/qingdaohf.com\/pl\/produkt\/lina-stalowa-7x19\/\" \/>\n<meta property=\"og:locale\" content=\"pl_PL\" \/>\n<meta property=\"og:type\" content=\"article\" \/>\n<meta property=\"og:title\" content=\"7x19 Wire Rope\" \/>\n<meta property=\"og:description\" content=\"7x19 wire rope is a versatile, flexible cable often used in industries requiring strength and durability. Constructed with seven strands, each containing 19 individual wires, this rope offers excellent flexibility compared to other wire rope constructions. It is typically made from high-grade stainless or galvanized steel and comes in various sizes, such as 1\/16 inch, 3\/32 inch, and 5\/32 inch. The cores can be made from steel or fiber, depending on the specific requirements for load strength, flexibility, and environmental conditions.\" \/>\n<meta property=\"og:url\" content=\"https:\/\/qingdaohf.com\/pl\/produkt\/lina-stalowa-7x19\/\" \/>\n<meta property=\"og:site_name\" content=\"Concrete Form &amp; Rigging Hardware Supplier\" \/>\n<meta property=\"article:publisher\" content=\"https:\/\/www.facebook.com\/qingdaohf\" \/>\n<meta property=\"article:modified_time\" content=\"2025-11-13T01:02:54+00:00\" \/>\n<meta property=\"og:image\" content=\"https:\/\/qingdaohf.com\/wp-content\/uploads\/2024\/10\/7x19.webp\" \/>\n\t<meta property=\"og:image:width\" content=\"787\" \/>\n\t<meta property=\"og:image:height\" content=\"787\" \/>\n\t<meta property=\"og:image:type\" content=\"image\/webp\" \/>\n<meta name=\"twitter:card\" content=\"summary_large_image\" \/>\n<meta name=\"twitter:label1\" content=\"Szacowany czas czytania\" \/>\n\t<meta name=\"twitter:data1\" content=\"6 minut\" \/>\n<script type=\"application\/ld+json\" class=\"yoast-schema-graph\">{\"@context\":\"https:\/\/schema.org\",\"@graph\":[{\"@type\":\"WebPage\",\"@id\":\"https:\/\/qingdaohf.com\/product\/7x19-wire-rope\/\",\"url\":\"https:\/\/qingdaohf.com\/product\/7x19-wire-rope\/\",\"name\":\"7x19 Wire Rope\",\"isPartOf\":{\"@id\":\"https:\/\/qingdaohf.com\/bg\/#website\"},\"primaryImageOfPage\":{\"@id\":\"https:\/\/qingdaohf.com\/product\/7x19-wire-rope\/#primaryimage\"},\"image\":{\"@id\":\"https:\/\/qingdaohf.com\/product\/7x19-wire-rope\/#primaryimage\"},\"thumbnailUrl\":\"https:\/\/qingdaohf.com\/wp-content\/uploads\/2024\/10\/7x19.webp\",\"datePublished\":\"2024-10-24T10:02:50+00:00\",\"dateModified\":\"2025-11-13T01:02:54+00:00\",\"breadcrumb\":{\"@id\":\"https:\/\/qingdaohf.com\/product\/7x19-wire-rope\/#breadcrumb\"},\"inLanguage\":\"pl-PL\",\"potentialAction\":[{\"@type\":\"ReadAction\",\"target\":[\"https:\/\/qingdaohf.com\/product\/7x19-wire-rope\/\"]}]},{\"@type\":\"ImageObject\",\"inLanguage\":\"pl-PL\",\"@id\":\"https:\/\/qingdaohf.com\/product\/7x19-wire-rope\/#primaryimage\",\"url\":\"https:\/\/qingdaohf.com\/wp-content\/uploads\/2024\/10\/7x19.webp\",\"contentUrl\":\"https:\/\/qingdaohf.com\/wp-content\/uploads\/2024\/10\/7x19.webp\",\"width\":787,\"height\":787,\"caption\":\"7x19 wire rope\"},{\"@type\":\"BreadcrumbList\",\"@id\":\"https:\/\/qingdaohf.com\/product\/7x19-wire-rope\/#breadcrumb\",\"itemListElement\":[{\"@type\":\"ListItem\",\"position\":1,\"name\":\"Home\",\"item\":\"https:\/\/qingdaohf.com\/\"},{\"@type\":\"ListItem\",\"position\":2,\"name\":\"Concrete Forming Accessories and Rigging Hardware\",\"item\":\"https:\/\/qingdaohf.com\/bg\/?page_id=944\"},{\"@type\":\"ListItem\",\"position\":3,\"name\":\"7&#215;19 Wire Rope\"}]},{\"@type\":\"WebSite\",\"@id\":\"https:\/\/qingdaohf.com\/bg\/#website\",\"url\":\"https:\/\/qingdaohf.com\/bg\/\",\"name\":\"Concrete Form & Rigging Hardware Supplier\",\"description\":\"\",\"publisher\":{\"@id\":\"https:\/\/qingdaohf.com\/bg\/#organization\"},\"potentialAction\":[{\"@type\":\"SearchAction\",\"target\":{\"@type\":\"EntryPoint\",\"urlTemplate\":\"https:\/\/qingdaohf.com\/bg\/?s={search_term_string}\"},\"query-input\":{\"@type\":\"PropertyValueSpecification\",\"valueRequired\":true,\"valueName\":\"search_term_string\"}}],\"inLanguage\":\"pl-PL\"},{\"@type\":\"Organization\",\"@id\":\"https:\/\/qingdaohf.com\/bg\/#organization\",\"name\":\"Qingdao H&F\",\"url\":\"https:\/\/qingdaohf.com\/bg\/\",\"logo\":{\"@type\":\"ImageObject\",\"inLanguage\":\"pl-PL\",\"@id\":\"https:\/\/qingdaohf.com\/bg\/#\/schema\/logo\/image\/\",\"url\":\"https:\/\/qingdaohf.com\/wp-content\/uploads\/2022\/12\/cropped-HF-LOGO.png\",\"contentUrl\":\"https:\/\/qingdaohf.com\/wp-content\/uploads\/2022\/12\/cropped-HF-LOGO.png\",\"width\":391,\"height\":249,\"caption\":\"Qingdao H&F\"},\"image\":{\"@id\":\"https:\/\/qingdaohf.com\/bg\/#\/schema\/logo\/image\/\"},\"sameAs\":[\"https:\/\/www.facebook.com\/qingdaohf\"]}]}<\/script>\n<!-- \/ Yoast SEO plugin. -->","yoast_head_json":{"title":"7x19 Wire Rope","robots":{"index":"index","follow":"follow","max-snippet":"max-snippet:-1","max-image-preview":"max-image-preview:large","max-video-preview":"max-video-preview:-1"},"canonical":"https:\/\/qingdaohf.com\/pl\/produkt\/lina-stalowa-7x19\/","og_locale":"pl_PL","og_type":"article","og_title":"7x19 Wire Rope","og_description":"7x19 wire rope is a versatile, flexible cable often used in industries requiring strength and durability. Constructed with seven strands, each containing 19 individual wires, this rope offers excellent flexibility compared to other wire rope constructions. It is typically made from high-grade stainless or galvanized steel and comes in various sizes, such as 1\/16 inch, 3\/32 inch, and 5\/32 inch. The cores can be made from steel or fiber, depending on the specific requirements for load strength, flexibility, and environmental conditions.","og_url":"https:\/\/qingdaohf.com\/pl\/produkt\/lina-stalowa-7x19\/","og_site_name":"Concrete Form &amp; Rigging Hardware Supplier","article_publisher":"https:\/\/www.facebook.com\/qingdaohf","article_modified_time":"2025-11-13T01:02:54+00:00","og_image":[{"width":787,"height":787,"url":"https:\/\/qingdaohf.com\/wp-content\/uploads\/2024\/10\/7x19.webp","type":"image\/webp"}],"twitter_card":"summary_large_image","twitter_misc":{"Szacowany czas czytania":"6 minut"},"schema":{"@context":"https:\/\/schema.org","@graph":[{"@type":"WebPage","@id":"https:\/\/qingdaohf.com\/product\/7x19-wire-rope\/","url":"https:\/\/qingdaohf.com\/product\/7x19-wire-rope\/","name":"7x19 Wire Rope","isPartOf":{"@id":"https:\/\/qingdaohf.com\/bg\/#website"},"primaryImageOfPage":{"@id":"https:\/\/qingdaohf.com\/product\/7x19-wire-rope\/#primaryimage"},"image":{"@id":"https:\/\/qingdaohf.com\/product\/7x19-wire-rope\/#primaryimage"},"thumbnailUrl":"https:\/\/qingdaohf.com\/wp-content\/uploads\/2024\/10\/7x19.webp","datePublished":"2024-10-24T10:02:50+00:00","dateModified":"2025-11-13T01:02:54+00:00","breadcrumb":{"@id":"https:\/\/qingdaohf.com\/product\/7x19-wire-rope\/#breadcrumb"},"inLanguage":"pl-PL","potentialAction":[{"@type":"ReadAction","target":["https:\/\/qingdaohf.com\/product\/7x19-wire-rope\/"]}]},{"@type":"ImageObject","inLanguage":"pl-PL","@id":"https:\/\/qingdaohf.com\/product\/7x19-wire-rope\/#primaryimage","url":"https:\/\/qingdaohf.com\/wp-content\/uploads\/2024\/10\/7x19.webp","contentUrl":"https:\/\/qingdaohf.com\/wp-content\/uploads\/2024\/10\/7x19.webp","width":787,"height":787,"caption":"7x19 wire rope"},{"@type":"BreadcrumbList","@id":"https:\/\/qingdaohf.com\/product\/7x19-wire-rope\/#breadcrumb","itemListElement":[{"@type":"ListItem","position":1,"name":"Home","item":"https:\/\/qingdaohf.com\/"},{"@type":"ListItem","position":2,"name":"Concrete Forming Accessories and Rigging Hardware","item":"https:\/\/qingdaohf.com\/bg\/?page_id=944"},{"@type":"ListItem","position":3,"name":"7&#215;19 Wire Rope"}]},{"@type":"WebSite","@id":"https:\/\/qingdaohf.com\/bg\/#website","url":"https:\/\/qingdaohf.com\/bg\/","name":"Concrete Form & Rigging Hardware Supplier","description":"","publisher":{"@id":"https:\/\/qingdaohf.com\/bg\/#organization"},"potentialAction":[{"@type":"SearchAction","target":{"@type":"EntryPoint","urlTemplate":"https:\/\/qingdaohf.com\/bg\/?s={search_term_string}"},"query-input":{"@type":"PropertyValueSpecification","valueRequired":true,"valueName":"search_term_string"}}],"inLanguage":"pl-PL"},{"@type":"Organization","@id":"https:\/\/qingdaohf.com\/bg\/#organization","name":"Qingdao H&F","url":"https:\/\/qingdaohf.com\/bg\/","logo":{"@type":"ImageObject","inLanguage":"pl-PL","@id":"https:\/\/qingdaohf.com\/bg\/#\/schema\/logo\/image\/","url":"https:\/\/qingdaohf.com\/wp-content\/uploads\/2022\/12\/cropped-HF-LOGO.png","contentUrl":"https:\/\/qingdaohf.com\/wp-content\/uploads\/2022\/12\/cropped-HF-LOGO.png","width":391,"height":249,"caption":"Qingdao H&F"},"image":{"@id":"https:\/\/qingdaohf.com\/bg\/#\/schema\/logo\/image\/"},"sameAs":["https:\/\/www.facebook.com\/qingdaohf"]}]}},"_links":{"self":[{"href":"https:\/\/qingdaohf.com\/pl\/wp-json\/wp\/v2\/product\/8136","targetHints":{"allow":["GET"]}}],"collection":[{"href":"https:\/\/qingdaohf.com\/pl\/wp-json\/wp\/v2\/product"}],"about":[{"href":"https:\/\/qingdaohf.com\/pl\/wp-json\/wp\/v2\/types\/product"}],"replies":[{"embeddable":true,"href":"https:\/\/qingdaohf.com\/pl\/wp-json\/wp\/v2\/comments?post=8136"}],"version-history":[{"count":1,"href":"https:\/\/qingdaohf.com\/pl\/wp-json\/wp\/v2\/product\/8136\/revisions"}],"predecessor-version":[{"id":8138,"href":"https:\/\/qingdaohf.com\/pl\/wp-json\/wp\/v2\/product\/8136\/revisions\/8138"}],"wp:featuredmedia":[{"embeddable":true,"href":"https:\/\/qingdaohf.com\/pl\/wp-json\/wp\/v2\/media\/8137"}],"wp:attachment":[{"href":"https:\/\/qingdaohf.com\/pl\/wp-json\/wp\/v2\/media?parent=8136"}],"wp:term":[{"taxonomy":"product_brand","embeddable":true,"href":"https:\/\/qingdaohf.com\/pl\/wp-json\/wp\/v2\/product_brand?post=8136"},{"taxonomy":"product_cat","embeddable":true,"href":"https:\/\/qingdaohf.com\/pl\/wp-json\/wp\/v2\/product_cat?post=8136"},{"taxonomy":"product_tag","embeddable":true,"href":"https:\/\/qingdaohf.com\/pl\/wp-json\/wp\/v2\/product_tag?post=8136"}],"curies":[{"name":"wp","href":"https:\/\/api.w.org\/{rel}","templated":true}]}}