{"id":8178,"date":"2024-10-29T16:45:43","date_gmt":"2024-10-29T08:45:43","guid":{"rendered":"http:\/\/qingdaohf.com\/?post_type=product&#038;p=8178"},"modified":"2025-11-13T09:02:54","modified_gmt":"2025-11-13T01:02:54","slug":"studless-anchor-chain","status":"publish","type":"product","link":"https:\/\/qingdaohf.com\/pl\/produkt\/bezkolcowy-lancuch-kotwiczny\/","title":{"rendered":"\u0141a\u0144cuch kotwiczny bez kolc\u00f3w"},"content":{"rendered":"<h3>Podstawowe cechy \u0142a\u0144cuch\u00f3w kotwicznych bez kolc\u00f3w: Zbudowane z my\u015bl\u0105 o sile i wytrzyma\u0142o\u015bci<\/h3>\n<p><img fetchpriority=\"high\" decoding=\"async\" class=\"alignnone size-full wp-image-8169\" src=\"http:\/\/qingdaohf.com\/wp-content\/uploads\/2024\/10\/studless-anchor-chain_2.webp\" alt=\"bezkolcowy \u0142a\u0144cuch kotwiczny\" width=\"831\" height=\"1087\" srcset=\"https:\/\/qingdaohf.com\/wp-content\/uploads\/2024\/10\/studless-anchor-chain_2.webp 831w, https:\/\/qingdaohf.com\/wp-content\/uploads\/2024\/10\/studless-anchor-chain_2-229x300.webp 229w, https:\/\/qingdaohf.com\/wp-content\/uploads\/2024\/10\/studless-anchor-chain_2-783x1024.webp 783w, https:\/\/qingdaohf.com\/wp-content\/uploads\/2024\/10\/studless-anchor-chain_2-768x1005.webp 768w, https:\/\/qingdaohf.com\/wp-content\/uploads\/2024\/10\/studless-anchor-chain_2-9x12.webp 9w\" sizes=\"(max-width: 831px) 100vw, 831px\" \/><\/p>\n<p>Bezkolcowe \u0142a\u0144cuchy kotwiczne s\u0105 integraln\u0105 cz\u0119\u015bci\u0105 przemys\u0142u morskiego, gdzie pe\u0142ni\u0105 kluczow\u0105 rol\u0119 w zabezpieczaniu statk\u00f3w w r\u00f3\u017cnych \u015brodowiskach. Ich konstrukcja stawia na pierwszym miejscu trwa\u0142o\u015b\u0107 i funkcjonalno\u015b\u0107, zapewniaj\u0105c, \u017ce wytrzymaj\u0105 rygorystyczne wymagania cumowania na morzu. \u0141a\u0144cuchy bezkolcowe, w przeciwie\u0144stwie do swoich kolcowanych odpowiednik\u00f3w, maj\u0105 ogniwa bez wewn\u0119trznych kolc\u00f3w, dzi\u0119ki czemu s\u0105 l\u017cejsze i cz\u0119sto bardziej elastyczne. Cecha ta jest szczeg\u00f3lnie cenna w zastosowaniach, w kt\u00f3rych po\u017c\u0105dana jest mniejsza waga i wi\u0119ksza elastyczno\u015b\u0107. Pomimo l\u017cejszej konstrukcji, \u0142a\u0144cuchy te s\u0105 nadal wyj\u0105tkowo wytrzyma\u0142e, a ka\u017cde ogniwo zosta\u0142o zaprojektowane tak, aby wytrzyma\u0107 ogromne obci\u0105\u017cenia i du\u017ce si\u0142y rozci\u0105gaj\u0105ce typowe dla kotwiczenia morskiego.<\/p>\n<p>Wszechstronno\u015b\u0107 \u0142a\u0144cuch\u00f3w bezkolcowych sprawia, \u017ce nadaj\u0105 si\u0119 one do r\u00f3\u017cnych zastosowa\u0144 morskich, od cumowania ma\u0142ych \u0142odzi po ci\u0119\u017ckie zastosowania przemys\u0142owe. \u0141a\u0144cuchy te s\u0105 rygorystycznie testowane pod k\u0105tem zgodno\u015bci z mi\u0119dzynarodowymi standardami, poniewa\u017c ich niezawodno\u015b\u0107 ma kluczowe znaczenie dla zapewnienia bezpiecze\u0144stwa zar\u00f3wno statk\u00f3w, jak i za\u0142ogi. Ze wzgl\u0119du na swoj\u0105 konstrukcj\u0119 oferuj\u0105 r\u00f3wnie\u017c imponuj\u0105cy stopie\u0144 odporno\u015bci na korozj\u0119 i zu\u017cycie, co jest niezb\u0119dne w s\u0142onym i innym trudnym \u015brodowisku. Konstrukcja dodatkowo redukuje przypadki zaczepienia \u0142a\u0144cucha, poniewa\u017c ich jednolita konstrukcja minimalizuje punkty s\u0142abo\u015bci. Jako\u015b\u0107 ta doprowadzi\u0142a do zwi\u0119kszenia preferencji dla \u0142a\u0144cuch\u00f3w bezkolcowych w\u015br\u00f3d in\u017cynier\u00f3w morskich i operator\u00f3w statk\u00f3w poszukuj\u0105cych trwa\u0142o\u015bci i niezawodno\u015bci w sytuacjach wysokiego obci\u0105\u017cenia.<\/p>\n<h3>Zalety wyboru bezkolcowych \u0142a\u0144cuch\u00f3w kotwicznych od Qingdao H&amp;F<\/h3>\n<p>W Qingdao H&amp;F dok\u0142adamy wszelkich stara\u0144, aby dostarcza\u0107 naszym klientom wysokiej jako\u015bci bezkolcowe \u0142a\u0144cuchy kotwi\u0105ce, kt\u00f3re spe\u0142niaj\u0105 surowe normy bezpiecze\u0144stwa, wytrzyma\u0142o\u015bci i trwa\u0142o\u015bci. Nasze \u0142a\u0144cuchy przechodz\u0105 rygorystyczne testy jako\u015bci, aby zapewni\u0107 optymaln\u0105 wydajno\u015b\u0107 w r\u00f3\u017cnych warunkach. Proces ten obejmuje test obci\u0105\u017cenia pr\u00f3bnego, kt\u00f3ry jest niezb\u0119dny do potwierdzenia, \u017ce ka\u017cdy \u0142a\u0144cuch mo\u017ce wytrzyma\u0107 maksymalne napr\u0119\u017cenia oczekiwane podczas u\u017cytkowania. Kupuj\u0105cy s\u0105 coraz bardziej zainteresowani obci\u0105\u017ceniem pr\u00f3bnym, poniewa\u017c ma ono bezpo\u015bredni wp\u0142yw na niezawodno\u015b\u0107 \u0142a\u0144cucha, szczeg\u00f3lnie w trudnych sytuacjach cumowniczych.<\/p>\n<p>To, co wyr\u00f3\u017cnia Qingdao H&amp;F, to nasze zaanga\u017cowanie w zadowolenie klienta i niezawodno\u015b\u0107. Dzi\u0119ki ponad 20-letniemu do\u015bwiadczeniu w sektorze handlu B2B, nasz zesp\u00f3\u0142 oferuje indywidualn\u0105 obs\u0142ug\u0119 klienta dostosowan\u0105 do jego unikalnych potrzeb. Nasi do\u015bwiadczeni specjali\u015bci prowadz\u0105 klient\u00f3w przez ka\u017cdy etap procesu zakupowego, zapewniaj\u0105c im znalezienie idealnych specyfikacji \u0142a\u0144cucha, spe\u0142niaj\u0105cych wymagania ich projektu. Rozumiemy, \u017ce szybka dostawa ma kluczowe znaczenie w tej bran\u017cy, dlatego k\u0142adziemy nacisk na terminow\u0105 logistyk\u0119, aby spe\u0142ni\u0107 potrzeby naszych klient\u00f3w w zakresie planowania bez kompromis\u00f3w.<\/p>\n<p>Opr\u00f3cz du\u017cych mo\u017cliwo\u015bci dostawy, nasze produkty s\u0105 wspierane przez kompleksowe raporty z kontroli jako\u015bci. Raporty te zapewniaj\u0105 przejrzysto\u015b\u0107 i pewno\u015b\u0107, pomagaj\u0105c klientom w podejmowaniu \u015bwiadomych decyzji zakupowych. Proces kontroli ocenia takie czynniki jak sk\u0142ad materia\u0142u, wytrzyma\u0142o\u015b\u0107 na rozci\u0105ganie i odporno\u015b\u0107 na korozj\u0119, z kt\u00f3rych wszystkie wp\u0142ywaj\u0105 na \u017cywotno\u015b\u0107 i wydajno\u015b\u0107 \u0142a\u0144cucha. Dostarczaj\u0105c naszym klientom szczeg\u00f3\u0142owe raporty z inspekcji, umo\u017cliwiamy im inwestowanie w produkty spe\u0142niaj\u0105ce ich wysokie standardy.<\/p>\n<h3>Wyb\u00f3r w\u0142a\u015bciwych specyfikacji: Dlaczego \u015brednica \u0142a\u0144cucha i obci\u0105\u017cenie pr\u00f3bne maj\u0105 znaczenie<\/h3>\n<p>Przy wyborze bezkolcowych \u0142a\u0144cuch\u00f3w kotwicznych szczeg\u00f3lnie wa\u017cne s\u0105 dwie specyfikacje: \u015brednica i obci\u0105\u017cenie pr\u00f3bne. \u015arednica ka\u017cdego ogniwa \u0142a\u0144cucha, mierzona w calach, wp\u0142ywa zar\u00f3wno na wag\u0119 \u0142a\u0144cucha, jak i jego no\u015bno\u015b\u0107. Wyb\u00f3r prawid\u0142owej \u015brednicy jest niezb\u0119dny, poniewa\u017c ma bezpo\u015bredni wp\u0142yw na wydajno\u015b\u0107 \u0142a\u0144cucha w zastosowaniach cumowniczych. Na przyk\u0142ad, \u015brednica 1\/2 cala mo\u017ce by\u0107 odpowiednia dla lekkich statk\u00f3w, podczas gdy ci\u0119\u017ckie zastosowania przemys\u0142owe mog\u0105 wymaga\u0107 \u0142a\u0144cuch\u00f3w o \u015brednicy 3\/4 cala lub wi\u0119kszej.<\/p>\n<p>Obci\u0105\u017cenie pr\u00f3bne jest kolejnym krytycznym czynnikiem, reprezentuj\u0105cym maksymalne obci\u0105\u017cenie, jakie \u0142a\u0144cuch mo\u017ce wytrzyma\u0107 bez trwa\u0142ego odkszta\u0142cenia. Wska\u017anik ten ma kluczowe znaczenie dla klient\u00f3w, poniewa\u017c oferuje wyra\u017an\u0105 miar\u0119 zdolno\u015bci \u0142a\u0144cucha do przenoszenia du\u017cych obci\u0105\u017ce\u0144 w rzeczywistych warunkach. W Qingdao H&amp;F oferujemy \u0142a\u0144cuchy przetestowane pod k\u0105tem przekroczenia standardowych obci\u0105\u017ce\u0144 pr\u00f3bnych, daj\u0105c naszym klientom dodatkow\u0105 pewno\u015b\u0107 co do ich wydajno\u015bci. Testowanie obci\u0105\u017cenia pr\u00f3bnego jest r\u00f3wnie\u017c cenn\u0105 miar\u0105 bezpiecze\u0144stwa \u0142a\u0144cucha, poniewa\u017c zapewnia, \u017ce \u0142a\u0144cuch zachowa swoj\u0105 integralno\u015b\u0107 nawet przy nag\u0142ym, intensywnym obci\u0105\u017ceniu.<\/p>\n<p>Wybieraj\u0105c bezkolcowy \u0142a\u0144cuch kotwiczny o odpowiedniej \u015brednicy i obci\u0105\u017ceniu pr\u00f3bnym, nabywcy mog\u0105 zapewni\u0107 optymaln\u0105 wydajno\u015b\u0107 dla swoich konkretnych potrzeb cumowniczych. Nasz zesp\u00f3\u0142 w Qingdao H&amp;F jest przygotowany, aby pom\u00f3c klientom w wyborze idealnych specyfikacji, opieraj\u0105c si\u0119 na naszej dog\u0142\u0119bnej wiedzy na temat standard\u00f3w bran\u017cowych i w\u0142a\u015bciwo\u015bci materia\u0142\u00f3w, aby poleci\u0107 produkty, kt\u00f3re s\u0105 zgodne z wymaganiami operacyjnymi ka\u017cdego klienta.<\/p>\n<h3>Zaufanie do sprawdzonego partnera: Dlaczego Qingdao H&amp;F jest preferowanym wyborem?<\/h3>\n<p>Dla tych, kt\u00f3rzy szukaj\u0105 bezkolcowych \u0142a\u0144cuch\u00f3w kotwicznych, niezawodno\u015b\u0107 i do\u015bwiadczenie dostawcy s\u0105 najwa\u017cniejsze. Dzi\u0119ki dwudziestoletniemu do\u015bwiadczeniu w sektorze B2B, Qingdao H&amp;F rozumie z\u0142o\u017cone potrzeby klient\u00f3w z bran\u017cy morskiej i przemys\u0142owej. Nasza dedykowana obs\u0142uga klienta oznacza, \u017ce ka\u017cdy klient otrzymuje spersonalizowane wsparcie, pomagaj\u0105c mu znale\u017a\u0107 najlepsze rozwi\u0105zania dla jego wymaga\u0144 w zakresie cumowania i kotwiczenia. Co wi\u0119cej, nasze rygorystyczne protoko\u0142y testowe zapewniaj\u0105, \u017ce ka\u017cdy produkt spe\u0142nia lub przekracza standardy bran\u017cowe w zakresie jako\u015bci i trwa\u0142o\u015bci.<\/p>\n<p>Zaanga\u017cowanie w jako\u015b\u0107 nie ko\u0144czy si\u0119 na sprzeda\u017cy. Qingdao H&amp;F oferuje wsparcie posprzeda\u017cowe i szybkie odpowiedzi na zapytania klient\u00f3w, co jeszcze bardziej zwi\u0119ksza do\u015bwiadczenie naszych klient\u00f3w. Jeste\u015bmy dumni z naszej zdolno\u015bci do budowania d\u0142ugoterminowych relacji, zapewniaj\u0105c niezawodne \u017ar\u00f3d\u0142o wysokiej jako\u015bci bezkolcowych \u0142a\u0144cuch\u00f3w kotwicznych, na kt\u00f3rych klienci mog\u0105 polega\u0107. Dzi\u0119ki naszemu przejrzystemu procesowi kontroli jako\u015bci i zaanga\u017cowaniu w szybk\u0105 dostaw\u0119, zyskali\u015bmy reputacj\u0119 doskona\u0142o\u015bci w bran\u017cy.<\/p>\n<p>Wybieraj\u0105c Qingdao H&amp;F, klienci korzystaj\u0105 nie tylko z najwy\u017cszej jako\u015bci produkt\u00f3w, ale tak\u017ce z pewno\u015bci, jak\u0105 daj\u0105 nasze kompleksowe raporty z inspekcji i wskaz\u00f3wki ekspert\u00f3w. Patrz\u0105c w przysz\u0142o\u015b\u0107, koncentrujemy si\u0119 na pomaganiu klientom w osi\u0105ganiu sukces\u00f3w poprzez dostarczanie wysokiej jako\u015bci \u0142a\u0144cuch\u00f3w kotwicznych, kt\u00f3re zapewniaj\u0105 zar\u00f3wno wydajno\u015b\u0107, jak i spok\u00f3j ducha.<\/p>","protected":false},"excerpt":{"rendered":"<p>Bezkolcowe \u0142a\u0144cuchy kotwiczne s\u0105 niezawodnym wyborem do ci\u0119\u017ckiego cumowania i kotwiczenia, znanym z solidnej konstrukcji i odporno\u015bci na zu\u017cycie w wymagaj\u0105cych warunkach morskich. Kupuj\u0105cy zazwyczaj koncentruj\u0105 si\u0119 na takich czynnikach, jak trwa\u0142o\u015b\u0107, obci\u0105\u017cenie pr\u00f3bne i zdolno\u015b\u0107 \u0142a\u0144cucha do wytrzymywania du\u017cych obci\u0105\u017ce\u0144 w czasie. Jako firma handlowa B2B z 20-letnim do\u015bwiadczeniem, Qingdao H&amp;F szczyci si\u0119 konkurencyjnymi cenami, szybkim cyklem dostaw i kompleksowymi raportami z kontroli jako\u015bci. Nasza indywidualna obs\u0142uga klienta zapewnia dostosowane do potrzeb do\u015bwiadczenie zakupowe, dzi\u0119ki czemu jeste\u015bmy zaufanym partnerem w dostarczaniu wysokiej jako\u015bci \u0142a\u0144cuch\u00f3w kotwi\u0105cych bez ko\u0142k\u00f3w, kt\u00f3re spe\u0142niaj\u0105 rygorystyczne standardy bran\u017cowe.<\/p>","protected":false},"featured_media":8171,"comment_status":"open","ping_status":"closed","template":"","meta":{"site-sidebar-layout":"default","site-content-layout":"","ast-site-content-layout":"default","site-content-style":"default","site-sidebar-style":"default","ast-global-header-display":"","ast-banner-title-visibility":"","ast-main-header-display":"","ast-hfb-above-header-display":"","ast-hfb-below-header-display":"","ast-hfb-mobile-header-display":"","site-post-title":"","ast-breadcrumbs-content":"","ast-featured-img":"","footer-sml-layout":"","theme-transparent-header-meta":"default","adv-header-id-meta":"","stick-header-meta":"default","header-above-stick-meta":"","header-main-stick-meta":"","header-below-stick-meta":"","astra-migrate-meta-layouts":"set","ast-page-background-enabled":"default","ast-page-background-meta":{"desktop":{"background-color":"","background-image":"","background-repeat":"repeat","background-position":"center center","background-size":"auto","background-attachment":"scroll","background-type":"","background-media":"","overlay-type":"","overlay-color":"","overlay-opacity":"","overlay-gradient":""},"tablet":{"background-color":"","background-image":"","background-repeat":"repeat","background-position":"center center","background-size":"auto","background-attachment":"scroll","background-type":"","background-media":"","overlay-type":"","overlay-color":"","overlay-opacity":"","overlay-gradient":""},"mobile":{"background-color":"","background-image":"","background-repeat":"repeat","background-position":"center center","background-size":"auto","background-attachment":"scroll","background-type":"","background-media":"","overlay-type":"","overlay-color":"","overlay-opacity":"","overlay-gradient":""}},"ast-content-background-meta":{"desktop":{"background-color":"var(--ast-global-color-5)","background-image":"","background-repeat":"repeat","background-position":"center center","background-size":"auto","background-attachment":"scroll","background-type":"","background-media":"","overlay-type":"","overlay-color":"","overlay-opacity":"","overlay-gradient":""},"tablet":{"background-color":"var(--ast-global-color-5)","background-image":"","background-repeat":"repeat","background-position":"center center","background-size":"auto","background-attachment":"scroll","background-type":"","background-media":"","overlay-type":"","overlay-color":"","overlay-opacity":"","overlay-gradient":""},"mobile":{"background-color":"var(--ast-global-color-5)","background-image":"","background-repeat":"repeat","background-position":"center center","background-size":"auto","background-attachment":"scroll","background-type":"","background-media":"","overlay-type":"","overlay-color":"","overlay-opacity":"","overlay-gradient":""}}},"product_brand":[],"product_cat":[38],"product_tag":[],"class_list":{"0":"post-8178","1":"product","2":"type-product","3":"status-publish","4":"has-post-thumbnail","6":"product_cat-chain","7":"desktop-align-left","8":"tablet-align-left","9":"mobile-align-left","10":"ast-product-gallery-layout-horizontal-slider","11":"ast-product-tabs-layout-horizontal","13":"first","14":"instock","15":"shipping-taxable","16":"purchasable","17":"product-type-simple"},"yoast_head":"<!-- This site is optimized with the Yoast SEO plugin v25.2 - https:\/\/yoast.com\/wordpress\/plugins\/seo\/ -->\n<title>Studless Anchor Chain<\/title>\n<meta name=\"description\" content=\"Studless anchor chains are a dependable choice for heavy-duty mooring and anchoring, known for their robust structure and resistance to wear in demanding marine conditions.\" \/>\n<meta name=\"robots\" content=\"index, follow, max-snippet:-1, max-image-preview:large, max-video-preview:-1\" \/>\n<link rel=\"canonical\" href=\"https:\/\/qingdaohf.com\/pl\/produkt\/bezkolcowy-lancuch-kotwiczny\/\" \/>\n<meta property=\"og:locale\" content=\"pl_PL\" \/>\n<meta property=\"og:type\" content=\"article\" \/>\n<meta property=\"og:title\" content=\"Studless Anchor Chain\" \/>\n<meta property=\"og:description\" content=\"Studless anchor chains are a dependable choice for heavy-duty mooring and anchoring, known for their robust structure and resistance to wear in demanding marine conditions.\" \/>\n<meta property=\"og:url\" content=\"https:\/\/qingdaohf.com\/pl\/produkt\/bezkolcowy-lancuch-kotwiczny\/\" \/>\n<meta property=\"og:site_name\" content=\"Concrete Form &amp; Rigging Hardware Supplier\" \/>\n<meta property=\"article:publisher\" content=\"https:\/\/www.facebook.com\/qingdaohf\" \/>\n<meta property=\"article:modified_time\" content=\"2025-11-13T01:02:54+00:00\" \/>\n<meta property=\"og:image\" content=\"https:\/\/qingdaohf.com\/wp-content\/uploads\/2024\/10\/marine-studless-chain_\u526f\u672c.jpg\" \/>\n\t<meta property=\"og:image:width\" content=\"1000\" \/>\n\t<meta property=\"og:image:height\" content=\"1000\" \/>\n\t<meta property=\"og:image:type\" content=\"image\/jpeg\" \/>\n<meta name=\"twitter:card\" content=\"summary_large_image\" \/>\n<meta name=\"twitter:label1\" content=\"Szacowany czas czytania\" \/>\n\t<meta name=\"twitter:data1\" content=\"5 minut\" \/>\n<script type=\"application\/ld+json\" class=\"yoast-schema-graph\">{\"@context\":\"https:\/\/schema.org\",\"@graph\":[{\"@type\":\"WebPage\",\"@id\":\"https:\/\/qingdaohf.com\/product\/studless-anchor-chain\/\",\"url\":\"https:\/\/qingdaohf.com\/product\/studless-anchor-chain\/\",\"name\":\"Studless Anchor Chain\",\"isPartOf\":{\"@id\":\"https:\/\/qingdaohf.com\/bg\/#website\"},\"primaryImageOfPage\":{\"@id\":\"https:\/\/qingdaohf.com\/product\/studless-anchor-chain\/#primaryimage\"},\"image\":{\"@id\":\"https:\/\/qingdaohf.com\/product\/studless-anchor-chain\/#primaryimage\"},\"thumbnailUrl\":\"https:\/\/qingdaohf.com\/wp-content\/uploads\/2024\/10\/marine-studless-chain_\u526f\u672c.jpg\",\"datePublished\":\"2024-10-29T08:45:43+00:00\",\"dateModified\":\"2025-11-13T01:02:54+00:00\",\"description\":\"Studless anchor chains are a dependable choice for heavy-duty mooring and anchoring, known for their robust structure and resistance to wear in demanding marine conditions.\",\"breadcrumb\":{\"@id\":\"https:\/\/qingdaohf.com\/product\/studless-anchor-chain\/#breadcrumb\"},\"inLanguage\":\"pl-PL\",\"potentialAction\":[{\"@type\":\"ReadAction\",\"target\":[\"https:\/\/qingdaohf.com\/product\/studless-anchor-chain\/\"]}]},{\"@type\":\"ImageObject\",\"inLanguage\":\"pl-PL\",\"@id\":\"https:\/\/qingdaohf.com\/product\/studless-anchor-chain\/#primaryimage\",\"url\":\"https:\/\/qingdaohf.com\/wp-content\/uploads\/2024\/10\/marine-studless-chain_\u526f\u672c.jpg\",\"contentUrl\":\"https:\/\/qingdaohf.com\/wp-content\/uploads\/2024\/10\/marine-studless-chain_\u526f\u672c.jpg\",\"width\":1000,\"height\":1000,\"caption\":\"studless chain\"},{\"@type\":\"BreadcrumbList\",\"@id\":\"https:\/\/qingdaohf.com\/product\/studless-anchor-chain\/#breadcrumb\",\"itemListElement\":[{\"@type\":\"ListItem\",\"position\":1,\"name\":\"Home\",\"item\":\"https:\/\/qingdaohf.com\/\"},{\"@type\":\"ListItem\",\"position\":2,\"name\":\"Concrete Forming Accessories and Rigging Hardware\",\"item\":\"https:\/\/qingdaohf.com\/bg\/?page_id=944\"},{\"@type\":\"ListItem\",\"position\":3,\"name\":\"Studless Anchor Chain\"}]},{\"@type\":\"WebSite\",\"@id\":\"https:\/\/qingdaohf.com\/bg\/#website\",\"url\":\"https:\/\/qingdaohf.com\/bg\/\",\"name\":\"Concrete Form & Rigging Hardware Supplier\",\"description\":\"\",\"publisher\":{\"@id\":\"https:\/\/qingdaohf.com\/bg\/#organization\"},\"potentialAction\":[{\"@type\":\"SearchAction\",\"target\":{\"@type\":\"EntryPoint\",\"urlTemplate\":\"https:\/\/qingdaohf.com\/bg\/?s={search_term_string}\"},\"query-input\":{\"@type\":\"PropertyValueSpecification\",\"valueRequired\":true,\"valueName\":\"search_term_string\"}}],\"inLanguage\":\"pl-PL\"},{\"@type\":\"Organization\",\"@id\":\"https:\/\/qingdaohf.com\/bg\/#organization\",\"name\":\"Qingdao H&F\",\"url\":\"https:\/\/qingdaohf.com\/bg\/\",\"logo\":{\"@type\":\"ImageObject\",\"inLanguage\":\"pl-PL\",\"@id\":\"https:\/\/qingdaohf.com\/bg\/#\/schema\/logo\/image\/\",\"url\":\"https:\/\/qingdaohf.com\/wp-content\/uploads\/2022\/12\/cropped-HF-LOGO.png\",\"contentUrl\":\"https:\/\/qingdaohf.com\/wp-content\/uploads\/2022\/12\/cropped-HF-LOGO.png\",\"width\":391,\"height\":249,\"caption\":\"Qingdao H&F\"},\"image\":{\"@id\":\"https:\/\/qingdaohf.com\/bg\/#\/schema\/logo\/image\/\"},\"sameAs\":[\"https:\/\/www.facebook.com\/qingdaohf\"]}]}<\/script>\n<!-- \/ Yoast SEO plugin. -->","yoast_head_json":{"title":"Studless Anchor Chain","description":"Studless anchor chains are a dependable choice for heavy-duty mooring and anchoring, known for their robust structure and resistance to wear in demanding marine conditions.","robots":{"index":"index","follow":"follow","max-snippet":"max-snippet:-1","max-image-preview":"max-image-preview:large","max-video-preview":"max-video-preview:-1"},"canonical":"https:\/\/qingdaohf.com\/pl\/produkt\/bezkolcowy-lancuch-kotwiczny\/","og_locale":"pl_PL","og_type":"article","og_title":"Studless Anchor Chain","og_description":"Studless anchor chains are a dependable choice for heavy-duty mooring and anchoring, known for their robust structure and resistance to wear in demanding marine conditions.","og_url":"https:\/\/qingdaohf.com\/pl\/produkt\/bezkolcowy-lancuch-kotwiczny\/","og_site_name":"Concrete Form &amp; Rigging Hardware Supplier","article_publisher":"https:\/\/www.facebook.com\/qingdaohf","article_modified_time":"2025-11-13T01:02:54+00:00","og_image":[{"width":1000,"height":1000,"url":"https:\/\/qingdaohf.com\/wp-content\/uploads\/2024\/10\/marine-studless-chain_\u526f\u672c.jpg","type":"image\/jpeg"}],"twitter_card":"summary_large_image","twitter_misc":{"Szacowany czas czytania":"5 minut"},"schema":{"@context":"https:\/\/schema.org","@graph":[{"@type":"WebPage","@id":"https:\/\/qingdaohf.com\/product\/studless-anchor-chain\/","url":"https:\/\/qingdaohf.com\/product\/studless-anchor-chain\/","name":"Studless Anchor Chain","isPartOf":{"@id":"https:\/\/qingdaohf.com\/bg\/#website"},"primaryImageOfPage":{"@id":"https:\/\/qingdaohf.com\/product\/studless-anchor-chain\/#primaryimage"},"image":{"@id":"https:\/\/qingdaohf.com\/product\/studless-anchor-chain\/#primaryimage"},"thumbnailUrl":"https:\/\/qingdaohf.com\/wp-content\/uploads\/2024\/10\/marine-studless-chain_\u526f\u672c.jpg","datePublished":"2024-10-29T08:45:43+00:00","dateModified":"2025-11-13T01:02:54+00:00","description":"Studless anchor chains are a dependable choice for heavy-duty mooring and anchoring, known for their robust structure and resistance to wear in demanding marine conditions.","breadcrumb":{"@id":"https:\/\/qingdaohf.com\/product\/studless-anchor-chain\/#breadcrumb"},"inLanguage":"pl-PL","potentialAction":[{"@type":"ReadAction","target":["https:\/\/qingdaohf.com\/product\/studless-anchor-chain\/"]}]},{"@type":"ImageObject","inLanguage":"pl-PL","@id":"https:\/\/qingdaohf.com\/product\/studless-anchor-chain\/#primaryimage","url":"https:\/\/qingdaohf.com\/wp-content\/uploads\/2024\/10\/marine-studless-chain_\u526f\u672c.jpg","contentUrl":"https:\/\/qingdaohf.com\/wp-content\/uploads\/2024\/10\/marine-studless-chain_\u526f\u672c.jpg","width":1000,"height":1000,"caption":"studless chain"},{"@type":"BreadcrumbList","@id":"https:\/\/qingdaohf.com\/product\/studless-anchor-chain\/#breadcrumb","itemListElement":[{"@type":"ListItem","position":1,"name":"Home","item":"https:\/\/qingdaohf.com\/"},{"@type":"ListItem","position":2,"name":"Concrete Forming Accessories and Rigging Hardware","item":"https:\/\/qingdaohf.com\/bg\/?page_id=944"},{"@type":"ListItem","position":3,"name":"Studless Anchor Chain"}]},{"@type":"WebSite","@id":"https:\/\/qingdaohf.com\/bg\/#website","url":"https:\/\/qingdaohf.com\/bg\/","name":"Concrete Form & Rigging Hardware Supplier","description":"","publisher":{"@id":"https:\/\/qingdaohf.com\/bg\/#organization"},"potentialAction":[{"@type":"SearchAction","target":{"@type":"EntryPoint","urlTemplate":"https:\/\/qingdaohf.com\/bg\/?s={search_term_string}"},"query-input":{"@type":"PropertyValueSpecification","valueRequired":true,"valueName":"search_term_string"}}],"inLanguage":"pl-PL"},{"@type":"Organization","@id":"https:\/\/qingdaohf.com\/bg\/#organization","name":"Qingdao H&F","url":"https:\/\/qingdaohf.com\/bg\/","logo":{"@type":"ImageObject","inLanguage":"pl-PL","@id":"https:\/\/qingdaohf.com\/bg\/#\/schema\/logo\/image\/","url":"https:\/\/qingdaohf.com\/wp-content\/uploads\/2022\/12\/cropped-HF-LOGO.png","contentUrl":"https:\/\/qingdaohf.com\/wp-content\/uploads\/2022\/12\/cropped-HF-LOGO.png","width":391,"height":249,"caption":"Qingdao H&F"},"image":{"@id":"https:\/\/qingdaohf.com\/bg\/#\/schema\/logo\/image\/"},"sameAs":["https:\/\/www.facebook.com\/qingdaohf"]}]}},"_links":{"self":[{"href":"https:\/\/qingdaohf.com\/pl\/wp-json\/wp\/v2\/product\/8178","targetHints":{"allow":["GET"]}}],"collection":[{"href":"https:\/\/qingdaohf.com\/pl\/wp-json\/wp\/v2\/product"}],"about":[{"href":"https:\/\/qingdaohf.com\/pl\/wp-json\/wp\/v2\/types\/product"}],"replies":[{"embeddable":true,"href":"https:\/\/qingdaohf.com\/pl\/wp-json\/wp\/v2\/comments?post=8178"}],"version-history":[{"count":1,"href":"https:\/\/qingdaohf.com\/pl\/wp-json\/wp\/v2\/product\/8178\/revisions"}],"predecessor-version":[{"id":8180,"href":"https:\/\/qingdaohf.com\/pl\/wp-json\/wp\/v2\/product\/8178\/revisions\/8180"}],"wp:featuredmedia":[{"embeddable":true,"href":"https:\/\/qingdaohf.com\/pl\/wp-json\/wp\/v2\/media\/8171"}],"wp:attachment":[{"href":"https:\/\/qingdaohf.com\/pl\/wp-json\/wp\/v2\/media?parent=8178"}],"wp:term":[{"taxonomy":"product_brand","embeddable":true,"href":"https:\/\/qingdaohf.com\/pl\/wp-json\/wp\/v2\/product_brand?post=8178"},{"taxonomy":"product_cat","embeddable":true,"href":"https:\/\/qingdaohf.com\/pl\/wp-json\/wp\/v2\/product_cat?post=8178"},{"taxonomy":"product_tag","embeddable":true,"href":"https:\/\/qingdaohf.com\/pl\/wp-json\/wp\/v2\/product_tag?post=8178"}],"curies":[{"name":"wp","href":"https:\/\/api.w.org\/{rel}","templated":true}]}}