{"id":8181,"date":"2024-10-29T16:52:37","date_gmt":"2024-10-29T08:52:37","guid":{"rendered":"http:\/\/qingdaohf.com\/?post_type=product&#038;p=8181"},"modified":"2025-11-13T09:02:54","modified_gmt":"2025-11-13T01:02:54","slug":"stud-link-chain","status":"publish","type":"product","link":"https:\/\/qingdaohf.com\/pl\/produkt\/lancuch-z-ogniwami-dwustronnymi\/","title":{"rendered":"\u0141a\u0144cuch kotwiczny z ogniwami dwustronnymi"},"content":{"rendered":"<p><img fetchpriority=\"high\" decoding=\"async\" class=\"alignnone size-full wp-image-8170\" src=\"http:\/\/qingdaohf.com\/wp-content\/uploads\/2024\/10\/stud-link-anchor-chain_2.webp\" alt=\"\u0142a\u0144cuch kotwiczny z ogniwami dwustronnymi\" width=\"842\" height=\"1091\" srcset=\"https:\/\/qingdaohf.com\/wp-content\/uploads\/2024\/10\/stud-link-anchor-chain_2.webp 842w, https:\/\/qingdaohf.com\/wp-content\/uploads\/2024\/10\/stud-link-anchor-chain_2-232x300.webp 232w, https:\/\/qingdaohf.com\/wp-content\/uploads\/2024\/10\/stud-link-anchor-chain_2-790x1024.webp 790w, https:\/\/qingdaohf.com\/wp-content\/uploads\/2024\/10\/stud-link-anchor-chain_2-768x995.webp 768w, https:\/\/qingdaohf.com\/wp-content\/uploads\/2024\/10\/stud-link-anchor-chain_2-9x12.webp 9w\" sizes=\"(max-width: 842px) 100vw, 842px\" \/><\/p>\n<p>W \u015brodowiskach przemys\u0142owych, morskich i przybrze\u017cnych \u0142a\u0144cuchy z ogniwami dwustronnymi ciesz\u0105 si\u0119 zaufaniem ze wzgl\u0119du na ich trwa\u0142o\u015b\u0107 i zdolno\u015b\u0107 do przenoszenia obci\u0105\u017ce\u0144, co czyni je idealnymi do kotwiczenia, cumowania i r\u00f3\u017cnych zastosowa\u0144 zwi\u0105zanych z podnoszeniem ci\u0119\u017ckich \u0142adunk\u00f3w. \u0141a\u0144cuchy te sk\u0142adaj\u0105 si\u0119 z po\u0142\u0105czonych ze sob\u0105 ogniw z ko\u0142kami umieszczonymi wewn\u0105trz ka\u017cdego ogniwa, dodaj\u0105c stabilno\u015bci strukturalnej, kt\u00f3ra pomaga zapobiega\u0107 deformacji pod znacznym obci\u0105\u017ceniem. Wybieraj\u0105c \u0142a\u0144cuch, kupuj\u0105cy musz\u0105 skupi\u0107 si\u0119 na specyfikacjach, takich jak \u015brednica, obci\u0105\u017cenie pr\u00f3bne i og\u00f3lna jako\u015b\u0107 materia\u0142u, poniewa\u017c czynniki te maj\u0105 bezpo\u015bredni wp\u0142yw na bezpiecze\u0144stwo i wydajno\u015b\u0107.<\/p>\n<p>Znaczenie wyboru odpowiedniego \u0142a\u0144cucha ogniwowego wykracza poza og\u00f3lne zastosowanie; specyfikacje ka\u017cdego \u0142a\u0144cucha musz\u0105 by\u0107 zgodne z wymaganiami bran\u017cowymi i oczekiwanymi warunkami obci\u0105\u017cenia. Na przyk\u0142ad \u015brednica ogniw \u0142a\u0144cucha, powszechnie dost\u0119pna w rozmiarach calowych, odgrywa kluczow\u0105 rol\u0119 w okre\u015blaniu wytrzyma\u0142o\u015bci \u0142a\u0144cucha i jego przydatno\u015bci do r\u00f3\u017cnych zastosowa\u0144. \u0141a\u0144cuchy spe\u0142niaj\u0105ce mi\u0119dzynarodowe normy, takie jak ISO 1704 i przepisy IACS, daj\u0105 nabywcom pewno\u015b\u0107, \u017ce produkty te zosta\u0142y rygorystycznie przetestowane pod k\u0105tem jako\u015bci i odporno\u015bci. W Qingdao H&amp;F zdajemy sobie spraw\u0119 z potrzeby posiadania zar\u00f3wno wysokowydajnych produkt\u00f3w, jak i godnych zaufania us\u0142ug, dlatego do ka\u017cdego \u0142a\u0144cucha do\u0142\u0105czamy szczeg\u00f3\u0142owe raporty z kontroli jako\u015bci, w tym obci\u0105\u017cenie pr\u00f3bne, obci\u0105\u017cenie zrywaj\u0105ce i sk\u0142ad materia\u0142u. Koncentruj\u0105c si\u0119 na bezpiecze\u0144stwie i wydajno\u015bci, nasze \u0142a\u0144cuchy Stud Link zapewniaj\u0105 pewno\u015b\u0107 potrzebn\u0105 do zapewnienia bezpiecze\u0144stwa operacyjnego w trudnych warunkach.<\/p>\n<h3><strong>Wytrzyma\u0142o\u015b\u0107 i trwa\u0142o\u015b\u0107 \u0142a\u0144cuch\u00f3w z ogniwami dwustronnymi<\/strong><\/h3>\n<p>\u0141a\u0144cuchy z ogniwami dwustronnymi s\u0105 wykonane z wysokiej jako\u015bci stali, co zapewnia im wyj\u0105tkow\u0105 wytrzyma\u0142o\u015b\u0107 na rozci\u0105ganie i odporno\u015b\u0107 na korozj\u0119 - dwie krytyczne cechy w zastosowaniach morskich i przemys\u0142owych. Sworze\u0144 znajduj\u0105cy si\u0119 w ka\u017cdym ogniwie zapobiega deformacji \u0142a\u0144cucha, utrzymuj\u0105c jego og\u00f3lny kszta\u0142t, nawet pod ci\u0119\u017carem du\u017cych obci\u0105\u017ce\u0144. Ta cecha konstrukcyjna pomaga r\u00f3wnie\u017c z\u0142agodzi\u0107 napr\u0119\u017cenia zginaj\u0105ce, kt\u00f3re s\u0105 cz\u0119stym problemem w zastosowaniach o du\u017cym obci\u0105\u017ceniu, wyd\u0142u\u017caj\u0105c w ten spos\u00f3b \u017cywotno\u015b\u0107 \u0142a\u0144cucha.<\/p>\n<p>Ka\u017cde ogniwo jest starannie skonstruowane, aby przenosi\u0107 obci\u0105\u017cenia bez ulegania odkszta\u0142ceniom lub zm\u0119czeniu, dzi\u0119ki czemu \u0142a\u0144cuchy Stud Link s\u0105 szczeg\u00f3lnie cenne w zastosowaniach morskich, gdzie stabilno\u015b\u0107 i wytrzyma\u0142o\u015b\u0107 maj\u0105 kluczowe znaczenie. \u0141a\u0144cuchy o wi\u0119kszych \u015brednicach oferuj\u0105 wi\u0119ksze obci\u0105\u017cenia pr\u00f3bne, co oznacza, \u017ce mog\u0105 wytrzyma\u0107 znaczny ci\u0119\u017car bez uginania si\u0119, dzi\u0119ki czemu idealnie nadaj\u0105 si\u0119 do system\u00f3w cumowniczych i \u0142a\u0144cuch\u00f3w kotwicznych.<\/p>\n<p>W Qingdao H&amp;F nasze zaanga\u017cowanie w jako\u015b\u0107 obejmuje rygorystyczny proces testowania, w kt\u00f3rym \u0142a\u0144cuchy s\u0105 poddawane obci\u0105\u017ceniom pr\u00f3bnym i ocenom wytrzyma\u0142o\u015bci na rozci\u0105ganie przed wysy\u0142k\u0105. Praktyka ta zapewnia, \u017ce ka\u017cdy produkt spe\u0142nia wymagania i wytrzymuje trudne warunki u\u017cytkowania przemys\u0142owego. Nasze indywidualne podej\u015bcie do obs\u0142ugi klienta oznacza r\u00f3wnie\u017c, \u017ce kupuj\u0105cy otrzymuj\u0105 fachowe wskaz\u00f3wki dotycz\u0105ce wyboru odpowiedniego rozmiaru \u0142a\u0144cucha i specyfikacji w oparciu o konkretne potrzeby, zapewniaj\u0105c, \u017ce ka\u017cdy zakup jest \u015bwiadomy.<\/p>\n<h3><strong>Zastosowania i wzgl\u0119dy dotycz\u0105ce nabywc\u00f3w \u0142a\u0144cuch\u00f3w z ogniwami dwustronnymi<\/strong><\/h3>\n<p>\u0141a\u0144cuchy ogniwowe s\u0105 najcz\u0119\u015bciej wykorzystywane w zastosowaniach morskich, w szczeg\u00f3lno\u015bci jako \u0142a\u0144cuchy kotwiczne i cumownicze, ze wzgl\u0119du na ich odporno\u015b\u0107 na d\u0142ugotrwa\u0142e dzia\u0142anie wody morskiej i nieostro\u017cne obchodzenie si\u0119 z nimi. Opr\u00f3cz zastosowa\u0144 morskich, \u0142a\u0144cuchy te znajduj\u0105 r\u00f3wnie\u017c zastosowanie w budownictwie, g\u00f3rnictwie i maszynach przemys\u0142owych, gdzie ci\u0119\u017ckie \u0142adunki musz\u0105 by\u0107 zabezpieczone i zarz\u0105dzane z najwy\u017csz\u0105 niezawodno\u015bci\u0105. Jednak wyb\u00f3r \u015brednicy \u0142a\u0144cucha, konstrukcji ogniw i materia\u0142\u00f3w staje si\u0119 kluczowy dla spe\u0142nienia specyficznych wymaga\u0144 ka\u017cdej bran\u017cy.<\/p>\n<p>Wybieraj\u0105c \u0142a\u0144cuchy Stud Link, nabywcy priorytetowo traktuj\u0105 kilka atrybut\u00f3w zwi\u0105zanych z wydajno\u015bci\u0105. Pierwszym z nich jest wytrzyma\u0142o\u015b\u0107 materia\u0142u: stal o wysokiej wytrzyma\u0142o\u015bci na rozci\u0105ganie zapewnia niezb\u0119dn\u0105 trwa\u0142o\u015b\u0107 w zastosowaniach morskich, podczas gdy stal stopowa mo\u017ce by\u0107 preferowana ze wzgl\u0119du na lepszy stosunek wytrzyma\u0142o\u015bci do masy w konstrukcji. Po drugie, odporno\u015b\u0107 na korozj\u0119 staje si\u0119 krytyczna w \u015brodowiskach s\u0142onowodnych, poniewa\u017c jakikolwiek kompromis w jako\u015bci materia\u0142u mo\u017ce prowadzi\u0107 do wczesnej degradacji \u0142a\u0144cucha i zagro\u017cenia bezpiecze\u0144stwa. Nabywcy powinni r\u00f3wnie\u017c wzi\u0105\u0107 pod uwag\u0119 no\u015bno\u015b\u0107 \u0142a\u0144cucha, aby upewni\u0107 si\u0119, \u017ce poradzi on sobie z okre\u015blonymi obci\u0105\u017ceniami oczekiwanymi w ich operacjach.<\/p>\n<p>W Qingdao H&amp;F nasze szybkie cykle dostaw pozwalaj\u0105 firmom na utrzymanie nieprzerwanej dzia\u0142alno\u015bci bez nadmiernych przestoj\u00f3w. Ponadto oferujemy szczeg\u00f3\u0142owe raporty z inspekcji, zapewniaj\u0105c naszym klientom jasny obraz parametr\u00f3w jako\u015bciowych ka\u017cdego \u0142a\u0144cucha przed wysy\u0142k\u0105. Dzi\u0119ki takiemu poziomowi przejrzysto\u015bci, kupuj\u0105cy mog\u0105 mie\u0107 pewno\u015b\u0107, \u017ce nasze \u0142a\u0144cuchy spe\u0142niaj\u0105 nie tylko standardy bran\u017cowe, ale tak\u017ce unikalne wymagania ka\u017cdego zastosowania, czy to w przypadku platform wiertniczych, podnoszenia przemys\u0142owego, czy operacji portowych i portowych.<\/p>\n<h3><strong>Wnioski: Dlaczego warto wybra\u0107 \u0142a\u0144cuchy Qingdao H&amp;F?<\/strong><\/h3>\n<p>Wyb\u00f3r \u0142a\u0144cucha ogniwowego to decyzja zakorzeniona w bezpiecze\u0144stwie i funkcjonalno\u015bci, poniewa\u017c \u0142a\u0144cuchy te musz\u0105 wytrzymywa\u0107 ekstremalne obci\u0105\u017cenia i trudne warunki. W Qingdao H&amp;F wykraczamy poza zwyk\u0142e dostarczanie wysokiej jako\u015bci \u0142a\u0144cuch\u00f3w, oferuj\u0105c kompleksow\u0105 obs\u0142ug\u0119, kt\u00f3ra obejmuje porady ekspert\u00f3w, szybk\u0105 dostaw\u0119 i przejrzysto\u015b\u0107 produktu dzi\u0119ki raportom z inspekcji. Ka\u017cdy z naszych \u0142a\u0144cuch\u00f3w spe\u0142nia rygorystyczne standardy testowania, zapewniaj\u0105c naszym nabywcom jako\u015b\u0107 i trwa\u0142o\u015b\u0107 przy ka\u017cdym zakupie.<\/p>\n<p>Nasze zaanga\u017cowanie w indywidualn\u0105 obs\u0142ug\u0119 klienta oznacza, \u017ce wspieramy klient\u00f3w na ka\u017cdym etapie, od wyboru produktu po zapytania posprzeda\u017cowe, zapewniaj\u0105c najlepsze mo\u017cliwe do\u015bwiadczenia zakupowe. Niezale\u017cnie od tego, czy s\u0105 u\u017cywane w warunkach morskich, podnoszeniu przemys\u0142owym, czy w innych \u015brodowiskach o du\u017cym obci\u0105\u017ceniu, \u0142a\u0144cuchy Qingdao H&amp;F Stud Link zapewniaj\u0105 nie tylko jako\u015b\u0107, ale tak\u017ce niezawodno\u015b\u0107 i wsparcie, kt\u00f3rych ka\u017cda firma potrzebuje, aby odnie\u015b\u0107 sukces.<\/p>","protected":false},"excerpt":{"rendered":"<p>\u0141a\u0144cuch z ogniwami dwustronnymi oferuje solidn\u0105 wytrzyma\u0142o\u015b\u0107 i stabilno\u015b\u0107, idealn\u0105 do ci\u0119\u017ckich zastosowa\u0144, w kt\u00f3rych trwa\u0142o\u015b\u0107 i niezawodno\u015b\u0107 s\u0105 najwa\u017cniejsze. Przy wyborze \u0142a\u0144cucha z ogniwami dwustronnymi nabywcy cz\u0119sto priorytetowo traktuj\u0105 takie czynniki, jak jako\u015b\u0107 materia\u0142u, no\u015bno\u015b\u0107 i odporno\u015b\u0107 na trudne warunki. W Qingdao H&amp;F priorytetowo traktujemy te potrzeby, zapewniaj\u0105c, \u017ce ka\u017cdy \u0142a\u0144cuch spe\u0142nia rygorystyczne standardy jako\u015bci i dostarczaj\u0105c szczeg\u00f3\u0142owe raporty z kontroli, w tym dane dotycz\u0105ce obci\u0105\u017cenia pr\u00f3bnego i wytrzyma\u0142o\u015bci na rozci\u0105ganie. Dzi\u0119ki naszemu indywidualnemu podej\u015bciu do obs\u0142ugi klienta i wydajnemu cyklowi dostaw, dostarczamy nie tylko produkty, ale tak\u017ce niezawodne rozwi\u0105zania, kt\u00f3re umo\u017cliwiaj\u0105 p\u0142ynniejsze i bezpieczniejsze operacje dla Twojej firmy.<\/p>","protected":false},"featured_media":4678,"comment_status":"open","ping_status":"closed","template":"","meta":{"site-sidebar-layout":"default","site-content-layout":"","ast-site-content-layout":"default","site-content-style":"default","site-sidebar-style":"default","ast-global-header-display":"","ast-banner-title-visibility":"","ast-main-header-display":"","ast-hfb-above-header-display":"","ast-hfb-below-header-display":"","ast-hfb-mobile-header-display":"","site-post-title":"","ast-breadcrumbs-content":"","ast-featured-img":"","footer-sml-layout":"","theme-transparent-header-meta":"default","adv-header-id-meta":"","stick-header-meta":"default","header-above-stick-meta":"","header-main-stick-meta":"","header-below-stick-meta":"","astra-migrate-meta-layouts":"set","ast-page-background-enabled":"default","ast-page-background-meta":{"desktop":{"background-color":"","background-image":"","background-repeat":"repeat","background-position":"center center","background-size":"auto","background-attachment":"scroll","background-type":"","background-media":"","overlay-type":"","overlay-color":"","overlay-opacity":"","overlay-gradient":""},"tablet":{"background-color":"","background-image":"","background-repeat":"repeat","background-position":"center center","background-size":"auto","background-attachment":"scroll","background-type":"","background-media":"","overlay-type":"","overlay-color":"","overlay-opacity":"","overlay-gradient":""},"mobile":{"background-color":"","background-image":"","background-repeat":"repeat","background-position":"center center","background-size":"auto","background-attachment":"scroll","background-type":"","background-media":"","overlay-type":"","overlay-color":"","overlay-opacity":"","overlay-gradient":""}},"ast-content-background-meta":{"desktop":{"background-color":"var(--ast-global-color-5)","background-image":"","background-repeat":"repeat","background-position":"center center","background-size":"auto","background-attachment":"scroll","background-type":"","background-media":"","overlay-type":"","overlay-color":"","overlay-opacity":"","overlay-gradient":""},"tablet":{"background-color":"var(--ast-global-color-5)","background-image":"","background-repeat":"repeat","background-position":"center center","background-size":"auto","background-attachment":"scroll","background-type":"","background-media":"","overlay-type":"","overlay-color":"","overlay-opacity":"","overlay-gradient":""},"mobile":{"background-color":"var(--ast-global-color-5)","background-image":"","background-repeat":"repeat","background-position":"center center","background-size":"auto","background-attachment":"scroll","background-type":"","background-media":"","overlay-type":"","overlay-color":"","overlay-opacity":"","overlay-gradient":""}}},"product_brand":[],"product_cat":[38],"product_tag":[],"class_list":{"0":"post-8181","1":"product","2":"type-product","3":"status-publish","4":"has-post-thumbnail","6":"product_cat-chain","7":"desktop-align-left","8":"tablet-align-left","9":"mobile-align-left","10":"ast-product-gallery-layout-horizontal-slider","11":"ast-product-tabs-layout-horizontal","13":"first","14":"instock","15":"shipping-taxable","16":"purchasable","17":"product-type-simple"},"yoast_head":"<!-- This site is optimized with the Yoast SEO plugin v25.2 - https:\/\/yoast.com\/wordpress\/plugins\/seo\/ -->\n<title>Stud Link Anchor Chain<\/title>\n<meta name=\"robots\" content=\"index, follow, max-snippet:-1, max-image-preview:large, max-video-preview:-1\" \/>\n<link rel=\"canonical\" href=\"https:\/\/qingdaohf.com\/pl\/produkt\/lancuch-z-ogniwami-dwustronnymi\/\" \/>\n<meta property=\"og:locale\" content=\"pl_PL\" \/>\n<meta property=\"og:type\" content=\"article\" \/>\n<meta property=\"og:title\" content=\"Stud Link Anchor Chain\" \/>\n<meta property=\"og:description\" content=\"A Stud Link Chain offers robust strength and stability, ideal for heavy-duty applications where durability and reliability are paramount. Buyers often prioritize factors like material quality, load-bearing capacity, and resistance to harsh environments when selecting a Stud Link Chain. At Qingdao H&amp;F, we prioritize these needs by ensuring every chain meets stringent quality standards and providing detailed inspection reports, including proof load and tensile strength data. With our one-on-one customer service approach and efficient delivery cycle, we deliver not just products but reliable solutions that enable smoother, safer operations for your business.\" \/>\n<meta property=\"og:url\" content=\"https:\/\/qingdaohf.com\/pl\/produkt\/lancuch-z-ogniwami-dwustronnymi\/\" \/>\n<meta property=\"og:site_name\" content=\"Concrete Form &amp; Rigging Hardware Supplier\" \/>\n<meta property=\"article:publisher\" content=\"https:\/\/www.facebook.com\/qingdaohf\" \/>\n<meta property=\"article:modified_time\" content=\"2025-11-13T01:02:54+00:00\" \/>\n<meta property=\"og:image\" content=\"https:\/\/qingdaohf.com\/wp-content\/uploads\/2023\/04\/Marine-anchor-chain.jpg\" \/>\n\t<meta property=\"og:image:width\" content=\"1000\" \/>\n\t<meta property=\"og:image:height\" content=\"1000\" \/>\n\t<meta property=\"og:image:type\" content=\"image\/jpeg\" \/>\n<meta name=\"twitter:card\" content=\"summary_large_image\" \/>\n<meta name=\"twitter:label1\" content=\"Szacowany czas czytania\" \/>\n\t<meta name=\"twitter:data1\" content=\"4 minuty\" \/>\n<script type=\"application\/ld+json\" class=\"yoast-schema-graph\">{\"@context\":\"https:\/\/schema.org\",\"@graph\":[{\"@type\":\"WebPage\",\"@id\":\"https:\/\/qingdaohf.com\/product\/stud-link-chain\/\",\"url\":\"https:\/\/qingdaohf.com\/product\/stud-link-chain\/\",\"name\":\"Stud Link Anchor Chain\",\"isPartOf\":{\"@id\":\"https:\/\/qingdaohf.com\/bg\/#website\"},\"primaryImageOfPage\":{\"@id\":\"https:\/\/qingdaohf.com\/product\/stud-link-chain\/#primaryimage\"},\"image\":{\"@id\":\"https:\/\/qingdaohf.com\/product\/stud-link-chain\/#primaryimage\"},\"thumbnailUrl\":\"https:\/\/qingdaohf.com\/wp-content\/uploads\/2023\/04\/Marine-anchor-chain.jpg\",\"datePublished\":\"2024-10-29T08:52:37+00:00\",\"dateModified\":\"2025-11-13T01:02:54+00:00\",\"breadcrumb\":{\"@id\":\"https:\/\/qingdaohf.com\/product\/stud-link-chain\/#breadcrumb\"},\"inLanguage\":\"pl-PL\",\"potentialAction\":[{\"@type\":\"ReadAction\",\"target\":[\"https:\/\/qingdaohf.com\/product\/stud-link-chain\/\"]}]},{\"@type\":\"ImageObject\",\"inLanguage\":\"pl-PL\",\"@id\":\"https:\/\/qingdaohf.com\/product\/stud-link-chain\/#primaryimage\",\"url\":\"https:\/\/qingdaohf.com\/wp-content\/uploads\/2023\/04\/Marine-anchor-chain.jpg\",\"contentUrl\":\"https:\/\/qingdaohf.com\/wp-content\/uploads\/2023\/04\/Marine-anchor-chain.jpg\",\"width\":1000,\"height\":1000,\"caption\":\"Marine anchor chain\"},{\"@type\":\"BreadcrumbList\",\"@id\":\"https:\/\/qingdaohf.com\/product\/stud-link-chain\/#breadcrumb\",\"itemListElement\":[{\"@type\":\"ListItem\",\"position\":1,\"name\":\"Home\",\"item\":\"https:\/\/qingdaohf.com\/\"},{\"@type\":\"ListItem\",\"position\":2,\"name\":\"Concrete Forming Accessories and Rigging Hardware\",\"item\":\"https:\/\/qingdaohf.com\/bg\/?page_id=944\"},{\"@type\":\"ListItem\",\"position\":3,\"name\":\"Stud Link Anchor Chain\"}]},{\"@type\":\"WebSite\",\"@id\":\"https:\/\/qingdaohf.com\/bg\/#website\",\"url\":\"https:\/\/qingdaohf.com\/bg\/\",\"name\":\"Concrete Form & Rigging Hardware Supplier\",\"description\":\"\",\"publisher\":{\"@id\":\"https:\/\/qingdaohf.com\/bg\/#organization\"},\"potentialAction\":[{\"@type\":\"SearchAction\",\"target\":{\"@type\":\"EntryPoint\",\"urlTemplate\":\"https:\/\/qingdaohf.com\/bg\/?s={search_term_string}\"},\"query-input\":{\"@type\":\"PropertyValueSpecification\",\"valueRequired\":true,\"valueName\":\"search_term_string\"}}],\"inLanguage\":\"pl-PL\"},{\"@type\":\"Organization\",\"@id\":\"https:\/\/qingdaohf.com\/bg\/#organization\",\"name\":\"Qingdao H&F\",\"url\":\"https:\/\/qingdaohf.com\/bg\/\",\"logo\":{\"@type\":\"ImageObject\",\"inLanguage\":\"pl-PL\",\"@id\":\"https:\/\/qingdaohf.com\/bg\/#\/schema\/logo\/image\/\",\"url\":\"https:\/\/qingdaohf.com\/wp-content\/uploads\/2022\/12\/cropped-HF-LOGO.png\",\"contentUrl\":\"https:\/\/qingdaohf.com\/wp-content\/uploads\/2022\/12\/cropped-HF-LOGO.png\",\"width\":391,\"height\":249,\"caption\":\"Qingdao H&F\"},\"image\":{\"@id\":\"https:\/\/qingdaohf.com\/bg\/#\/schema\/logo\/image\/\"},\"sameAs\":[\"https:\/\/www.facebook.com\/qingdaohf\"]}]}<\/script>\n<!-- \/ Yoast SEO plugin. -->","yoast_head_json":{"title":"Stud Link Anchor Chain","robots":{"index":"index","follow":"follow","max-snippet":"max-snippet:-1","max-image-preview":"max-image-preview:large","max-video-preview":"max-video-preview:-1"},"canonical":"https:\/\/qingdaohf.com\/pl\/produkt\/lancuch-z-ogniwami-dwustronnymi\/","og_locale":"pl_PL","og_type":"article","og_title":"Stud Link Anchor Chain","og_description":"A Stud Link Chain offers robust strength and stability, ideal for heavy-duty applications where durability and reliability are paramount. Buyers often prioritize factors like material quality, load-bearing capacity, and resistance to harsh environments when selecting a Stud Link Chain. At Qingdao H&amp;F, we prioritize these needs by ensuring every chain meets stringent quality standards and providing detailed inspection reports, including proof load and tensile strength data. With our one-on-one customer service approach and efficient delivery cycle, we deliver not just products but reliable solutions that enable smoother, safer operations for your business.","og_url":"https:\/\/qingdaohf.com\/pl\/produkt\/lancuch-z-ogniwami-dwustronnymi\/","og_site_name":"Concrete Form &amp; Rigging Hardware Supplier","article_publisher":"https:\/\/www.facebook.com\/qingdaohf","article_modified_time":"2025-11-13T01:02:54+00:00","og_image":[{"width":1000,"height":1000,"url":"https:\/\/qingdaohf.com\/wp-content\/uploads\/2023\/04\/Marine-anchor-chain.jpg","type":"image\/jpeg"}],"twitter_card":"summary_large_image","twitter_misc":{"Szacowany czas czytania":"4 minuty"},"schema":{"@context":"https:\/\/schema.org","@graph":[{"@type":"WebPage","@id":"https:\/\/qingdaohf.com\/product\/stud-link-chain\/","url":"https:\/\/qingdaohf.com\/product\/stud-link-chain\/","name":"Stud Link Anchor Chain","isPartOf":{"@id":"https:\/\/qingdaohf.com\/bg\/#website"},"primaryImageOfPage":{"@id":"https:\/\/qingdaohf.com\/product\/stud-link-chain\/#primaryimage"},"image":{"@id":"https:\/\/qingdaohf.com\/product\/stud-link-chain\/#primaryimage"},"thumbnailUrl":"https:\/\/qingdaohf.com\/wp-content\/uploads\/2023\/04\/Marine-anchor-chain.jpg","datePublished":"2024-10-29T08:52:37+00:00","dateModified":"2025-11-13T01:02:54+00:00","breadcrumb":{"@id":"https:\/\/qingdaohf.com\/product\/stud-link-chain\/#breadcrumb"},"inLanguage":"pl-PL","potentialAction":[{"@type":"ReadAction","target":["https:\/\/qingdaohf.com\/product\/stud-link-chain\/"]}]},{"@type":"ImageObject","inLanguage":"pl-PL","@id":"https:\/\/qingdaohf.com\/product\/stud-link-chain\/#primaryimage","url":"https:\/\/qingdaohf.com\/wp-content\/uploads\/2023\/04\/Marine-anchor-chain.jpg","contentUrl":"https:\/\/qingdaohf.com\/wp-content\/uploads\/2023\/04\/Marine-anchor-chain.jpg","width":1000,"height":1000,"caption":"Marine anchor chain"},{"@type":"BreadcrumbList","@id":"https:\/\/qingdaohf.com\/product\/stud-link-chain\/#breadcrumb","itemListElement":[{"@type":"ListItem","position":1,"name":"Home","item":"https:\/\/qingdaohf.com\/"},{"@type":"ListItem","position":2,"name":"Concrete Forming Accessories and Rigging Hardware","item":"https:\/\/qingdaohf.com\/bg\/?page_id=944"},{"@type":"ListItem","position":3,"name":"Stud Link Anchor Chain"}]},{"@type":"WebSite","@id":"https:\/\/qingdaohf.com\/bg\/#website","url":"https:\/\/qingdaohf.com\/bg\/","name":"Concrete Form & Rigging Hardware Supplier","description":"","publisher":{"@id":"https:\/\/qingdaohf.com\/bg\/#organization"},"potentialAction":[{"@type":"SearchAction","target":{"@type":"EntryPoint","urlTemplate":"https:\/\/qingdaohf.com\/bg\/?s={search_term_string}"},"query-input":{"@type":"PropertyValueSpecification","valueRequired":true,"valueName":"search_term_string"}}],"inLanguage":"pl-PL"},{"@type":"Organization","@id":"https:\/\/qingdaohf.com\/bg\/#organization","name":"Qingdao H&F","url":"https:\/\/qingdaohf.com\/bg\/","logo":{"@type":"ImageObject","inLanguage":"pl-PL","@id":"https:\/\/qingdaohf.com\/bg\/#\/schema\/logo\/image\/","url":"https:\/\/qingdaohf.com\/wp-content\/uploads\/2022\/12\/cropped-HF-LOGO.png","contentUrl":"https:\/\/qingdaohf.com\/wp-content\/uploads\/2022\/12\/cropped-HF-LOGO.png","width":391,"height":249,"caption":"Qingdao H&F"},"image":{"@id":"https:\/\/qingdaohf.com\/bg\/#\/schema\/logo\/image\/"},"sameAs":["https:\/\/www.facebook.com\/qingdaohf"]}]}},"_links":{"self":[{"href":"https:\/\/qingdaohf.com\/pl\/wp-json\/wp\/v2\/product\/8181","targetHints":{"allow":["GET"]}}],"collection":[{"href":"https:\/\/qingdaohf.com\/pl\/wp-json\/wp\/v2\/product"}],"about":[{"href":"https:\/\/qingdaohf.com\/pl\/wp-json\/wp\/v2\/types\/product"}],"replies":[{"embeddable":true,"href":"https:\/\/qingdaohf.com\/pl\/wp-json\/wp\/v2\/comments?post=8181"}],"version-history":[{"count":2,"href":"https:\/\/qingdaohf.com\/pl\/wp-json\/wp\/v2\/product\/8181\/revisions"}],"predecessor-version":[{"id":8341,"href":"https:\/\/qingdaohf.com\/pl\/wp-json\/wp\/v2\/product\/8181\/revisions\/8341"}],"wp:featuredmedia":[{"embeddable":true,"href":"https:\/\/qingdaohf.com\/pl\/wp-json\/wp\/v2\/media\/4678"}],"wp:attachment":[{"href":"https:\/\/qingdaohf.com\/pl\/wp-json\/wp\/v2\/media?parent=8181"}],"wp:term":[{"taxonomy":"product_brand","embeddable":true,"href":"https:\/\/qingdaohf.com\/pl\/wp-json\/wp\/v2\/product_brand?post=8181"},{"taxonomy":"product_cat","embeddable":true,"href":"https:\/\/qingdaohf.com\/pl\/wp-json\/wp\/v2\/product_cat?post=8181"},{"taxonomy":"product_tag","embeddable":true,"href":"https:\/\/qingdaohf.com\/pl\/wp-json\/wp\/v2\/product_tag?post=8181"}],"curies":[{"name":"wp","href":"https:\/\/api.w.org\/{rel}","templated":true}]}}