{"id":8277,"date":"2024-11-05T14:01:41","date_gmt":"2024-11-05T06:01:41","guid":{"rendered":"http:\/\/qingdaohf.com\/?post_type=product&#038;p=8277"},"modified":"2025-11-13T09:02:53","modified_gmt":"2025-11-13T01:02:53","slug":"webbing-sling-2-ton","status":"publish","type":"product","link":"https:\/\/qingdaohf.com\/pl\/produkt\/zawiesie-pasowe-2-tony\/","title":{"rendered":"P\u0142aska ta\u015bma zawiesia 2 tony poliester Double Duplex"},"content":{"rendered":"<div class=\"flex max-w-full flex-col flex-grow\">\n<div class=\"min-h-8 text-message flex w-full flex-col items-end gap-2 whitespace-normal break-words [.text-message+&amp;]:mt-5\" dir=\"auto\" data-message-author-role=\"assistant\" data-message-id=\"df1a8cb9-4730-4671-a7fd-4bac8c133d3f\" data-message-model-slug=\"gpt-4o\">\n<div class=\"flex w-full flex-col gap-1 empty:hidden first:pt-[3px]\">\n<div class=\"markdown prose w-full break-words dark:prose-invert light\">\n<h3><strong>Wszechstronne 2-tonowe zawiesie pasowe do solidnych rozwi\u0105za\u0144 podnosz\u0105cych<\/strong><\/h3>\n<p>2-tonowe zawiesie pasowe jest kluczowym narz\u0119dziem do bezpiecznego podnoszenia i przenoszenia ci\u0119\u017ckich \u0142adunk\u00f3w w r\u00f3\u017cnych bran\u017cach. Wykonane z wysokiej jako\u015bci w\u0142\u00f3kien syntetycznych zawiesie jest zar\u00f3wno mocne, jak i elastyczne, \u0142\u0105cz\u0105c trwa\u0142o\u015b\u0107 wymagan\u0105 w trudnych warunkach z \u0142atwo\u015bci\u0105 u\u017cytkowania. Ud\u017awig wynosz\u0105cy 2 tony jest odpowiedni dla \u015bredniej wielko\u015bci \u0142adunk\u00f3w, dzi\u0119ki czemu jest bardzo wszechstronny w sektorach takich jak budownictwo, magazynowanie, spedycja i produkcja. 2-tonowe zawiesie pasowe Qingdao H&amp;F zapewnia niezawodne rozwi\u0105zanie, kt\u00f3re spe\u0142nia oczekiwania profesjonalist\u00f3w z r\u00f3\u017cnych dziedzin w zakresie wydajno\u015bci i bezpiecze\u0144stwa.<\/p>\n<p>W bran\u017cach, w kt\u00f3rych podnoszenie ci\u0119\u017car\u00f3w jest integraln\u0105 cz\u0119\u015bci\u0105, zapewnienie bezpiecze\u0144stwa i niezawodno\u015bci sprz\u0119tu jest najwa\u017cniejsze. 2-tonowe zawiesie pasowe firmy Qingdao H&amp;F zosta\u0142o specjalnie zaprojektowane, aby zapewni\u0107 optymaln\u0105 wytrzyma\u0142o\u015b\u0107 bez uszczerbku dla elastyczno\u015bci, umo\u017cliwiaj\u0105c bezpieczne i wydajne przenoszenie \u0142adunk\u00f3w. Kupuj\u0105cy szukaj\u0105 po\u0142\u0105czenia wysokiej no\u015bno\u015bci, trwa\u0142o\u015bci i odporno\u015bci na zu\u017cycie, a wszystkie te cechy zosta\u0142y starannie zintegrowane z konstrukcj\u0105 tego zawiesia. Dzi\u0119ki syntetycznej konstrukcji, 2-tonowe zawiesie jest l\u017cejsze i \u0142atwiejsze w obs\u0142udze ni\u017c metalowe alternatywy, zmniejszaj\u0105c prawdopodobie\u0144stwo zm\u0119czenia operatora i zwi\u0119kszaj\u0105c og\u00f3lne bezpiecze\u0144stwo.<\/p>\n<p>Qingdao H&amp;F uzupe\u0142nia najwy\u017csz\u0105 jako\u015b\u0107 swoich zawiesi ta\u015bmowych us\u0142ugami zorientowanymi na klienta. Ka\u017cdy produkt przechodzi rygorystyczn\u0105 kontrol\u0119, kt\u00f3rej towarzysz\u0105 kompleksowe raporty jako\u015bci, aby zapewni\u0107 kupuj\u0105cym pe\u0142ne zaufanie do ich zakupu. Nasze indywidualne podej\u015bcie do obs\u0142ugi klienta zapewnia spe\u0142nienie unikalnych potrzeb ka\u017cdego nabywcy, a nasz wydajny proces dostawy gwarantuje terminowe przybycie w celu nieprzerwanego przep\u0142ywu pracy w projekcie.<\/p>\n<h3><strong>Konstrukcja i jako\u015b\u0107 materia\u0142\u00f3w zapewniaj\u0105ca d\u0142ugotrwa\u0142\u0105 wydajno\u015b\u0107<\/strong><\/h3>\n<p>Sk\u0142ad materia\u0142owy 2-tonowego zawiesia pasowego jest jedn\u0105 z jego cech charakterystycznych, wybran\u0105 tak, aby wytrzyma\u0107 wielokrotne u\u017cytkowanie w wymagaj\u0105cych warunkach. Zwykle wykonane z poliestru lub nylonu, ka\u017cdy materia\u0142 przynosi okre\u015blone korzy\u015bci. Na przyk\u0142ad zawiesia poliestrowe s\u0105 odporne na wilgo\u0107 i promienie UV, dzi\u0119ki czemu idealnie nadaj\u0105 si\u0119 do zastosowa\u0144 zewn\u0119trznych i d\u0142ugoterminowych. Zawiesia nylonowe, znane ze swojej elastyczno\u015bci, oferuj\u0105 doskona\u0142\u0105 absorpcj\u0119 wstrz\u0105s\u00f3w, co jest cenne podczas przenoszenia obci\u0105\u017ce\u0144 dynamicznych. Niezale\u017cnie od materia\u0142u, ka\u017cde zawiesie przechodzi skrupulatne testy, aby potwierdzi\u0107, \u017ce mo\u017ce bezpiecznie utrzyma\u0107 do 2 ton.<\/p>\n<p>Procesy produkcyjne s\u0105 starannie kontrolowane, aby zapewni\u0107 jednolito\u015b\u0107 i niezawodno\u015b\u0107. Od wyboru w\u0142\u00f3kien po ko\u0144cowe tkanie, ka\u017cdy krok jest podejmowany z my\u015bl\u0105 o trwa\u0142o\u015bci, zapewniaj\u0105c, \u017ce zawiesie pozostanie mocne przez d\u0142ugi czas. Wzmocnione p\u0119tle i odporne na \u015bcieranie wyko\u0144czenia dodatkowo wyd\u0142u\u017caj\u0105 \u017cywotno\u015b\u0107 produktu, zapewniaj\u0105c warto\u015b\u0107 nabywcom, kt\u00f3rzy szukaj\u0105 wysokowydajnych i op\u0142acalnych rozwi\u0105za\u0144 do podnoszenia. Z ka\u017cdym zawiesiem Qingdao H&amp;F oferuje gwarancj\u0119 produktu przetestowanego pod k\u0105tem bezpiecze\u0144stwa, niezawodno\u015bci i d\u0142ugowieczno\u015bci, spe\u0142niaj\u0105c rygorystyczne standardy bran\u017c, kt\u00f3re polegaj\u0105 na niezawodnym sprz\u0119cie do podnoszenia.<\/p>\n<h3><strong>Zastosowania w r\u00f3\u017cnych bran\u017cach<\/strong><\/h3>\n<p>Mo\u017cliwo\u015b\u0107 dostosowania 2-tonowego zawiesia ta\u015bmowego sprawia, \u017ce jest ono cenne w r\u00f3\u017cnych dziedzinach, w tym w logistyce, budownictwie i konserwacji przemys\u0142owej. Na przyk\u0142ad w budownictwie ten zakres ud\u017awigu nadaje si\u0119 do pozycjonowania belek, zabezpieczania ci\u0119\u017ckich maszyn lub przenoszenia niezb\u0119dnych materia\u0142\u00f3w budowlanych. Lekka, ale wytrzyma\u0142a konstrukcja zawiesi pasowych upraszcza obs\u0142ug\u0119 \u0142adunk\u00f3w w tych scenariuszach, a w przeciwie\u0144stwie do \u0142a\u0144cuch\u00f3w stalowych, materia\u0142 syntetyczny minimalizuje ryzyko uszkodzenia powierzchni. W logistyce i magazynowaniu 2-tonowy ud\u017awig pozwala na przenoszenie przesy\u0142ek i materia\u0142\u00f3w o \u015bredniej wadze, idealnie sprawdzaj\u0105c si\u0119 w sytuacjach wymagaj\u0105cych zar\u00f3wno stabilno\u015bci \u0142adunku, jak i ostro\u017cnej obs\u0142ugi.<\/p>\n<p>Opr\u00f3cz wytrzyma\u0142o\u015bci i trwa\u0142o\u015bci, nabywcy cz\u0119sto doceniaj\u0105 elastyczno\u015b\u0107 zawiesi pasowych w por\u00f3wnaniu z tradycyjnymi \u0142a\u0144cuchami lub linami. Materia\u0142 syntetyczny pozwala na \u0142atwiejsze manewrowanie, dzi\u0119ki czemu jest praktyczny w operacjach podnoszenia w ograniczonych przestrzeniach lub przy unikalnych konfiguracjach obci\u0105\u017cenia. Co wi\u0119cej, konstrukcja 2-tonowego zawiesia ta\u015bmowego pozwala na bezpieczniejsze, bardziej stabilne podnoszenie, zwi\u0119kszaj\u0105c zaufanie operatora i zmniejszaj\u0105c ryzyko wypadk\u00f3w lub uszkodzenia materia\u0142u. Dzi\u0119ki skupieniu si\u0119 Qingdao H&amp;F na jako\u015bci i wydajno\u015bci, ka\u017cde zawiesie zapewnia praktyczne, bezpieczne i wszechstronne rozwi\u0105zanie dostosowane do r\u00f3\u017cnych bran\u017c.<\/p>\n<h3><strong>Zaanga\u017cowanie Qingdao H&amp;F w \u015bwiadczenie us\u0142ug i zapewnianie jako\u015bci<\/strong><\/h3>\n<p>Qingdao H&amp;F nie tylko dostarcza wysokiej jako\u015bci produkty, ale tak\u017ce koncentruje si\u0119 na zapewnieniu wyj\u0105tkowego do\u015bwiadczenia zakupowego. Do 2-tonowego zawiesia ta\u015bmowego do\u0142\u0105czony jest kompleksowy raport z inspekcji, zapewniaj\u0105cy przejrzysto\u015b\u0107 jako\u015bci produktu i zgodno\u015b\u0107 ze standardami bran\u017cowymi. Ka\u017cdy raport zawiera szczeg\u00f3\u0142owe informacje na temat krytycznych wska\u017anik\u00f3w wydajno\u015bci, daj\u0105c kupuj\u0105cym pewno\u015b\u0107 co do ich inwestycji. Weryfikuj\u0105c ud\u017awig i potwierdzaj\u0105c trwa\u0142o\u015b\u0107 produktu, raporty te oferuj\u0105 istotne informacje dla firm, dla kt\u00f3rych priorytetem s\u0105 bezpieczne i skuteczne rozwi\u0105zania do podnoszenia.<\/p>\n<p>Co wi\u0119cej, zaanga\u017cowanie Qingdao H&amp;F w obs\u0142ug\u0119 klienta zwi\u0119ksza warto\u015b\u0107 naszych zawiesi pasowych. Dzi\u0119ki indywidualnemu wsparciu nasz zesp\u00f3\u0142 pomaga klientom w wyborze produkt\u00f3w dostosowanych do ich potrzeb operacyjnych. Ta spersonalizowana us\u0142uga jest kontynuowana po zakupie, zapewniaj\u0105c wskaz\u00f3wki dotycz\u0105ce praktyk konserwacyjnych, kt\u00f3re wyd\u0142u\u017caj\u0105 \u017cywotno\u015b\u0107 produktu. Co wi\u0119cej, nasze szybkie cykle dostaw s\u0105 dostosowane do wymaga\u0144 czasowych naszych klient\u00f3w, zapewniaj\u0105c im szybkie otrzymanie zawiesi, aby unikn\u0105\u0107 op\u00f3\u017anie\u0144 w ich dzia\u0142alno\u015bci.<\/p>\n<p>Dla nabywc\u00f3w koncentruj\u0105cych si\u0119 na jako\u015bci, niezawodno\u015bci i wydajnej obs\u0142udze, Qingdao H&amp;F oferuje kompleksowe rozwi\u0105zanie z 2-tonowym zawiesiem ta\u015bmowym. Produkt ten uosabia wytrzyma\u0142o\u015b\u0107 i elastyczno\u015b\u0107, w po\u0142\u0105czeniu z zaanga\u017cowaniem w zaspokajanie potrzeb logistycznych i bezpiecze\u0144stwa klient\u00f3w. Z ka\u017cdym zawiesiem pasowym kupuj\u0105cy korzystaj\u0105 nie tylko z najwy\u017cszej klasy narz\u0119dzia do podnoszenia, ale tak\u017ce ze wsparcia i gwarancji firmy zaanga\u017cowanej w doskona\u0142o\u015b\u0107.<\/p>\n<\/div>\n<\/div>\n<\/div>\n<\/div>\n<div class=\"mb-2 flex gap-3 empty:hidden -ml-2\">\n<div class=\"items-center justify-start rounded-xl p-1 flex\">\n<div class=\"flex items-center\"><\/div>\n<\/div>\n<\/div>","protected":false},"excerpt":{"rendered":"<p>2-tonowe zawiesie pasowe firmy Qingdao H&amp;F to niezawodne rozwi\u0105zanie o du\u017cym ud\u017awigu do r\u00f3\u017cnych zastosowa\u0144 zwi\u0105zanych z podnoszeniem. Kupuj\u0105cy cz\u0119sto priorytetowo traktuj\u0105 takie czynniki jak bezpiecze\u0144stwo \u0142adunku, trwa\u0142o\u015b\u0107 i \u0142atwo\u015b\u0107 obs\u0142ugi, a wszystko to zapewnia ten zawiesie pasowe. Wykonany z mocnych w\u0142\u00f3kien syntetycznych, wytrzymuje wymagaj\u0105ce warunki, oferuj\u0105c niezawodn\u0105 wydajno\u015b\u0107. Jako firma handlowa, Qingdao H&amp;F zapewnia znacz\u0105ce korzy\u015bci, w tym indywidualn\u0105 obs\u0142ug\u0119 klienta, szybkie cykle dostaw i szczeg\u00f3\u0142owe raporty z kontroli jako\u015bci, zapewniaj\u0105c, \u017ce ka\u017cdy produkt spe\u0142nia rygorystyczne standardy i oczekiwania kupuj\u0105cych.<\/p>","protected":false},"featured_media":8196,"comment_status":"open","ping_status":"closed","template":"","meta":{"site-sidebar-layout":"default","site-content-layout":"","ast-site-content-layout":"default","site-content-style":"default","site-sidebar-style":"default","ast-global-header-display":"","ast-banner-title-visibility":"","ast-main-header-display":"","ast-hfb-above-header-display":"","ast-hfb-below-header-display":"","ast-hfb-mobile-header-display":"","site-post-title":"","ast-breadcrumbs-content":"","ast-featured-img":"","footer-sml-layout":"","theme-transparent-header-meta":"default","adv-header-id-meta":"","stick-header-meta":"default","header-above-stick-meta":"","header-main-stick-meta":"","header-below-stick-meta":"","astra-migrate-meta-layouts":"set","ast-page-background-enabled":"default","ast-page-background-meta":{"desktop":{"background-color":"","background-image":"","background-repeat":"repeat","background-position":"center center","background-size":"auto","background-attachment":"scroll","background-type":"","background-media":"","overlay-type":"","overlay-color":"","overlay-opacity":"","overlay-gradient":""},"tablet":{"background-color":"","background-image":"","background-repeat":"repeat","background-position":"center center","background-size":"auto","background-attachment":"scroll","background-type":"","background-media":"","overlay-type":"","overlay-color":"","overlay-opacity":"","overlay-gradient":""},"mobile":{"background-color":"","background-image":"","background-repeat":"repeat","background-position":"center center","background-size":"auto","background-attachment":"scroll","background-type":"","background-media":"","overlay-type":"","overlay-color":"","overlay-opacity":"","overlay-gradient":""}},"ast-content-background-meta":{"desktop":{"background-color":"var(--ast-global-color-5)","background-image":"","background-repeat":"repeat","background-position":"center center","background-size":"auto","background-attachment":"scroll","background-type":"","background-media":"","overlay-type":"","overlay-color":"","overlay-opacity":"","overlay-gradient":""},"tablet":{"background-color":"var(--ast-global-color-5)","background-image":"","background-repeat":"repeat","background-position":"center center","background-size":"auto","background-attachment":"scroll","background-type":"","background-media":"","overlay-type":"","overlay-color":"","overlay-opacity":"","overlay-gradient":""},"mobile":{"background-color":"var(--ast-global-color-5)","background-image":"","background-repeat":"repeat","background-position":"center center","background-size":"auto","background-attachment":"scroll","background-type":"","background-media":"","overlay-type":"","overlay-color":"","overlay-opacity":"","overlay-gradient":""}}},"product_brand":[],"product_cat":[39],"product_tag":[],"class_list":{"0":"post-8277","1":"product","2":"type-product","3":"status-publish","4":"has-post-thumbnail","6":"product_cat-webbing-sling","7":"desktop-align-left","8":"tablet-align-left","9":"mobile-align-left","10":"ast-product-gallery-layout-horizontal-slider","11":"ast-product-gallery-with-no-image","12":"ast-product-tabs-layout-horizontal","14":"first","15":"instock","16":"shipping-taxable","17":"purchasable","18":"product-type-simple"},"yoast_head":"<!-- This site is optimized with the Yoast SEO plugin v25.2 - https:\/\/yoast.com\/wordpress\/plugins\/seo\/ -->\n<title>Flat Webbing Sling 2 Ton Polyester Double Duplex<\/title>\n<meta name=\"robots\" content=\"index, follow, max-snippet:-1, max-image-preview:large, max-video-preview:-1\" \/>\n<link rel=\"canonical\" href=\"https:\/\/qingdaohf.com\/pl\/produkt\/zawiesie-pasowe-2-tony\/\" \/>\n<meta property=\"og:locale\" content=\"pl_PL\" \/>\n<meta property=\"og:type\" content=\"article\" \/>\n<meta property=\"og:title\" content=\"Flat Webbing Sling 2 Ton Polyester Double Duplex\" \/>\n<meta property=\"og:description\" content=\"The 2-ton webbing sling from Qingdao H&amp;F is a dependable, high-capacity solution for various lifting applications. Buyers often prioritize factors like load security, durability, and ease of handling, all of which this webbing sling provides. Crafted with strong synthetic fibers, it withstands demanding conditions, offering reliable performance. As a trading company, Qingdao H&amp;F delivers significant benefits, including one-to-one customer service, rapid delivery cycles, and detailed quality inspection reports, ensuring each product meets rigorous standards and buyer expectations.\" \/>\n<meta property=\"og:url\" content=\"https:\/\/qingdaohf.com\/pl\/produkt\/zawiesie-pasowe-2-tony\/\" \/>\n<meta property=\"og:site_name\" content=\"Concrete Form &amp; Rigging Hardware Supplier\" \/>\n<meta property=\"article:publisher\" content=\"https:\/\/www.facebook.com\/qingdaohf\" \/>\n<meta property=\"article:modified_time\" content=\"2025-11-13T01:02:53+00:00\" \/>\n<meta property=\"og:image\" content=\"https:\/\/qingdaohf.com\/wp-content\/uploads\/2024\/10\/2-ton_1.webp\" \/>\n\t<meta property=\"og:image:width\" content=\"1000\" \/>\n\t<meta property=\"og:image:height\" content=\"1000\" \/>\n\t<meta property=\"og:image:type\" content=\"image\/webp\" \/>\n<meta name=\"twitter:card\" content=\"summary_large_image\" \/>\n<meta name=\"twitter:label1\" content=\"Szacowany czas czytania\" \/>\n\t<meta name=\"twitter:data1\" content=\"4 minuty\" \/>\n<script type=\"application\/ld+json\" class=\"yoast-schema-graph\">{\"@context\":\"https:\/\/schema.org\",\"@graph\":[{\"@type\":\"WebPage\",\"@id\":\"https:\/\/qingdaohf.com\/product\/webbing-sling-2-ton\/\",\"url\":\"https:\/\/qingdaohf.com\/product\/webbing-sling-2-ton\/\",\"name\":\"Flat Webbing Sling 2 Ton Polyester Double Duplex\",\"isPartOf\":{\"@id\":\"https:\/\/qingdaohf.com\/bg\/#website\"},\"primaryImageOfPage\":{\"@id\":\"https:\/\/qingdaohf.com\/product\/webbing-sling-2-ton\/#primaryimage\"},\"image\":{\"@id\":\"https:\/\/qingdaohf.com\/product\/webbing-sling-2-ton\/#primaryimage\"},\"thumbnailUrl\":\"https:\/\/qingdaohf.com\/wp-content\/uploads\/2024\/10\/2-ton_1.webp\",\"datePublished\":\"2024-11-05T06:01:41+00:00\",\"dateModified\":\"2025-11-13T01:02:53+00:00\",\"breadcrumb\":{\"@id\":\"https:\/\/qingdaohf.com\/product\/webbing-sling-2-ton\/#breadcrumb\"},\"inLanguage\":\"pl-PL\",\"potentialAction\":[{\"@type\":\"ReadAction\",\"target\":[\"https:\/\/qingdaohf.com\/product\/webbing-sling-2-ton\/\"]}]},{\"@type\":\"ImageObject\",\"inLanguage\":\"pl-PL\",\"@id\":\"https:\/\/qingdaohf.com\/product\/webbing-sling-2-ton\/#primaryimage\",\"url\":\"https:\/\/qingdaohf.com\/wp-content\/uploads\/2024\/10\/2-ton_1.webp\",\"contentUrl\":\"https:\/\/qingdaohf.com\/wp-content\/uploads\/2024\/10\/2-ton_1.webp\",\"width\":1000,\"height\":1000,\"caption\":\"webbing sling 2 ton\"},{\"@type\":\"BreadcrumbList\",\"@id\":\"https:\/\/qingdaohf.com\/product\/webbing-sling-2-ton\/#breadcrumb\",\"itemListElement\":[{\"@type\":\"ListItem\",\"position\":1,\"name\":\"Home\",\"item\":\"https:\/\/qingdaohf.com\/\"},{\"@type\":\"ListItem\",\"position\":2,\"name\":\"Concrete Forming Accessories and Rigging Hardware\",\"item\":\"https:\/\/qingdaohf.com\/bg\/?page_id=944\"},{\"@type\":\"ListItem\",\"position\":3,\"name\":\"Flat Webbing Sling 2 Ton Polyester Double Duplex\"}]},{\"@type\":\"WebSite\",\"@id\":\"https:\/\/qingdaohf.com\/bg\/#website\",\"url\":\"https:\/\/qingdaohf.com\/bg\/\",\"name\":\"Concrete Form & Rigging Hardware Supplier\",\"description\":\"\",\"publisher\":{\"@id\":\"https:\/\/qingdaohf.com\/bg\/#organization\"},\"potentialAction\":[{\"@type\":\"SearchAction\",\"target\":{\"@type\":\"EntryPoint\",\"urlTemplate\":\"https:\/\/qingdaohf.com\/bg\/?s={search_term_string}\"},\"query-input\":{\"@type\":\"PropertyValueSpecification\",\"valueRequired\":true,\"valueName\":\"search_term_string\"}}],\"inLanguage\":\"pl-PL\"},{\"@type\":\"Organization\",\"@id\":\"https:\/\/qingdaohf.com\/bg\/#organization\",\"name\":\"Qingdao H&F\",\"url\":\"https:\/\/qingdaohf.com\/bg\/\",\"logo\":{\"@type\":\"ImageObject\",\"inLanguage\":\"pl-PL\",\"@id\":\"https:\/\/qingdaohf.com\/bg\/#\/schema\/logo\/image\/\",\"url\":\"https:\/\/qingdaohf.com\/wp-content\/uploads\/2022\/12\/cropped-HF-LOGO.png\",\"contentUrl\":\"https:\/\/qingdaohf.com\/wp-content\/uploads\/2022\/12\/cropped-HF-LOGO.png\",\"width\":391,\"height\":249,\"caption\":\"Qingdao H&F\"},\"image\":{\"@id\":\"https:\/\/qingdaohf.com\/bg\/#\/schema\/logo\/image\/\"},\"sameAs\":[\"https:\/\/www.facebook.com\/qingdaohf\"]}]}<\/script>\n<!-- \/ Yoast SEO plugin. -->","yoast_head_json":{"title":"Flat Webbing Sling 2 Ton Polyester Double Duplex","robots":{"index":"index","follow":"follow","max-snippet":"max-snippet:-1","max-image-preview":"max-image-preview:large","max-video-preview":"max-video-preview:-1"},"canonical":"https:\/\/qingdaohf.com\/pl\/produkt\/zawiesie-pasowe-2-tony\/","og_locale":"pl_PL","og_type":"article","og_title":"Flat Webbing Sling 2 Ton Polyester Double Duplex","og_description":"The 2-ton webbing sling from Qingdao H&amp;F is a dependable, high-capacity solution for various lifting applications. Buyers often prioritize factors like load security, durability, and ease of handling, all of which this webbing sling provides. Crafted with strong synthetic fibers, it withstands demanding conditions, offering reliable performance. As a trading company, Qingdao H&amp;F delivers significant benefits, including one-to-one customer service, rapid delivery cycles, and detailed quality inspection reports, ensuring each product meets rigorous standards and buyer expectations.","og_url":"https:\/\/qingdaohf.com\/pl\/produkt\/zawiesie-pasowe-2-tony\/","og_site_name":"Concrete Form &amp; Rigging Hardware Supplier","article_publisher":"https:\/\/www.facebook.com\/qingdaohf","article_modified_time":"2025-11-13T01:02:53+00:00","og_image":[{"width":1000,"height":1000,"url":"https:\/\/qingdaohf.com\/wp-content\/uploads\/2024\/10\/2-ton_1.webp","type":"image\/webp"}],"twitter_card":"summary_large_image","twitter_misc":{"Szacowany czas czytania":"4 minuty"},"schema":{"@context":"https:\/\/schema.org","@graph":[{"@type":"WebPage","@id":"https:\/\/qingdaohf.com\/product\/webbing-sling-2-ton\/","url":"https:\/\/qingdaohf.com\/product\/webbing-sling-2-ton\/","name":"Flat Webbing Sling 2 Ton Polyester Double Duplex","isPartOf":{"@id":"https:\/\/qingdaohf.com\/bg\/#website"},"primaryImageOfPage":{"@id":"https:\/\/qingdaohf.com\/product\/webbing-sling-2-ton\/#primaryimage"},"image":{"@id":"https:\/\/qingdaohf.com\/product\/webbing-sling-2-ton\/#primaryimage"},"thumbnailUrl":"https:\/\/qingdaohf.com\/wp-content\/uploads\/2024\/10\/2-ton_1.webp","datePublished":"2024-11-05T06:01:41+00:00","dateModified":"2025-11-13T01:02:53+00:00","breadcrumb":{"@id":"https:\/\/qingdaohf.com\/product\/webbing-sling-2-ton\/#breadcrumb"},"inLanguage":"pl-PL","potentialAction":[{"@type":"ReadAction","target":["https:\/\/qingdaohf.com\/product\/webbing-sling-2-ton\/"]}]},{"@type":"ImageObject","inLanguage":"pl-PL","@id":"https:\/\/qingdaohf.com\/product\/webbing-sling-2-ton\/#primaryimage","url":"https:\/\/qingdaohf.com\/wp-content\/uploads\/2024\/10\/2-ton_1.webp","contentUrl":"https:\/\/qingdaohf.com\/wp-content\/uploads\/2024\/10\/2-ton_1.webp","width":1000,"height":1000,"caption":"webbing sling 2 ton"},{"@type":"BreadcrumbList","@id":"https:\/\/qingdaohf.com\/product\/webbing-sling-2-ton\/#breadcrumb","itemListElement":[{"@type":"ListItem","position":1,"name":"Home","item":"https:\/\/qingdaohf.com\/"},{"@type":"ListItem","position":2,"name":"Concrete Forming Accessories and Rigging Hardware","item":"https:\/\/qingdaohf.com\/bg\/?page_id=944"},{"@type":"ListItem","position":3,"name":"Flat Webbing Sling 2 Ton Polyester Double Duplex"}]},{"@type":"WebSite","@id":"https:\/\/qingdaohf.com\/bg\/#website","url":"https:\/\/qingdaohf.com\/bg\/","name":"Concrete Form & Rigging Hardware Supplier","description":"","publisher":{"@id":"https:\/\/qingdaohf.com\/bg\/#organization"},"potentialAction":[{"@type":"SearchAction","target":{"@type":"EntryPoint","urlTemplate":"https:\/\/qingdaohf.com\/bg\/?s={search_term_string}"},"query-input":{"@type":"PropertyValueSpecification","valueRequired":true,"valueName":"search_term_string"}}],"inLanguage":"pl-PL"},{"@type":"Organization","@id":"https:\/\/qingdaohf.com\/bg\/#organization","name":"Qingdao H&F","url":"https:\/\/qingdaohf.com\/bg\/","logo":{"@type":"ImageObject","inLanguage":"pl-PL","@id":"https:\/\/qingdaohf.com\/bg\/#\/schema\/logo\/image\/","url":"https:\/\/qingdaohf.com\/wp-content\/uploads\/2022\/12\/cropped-HF-LOGO.png","contentUrl":"https:\/\/qingdaohf.com\/wp-content\/uploads\/2022\/12\/cropped-HF-LOGO.png","width":391,"height":249,"caption":"Qingdao H&F"},"image":{"@id":"https:\/\/qingdaohf.com\/bg\/#\/schema\/logo\/image\/"},"sameAs":["https:\/\/www.facebook.com\/qingdaohf"]}]}},"_links":{"self":[{"href":"https:\/\/qingdaohf.com\/pl\/wp-json\/wp\/v2\/product\/8277","targetHints":{"allow":["GET"]}}],"collection":[{"href":"https:\/\/qingdaohf.com\/pl\/wp-json\/wp\/v2\/product"}],"about":[{"href":"https:\/\/qingdaohf.com\/pl\/wp-json\/wp\/v2\/types\/product"}],"replies":[{"embeddable":true,"href":"https:\/\/qingdaohf.com\/pl\/wp-json\/wp\/v2\/comments?post=8277"}],"version-history":[{"count":3,"href":"https:\/\/qingdaohf.com\/pl\/wp-json\/wp\/v2\/product\/8277\/revisions"}],"predecessor-version":[{"id":8339,"href":"https:\/\/qingdaohf.com\/pl\/wp-json\/wp\/v2\/product\/8277\/revisions\/8339"}],"wp:featuredmedia":[{"embeddable":true,"href":"https:\/\/qingdaohf.com\/pl\/wp-json\/wp\/v2\/media\/8196"}],"wp:attachment":[{"href":"https:\/\/qingdaohf.com\/pl\/wp-json\/wp\/v2\/media?parent=8277"}],"wp:term":[{"taxonomy":"product_brand","embeddable":true,"href":"https:\/\/qingdaohf.com\/pl\/wp-json\/wp\/v2\/product_brand?post=8277"},{"taxonomy":"product_cat","embeddable":true,"href":"https:\/\/qingdaohf.com\/pl\/wp-json\/wp\/v2\/product_cat?post=8277"},{"taxonomy":"product_tag","embeddable":true,"href":"https:\/\/qingdaohf.com\/pl\/wp-json\/wp\/v2\/product_tag?post=8277"}],"curies":[{"name":"wp","href":"https:\/\/api.w.org\/{rel}","templated":true}]}}