{"id":8280,"date":"2024-11-05T16:43:34","date_gmt":"2024-11-05T08:43:34","guid":{"rendered":"http:\/\/qingdaohf.com\/?post_type=product&#038;p=8280"},"modified":"2025-11-13T09:02:53","modified_gmt":"2025-11-13T01:02:53","slug":"webbing-sling-3-ton","status":"publish","type":"product","link":"https:\/\/qingdaohf.com\/pl\/produkt\/zawiesie-pasowe-3-tony\/","title":{"rendered":"P\u0142aska ta\u015bma zawiesia 3 tony poliester Double Duplex"},"content":{"rendered":"<h3><strong>Niezawodne 3-tonowe zawiesie pasowe do podnoszenia ci\u0119\u017ckich \u0142adunk\u00f3w<\/strong><\/h3>\n<p>W \u015bwiecie transportu materia\u0142\u00f3w, 3-tonowe zawiesie pasowe wyr\u00f3\u017cnia si\u0119 jako solidne rozwi\u0105zanie do podnoszenia i zabezpieczania ci\u0119\u017ckich \u0142adunk\u00f3w w r\u00f3\u017cnych bran\u017cach. Dzi\u0119ki optymalnej r\u00f3wnowadze mi\u0119dzy wytrzyma\u0142o\u015bci\u0105, elastyczno\u015bci\u0105 i bezpiecze\u0144stwem, zawiesie to zosta\u0142o zaprojektowane, aby sprosta\u0107 rygorystycznym wymaganiom zada\u0144, od budownictwa po logistyk\u0119. Wykonane z wysokiej jako\u015bci w\u0142\u00f3kien syntetycznych, 3-tonowe zawiesie pasowe zosta\u0142o zaprojektowane z my\u015bl\u0105 o zapewnieniu niezawodnej wydajno\u015bci, dzi\u0119ki czemu jest kluczowym atutem dla ka\u017cdej operacji wymagaj\u0105cej podnoszenia znacznych ci\u0119\u017car\u00f3w.<\/p>\n<p>Rosn\u0105ce zapotrzebowanie na wszechstronne rozwi\u0105zania w zakresie podnoszenia doprowadzi\u0142o do powszechnego stosowania zawiesi pasowych w \u015brodowiskach komercyjnych i przemys\u0142owych. 3-tonowe zawiesie pasowe zosta\u0142o specjalnie zaprojektowane do przenoszenia \u015brednich i du\u017cych obci\u0105\u017ce\u0144, zapewniaj\u0105c operatorom niezawodne \u015brodki do wydajnego i bezpiecznego wykonywania zada\u0144. Kupuj\u0105cy cz\u0119sto wyra\u017caj\u0105 obawy dotycz\u0105ce bezpiecze\u0144stwa \u0142adunku i trwa\u0142o\u015bci, kt\u00f3re s\u0105 najwa\u017cniejsze przy wyborze sprz\u0119tu do podnoszenia. 3-tonowe zawiesie pasowe rozwi\u0105zuje te obawy, zapewniaj\u0105c, \u017ce mo\u017ce wytrzyma\u0107 wymagaj\u0105ce warunki, zachowuj\u0105c jednocze\u015bnie swoj\u0105 integralno\u015b\u0107 i wydajno\u015b\u0107 w czasie.<\/p>\n<p>Jedn\u0105 z wyr\u00f3\u017cniaj\u0105cych si\u0119 cech 3-tonowego zawiesia pasowego jest jego konstrukcja, kt\u00f3ra zazwyczaj obejmuje wysokowytrzyma\u0142e w\u0142\u00f3kna poliestrowe lub nylonowe. Materia\u0142y te oferuj\u0105 szereg korzy\u015bci, w tym odporno\u015b\u0107 na zu\u017cycie, stabilno\u015b\u0107 UV i odporno\u015b\u0107 na wilgo\u0107. Po\u0142\u0105czenie tych cech zapewnia, \u017ce zawiesie mo\u017ce dzia\u0142a\u0107 dobrze nawet w trudnych warunkach zewn\u0119trznych, dzi\u0119ki czemu nadaje si\u0119 do wielu zastosowa\u0144.<\/p>\n<p>W Qingdao H&amp;F jeste\u015bmy dumni z naszej zdolno\u015bci do dostarczania nie tylko wysokiej jako\u015bci produkt\u00f3w, ale tak\u017ce wyj\u0105tkowej obs\u0142ugi. Nasze zaanga\u017cowanie w indywidualn\u0105 obs\u0142ug\u0119 klienta oznacza, \u017ce ka\u017cdy klient otrzymuje spersonalizowan\u0105 uwag\u0119 dostosowan\u0105 do jego konkretnych potrzeb. Takie podej\u015bcie sprzyja zaufaniu i zapewnia, \u017ce kupuj\u0105cy czuj\u0105 si\u0119 wspierani podczas ca\u0142ej podr\u00f3\u017cy zakupowej. Ponadto k\u0142adziemy nacisk na terminowo\u015b\u0107 dostaw, a nasze wydajne procesy logistyczne gwarantuj\u0105, \u017ce klienci otrzymuj\u0105 swoje zawiesia bez zb\u0119dnych op\u00f3\u017anie\u0144. Nasze produkty, kt\u00f3rym towarzysz\u0105 kompleksowe raporty z kontroli jako\u015bci, zapewniaj\u0105 kupuj\u0105cym spok\u00f3j ducha, gwarantuj\u0105c, \u017ce spe\u0142niaj\u0105 one wymagane standardy bezpiecze\u0144stwa i wydajno\u015bci.<\/p>\n<h3><strong>Jako\u015b\u0107 konstrukcji i wydajno\u015b\u0107 materia\u0142\u00f3w<\/strong><\/h3>\n<p>Jako\u015b\u0107 materia\u0142\u00f3w u\u017cytych w 3-tonowym zawiesiu ta\u015bmowym jest integraln\u0105 cz\u0119\u015bci\u0105 jego wydajno\u015bci i trwa\u0142o\u015bci. Wybieraj\u0105c materia\u0142y do produkcji, skupiamy si\u0119 na trwa\u0142o\u015bci i wytrzyma\u0142o\u015bci. Poliester, znany z niskiej rozci\u0105gliwo\u015bci i wysokiej odporno\u015bci na \u015bcieranie, jest popularnym wyborem. W\u0142\u00f3kno to jest szczeg\u00f3lnie skuteczne w utrzymywaniu stabilno\u015bci \u0142adunku, co jest niezb\u0119dne do bezpiecznego podnoszenia. Z drugiej strony, nylon oferuje doskona\u0142\u0105 elastyczno\u015b\u0107, kt\u00f3ra mo\u017ce absorbowa\u0107 obci\u0105\u017cenia udarowe podczas podnoszenia, co mo\u017ce by\u0107 korzystne w r\u00f3\u017cnych zastosowaniach.<\/p>\n<p>Ka\u017cdy aspekt procesu produkcyjnego zosta\u0142 zaprojektowany z my\u015bl\u0105 o zachowaniu najwy\u017cszych standard\u00f3w. Od wyboru w\u0142\u00f3kien po technik\u0119 tkania, ka\u017cde zawiesie przechodzi rygorystyczne testy, aby potwierdzi\u0107 jego zdolno\u015b\u0107 do bezpiecznego przenoszenia obci\u0105\u017ce\u0144 do 3 ton. Wzmocnione szwy i wysokiej jako\u015bci ko\u0144c\u00f3wki zwi\u0119kszaj\u0105 trwa\u0142o\u015b\u0107 zawiesia, zmniejszaj\u0105c ryzyko zu\u017cycia i zwi\u0119kszaj\u0105c jego \u017cywotno\u015b\u0107. Dzi\u0119ki tym cechom 3-tonowe zawiesie pasowe jest cenn\u0105 inwestycj\u0105 dla firm poszukuj\u0105cych niezawodnych rozwi\u0105za\u0144 do podnoszenia.<\/p>\n<p>Zapewnienie jako\u015bci jest najwa\u017cniejsze w Qingdao H&amp;F, a nasi klienci mog\u0105 oczekiwa\u0107, \u017ce ka\u017cdy produkt b\u0119dzie dostarczany ze szczeg\u00f3\u0142owym raportem z inspekcji. Raporty te dostarczaj\u0105 krytycznych informacji na temat charakterystyki dzia\u0142ania zawiesia, w tym wytrzyma\u0142o\u015bci na zerwanie i zgodno\u015bci z normami bran\u017cowymi. Zapewniaj\u0105c, \u017ce ka\u017cde zawiesie spe\u0142nia te kryteria, pomagamy naszym klientom podejmowa\u0107 \u015bwiadome decyzje, stawiaj\u0105c na pierwszym miejscu bezpiecze\u0144stwo i niezawodno\u015b\u0107 ich operacji podnoszenia.<\/p>\n<h3><strong>Wszechstronne zastosowania i korzy\u015bci dla przemys\u0142u<\/strong><\/h3>\n<p>Wszechstronno\u015b\u0107 3-tonowego zawiesia pasowego sprawia, \u017ce jest to idealny wyb\u00f3r dla szerokiej gamy zastosowa\u0144 w r\u00f3\u017cnych bran\u017cach. Na przyk\u0142ad w budownictwie zawiesie to mo\u017ce by\u0107 u\u017cywane do podnoszenia i przenoszenia ci\u0119\u017ckich materia\u0142\u00f3w, takich jak belki stalowe, bloki betonowe i maszyny. Lekki charakter zawiesi pasowych sprawia, \u017ce s\u0105 one \u0142atwiejsze w obs\u0142udze ni\u017c tradycyjne metalowe \u0142a\u0144cuchy, minimalizuj\u0105c zm\u0119czenie operatora i zwi\u0119kszaj\u0105c og\u00f3lne bezpiecze\u0144stwo.<\/p>\n<p>W logistyce i magazynowaniu 3-tonowe zawiesie pasowe okazuje si\u0119 nieocenione w transporcie towar\u00f3w i materia\u0142\u00f3w. Jego zdolno\u015b\u0107 do bezpiecznego podnoszenia ci\u0119\u017ckich \u0142adunk\u00f3w zapewnia p\u0142ynne i wydajne dzia\u0142anie. Elastyczno\u015b\u0107 zawiesia pozwala na stosowanie go w ciasnych przestrzeniach, w kt\u00f3rych inne urz\u0105dzenia podnosz\u0105ce mog\u0105 mie\u0107 trudno\u015bci. Dodatkowo, nieuszkadzaj\u0105ca natura ta\u015bmy oznacza, \u017ce mo\u017ce ona bezpiecznie podnosi\u0107 delikatne lub gotowe towary bez ryzyka zadrapa\u0144 lub wgniece\u0144.<\/p>\n<p>Kolejn\u0105 istotn\u0105 zalet\u0105 3-tonowego zawiesia pasowego jest \u0142atwo\u015b\u0107 konserwacji. W przeciwie\u0144stwie do \u0142a\u0144cuch\u00f3w lub innych metalowych urz\u0105dze\u0144 podnosz\u0105cych, zawiesia pasowe wymagaj\u0105 minimalnej konserwacji. Regularne kontrole i w\u0142a\u015bciwe przechowywanie mog\u0105 znacznie wyd\u0142u\u017cy\u0107 ich \u017cywotno\u015b\u0107, czyni\u0105c je op\u0142acaln\u0105 opcj\u0105 dla firm koncentruj\u0105cych si\u0119 na wydajno\u015bci operacyjnej.<\/p>\n<p>Qingdao H&amp;F zdaje sobie spraw\u0119 z ewoluuj\u0105cych potrzeb r\u00f3\u017cnych bran\u017c, a nasze 3-tonowe zawiesie pasowe zosta\u0142o zaprojektowane tak, aby sprosta\u0107 tym wymaganiom. Niezale\u017cnie od tego, czy chodzi o budownictwo, logistyk\u0119 czy produkcj\u0119, zawiesie to zapewnia niezawodno\u015b\u0107 i wydajno\u015b\u0107, kt\u00f3rych firmy potrzebuj\u0105, aby odnie\u015b\u0107 sukces. Zdolno\u015b\u0107 do bezpiecznego i wydajnego podnoszenia znacznych \u0142adunk\u00f3w mo\u017ce znacznie zwi\u0119kszy\u0107 produktywno\u015b\u0107, pozwalaj\u0105c operatorom skupi\u0107 si\u0119 na ich podstawowych zadaniach bez obawy o awari\u0119 sprz\u0119tu.<\/p>\n<h3><strong>Qingdao H&amp;F: Tw\u00f3j partner w zakresie jako\u015bci i us\u0142ug<\/strong><\/h3>\n<p>W Qingdao H&amp;F nasze zaanga\u017cowanie w jako\u015b\u0107 i satysfakcj\u0119 klienta wyr\u00f3\u017cnia nas na konkurencyjnym rynku rozwi\u0105za\u0144 d\u017awigowych. 3-tonowe zawiesie ta\u015bmowe reprezentuje nasze zaanga\u017cowanie w dostarczanie klientom produkt\u00f3w, kt\u00f3re s\u0105 nie tylko trwa\u0142e i niezawodne, ale tak\u017ce wspierane przez wyj\u0105tkow\u0105 obs\u0142ug\u0119. Dzi\u0119ki naszemu indywidualnemu wsparciu prowadzimy klient\u00f3w przez proces selekcji, zapewniaj\u0105c, \u017ce wybior\u0105 odpowiednie zawiesie do swoich konkretnych potrzeb.<\/p>\n<p>Nasza koncentracja na szybkich cyklach dostaw oznacza, \u017ce klienci mog\u0105 na nas polega\u0107, je\u015bli chodzi o terminowy dost\u0119p do ich urz\u0105dze\u0144 d\u017awigowych. Rozumiemy, jak wa\u017cne jest posiadanie odpowiednich narz\u0119dzi we w\u0142a\u015bciwym czasie, a nasz zesp\u00f3\u0142 logistyczny pilnie pracuje, aby spe\u0142ni\u0107 i przekroczy\u0107 te oczekiwania. Ponadto nasze kompleksowe raporty z kontroli jako\u015bci zapewniaj\u0105 przejrzysto\u015b\u0107, kt\u00f3rej klienci potrzebuj\u0105, aby czu\u0107 si\u0119 pewnie przy zakupie, wzmacniaj\u0105c nasze zaanga\u017cowanie w bezpiecze\u0144stwo i wydajno\u015b\u0107.<\/p>\n<p>Wyb\u00f3r 3-tonowego zawiesia pasowego od Qingdao H&amp;F oznacza inwestycj\u0119 w wysokiej jako\u015bci rozwi\u0105zanie do podnoszenia wspierane przez firm\u0119, kt\u00f3ra ceni swoich klient\u00f3w i priorytetowo traktuje ich potrzeby. Zapewniaj\u0105c niezawodne produkty i wyj\u0105tkow\u0105 obs\u0142ug\u0119, d\u0105\u017cymy do wspierania d\u0142ugoterminowych partnerstw opartych na zaufaniu i niezawodno\u015bci. Nasi klienci mog\u0105 by\u0107 pewni, \u017ce wybieraj\u0105c nasze zawiesia pasowe, wyposa\u017caj\u0105 si\u0119 w najlepsze narz\u0119dzia dost\u0119pne na rynku, zwi\u0119kszaj\u0105ce ich efektywno\u015b\u0107 operacyjn\u0105 i standardy bezpiecze\u0144stwa.<\/p>","protected":false},"excerpt":{"rendered":"<p>3-tonowe zawiesie pasowe oferowane przez Qingdao H&amp;F jest niezb\u0119dnym narz\u0119dziem do bezpiecznego i skutecznego podnoszenia w r\u00f3\u017cnych zastosowaniach przemys\u0142owych. Kupuj\u0105cy cz\u0119sto szukaj\u0105 pewno\u015bci co do bezpiecze\u0144stwa \u0142adunku, trwa\u0142o\u015bci i \u0142atwo\u015bci u\u017cytkowania sprz\u0119tu do podnoszenia. To zawiesie spe\u0142nia te potrzeby, szczyc\u0105c si\u0119 mocn\u0105 konstrukcj\u0105 zaprojektowan\u0105 do niezawodnego przenoszenia ci\u0119\u017cszych \u0142adunk\u00f3w. Jako firma handlowa jeste\u015bmy dumni z dostarczania wyj\u0105tkowej warto\u015bci poprzez indywidualn\u0105 obs\u0142ug\u0119 klienta, szybkie cykle dostaw i kompleksowe raporty z kontroli jako\u015bci, zapewniaj\u0105c, \u017ce ka\u017cdy produkt spe\u0142nia najwy\u017csze standardy bezpiecze\u0144stwa i wydajno\u015bci.<\/p>","protected":false},"featured_media":8197,"comment_status":"open","ping_status":"closed","template":"","meta":{"site-sidebar-layout":"default","site-content-layout":"","ast-site-content-layout":"default","site-content-style":"default","site-sidebar-style":"default","ast-global-header-display":"","ast-banner-title-visibility":"","ast-main-header-display":"","ast-hfb-above-header-display":"","ast-hfb-below-header-display":"","ast-hfb-mobile-header-display":"","site-post-title":"","ast-breadcrumbs-content":"","ast-featured-img":"","footer-sml-layout":"","theme-transparent-header-meta":"default","adv-header-id-meta":"","stick-header-meta":"default","header-above-stick-meta":"","header-main-stick-meta":"","header-below-stick-meta":"","astra-migrate-meta-layouts":"set","ast-page-background-enabled":"default","ast-page-background-meta":{"desktop":{"background-color":"","background-image":"","background-repeat":"repeat","background-position":"center center","background-size":"auto","background-attachment":"scroll","background-type":"","background-media":"","overlay-type":"","overlay-color":"","overlay-opacity":"","overlay-gradient":""},"tablet":{"background-color":"","background-image":"","background-repeat":"repeat","background-position":"center center","background-size":"auto","background-attachment":"scroll","background-type":"","background-media":"","overlay-type":"","overlay-color":"","overlay-opacity":"","overlay-gradient":""},"mobile":{"background-color":"","background-image":"","background-repeat":"repeat","background-position":"center center","background-size":"auto","background-attachment":"scroll","background-type":"","background-media":"","overlay-type":"","overlay-color":"","overlay-opacity":"","overlay-gradient":""}},"ast-content-background-meta":{"desktop":{"background-color":"var(--ast-global-color-5)","background-image":"","background-repeat":"repeat","background-position":"center center","background-size":"auto","background-attachment":"scroll","background-type":"","background-media":"","overlay-type":"","overlay-color":"","overlay-opacity":"","overlay-gradient":""},"tablet":{"background-color":"var(--ast-global-color-5)","background-image":"","background-repeat":"repeat","background-position":"center center","background-size":"auto","background-attachment":"scroll","background-type":"","background-media":"","overlay-type":"","overlay-color":"","overlay-opacity":"","overlay-gradient":""},"mobile":{"background-color":"var(--ast-global-color-5)","background-image":"","background-repeat":"repeat","background-position":"center center","background-size":"auto","background-attachment":"scroll","background-type":"","background-media":"","overlay-type":"","overlay-color":"","overlay-opacity":"","overlay-gradient":""}}},"product_brand":[],"product_cat":[39],"product_tag":[],"class_list":{"0":"post-8280","1":"product","2":"type-product","3":"status-publish","4":"has-post-thumbnail","6":"product_cat-webbing-sling","7":"desktop-align-left","8":"tablet-align-left","9":"mobile-align-left","10":"ast-product-gallery-layout-horizontal-slider","11":"ast-product-gallery-with-no-image","12":"ast-product-tabs-layout-horizontal","14":"first","15":"instock","16":"shipping-taxable","17":"purchasable","18":"product-type-simple"},"yoast_head":"<!-- This site is optimized with the Yoast SEO plugin v25.2 - https:\/\/yoast.com\/wordpress\/plugins\/seo\/ -->\n<title>Flat Webbing Sling 3 Ton Polyester Double Duplex<\/title>\n<meta name=\"robots\" content=\"index, follow, max-snippet:-1, max-image-preview:large, max-video-preview:-1\" \/>\n<link rel=\"canonical\" href=\"https:\/\/qingdaohf.com\/pl\/produkt\/zawiesie-pasowe-3-tony\/\" \/>\n<meta property=\"og:locale\" content=\"pl_PL\" \/>\n<meta property=\"og:type\" content=\"article\" \/>\n<meta property=\"og:title\" content=\"Flat Webbing Sling 3 Ton Polyester Double Duplex\" \/>\n<meta property=\"og:description\" content=\"The 3-ton webbing sling offered by Qingdao H&amp;F is an essential tool for safe and effective lifting in a variety of industrial applications. Buyers often seek assurance regarding load security, durability, and the ease of use of lifting equipment. This sling meets those needs, boasting a strong construction designed for handling heavier loads with reliability. As a trading company, we pride ourselves on delivering exceptional value through one-on-one customer service, rapid delivery cycles, and comprehensive quality inspection reports, ensuring that each product is up to the highest standards of safety and performance.\" \/>\n<meta property=\"og:url\" content=\"https:\/\/qingdaohf.com\/pl\/produkt\/zawiesie-pasowe-3-tony\/\" \/>\n<meta property=\"og:site_name\" content=\"Concrete Form &amp; Rigging Hardware Supplier\" \/>\n<meta property=\"article:publisher\" content=\"https:\/\/www.facebook.com\/qingdaohf\" \/>\n<meta property=\"article:modified_time\" content=\"2025-11-13T01:02:53+00:00\" \/>\n<meta property=\"og:image\" content=\"https:\/\/qingdaohf.com\/wp-content\/uploads\/2024\/10\/3-ton-webbing-sling_1.webp\" \/>\n\t<meta property=\"og:image:width\" content=\"1000\" \/>\n\t<meta property=\"og:image:height\" content=\"1000\" \/>\n\t<meta property=\"og:image:type\" content=\"image\/webp\" \/>\n<meta name=\"twitter:card\" content=\"summary_large_image\" \/>\n<meta name=\"twitter:label1\" content=\"Szacowany czas czytania\" \/>\n\t<meta name=\"twitter:data1\" content=\"5 minut\" \/>\n<script type=\"application\/ld+json\" class=\"yoast-schema-graph\">{\"@context\":\"https:\/\/schema.org\",\"@graph\":[{\"@type\":\"WebPage\",\"@id\":\"https:\/\/qingdaohf.com\/product\/webbing-sling-3-ton\/\",\"url\":\"https:\/\/qingdaohf.com\/product\/webbing-sling-3-ton\/\",\"name\":\"Flat Webbing Sling 3 Ton Polyester Double Duplex\",\"isPartOf\":{\"@id\":\"https:\/\/qingdaohf.com\/bg\/#website\"},\"primaryImageOfPage\":{\"@id\":\"https:\/\/qingdaohf.com\/product\/webbing-sling-3-ton\/#primaryimage\"},\"image\":{\"@id\":\"https:\/\/qingdaohf.com\/product\/webbing-sling-3-ton\/#primaryimage\"},\"thumbnailUrl\":\"https:\/\/qingdaohf.com\/wp-content\/uploads\/2024\/10\/3-ton-webbing-sling_1.webp\",\"datePublished\":\"2024-11-05T08:43:34+00:00\",\"dateModified\":\"2025-11-13T01:02:53+00:00\",\"breadcrumb\":{\"@id\":\"https:\/\/qingdaohf.com\/product\/webbing-sling-3-ton\/#breadcrumb\"},\"inLanguage\":\"pl-PL\",\"potentialAction\":[{\"@type\":\"ReadAction\",\"target\":[\"https:\/\/qingdaohf.com\/product\/webbing-sling-3-ton\/\"]}]},{\"@type\":\"ImageObject\",\"inLanguage\":\"pl-PL\",\"@id\":\"https:\/\/qingdaohf.com\/product\/webbing-sling-3-ton\/#primaryimage\",\"url\":\"https:\/\/qingdaohf.com\/wp-content\/uploads\/2024\/10\/3-ton-webbing-sling_1.webp\",\"contentUrl\":\"https:\/\/qingdaohf.com\/wp-content\/uploads\/2024\/10\/3-ton-webbing-sling_1.webp\",\"width\":1000,\"height\":1000,\"caption\":\"3 ton webbing sling_1\"},{\"@type\":\"BreadcrumbList\",\"@id\":\"https:\/\/qingdaohf.com\/product\/webbing-sling-3-ton\/#breadcrumb\",\"itemListElement\":[{\"@type\":\"ListItem\",\"position\":1,\"name\":\"Home\",\"item\":\"https:\/\/qingdaohf.com\/\"},{\"@type\":\"ListItem\",\"position\":2,\"name\":\"Concrete Forming Accessories and Rigging Hardware\",\"item\":\"https:\/\/qingdaohf.com\/bg\/?page_id=944\"},{\"@type\":\"ListItem\",\"position\":3,\"name\":\"Flat Webbing Sling 3 Ton Polyester Double Duplex\"}]},{\"@type\":\"WebSite\",\"@id\":\"https:\/\/qingdaohf.com\/bg\/#website\",\"url\":\"https:\/\/qingdaohf.com\/bg\/\",\"name\":\"Concrete Form & Rigging Hardware Supplier\",\"description\":\"\",\"publisher\":{\"@id\":\"https:\/\/qingdaohf.com\/bg\/#organization\"},\"potentialAction\":[{\"@type\":\"SearchAction\",\"target\":{\"@type\":\"EntryPoint\",\"urlTemplate\":\"https:\/\/qingdaohf.com\/bg\/?s={search_term_string}\"},\"query-input\":{\"@type\":\"PropertyValueSpecification\",\"valueRequired\":true,\"valueName\":\"search_term_string\"}}],\"inLanguage\":\"pl-PL\"},{\"@type\":\"Organization\",\"@id\":\"https:\/\/qingdaohf.com\/bg\/#organization\",\"name\":\"Qingdao H&F\",\"url\":\"https:\/\/qingdaohf.com\/bg\/\",\"logo\":{\"@type\":\"ImageObject\",\"inLanguage\":\"pl-PL\",\"@id\":\"https:\/\/qingdaohf.com\/bg\/#\/schema\/logo\/image\/\",\"url\":\"https:\/\/qingdaohf.com\/wp-content\/uploads\/2022\/12\/cropped-HF-LOGO.png\",\"contentUrl\":\"https:\/\/qingdaohf.com\/wp-content\/uploads\/2022\/12\/cropped-HF-LOGO.png\",\"width\":391,\"height\":249,\"caption\":\"Qingdao H&F\"},\"image\":{\"@id\":\"https:\/\/qingdaohf.com\/bg\/#\/schema\/logo\/image\/\"},\"sameAs\":[\"https:\/\/www.facebook.com\/qingdaohf\"]}]}<\/script>\n<!-- \/ Yoast SEO plugin. -->","yoast_head_json":{"title":"Flat Webbing Sling 3 Ton Polyester Double Duplex","robots":{"index":"index","follow":"follow","max-snippet":"max-snippet:-1","max-image-preview":"max-image-preview:large","max-video-preview":"max-video-preview:-1"},"canonical":"https:\/\/qingdaohf.com\/pl\/produkt\/zawiesie-pasowe-3-tony\/","og_locale":"pl_PL","og_type":"article","og_title":"Flat Webbing Sling 3 Ton Polyester Double Duplex","og_description":"The 3-ton webbing sling offered by Qingdao H&amp;F is an essential tool for safe and effective lifting in a variety of industrial applications. Buyers often seek assurance regarding load security, durability, and the ease of use of lifting equipment. This sling meets those needs, boasting a strong construction designed for handling heavier loads with reliability. As a trading company, we pride ourselves on delivering exceptional value through one-on-one customer service, rapid delivery cycles, and comprehensive quality inspection reports, ensuring that each product is up to the highest standards of safety and performance.","og_url":"https:\/\/qingdaohf.com\/pl\/produkt\/zawiesie-pasowe-3-tony\/","og_site_name":"Concrete Form &amp; Rigging Hardware Supplier","article_publisher":"https:\/\/www.facebook.com\/qingdaohf","article_modified_time":"2025-11-13T01:02:53+00:00","og_image":[{"width":1000,"height":1000,"url":"https:\/\/qingdaohf.com\/wp-content\/uploads\/2024\/10\/3-ton-webbing-sling_1.webp","type":"image\/webp"}],"twitter_card":"summary_large_image","twitter_misc":{"Szacowany czas czytania":"5 minut"},"schema":{"@context":"https:\/\/schema.org","@graph":[{"@type":"WebPage","@id":"https:\/\/qingdaohf.com\/product\/webbing-sling-3-ton\/","url":"https:\/\/qingdaohf.com\/product\/webbing-sling-3-ton\/","name":"Flat Webbing Sling 3 Ton Polyester Double Duplex","isPartOf":{"@id":"https:\/\/qingdaohf.com\/bg\/#website"},"primaryImageOfPage":{"@id":"https:\/\/qingdaohf.com\/product\/webbing-sling-3-ton\/#primaryimage"},"image":{"@id":"https:\/\/qingdaohf.com\/product\/webbing-sling-3-ton\/#primaryimage"},"thumbnailUrl":"https:\/\/qingdaohf.com\/wp-content\/uploads\/2024\/10\/3-ton-webbing-sling_1.webp","datePublished":"2024-11-05T08:43:34+00:00","dateModified":"2025-11-13T01:02:53+00:00","breadcrumb":{"@id":"https:\/\/qingdaohf.com\/product\/webbing-sling-3-ton\/#breadcrumb"},"inLanguage":"pl-PL","potentialAction":[{"@type":"ReadAction","target":["https:\/\/qingdaohf.com\/product\/webbing-sling-3-ton\/"]}]},{"@type":"ImageObject","inLanguage":"pl-PL","@id":"https:\/\/qingdaohf.com\/product\/webbing-sling-3-ton\/#primaryimage","url":"https:\/\/qingdaohf.com\/wp-content\/uploads\/2024\/10\/3-ton-webbing-sling_1.webp","contentUrl":"https:\/\/qingdaohf.com\/wp-content\/uploads\/2024\/10\/3-ton-webbing-sling_1.webp","width":1000,"height":1000,"caption":"3 ton webbing sling_1"},{"@type":"BreadcrumbList","@id":"https:\/\/qingdaohf.com\/product\/webbing-sling-3-ton\/#breadcrumb","itemListElement":[{"@type":"ListItem","position":1,"name":"Home","item":"https:\/\/qingdaohf.com\/"},{"@type":"ListItem","position":2,"name":"Concrete Forming Accessories and Rigging Hardware","item":"https:\/\/qingdaohf.com\/bg\/?page_id=944"},{"@type":"ListItem","position":3,"name":"Flat Webbing Sling 3 Ton Polyester Double Duplex"}]},{"@type":"WebSite","@id":"https:\/\/qingdaohf.com\/bg\/#website","url":"https:\/\/qingdaohf.com\/bg\/","name":"Concrete Form & Rigging Hardware Supplier","description":"","publisher":{"@id":"https:\/\/qingdaohf.com\/bg\/#organization"},"potentialAction":[{"@type":"SearchAction","target":{"@type":"EntryPoint","urlTemplate":"https:\/\/qingdaohf.com\/bg\/?s={search_term_string}"},"query-input":{"@type":"PropertyValueSpecification","valueRequired":true,"valueName":"search_term_string"}}],"inLanguage":"pl-PL"},{"@type":"Organization","@id":"https:\/\/qingdaohf.com\/bg\/#organization","name":"Qingdao H&F","url":"https:\/\/qingdaohf.com\/bg\/","logo":{"@type":"ImageObject","inLanguage":"pl-PL","@id":"https:\/\/qingdaohf.com\/bg\/#\/schema\/logo\/image\/","url":"https:\/\/qingdaohf.com\/wp-content\/uploads\/2022\/12\/cropped-HF-LOGO.png","contentUrl":"https:\/\/qingdaohf.com\/wp-content\/uploads\/2022\/12\/cropped-HF-LOGO.png","width":391,"height":249,"caption":"Qingdao H&F"},"image":{"@id":"https:\/\/qingdaohf.com\/bg\/#\/schema\/logo\/image\/"},"sameAs":["https:\/\/www.facebook.com\/qingdaohf"]}]}},"_links":{"self":[{"href":"https:\/\/qingdaohf.com\/pl\/wp-json\/wp\/v2\/product\/8280","targetHints":{"allow":["GET"]}}],"collection":[{"href":"https:\/\/qingdaohf.com\/pl\/wp-json\/wp\/v2\/product"}],"about":[{"href":"https:\/\/qingdaohf.com\/pl\/wp-json\/wp\/v2\/types\/product"}],"replies":[{"embeddable":true,"href":"https:\/\/qingdaohf.com\/pl\/wp-json\/wp\/v2\/comments?post=8280"}],"version-history":[{"count":2,"href":"https:\/\/qingdaohf.com\/pl\/wp-json\/wp\/v2\/product\/8280\/revisions"}],"predecessor-version":[{"id":8338,"href":"https:\/\/qingdaohf.com\/pl\/wp-json\/wp\/v2\/product\/8280\/revisions\/8338"}],"wp:featuredmedia":[{"embeddable":true,"href":"https:\/\/qingdaohf.com\/pl\/wp-json\/wp\/v2\/media\/8197"}],"wp:attachment":[{"href":"https:\/\/qingdaohf.com\/pl\/wp-json\/wp\/v2\/media?parent=8280"}],"wp:term":[{"taxonomy":"product_brand","embeddable":true,"href":"https:\/\/qingdaohf.com\/pl\/wp-json\/wp\/v2\/product_brand?post=8280"},{"taxonomy":"product_cat","embeddable":true,"href":"https:\/\/qingdaohf.com\/pl\/wp-json\/wp\/v2\/product_cat?post=8280"},{"taxonomy":"product_tag","embeddable":true,"href":"https:\/\/qingdaohf.com\/pl\/wp-json\/wp\/v2\/product_tag?post=8280"}],"curies":[{"name":"wp","href":"https:\/\/api.w.org\/{rel}","templated":true}]}}