{"id":8283,"date":"2024-11-05T17:52:39","date_gmt":"2024-11-05T09:52:39","guid":{"rendered":"http:\/\/qingdaohf.com\/?post_type=product&#038;p=8283"},"modified":"2025-11-13T09:02:53","modified_gmt":"2025-11-13T01:02:53","slug":"webbing-sling-4-ton","status":"publish","type":"product","link":"https:\/\/qingdaohf.com\/pl\/produkt\/zawiesie-pasowe-4-tony\/","title":{"rendered":"P\u0142aska ta\u015bma zawiesia 4 tony poliester Double Duplex"},"content":{"rendered":"<h4>Najwy\u017csza wydajno\u015b\u0107 i kluczowe cechy 4-Ton Webbing Sling<\/h4>\n<p>Je\u015bli chodzi o ci\u0119\u017cki sprz\u0119t do podnoszenia, niezawodno\u015b\u0107, bezpiecze\u0144stwo i trwa\u0142o\u015b\u0107 wyr\u00f3\u017cniaj\u0105 si\u0119 jako podstawowe czynniki dla nabywc\u00f3w przemys\u0142owych. 4-tonowe zawiesie pasowe Qingdao H&amp;F zosta\u0142o stworzone z my\u015bl\u0105 o bran\u017cach wymagaj\u0105cych bezpiecznych i niezawodnych rozwi\u0105za\u0144 do zarz\u0105dzania ci\u0119\u017ckimi \u0142adunkami. Zawiesie jest wykonane z w\u0142\u00f3kien poliestrowych o wysokiej wytrzyma\u0142o\u015bci, kt\u00f3re s\u0105 odporne na \u015bcieranie i degradacj\u0119 UV, oferuj\u0105c zar\u00f3wno d\u0142ugowieczno\u015b\u0107, jak i odporno\u015b\u0107. Zdolne do podnoszenia \u0142adunk\u00f3w o masie do 4 ton, zawiesie pasowe jest idealne do r\u00f3\u017cnych zastosowa\u0144, od plac\u00f3w budowy i magazynowania po logistyk\u0119 i transport.<\/p>\n<p>Jako\u015b\u0107 jest podstaw\u0105 oferty Qingdao H&amp;F. Ka\u017cde 4-tonowe zawiesie przechodzi rygorystyczne testy, a raporty z kontroli jako\u015bci s\u0105 dost\u0119pne w celu zweryfikowania jego zgodno\u015bci z mi\u0119dzynarodowymi standardami. Kupuj\u0105cy mog\u0105 by\u0107 spokojni, wiedz\u0105c, \u017ce ka\u017cdy produkt zosta\u0142 dok\u0142adnie sprawdzony, minimalizuj\u0105c ryzyko zu\u017cycia lub awarii pod obci\u0105\u017ceniem. Zastosowanie wytrzyma\u0142ych materia\u0142\u00f3w i precyzyjnych technik produkcji zapewnia, \u017ce ta ta\u015bma zawiesia zachowuje swoj\u0105 wytrzyma\u0142o\u015b\u0107 i funkcjonalno\u015b\u0107 nawet w trudnych warunkach. Zaanga\u017cowanie Qingdao H&amp;F w zapewnianie dostaw z magazynu do magazynu usprawnia r\u00f3wnie\u017c proces zakupu, zapewniaj\u0105c szybki dost\u0119p do niezb\u0119dnego sprz\u0119tu bez op\u00f3\u017anie\u0144.<\/p>\n<h4>Dostosowane do potrzeb bran\u017cy: Bezpiecze\u0144stwo, wydajno\u015b\u0107 i niezawodno\u015b\u0107<\/h4>\n<p>Bezpiecze\u0144stwo jest najwa\u017cniejsze w podnoszeniu przemys\u0142owym. 4-tonowe zawiesie pasowe Qingdao H&amp;F zosta\u0142o zaprojektowane tak, aby spe\u0142nia\u0107 i przewy\u017csza\u0107 standardy bezpiecze\u0144stwa, zapewniaj\u0105c operatorom mo\u017cliwo\u015b\u0107 bezpiecznego przenoszenia ci\u0119\u017ckich \u0142adunk\u00f3w. Szeroka powierzchnia zawiesia zmniejsza punkty nacisku na \u0142adunek, r\u00f3wnomiernie rozk\u0142adaj\u0105c ci\u0119\u017car, aby zapobiec uszkodzeniom. W zastosowaniach, w kt\u00f3rych integralno\u015b\u0107 \u0142adunku ma kluczowe znaczenie, ta cecha konstrukcyjna jest nieoceniona, minimalizuj\u0105c ryzyko po\u015blizgni\u0119cia si\u0119 lub nag\u0142ego przesuni\u0119cia \u0142adunku podczas przenoszenia. Ta dba\u0142o\u015b\u0107 o szczeg\u00f3\u0142y w projektowaniu i konstrukcji podkre\u015bla zaanga\u017cowanie Qingdao H&amp;F w spe\u0142nianie wymaga\u0144 bran\u017cy w zakresie bezpiecznego i wydajnego zarz\u0105dzania \u0142adunkiem.<\/p>\n<p>Jednym z godnych uwagi aspekt\u00f3w oferty Qingdao H&amp;F jest indywidualna obs\u0142uga klienta. To spersonalizowane podej\u015bcie umo\u017cliwia kupuj\u0105cym om\u00f3wienie ich konkretnych potrzeb i uzyskanie dostosowanych zalece\u0144, co u\u0142atwia wyb\u00f3r najlepszego zawiesia ta\u015bmowego do konkretnych zastosowa\u0144. Dzi\u0119ki szybkiemu cyklowi dostaw i responsywnemu zespo\u0142owi obs\u0142ugi klienta, Qingdao H&amp;F zapewnia klientom terminowe wsparcie i dok\u0142adne wskaz\u00f3wki dotycz\u0105ce produkt\u00f3w, co dodatkowo skraca przestoje i zwi\u0119ksza wydajno\u015b\u0107 operacyjn\u0105.<\/p>\n<h4>Podej\u015bcie Qingdao H&amp;F zorientowane na klienta: Zapewnienie jako\u015bci i terminowo\u015bci<\/h4>\n<p>Reputacja Qingdao H&amp;F w zakresie niezawodno\u015bci wykracza poza jako\u015b\u0107 produkt\u00f3w i obejmuje ca\u0142\u0105 obs\u0142ug\u0119 klienta. Jako firma handlowa B2B z dwudziestoletnim do\u015bwiadczeniem, Qingdao H&amp;F rozumie kluczowe znaczenie terminowych dostaw i zapewnienia jako\u015bci. Ka\u017cde 4-tonowe zawiesie ta\u015bmowe jest dost\u0119pne z kompleksowymi raportami z kontroli jako\u015bci, zapewniaj\u0105c przejrzysto\u015b\u0107 i pewno\u015b\u0107 kupuj\u0105cym. Raporty te potwierdzaj\u0105, \u017ce produkt zosta\u0142 poddany rygorystycznym testom, potwierdzaj\u0105cym jego wydajno\u015b\u0107, trwa\u0142o\u015b\u0107 i zgodno\u015b\u0107 z przepisami bezpiecze\u0144stwa.<\/p>\n<p>Opr\u00f3cz jako\u015bci produkt\u00f3w, Qingdao H&amp;F k\u0142adzie nacisk na zapewnienie optymalnego do\u015bwiadczenia zakupowego. Usprawniona logistyka firmy i us\u0142ugi od magazynu do magazynu zapewniaj\u0105, \u017ce kupuj\u0105cy mog\u0105 otrzymywa\u0107 zam\u00f3wienia przy minimalnym czasie oczekiwania, co jest istotn\u0105 cech\u0105 dla firm dzia\u0142aj\u0105cych w napi\u0119tych harmonogramach. Co wi\u0119cej, dedykowana obs\u0142uga klienta oferowana przez Qingdao H&amp;F stanowi znacz\u0105c\u0105 warto\u015b\u0107 dodan\u0105, pomagaj\u0105c klientom w nawigacji po wyborze produkt\u00f3w i uzyskaniu wgl\u0105du dostosowanego do ich wymaga\u0144 w zakresie podnoszenia.<\/p>","protected":false},"excerpt":{"rendered":"<p>4 Ton Webbing Sling zosta\u0142 zaprojektowany, aby spe\u0142ni\u0107 kluczowe wymagania nabywc\u00f3w przemys\u0142owych, \u0142\u0105cz\u0105c wytrzyma\u0142o\u015b\u0107 i niezawodno\u015b\u0107 w ci\u0119\u017ckich operacjach podnoszenia. Zawiesie ta\u015bmowe zapewnia bezpieczne i wydajne podnoszenie \u0142adunk\u00f3w o masie do 4 ton, odpowiadaj\u0105c na obawy kupuj\u0105cych, takie jak trwa\u0142o\u015b\u0107, jako\u015b\u0107 materia\u0142u i zgodno\u015b\u0107 z normami bezpiecze\u0144stwa. Jako zaufany partner handlowy z 20-letnim do\u015bwiadczeniem, Qingdao H&amp;F zapewnia indywidualn\u0105 obs\u0142ug\u0119 klienta, szybki cykl dostaw i kompleksowe raporty z kontroli jako\u015bci w celu zapewnienia integralno\u015bci produktu. To zorientowane na us\u0142ugi podej\u015bcie stanowi warto\u015b\u0107 dodan\u0105 poprzez wspieranie zaufania i niezawodno\u015bci przy ka\u017cdym zakupie.<\/p>","protected":false},"featured_media":8195,"comment_status":"open","ping_status":"closed","template":"","meta":{"site-sidebar-layout":"default","site-content-layout":"","ast-site-content-layout":"default","site-content-style":"default","site-sidebar-style":"default","ast-global-header-display":"","ast-banner-title-visibility":"","ast-main-header-display":"","ast-hfb-above-header-display":"","ast-hfb-below-header-display":"","ast-hfb-mobile-header-display":"","site-post-title":"","ast-breadcrumbs-content":"","ast-featured-img":"","footer-sml-layout":"","theme-transparent-header-meta":"default","adv-header-id-meta":"","stick-header-meta":"default","header-above-stick-meta":"","header-main-stick-meta":"","header-below-stick-meta":"","astra-migrate-meta-layouts":"set","ast-page-background-enabled":"default","ast-page-background-meta":{"desktop":{"background-color":"","background-image":"","background-repeat":"repeat","background-position":"center center","background-size":"auto","background-attachment":"scroll","background-type":"","background-media":"","overlay-type":"","overlay-color":"","overlay-opacity":"","overlay-gradient":""},"tablet":{"background-color":"","background-image":"","background-repeat":"repeat","background-position":"center center","background-size":"auto","background-attachment":"scroll","background-type":"","background-media":"","overlay-type":"","overlay-color":"","overlay-opacity":"","overlay-gradient":""},"mobile":{"background-color":"","background-image":"","background-repeat":"repeat","background-position":"center center","background-size":"auto","background-attachment":"scroll","background-type":"","background-media":"","overlay-type":"","overlay-color":"","overlay-opacity":"","overlay-gradient":""}},"ast-content-background-meta":{"desktop":{"background-color":"var(--ast-global-color-5)","background-image":"","background-repeat":"repeat","background-position":"center center","background-size":"auto","background-attachment":"scroll","background-type":"","background-media":"","overlay-type":"","overlay-color":"","overlay-opacity":"","overlay-gradient":""},"tablet":{"background-color":"var(--ast-global-color-5)","background-image":"","background-repeat":"repeat","background-position":"center center","background-size":"auto","background-attachment":"scroll","background-type":"","background-media":"","overlay-type":"","overlay-color":"","overlay-opacity":"","overlay-gradient":""},"mobile":{"background-color":"var(--ast-global-color-5)","background-image":"","background-repeat":"repeat","background-position":"center center","background-size":"auto","background-attachment":"scroll","background-type":"","background-media":"","overlay-type":"","overlay-color":"","overlay-opacity":"","overlay-gradient":""}}},"product_brand":[],"product_cat":[39],"product_tag":[],"class_list":{"0":"post-8283","1":"product","2":"type-product","3":"status-publish","4":"has-post-thumbnail","6":"product_cat-webbing-sling","7":"desktop-align-left","8":"tablet-align-left","9":"mobile-align-left","10":"ast-product-gallery-layout-horizontal-slider","11":"ast-product-gallery-with-no-image","12":"ast-product-tabs-layout-horizontal","14":"first","15":"instock","16":"shipping-taxable","17":"purchasable","18":"product-type-simple"},"yoast_head":"<!-- This site is optimized with the Yoast SEO plugin v25.2 - https:\/\/yoast.com\/wordpress\/plugins\/seo\/ -->\n<title>Flat Webbing Sling 4 Ton Polyester Double Duplex<\/title>\n<meta name=\"robots\" content=\"index, follow, max-snippet:-1, max-image-preview:large, max-video-preview:-1\" \/>\n<link rel=\"canonical\" href=\"https:\/\/qingdaohf.com\/pl\/produkt\/zawiesie-pasowe-4-tony\/\" \/>\n<meta property=\"og:locale\" content=\"pl_PL\" \/>\n<meta property=\"og:type\" content=\"article\" \/>\n<meta property=\"og:title\" content=\"Flat Webbing Sling 4 Ton Polyester Double Duplex\" \/>\n<meta property=\"og:description\" content=\"4 Ton Webbing Sling is designed to meet the key demands of industrial buyers, combining strength and reliability for heavy-duty lifting operations. This webbing sling assures secure and efficient lifting for loads up to 4 tons, addressing buyer concerns such as durability, material quality, and compliance with safety standards. As a trusted trading partner with 20 years of experience, Qingdao H&amp;F provides one-on-one customer support, a fast delivery cycle, and comprehensive quality inspection reports to ensure product integrity. This service-oriented approach adds value by fostering confidence and reliability in every purchase.\" \/>\n<meta property=\"og:url\" content=\"https:\/\/qingdaohf.com\/pl\/produkt\/zawiesie-pasowe-4-tony\/\" \/>\n<meta property=\"og:site_name\" content=\"Concrete Form &amp; Rigging Hardware Supplier\" \/>\n<meta property=\"article:publisher\" content=\"https:\/\/www.facebook.com\/qingdaohf\" \/>\n<meta property=\"article:modified_time\" content=\"2025-11-13T01:02:53+00:00\" \/>\n<meta property=\"og:image\" content=\"https:\/\/qingdaohf.com\/wp-content\/uploads\/2024\/10\/4ton-sling_1.webp\" \/>\n\t<meta property=\"og:image:width\" content=\"1000\" \/>\n\t<meta property=\"og:image:height\" content=\"1000\" \/>\n\t<meta property=\"og:image:type\" content=\"image\/webp\" \/>\n<meta name=\"twitter:card\" content=\"summary_large_image\" \/>\n<meta name=\"twitter:label1\" content=\"Szacowany czas czytania\" \/>\n\t<meta name=\"twitter:data1\" content=\"3 minuty\" \/>\n<script type=\"application\/ld+json\" class=\"yoast-schema-graph\">{\"@context\":\"https:\/\/schema.org\",\"@graph\":[{\"@type\":\"WebPage\",\"@id\":\"https:\/\/qingdaohf.com\/product\/webbing-sling-4-ton\/\",\"url\":\"https:\/\/qingdaohf.com\/product\/webbing-sling-4-ton\/\",\"name\":\"Flat Webbing Sling 4 Ton Polyester Double Duplex\",\"isPartOf\":{\"@id\":\"https:\/\/qingdaohf.com\/bg\/#website\"},\"primaryImageOfPage\":{\"@id\":\"https:\/\/qingdaohf.com\/product\/webbing-sling-4-ton\/#primaryimage\"},\"image\":{\"@id\":\"https:\/\/qingdaohf.com\/product\/webbing-sling-4-ton\/#primaryimage\"},\"thumbnailUrl\":\"https:\/\/qingdaohf.com\/wp-content\/uploads\/2024\/10\/4ton-sling_1.webp\",\"datePublished\":\"2024-11-05T09:52:39+00:00\",\"dateModified\":\"2025-11-13T01:02:53+00:00\",\"breadcrumb\":{\"@id\":\"https:\/\/qingdaohf.com\/product\/webbing-sling-4-ton\/#breadcrumb\"},\"inLanguage\":\"pl-PL\",\"potentialAction\":[{\"@type\":\"ReadAction\",\"target\":[\"https:\/\/qingdaohf.com\/product\/webbing-sling-4-ton\/\"]}]},{\"@type\":\"ImageObject\",\"inLanguage\":\"pl-PL\",\"@id\":\"https:\/\/qingdaohf.com\/product\/webbing-sling-4-ton\/#primaryimage\",\"url\":\"https:\/\/qingdaohf.com\/wp-content\/uploads\/2024\/10\/4ton-sling_1.webp\",\"contentUrl\":\"https:\/\/qingdaohf.com\/wp-content\/uploads\/2024\/10\/4ton-sling_1.webp\",\"width\":1000,\"height\":1000,\"caption\":\"Webbing Sling 4 Ton\"},{\"@type\":\"BreadcrumbList\",\"@id\":\"https:\/\/qingdaohf.com\/product\/webbing-sling-4-ton\/#breadcrumb\",\"itemListElement\":[{\"@type\":\"ListItem\",\"position\":1,\"name\":\"Home\",\"item\":\"https:\/\/qingdaohf.com\/\"},{\"@type\":\"ListItem\",\"position\":2,\"name\":\"Concrete Forming Accessories and Rigging Hardware\",\"item\":\"https:\/\/qingdaohf.com\/bg\/?page_id=944\"},{\"@type\":\"ListItem\",\"position\":3,\"name\":\"Flat Webbing Sling 4 Ton Polyester Double Duplex\"}]},{\"@type\":\"WebSite\",\"@id\":\"https:\/\/qingdaohf.com\/bg\/#website\",\"url\":\"https:\/\/qingdaohf.com\/bg\/\",\"name\":\"Concrete Form & Rigging Hardware Supplier\",\"description\":\"\",\"publisher\":{\"@id\":\"https:\/\/qingdaohf.com\/bg\/#organization\"},\"potentialAction\":[{\"@type\":\"SearchAction\",\"target\":{\"@type\":\"EntryPoint\",\"urlTemplate\":\"https:\/\/qingdaohf.com\/bg\/?s={search_term_string}\"},\"query-input\":{\"@type\":\"PropertyValueSpecification\",\"valueRequired\":true,\"valueName\":\"search_term_string\"}}],\"inLanguage\":\"pl-PL\"},{\"@type\":\"Organization\",\"@id\":\"https:\/\/qingdaohf.com\/bg\/#organization\",\"name\":\"Qingdao H&F\",\"url\":\"https:\/\/qingdaohf.com\/bg\/\",\"logo\":{\"@type\":\"ImageObject\",\"inLanguage\":\"pl-PL\",\"@id\":\"https:\/\/qingdaohf.com\/bg\/#\/schema\/logo\/image\/\",\"url\":\"https:\/\/qingdaohf.com\/wp-content\/uploads\/2022\/12\/cropped-HF-LOGO.png\",\"contentUrl\":\"https:\/\/qingdaohf.com\/wp-content\/uploads\/2022\/12\/cropped-HF-LOGO.png\",\"width\":391,\"height\":249,\"caption\":\"Qingdao H&F\"},\"image\":{\"@id\":\"https:\/\/qingdaohf.com\/bg\/#\/schema\/logo\/image\/\"},\"sameAs\":[\"https:\/\/www.facebook.com\/qingdaohf\"]}]}<\/script>\n<!-- \/ Yoast SEO plugin. -->","yoast_head_json":{"title":"Flat Webbing Sling 4 Ton Polyester Double Duplex","robots":{"index":"index","follow":"follow","max-snippet":"max-snippet:-1","max-image-preview":"max-image-preview:large","max-video-preview":"max-video-preview:-1"},"canonical":"https:\/\/qingdaohf.com\/pl\/produkt\/zawiesie-pasowe-4-tony\/","og_locale":"pl_PL","og_type":"article","og_title":"Flat Webbing Sling 4 Ton Polyester Double Duplex","og_description":"4 Ton Webbing Sling is designed to meet the key demands of industrial buyers, combining strength and reliability for heavy-duty lifting operations. This webbing sling assures secure and efficient lifting for loads up to 4 tons, addressing buyer concerns such as durability, material quality, and compliance with safety standards. As a trusted trading partner with 20 years of experience, Qingdao H&amp;F provides one-on-one customer support, a fast delivery cycle, and comprehensive quality inspection reports to ensure product integrity. This service-oriented approach adds value by fostering confidence and reliability in every purchase.","og_url":"https:\/\/qingdaohf.com\/pl\/produkt\/zawiesie-pasowe-4-tony\/","og_site_name":"Concrete Form &amp; Rigging Hardware Supplier","article_publisher":"https:\/\/www.facebook.com\/qingdaohf","article_modified_time":"2025-11-13T01:02:53+00:00","og_image":[{"width":1000,"height":1000,"url":"https:\/\/qingdaohf.com\/wp-content\/uploads\/2024\/10\/4ton-sling_1.webp","type":"image\/webp"}],"twitter_card":"summary_large_image","twitter_misc":{"Szacowany czas czytania":"3 minuty"},"schema":{"@context":"https:\/\/schema.org","@graph":[{"@type":"WebPage","@id":"https:\/\/qingdaohf.com\/product\/webbing-sling-4-ton\/","url":"https:\/\/qingdaohf.com\/product\/webbing-sling-4-ton\/","name":"Flat Webbing Sling 4 Ton Polyester Double Duplex","isPartOf":{"@id":"https:\/\/qingdaohf.com\/bg\/#website"},"primaryImageOfPage":{"@id":"https:\/\/qingdaohf.com\/product\/webbing-sling-4-ton\/#primaryimage"},"image":{"@id":"https:\/\/qingdaohf.com\/product\/webbing-sling-4-ton\/#primaryimage"},"thumbnailUrl":"https:\/\/qingdaohf.com\/wp-content\/uploads\/2024\/10\/4ton-sling_1.webp","datePublished":"2024-11-05T09:52:39+00:00","dateModified":"2025-11-13T01:02:53+00:00","breadcrumb":{"@id":"https:\/\/qingdaohf.com\/product\/webbing-sling-4-ton\/#breadcrumb"},"inLanguage":"pl-PL","potentialAction":[{"@type":"ReadAction","target":["https:\/\/qingdaohf.com\/product\/webbing-sling-4-ton\/"]}]},{"@type":"ImageObject","inLanguage":"pl-PL","@id":"https:\/\/qingdaohf.com\/product\/webbing-sling-4-ton\/#primaryimage","url":"https:\/\/qingdaohf.com\/wp-content\/uploads\/2024\/10\/4ton-sling_1.webp","contentUrl":"https:\/\/qingdaohf.com\/wp-content\/uploads\/2024\/10\/4ton-sling_1.webp","width":1000,"height":1000,"caption":"Webbing Sling 4 Ton"},{"@type":"BreadcrumbList","@id":"https:\/\/qingdaohf.com\/product\/webbing-sling-4-ton\/#breadcrumb","itemListElement":[{"@type":"ListItem","position":1,"name":"Home","item":"https:\/\/qingdaohf.com\/"},{"@type":"ListItem","position":2,"name":"Concrete Forming Accessories and Rigging Hardware","item":"https:\/\/qingdaohf.com\/bg\/?page_id=944"},{"@type":"ListItem","position":3,"name":"Flat Webbing Sling 4 Ton Polyester Double Duplex"}]},{"@type":"WebSite","@id":"https:\/\/qingdaohf.com\/bg\/#website","url":"https:\/\/qingdaohf.com\/bg\/","name":"Concrete Form & Rigging Hardware Supplier","description":"","publisher":{"@id":"https:\/\/qingdaohf.com\/bg\/#organization"},"potentialAction":[{"@type":"SearchAction","target":{"@type":"EntryPoint","urlTemplate":"https:\/\/qingdaohf.com\/bg\/?s={search_term_string}"},"query-input":{"@type":"PropertyValueSpecification","valueRequired":true,"valueName":"search_term_string"}}],"inLanguage":"pl-PL"},{"@type":"Organization","@id":"https:\/\/qingdaohf.com\/bg\/#organization","name":"Qingdao H&F","url":"https:\/\/qingdaohf.com\/bg\/","logo":{"@type":"ImageObject","inLanguage":"pl-PL","@id":"https:\/\/qingdaohf.com\/bg\/#\/schema\/logo\/image\/","url":"https:\/\/qingdaohf.com\/wp-content\/uploads\/2022\/12\/cropped-HF-LOGO.png","contentUrl":"https:\/\/qingdaohf.com\/wp-content\/uploads\/2022\/12\/cropped-HF-LOGO.png","width":391,"height":249,"caption":"Qingdao H&F"},"image":{"@id":"https:\/\/qingdaohf.com\/bg\/#\/schema\/logo\/image\/"},"sameAs":["https:\/\/www.facebook.com\/qingdaohf"]}]}},"_links":{"self":[{"href":"https:\/\/qingdaohf.com\/pl\/wp-json\/wp\/v2\/product\/8283","targetHints":{"allow":["GET"]}}],"collection":[{"href":"https:\/\/qingdaohf.com\/pl\/wp-json\/wp\/v2\/product"}],"about":[{"href":"https:\/\/qingdaohf.com\/pl\/wp-json\/wp\/v2\/types\/product"}],"replies":[{"embeddable":true,"href":"https:\/\/qingdaohf.com\/pl\/wp-json\/wp\/v2\/comments?post=8283"}],"version-history":[{"count":2,"href":"https:\/\/qingdaohf.com\/pl\/wp-json\/wp\/v2\/product\/8283\/revisions"}],"predecessor-version":[{"id":8337,"href":"https:\/\/qingdaohf.com\/pl\/wp-json\/wp\/v2\/product\/8283\/revisions\/8337"}],"wp:featuredmedia":[{"embeddable":true,"href":"https:\/\/qingdaohf.com\/pl\/wp-json\/wp\/v2\/media\/8195"}],"wp:attachment":[{"href":"https:\/\/qingdaohf.com\/pl\/wp-json\/wp\/v2\/media?parent=8283"}],"wp:term":[{"taxonomy":"product_brand","embeddable":true,"href":"https:\/\/qingdaohf.com\/pl\/wp-json\/wp\/v2\/product_brand?post=8283"},{"taxonomy":"product_cat","embeddable":true,"href":"https:\/\/qingdaohf.com\/pl\/wp-json\/wp\/v2\/product_cat?post=8283"},{"taxonomy":"product_tag","embeddable":true,"href":"https:\/\/qingdaohf.com\/pl\/wp-json\/wp\/v2\/product_tag?post=8283"}],"curies":[{"name":"wp","href":"https:\/\/api.w.org\/{rel}","templated":true}]}}