{"id":8287,"date":"2024-11-05T17:56:32","date_gmt":"2024-11-05T09:56:32","guid":{"rendered":"http:\/\/qingdaohf.com\/?post_type=product&#038;p=8287"},"modified":"2025-11-13T09:02:53","modified_gmt":"2025-11-13T01:02:53","slug":"webbing-sling-6-ton","status":"publish","type":"product","link":"https:\/\/qingdaohf.com\/pl\/produkt\/zawiesie-pasowe-6-ton\/","title":{"rendered":"P\u0142aska ta\u015bma zawiesia 6 ton poliester Double Duplex"},"content":{"rendered":"<div class=\"flex max-w-full flex-col flex-grow\">\n<div class=\"min-h-8 text-message flex w-full flex-col items-end gap-2 whitespace-normal break-words [.text-message+&amp;]:mt-5\" dir=\"auto\" data-message-author-role=\"assistant\" data-message-id=\"c70e5c25-1016-4fd4-95f4-df6f87317104\" data-message-model-slug=\"gpt-4o\">\n<div class=\"flex w-full flex-col gap-1 empty:hidden first:pt-[3px]\">\n<div class=\"markdown prose w-full break-words dark:prose-invert light\">\n<h4>Wyj\u0105tkowa no\u015bno\u015b\u0107 i konstrukcja 6-tonowej ta\u015bmy no\u015bnej<\/h4>\n<p>Qingdao H&amp;F 6-Ton Webbing Sling zosta\u0142 zaprojektowany do zastosowa\u0144, w kt\u00f3rych wytrzyma\u0142o\u015b\u0107, stabilno\u015b\u0107 i trwa\u0142o\u015b\u0107 maj\u0105 kluczowe znaczenie. Wykonane z poliestru o wysokiej wytrzyma\u0142o\u015bci, zawiesie ta\u015bmowe zapewnia wyj\u0105tkow\u0105 no\u015bno\u015b\u0107, jednocze\u015bnie wytrzymuj\u0105c wyzwania \u015brodowiskowe, takie jak ekspozycja na promieniowanie UV, \u015bcieranie i regularne zu\u017cycie. Jego 6-tonowy ud\u017awig sprawia, \u017ce nadaje si\u0119 do wielu wymagaj\u0105cych bran\u017c, w tym budownictwa, logistyki i produkcji przemys\u0142owej, gdzie niezawodny sprz\u0119t do podnoszenia jest konieczno\u015bci\u0105.<\/p>\n<p>Qingdao H&amp;F zapewnia, \u017ce ka\u017cde 6-tonowe zawiesie ta\u015bmowe spe\u0142nia rygorystyczne wymagania jako\u015bciowe. Zawiesie przechodzi rygorystyczne testy i jest dostarczane z raportem z kontroli jako\u015bci, daj\u0105c kupuj\u0105cym pewno\u015b\u0107 zgodno\u015bci z mi\u0119dzynarodowymi standardami bezpiecze\u0144stwa. W bran\u017cach, w kt\u00f3rych niezawodno\u015b\u0107 nie podlega negocjacjom, gwarancja jako\u015bci zapewniana przez Qingdao H&amp;F sprawia, \u017ce zawiesie to jest niezawodnym wyborem. Co wi\u0119cej, szybki cykl dostaw Qingdao H&amp;F pozwala firmom zabezpieczy\u0107 niezb\u0119dny sprz\u0119t zgodnie z harmonogramem, skracaj\u0105c przestoje i zapewniaj\u0105c wydajn\u0105 prac\u0119.<\/p>\n<h4>Normy bezpiecze\u0144stwa i stabilno\u015b\u0107 \u0142adunku w zastosowaniach zwi\u0105zanych z podnoszeniem<\/h4>\n<p>Bezpiecze\u0144stwo jest najwa\u017cniejsze w operacjach podnoszenia, a konstrukcja 6-tonowego zawiesia pasowego Qingdao H&amp;F k\u0142adzie nacisk zar\u00f3wno na bezpiecze\u0144stwo \u0142adunku, jak i stabilno\u015b\u0107 operacyjn\u0105. Zbudowane z szerokiej ta\u015bmy, zawiesie skutecznie rozk\u0142ada ci\u0119\u017car, zmniejszaj\u0105c obci\u0105\u017cenie \u0142adunku i minimalizuj\u0105c ryzyko uszkodzenia. Ta cecha konstrukcyjna ma kluczowe znaczenie dla zapewnienia p\u0142ynnego, bezpiecznego podnoszenia, zw\u0142aszcza podczas przenoszenia delikatnych lub niepor\u0119cznych przedmiot\u00f3w. Zaanga\u017cowanie Qingdao H&amp;F w bezpiecze\u0144stwo przejawia si\u0119 r\u00f3wnie\u017c w zastosowanych materia\u0142ach, a ka\u017cde zawiesie jest wykonane tak, aby spe\u0142nia\u0142o lub przekracza\u0142o przemys\u0142owe normy bezpiecze\u0144stwa, wspieraj\u0105c w ten spos\u00f3b bezpieczne \u015brodowisko pracy.<\/p>\n<p>W zastosowaniach wymagaj\u0105cych przestrzegania \u015bcis\u0142ych protoko\u0142\u00f3w bezpiecze\u0144stwa, takich jak budownictwo i logistyka, 6-tonowe zawiesie pasowe zapewnia stabilno\u015b\u0107 i kontrol\u0119, zwi\u0119kszaj\u0105c zaufanie operatora. Zaanga\u017cowanie Qingdao H&amp;F w bezpiecze\u0144stwo jest zgodne z wymaganiami bran\u017cowymi, a ka\u017cde zawiesie ta\u015bmowe jest testowane w celu potwierdzenia jego pojemno\u015bci i wydajno\u015bci. Dzi\u0119ki zapewnieniu zgodno\u015bci z wymogami bezpiecze\u0144stwa, nabywcy mog\u0105 polega\u0107 na zdolno\u015bci produktu do przenoszenia du\u017cych obci\u0105\u017ce\u0144 bez uszczerbku dla niezawodno\u015bci. \u015arodki kontroli jako\u015bci wdro\u017cone przez Qingdao H&amp;F dodatkowo potwierdzaj\u0105 jego przydatno\u015b\u0107 do krytycznych zada\u0144 podnoszenia.<\/p>\n<h4>Qingdao H&amp;F: Niezawodny partner w zakresie rozwi\u0105za\u0144 d\u017awigowych B2B<\/h4>\n<p>Jako firma handlowa B2B z ponad dwudziestoletnim do\u015bwiadczeniem, Qingdao H&amp;F rozumie znaczenie niezawodnych, wysokiej jako\u015bci rozwi\u0105za\u0144 d\u017awigowych dla firm z r\u00f3\u017cnych bran\u017c. 6-tonowemu zawiesiu ta\u015bmowemu towarzysz\u0105 szczeg\u00f3\u0142owe raporty z inspekcji, umo\u017cliwiaj\u0105ce kupuj\u0105cym weryfikacj\u0119 jako\u015bci i zgodno\u015bci produktu. Raporty te podkre\u015blaj\u0105 zaanga\u017cowanie Qingdao H&amp;F w przejrzysto\u015b\u0107, daj\u0105c klientom pewno\u015b\u0107, \u017ce ka\u017cde zawiesie zosta\u0142o dok\u0142adnie przetestowane i jest gotowe do pracy w rzeczywistych warunkach.<\/p>\n<p>Poza jako\u015bci\u0105 produkt\u00f3w, Qingdao H&amp;F k\u0142adzie nacisk na podej\u015bcie skoncentrowane na kliencie z obs\u0142ug\u0105 jeden na jeden, zapewniaj\u0105c spersonalizowane rekomendacje i elastyczne wsparcie. Ten zorientowany na klienta model obs\u0142ugi jest wzmocniony przez szybki, niezawodny cykl dostaw, kt\u00f3ry umo\u017cliwia firmom dost\u0119p do potrzebnego sprz\u0119tu bez zb\u0119dnych op\u00f3\u017anie\u0144. Dzi\u0119ki dostawie z magazynu do magazynu, Qingdao H&amp;F usprawnia proces zaopatrzenia, zapewniaj\u0105c, \u017ce kupuj\u0105cy otrzymuj\u0105 swoje produkty szybko i sprawnie.<\/p>\n<p>6-tonowe zawiesie pasowe od Qingdao H&amp;F reprezentuje zaanga\u017cowanie firmy w jako\u015b\u0107, bezpiecze\u0144stwo i obs\u0142ug\u0119. Produkt ten zapewnia nabywcom rozwi\u0105zanie do podnoszenia, kt\u00f3re spe\u0142nia wysokie standardy dzisiejszych \u015brodowisk przemys\u0142owych, oferuj\u0105c niezawodn\u0105 opcj\u0119 do ci\u0119\u017ckich zastosowa\u0144. Zaanga\u017cowanie Qingdao H&amp;F zar\u00f3wno w jako\u015b\u0107, jak i satysfakcj\u0119 klienta, wzmacnia pozycj\u0119 firmy jako zaufanego partnera w zakresie przemys\u0142owych rozwi\u0105za\u0144 d\u017awigowych.<\/p>\n<\/div>\n<\/div>\n<\/div>\n<\/div>","protected":false},"excerpt":{"rendered":"<p>6-Ton Webbing Sling oferuje doskona\u0142\u0105 wytrzyma\u0142o\u015b\u0107 i trwa\u0142o\u015b\u0107, zaspokajaj\u0105c potrzeby bran\u017c wymagaj\u0105cych bezpiecznych, wytrzyma\u0142ych rozwi\u0105za\u0144 do podnoszenia. Zaprojektowane, aby spe\u0142nia\u0107 najwy\u017csze standardy, zawiesie ta\u015bmowe obs\u0142uguje obci\u0105\u017cenia do 6 ton z niezmienn\u0105 niezawodno\u015bci\u0105. Qingdao H&amp;F rozumie obawy kupuj\u0105cych dotycz\u0105ce d\u0142ugowieczno\u015bci, bezpiecze\u0144stwa i zgodno\u015bci produkt\u00f3w, a jako firma handlowa B2B z 20-letnim do\u015bwiadczeniem oferujemy indywidualn\u0105 obs\u0142ug\u0119 klienta, szybki cykl dostaw i szczeg\u00f3\u0142owe raporty z kontroli jako\u015bci. To zobowi\u0105zanie gwarantuje, \u017ce klienci otrzymuj\u0105 niezawodne produkty z dok\u0142adnym wsparciem i przejrzystym zapewnieniem jako\u015bci.<\/p>","protected":false},"featured_media":8194,"comment_status":"open","ping_status":"closed","template":"","meta":{"site-sidebar-layout":"default","site-content-layout":"","ast-site-content-layout":"default","site-content-style":"default","site-sidebar-style":"default","ast-global-header-display":"","ast-banner-title-visibility":"","ast-main-header-display":"","ast-hfb-above-header-display":"","ast-hfb-below-header-display":"","ast-hfb-mobile-header-display":"","site-post-title":"","ast-breadcrumbs-content":"","ast-featured-img":"","footer-sml-layout":"","theme-transparent-header-meta":"default","adv-header-id-meta":"","stick-header-meta":"default","header-above-stick-meta":"","header-main-stick-meta":"","header-below-stick-meta":"","astra-migrate-meta-layouts":"set","ast-page-background-enabled":"default","ast-page-background-meta":{"desktop":{"background-color":"","background-image":"","background-repeat":"repeat","background-position":"center center","background-size":"auto","background-attachment":"scroll","background-type":"","background-media":"","overlay-type":"","overlay-color":"","overlay-opacity":"","overlay-gradient":""},"tablet":{"background-color":"","background-image":"","background-repeat":"repeat","background-position":"center center","background-size":"auto","background-attachment":"scroll","background-type":"","background-media":"","overlay-type":"","overlay-color":"","overlay-opacity":"","overlay-gradient":""},"mobile":{"background-color":"","background-image":"","background-repeat":"repeat","background-position":"center center","background-size":"auto","background-attachment":"scroll","background-type":"","background-media":"","overlay-type":"","overlay-color":"","overlay-opacity":"","overlay-gradient":""}},"ast-content-background-meta":{"desktop":{"background-color":"var(--ast-global-color-5)","background-image":"","background-repeat":"repeat","background-position":"center center","background-size":"auto","background-attachment":"scroll","background-type":"","background-media":"","overlay-type":"","overlay-color":"","overlay-opacity":"","overlay-gradient":""},"tablet":{"background-color":"var(--ast-global-color-5)","background-image":"","background-repeat":"repeat","background-position":"center center","background-size":"auto","background-attachment":"scroll","background-type":"","background-media":"","overlay-type":"","overlay-color":"","overlay-opacity":"","overlay-gradient":""},"mobile":{"background-color":"var(--ast-global-color-5)","background-image":"","background-repeat":"repeat","background-position":"center center","background-size":"auto","background-attachment":"scroll","background-type":"","background-media":"","overlay-type":"","overlay-color":"","overlay-opacity":"","overlay-gradient":""}}},"product_brand":[],"product_cat":[39],"product_tag":[],"class_list":{"0":"post-8287","1":"product","2":"type-product","3":"status-publish","4":"has-post-thumbnail","6":"product_cat-webbing-sling","7":"desktop-align-left","8":"tablet-align-left","9":"mobile-align-left","10":"ast-product-gallery-layout-horizontal-slider","11":"ast-product-gallery-with-no-image","12":"ast-product-tabs-layout-horizontal","14":"first","15":"instock","16":"shipping-taxable","17":"purchasable","18":"product-type-simple"},"yoast_head":"<!-- This site is optimized with the Yoast SEO plugin v25.2 - https:\/\/yoast.com\/wordpress\/plugins\/seo\/ -->\n<title>Flat Webbing Sling 6 Ton Polyester Double Duplex<\/title>\n<meta name=\"robots\" content=\"index, follow, max-snippet:-1, max-image-preview:large, max-video-preview:-1\" \/>\n<link rel=\"canonical\" href=\"https:\/\/qingdaohf.com\/pl\/produkt\/zawiesie-pasowe-6-ton\/\" \/>\n<meta property=\"og:locale\" content=\"pl_PL\" \/>\n<meta property=\"og:type\" content=\"article\" \/>\n<meta property=\"og:title\" content=\"Flat Webbing Sling 6 Ton Polyester Double Duplex\" \/>\n<meta property=\"og:description\" content=\"6-Ton Webbing Sling offers superior strength and durability, catering to the needs of industries requiring secure, heavy-duty lifting solutions. Designed to meet the highest standards, this webbing sling handles loads up to 6 tons with consistent reliability. Qingdao H&amp;F understands buyers\u2019 concerns about product longevity, safety, and compliance, and as a B2B trading company with 20 years of experience, we offer one-on-one customer service, a fast delivery cycle, and detailed quality inspection reports. This commitment ensures clients receive dependable products with thorough support and transparent quality assurance.\" \/>\n<meta property=\"og:url\" content=\"https:\/\/qingdaohf.com\/pl\/produkt\/zawiesie-pasowe-6-ton\/\" \/>\n<meta property=\"og:site_name\" content=\"Concrete Form &amp; Rigging Hardware Supplier\" \/>\n<meta property=\"article:publisher\" content=\"https:\/\/www.facebook.com\/qingdaohf\" \/>\n<meta property=\"article:modified_time\" content=\"2025-11-13T01:02:53+00:00\" \/>\n<meta property=\"og:image\" content=\"https:\/\/qingdaohf.com\/wp-content\/uploads\/2024\/10\/6-ton-webbing-sling_1.webp\" \/>\n\t<meta property=\"og:image:width\" content=\"1000\" \/>\n\t<meta property=\"og:image:height\" content=\"1000\" \/>\n\t<meta property=\"og:image:type\" content=\"image\/webp\" \/>\n<meta name=\"twitter:card\" content=\"summary_large_image\" \/>\n<meta name=\"twitter:label1\" content=\"Szacowany czas czytania\" \/>\n\t<meta name=\"twitter:data1\" content=\"3 minuty\" \/>\n<script type=\"application\/ld+json\" class=\"yoast-schema-graph\">{\"@context\":\"https:\/\/schema.org\",\"@graph\":[{\"@type\":\"WebPage\",\"@id\":\"https:\/\/qingdaohf.com\/product\/webbing-sling-6-ton\/\",\"url\":\"https:\/\/qingdaohf.com\/product\/webbing-sling-6-ton\/\",\"name\":\"Flat Webbing Sling 6 Ton Polyester Double Duplex\",\"isPartOf\":{\"@id\":\"https:\/\/qingdaohf.com\/bg\/#website\"},\"primaryImageOfPage\":{\"@id\":\"https:\/\/qingdaohf.com\/product\/webbing-sling-6-ton\/#primaryimage\"},\"image\":{\"@id\":\"https:\/\/qingdaohf.com\/product\/webbing-sling-6-ton\/#primaryimage\"},\"thumbnailUrl\":\"https:\/\/qingdaohf.com\/wp-content\/uploads\/2024\/10\/6-ton-webbing-sling_1.webp\",\"datePublished\":\"2024-11-05T09:56:32+00:00\",\"dateModified\":\"2025-11-13T01:02:53+00:00\",\"breadcrumb\":{\"@id\":\"https:\/\/qingdaohf.com\/product\/webbing-sling-6-ton\/#breadcrumb\"},\"inLanguage\":\"pl-PL\",\"potentialAction\":[{\"@type\":\"ReadAction\",\"target\":[\"https:\/\/qingdaohf.com\/product\/webbing-sling-6-ton\/\"]}]},{\"@type\":\"ImageObject\",\"inLanguage\":\"pl-PL\",\"@id\":\"https:\/\/qingdaohf.com\/product\/webbing-sling-6-ton\/#primaryimage\",\"url\":\"https:\/\/qingdaohf.com\/wp-content\/uploads\/2024\/10\/6-ton-webbing-sling_1.webp\",\"contentUrl\":\"https:\/\/qingdaohf.com\/wp-content\/uploads\/2024\/10\/6-ton-webbing-sling_1.webp\",\"width\":1000,\"height\":1000,\"caption\":\"6 ton webbing sling\"},{\"@type\":\"BreadcrumbList\",\"@id\":\"https:\/\/qingdaohf.com\/product\/webbing-sling-6-ton\/#breadcrumb\",\"itemListElement\":[{\"@type\":\"ListItem\",\"position\":1,\"name\":\"Home\",\"item\":\"https:\/\/qingdaohf.com\/\"},{\"@type\":\"ListItem\",\"position\":2,\"name\":\"Concrete Forming Accessories and Rigging Hardware\",\"item\":\"https:\/\/qingdaohf.com\/bg\/?page_id=944\"},{\"@type\":\"ListItem\",\"position\":3,\"name\":\"Flat Webbing Sling 6 Ton Polyester Double Duplex\"}]},{\"@type\":\"WebSite\",\"@id\":\"https:\/\/qingdaohf.com\/bg\/#website\",\"url\":\"https:\/\/qingdaohf.com\/bg\/\",\"name\":\"Concrete Form & Rigging Hardware Supplier\",\"description\":\"\",\"publisher\":{\"@id\":\"https:\/\/qingdaohf.com\/bg\/#organization\"},\"potentialAction\":[{\"@type\":\"SearchAction\",\"target\":{\"@type\":\"EntryPoint\",\"urlTemplate\":\"https:\/\/qingdaohf.com\/bg\/?s={search_term_string}\"},\"query-input\":{\"@type\":\"PropertyValueSpecification\",\"valueRequired\":true,\"valueName\":\"search_term_string\"}}],\"inLanguage\":\"pl-PL\"},{\"@type\":\"Organization\",\"@id\":\"https:\/\/qingdaohf.com\/bg\/#organization\",\"name\":\"Qingdao H&F\",\"url\":\"https:\/\/qingdaohf.com\/bg\/\",\"logo\":{\"@type\":\"ImageObject\",\"inLanguage\":\"pl-PL\",\"@id\":\"https:\/\/qingdaohf.com\/bg\/#\/schema\/logo\/image\/\",\"url\":\"https:\/\/qingdaohf.com\/wp-content\/uploads\/2022\/12\/cropped-HF-LOGO.png\",\"contentUrl\":\"https:\/\/qingdaohf.com\/wp-content\/uploads\/2022\/12\/cropped-HF-LOGO.png\",\"width\":391,\"height\":249,\"caption\":\"Qingdao H&F\"},\"image\":{\"@id\":\"https:\/\/qingdaohf.com\/bg\/#\/schema\/logo\/image\/\"},\"sameAs\":[\"https:\/\/www.facebook.com\/qingdaohf\"]}]}<\/script>\n<!-- \/ Yoast SEO plugin. -->","yoast_head_json":{"title":"Flat Webbing Sling 6 Ton Polyester Double Duplex","robots":{"index":"index","follow":"follow","max-snippet":"max-snippet:-1","max-image-preview":"max-image-preview:large","max-video-preview":"max-video-preview:-1"},"canonical":"https:\/\/qingdaohf.com\/pl\/produkt\/zawiesie-pasowe-6-ton\/","og_locale":"pl_PL","og_type":"article","og_title":"Flat Webbing Sling 6 Ton Polyester Double Duplex","og_description":"6-Ton Webbing Sling offers superior strength and durability, catering to the needs of industries requiring secure, heavy-duty lifting solutions. Designed to meet the highest standards, this webbing sling handles loads up to 6 tons with consistent reliability. Qingdao H&amp;F understands buyers\u2019 concerns about product longevity, safety, and compliance, and as a B2B trading company with 20 years of experience, we offer one-on-one customer service, a fast delivery cycle, and detailed quality inspection reports. This commitment ensures clients receive dependable products with thorough support and transparent quality assurance.","og_url":"https:\/\/qingdaohf.com\/pl\/produkt\/zawiesie-pasowe-6-ton\/","og_site_name":"Concrete Form &amp; Rigging Hardware Supplier","article_publisher":"https:\/\/www.facebook.com\/qingdaohf","article_modified_time":"2025-11-13T01:02:53+00:00","og_image":[{"width":1000,"height":1000,"url":"https:\/\/qingdaohf.com\/wp-content\/uploads\/2024\/10\/6-ton-webbing-sling_1.webp","type":"image\/webp"}],"twitter_card":"summary_large_image","twitter_misc":{"Szacowany czas czytania":"3 minuty"},"schema":{"@context":"https:\/\/schema.org","@graph":[{"@type":"WebPage","@id":"https:\/\/qingdaohf.com\/product\/webbing-sling-6-ton\/","url":"https:\/\/qingdaohf.com\/product\/webbing-sling-6-ton\/","name":"Flat Webbing Sling 6 Ton Polyester Double Duplex","isPartOf":{"@id":"https:\/\/qingdaohf.com\/bg\/#website"},"primaryImageOfPage":{"@id":"https:\/\/qingdaohf.com\/product\/webbing-sling-6-ton\/#primaryimage"},"image":{"@id":"https:\/\/qingdaohf.com\/product\/webbing-sling-6-ton\/#primaryimage"},"thumbnailUrl":"https:\/\/qingdaohf.com\/wp-content\/uploads\/2024\/10\/6-ton-webbing-sling_1.webp","datePublished":"2024-11-05T09:56:32+00:00","dateModified":"2025-11-13T01:02:53+00:00","breadcrumb":{"@id":"https:\/\/qingdaohf.com\/product\/webbing-sling-6-ton\/#breadcrumb"},"inLanguage":"pl-PL","potentialAction":[{"@type":"ReadAction","target":["https:\/\/qingdaohf.com\/product\/webbing-sling-6-ton\/"]}]},{"@type":"ImageObject","inLanguage":"pl-PL","@id":"https:\/\/qingdaohf.com\/product\/webbing-sling-6-ton\/#primaryimage","url":"https:\/\/qingdaohf.com\/wp-content\/uploads\/2024\/10\/6-ton-webbing-sling_1.webp","contentUrl":"https:\/\/qingdaohf.com\/wp-content\/uploads\/2024\/10\/6-ton-webbing-sling_1.webp","width":1000,"height":1000,"caption":"6 ton webbing sling"},{"@type":"BreadcrumbList","@id":"https:\/\/qingdaohf.com\/product\/webbing-sling-6-ton\/#breadcrumb","itemListElement":[{"@type":"ListItem","position":1,"name":"Home","item":"https:\/\/qingdaohf.com\/"},{"@type":"ListItem","position":2,"name":"Concrete Forming Accessories and Rigging Hardware","item":"https:\/\/qingdaohf.com\/bg\/?page_id=944"},{"@type":"ListItem","position":3,"name":"Flat Webbing Sling 6 Ton Polyester Double Duplex"}]},{"@type":"WebSite","@id":"https:\/\/qingdaohf.com\/bg\/#website","url":"https:\/\/qingdaohf.com\/bg\/","name":"Concrete Form & Rigging Hardware Supplier","description":"","publisher":{"@id":"https:\/\/qingdaohf.com\/bg\/#organization"},"potentialAction":[{"@type":"SearchAction","target":{"@type":"EntryPoint","urlTemplate":"https:\/\/qingdaohf.com\/bg\/?s={search_term_string}"},"query-input":{"@type":"PropertyValueSpecification","valueRequired":true,"valueName":"search_term_string"}}],"inLanguage":"pl-PL"},{"@type":"Organization","@id":"https:\/\/qingdaohf.com\/bg\/#organization","name":"Qingdao H&F","url":"https:\/\/qingdaohf.com\/bg\/","logo":{"@type":"ImageObject","inLanguage":"pl-PL","@id":"https:\/\/qingdaohf.com\/bg\/#\/schema\/logo\/image\/","url":"https:\/\/qingdaohf.com\/wp-content\/uploads\/2022\/12\/cropped-HF-LOGO.png","contentUrl":"https:\/\/qingdaohf.com\/wp-content\/uploads\/2022\/12\/cropped-HF-LOGO.png","width":391,"height":249,"caption":"Qingdao H&F"},"image":{"@id":"https:\/\/qingdaohf.com\/bg\/#\/schema\/logo\/image\/"},"sameAs":["https:\/\/www.facebook.com\/qingdaohf"]}]}},"_links":{"self":[{"href":"https:\/\/qingdaohf.com\/pl\/wp-json\/wp\/v2\/product\/8287","targetHints":{"allow":["GET"]}}],"collection":[{"href":"https:\/\/qingdaohf.com\/pl\/wp-json\/wp\/v2\/product"}],"about":[{"href":"https:\/\/qingdaohf.com\/pl\/wp-json\/wp\/v2\/types\/product"}],"replies":[{"embeddable":true,"href":"https:\/\/qingdaohf.com\/pl\/wp-json\/wp\/v2\/comments?post=8287"}],"version-history":[{"count":2,"href":"https:\/\/qingdaohf.com\/pl\/wp-json\/wp\/v2\/product\/8287\/revisions"}],"predecessor-version":[{"id":8335,"href":"https:\/\/qingdaohf.com\/pl\/wp-json\/wp\/v2\/product\/8287\/revisions\/8335"}],"wp:featuredmedia":[{"embeddable":true,"href":"https:\/\/qingdaohf.com\/pl\/wp-json\/wp\/v2\/media\/8194"}],"wp:attachment":[{"href":"https:\/\/qingdaohf.com\/pl\/wp-json\/wp\/v2\/media?parent=8287"}],"wp:term":[{"taxonomy":"product_brand","embeddable":true,"href":"https:\/\/qingdaohf.com\/pl\/wp-json\/wp\/v2\/product_brand?post=8287"},{"taxonomy":"product_cat","embeddable":true,"href":"https:\/\/qingdaohf.com\/pl\/wp-json\/wp\/v2\/product_cat?post=8287"},{"taxonomy":"product_tag","embeddable":true,"href":"https:\/\/qingdaohf.com\/pl\/wp-json\/wp\/v2\/product_tag?post=8287"}],"curies":[{"name":"wp","href":"https:\/\/api.w.org\/{rel}","templated":true}]}}