{"id":8291,"date":"2024-11-05T17:59:58","date_gmt":"2024-11-05T09:59:58","guid":{"rendered":"http:\/\/qingdaohf.com\/?post_type=product&#038;p=8291"},"modified":"2025-11-13T09:02:52","modified_gmt":"2025-11-13T01:02:52","slug":"webbing-sling-10-ton","status":"publish","type":"product","link":"https:\/\/qingdaohf.com\/pl\/produkt\/zawiesie-pasowe-10-ton\/","title":{"rendered":"P\u0142aska ta\u015bma zawiesia 10 ton poliester podw\u00f3jny dupleks"},"content":{"rendered":"<h4>Rozwi\u0105zania do podnoszenia o du\u017cym ud\u017awigu: Wytrzyma\u0142o\u015b\u0107 i si\u0142a 10-tonowych zawiesi pasowych<\/h4>\n<p>W przypadku przemys\u0142owych zada\u0144 podnoszenia, w kt\u00f3rych konieczne jest bezpieczne wsparcie o du\u017cej no\u015bno\u015bci, 10-tonowe zawiesie pasowe Qingdao H&amp;F oferuje optymalne rozwi\u0105zanie. Wykonane z poliestru o wysokiej wytrzyma\u0142o\u015bci, zawiesie to obs\u0142uguje ci\u0119\u017cary do 10 ton, dzi\u0119ki czemu idealnie nadaje si\u0119 do bran\u017c takich jak budownictwo, logistyka i produkcja. Spr\u0119\u017cysto\u015b\u0107 10-tonowego zawiesia ta\u015bmowego zapewnia jego integralno\u015b\u0107 nawet przy powtarzaj\u0105cych si\u0119, du\u017cych obci\u0105\u017ceniach w trudnych warunkach, zapewniaj\u0105c firmom trwa\u0142e, op\u0142acalne rozwi\u0105zanie dla ich potrzeb w zakresie podnoszenia.<\/p>\n<p>Aby zapewni\u0107 najwy\u017csze standardy niezawodno\u015bci i bezpiecze\u0144stwa, ka\u017cde 10-tonowe zawiesie przechodzi rygorystyczne testy, a kupuj\u0105cy otrzymuj\u0105 raport z kontroli jako\u015bci weryfikuj\u0105cy jego zgodno\u015b\u0107 z mi\u0119dzynarodowymi standardami bezpiecze\u0144stwa i wydajno\u015bci. Po\u015bwi\u0119cenie Qingdao H&amp;F na rzecz przejrzysto\u015bci zapewnia kupuj\u0105cych, \u017ce inwestuj\u0105 w produkt spe\u0142niaj\u0105cy wszystkie wymogi prawne. Szybki cykl dostaw oferowany przez Qingdao H&amp;F umo\u017cliwia klientom szybki dost\u0119p do niezb\u0119dnego sprz\u0119tu, minimalizuj\u0105c op\u00f3\u017anienia w operacjach i zwi\u0119kszaj\u0105c og\u00f3ln\u0105 wydajno\u015b\u0107.<\/p>\n<h4>Bezpiecze\u0144stwo i stabilno\u015b\u0107 w podnoszeniu ci\u0119\u017ckich \u0142adunk\u00f3w<\/h4>\n<p>W \u015brodowiskach przemys\u0142owych o wysokiej stawce stabilno\u015b\u0107 i bezpiecze\u0144stwo sprz\u0119tu do podnoszenia maj\u0105 kluczowe znaczenie zar\u00f3wno dla bezpiecze\u0144stwa, jak i wydajno\u015bci. 10-tonowe zawiesie pasowe firmy Qingdao H&amp;F zosta\u0142o zaprojektowane tak, aby zapewni\u0107 wyj\u0105tkow\u0105 stabilno\u015b\u0107 \u0142adunku, pomagaj\u0105c r\u00f3wnomiernie roz\u0142o\u017cy\u0107 ci\u0119\u017car na \u0142adunku. Taka konstrukcja zmniejsza punkty nacisku i minimalizuje ryzyko uszkodzenia lub przesuni\u0119cia \u0142adunku podczas operacji podnoszenia, zapewniaj\u0105c operatorom spok\u00f3j ducha. Szeroka, wytrzyma\u0142a ta\u015bma poliestrowa jest odporna na zu\u017cycie, \u015bcieranie i promieniowanie UV, zachowuj\u0105c swoj\u0105 wytrzyma\u0142o\u015b\u0107 w wymagaj\u0105cych warunkach.<\/p>\n<p>Bezpiecze\u0144stwo operacji podnoszenia jest zwi\u0119kszone dzi\u0119ki skrupulatnym standardom produkcyjnym Qingdao H&amp;F. Ka\u017cde zawiesie spe\u0142nia lub przekracza mi\u0119dzynarodowe przepisy bran\u017cowe, dzi\u0119ki czemu nadaje si\u0119 do r\u00f3\u017cnych zastosowa\u0144, w kt\u00f3rych obowi\u0105zuj\u0105 rygorystyczne protoko\u0142y bezpiecze\u0144stwa. Dzi\u0119ki rygorystycznej kontroli jako\u015bci na ka\u017cdym etapie produkcji, Qingdao H&amp;F zapewnia, \u017ce 10-tonowe zawiesie ta\u015bmowe zapewnia niezawodne wsparcie w najbardziej wymagaj\u0105cych \u015brodowiskach. Szczeg\u00f3\u0142owe raporty z kontroli jako\u015bci dost\u0119pne z ka\u017cdym zawiesiem s\u0142u\u017c\u0105 jako dow\u00f3d tego zaanga\u017cowania, pomagaj\u0105c firmom w utrzymaniu standard\u00f3w bezpiecze\u0144stwa i zgodno\u015bci z przepisami.<\/p>\n<h4>Qingdao H&amp;F: Zaufany partner w zakresie wysokowydajnych rozwi\u0105za\u0144 d\u017awigowych<\/h4>\n<p>Jako do\u015bwiadczona firma handlowa B2B z dwudziestoletnim do\u015bwiadczeniem, Qingdao H&amp;F jest zaanga\u017cowana we wspieranie firm poprzez oferowanie produkt\u00f3w, kt\u00f3re \u0142\u0105cz\u0105 w sobie jako\u015b\u0107, bezpiecze\u0144stwo i obs\u0142ug\u0119. 10-tonowe zawiesie pasowe jest przyk\u0142adem podej\u015bcia Qingdao H&amp;F do dostarczania niezawodnego, wysokowydajnego sprz\u0119tu, kt\u00f3ry spe\u0142nia praktyczne potrzeby nabywc\u00f3w przemys\u0142owych. Ka\u017cde zawiesie jest dostarczane z raportem z kontroli jako\u015bci, zapewniaj\u0105c kupuj\u0105cym jasny obraz specyfikacji produktu i zapewniaj\u0105c pe\u0142n\u0105 przejrzysto\u015b\u0107 w zakresie jego wydajno\u015bci.<\/p>\n<p>Model obs\u0142ugi klienta \"jeden na jeden\" firmy Qingdao H&amp;F umo\u017cliwia kupuj\u0105cym otrzymanie spersonalizowanego wsparcia od kompetentnych przedstawicieli, pomagaj\u0105c im wybra\u0107 idealny sprz\u0119t do podnoszenia dla ich konkretnych wymaga\u0144. To uwa\u017cne podej\u015bcie, wraz z szybkim, wydajnym cyklem dostaw, pokazuje zaanga\u017cowanie Qingdao H&amp;F w u\u0142atwianie p\u0142ynnego procesu zakupu, kt\u00f3ry jest zgodny z harmonogramami operacyjnymi klient\u00f3w. Koncentracja Qingdao H&amp;F na zadowoleniu klienta i kontroli jako\u015bci sprawi\u0142a, \u017ce jest to zaufana marka na rynku d\u017awig\u00f3w przemys\u0142owych.<\/p>\n<p>10-tonowe zawiesie pasowe firmy Qingdao H&amp;F to co\u015b wi\u0119cej ni\u017c tylko rozwi\u0105zanie do podnoszenia - to niezawodny partner dla firm dbaj\u0105cych o bezpiecze\u0144stwo, wydajno\u015b\u0107 i wysok\u0105 wydajno\u015b\u0107. Z ka\u017cdym zawiesiem Qingdao H&amp;F dostarcza produkt, kt\u00f3ry spe\u0142nia standardy bran\u017cowe, zapewniaj\u0105c jednocze\u015bnie bezpieczn\u0105 i wydajn\u0105 opcj\u0119 do podnoszenia ci\u0119\u017ckich \u0142adunk\u00f3w.<\/p>","protected":false},"excerpt":{"rendered":"<p>10-tonowe zawiesie pasowe jest przeznaczone do podnoszenia ci\u0119\u017ckich \u0142adunk\u00f3w, zaprojektowane z my\u015bl\u0105 o spe\u0142nieniu rygorystycznych wymaga\u0144 bran\u017c, w kt\u00f3rych niezb\u0119dne jest bezpieczne podnoszenie \u0142adunk\u00f3w o du\u017cej no\u015bno\u015bci. To wytrzyma\u0142e zawiesie obs\u0142uguje do 10 ton, spe\u0142niaj\u0105c podstawowe obawy kupuj\u0105cych dotycz\u0105ce wytrzyma\u0142o\u015bci, bezpiecze\u0144stwa i niezawodno\u015bci. Jako do\u015bwiadczona firma handlowa B2B, Qingdao H&amp;F zapewnia indywidualn\u0105 obs\u0142ug\u0119 klienta, szybk\u0105 dostaw\u0119 i kompleksowe raporty z kontroli jako\u015bci, zapewniaj\u0105c p\u0142ynne zakupy, kt\u00f3rych priorytetem jest przejrzysto\u015b\u0107 i zadowolenie klienta.<\/p>","protected":false},"featured_media":8192,"comment_status":"open","ping_status":"closed","template":"","meta":{"site-sidebar-layout":"default","site-content-layout":"","ast-site-content-layout":"default","site-content-style":"default","site-sidebar-style":"default","ast-global-header-display":"","ast-banner-title-visibility":"","ast-main-header-display":"","ast-hfb-above-header-display":"","ast-hfb-below-header-display":"","ast-hfb-mobile-header-display":"","site-post-title":"","ast-breadcrumbs-content":"","ast-featured-img":"","footer-sml-layout":"","theme-transparent-header-meta":"default","adv-header-id-meta":"","stick-header-meta":"default","header-above-stick-meta":"","header-main-stick-meta":"","header-below-stick-meta":"","astra-migrate-meta-layouts":"set","ast-page-background-enabled":"default","ast-page-background-meta":{"desktop":{"background-color":"","background-image":"","background-repeat":"repeat","background-position":"center center","background-size":"auto","background-attachment":"scroll","background-type":"","background-media":"","overlay-type":"","overlay-color":"","overlay-opacity":"","overlay-gradient":""},"tablet":{"background-color":"","background-image":"","background-repeat":"repeat","background-position":"center center","background-size":"auto","background-attachment":"scroll","background-type":"","background-media":"","overlay-type":"","overlay-color":"","overlay-opacity":"","overlay-gradient":""},"mobile":{"background-color":"","background-image":"","background-repeat":"repeat","background-position":"center center","background-size":"auto","background-attachment":"scroll","background-type":"","background-media":"","overlay-type":"","overlay-color":"","overlay-opacity":"","overlay-gradient":""}},"ast-content-background-meta":{"desktop":{"background-color":"var(--ast-global-color-5)","background-image":"","background-repeat":"repeat","background-position":"center center","background-size":"auto","background-attachment":"scroll","background-type":"","background-media":"","overlay-type":"","overlay-color":"","overlay-opacity":"","overlay-gradient":""},"tablet":{"background-color":"var(--ast-global-color-5)","background-image":"","background-repeat":"repeat","background-position":"center center","background-size":"auto","background-attachment":"scroll","background-type":"","background-media":"","overlay-type":"","overlay-color":"","overlay-opacity":"","overlay-gradient":""},"mobile":{"background-color":"var(--ast-global-color-5)","background-image":"","background-repeat":"repeat","background-position":"center center","background-size":"auto","background-attachment":"scroll","background-type":"","background-media":"","overlay-type":"","overlay-color":"","overlay-opacity":"","overlay-gradient":""}}},"product_brand":[],"product_cat":[39],"product_tag":[],"class_list":{"0":"post-8291","1":"product","2":"type-product","3":"status-publish","4":"has-post-thumbnail","6":"product_cat-webbing-sling","7":"desktop-align-left","8":"tablet-align-left","9":"mobile-align-left","10":"ast-product-gallery-layout-horizontal-slider","11":"ast-product-gallery-with-no-image","12":"ast-product-tabs-layout-horizontal","14":"first","15":"instock","16":"shipping-taxable","17":"purchasable","18":"product-type-simple"},"yoast_head":"<!-- This site is optimized with the Yoast SEO plugin v25.2 - https:\/\/yoast.com\/wordpress\/plugins\/seo\/ -->\n<title>Flat Webbing Sling 10 Ton Polyester Double Duplex<\/title>\n<meta name=\"robots\" content=\"index, follow, max-snippet:-1, max-image-preview:large, max-video-preview:-1\" \/>\n<link rel=\"canonical\" href=\"https:\/\/qingdaohf.com\/pl\/produkt\/zawiesie-pasowe-10-ton\/\" \/>\n<meta property=\"og:locale\" content=\"pl_PL\" \/>\n<meta property=\"og:type\" content=\"article\" \/>\n<meta property=\"og:title\" content=\"Flat Webbing Sling 10 Ton Polyester Double Duplex\" \/>\n<meta property=\"og:description\" content=\"10-Ton Webbing Sling is built for heavy-duty lifting, designed to meet the stringent demands of industries where secure, high-capacity lifting is essential. This durable sling handles up to 10 tons, addressing buyers&#039; primary concerns about strength, safety, and reliability. As an experienced B2B trading company, Qingdao H&amp;F provides one-on-one customer support, fast delivery, and comprehensive quality inspection reports, ensuring a smooth buying experience that prioritizes transparency and customer satisfaction.\" \/>\n<meta property=\"og:url\" content=\"https:\/\/qingdaohf.com\/pl\/produkt\/zawiesie-pasowe-10-ton\/\" \/>\n<meta property=\"og:site_name\" content=\"Concrete Form &amp; Rigging Hardware Supplier\" \/>\n<meta property=\"article:publisher\" content=\"https:\/\/www.facebook.com\/qingdaohf\" \/>\n<meta property=\"article:modified_time\" content=\"2025-11-13T01:02:52+00:00\" \/>\n<meta property=\"og:image\" content=\"https:\/\/qingdaohf.com\/wp-content\/uploads\/2024\/10\/10-tons_1.webp\" \/>\n\t<meta property=\"og:image:width\" content=\"1000\" \/>\n\t<meta property=\"og:image:height\" content=\"1000\" \/>\n\t<meta property=\"og:image:type\" content=\"image\/webp\" \/>\n<meta name=\"twitter:card\" content=\"summary_large_image\" \/>\n<meta name=\"twitter:label1\" content=\"Szacowany czas czytania\" \/>\n\t<meta name=\"twitter:data1\" content=\"3 minuty\" \/>\n<script type=\"application\/ld+json\" class=\"yoast-schema-graph\">{\"@context\":\"https:\/\/schema.org\",\"@graph\":[{\"@type\":\"WebPage\",\"@id\":\"https:\/\/qingdaohf.com\/product\/webbing-sling-10-ton\/\",\"url\":\"https:\/\/qingdaohf.com\/product\/webbing-sling-10-ton\/\",\"name\":\"Flat Webbing Sling 10 Ton Polyester Double Duplex\",\"isPartOf\":{\"@id\":\"https:\/\/qingdaohf.com\/bg\/#website\"},\"primaryImageOfPage\":{\"@id\":\"https:\/\/qingdaohf.com\/product\/webbing-sling-10-ton\/#primaryimage\"},\"image\":{\"@id\":\"https:\/\/qingdaohf.com\/product\/webbing-sling-10-ton\/#primaryimage\"},\"thumbnailUrl\":\"https:\/\/qingdaohf.com\/wp-content\/uploads\/2024\/10\/10-tons_1.webp\",\"datePublished\":\"2024-11-05T09:59:58+00:00\",\"dateModified\":\"2025-11-13T01:02:52+00:00\",\"breadcrumb\":{\"@id\":\"https:\/\/qingdaohf.com\/product\/webbing-sling-10-ton\/#breadcrumb\"},\"inLanguage\":\"pl-PL\",\"potentialAction\":[{\"@type\":\"ReadAction\",\"target\":[\"https:\/\/qingdaohf.com\/product\/webbing-sling-10-ton\/\"]}]},{\"@type\":\"ImageObject\",\"inLanguage\":\"pl-PL\",\"@id\":\"https:\/\/qingdaohf.com\/product\/webbing-sling-10-ton\/#primaryimage\",\"url\":\"https:\/\/qingdaohf.com\/wp-content\/uploads\/2024\/10\/10-tons_1.webp\",\"contentUrl\":\"https:\/\/qingdaohf.com\/wp-content\/uploads\/2024\/10\/10-tons_1.webp\",\"width\":1000,\"height\":1000,\"caption\":\"Webbing Sling 10 Ton\"},{\"@type\":\"BreadcrumbList\",\"@id\":\"https:\/\/qingdaohf.com\/product\/webbing-sling-10-ton\/#breadcrumb\",\"itemListElement\":[{\"@type\":\"ListItem\",\"position\":1,\"name\":\"Home\",\"item\":\"https:\/\/qingdaohf.com\/\"},{\"@type\":\"ListItem\",\"position\":2,\"name\":\"Concrete Forming Accessories and Rigging Hardware\",\"item\":\"https:\/\/qingdaohf.com\/bg\/?page_id=944\"},{\"@type\":\"ListItem\",\"position\":3,\"name\":\"Flat Webbing Sling 10 Ton Polyester Double Duplex\"}]},{\"@type\":\"WebSite\",\"@id\":\"https:\/\/qingdaohf.com\/bg\/#website\",\"url\":\"https:\/\/qingdaohf.com\/bg\/\",\"name\":\"Concrete Form & Rigging Hardware Supplier\",\"description\":\"\",\"publisher\":{\"@id\":\"https:\/\/qingdaohf.com\/bg\/#organization\"},\"potentialAction\":[{\"@type\":\"SearchAction\",\"target\":{\"@type\":\"EntryPoint\",\"urlTemplate\":\"https:\/\/qingdaohf.com\/bg\/?s={search_term_string}\"},\"query-input\":{\"@type\":\"PropertyValueSpecification\",\"valueRequired\":true,\"valueName\":\"search_term_string\"}}],\"inLanguage\":\"pl-PL\"},{\"@type\":\"Organization\",\"@id\":\"https:\/\/qingdaohf.com\/bg\/#organization\",\"name\":\"Qingdao H&F\",\"url\":\"https:\/\/qingdaohf.com\/bg\/\",\"logo\":{\"@type\":\"ImageObject\",\"inLanguage\":\"pl-PL\",\"@id\":\"https:\/\/qingdaohf.com\/bg\/#\/schema\/logo\/image\/\",\"url\":\"https:\/\/qingdaohf.com\/wp-content\/uploads\/2022\/12\/cropped-HF-LOGO.png\",\"contentUrl\":\"https:\/\/qingdaohf.com\/wp-content\/uploads\/2022\/12\/cropped-HF-LOGO.png\",\"width\":391,\"height\":249,\"caption\":\"Qingdao H&F\"},\"image\":{\"@id\":\"https:\/\/qingdaohf.com\/bg\/#\/schema\/logo\/image\/\"},\"sameAs\":[\"https:\/\/www.facebook.com\/qingdaohf\"]}]}<\/script>\n<!-- \/ Yoast SEO plugin. -->","yoast_head_json":{"title":"Flat Webbing Sling 10 Ton Polyester Double Duplex","robots":{"index":"index","follow":"follow","max-snippet":"max-snippet:-1","max-image-preview":"max-image-preview:large","max-video-preview":"max-video-preview:-1"},"canonical":"https:\/\/qingdaohf.com\/pl\/produkt\/zawiesie-pasowe-10-ton\/","og_locale":"pl_PL","og_type":"article","og_title":"Flat Webbing Sling 10 Ton Polyester Double Duplex","og_description":"10-Ton Webbing Sling is built for heavy-duty lifting, designed to meet the stringent demands of industries where secure, high-capacity lifting is essential. This durable sling handles up to 10 tons, addressing buyers' primary concerns about strength, safety, and reliability. As an experienced B2B trading company, Qingdao H&amp;F provides one-on-one customer support, fast delivery, and comprehensive quality inspection reports, ensuring a smooth buying experience that prioritizes transparency and customer satisfaction.","og_url":"https:\/\/qingdaohf.com\/pl\/produkt\/zawiesie-pasowe-10-ton\/","og_site_name":"Concrete Form &amp; Rigging Hardware Supplier","article_publisher":"https:\/\/www.facebook.com\/qingdaohf","article_modified_time":"2025-11-13T01:02:52+00:00","og_image":[{"width":1000,"height":1000,"url":"https:\/\/qingdaohf.com\/wp-content\/uploads\/2024\/10\/10-tons_1.webp","type":"image\/webp"}],"twitter_card":"summary_large_image","twitter_misc":{"Szacowany czas czytania":"3 minuty"},"schema":{"@context":"https:\/\/schema.org","@graph":[{"@type":"WebPage","@id":"https:\/\/qingdaohf.com\/product\/webbing-sling-10-ton\/","url":"https:\/\/qingdaohf.com\/product\/webbing-sling-10-ton\/","name":"Flat Webbing Sling 10 Ton Polyester Double Duplex","isPartOf":{"@id":"https:\/\/qingdaohf.com\/bg\/#website"},"primaryImageOfPage":{"@id":"https:\/\/qingdaohf.com\/product\/webbing-sling-10-ton\/#primaryimage"},"image":{"@id":"https:\/\/qingdaohf.com\/product\/webbing-sling-10-ton\/#primaryimage"},"thumbnailUrl":"https:\/\/qingdaohf.com\/wp-content\/uploads\/2024\/10\/10-tons_1.webp","datePublished":"2024-11-05T09:59:58+00:00","dateModified":"2025-11-13T01:02:52+00:00","breadcrumb":{"@id":"https:\/\/qingdaohf.com\/product\/webbing-sling-10-ton\/#breadcrumb"},"inLanguage":"pl-PL","potentialAction":[{"@type":"ReadAction","target":["https:\/\/qingdaohf.com\/product\/webbing-sling-10-ton\/"]}]},{"@type":"ImageObject","inLanguage":"pl-PL","@id":"https:\/\/qingdaohf.com\/product\/webbing-sling-10-ton\/#primaryimage","url":"https:\/\/qingdaohf.com\/wp-content\/uploads\/2024\/10\/10-tons_1.webp","contentUrl":"https:\/\/qingdaohf.com\/wp-content\/uploads\/2024\/10\/10-tons_1.webp","width":1000,"height":1000,"caption":"Webbing Sling 10 Ton"},{"@type":"BreadcrumbList","@id":"https:\/\/qingdaohf.com\/product\/webbing-sling-10-ton\/#breadcrumb","itemListElement":[{"@type":"ListItem","position":1,"name":"Home","item":"https:\/\/qingdaohf.com\/"},{"@type":"ListItem","position":2,"name":"Concrete Forming Accessories and Rigging Hardware","item":"https:\/\/qingdaohf.com\/bg\/?page_id=944"},{"@type":"ListItem","position":3,"name":"Flat Webbing Sling 10 Ton Polyester Double Duplex"}]},{"@type":"WebSite","@id":"https:\/\/qingdaohf.com\/bg\/#website","url":"https:\/\/qingdaohf.com\/bg\/","name":"Concrete Form & Rigging Hardware Supplier","description":"","publisher":{"@id":"https:\/\/qingdaohf.com\/bg\/#organization"},"potentialAction":[{"@type":"SearchAction","target":{"@type":"EntryPoint","urlTemplate":"https:\/\/qingdaohf.com\/bg\/?s={search_term_string}"},"query-input":{"@type":"PropertyValueSpecification","valueRequired":true,"valueName":"search_term_string"}}],"inLanguage":"pl-PL"},{"@type":"Organization","@id":"https:\/\/qingdaohf.com\/bg\/#organization","name":"Qingdao H&F","url":"https:\/\/qingdaohf.com\/bg\/","logo":{"@type":"ImageObject","inLanguage":"pl-PL","@id":"https:\/\/qingdaohf.com\/bg\/#\/schema\/logo\/image\/","url":"https:\/\/qingdaohf.com\/wp-content\/uploads\/2022\/12\/cropped-HF-LOGO.png","contentUrl":"https:\/\/qingdaohf.com\/wp-content\/uploads\/2022\/12\/cropped-HF-LOGO.png","width":391,"height":249,"caption":"Qingdao H&F"},"image":{"@id":"https:\/\/qingdaohf.com\/bg\/#\/schema\/logo\/image\/"},"sameAs":["https:\/\/www.facebook.com\/qingdaohf"]}]}},"_links":{"self":[{"href":"https:\/\/qingdaohf.com\/pl\/wp-json\/wp\/v2\/product\/8291","targetHints":{"allow":["GET"]}}],"collection":[{"href":"https:\/\/qingdaohf.com\/pl\/wp-json\/wp\/v2\/product"}],"about":[{"href":"https:\/\/qingdaohf.com\/pl\/wp-json\/wp\/v2\/types\/product"}],"replies":[{"embeddable":true,"href":"https:\/\/qingdaohf.com\/pl\/wp-json\/wp\/v2\/comments?post=8291"}],"version-history":[{"count":2,"href":"https:\/\/qingdaohf.com\/pl\/wp-json\/wp\/v2\/product\/8291\/revisions"}],"predecessor-version":[{"id":8333,"href":"https:\/\/qingdaohf.com\/pl\/wp-json\/wp\/v2\/product\/8291\/revisions\/8333"}],"wp:featuredmedia":[{"embeddable":true,"href":"https:\/\/qingdaohf.com\/pl\/wp-json\/wp\/v2\/media\/8192"}],"wp:attachment":[{"href":"https:\/\/qingdaohf.com\/pl\/wp-json\/wp\/v2\/media?parent=8291"}],"wp:term":[{"taxonomy":"product_brand","embeddable":true,"href":"https:\/\/qingdaohf.com\/pl\/wp-json\/wp\/v2\/product_brand?post=8291"},{"taxonomy":"product_cat","embeddable":true,"href":"https:\/\/qingdaohf.com\/pl\/wp-json\/wp\/v2\/product_cat?post=8291"},{"taxonomy":"product_tag","embeddable":true,"href":"https:\/\/qingdaohf.com\/pl\/wp-json\/wp\/v2\/product_tag?post=8291"}],"curies":[{"name":"wp","href":"https:\/\/api.w.org\/{rel}","templated":true}]}}