{"id":8310,"date":"2024-11-07T14:33:56","date_gmt":"2024-11-07T06:33:56","guid":{"rendered":"http:\/\/qingdaohf.com\/?post_type=product&#038;p=8310"},"modified":"2025-11-13T09:02:52","modified_gmt":"2025-11-13T01:02:52","slug":"spek-anchor-stockless-anchor","status":"publish","type":"product","link":"https:\/\/qingdaohf.com\/pl\/produkt\/kotwica-spek-kotwica-stockless\/","title":{"rendered":"Kotwica Spek Anchor Stockless"},"content":{"rendered":"<h3>Przegl\u0105d i unikalna konstrukcja kotwic Spek<\/h3>\n<p>Kotwica Spek jest powszechnie preferowanym typem kotwicy stosowanym w przemy\u015ble morskim i offshore, wybranym ze wzgl\u0119du na swoj\u0105 charakterystyczn\u0105 konstrukcj\u0119, kt\u00f3ra podkre\u015bla stabilno\u015b\u0107 i trwa\u0142o\u015b\u0107. Jako jeden z bardziej tradycyjnych styl\u00f3w kotwic, kotwica Spek zyska\u0142a reputacj\u0119 skutecznej w r\u00f3\u017cnych warunkach morskich, g\u0142\u00f3wnie ze wzgl\u0119du na jej zdolno\u015b\u0107 do szybkiego zag\u0142\u0119biania si\u0119 w r\u00f3\u017cne dna morskie. W por\u00f3wnaniu z innymi kotwicami, konstrukcja kotwicy Spek pozwala na szybkie osadzenie po uruchomieniu, co jest cech\u0105 wysoce po\u017c\u0105dan\u0105 dla statk\u00f3w, kt\u00f3re potrzebuj\u0105 niezawodnej si\u0142y trzymania bez wyd\u0142u\u017conych procedur kotwiczenia.<\/p>\n<p>Ten typ kotwicy posiada specjalnie zaprojektowan\u0105 g\u0142owic\u0119 i trzon, zoptymalizowane pod k\u0105tem odporno\u015bci na si\u0142y obrotowe spowodowane zmianami ruchu wody. Ten unikalny kszta\u0142t nie tylko minimalizuje op\u00f3r, ale tak\u017ce utrzymuje stabilno\u015b\u0107 podczas nag\u0142ych zmian pr\u0105du, zapewniaj\u0105c spok\u00f3j operatorom statk\u00f3w, kt\u00f3rzy polegaj\u0105 na sta\u0142ej sile trzymania. Geometria kotwicy Spek obejmuje szeroki k\u0105t nachylenia i obci\u0105\u017cony trzon, kt\u00f3ry pomaga utrzyma\u0107 korzystny k\u0105t wej\u015bcia w dno morskie. Ta cecha pozwala na szybkie osadzenie i zabezpieczenie w piaszczystym lub b\u0142otnistym pod\u0142o\u017cu, dzi\u0119ki czemu jest wszechstronna w r\u00f3\u017cnych \u015brodowiskach morskich.<\/p>\n<p>W Qingdao H&amp;F dostarczamy kotwice Spek, kt\u00f3re spe\u0142niaj\u0105 te krytyczne standardy wydajno\u015bci, jednocze\u015bnie zwi\u0119kszaj\u0105c wygod\u0119 klienta dzi\u0119ki dodatkowemu wsparciu i zapewnieniu jako\u015bci. Dostarczamy szereg raport\u00f3w z kontroli jako\u015bci w celu potwierdzenia integralno\u015bci strukturalnej i wydajno\u015bci ka\u017cdej kotwicy, zapewniaj\u0105c zgodno\u015b\u0107 z rygorystycznymi przepisami bezpiecze\u0144stwa morskiego. Oferuj\u0105c indywidualne wsparcie klienta, pomagamy kupuj\u0105cym w wyborze optymalnego rozmiaru i typu kotwicy do ich konkretnych zastosowa\u0144. Nasz niezawodny i szybki proces dostawy dodatkowo zapewnia, \u017ce klienci otrzymuj\u0105 swoje produkty na czas, zmniejszaj\u0105c potencjalne op\u00f3\u017anienia w operacjach.<\/p>\n<p><img fetchpriority=\"high\" decoding=\"async\" class=\"alignnone wp-image-8317 size-full\" src=\"http:\/\/qingdaohf.com\/wp-content\/uploads\/2024\/11\/spek-anchor-1.jpg\" alt=\"\" width=\"640\" height=\"640\" srcset=\"https:\/\/qingdaohf.com\/wp-content\/uploads\/2024\/11\/spek-anchor-1.jpg 640w, https:\/\/qingdaohf.com\/wp-content\/uploads\/2024\/11\/spek-anchor-1-300x300.jpg 300w, https:\/\/qingdaohf.com\/wp-content\/uploads\/2024\/11\/spek-anchor-1-150x150.jpg 150w, https:\/\/qingdaohf.com\/wp-content\/uploads\/2024\/11\/spek-anchor-1-12x12.jpg 12w, https:\/\/qingdaohf.com\/wp-content\/uploads\/2024\/11\/spek-anchor-1-500x500.jpg 500w, https:\/\/qingdaohf.com\/wp-content\/uploads\/2024\/11\/spek-anchor-1-100x100.jpg 100w\" sizes=\"(max-width: 640px) 100vw, 640px\" \/> <img decoding=\"async\" class=\"alignnone wp-image-8318 size-full\" src=\"http:\/\/qingdaohf.com\/wp-content\/uploads\/2024\/11\/spek-anchor-1.png\" alt=\"\" width=\"598\" height=\"727\" srcset=\"https:\/\/qingdaohf.com\/wp-content\/uploads\/2024\/11\/spek-anchor-1.png 598w, https:\/\/qingdaohf.com\/wp-content\/uploads\/2024\/11\/spek-anchor-1-247x300.png 247w, https:\/\/qingdaohf.com\/wp-content\/uploads\/2024\/11\/spek-anchor-1-10x12.png 10w\" sizes=\"(max-width: 598px) 100vw, 598px\" \/><\/p>\n<h3>Zastosowania i wszechstronno\u015b\u0107 kotwic Spek w r\u00f3\u017cnych \u015brodowiskach morskich<\/h3>\n<p>Kotwica Spek jest cz\u0119sto wybierana do statk\u00f3w handlowych, platform wiertniczych i innych du\u017cych jednostek p\u0142ywaj\u0105cych ze wzgl\u0119du na jej imponuj\u0105c\u0105 si\u0142\u0119 trzymania i zdolno\u015b\u0107 adaptacji. Kotwica jest szczeg\u00f3lnie skuteczna w przypadku wi\u0119kszych statk\u00f3w, gdzie bezpieczne cumowanie ma kluczowe znaczenie dla utrzymania stabilno\u015bci podczas d\u0142u\u017cszych pobyt\u00f3w. W umiarkowanych i ci\u0119\u017ckich warunkach morskich kotwica Spek zapewnia przewag\u0119 dzi\u0119ki odporno\u015bci na ruchy boczne i zdolno\u015bci do utrzymywania si\u0119 nawet w zmiennych pr\u0105dach. Te cechy sprawiaj\u0105, \u017ce jest to preferowany wyb\u00f3r w sytuacjach, w kt\u00f3rych wymagane jest bezpieczne zakotwiczenie pomimo nieprzewidywalnych warunk\u00f3w \u015brodowiskowych.<\/p>\n<p>Dla nabywc\u00f3w w sektorze morskim i offshore, trwa\u0142o\u015b\u0107, \u0142atwo\u015b\u0107 wdro\u017cenia i efektywno\u015b\u0107 kosztowa s\u0105 kluczowymi czynnikami. Konstrukcja kotwicy Spek nie tylko u\u0142atwia u\u017cytkowanie, ale tak\u017ce zmniejsza zu\u017cycie \u0142a\u0144cucha kotwicznego i powi\u0105zanego sprz\u0119tu, minimalizuj\u0105c nag\u0142e wstrz\u0105sy lub przeci\u0105gni\u0119cia, kt\u00f3re mog\u0105 wyst\u0105pi\u0107 w przypadku mniej stabilnych typ\u00f3w kotwic. Statki nawiguj\u0105ce w regionach o piaszczystym, b\u0142otnistym, a nawet skalistym dnie morskim korzystaj\u0105 z szybkiego i niezawodnego ustawienia kotwicy Spek, poniewa\u017c dobrze dostosowuje si\u0119 ona do wielu rodzaj\u00f3w powierzchni.<\/p>\n<p>W Qingdao H&amp;F k\u0142adziemy nacisk na dostarczanie produkt\u00f3w, kt\u00f3re spe\u0142niaj\u0105 te potrzeby operacyjne, oferuj\u0105c jednocze\u015bnie korzy\u015bci, kt\u00f3re zwi\u0119kszaj\u0105 komfort zakup\u00f3w. Nasze zaanga\u017cowanie w szybkie cykle dostaw gwarantuje, \u017ce klienci mog\u0105 szybko zintegrowa\u0107 nowy sprz\u0119t bez wyd\u0142u\u017conych okres\u00f3w oczekiwania. Ponadto przeprowadzamy dok\u0142adne testy ka\u017cdej kotwy Spek, dostarczaj\u0105c szczeg\u00f3\u0142owe raporty z inspekcji w celu potwierdzenia trwa\u0142o\u015bci, wagi i parametr\u00f3w wydajno\u015bci kotwy. Ten poziom kontroli jako\u015bci jest szczeg\u00f3lnie wa\u017cny dla nabywc\u00f3w, kt\u00f3rzy musz\u0105 przestrzega\u0107 norm bezpiecze\u0144stwa morskiego i wymagaj\u0105 jasnej dokumentacji w celu weryfikacji niezawodno\u015bci sprz\u0119tu.<\/p>\n<h3>Korzy\u015bci z wyboru kotwic Spek od Qingdao H&amp;F<\/h3>\n<p>Wyb\u00f3r kotwicy Spek od Qingdao H&amp;F oznacza inwestycj\u0119 w co\u015b wi\u0119cej ni\u017c tylko produkt; oznacza to pozyskanie zaufanego partnera w zakresie zaopatrzenia w sprz\u0119t morski. Dzi\u0119ki ponad 20-letniemu do\u015bwiadczeniu w handlu mi\u0119dzynarodowym, Qingdao H&amp;F zyska\u0142o reputacj\u0119 niezawodnego i zaanga\u017cowanego w zadowolenie klienta. Rozumiemy wymagania operacyjne przemys\u0142u morskiego i staramy si\u0119 im sprosta\u0107, zapewniaj\u0105c, \u017ce ka\u017cda kotwica nie tylko spe\u0142nia rygorystyczne standardy jako\u015bci, ale tak\u017ce spe\u0142nia specyficzne wymagania naszych klient\u00f3w.<\/p>\n<p>Nasz model obs\u0142ugi klienta \"jeden na jeden\" wyr\u00f3\u017cnia nas na tle innych dostawc\u00f3w, wspieraj\u0105c spersonalizowane podej\u015bcie do ka\u017cdej transakcji. Od wst\u0119pnego zapytania po dostaw\u0119, klienci otrzymuj\u0105 dedykowan\u0105 pomoc od naszych kompetentnych pracownik\u00f3w, kt\u00f3rzy udzielaj\u0105 wskaz\u00f3wek w oparciu o standardy bran\u017cowe i wymagania dotycz\u0105ce konkretnych zastosowa\u0144. Na przyk\u0142ad oferujemy porady dotycz\u0105ce wyboru odpowiedniej wagi i rozmiaru kotwicy Spek w oparciu o typ statku i typowe warunki morskie, zapewniaj\u0105c, \u017ce klienci podejmuj\u0105 \u015bwiadome decyzje, kt\u00f3re zwi\u0119kszaj\u0105 bezpiecze\u0144stwo operacyjne i wydajno\u015b\u0107.<\/p>\n<p>Nasze zaanga\u017cowanie w przejrzysto\u015b\u0107 jest dodatkowo podkre\u015blone przez nasz szeroko zakrojony proces zapewniania jako\u015bci. Ka\u017cda kotwa Spek przechodzi kompleksowe testy w celu weryfikacji takich czynnik\u00f3w jak wytrzyma\u0142o\u015b\u0107 na rozci\u0105ganie, sp\u00f3jno\u015b\u0107 masy i odporno\u015b\u0107 na korozj\u0119. Te procesy testowania s\u0105 dokumentowane w szczeg\u00f3\u0142owych raportach z kontroli, kt\u00f3re udost\u0119pniamy klientom, zapewniaj\u0105c im pewno\u015b\u0107 co do trwa\u0142o\u015bci i wydajno\u015bci produktu. Co wi\u0119cej, nasza wydajna logistyka i opcje dostawy z magazynu do magazynu umo\u017cliwiaj\u0105 terminowe dostarczanie produkt\u00f3w, co pomaga zminimalizowa\u0107 przerwy w dzia\u0142alno\u015bci klient\u00f3w i maksymalizuje wygod\u0119.<\/p>\n<p>Koncentracja Qingdao H&amp;F na doskona\u0142o\u015bci us\u0142ug i jako\u015bci produkt\u00f3w sprawia, \u017ce jeste\u015bmy idealnym wyborem dla nabywc\u00f3w poszukuj\u0105cych nie tylko solidnych, niezawodnych kotwic, ale tak\u017ce bezproblemowego do\u015bwiadczenia zakupowego.<\/p>","protected":false},"excerpt":{"rendered":"<p>Kotwica Spek, podstawa w zastosowaniach morskich, jest wysoko ceniona przez nabywc\u00f3w poszukuj\u0105cych r\u00f3wnowagi mi\u0119dzy niezawodno\u015bci\u0105 i wydajno\u015bci\u0105 w r\u00f3\u017cnych warunkach oceanicznych. Znana ze swojej solidnej si\u0142y trzymania i stabilno\u015bci, kotwica Spek jest szczeg\u00f3lnie odpowiednia dla statk\u00f3w na umiarkowanych i wzburzonych morzach. W Qingdao H&amp;F idziemy o krok dalej, zapewniaj\u0105c indywidualn\u0105 obs\u0142ug\u0119 klienta, aby zapewni\u0107 ka\u017cdemu klientowi wskaz\u00f3wki dostosowane do jego konkretnych wymaga\u0144. Nasz szybki cykl dostaw skraca czas przestoj\u00f3w, a szereg raport\u00f3w z kontroli jako\u015bci daje nabywcom dodatkow\u0105 pewno\u015b\u0107 co do niezawodno\u015bci i trwa\u0142o\u015bci produktu. Dla profesjonalist\u00f3w z bran\u017cy morskiej, nasza koncentracja na wyj\u0105tkowej obs\u0142udze i usprawnionych procesach zapewnia bezproblemowe zakupy.<\/p>","protected":false},"featured_media":8311,"comment_status":"open","ping_status":"closed","template":"","meta":{"site-sidebar-layout":"default","site-content-layout":"","ast-site-content-layout":"default","site-content-style":"default","site-sidebar-style":"default","ast-global-header-display":"","ast-banner-title-visibility":"","ast-main-header-display":"","ast-hfb-above-header-display":"","ast-hfb-below-header-display":"","ast-hfb-mobile-header-display":"","site-post-title":"","ast-breadcrumbs-content":"","ast-featured-img":"","footer-sml-layout":"","theme-transparent-header-meta":"default","adv-header-id-meta":"","stick-header-meta":"default","header-above-stick-meta":"","header-main-stick-meta":"","header-below-stick-meta":"","astra-migrate-meta-layouts":"set","ast-page-background-enabled":"default","ast-page-background-meta":{"desktop":{"background-color":"","background-image":"","background-repeat":"repeat","background-position":"center center","background-size":"auto","background-attachment":"scroll","background-type":"","background-media":"","overlay-type":"","overlay-color":"","overlay-opacity":"","overlay-gradient":""},"tablet":{"background-color":"","background-image":"","background-repeat":"repeat","background-position":"center center","background-size":"auto","background-attachment":"scroll","background-type":"","background-media":"","overlay-type":"","overlay-color":"","overlay-opacity":"","overlay-gradient":""},"mobile":{"background-color":"","background-image":"","background-repeat":"repeat","background-position":"center center","background-size":"auto","background-attachment":"scroll","background-type":"","background-media":"","overlay-type":"","overlay-color":"","overlay-opacity":"","overlay-gradient":""}},"ast-content-background-meta":{"desktop":{"background-color":"var(--ast-global-color-5)","background-image":"","background-repeat":"repeat","background-position":"center center","background-size":"auto","background-attachment":"scroll","background-type":"","background-media":"","overlay-type":"","overlay-color":"","overlay-opacity":"","overlay-gradient":""},"tablet":{"background-color":"var(--ast-global-color-5)","background-image":"","background-repeat":"repeat","background-position":"center center","background-size":"auto","background-attachment":"scroll","background-type":"","background-media":"","overlay-type":"","overlay-color":"","overlay-opacity":"","overlay-gradient":""},"mobile":{"background-color":"var(--ast-global-color-5)","background-image":"","background-repeat":"repeat","background-position":"center center","background-size":"auto","background-attachment":"scroll","background-type":"","background-media":"","overlay-type":"","overlay-color":"","overlay-opacity":"","overlay-gradient":""}}},"product_brand":[],"product_cat":[74],"product_tag":[],"class_list":{"0":"post-8310","1":"product","2":"type-product","3":"status-publish","4":"has-post-thumbnail","6":"product_cat-boat-anchor","7":"desktop-align-left","8":"tablet-align-left","9":"mobile-align-left","10":"ast-product-gallery-layout-horizontal-slider","11":"ast-product-tabs-layout-horizontal","13":"first","14":"instock","15":"shipping-taxable","16":"purchasable","17":"product-type-simple"},"yoast_head":"<!-- This site is optimized with the Yoast SEO plugin v25.2 - https:\/\/yoast.com\/wordpress\/plugins\/seo\/ -->\n<title>Spek Anchor Stockless Anchor<\/title>\n<meta name=\"robots\" content=\"index, follow, max-snippet:-1, max-image-preview:large, max-video-preview:-1\" \/>\n<link rel=\"canonical\" href=\"https:\/\/qingdaohf.com\/pl\/produkt\/kotwica-spek-kotwica-stockless\/\" \/>\n<meta property=\"og:locale\" content=\"pl_PL\" \/>\n<meta property=\"og:type\" content=\"article\" \/>\n<meta property=\"og:title\" content=\"Spek Anchor Stockless Anchor\" \/>\n<meta property=\"og:description\" content=\"The Spek Anchor, a staple in marine applications, is highly valued by buyers seeking a balance of reliability and efficient performance in diverse ocean conditions. Known for its robust holding power and stability, the Spek Anchor is particularly well-suited for vessels in moderate to rough seas. At Qingdao H&amp;F, we go a step further by providing one-on-one customer service to ensure each client receives guidance tailored to their specific requirements. Our fast delivery cycle reduces downtime, while our range of quality inspection reports offers buyers added confidence in product reliability and durability. For marine industry professionals, our focus on exceptional service and streamlined processes ensures a seamless purchasing experience.\" \/>\n<meta property=\"og:url\" content=\"https:\/\/qingdaohf.com\/pl\/produkt\/kotwica-spek-kotwica-stockless\/\" \/>\n<meta property=\"og:site_name\" content=\"Concrete Form &amp; Rigging Hardware Supplier\" \/>\n<meta property=\"article:publisher\" content=\"https:\/\/www.facebook.com\/qingdaohf\" \/>\n<meta property=\"article:modified_time\" content=\"2025-11-13T01:02:52+00:00\" \/>\n<meta property=\"og:image\" content=\"https:\/\/qingdaohf.com\/wp-content\/uploads\/2024\/11\/spek-anchor.jpg\" \/>\n\t<meta property=\"og:image:width\" content=\"1000\" \/>\n\t<meta property=\"og:image:height\" content=\"1000\" \/>\n\t<meta property=\"og:image:type\" content=\"image\/jpeg\" \/>\n<meta name=\"twitter:card\" content=\"summary_large_image\" \/>\n<meta name=\"twitter:label1\" content=\"Szacowany czas czytania\" \/>\n\t<meta name=\"twitter:data1\" content=\"5 minut\" \/>\n<script type=\"application\/ld+json\" class=\"yoast-schema-graph\">{\"@context\":\"https:\/\/schema.org\",\"@graph\":[{\"@type\":\"WebPage\",\"@id\":\"https:\/\/qingdaohf.com\/product\/spek-anchor-stockless-anchor\/\",\"url\":\"https:\/\/qingdaohf.com\/product\/spek-anchor-stockless-anchor\/\",\"name\":\"Spek Anchor Stockless Anchor\",\"isPartOf\":{\"@id\":\"https:\/\/qingdaohf.com\/bg\/#website\"},\"primaryImageOfPage\":{\"@id\":\"https:\/\/qingdaohf.com\/product\/spek-anchor-stockless-anchor\/#primaryimage\"},\"image\":{\"@id\":\"https:\/\/qingdaohf.com\/product\/spek-anchor-stockless-anchor\/#primaryimage\"},\"thumbnailUrl\":\"https:\/\/qingdaohf.com\/wp-content\/uploads\/2024\/11\/spek-anchor.jpg\",\"datePublished\":\"2024-11-07T06:33:56+00:00\",\"dateModified\":\"2025-11-13T01:02:52+00:00\",\"breadcrumb\":{\"@id\":\"https:\/\/qingdaohf.com\/product\/spek-anchor-stockless-anchor\/#breadcrumb\"},\"inLanguage\":\"pl-PL\",\"potentialAction\":[{\"@type\":\"ReadAction\",\"target\":[\"https:\/\/qingdaohf.com\/product\/spek-anchor-stockless-anchor\/\"]}]},{\"@type\":\"ImageObject\",\"inLanguage\":\"pl-PL\",\"@id\":\"https:\/\/qingdaohf.com\/product\/spek-anchor-stockless-anchor\/#primaryimage\",\"url\":\"https:\/\/qingdaohf.com\/wp-content\/uploads\/2024\/11\/spek-anchor.jpg\",\"contentUrl\":\"https:\/\/qingdaohf.com\/wp-content\/uploads\/2024\/11\/spek-anchor.jpg\",\"width\":1000,\"height\":1000,\"caption\":\"spek anchor\"},{\"@type\":\"BreadcrumbList\",\"@id\":\"https:\/\/qingdaohf.com\/product\/spek-anchor-stockless-anchor\/#breadcrumb\",\"itemListElement\":[{\"@type\":\"ListItem\",\"position\":1,\"name\":\"Home\",\"item\":\"https:\/\/qingdaohf.com\/\"},{\"@type\":\"ListItem\",\"position\":2,\"name\":\"Concrete Forming Accessories and Rigging Hardware\",\"item\":\"https:\/\/qingdaohf.com\/bg\/?page_id=944\"},{\"@type\":\"ListItem\",\"position\":3,\"name\":\"Spek Anchor Stockless Anchor\"}]},{\"@type\":\"WebSite\",\"@id\":\"https:\/\/qingdaohf.com\/bg\/#website\",\"url\":\"https:\/\/qingdaohf.com\/bg\/\",\"name\":\"Concrete Form & Rigging Hardware Supplier\",\"description\":\"\",\"publisher\":{\"@id\":\"https:\/\/qingdaohf.com\/bg\/#organization\"},\"potentialAction\":[{\"@type\":\"SearchAction\",\"target\":{\"@type\":\"EntryPoint\",\"urlTemplate\":\"https:\/\/qingdaohf.com\/bg\/?s={search_term_string}\"},\"query-input\":{\"@type\":\"PropertyValueSpecification\",\"valueRequired\":true,\"valueName\":\"search_term_string\"}}],\"inLanguage\":\"pl-PL\"},{\"@type\":\"Organization\",\"@id\":\"https:\/\/qingdaohf.com\/bg\/#organization\",\"name\":\"Qingdao H&F\",\"url\":\"https:\/\/qingdaohf.com\/bg\/\",\"logo\":{\"@type\":\"ImageObject\",\"inLanguage\":\"pl-PL\",\"@id\":\"https:\/\/qingdaohf.com\/bg\/#\/schema\/logo\/image\/\",\"url\":\"https:\/\/qingdaohf.com\/wp-content\/uploads\/2022\/12\/cropped-HF-LOGO.png\",\"contentUrl\":\"https:\/\/qingdaohf.com\/wp-content\/uploads\/2022\/12\/cropped-HF-LOGO.png\",\"width\":391,\"height\":249,\"caption\":\"Qingdao H&F\"},\"image\":{\"@id\":\"https:\/\/qingdaohf.com\/bg\/#\/schema\/logo\/image\/\"},\"sameAs\":[\"https:\/\/www.facebook.com\/qingdaohf\"]}]}<\/script>\n<!-- \/ Yoast SEO plugin. -->","yoast_head_json":{"title":"Spek Anchor Stockless Anchor","robots":{"index":"index","follow":"follow","max-snippet":"max-snippet:-1","max-image-preview":"max-image-preview:large","max-video-preview":"max-video-preview:-1"},"canonical":"https:\/\/qingdaohf.com\/pl\/produkt\/kotwica-spek-kotwica-stockless\/","og_locale":"pl_PL","og_type":"article","og_title":"Spek Anchor Stockless Anchor","og_description":"The Spek Anchor, a staple in marine applications, is highly valued by buyers seeking a balance of reliability and efficient performance in diverse ocean conditions. Known for its robust holding power and stability, the Spek Anchor is particularly well-suited for vessels in moderate to rough seas. At Qingdao H&amp;F, we go a step further by providing one-on-one customer service to ensure each client receives guidance tailored to their specific requirements. Our fast delivery cycle reduces downtime, while our range of quality inspection reports offers buyers added confidence in product reliability and durability. For marine industry professionals, our focus on exceptional service and streamlined processes ensures a seamless purchasing experience.","og_url":"https:\/\/qingdaohf.com\/pl\/produkt\/kotwica-spek-kotwica-stockless\/","og_site_name":"Concrete Form &amp; Rigging Hardware Supplier","article_publisher":"https:\/\/www.facebook.com\/qingdaohf","article_modified_time":"2025-11-13T01:02:52+00:00","og_image":[{"width":1000,"height":1000,"url":"https:\/\/qingdaohf.com\/wp-content\/uploads\/2024\/11\/spek-anchor.jpg","type":"image\/jpeg"}],"twitter_card":"summary_large_image","twitter_misc":{"Szacowany czas czytania":"5 minut"},"schema":{"@context":"https:\/\/schema.org","@graph":[{"@type":"WebPage","@id":"https:\/\/qingdaohf.com\/product\/spek-anchor-stockless-anchor\/","url":"https:\/\/qingdaohf.com\/product\/spek-anchor-stockless-anchor\/","name":"Spek Anchor Stockless Anchor","isPartOf":{"@id":"https:\/\/qingdaohf.com\/bg\/#website"},"primaryImageOfPage":{"@id":"https:\/\/qingdaohf.com\/product\/spek-anchor-stockless-anchor\/#primaryimage"},"image":{"@id":"https:\/\/qingdaohf.com\/product\/spek-anchor-stockless-anchor\/#primaryimage"},"thumbnailUrl":"https:\/\/qingdaohf.com\/wp-content\/uploads\/2024\/11\/spek-anchor.jpg","datePublished":"2024-11-07T06:33:56+00:00","dateModified":"2025-11-13T01:02:52+00:00","breadcrumb":{"@id":"https:\/\/qingdaohf.com\/product\/spek-anchor-stockless-anchor\/#breadcrumb"},"inLanguage":"pl-PL","potentialAction":[{"@type":"ReadAction","target":["https:\/\/qingdaohf.com\/product\/spek-anchor-stockless-anchor\/"]}]},{"@type":"ImageObject","inLanguage":"pl-PL","@id":"https:\/\/qingdaohf.com\/product\/spek-anchor-stockless-anchor\/#primaryimage","url":"https:\/\/qingdaohf.com\/wp-content\/uploads\/2024\/11\/spek-anchor.jpg","contentUrl":"https:\/\/qingdaohf.com\/wp-content\/uploads\/2024\/11\/spek-anchor.jpg","width":1000,"height":1000,"caption":"spek anchor"},{"@type":"BreadcrumbList","@id":"https:\/\/qingdaohf.com\/product\/spek-anchor-stockless-anchor\/#breadcrumb","itemListElement":[{"@type":"ListItem","position":1,"name":"Home","item":"https:\/\/qingdaohf.com\/"},{"@type":"ListItem","position":2,"name":"Concrete Forming Accessories and Rigging Hardware","item":"https:\/\/qingdaohf.com\/bg\/?page_id=944"},{"@type":"ListItem","position":3,"name":"Spek Anchor Stockless Anchor"}]},{"@type":"WebSite","@id":"https:\/\/qingdaohf.com\/bg\/#website","url":"https:\/\/qingdaohf.com\/bg\/","name":"Concrete Form & Rigging Hardware Supplier","description":"","publisher":{"@id":"https:\/\/qingdaohf.com\/bg\/#organization"},"potentialAction":[{"@type":"SearchAction","target":{"@type":"EntryPoint","urlTemplate":"https:\/\/qingdaohf.com\/bg\/?s={search_term_string}"},"query-input":{"@type":"PropertyValueSpecification","valueRequired":true,"valueName":"search_term_string"}}],"inLanguage":"pl-PL"},{"@type":"Organization","@id":"https:\/\/qingdaohf.com\/bg\/#organization","name":"Qingdao H&F","url":"https:\/\/qingdaohf.com\/bg\/","logo":{"@type":"ImageObject","inLanguage":"pl-PL","@id":"https:\/\/qingdaohf.com\/bg\/#\/schema\/logo\/image\/","url":"https:\/\/qingdaohf.com\/wp-content\/uploads\/2022\/12\/cropped-HF-LOGO.png","contentUrl":"https:\/\/qingdaohf.com\/wp-content\/uploads\/2022\/12\/cropped-HF-LOGO.png","width":391,"height":249,"caption":"Qingdao H&F"},"image":{"@id":"https:\/\/qingdaohf.com\/bg\/#\/schema\/logo\/image\/"},"sameAs":["https:\/\/www.facebook.com\/qingdaohf"]}]}},"_links":{"self":[{"href":"https:\/\/qingdaohf.com\/pl\/wp-json\/wp\/v2\/product\/8310","targetHints":{"allow":["GET"]}}],"collection":[{"href":"https:\/\/qingdaohf.com\/pl\/wp-json\/wp\/v2\/product"}],"about":[{"href":"https:\/\/qingdaohf.com\/pl\/wp-json\/wp\/v2\/types\/product"}],"replies":[{"embeddable":true,"href":"https:\/\/qingdaohf.com\/pl\/wp-json\/wp\/v2\/comments?post=8310"}],"version-history":[{"count":1,"href":"https:\/\/qingdaohf.com\/pl\/wp-json\/wp\/v2\/product\/8310\/revisions"}],"predecessor-version":[{"id":8319,"href":"https:\/\/qingdaohf.com\/pl\/wp-json\/wp\/v2\/product\/8310\/revisions\/8319"}],"wp:featuredmedia":[{"embeddable":true,"href":"https:\/\/qingdaohf.com\/pl\/wp-json\/wp\/v2\/media\/8311"}],"wp:attachment":[{"href":"https:\/\/qingdaohf.com\/pl\/wp-json\/wp\/v2\/media?parent=8310"}],"wp:term":[{"taxonomy":"product_brand","embeddable":true,"href":"https:\/\/qingdaohf.com\/pl\/wp-json\/wp\/v2\/product_brand?post=8310"},{"taxonomy":"product_cat","embeddable":true,"href":"https:\/\/qingdaohf.com\/pl\/wp-json\/wp\/v2\/product_cat?post=8310"},{"taxonomy":"product_tag","embeddable":true,"href":"https:\/\/qingdaohf.com\/pl\/wp-json\/wp\/v2\/product_tag?post=8310"}],"curies":[{"name":"wp","href":"https:\/\/api.w.org\/{rel}","templated":true}]}}