{"id":8320,"date":"2024-11-07T14:41:32","date_gmt":"2024-11-07T06:41:32","guid":{"rendered":"http:\/\/qingdaohf.com\/?post_type=product&#038;p=8320"},"modified":"2025-11-13T09:02:52","modified_gmt":"2025-11-13T01:02:52","slug":"ac-14-anchor","status":"publish","type":"product","link":"https:\/\/qingdaohf.com\/pl\/produkt\/kotwica-ac-14\/","title":{"rendered":"Kotwica AC-14"},"content":{"rendered":"<h3>Kotwica AC-14: Wszechstronno\u015b\u0107, konstrukcja i zastosowanie w \u015brodowisku morskim<\/h3>\n<p>Kotwica AC-14, znana ze swojej wszechstronno\u015bci i solidnej si\u0142y trzymania, reprezentuje ewolucj\u0119 w technologii kotwic zaprojektowanej w celu zwi\u0119kszenia stabilno\u015bci i trwa\u0142o\u015bci w r\u00f3\u017cnych warunkach morskich. Jako kotwica, kt\u00f3ra konsekwentnie oferuje niezawodne dzia\u0142anie, AC-14 sta\u0142a si\u0119 preferowanym wyborem dla r\u00f3\u017cnych jednostek p\u0142ywaj\u0105cych, od statk\u00f3w handlowych po platformy wiertnicze. Charakterystyczna geometria i zdolno\u015b\u0107 utrzymywania zapewniaj\u0105, \u017ce kotwica ta mo\u017ce wytrzyma\u0107 rygory wzburzonych w\u00f3d, piaszczyste lub b\u0142otniste dna morskie i zmienne p\u0142ywy.<\/p>\n<p><img fetchpriority=\"high\" decoding=\"async\" class=\"alignnone wp-image-8321 size-full\" src=\"http:\/\/qingdaohf.com\/wp-content\/uploads\/2024\/11\/ac14.jpg\" alt=\"\" width=\"640\" height=\"640\" srcset=\"https:\/\/qingdaohf.com\/wp-content\/uploads\/2024\/11\/ac14.jpg 640w, https:\/\/qingdaohf.com\/wp-content\/uploads\/2024\/11\/ac14-300x300.jpg 300w, https:\/\/qingdaohf.com\/wp-content\/uploads\/2024\/11\/ac14-150x150.jpg 150w, https:\/\/qingdaohf.com\/wp-content\/uploads\/2024\/11\/ac14-12x12.jpg 12w, https:\/\/qingdaohf.com\/wp-content\/uploads\/2024\/11\/ac14-500x500.jpg 500w, https:\/\/qingdaohf.com\/wp-content\/uploads\/2024\/11\/ac14-100x100.jpg 100w\" sizes=\"(max-width: 640px) 100vw, 640px\" \/> <img decoding=\"async\" class=\"alignnone wp-image-8322 size-full\" src=\"http:\/\/qingdaohf.com\/wp-content\/uploads\/2024\/11\/ac-14-anchor.png\" alt=\"\" width=\"1747\" height=\"500\" srcset=\"https:\/\/qingdaohf.com\/wp-content\/uploads\/2024\/11\/ac-14-anchor.png 1747w, https:\/\/qingdaohf.com\/wp-content\/uploads\/2024\/11\/ac-14-anchor-300x86.png 300w, https:\/\/qingdaohf.com\/wp-content\/uploads\/2024\/11\/ac-14-anchor-1024x293.png 1024w, https:\/\/qingdaohf.com\/wp-content\/uploads\/2024\/11\/ac-14-anchor-768x220.png 768w, https:\/\/qingdaohf.com\/wp-content\/uploads\/2024\/11\/ac-14-anchor-1536x440.png 1536w, https:\/\/qingdaohf.com\/wp-content\/uploads\/2024\/11\/ac-14-anchor-18x5.png 18w, https:\/\/qingdaohf.com\/wp-content\/uploads\/2024\/11\/ac-14-anchor-1000x286.png 1000w\" sizes=\"(max-width: 1747px) 100vw, 1747px\" \/><\/p>\n<h4>Konstrukcja i in\u017cynieria kotwicy AC-14<\/h4>\n<p>Konstrukcja kotwicy AC-14 odzwierciedla skrupulatn\u0105 dba\u0142o\u015b\u0107 zar\u00f3wno o form\u0119, jak i funkcjonalno\u015b\u0107. Jej op\u0142ywowa konstrukcja, cz\u0119sto wykonana z wysokiej jako\u015bci stali odpornej na korozj\u0119, minimalizuje op\u00f3r i poprawia penetracj\u0119 w r\u00f3\u017cnych kompozycjach dna morskiego. Konstrukcja zawiera p\u0142etwy o unikalnym kszta\u0142cie i k\u0105cie, aby zapewni\u0107 g\u0142\u0119bokie osadzenie, zapewniaj\u0105c pewny chwyt na dnie morskim. Ta cecha jest szczeg\u00f3lnie istotna podczas cumowania w \u015brodowiskach o mi\u0119kkim pod\u0142o\u017cu, takich jak piasek lub mu\u0142, gdzie si\u0142a trzymania ma kluczowe znaczenie dla zapobiegania przeci\u0105ganiu lub wyporno\u015bci.<\/p>\n<p>Dodatkowo, kompaktowy profil AC-14 pozwala na \u0142atwiejsze przechowywanie na pok\u0142adzie bez po\u015bwi\u0119cania si\u0142y trzymania, co jest korzystne dla statk\u00f3w o ograniczonej przestrzeni na pok\u0142adzie. Jako kotwica o du\u017cej sile trzymania (HHP), zapewnia dwukrotnie wi\u0119ksz\u0105 si\u0142\u0119 trzymania ni\u017c standardowa kotwica o tej samej wadze, zmniejszaj\u0105c potrzeb\u0119 nadmiernego balastowania. Ten stosunek wydajno\u015bci do masy jest znacz\u0105c\u0105 zalet\u0105 dla wi\u0119kszych statk\u00f3w, kt\u00f3re chc\u0105 zoptymalizowa\u0107 przestrze\u0144 i og\u00f3lne koszty operacyjne. W przypadku statk\u00f3w, kt\u00f3re dzia\u0142aj\u0105 w zmiennych warunkach morskich, konstrukcja AC-14 spe\u0142nia zar\u00f3wno potrzeb\u0119 niezawodno\u015bci, jak i trwa\u0142o\u015bci, zapewniaj\u0105c kotwic\u0119, kt\u00f3ra pozostaje stabilna i bezpieczna przy zmiennych pr\u0105dach i rodzajach dna morskiego.<\/p>\n<h4>Zalety kotwicy AC-14 w zastosowaniach praktycznych<\/h4>\n<p>Kotwica AC-14 zosta\u0142a zaprojektowana tak, aby zapewni\u0107 niezawodne dzia\u0142anie w r\u00f3\u017cnych \u015brodowiskach morskich, dzi\u0119ki czemu jest cennym zasobem zar\u00f3wno do kr\u00f3tkotrwa\u0142ego cumowania, jak i d\u0142ugotrwa\u0142ego kotwiczenia. Jej wysoka zdolno\u015b\u0107 utrzymywania oznacza, \u017ce mo\u017ce skutecznie zabezpiecza\u0107 nawet du\u017ce statki, minimalizuj\u0105c ryzyko dryfowania podczas sztorm\u00f3w lub niekorzystnych warunk\u00f3w pogodowych. Ta cecha jest szczeg\u00f3lnie wa\u017cna dla statk\u00f3w zaanga\u017cowanych w operacje na morzu, gdzie utrzymanie sta\u0142ej pozycji ma kluczowe znaczenie dla bezpiecze\u0144stwa i wydajno\u015bci operacyjnej.<\/p>\n<p>Jedn\u0105 z kluczowych zalet kotwicy AC-14 jest jej zdolno\u015b\u0107 adaptacji do r\u00f3\u017cnych warunk\u00f3w dna morskiego. Jej z\u0119by mog\u0105 g\u0142\u0119boko osadza\u0107 si\u0119 w mi\u0119kkich pod\u0142o\u017cach, takich jak piasek i b\u0142oto, ale wykazuje r\u00f3wnie\u017c imponuj\u0105c\u0105 stabilno\u015b\u0107 na twardszych rodzajach pod\u0142o\u017ca, w tym na \u017cwirze lub dnie morskim pokrytym ska\u0142ami. Ta wszechstronno\u015b\u0107 zapewnia, \u017ce statki nie s\u0105 ograniczone ograniczeniami \u015brodowiskowymi, dzi\u0119ki czemu AC-14 jest odpowiednim wyborem dla szerokiego zakresu operacji morskich.<\/p>\n<p>Opr\u00f3cz praktycznej stabilno\u015bci, konstrukcja kotwicy zmniejsza prawdopodobie\u0144stwo uszkodzenia dna morskiego, co jest zgodne z rosn\u0105c\u0105 \u015bwiadomo\u015bci\u0105 ekologiczn\u0105 w bran\u017cy. Poniewa\u017c zr\u00f3wnowa\u017cony rozw\u00f3j staje si\u0119 coraz wa\u017cniejszy, profil AC-14 o niskim wp\u0142ywie na \u015brodowisko i wydajna penetracja zmniejszaj\u0105 zak\u0142\u00f3cenia w ekosystemach morskich, co jest szczeg\u00f3lnie cenne dla firm zaanga\u017cowanych w praktyki przyjazne dla \u015brodowiska.<\/p>\n<p>Dla kupuj\u0105cych Qingdao H&amp;F zwi\u0119ksza warto\u015b\u0107 kotwicy AC-14, oferuj\u0105c indywidualn\u0105 obs\u0142ug\u0119 klienta, przyspieszaj\u0105c czas dostawy i dostarczaj\u0105c szczeg\u00f3\u0142owe raporty z kontroli jako\u015bci. Oferuj\u0105c kompleksowe wsparcie i gwarancj\u0119, zapewniamy, \u017ce ka\u017cdy zakup jest inwestycj\u0105 w jako\u015b\u0107, bezpiecze\u0144stwo i odpowiedzialno\u015b\u0107 za \u015brodowisko. Nasze zaanga\u017cowanie w szybk\u0105 dostaw\u0119 i zapewnienie jako\u015bci zapewnia kupuj\u0105cym usprawnione do\u015bwiadczenie, w kt\u00f3rym niezawodno\u015b\u0107 i wysokie standardy s\u0105 utrzymywane od zam\u00f3wienia do ostatecznego wdro\u017cenia.<\/p>\n<h4>Standardy zapewniania jako\u015bci i testowania kotew AC-14<\/h4>\n<p>Je\u015bli chodzi o krytyczne komponenty, takie jak kotwy, zapewnienie jako\u015bci nie mo\u017ce by\u0107 zagro\u017cone. Qingdao H&amp;F priorytetowo traktuje rygorystyczn\u0105 kontrol\u0119 jako\u015bci ka\u017cdej kotwy AC-14, przestrzegaj\u0105c mi\u0119dzynarodowych standard\u00f3w testowania w celu weryfikacji si\u0142y trzymania, integralno\u015bci materia\u0142u i odporno\u015bci na korozj\u0119. Nasze szczeg\u00f3\u0142owe raporty z inspekcji oferuj\u0105 kupuj\u0105cym przejrzysty wgl\u0105d w wska\u017aniki wydajno\u015bci ka\u017cdej kotwicy, takie jak obci\u0105\u017cenie pr\u00f3bne i analiza materia\u0142u, kt\u00f3re potwierdzaj\u0105 przydatno\u015b\u0107 kotwicy do szeregu zastosowa\u0144 morskich.<\/p>\n<p>Wysoka si\u0142a trzymania kotwicy AC-14 zosta\u0142a zweryfikowana poprzez szeroko zakrojone testy obci\u0105\u017ceniowe, kt\u00f3re symuluj\u0105 dzia\u0142anie kotwicy w rzeczywistych warunkach. Ten protok\u00f3\u0142 testowy bada trwa\u0142o\u015b\u0107 kotwicy pod napi\u0119ciem, sprawdzaj\u0105c, czy spe\u0142nia ona lub przekracza standardy bran\u017cowe w zakresie stabilno\u015bci oraz odporno\u015bci na zu\u017cycie i korozj\u0119. Dla kupuj\u0105cych raporty te stanowi\u0105 cenny wgl\u0105d w niezawodno\u015b\u0107 kotwicy, zapewniaj\u0105c spok\u00f3j ducha i wzmacniaj\u0105c nasze zaanga\u017cowanie w bezpiecze\u0144stwo i jako\u015b\u0107.<\/p>\n<p>Co wi\u0119cej, konstrukcja AC-14 pozwala na bardziej wydajne przechowywanie bez po\u015bwi\u0119cania bezpiecze\u0144stwa. Kompaktowo\u015b\u0107 kotwicy jest szczeg\u00f3lnie korzystna dla statk\u00f3w o ograniczonej przestrzeni na pok\u0142adzie, poniewa\u017c pozwala na usprawnione przechowywanie przy jednoczesnym zachowaniu niezb\u0119dnej stabilno\u015bci i si\u0142y trzymania. Dzi\u0119ki naszej indywidualnej obs\u0142udze klienta, Qingdao H&amp;F zapewnia, \u017ce klienci otrzymuj\u0105 spersonalizowan\u0105 pomoc w wyborze odpowiednich specyfikacji dla wymaga\u0144 ich statku, a nasz zesp\u00f3\u0142 jest dost\u0119pny, aby odpowiedzie\u0107 na wszelkie pytania techniczne podczas ca\u0142ego procesu zakupu.<\/p>\n<p>Nasze zaanga\u017cowanie w szybkie cykle dostaw zapewnia r\u00f3wnie\u017c, \u017ce kupuj\u0105cy mog\u0105 polega\u0107 na nas w zakresie terminowej realizacji zam\u00f3wie\u0144, minimalizuj\u0105c wszelkie potencjalne op\u00f3\u017anienia w ich dzia\u0142alno\u015bci. Ponadto zalety \u015brodowiskowe kotwicy AC-14 s\u0105 zgodne ze zmieniaj\u0105cymi si\u0119 przepisami, kt\u00f3re zach\u0119caj\u0105 do odpowiedzialnych praktyk morskich. Minimalny wp\u0142yw kotwicy AC-14 na dno morskie pomaga spe\u0142ni\u0107 standardy regulacyjne, kt\u00f3re coraz cz\u0119\u015bciej k\u0142ad\u0105 nacisk na ochron\u0119 \u015brodowiska. Oferuj\u0105c t\u0119 kotwic\u0119, pomagamy naszym klientom nie tylko spe\u0142nia\u0107 standardy bran\u017cowe, ale tak\u017ce przyczynia\u0107 si\u0119 do zr\u00f3wnowa\u017conego rozwoju przemys\u0142u morskiego.<\/p>\n<p>Podsumowuj\u0105c, kotwica AC-14 jest niezawodnym, trwa\u0142ym wyborem do operacji morskich, kt\u00f3re wymagaj\u0105 wydajnej si\u0142y trzymania i zdolno\u015bci adaptacji w r\u00f3\u017cnych warunkach dna morskiego. Dzi\u0119ki zaanga\u017cowaniu Qingdao H&amp;F w zapewnienie jako\u015bci, spersonalizowan\u0105 obs\u0142ug\u0119 klienta i szybk\u0105 dostaw\u0119, klienci otrzymuj\u0105 produkt, kt\u00f3ry wspiera zar\u00f3wno potrzeby operacyjne, jak i wzgl\u0119dy \u015brodowiskowe.<\/p>","protected":false},"excerpt":{"rendered":"<p>Kotwica AC-14 to bardzo poszukiwany wyb\u00f3r do zastosowa\u0144 morskich i przybrze\u017cnych, znany ze swojej konstrukcji o wysokiej sile trzymania (HHP). Dzi\u0119ki efektywnemu stosunkowi si\u0142y trzymania do masy, kotwica ta spe\u0142nia wymagania nabywc\u00f3w poszukuj\u0105cych ekonomicznych, trwa\u0142ych rozwi\u0105za\u0144 do cumowania i kotwiczenia w trudnych warunkach dna morskiego. Qingdao H&amp;F zapewnia klientom doskona\u0142e do\u015bwiadczenie zakupowe dzi\u0119ki dostosowanej do indywidualnych potrzeb obs\u0142udze klienta, szybkim cyklom dostaw i kompleksowym raportom z kontroli jako\u015bci. Kupuj\u0105cy mog\u0105 na nas polega\u0107 nie tylko w zakresie zapewnienia jako\u015bci, ale tak\u017ce sprawnego i wydajnego procesu zaopatrzenia, kt\u00f3ry spe\u0142nia standardy bran\u017cowe.<\/p>","protected":false},"featured_media":8324,"comment_status":"open","ping_status":"closed","template":"","meta":{"site-sidebar-layout":"default","site-content-layout":"","ast-site-content-layout":"default","site-content-style":"default","site-sidebar-style":"default","ast-global-header-display":"","ast-banner-title-visibility":"","ast-main-header-display":"","ast-hfb-above-header-display":"","ast-hfb-below-header-display":"","ast-hfb-mobile-header-display":"","site-post-title":"","ast-breadcrumbs-content":"","ast-featured-img":"","footer-sml-layout":"","theme-transparent-header-meta":"default","adv-header-id-meta":"","stick-header-meta":"default","header-above-stick-meta":"","header-main-stick-meta":"","header-below-stick-meta":"","astra-migrate-meta-layouts":"set","ast-page-background-enabled":"default","ast-page-background-meta":{"desktop":{"background-color":"","background-image":"","background-repeat":"repeat","background-position":"center center","background-size":"auto","background-attachment":"scroll","background-type":"","background-media":"","overlay-type":"","overlay-color":"","overlay-opacity":"","overlay-gradient":""},"tablet":{"background-color":"","background-image":"","background-repeat":"repeat","background-position":"center center","background-size":"auto","background-attachment":"scroll","background-type":"","background-media":"","overlay-type":"","overlay-color":"","overlay-opacity":"","overlay-gradient":""},"mobile":{"background-color":"","background-image":"","background-repeat":"repeat","background-position":"center center","background-size":"auto","background-attachment":"scroll","background-type":"","background-media":"","overlay-type":"","overlay-color":"","overlay-opacity":"","overlay-gradient":""}},"ast-content-background-meta":{"desktop":{"background-color":"var(--ast-global-color-5)","background-image":"","background-repeat":"repeat","background-position":"center center","background-size":"auto","background-attachment":"scroll","background-type":"","background-media":"","overlay-type":"","overlay-color":"","overlay-opacity":"","overlay-gradient":""},"tablet":{"background-color":"var(--ast-global-color-5)","background-image":"","background-repeat":"repeat","background-position":"center center","background-size":"auto","background-attachment":"scroll","background-type":"","background-media":"","overlay-type":"","overlay-color":"","overlay-opacity":"","overlay-gradient":""},"mobile":{"background-color":"var(--ast-global-color-5)","background-image":"","background-repeat":"repeat","background-position":"center center","background-size":"auto","background-attachment":"scroll","background-type":"","background-media":"","overlay-type":"","overlay-color":"","overlay-opacity":"","overlay-gradient":""}}},"product_brand":[],"product_cat":[74],"product_tag":[],"class_list":{"0":"post-8320","1":"product","2":"type-product","3":"status-publish","4":"has-post-thumbnail","6":"product_cat-boat-anchor","7":"desktop-align-left","8":"tablet-align-left","9":"mobile-align-left","10":"ast-product-gallery-layout-horizontal-slider","11":"ast-product-tabs-layout-horizontal","13":"first","14":"instock","15":"shipping-taxable","16":"purchasable","17":"product-type-simple"},"yoast_head":"<!-- This site is optimized with the Yoast SEO plugin v25.2 - https:\/\/yoast.com\/wordpress\/plugins\/seo\/ -->\n<title>AC-14 Anchor<\/title>\n<meta name=\"robots\" content=\"index, follow, max-snippet:-1, max-image-preview:large, max-video-preview:-1\" \/>\n<link rel=\"canonical\" href=\"https:\/\/qingdaohf.com\/pl\/produkt\/kotwica-ac-14\/\" \/>\n<meta property=\"og:locale\" content=\"pl_PL\" \/>\n<meta property=\"og:type\" content=\"article\" \/>\n<meta property=\"og:title\" content=\"AC-14 Anchor\" \/>\n<meta property=\"og:description\" content=\"The AC-14 Anchor is a highly sought-after choice for marine and offshore applications, known for its high holding power (HHP) design. With an efficient holding-to-weight ratio, this anchor meets the demands of buyers looking for cost-effective, durable solutions for mooring and anchoring in challenging seabeds. Qingdao H&amp;F provides a superior purchasing experience for clients with tailored one-to-one customer service, fast delivery cycles, and comprehensive quality inspection reports. Buyers can rely on us not only for quality assurance but also for a smooth, efficient procurement process that meets industry standards.\" \/>\n<meta property=\"og:url\" content=\"https:\/\/qingdaohf.com\/pl\/produkt\/kotwica-ac-14\/\" \/>\n<meta property=\"og:site_name\" content=\"Concrete Form &amp; Rigging Hardware Supplier\" \/>\n<meta property=\"article:publisher\" content=\"https:\/\/www.facebook.com\/qingdaohf\" \/>\n<meta property=\"article:modified_time\" content=\"2025-11-13T01:02:52+00:00\" \/>\n<meta property=\"og:image\" content=\"https:\/\/qingdaohf.com\/wp-content\/uploads\/2024\/11\/AC-14-marine-anchor.webp\" \/>\n\t<meta property=\"og:image:width\" content=\"1000\" \/>\n\t<meta property=\"og:image:height\" content=\"1000\" \/>\n\t<meta property=\"og:image:type\" content=\"image\/webp\" \/>\n<meta name=\"twitter:card\" content=\"summary_large_image\" \/>\n<meta name=\"twitter:label1\" content=\"Szacowany czas czytania\" \/>\n\t<meta name=\"twitter:data1\" content=\"5 minut\" \/>\n<script type=\"application\/ld+json\" class=\"yoast-schema-graph\">{\"@context\":\"https:\/\/schema.org\",\"@graph\":[{\"@type\":\"WebPage\",\"@id\":\"https:\/\/qingdaohf.com\/product\/ac-14-anchor\/\",\"url\":\"https:\/\/qingdaohf.com\/product\/ac-14-anchor\/\",\"name\":\"AC-14 Anchor\",\"isPartOf\":{\"@id\":\"https:\/\/qingdaohf.com\/bg\/#website\"},\"primaryImageOfPage\":{\"@id\":\"https:\/\/qingdaohf.com\/product\/ac-14-anchor\/#primaryimage\"},\"image\":{\"@id\":\"https:\/\/qingdaohf.com\/product\/ac-14-anchor\/#primaryimage\"},\"thumbnailUrl\":\"https:\/\/qingdaohf.com\/wp-content\/uploads\/2024\/11\/AC-14-marine-anchor.webp\",\"datePublished\":\"2024-11-07T06:41:32+00:00\",\"dateModified\":\"2025-11-13T01:02:52+00:00\",\"breadcrumb\":{\"@id\":\"https:\/\/qingdaohf.com\/product\/ac-14-anchor\/#breadcrumb\"},\"inLanguage\":\"pl-PL\",\"potentialAction\":[{\"@type\":\"ReadAction\",\"target\":[\"https:\/\/qingdaohf.com\/product\/ac-14-anchor\/\"]}]},{\"@type\":\"ImageObject\",\"inLanguage\":\"pl-PL\",\"@id\":\"https:\/\/qingdaohf.com\/product\/ac-14-anchor\/#primaryimage\",\"url\":\"https:\/\/qingdaohf.com\/wp-content\/uploads\/2024\/11\/AC-14-marine-anchor.webp\",\"contentUrl\":\"https:\/\/qingdaohf.com\/wp-content\/uploads\/2024\/11\/AC-14-marine-anchor.webp\",\"width\":1000,\"height\":1000,\"caption\":\"AC 14 marine ancho\"},{\"@type\":\"BreadcrumbList\",\"@id\":\"https:\/\/qingdaohf.com\/product\/ac-14-anchor\/#breadcrumb\",\"itemListElement\":[{\"@type\":\"ListItem\",\"position\":1,\"name\":\"Home\",\"item\":\"https:\/\/qingdaohf.com\/\"},{\"@type\":\"ListItem\",\"position\":2,\"name\":\"Concrete Forming Accessories and Rigging Hardware\",\"item\":\"https:\/\/qingdaohf.com\/bg\/?page_id=944\"},{\"@type\":\"ListItem\",\"position\":3,\"name\":\"AC-14 Anchor\"}]},{\"@type\":\"WebSite\",\"@id\":\"https:\/\/qingdaohf.com\/bg\/#website\",\"url\":\"https:\/\/qingdaohf.com\/bg\/\",\"name\":\"Concrete Form & Rigging Hardware Supplier\",\"description\":\"\",\"publisher\":{\"@id\":\"https:\/\/qingdaohf.com\/bg\/#organization\"},\"potentialAction\":[{\"@type\":\"SearchAction\",\"target\":{\"@type\":\"EntryPoint\",\"urlTemplate\":\"https:\/\/qingdaohf.com\/bg\/?s={search_term_string}\"},\"query-input\":{\"@type\":\"PropertyValueSpecification\",\"valueRequired\":true,\"valueName\":\"search_term_string\"}}],\"inLanguage\":\"pl-PL\"},{\"@type\":\"Organization\",\"@id\":\"https:\/\/qingdaohf.com\/bg\/#organization\",\"name\":\"Qingdao H&F\",\"url\":\"https:\/\/qingdaohf.com\/bg\/\",\"logo\":{\"@type\":\"ImageObject\",\"inLanguage\":\"pl-PL\",\"@id\":\"https:\/\/qingdaohf.com\/bg\/#\/schema\/logo\/image\/\",\"url\":\"https:\/\/qingdaohf.com\/wp-content\/uploads\/2022\/12\/cropped-HF-LOGO.png\",\"contentUrl\":\"https:\/\/qingdaohf.com\/wp-content\/uploads\/2022\/12\/cropped-HF-LOGO.png\",\"width\":391,\"height\":249,\"caption\":\"Qingdao H&F\"},\"image\":{\"@id\":\"https:\/\/qingdaohf.com\/bg\/#\/schema\/logo\/image\/\"},\"sameAs\":[\"https:\/\/www.facebook.com\/qingdaohf\"]}]}<\/script>\n<!-- \/ Yoast SEO plugin. -->","yoast_head_json":{"title":"AC-14 Anchor","robots":{"index":"index","follow":"follow","max-snippet":"max-snippet:-1","max-image-preview":"max-image-preview:large","max-video-preview":"max-video-preview:-1"},"canonical":"https:\/\/qingdaohf.com\/pl\/produkt\/kotwica-ac-14\/","og_locale":"pl_PL","og_type":"article","og_title":"AC-14 Anchor","og_description":"The AC-14 Anchor is a highly sought-after choice for marine and offshore applications, known for its high holding power (HHP) design. With an efficient holding-to-weight ratio, this anchor meets the demands of buyers looking for cost-effective, durable solutions for mooring and anchoring in challenging seabeds. Qingdao H&amp;F provides a superior purchasing experience for clients with tailored one-to-one customer service, fast delivery cycles, and comprehensive quality inspection reports. Buyers can rely on us not only for quality assurance but also for a smooth, efficient procurement process that meets industry standards.","og_url":"https:\/\/qingdaohf.com\/pl\/produkt\/kotwica-ac-14\/","og_site_name":"Concrete Form &amp; Rigging Hardware Supplier","article_publisher":"https:\/\/www.facebook.com\/qingdaohf","article_modified_time":"2025-11-13T01:02:52+00:00","og_image":[{"width":1000,"height":1000,"url":"https:\/\/qingdaohf.com\/wp-content\/uploads\/2024\/11\/AC-14-marine-anchor.webp","type":"image\/webp"}],"twitter_card":"summary_large_image","twitter_misc":{"Szacowany czas czytania":"5 minut"},"schema":{"@context":"https:\/\/schema.org","@graph":[{"@type":"WebPage","@id":"https:\/\/qingdaohf.com\/product\/ac-14-anchor\/","url":"https:\/\/qingdaohf.com\/product\/ac-14-anchor\/","name":"AC-14 Anchor","isPartOf":{"@id":"https:\/\/qingdaohf.com\/bg\/#website"},"primaryImageOfPage":{"@id":"https:\/\/qingdaohf.com\/product\/ac-14-anchor\/#primaryimage"},"image":{"@id":"https:\/\/qingdaohf.com\/product\/ac-14-anchor\/#primaryimage"},"thumbnailUrl":"https:\/\/qingdaohf.com\/wp-content\/uploads\/2024\/11\/AC-14-marine-anchor.webp","datePublished":"2024-11-07T06:41:32+00:00","dateModified":"2025-11-13T01:02:52+00:00","breadcrumb":{"@id":"https:\/\/qingdaohf.com\/product\/ac-14-anchor\/#breadcrumb"},"inLanguage":"pl-PL","potentialAction":[{"@type":"ReadAction","target":["https:\/\/qingdaohf.com\/product\/ac-14-anchor\/"]}]},{"@type":"ImageObject","inLanguage":"pl-PL","@id":"https:\/\/qingdaohf.com\/product\/ac-14-anchor\/#primaryimage","url":"https:\/\/qingdaohf.com\/wp-content\/uploads\/2024\/11\/AC-14-marine-anchor.webp","contentUrl":"https:\/\/qingdaohf.com\/wp-content\/uploads\/2024\/11\/AC-14-marine-anchor.webp","width":1000,"height":1000,"caption":"AC 14 marine ancho"},{"@type":"BreadcrumbList","@id":"https:\/\/qingdaohf.com\/product\/ac-14-anchor\/#breadcrumb","itemListElement":[{"@type":"ListItem","position":1,"name":"Home","item":"https:\/\/qingdaohf.com\/"},{"@type":"ListItem","position":2,"name":"Concrete Forming Accessories and Rigging Hardware","item":"https:\/\/qingdaohf.com\/bg\/?page_id=944"},{"@type":"ListItem","position":3,"name":"AC-14 Anchor"}]},{"@type":"WebSite","@id":"https:\/\/qingdaohf.com\/bg\/#website","url":"https:\/\/qingdaohf.com\/bg\/","name":"Concrete Form & Rigging Hardware Supplier","description":"","publisher":{"@id":"https:\/\/qingdaohf.com\/bg\/#organization"},"potentialAction":[{"@type":"SearchAction","target":{"@type":"EntryPoint","urlTemplate":"https:\/\/qingdaohf.com\/bg\/?s={search_term_string}"},"query-input":{"@type":"PropertyValueSpecification","valueRequired":true,"valueName":"search_term_string"}}],"inLanguage":"pl-PL"},{"@type":"Organization","@id":"https:\/\/qingdaohf.com\/bg\/#organization","name":"Qingdao H&F","url":"https:\/\/qingdaohf.com\/bg\/","logo":{"@type":"ImageObject","inLanguage":"pl-PL","@id":"https:\/\/qingdaohf.com\/bg\/#\/schema\/logo\/image\/","url":"https:\/\/qingdaohf.com\/wp-content\/uploads\/2022\/12\/cropped-HF-LOGO.png","contentUrl":"https:\/\/qingdaohf.com\/wp-content\/uploads\/2022\/12\/cropped-HF-LOGO.png","width":391,"height":249,"caption":"Qingdao H&F"},"image":{"@id":"https:\/\/qingdaohf.com\/bg\/#\/schema\/logo\/image\/"},"sameAs":["https:\/\/www.facebook.com\/qingdaohf"]}]}},"_links":{"self":[{"href":"https:\/\/qingdaohf.com\/pl\/wp-json\/wp\/v2\/product\/8320","targetHints":{"allow":["GET"]}}],"collection":[{"href":"https:\/\/qingdaohf.com\/pl\/wp-json\/wp\/v2\/product"}],"about":[{"href":"https:\/\/qingdaohf.com\/pl\/wp-json\/wp\/v2\/types\/product"}],"replies":[{"embeddable":true,"href":"https:\/\/qingdaohf.com\/pl\/wp-json\/wp\/v2\/comments?post=8320"}],"version-history":[{"count":2,"href":"https:\/\/qingdaohf.com\/pl\/wp-json\/wp\/v2\/product\/8320\/revisions"}],"predecessor-version":[{"id":8332,"href":"https:\/\/qingdaohf.com\/pl\/wp-json\/wp\/v2\/product\/8320\/revisions\/8332"}],"wp:featuredmedia":[{"embeddable":true,"href":"https:\/\/qingdaohf.com\/pl\/wp-json\/wp\/v2\/media\/8324"}],"wp:attachment":[{"href":"https:\/\/qingdaohf.com\/pl\/wp-json\/wp\/v2\/media?parent=8320"}],"wp:term":[{"taxonomy":"product_brand","embeddable":true,"href":"https:\/\/qingdaohf.com\/pl\/wp-json\/wp\/v2\/product_brand?post=8320"},{"taxonomy":"product_cat","embeddable":true,"href":"https:\/\/qingdaohf.com\/pl\/wp-json\/wp\/v2\/product_cat?post=8320"},{"taxonomy":"product_tag","embeddable":true,"href":"https:\/\/qingdaohf.com\/pl\/wp-json\/wp\/v2\/product_tag?post=8320"}],"curies":[{"name":"wp","href":"https:\/\/api.w.org\/{rel}","templated":true}]}}