{"id":8428,"date":"2024-11-29T16:45:52","date_gmt":"2024-11-29T08:45:52","guid":{"rendered":"http:\/\/qingdaohf.com\/?post_type=product&#038;p=8428"},"modified":"2025-11-13T09:02:51","modified_gmt":"2025-11-13T01:02:51","slug":"boat-steering-wheel","status":"publish","type":"product","link":"https:\/\/qingdaohf.com\/pl\/produkt\/kierownica-lodzi\/","title":{"rendered":"Kierownica \u0142odzi"},"content":{"rendered":"<h4>Znaczenie niezawodnego ko\u0142a sterowego do \u0142odzi<\/h4>\n<p>Kierownica to co\u015b wi\u0119cej ni\u017c zwyk\u0142y mechanizm sterowania \u0142odzi\u0105; to serce nawigacji i zwrotno\u015bci. Jej konstrukcja i funkcjonalno\u015b\u0107 maj\u0105 bezpo\u015bredni wp\u0142yw na zdolno\u015b\u0107 operatora do prowadzenia \u0142odzi w r\u00f3\u017cnych warunkach wodnych. Niezale\u017cnie od tego, czy p\u0142ywasz rekreacyjnie, czy nawigujesz w trudnych pr\u0105dach, wysokiej jako\u015bci kierownica zapewnia precyzyjn\u0105 kontrol\u0119, przyczyniaj\u0105c si\u0119 do bezpiecze\u0144stwa i wydajno\u015bci.<\/p>\n<p>Wybieraj\u0105c kierownic\u0119, w\u0142a\u015bciciele \u0142odzi cz\u0119sto priorytetowo traktuj\u0105 materia\u0142y, kt\u00f3re mog\u0105 wytrzyma\u0107 warunki morskie, w tym nara\u017cenie na dzia\u0142anie s\u0142onej wody, wilgoci i promieni UV. Popularne materia\u0142y, takie jak stal nierdzewna, aluminium i tworzywa sztuczne klasy morskiej, oferuj\u0105 r\u00f3\u017cne poziomy trwa\u0142o\u015bci i odporno\u015bci na korozj\u0119. Kolejn\u0105 istotn\u0105 kwesti\u0105 jest ergonomia, poniewa\u017c kszta\u0142t, chwyt i rozmiar kierownicy mog\u0105 wp\u0142ywa\u0107 na komfort podczas d\u0142ugotrwa\u0142ego u\u017cytkowania. Wyb\u00f3r odpowiedniej kierownicy ma zasadnicze znaczenie nie tylko dla wydajno\u015bci, ale tak\u017ce dla poprawy og\u00f3lnych wra\u017ce\u0144 z p\u0142ywania \u0142odzi\u0105.<\/p>\n<h4>Rodzaje kierownic do \u0142odzi<\/h4>\n<p>Kierownice do \u0142odzi s\u0105 dost\u0119pne w r\u00f3\u017cnych typach, z kt\u00f3rych ka\u017cdy jest dostosowany do okre\u015blonych kategorii \u0142odzi i preferencji u\u017cytkownika. Klasyczne kierownice ze stali nierdzewnej pozostaj\u0105 ulubionymi w\u015br\u00f3d \u017ceglarzy ze wzgl\u0119du na ich ponadczasowy design, wyj\u0105tkow\u0105 wytrzyma\u0142o\u015b\u0107 i odporno\u015b\u0107 na trudne warunki morskie. Ko\u0142a te cz\u0119sto maj\u0105 polerowane wyko\u0144czenie, dodaj\u0105c odrobin\u0119 wyrafinowania do steru.<\/p>\n<p>Dla tych, kt\u00f3rzy szukaj\u0105 lekkich opcji, ko\u0142a wykonane z aluminium lub materia\u0142\u00f3w kompozytowych oferuj\u0105 doskona\u0142\u0105 wydajno\u015b\u0107. Modele aluminiowe s\u0105 cenione za r\u00f3wnowag\u0119 mi\u0119dzy wytrzyma\u0142o\u015bci\u0105 i wag\u0105, dzi\u0119ki czemu nadaj\u0105 si\u0119 do mniejszych \u0142odzi lub statk\u00f3w rekreacyjnych. Z kolei ko\u0142a kompozytowe s\u0105 idealne dla nowoczesnych \u017ceglarzy, dla kt\u00f3rych priorytetem jest op\u0142acalno\u015b\u0107 bez uszczerbku dla trwa\u0142o\u015bci.<\/p>\n<p>Drewniane kierownice s\u0105 przeznaczone dla entuzjast\u00f3w, kt\u00f3rzy ceni\u0105 sobie tradycyjn\u0105 estetyk\u0119 i kunszt wykonania. Cz\u0119sto \u0142\u0105czone z zabytkowymi lub luksusowymi jachtami, drewniane kierownice emanuj\u0105 klasycznym urokiem, cho\u0107 wymagaj\u0105 wi\u0119cej konserwacji w por\u00f3wnaniu do ich metalowych lub plastikowych odpowiednik\u00f3w. Ka\u017cdy typ s\u0142u\u017cy unikalnym celom, umo\u017cliwiaj\u0105c w\u0142a\u015bcicielom \u0142odzi wyb\u00f3r w oparciu o potrzeby funkcjonalne i preferencje stylistyczne.<\/p>\n<h4>Dlaczego warto wybra\u0107 nasze kierownice do \u0142odzi<\/h4>\n<p>Wyb\u00f3r odpowiedniego dostawcy kierownic do \u0142odzi jest r\u00f3wnie wa\u017cny jak wyb\u00f3r samego produktu. W naszej firmie handlowej priorytetowo traktujemy dostarczanie warto\u015bci i niezawodno\u015bci dzi\u0119ki naszej szerokiej gamie akcesori\u00f3w morskich. Nasze kierownice przechodz\u0105 rygorystyczne kontrole jako\u015bci, zapewniaj\u0105c zgodno\u015b\u0107 ze standardami bran\u017cowymi i oferuj\u0105c spok\u00f3j ducha naszym klientom.<\/p>\n<p>Nasza indywidualna obs\u0142uga klienta wyr\u00f3\u017cnia nas na rynku, poniewa\u017c \u015bci\u015ble wsp\u00f3\u0142pracujemy z klientami, aby zrozumie\u0107 ich unikalne wymagania. To spersonalizowane podej\u015bcie pomaga w rekomendowaniu kierownic dostosowanych do typu \u0142odzi, warunk\u00f3w pracy i bud\u017cetu. Ponadto nasza usprawniona logistyka zapewnia szybki cykl dostaw, minimalizuj\u0105c przestoje zar\u00f3wno dla \u017ceglarzy, jak i dystrybutor\u00f3w.<\/p>\n<p>Trwa\u0142o\u015b\u0107 naszych kierownic jest \u015bwiadectwem naszego zaanga\u017cowania w doskona\u0142o\u015b\u0107. Wyprodukowane przy u\u017cyciu najwy\u017cszej jako\u015bci materia\u0142\u00f3w, zosta\u0142y zaprojektowane tak, aby wytrzyma\u0107 d\u0142ugotrwa\u0142e nara\u017cenie na dzia\u0142anie \u015brodowiska morskiego przy zachowaniu optymalnej wydajno\u015bci. Oferuj\u0105c po\u0142\u0105czenie estetyki, funkcjonalno\u015bci i niezawodno\u015bci, nasze produkty spe\u0142niaj\u0105 oczekiwania zar\u00f3wno u\u017cytkownik\u00f3w rekreacyjnych, jak i profesjonalnych.<\/p>\n<h4>Rola innowacji w projektowaniu kierownic<\/h4>\n<p>Nowoczesne post\u0119py w projektowaniu kierownic do \u0142odzi wprowadzi\u0142y funkcje, kt\u00f3re zwi\u0119kszaj\u0105 u\u017cyteczno\u015b\u0107 i wygod\u0119. Wiele modeli posiada teraz antypo\u015blizgowe uchwyty, kt\u00f3re poprawiaj\u0105 kontrol\u0119 nawet w mokrych warunkach. Ponadto kierownice z regulowanymi funkcjami pochylenia zapewniaj\u0105 elastyczno\u015b\u0107, dostosowuj\u0105c si\u0119 do operator\u00f3w o r\u00f3\u017cnym wzro\u015bcie i preferencjach.<\/p>\n<p>Innowacyjne materia\u0142y r\u00f3wnie\u017c odgrywaj\u0105 znacz\u0105c\u0105 rol\u0119 w poprawie odporno\u015bci i \u017cywotno\u015bci kierownic. Stal nierdzewna klasy morskiej z dodatkowymi pow\u0142okami zapewnia doskona\u0142\u0105 odporno\u015b\u0107 na w\u017cery i rdzewienie, podczas gdy tworzywa sztuczne stabilizowane promieniami UV zapobiegaj\u0105 blakni\u0119ciu i p\u0119kaniu pod wp\u0142ywem \u015bwiat\u0142a s\u0142onecznego. Te udoskonalenia nie tylko zapewniaj\u0105 d\u0142ug\u0105 \u017cywotno\u015b\u0107 produktu, ale tak\u017ce przyczyniaj\u0105 si\u0119 do bezpiecze\u0144stwa i komfortu operatora.<\/p>\n<p>Kolejn\u0105 kluczow\u0105 innowacj\u0105 jest integracja wielofunkcyjnych element\u00f3w steruj\u0105cych bezpo\u015brednio na kierownicy. Takie konstrukcje umo\u017cliwiaj\u0105 operatorom dost\u0119p do krytycznych funkcji, takich jak sterowanie przepustnic\u0105 lub wy\u015bwietlacze elektroniczne, bez odrywania r\u0105k od kierownicy. Funkcje te usprawniaj\u0105 korzystanie z \u0142odzi, czyni\u0105c nawigacj\u0119 bardziej intuicyjn\u0105 i zmniejszaj\u0105c prawdopodobie\u0144stwo zm\u0119czenia operatora.<\/p>\n<h4>Zapewnienie d\u0142ugoterminowej warto\u015bci<\/h4>\n<p>Inwestycja w wysokiej jako\u015bci kierownic\u0119 do \u0142odzi to decyzja, kt\u00f3ra op\u0142aca si\u0119 w d\u0142u\u017cszej perspektywie. Opr\u00f3cz natychmiastowej funkcjonalno\u015bci, produkty te zwi\u0119kszaj\u0105 og\u00f3ln\u0105 warto\u015b\u0107 \u0142odzi, szczeg\u00f3lnie w po\u0142\u0105czeniu z renomowanym dostawc\u0105. Nasze kierownice zosta\u0142y zaprojektowane z my\u015bl\u0105 o d\u0142ugowieczno\u015bci, zapewniaj\u0105c optymaln\u0105 r\u00f3wnowag\u0119 mi\u0119dzy wydajno\u015bci\u0105, trwa\u0142o\u015bci\u0105 i estetyk\u0105.<\/p>\n<p>Klienci mog\u0105 zaufa\u0107 naszej firmie, kt\u00f3ra dostarcza nie tylko wyj\u0105tkowe produkty, ale tak\u017ce kompleksowe wsparcie w ca\u0142ym procesie zakupu. Od wst\u0119pnych konsultacji po obs\u0142ug\u0119 posprzeda\u017cow\u0105, staramy si\u0119 budowa\u0107 trwa\u0142e relacje z naszymi klientami. To zobowi\u0105zanie do doskona\u0142o\u015bci ugruntowa\u0142o nasz\u0105 reputacj\u0119 jako zaufanego partnera na rynku akcesori\u00f3w morskich.<\/p>\n<p>Stawiaj\u0105c na pierwszym miejscu jako\u015b\u0107, innowacyjno\u015b\u0107 i zadowolenie klienta, staramy si\u0119 przekracza\u0107 oczekiwania naszych klient\u00f3w. Niezale\u017cnie od tego, czy chodzi o zwyk\u0142ych entuzjast\u00f3w \u017ceglarstwa, czy profesjonalnych \u017ceglarzy, nasze kierownice do \u0142odzi stanowi\u0105 po\u0142\u0105czenie praktyczno\u015bci i stylu, zapewniaj\u0105c doskona\u0142\u0105 wydajno\u015b\u0107 na wodzie.<\/p>","protected":false},"excerpt":{"rendered":"<p>Ko\u0142a sterowe do \u0142odzi odgrywaj\u0105 kluczow\u0105 rol\u0119 w zapewnieniu p\u0142ynnej nawigacji i kontroli na wodzie, co czyni je kluczowym elementem ka\u017cdej jednostki p\u0142ywaj\u0105cej. Przy wyborze kierownicy nabywcy cz\u0119sto kieruj\u0105 si\u0119 takimi czynnikami jak trwa\u0142o\u015b\u0107 materia\u0142u, ergonomiczna konstrukcja, kompatybilno\u015b\u0107 z r\u00f3\u017cnymi systemami morskimi i odporno\u015b\u0107 na korozj\u0119. Nasza firma handlowa oferuje wysokiej jako\u015bci kierownice do \u0142odzi, kt\u00f3re odpowiadaj\u0105 na te obawy, w po\u0142\u0105czeniu z indywidualn\u0105 obs\u0142ug\u0105 klienta, zapewniaj\u0105c dopasowane rekomendacje. Ponadto gwarantujemy szybki cykl dostawy i zapewniamy dok\u0142adne raporty z kontroli jako\u015bci, aby zapewni\u0107 spok\u00f3j ducha przy ka\u017cdym zakupie.<\/p>","protected":false},"featured_media":8429,"comment_status":"open","ping_status":"closed","template":"","meta":{"site-sidebar-layout":"default","site-content-layout":"","ast-site-content-layout":"default","site-content-style":"default","site-sidebar-style":"default","ast-global-header-display":"","ast-banner-title-visibility":"","ast-main-header-display":"","ast-hfb-above-header-display":"","ast-hfb-below-header-display":"","ast-hfb-mobile-header-display":"","site-post-title":"","ast-breadcrumbs-content":"","ast-featured-img":"","footer-sml-layout":"","theme-transparent-header-meta":"default","adv-header-id-meta":"","stick-header-meta":"default","header-above-stick-meta":"","header-main-stick-meta":"","header-below-stick-meta":"","astra-migrate-meta-layouts":"set","ast-page-background-enabled":"default","ast-page-background-meta":{"desktop":{"background-color":"","background-image":"","background-repeat":"repeat","background-position":"center center","background-size":"auto","background-attachment":"scroll","background-type":"","background-media":"","overlay-type":"","overlay-color":"","overlay-opacity":"","overlay-gradient":""},"tablet":{"background-color":"","background-image":"","background-repeat":"repeat","background-position":"center center","background-size":"auto","background-attachment":"scroll","background-type":"","background-media":"","overlay-type":"","overlay-color":"","overlay-opacity":"","overlay-gradient":""},"mobile":{"background-color":"","background-image":"","background-repeat":"repeat","background-position":"center center","background-size":"auto","background-attachment":"scroll","background-type":"","background-media":"","overlay-type":"","overlay-color":"","overlay-opacity":"","overlay-gradient":""}},"ast-content-background-meta":{"desktop":{"background-color":"var(--ast-global-color-5)","background-image":"","background-repeat":"repeat","background-position":"center center","background-size":"auto","background-attachment":"scroll","background-type":"","background-media":"","overlay-type":"","overlay-color":"","overlay-opacity":"","overlay-gradient":""},"tablet":{"background-color":"var(--ast-global-color-5)","background-image":"","background-repeat":"repeat","background-position":"center center","background-size":"auto","background-attachment":"scroll","background-type":"","background-media":"","overlay-type":"","overlay-color":"","overlay-opacity":"","overlay-gradient":""},"mobile":{"background-color":"var(--ast-global-color-5)","background-image":"","background-repeat":"repeat","background-position":"center center","background-size":"auto","background-attachment":"scroll","background-type":"","background-media":"","overlay-type":"","overlay-color":"","overlay-opacity":"","overlay-gradient":""}}},"product_brand":[],"product_cat":[44],"product_tag":[],"class_list":{"0":"post-8428","1":"product","2":"type-product","3":"status-publish","4":"has-post-thumbnail","6":"product_cat-stainless-steel-poduct","7":"desktop-align-left","8":"tablet-align-left","9":"mobile-align-left","10":"ast-product-gallery-layout-horizontal-slider","11":"ast-product-tabs-layout-horizontal","13":"first","14":"instock","15":"shipping-taxable","16":"purchasable","17":"product-type-simple"},"yoast_head":"<!-- This site is optimized with the Yoast SEO plugin v25.2 - https:\/\/yoast.com\/wordpress\/plugins\/seo\/ -->\n<title>Boat Steering Wheel<\/title>\n<meta name=\"robots\" content=\"index, follow, max-snippet:-1, max-image-preview:large, max-video-preview:-1\" \/>\n<link rel=\"canonical\" href=\"https:\/\/qingdaohf.com\/pl\/produkt\/kierownica-lodzi\/\" \/>\n<meta property=\"og:locale\" content=\"pl_PL\" \/>\n<meta property=\"og:type\" content=\"article\" \/>\n<meta property=\"og:title\" content=\"Boat Steering Wheel\" \/>\n<meta property=\"og:description\" content=\"Boat steering wheels play a pivotal role in ensuring smooth navigation and control on water, making them a critical component for any vessel. Buyers often prioritize factors such as material durability, ergonomic design, compatibility with various marine systems, and corrosion resistance when selecting a steering wheel. Our trading company offers high-quality boat steering wheels that address these concerns, coupled with one-to-one customer service, ensuring tailored recommendations. Additionally, we guarantee a fast delivery cycle and provide thorough quality inspection reports to offer peace of mind with every purchase.\" \/>\n<meta property=\"og:url\" content=\"https:\/\/qingdaohf.com\/pl\/produkt\/kierownica-lodzi\/\" \/>\n<meta property=\"og:site_name\" content=\"Concrete Form &amp; Rigging Hardware Supplier\" \/>\n<meta property=\"article:publisher\" content=\"https:\/\/www.facebook.com\/qingdaohf\" \/>\n<meta property=\"article:modified_time\" content=\"2025-11-13T01:02:51+00:00\" \/>\n<meta property=\"og:image\" content=\"https:\/\/qingdaohf.com\/wp-content\/uploads\/2024\/11\/boat-steering-wheel-5.jpg\" \/>\n\t<meta property=\"og:image:width\" content=\"1000\" \/>\n\t<meta property=\"og:image:height\" content=\"1000\" \/>\n\t<meta property=\"og:image:type\" content=\"image\/jpeg\" \/>\n<meta name=\"twitter:card\" content=\"summary_large_image\" \/>\n<meta name=\"twitter:label1\" content=\"Szacowany czas czytania\" \/>\n\t<meta name=\"twitter:data1\" content=\"4 minuty\" \/>\n<script type=\"application\/ld+json\" class=\"yoast-schema-graph\">{\"@context\":\"https:\/\/schema.org\",\"@graph\":[{\"@type\":\"WebPage\",\"@id\":\"https:\/\/qingdaohf.com\/product\/boat-steering-wheel\/\",\"url\":\"https:\/\/qingdaohf.com\/product\/boat-steering-wheel\/\",\"name\":\"Boat Steering Wheel\",\"isPartOf\":{\"@id\":\"https:\/\/qingdaohf.com\/bg\/#website\"},\"primaryImageOfPage\":{\"@id\":\"https:\/\/qingdaohf.com\/product\/boat-steering-wheel\/#primaryimage\"},\"image\":{\"@id\":\"https:\/\/qingdaohf.com\/product\/boat-steering-wheel\/#primaryimage\"},\"thumbnailUrl\":\"https:\/\/qingdaohf.com\/wp-content\/uploads\/2024\/11\/boat-steering-wheel-5.jpg\",\"datePublished\":\"2024-11-29T08:45:52+00:00\",\"dateModified\":\"2025-11-13T01:02:51+00:00\",\"breadcrumb\":{\"@id\":\"https:\/\/qingdaohf.com\/product\/boat-steering-wheel\/#breadcrumb\"},\"inLanguage\":\"pl-PL\",\"potentialAction\":[{\"@type\":\"ReadAction\",\"target\":[\"https:\/\/qingdaohf.com\/product\/boat-steering-wheel\/\"]}]},{\"@type\":\"ImageObject\",\"inLanguage\":\"pl-PL\",\"@id\":\"https:\/\/qingdaohf.com\/product\/boat-steering-wheel\/#primaryimage\",\"url\":\"https:\/\/qingdaohf.com\/wp-content\/uploads\/2024\/11\/boat-steering-wheel-5.jpg\",\"contentUrl\":\"https:\/\/qingdaohf.com\/wp-content\/uploads\/2024\/11\/boat-steering-wheel-5.jpg\",\"width\":1000,\"height\":1000,\"caption\":\"boat steering wheel\"},{\"@type\":\"BreadcrumbList\",\"@id\":\"https:\/\/qingdaohf.com\/product\/boat-steering-wheel\/#breadcrumb\",\"itemListElement\":[{\"@type\":\"ListItem\",\"position\":1,\"name\":\"Home\",\"item\":\"https:\/\/qingdaohf.com\/\"},{\"@type\":\"ListItem\",\"position\":2,\"name\":\"Concrete Forming Accessories and Rigging Hardware\",\"item\":\"https:\/\/qingdaohf.com\/bg\/?page_id=944\"},{\"@type\":\"ListItem\",\"position\":3,\"name\":\"Boat Steering Wheel\"}]},{\"@type\":\"WebSite\",\"@id\":\"https:\/\/qingdaohf.com\/bg\/#website\",\"url\":\"https:\/\/qingdaohf.com\/bg\/\",\"name\":\"Concrete Form & Rigging Hardware Supplier\",\"description\":\"\",\"publisher\":{\"@id\":\"https:\/\/qingdaohf.com\/bg\/#organization\"},\"potentialAction\":[{\"@type\":\"SearchAction\",\"target\":{\"@type\":\"EntryPoint\",\"urlTemplate\":\"https:\/\/qingdaohf.com\/bg\/?s={search_term_string}\"},\"query-input\":{\"@type\":\"PropertyValueSpecification\",\"valueRequired\":true,\"valueName\":\"search_term_string\"}}],\"inLanguage\":\"pl-PL\"},{\"@type\":\"Organization\",\"@id\":\"https:\/\/qingdaohf.com\/bg\/#organization\",\"name\":\"Qingdao H&F\",\"url\":\"https:\/\/qingdaohf.com\/bg\/\",\"logo\":{\"@type\":\"ImageObject\",\"inLanguage\":\"pl-PL\",\"@id\":\"https:\/\/qingdaohf.com\/bg\/#\/schema\/logo\/image\/\",\"url\":\"https:\/\/qingdaohf.com\/wp-content\/uploads\/2022\/12\/cropped-HF-LOGO.png\",\"contentUrl\":\"https:\/\/qingdaohf.com\/wp-content\/uploads\/2022\/12\/cropped-HF-LOGO.png\",\"width\":391,\"height\":249,\"caption\":\"Qingdao H&F\"},\"image\":{\"@id\":\"https:\/\/qingdaohf.com\/bg\/#\/schema\/logo\/image\/\"},\"sameAs\":[\"https:\/\/www.facebook.com\/qingdaohf\"]}]}<\/script>\n<!-- \/ Yoast SEO plugin. -->","yoast_head_json":{"title":"Boat Steering Wheel","robots":{"index":"index","follow":"follow","max-snippet":"max-snippet:-1","max-image-preview":"max-image-preview:large","max-video-preview":"max-video-preview:-1"},"canonical":"https:\/\/qingdaohf.com\/pl\/produkt\/kierownica-lodzi\/","og_locale":"pl_PL","og_type":"article","og_title":"Boat Steering Wheel","og_description":"Boat steering wheels play a pivotal role in ensuring smooth navigation and control on water, making them a critical component for any vessel. Buyers often prioritize factors such as material durability, ergonomic design, compatibility with various marine systems, and corrosion resistance when selecting a steering wheel. Our trading company offers high-quality boat steering wheels that address these concerns, coupled with one-to-one customer service, ensuring tailored recommendations. Additionally, we guarantee a fast delivery cycle and provide thorough quality inspection reports to offer peace of mind with every purchase.","og_url":"https:\/\/qingdaohf.com\/pl\/produkt\/kierownica-lodzi\/","og_site_name":"Concrete Form &amp; Rigging Hardware Supplier","article_publisher":"https:\/\/www.facebook.com\/qingdaohf","article_modified_time":"2025-11-13T01:02:51+00:00","og_image":[{"width":1000,"height":1000,"url":"https:\/\/qingdaohf.com\/wp-content\/uploads\/2024\/11\/boat-steering-wheel-5.jpg","type":"image\/jpeg"}],"twitter_card":"summary_large_image","twitter_misc":{"Szacowany czas czytania":"4 minuty"},"schema":{"@context":"https:\/\/schema.org","@graph":[{"@type":"WebPage","@id":"https:\/\/qingdaohf.com\/product\/boat-steering-wheel\/","url":"https:\/\/qingdaohf.com\/product\/boat-steering-wheel\/","name":"Boat Steering Wheel","isPartOf":{"@id":"https:\/\/qingdaohf.com\/bg\/#website"},"primaryImageOfPage":{"@id":"https:\/\/qingdaohf.com\/product\/boat-steering-wheel\/#primaryimage"},"image":{"@id":"https:\/\/qingdaohf.com\/product\/boat-steering-wheel\/#primaryimage"},"thumbnailUrl":"https:\/\/qingdaohf.com\/wp-content\/uploads\/2024\/11\/boat-steering-wheel-5.jpg","datePublished":"2024-11-29T08:45:52+00:00","dateModified":"2025-11-13T01:02:51+00:00","breadcrumb":{"@id":"https:\/\/qingdaohf.com\/product\/boat-steering-wheel\/#breadcrumb"},"inLanguage":"pl-PL","potentialAction":[{"@type":"ReadAction","target":["https:\/\/qingdaohf.com\/product\/boat-steering-wheel\/"]}]},{"@type":"ImageObject","inLanguage":"pl-PL","@id":"https:\/\/qingdaohf.com\/product\/boat-steering-wheel\/#primaryimage","url":"https:\/\/qingdaohf.com\/wp-content\/uploads\/2024\/11\/boat-steering-wheel-5.jpg","contentUrl":"https:\/\/qingdaohf.com\/wp-content\/uploads\/2024\/11\/boat-steering-wheel-5.jpg","width":1000,"height":1000,"caption":"boat steering wheel"},{"@type":"BreadcrumbList","@id":"https:\/\/qingdaohf.com\/product\/boat-steering-wheel\/#breadcrumb","itemListElement":[{"@type":"ListItem","position":1,"name":"Home","item":"https:\/\/qingdaohf.com\/"},{"@type":"ListItem","position":2,"name":"Concrete Forming Accessories and Rigging Hardware","item":"https:\/\/qingdaohf.com\/bg\/?page_id=944"},{"@type":"ListItem","position":3,"name":"Boat Steering Wheel"}]},{"@type":"WebSite","@id":"https:\/\/qingdaohf.com\/bg\/#website","url":"https:\/\/qingdaohf.com\/bg\/","name":"Concrete Form & Rigging Hardware Supplier","description":"","publisher":{"@id":"https:\/\/qingdaohf.com\/bg\/#organization"},"potentialAction":[{"@type":"SearchAction","target":{"@type":"EntryPoint","urlTemplate":"https:\/\/qingdaohf.com\/bg\/?s={search_term_string}"},"query-input":{"@type":"PropertyValueSpecification","valueRequired":true,"valueName":"search_term_string"}}],"inLanguage":"pl-PL"},{"@type":"Organization","@id":"https:\/\/qingdaohf.com\/bg\/#organization","name":"Qingdao H&F","url":"https:\/\/qingdaohf.com\/bg\/","logo":{"@type":"ImageObject","inLanguage":"pl-PL","@id":"https:\/\/qingdaohf.com\/bg\/#\/schema\/logo\/image\/","url":"https:\/\/qingdaohf.com\/wp-content\/uploads\/2022\/12\/cropped-HF-LOGO.png","contentUrl":"https:\/\/qingdaohf.com\/wp-content\/uploads\/2022\/12\/cropped-HF-LOGO.png","width":391,"height":249,"caption":"Qingdao H&F"},"image":{"@id":"https:\/\/qingdaohf.com\/bg\/#\/schema\/logo\/image\/"},"sameAs":["https:\/\/www.facebook.com\/qingdaohf"]}]}},"_links":{"self":[{"href":"https:\/\/qingdaohf.com\/pl\/wp-json\/wp\/v2\/product\/8428","targetHints":{"allow":["GET"]}}],"collection":[{"href":"https:\/\/qingdaohf.com\/pl\/wp-json\/wp\/v2\/product"}],"about":[{"href":"https:\/\/qingdaohf.com\/pl\/wp-json\/wp\/v2\/types\/product"}],"replies":[{"embeddable":true,"href":"https:\/\/qingdaohf.com\/pl\/wp-json\/wp\/v2\/comments?post=8428"}],"version-history":[{"count":1,"href":"https:\/\/qingdaohf.com\/pl\/wp-json\/wp\/v2\/product\/8428\/revisions"}],"predecessor-version":[{"id":8436,"href":"https:\/\/qingdaohf.com\/pl\/wp-json\/wp\/v2\/product\/8428\/revisions\/8436"}],"wp:featuredmedia":[{"embeddable":true,"href":"https:\/\/qingdaohf.com\/pl\/wp-json\/wp\/v2\/media\/8429"}],"wp:attachment":[{"href":"https:\/\/qingdaohf.com\/pl\/wp-json\/wp\/v2\/media?parent=8428"}],"wp:term":[{"taxonomy":"product_brand","embeddable":true,"href":"https:\/\/qingdaohf.com\/pl\/wp-json\/wp\/v2\/product_brand?post=8428"},{"taxonomy":"product_cat","embeddable":true,"href":"https:\/\/qingdaohf.com\/pl\/wp-json\/wp\/v2\/product_cat?post=8428"},{"taxonomy":"product_tag","embeddable":true,"href":"https:\/\/qingdaohf.com\/pl\/wp-json\/wp\/v2\/product_tag?post=8428"}],"curies":[{"name":"wp","href":"https:\/\/api.w.org\/{rel}","templated":true}]}}