{"id":8532,"date":"2024-12-16T11:17:22","date_gmt":"2024-12-16T03:17:22","guid":{"rendered":"http:\/\/qingdaohf.com\/?post_type=product&#038;p=8532"},"modified":"2025-11-13T09:02:22","modified_gmt":"2025-11-13T01:02:22","slug":"sandwich-panel-erection-anchor","status":"publish","type":"product","link":"https:\/\/qingdaohf.com\/pl\/produkt\/kotwa-do-montazu-plyt-warstwowych\/","title":{"rendered":"Kotwa do monta\u017cu p\u0142yt warstwowych"},"content":{"rendered":"<p class=\"whitespace-pre-wrap break-words\">Rosn\u0105ce wykorzystanie prefabrykowanych komponent\u00f3w w bran\u017cy budowlanej sprawi\u0142o, \u017ce kotwy monta\u017cowe do p\u0142yt warstwowych sta\u0142y si\u0119 wa\u017cniejsze ni\u017c kiedykolwiek wcze\u015bniej. Te specjalistyczne narz\u0119dzia maj\u0105 kluczowe znaczenie dla bezpiecznego podnoszenia, pozycjonowania i monta\u017cu p\u0142yt warstwowych w \u015bcianach, dachach i fasadach. Niezale\u017cnie od tego, czy produkujesz te kotwy, czy u\u017cywasz ich na miejscu, zrozumienie ich odmian, zastosowa\u0144 i czynnik\u00f3w wydajno\u015bci jest niezb\u0119dne.<\/p>\n<h2 class=\"font-600 text-xl font-bold\">Funkcja i znaczenie kotew monta\u017cowych do p\u0142yt warstwowych<\/h2>\n<p class=\"whitespace-pre-wrap break-words\">Bezpiecze\u0144stwo i wydajno\u015b\u0107 podczas monta\u017cu to podstawowe funkcje kotew do monta\u017cu p\u0142yt warstwowych. Narz\u0119dzia te tworz\u0105 niezawodne punkty mocowania dla sprz\u0119tu podnosz\u0105cego, znacznie zmniejszaj\u0105c ryzyko zwi\u0105zane z obs\u0142ug\u0105 ci\u0119\u017ckich paneli. W projektach, w kt\u00f3rych liczy si\u0119 czas i precyzja, kotwy te upraszczaj\u0105 z\u0142o\u017con\u0105 logistyk\u0119, spe\u0142niaj\u0105c jednocze\u015bnie surowe wymogi bezpiecze\u0144stwa.<\/p>\n<p class=\"whitespace-pre-wrap break-words\">Kotwy te nie tylko podnosz\u0105 panele - pomagaj\u0105 zapewni\u0107 ich prawid\u0142owe u\u0142o\u017cenie i utrzymanie w odpowiedniej pozycji, zapobiegaj\u0105c napr\u0119\u017ceniom strukturalnym i niewsp\u00f3\u0142osiowo\u015bci podczas instalacji. Precyzja ta jest szczeg\u00f3lnie istotna w przypadku du\u017cych obiekt\u00f3w przemys\u0142owych i komercyjnych, gdzie sp\u00f3jna wydajno\u015b\u0107 wszystkich komponent\u00f3w mo\u017ce zdecydowa\u0107 o powodzeniu projektu. Wyb\u00f3r rodzaju kotwy ma bezpo\u015bredni wp\u0142yw na powodzenie projektu.<\/p>\n<h2 class=\"font-600 text-xl font-bold\">Rodzaje i zastosowania kotew do monta\u017cu p\u0142yt warstwowych<\/h2>\n<p class=\"whitespace-pre-wrap break-words\">Zespo\u0142y konstrukcyjne mog\u0105 wybiera\u0107 spo\u015br\u00f3d kilku typ\u00f3w kotew, z kt\u00f3rych ka\u017cdy jest przeznaczony do paneli o okre\u015blonej wadze, konstrukcji i potrzeb instalacyjnych. Niekt\u00f3re z nich najlepiej sprawdzaj\u0105 si\u0119 w przypadku l\u017cejszych paneli, podczas gdy inne zosta\u0142y stworzone z my\u015bl\u0105 o wzmocnionych, ci\u0119\u017cszych konstrukcjach.<\/p>\n<p class=\"whitespace-pre-wrap break-words\">Kotwy mechaniczne s\u0105 popularne dzi\u0119ki swojej elastyczno\u015bci i prostemu procesowi instalacji. Zespo\u0142y budowlane ceni\u0105 je za r\u00f3wnomierne rozk\u0142adanie obci\u0105\u017ce\u0144 podczas podnoszenia. W przypadku trudniejszych warunk\u00f3w wymagaj\u0105cych dodatkowej trwa\u0142o\u015bci, kotwy spawane oferuj\u0105 zwi\u0119kszon\u0105 wytrzyma\u0142o\u015b\u0107.<\/p>\n<p class=\"whitespace-pre-wrap break-words\">Znajdziesz tu r\u00f3wnie\u017c wbudowane kotwy, kt\u00f3re producenci instaluj\u0105 bezpo\u015brednio w panelach podczas produkcji. S\u0105 one idealne do projekt\u00f3w wymagaj\u0105cych p\u0142ynnej integracji przy minimalnych dostosowaniach na miejscu. Niezale\u017cnie od typu, wyb\u00f3r odpowiedniej kotwy wymaga starannego rozwa\u017cenia potrzeb projektu - od wymaga\u0144 dotycz\u0105cych obci\u0105\u017cenia po warunki \u015brodowiskowe i standardy bran\u017cowe.<\/p>\n<p class=\"whitespace-pre-wrap break-words\">Kotwy te nie s\u0105 ograniczone do jednej bran\u017cy. Znajdziesz je w pracy przy budowie magazyn\u00f3w, fabryk, biurowc\u00f3w, a nawet dom\u00f3w. Mo\u017cliwo\u015b\u0107 dostosowania do r\u00f3\u017cnych rozmiar\u00f3w paneli i materia\u0142\u00f3w sprawia, \u017ce s\u0105 one cenne zar\u00f3wno w przypadku ma\u0142ych projekt\u00f3w, jak i du\u017cych inwestycji.<\/p>\n<h2 class=\"font-600 text-xl font-bold\">Czynniki wp\u0142ywaj\u0105ce na wyb\u00f3r kotew do monta\u017cu p\u0142yt warstwowych<\/h2>\n<p class=\"whitespace-pre-wrap break-words\">Wyb\u00f3r odpowiedniej kotwy monta\u017cowej wi\u0105\u017ce si\u0119 z kilkoma kluczowymi kwestiami. Na szczycie listy znajduje si\u0119 no\u015bno\u015b\u0107 - musisz dok\u0142adnie wiedzie\u0107, ile ci\u0119\u017caru mo\u017ce bezpiecznie ud\u017awign\u0105\u0107 kotwa. Wymaga to precyzyjnych oblicze\u0144 w oparciu o specyfikacje panelu i materia\u0142y, aby zapobiec przeci\u0105\u017ceniu.<\/p>\n<p class=\"whitespace-pre-wrap break-words\">Jako\u015b\u0107 materia\u0142u ma ogromne znaczenie. Wi\u0119kszo\u015b\u0107 producent\u00f3w wybiera stal o wysokiej wytrzyma\u0142o\u015bci ze wzgl\u0119du na jej doskona\u0142\u0105 wytrzyma\u0142o\u015b\u0107 na rozci\u0105ganie i trwa\u0142o\u015b\u0107. Je\u015bli budujesz w wilgotnych obszarach lub w pobli\u017cu wybrze\u017ca, odporno\u015b\u0107 na korozj\u0119 staje si\u0119 krytyczna. Wielu wykonawc\u00f3w decyduje si\u0119 na kotwy ocynkowane lub powlekane, aby wyd\u0142u\u017cy\u0107 ich \u017cywotno\u015b\u0107.<\/p>\n<p class=\"whitespace-pre-wrap break-words\">\u0141atwo\u015b\u0107 instalacji i kompatybilno\u015b\u0107 ze standardowym sprz\u0119tem do podnoszenia mo\u017ce znacz\u0105co wp\u0142yn\u0105\u0107 na harmonogram i bud\u017cet projektu. Odpowiednie kotwy b\u0119d\u0105 p\u0142ynnie wsp\u00f3\u0142pracowa\u0107 z istniej\u0105cymi systemami, obni\u017caj\u0105c koszty pracy i przyspieszaj\u0105c budow\u0119. Spe\u0142nianie mi\u0119dzynarodowych norm bezpiecze\u0144stwa nie jest opcjonalne - jest niezb\u0119dne do zapewnienia zgodno\u015bci z przepisami i powodzenia projektu.<\/p>\n<p class=\"whitespace-pre-wrap break-words\">W Qingdao H&amp;F czynniki te kieruj\u0105 naszym pozyskiwaniem i dostaw\u0105 produkt\u00f3w. Stworzyli\u015bmy nasz\u0105 gam\u0119 produkt\u00f3w, aby spe\u0142ni\u0107 r\u00f3\u017cnorodne globalne wymagania, wspieraj\u0105c wszystko dok\u0142adnymi kontrolami jako\u015bci i testami wydajno\u015bci. Gwarantuje to, \u017ce otrzymasz dok\u0142adnie to, czego potrzebuje Tw\u00f3j projekt.<\/p>\n<h2 class=\"font-600 text-xl font-bold\">Zwi\u0119kszanie warto\u015bci kotew do monta\u017cu p\u0142yt warstwowych dzi\u0119ki wsparciu ekspert\u00f3w<\/h2>\n<p class=\"whitespace-pre-wrap break-words\">Maksymalne wykorzystanie kotew do monta\u017cu p\u0142yt warstwowych to nie tylko sprz\u0119t - to tak\u017ce wsparcie, kt\u00f3re si\u0119 za nim kryje. Nasz zesp\u00f3\u0142 w Qingdao H&amp;F wierzy w jasn\u0105 komunikacj\u0119 i wskaz\u00f3wki ekspert\u00f3w. \u015aci\u015ble wsp\u00f3\u0142pracujemy z ka\u017cdym klientem, aby zrozumie\u0107 jego specyficzne potrzeby, zapewniaj\u0105c ukierunkowane zalecenia dotycz\u0105ce optymalnej wydajno\u015bci.<\/p>\n<p class=\"whitespace-pre-wrap break-words\">Wiemy, \u017ce projekty budowlane nie mog\u0105 pozwoli\u0107 sobie na op\u00f3\u017anienia, dlatego zoptymalizowali\u015bmy nasz proces dostawy. Dzi\u0119ki efektywnemu zarz\u0105dzaniu \u0142a\u0144cuchem dostaw i strategicznym partnerstwom zapewniamy, \u017ce kotwy dotr\u0105 na czas, gdziekolwiek s\u0105 potrzebne.<\/p>\n<p class=\"whitespace-pre-wrap break-words\">Do ka\u017cdej przesy\u0142ki do\u0142\u0105czone s\u0105 szczeg\u00f3\u0142owe raporty z kontroli jako\u015bci, zapewniaj\u0105ce pe\u0142ny wgl\u0105d w specyfikacje produktu i dane dotycz\u0105ce wydajno\u015bci. Ta przejrzysto\u015b\u0107 odzwierciedla nasze zaanga\u017cowanie w dostarczanie doskona\u0142o\u015bci.<\/p>\n<h2 class=\"font-600 text-xl font-bold\">Patrz\u0105c w przysz\u0142o\u015b\u0107: Przysz\u0142o\u015b\u0107 kotew do monta\u017cu p\u0142yt warstwowych<\/h2>\n<p class=\"whitespace-pre-wrap break-words\">Bran\u017ca budowlana stale ewoluuje, a techniki monta\u017cu paneli nie s\u0105 wyj\u0105tkiem. Obserwujemy ekscytuj\u0105ce post\u0119py w technologii kotew, w tym mocniejsze, ale l\u017cejsze materia\u0142y. Przysz\u0142o\u015b\u0107 mo\u017ce przynie\u015b\u0107 inteligentne kotwy z wbudowanymi czujnikami do monitorowania napr\u0119\u017ce\u0144 i wyr\u00f3wnania, przenosz\u0105c bezpiecze\u0144stwo i wydajno\u015b\u0107 na nowy poziom.<\/p>\n<p class=\"whitespace-pre-wrap break-words\">W Qingdao H&amp;F wyprzedzamy te zmiany w bran\u017cy. Nad\u0105\u017caj\u0105c za najnowszymi osi\u0105gni\u0119ciami, zapewniamy naszym klientom sta\u0142y dost\u0119p do najnowocze\u015bniejszych rozwi\u0105za\u0144. \u0141\u0105czymy innowacyjne produkty z us\u0142ugami zorientowanymi na klienta, aby utrzyma\u0107 nasz\u0105 pozycj\u0119 lidera na rynku rozwi\u0105za\u0144 w zakresie kotew do monta\u017cu paneli.<\/p>\n<p class=\"whitespace-pre-wrap break-words\">Podsumowuj\u0105c, kotwy monta\u017cowe do p\u0142yt warstwowych pozostaj\u0105 podstaw\u0105 udanego, nowoczesnego budownictwa. Ich rola w umo\u017cliwieniu bezpiecznego i wydajnego monta\u017cu sprawia, \u017ce s\u0105 one nieocenione zar\u00f3wno dla budowniczych, jak i wykonawc\u00f3w. W Qingdao H&amp;F jeste\u015bmy dumni z bycia niezawodnym partnerem w tej dynamicznej dziedzinie, dostarczaj\u0105c jako\u015b\u0107 i doskona\u0142o\u015b\u0107 klientom na ca\u0142ym \u015bwiecie.<\/p>","protected":false},"excerpt":{"rendered":"<p>W budownictwie, kotwy monta\u017cowe do p\u0142yt warstwowych s\u0105 bardzo wa\u017cnymi narz\u0119dziami, kt\u00f3re sprawiaj\u0105, \u017ce podnoszenie i monta\u017c p\u0142yt warstwowych s\u0105 zar\u00f3wno bezpieczne, jak i wydajne. Jako kupuj\u0105cy chcia\u0142by\u015b skupi\u0107 si\u0119 na trzech kluczowych rzeczach: niezawodno\u015bci, kompatybilno\u015bci z r\u00f3\u017cnymi typami paneli i du\u017cej no\u015bno\u015bci. W Qingdao H&amp;F sp\u0119dzili\u015bmy 20 lat doskonal\u0105c nasze podej\u015bcie: oferuj\u0105c spersonalizowan\u0105 obs\u0142ug\u0119 klienta, szybsze terminy dostaw i szczeg\u00f3\u0142owe raporty jako\u015bci dla ka\u017cdego wys\u0142anego zam\u00f3wienia. Dok\u0142adamy wszelkich stara\u0144, aby zapewni\u0107 naszym klientom na ca\u0142ym \u015bwiecie mo\u017cliwie najbardziej p\u0142ynne zakupy.<\/p>","protected":false},"featured_media":8533,"comment_status":"open","ping_status":"closed","template":"","meta":{"site-sidebar-layout":"default","site-content-layout":"","ast-site-content-layout":"default","site-content-style":"default","site-sidebar-style":"default","ast-global-header-display":"","ast-banner-title-visibility":"","ast-main-header-display":"","ast-hfb-above-header-display":"","ast-hfb-below-header-display":"","ast-hfb-mobile-header-display":"","site-post-title":"","ast-breadcrumbs-content":"","ast-featured-img":"","footer-sml-layout":"","theme-transparent-header-meta":"default","adv-header-id-meta":"","stick-header-meta":"default","header-above-stick-meta":"","header-main-stick-meta":"","header-below-stick-meta":"","astra-migrate-meta-layouts":"set","ast-page-background-enabled":"default","ast-page-background-meta":{"desktop":{"background-color":"","background-image":"","background-repeat":"repeat","background-position":"center center","background-size":"auto","background-attachment":"scroll","background-type":"","background-media":"","overlay-type":"","overlay-color":"","overlay-opacity":"","overlay-gradient":""},"tablet":{"background-color":"","background-image":"","background-repeat":"repeat","background-position":"center center","background-size":"auto","background-attachment":"scroll","background-type":"","background-media":"","overlay-type":"","overlay-color":"","overlay-opacity":"","overlay-gradient":""},"mobile":{"background-color":"","background-image":"","background-repeat":"repeat","background-position":"center center","background-size":"auto","background-attachment":"scroll","background-type":"","background-media":"","overlay-type":"","overlay-color":"","overlay-opacity":"","overlay-gradient":""}},"ast-content-background-meta":{"desktop":{"background-color":"var(--ast-global-color-5)","background-image":"","background-repeat":"repeat","background-position":"center center","background-size":"auto","background-attachment":"scroll","background-type":"","background-media":"","overlay-type":"","overlay-color":"","overlay-opacity":"","overlay-gradient":""},"tablet":{"background-color":"var(--ast-global-color-5)","background-image":"","background-repeat":"repeat","background-position":"center center","background-size":"auto","background-attachment":"scroll","background-type":"","background-media":"","overlay-type":"","overlay-color":"","overlay-opacity":"","overlay-gradient":""},"mobile":{"background-color":"var(--ast-global-color-5)","background-image":"","background-repeat":"repeat","background-position":"center center","background-size":"auto","background-attachment":"scroll","background-type":"","background-media":"","overlay-type":"","overlay-color":"","overlay-opacity":"","overlay-gradient":""}}},"product_brand":[],"product_cat":[30],"product_tag":[],"class_list":{"0":"post-8532","1":"product","2":"type-product","3":"status-publish","4":"has-post-thumbnail","6":"product_cat-lifting-anchor","7":"desktop-align-left","8":"tablet-align-left","9":"mobile-align-left","10":"ast-product-gallery-layout-horizontal-slider","11":"ast-product-tabs-layout-horizontal","13":"first","14":"instock","15":"shipping-taxable","16":"purchasable","17":"product-type-simple"},"yoast_head":"<!-- This site is optimized with the Yoast SEO plugin v25.2 - https:\/\/yoast.com\/wordpress\/plugins\/seo\/ -->\n<title>Sandwich Panel Erection Anchor<\/title>\n<meta name=\"robots\" content=\"index, follow, max-snippet:-1, max-image-preview:large, max-video-preview:-1\" \/>\n<link rel=\"canonical\" href=\"https:\/\/qingdaohf.com\/pl\/produkt\/kotwa-do-montazu-plyt-warstwowych\/\" \/>\n<meta property=\"og:locale\" content=\"pl_PL\" \/>\n<meta property=\"og:type\" content=\"article\" \/>\n<meta property=\"og:title\" content=\"Sandwich Panel Erection Anchor\" \/>\n<meta property=\"og:description\" content=\"In construction, sandwich panel erection anchors are very important tools that make the lifting and installation of sandwich panels both safe and efficient. You would want to focus on three key things as a buyer: reliability, compatibility with different panel types, and strong load-bearing capacity. Here at Qingdao H&amp;F, we have spent 20 years perfecting our approach: offering personalized customer service, quicker delivery times, and detailed quality reports for every order shipped. We are committed to giving our clients worldwide the smoothest possible purchasing experience.\" \/>\n<meta property=\"og:url\" content=\"https:\/\/qingdaohf.com\/pl\/produkt\/kotwa-do-montazu-plyt-warstwowych\/\" \/>\n<meta property=\"og:site_name\" content=\"Concrete Form &amp; Rigging Hardware Supplier\" \/>\n<meta property=\"article:publisher\" content=\"https:\/\/www.facebook.com\/qingdaohf\" \/>\n<meta property=\"article:modified_time\" content=\"2025-11-13T01:02:22+00:00\" \/>\n<meta property=\"og:image\" content=\"https:\/\/qingdaohf.com\/wp-content\/uploads\/2024\/12\/Erection-Anchor_\u526f\u672c.jpg\" \/>\n\t<meta property=\"og:image:width\" content=\"1000\" \/>\n\t<meta property=\"og:image:height\" content=\"1000\" \/>\n\t<meta property=\"og:image:type\" content=\"image\/jpeg\" \/>\n<meta name=\"twitter:card\" content=\"summary_large_image\" \/>\n<meta name=\"twitter:label1\" content=\"Szacowany czas czytania\" \/>\n\t<meta name=\"twitter:data1\" content=\"4 minuty\" \/>\n<script type=\"application\/ld+json\" class=\"yoast-schema-graph\">{\"@context\":\"https:\/\/schema.org\",\"@graph\":[{\"@type\":\"WebPage\",\"@id\":\"https:\/\/qingdaohf.com\/product\/sandwich-panel-erection-anchor\/\",\"url\":\"https:\/\/qingdaohf.com\/product\/sandwich-panel-erection-anchor\/\",\"name\":\"Sandwich Panel Erection Anchor\",\"isPartOf\":{\"@id\":\"https:\/\/qingdaohf.com\/bg\/#website\"},\"primaryImageOfPage\":{\"@id\":\"https:\/\/qingdaohf.com\/product\/sandwich-panel-erection-anchor\/#primaryimage\"},\"image\":{\"@id\":\"https:\/\/qingdaohf.com\/product\/sandwich-panel-erection-anchor\/#primaryimage\"},\"thumbnailUrl\":\"https:\/\/qingdaohf.com\/wp-content\/uploads\/2024\/12\/Erection-Anchor_\u526f\u672c.jpg\",\"datePublished\":\"2024-12-16T03:17:22+00:00\",\"dateModified\":\"2025-11-13T01:02:22+00:00\",\"breadcrumb\":{\"@id\":\"https:\/\/qingdaohf.com\/product\/sandwich-panel-erection-anchor\/#breadcrumb\"},\"inLanguage\":\"pl-PL\",\"potentialAction\":[{\"@type\":\"ReadAction\",\"target\":[\"https:\/\/qingdaohf.com\/product\/sandwich-panel-erection-anchor\/\"]}]},{\"@type\":\"ImageObject\",\"inLanguage\":\"pl-PL\",\"@id\":\"https:\/\/qingdaohf.com\/product\/sandwich-panel-erection-anchor\/#primaryimage\",\"url\":\"https:\/\/qingdaohf.com\/wp-content\/uploads\/2024\/12\/Erection-Anchor_\u526f\u672c.jpg\",\"contentUrl\":\"https:\/\/qingdaohf.com\/wp-content\/uploads\/2024\/12\/Erection-Anchor_\u526f\u672c.jpg\",\"width\":1000,\"height\":1000,\"caption\":\"sandwich panel Erection Anchor\"},{\"@type\":\"BreadcrumbList\",\"@id\":\"https:\/\/qingdaohf.com\/product\/sandwich-panel-erection-anchor\/#breadcrumb\",\"itemListElement\":[{\"@type\":\"ListItem\",\"position\":1,\"name\":\"Home\",\"item\":\"https:\/\/qingdaohf.com\/\"},{\"@type\":\"ListItem\",\"position\":2,\"name\":\"Concrete Forming Accessories and Rigging Hardware\",\"item\":\"https:\/\/qingdaohf.com\/bg\/?page_id=944\"},{\"@type\":\"ListItem\",\"position\":3,\"name\":\"Sandwich Panel Erection Anchor\"}]},{\"@type\":\"WebSite\",\"@id\":\"https:\/\/qingdaohf.com\/bg\/#website\",\"url\":\"https:\/\/qingdaohf.com\/bg\/\",\"name\":\"Concrete Form & Rigging Hardware Supplier\",\"description\":\"\",\"publisher\":{\"@id\":\"https:\/\/qingdaohf.com\/bg\/#organization\"},\"potentialAction\":[{\"@type\":\"SearchAction\",\"target\":{\"@type\":\"EntryPoint\",\"urlTemplate\":\"https:\/\/qingdaohf.com\/bg\/?s={search_term_string}\"},\"query-input\":{\"@type\":\"PropertyValueSpecification\",\"valueRequired\":true,\"valueName\":\"search_term_string\"}}],\"inLanguage\":\"pl-PL\"},{\"@type\":\"Organization\",\"@id\":\"https:\/\/qingdaohf.com\/bg\/#organization\",\"name\":\"Qingdao H&F\",\"url\":\"https:\/\/qingdaohf.com\/bg\/\",\"logo\":{\"@type\":\"ImageObject\",\"inLanguage\":\"pl-PL\",\"@id\":\"https:\/\/qingdaohf.com\/bg\/#\/schema\/logo\/image\/\",\"url\":\"https:\/\/qingdaohf.com\/wp-content\/uploads\/2022\/12\/cropped-HF-LOGO.png\",\"contentUrl\":\"https:\/\/qingdaohf.com\/wp-content\/uploads\/2022\/12\/cropped-HF-LOGO.png\",\"width\":391,\"height\":249,\"caption\":\"Qingdao H&F\"},\"image\":{\"@id\":\"https:\/\/qingdaohf.com\/bg\/#\/schema\/logo\/image\/\"},\"sameAs\":[\"https:\/\/www.facebook.com\/qingdaohf\"]}]}<\/script>\n<!-- \/ Yoast SEO plugin. -->","yoast_head_json":{"title":"Sandwich Panel Erection Anchor","robots":{"index":"index","follow":"follow","max-snippet":"max-snippet:-1","max-image-preview":"max-image-preview:large","max-video-preview":"max-video-preview:-1"},"canonical":"https:\/\/qingdaohf.com\/pl\/produkt\/kotwa-do-montazu-plyt-warstwowych\/","og_locale":"pl_PL","og_type":"article","og_title":"Sandwich Panel Erection Anchor","og_description":"In construction, sandwich panel erection anchors are very important tools that make the lifting and installation of sandwich panels both safe and efficient. You would want to focus on three key things as a buyer: reliability, compatibility with different panel types, and strong load-bearing capacity. Here at Qingdao H&amp;F, we have spent 20 years perfecting our approach: offering personalized customer service, quicker delivery times, and detailed quality reports for every order shipped. We are committed to giving our clients worldwide the smoothest possible purchasing experience.","og_url":"https:\/\/qingdaohf.com\/pl\/produkt\/kotwa-do-montazu-plyt-warstwowych\/","og_site_name":"Concrete Form &amp; Rigging Hardware Supplier","article_publisher":"https:\/\/www.facebook.com\/qingdaohf","article_modified_time":"2025-11-13T01:02:22+00:00","og_image":[{"width":1000,"height":1000,"url":"https:\/\/qingdaohf.com\/wp-content\/uploads\/2024\/12\/Erection-Anchor_\u526f\u672c.jpg","type":"image\/jpeg"}],"twitter_card":"summary_large_image","twitter_misc":{"Szacowany czas czytania":"4 minuty"},"schema":{"@context":"https:\/\/schema.org","@graph":[{"@type":"WebPage","@id":"https:\/\/qingdaohf.com\/product\/sandwich-panel-erection-anchor\/","url":"https:\/\/qingdaohf.com\/product\/sandwich-panel-erection-anchor\/","name":"Sandwich Panel Erection Anchor","isPartOf":{"@id":"https:\/\/qingdaohf.com\/bg\/#website"},"primaryImageOfPage":{"@id":"https:\/\/qingdaohf.com\/product\/sandwich-panel-erection-anchor\/#primaryimage"},"image":{"@id":"https:\/\/qingdaohf.com\/product\/sandwich-panel-erection-anchor\/#primaryimage"},"thumbnailUrl":"https:\/\/qingdaohf.com\/wp-content\/uploads\/2024\/12\/Erection-Anchor_\u526f\u672c.jpg","datePublished":"2024-12-16T03:17:22+00:00","dateModified":"2025-11-13T01:02:22+00:00","breadcrumb":{"@id":"https:\/\/qingdaohf.com\/product\/sandwich-panel-erection-anchor\/#breadcrumb"},"inLanguage":"pl-PL","potentialAction":[{"@type":"ReadAction","target":["https:\/\/qingdaohf.com\/product\/sandwich-panel-erection-anchor\/"]}]},{"@type":"ImageObject","inLanguage":"pl-PL","@id":"https:\/\/qingdaohf.com\/product\/sandwich-panel-erection-anchor\/#primaryimage","url":"https:\/\/qingdaohf.com\/wp-content\/uploads\/2024\/12\/Erection-Anchor_\u526f\u672c.jpg","contentUrl":"https:\/\/qingdaohf.com\/wp-content\/uploads\/2024\/12\/Erection-Anchor_\u526f\u672c.jpg","width":1000,"height":1000,"caption":"sandwich panel Erection Anchor"},{"@type":"BreadcrumbList","@id":"https:\/\/qingdaohf.com\/product\/sandwich-panel-erection-anchor\/#breadcrumb","itemListElement":[{"@type":"ListItem","position":1,"name":"Home","item":"https:\/\/qingdaohf.com\/"},{"@type":"ListItem","position":2,"name":"Concrete Forming Accessories and Rigging Hardware","item":"https:\/\/qingdaohf.com\/bg\/?page_id=944"},{"@type":"ListItem","position":3,"name":"Sandwich Panel Erection Anchor"}]},{"@type":"WebSite","@id":"https:\/\/qingdaohf.com\/bg\/#website","url":"https:\/\/qingdaohf.com\/bg\/","name":"Concrete Form & Rigging Hardware Supplier","description":"","publisher":{"@id":"https:\/\/qingdaohf.com\/bg\/#organization"},"potentialAction":[{"@type":"SearchAction","target":{"@type":"EntryPoint","urlTemplate":"https:\/\/qingdaohf.com\/bg\/?s={search_term_string}"},"query-input":{"@type":"PropertyValueSpecification","valueRequired":true,"valueName":"search_term_string"}}],"inLanguage":"pl-PL"},{"@type":"Organization","@id":"https:\/\/qingdaohf.com\/bg\/#organization","name":"Qingdao H&F","url":"https:\/\/qingdaohf.com\/bg\/","logo":{"@type":"ImageObject","inLanguage":"pl-PL","@id":"https:\/\/qingdaohf.com\/bg\/#\/schema\/logo\/image\/","url":"https:\/\/qingdaohf.com\/wp-content\/uploads\/2022\/12\/cropped-HF-LOGO.png","contentUrl":"https:\/\/qingdaohf.com\/wp-content\/uploads\/2022\/12\/cropped-HF-LOGO.png","width":391,"height":249,"caption":"Qingdao H&F"},"image":{"@id":"https:\/\/qingdaohf.com\/bg\/#\/schema\/logo\/image\/"},"sameAs":["https:\/\/www.facebook.com\/qingdaohf"]}]}},"_links":{"self":[{"href":"https:\/\/qingdaohf.com\/pl\/wp-json\/wp\/v2\/product\/8532","targetHints":{"allow":["GET"]}}],"collection":[{"href":"https:\/\/qingdaohf.com\/pl\/wp-json\/wp\/v2\/product"}],"about":[{"href":"https:\/\/qingdaohf.com\/pl\/wp-json\/wp\/v2\/types\/product"}],"replies":[{"embeddable":true,"href":"https:\/\/qingdaohf.com\/pl\/wp-json\/wp\/v2\/comments?post=8532"}],"version-history":[{"count":1,"href":"https:\/\/qingdaohf.com\/pl\/wp-json\/wp\/v2\/product\/8532\/revisions"}],"predecessor-version":[{"id":8534,"href":"https:\/\/qingdaohf.com\/pl\/wp-json\/wp\/v2\/product\/8532\/revisions\/8534"}],"wp:featuredmedia":[{"embeddable":true,"href":"https:\/\/qingdaohf.com\/pl\/wp-json\/wp\/v2\/media\/8533"}],"wp:attachment":[{"href":"https:\/\/qingdaohf.com\/pl\/wp-json\/wp\/v2\/media?parent=8532"}],"wp:term":[{"taxonomy":"product_brand","embeddable":true,"href":"https:\/\/qingdaohf.com\/pl\/wp-json\/wp\/v2\/product_brand?post=8532"},{"taxonomy":"product_cat","embeddable":true,"href":"https:\/\/qingdaohf.com\/pl\/wp-json\/wp\/v2\/product_cat?post=8532"},{"taxonomy":"product_tag","embeddable":true,"href":"https:\/\/qingdaohf.com\/pl\/wp-json\/wp\/v2\/product_tag?post=8532"}],"curies":[{"name":"wp","href":"https:\/\/api.w.org\/{rel}","templated":true}]}}