{"id":8601,"date":"2024-12-27T17:18:28","date_gmt":"2024-12-27T09:18:28","guid":{"rendered":"http:\/\/qingdaohf.com\/?post_type=product&#038;p=8601"},"modified":"2025-11-13T09:02:22","modified_gmt":"2025-11-13T01:02:22","slug":"formwork-water-stop","status":"publish","type":"product","link":"https:\/\/qingdaohf.com\/pl\/produkt\/ogranicznik-wody-w-szalunku\/","title":{"rendered":"Water Stop do szalunk\u00f3w"},"content":{"rendered":"<p class=\"whitespace-pre-wrap break-words\">Produkty zatrzymuj\u0105ce wod\u0119 w szalunkach s\u0105 niezb\u0119dne do uszczelniania i utrzymywania integralno\u015bci strukturalnej konstrukcji betonowych. Komponenty te wsp\u00f3\u0142pracuj\u0105 z akcesoriami do szalunk\u00f3w, takimi jak \u015bci\u0105gi i nakr\u0119tki motylkowe, aby zapobiega\u0107 przesi\u0105kaniu wody i chroni\u0107 konstrukcje betonowe. Przyjrzyjmy si\u0119, jak te elementy wsp\u00f3\u0142pracuj\u0105 ze sob\u0105 i dlaczego maj\u0105 znaczenie dla projekt\u00f3w budowlanych.<\/p>\n<h2 class=\"font-600 text-xl font-bold\">Zrozumienie ogranicznik\u00f3w wody w szalunkach<\/h2>\n<p class=\"whitespace-pre-wrap break-words\">Podczas budowania z betonu nieuchronnie b\u0119dziesz mie\u0107 do czynienia z po\u0142\u0105czeniami mi\u0119dzy r\u00f3\u017cnymi sekcjami - pojawiaj\u0105 si\u0119 one z powodu praktycznych potrzeb, takich jak przerwy konstrukcyjne lub stosowanie oddzielnych sekcji form. Poniewa\u017c beton jest naturalnie porowaty, po\u0142\u0105czenia te mog\u0105 sta\u0107 si\u0119 s\u0142abymi punktami, przez kt\u00f3re mo\u017ce przenika\u0107 woda. To w\u0142a\u015bnie tam pojawiaj\u0105 si\u0119 ograniczniki wody.<\/p>\n<p class=\"whitespace-pre-wrap break-words\">Stopery wodne s\u0105 wykonane z materia\u0142\u00f3w, kt\u00f3re mog\u0105 si\u0119 zgina\u0107 i porusza\u0107 wraz z betonem - zazwyczaj z PVC, gumy lub specjalnych zwi\u0105zk\u00f3w hydrofilowych. Kluczem jest wyb\u00f3r czego\u015b, co zachowa swoj\u0105 skuteczno\u015b\u0107 w miar\u0119 osiadania betonu i reagowania na zmiany \u015brodowiskowe. Nale\u017cy je zainstalowa\u0107 przed wylaniem betonu, tworz\u0105c fizyczn\u0105 barier\u0119 przed infiltracj\u0105 wody. Jest to szczeg\u00f3lnie wa\u017cne w przypadku konstrukcji takich jak piwnice, tunele i tamy, gdzie ci\u015bnienie wody jest sta\u0142ym problemem.<\/p>\n<h2 class=\"font-600 text-xl font-bold\">Rola dr\u0105\u017ck\u00f3w \u015bci\u0105gaj\u0105cych w zastosowaniach szalunkowych<\/h2>\n<p><img fetchpriority=\"high\" decoding=\"async\" class=\"alignnone wp-image-8579 size-full\" src=\"http:\/\/qingdaohf.com\/wp-content\/uploads\/2024\/12\/tie-rod-92.webp\" alt=\"system dr\u0105\u017ck\u00f3w kierowniczych\" width=\"1000\" height=\"1000\" srcset=\"https:\/\/qingdaohf.com\/wp-content\/uploads\/2024\/12\/tie-rod-92.webp 1000w, https:\/\/qingdaohf.com\/wp-content\/uploads\/2024\/12\/tie-rod-92-300x300.webp 300w, https:\/\/qingdaohf.com\/wp-content\/uploads\/2024\/12\/tie-rod-92-150x150.webp 150w, https:\/\/qingdaohf.com\/wp-content\/uploads\/2024\/12\/tie-rod-92-768x768.webp 768w, https:\/\/qingdaohf.com\/wp-content\/uploads\/2024\/12\/tie-rod-92-12x12.webp 12w, https:\/\/qingdaohf.com\/wp-content\/uploads\/2024\/12\/tie-rod-92-500x500.webp 500w, https:\/\/qingdaohf.com\/wp-content\/uploads\/2024\/12\/tie-rod-92-100x100.webp 100w\" sizes=\"(max-width: 1000px) 100vw, 1000px\" \/><\/p>\n<p class=\"whitespace-pre-wrap break-words\">Pr\u0119ty \u015bci\u0105gaj\u0105ce (lub \u015bci\u0105gi szalunkowe) s\u0105 niedocenianymi bohaterami konstrukcji betonowych. Te stalowe elementy utrzymuj\u0105 panele szalunkowe stabilnie podczas wylewania i utwardzania betonu. Przewlekaj\u0105c je przez panele i zabezpieczaj\u0105c nakr\u0119tkami motylkowymi na ka\u017cdym ko\u0144cu, zapewniaj\u0105 one napi\u0119cie potrzebne do utrzymania stabilno\u015bci wszystkich element\u00f3w pod ogromnym naciskiem mokrego betonu.<\/p>\n<p class=\"whitespace-pre-wrap break-words\">Zale\u017cno\u015b\u0107 mi\u0119dzy ogranicznikami wody i \u015bci\u0105gami jest kluczowa - musz\u0105 one p\u0142ynnie ze sob\u0105 wsp\u00f3\u0142pracowa\u0107. Podczas gdy \u015bci\u0105gi utrzymuj\u0105 pozycj\u0119 szalunku, ograniczniki wody zapewniaj\u0105 szczelno\u015b\u0107 po\u0142\u0105czenia. Prawid\u0142owe po\u0142\u0105czenie tych element\u00f3w zapobiega infiltracji wody i kosztownym naprawom w przysz\u0142o\u015bci. Po zwi\u0105zaniu betonu pracownicy usuwaj\u0105 \u015bci\u0105gi i nakr\u0119tki motylkowe, pozostawiaj\u0105c odpowiednio uszczelnione po\u0142\u0105czenia.<\/p>\n<h2 class=\"font-600 text-xl font-bold\">Znaczenie nakr\u0119tek motylkowych w konstrukcji szalunku<\/h2>\n<p class=\"whitespace-pre-wrap break-words\">Nakr\u0119tki motylkowe mog\u0105 wydawa\u0107 si\u0119 proste, ale s\u0105 niezb\u0119dne do precyzyjnej instalacji szalunku. Ich konstrukcja umo\u017cliwia pracownikom r\u0119czn\u0105 regulacj\u0119 napr\u0119\u017cenia \u015bci\u0105g\u00f3w, co u\u0142atwia utrzymanie prawid\u0142owego wyr\u00f3wnania paneli podczas wylewania betonu. Ta precyzyjna kontrola pomaga zapobiega\u0107 ruchom paneli, kt\u00f3re mog\u0142yby zagrozi\u0107 ostatecznej konstrukcji.<\/p>\n<p class=\"whitespace-pre-wrap break-words\">Komponenty te odgrywaj\u0105 r\u00f3wnie\u017c kluczow\u0105 rol\u0119 w skuteczno\u015bci zatrzymywania wody. Gdy \u015bci\u0105gi s\u0105 odpowiednio napr\u0119\u017cone za pomoc\u0105 nakr\u0119tek motylkowych, utrzymuj\u0105 panele szalunkowe i ograniczniki wody dok\u0142adnie tam, gdzie powinny si\u0119 znajdowa\u0107. Bez odpowiedniej regulacji nakr\u0119tek motylkowych, ruch podczas wylewania mo\u017ce tworzy\u0107 szczeliny, kt\u00f3re umo\u017cliwiaj\u0105 penetracj\u0119 wody.<\/p>\n<h2 class=\"font-600 text-xl font-bold\">Korzy\u015bci p\u0142yn\u0105ce z zastosowania stoper\u00f3w wodnych w hydroizolacji betonu<\/h2>\n<p class=\"whitespace-pre-wrap break-words\">W przypadku konstrukcji nara\u017conych na ci\u0105g\u0142e dzia\u0142anie wilgoci - takich jak fundamenty i tunele podziemne - odpowiednia hydroizolacja nie podlega negocjacjom. Stopery wodne oferuj\u0105 kilka kluczowych zalet:<\/p>\n<p class=\"whitespace-pre-wrap break-words\">Ochrona strukturalna: Zapobiegaj\u0105c infiltracji wody w po\u0142\u0105czeniach, ograniczniki wody pomagaj\u0105 unikn\u0105\u0107 typowych problem\u00f3w, takich jak korozja zbrojenia i degradacja betonu, kt\u00f3re mog\u0105 zagra\u017ca\u0107 integralno\u015bci strukturalnej.<\/p>\n<p class=\"whitespace-pre-wrap break-words\">Korzy\u015bci finansowe: Cho\u0107 pocz\u0105tkowa inwestycja w wysokiej jako\u015bci izolacj\u0119 przeciwwodn\u0105 mo\u017ce wydawa\u0107 si\u0119 znacz\u0105ca, jest ona znacznie ta\u0144sza ni\u017c p\u00f3\u017aniejsze naprawy szk\u00f3d spowodowanych przez wod\u0119. Prawid\u0142owe wykonanie hydroizolacji podczas budowy eliminuje potrzeb\u0119 kosztownych napraw w p\u00f3\u017aniejszym czasie.<\/p>\n<p class=\"whitespace-pre-wrap break-words\">Zwi\u0119kszona trwa\u0142o\u015b\u0107: Konstrukcje z prawid\u0142owo zainstalowanym ogranicznikiem przep\u0142ywu wody zwykle dzia\u0142aj\u0105 d\u0142u\u017cej, szczeg\u00f3lnie w trudnych warunkach z wysokim ci\u015bnieniem wody lub w warunkach korozyjnych.<\/p>\n<p class=\"whitespace-pre-wrap break-words\">Zgodno\u015b\u0107 z przepisami: Wiele przepis\u00f3w budowlanych nakazuje stosowanie stoper\u00f3w wodnych, szczeg\u00f3lnie w przypadku infrastruktury krytycznej. Korzystanie z nich pomaga zapewni\u0107, \u017ce projekt spe\u0142nia wszystkie niezb\u0119dne standardy bezpiecze\u0144stwa i niezawodno\u015bci.<\/p>\n<p class=\"whitespace-pre-wrap break-words\">Odpowiedzialno\u015b\u0107 za \u015brodowisko: Skuteczna hydroizolacja chroni nie tylko konstrukcj\u0119, ale tak\u017ce otaczaj\u0105ce j\u0105 \u015brodowisko przed potencjalnym zanieczyszczeniem w wyniku wyciek\u00f3w.<\/p>\n<h2 class=\"font-600 text-xl font-bold\">Dlaczego warto wybra\u0107 w\u0142a\u015bnie nas?<\/h2>\n<p class=\"whitespace-pre-wrap break-words\">Nasza firma specjalizuje si\u0119 w dostarczaniu profesjonalistom budowlanym wysokiej jako\u015bci rozwi\u0105za\u0144 szalunkowych. Rozumiemy, \u017ce ka\u017cdy projekt wi\u0105\u017ce si\u0119 z unikalnymi wyzwaniami, dlatego oferujemy spersonalizowane wsparcie, aby pom\u00f3c w wyborze odpowiednich produkt\u00f3w.<\/p>\n<p class=\"whitespace-pre-wrap break-words\">Szczycimy si\u0119 szybkimi terminami dostaw i kompleksow\u0105 dokumentacj\u0105 kontroli jako\u015bci. Niezale\u017cnie od tego, czy zarz\u0105dzasz du\u017cym projektem infrastrukturalnym, czy mniejsz\u0105 inwestycj\u0105, nasz zesp\u00f3\u0142 zapewnia specjalistyczn\u0105 wiedz\u0119 i wsparcie, kt\u00f3rych potrzebujesz podczas ca\u0142ego projektu.<\/p>\n<h2 class=\"font-600 text-xl font-bold\">Wnioski<\/h2>\n<p class=\"whitespace-pre-wrap break-words\">Sukces konstrukcji betonowych cz\u0119sto zale\u017cy od dopracowania szczeg\u00f3\u0142\u00f3w - zw\u0142aszcza je\u015bli chodzi o hydroizolacj\u0119. Efektywne wykorzystanie ogranicznik\u00f3w wody, wraz z prawid\u0142owo zainstalowanymi pr\u0119tami \u0142\u0105cz\u0105cymi i nakr\u0119tkami motylkowymi, pomaga zapewni\u0107 wodoszczelno\u015b\u0107 i trwa\u0142o\u015b\u0107 konstrukcji. Wsp\u00f3\u0142pracuj\u0105c z niezawodnym dostawc\u0105, takim jak my, otrzymasz wysokiej jako\u015bci produkty i wsparcie niezb\u0119dne do pomy\u015blnej realizacji projekt\u00f3w.<\/p>","protected":false},"excerpt":{"rendered":"<p>Produkty zatrzymuj\u0105ce wod\u0119 w szalunkach s\u0105 niezb\u0119dne do tworzenia wodoodpornych barier w konstrukcjach betonowych, zapobiegaj\u0105c wyciekom wody przez po\u0142\u0105czenia w konstrukcjach betonowych. Produkty te s\u0105 przeznaczone do stosowania w po\u0142\u0105czeniu z innymi akcesoriami do szalunk\u00f3w, takimi jak \u015bci\u0105gi i nakr\u0119tki motylkowe, aby zapewni\u0107 p\u0142ynny i trwa\u0142y proces budowy. Jako firma handlowa oferujemy indywidualn\u0105 obs\u0142ug\u0119 klienta, szybkie cykle dostaw i dostarczamy r\u00f3\u017cne raporty z kontroli jako\u015bci, aby zapewni\u0107 naszym klientom najwy\u017cszy standard. Niezale\u017cnie od tego, czy potrzebujesz porady dotycz\u0105cej specyfikacji produktu, czy terminowej dostawy, jeste\u015bmy zobowi\u0105zani do zaspokojenia Twoich potrzeb z wydajno\u015bci\u0105 i niezawodno\u015bci\u0105.<\/p>","protected":false},"featured_media":8599,"comment_status":"open","ping_status":"closed","template":"","meta":{"site-sidebar-layout":"default","site-content-layout":"","ast-site-content-layout":"default","site-content-style":"default","site-sidebar-style":"default","ast-global-header-display":"","ast-banner-title-visibility":"","ast-main-header-display":"","ast-hfb-above-header-display":"","ast-hfb-below-header-display":"","ast-hfb-mobile-header-display":"","site-post-title":"","ast-breadcrumbs-content":"","ast-featured-img":"","footer-sml-layout":"","theme-transparent-header-meta":"default","adv-header-id-meta":"","stick-header-meta":"default","header-above-stick-meta":"","header-main-stick-meta":"","header-below-stick-meta":"","astra-migrate-meta-layouts":"set","ast-page-background-enabled":"default","ast-page-background-meta":{"desktop":{"background-color":"","background-image":"","background-repeat":"repeat","background-position":"center center","background-size":"auto","background-attachment":"scroll","background-type":"","background-media":"","overlay-type":"","overlay-color":"","overlay-opacity":"","overlay-gradient":""},"tablet":{"background-color":"","background-image":"","background-repeat":"repeat","background-position":"center center","background-size":"auto","background-attachment":"scroll","background-type":"","background-media":"","overlay-type":"","overlay-color":"","overlay-opacity":"","overlay-gradient":""},"mobile":{"background-color":"","background-image":"","background-repeat":"repeat","background-position":"center center","background-size":"auto","background-attachment":"scroll","background-type":"","background-media":"","overlay-type":"","overlay-color":"","overlay-opacity":"","overlay-gradient":""}},"ast-content-background-meta":{"desktop":{"background-color":"var(--ast-global-color-5)","background-image":"","background-repeat":"repeat","background-position":"center center","background-size":"auto","background-attachment":"scroll","background-type":"","background-media":"","overlay-type":"","overlay-color":"","overlay-opacity":"","overlay-gradient":""},"tablet":{"background-color":"var(--ast-global-color-5)","background-image":"","background-repeat":"repeat","background-position":"center center","background-size":"auto","background-attachment":"scroll","background-type":"","background-media":"","overlay-type":"","overlay-color":"","overlay-opacity":"","overlay-gradient":""},"mobile":{"background-color":"var(--ast-global-color-5)","background-image":"","background-repeat":"repeat","background-position":"center center","background-size":"auto","background-attachment":"scroll","background-type":"","background-media":"","overlay-type":"","overlay-color":"","overlay-opacity":"","overlay-gradient":""}}},"product_brand":[],"product_cat":[79],"product_tag":[],"class_list":{"0":"post-8601","1":"product","2":"type-product","3":"status-publish","4":"has-post-thumbnail","6":"product_cat-tie-rod-system","7":"desktop-align-left","8":"tablet-align-left","9":"mobile-align-left","10":"ast-product-gallery-layout-horizontal-slider","11":"ast-product-tabs-layout-horizontal","13":"first","14":"instock","15":"shipping-taxable","16":"purchasable","17":"product-type-simple"},"yoast_head":"<!-- This site is optimized with the Yoast SEO plugin v25.2 - https:\/\/yoast.com\/wordpress\/plugins\/seo\/ -->\n<title>Formwork Water Stop<\/title>\n<meta name=\"description\" content=\"Formwork water stop products are essential for creating waterproof barriers in concrete construction, preventing water leakage through joints in concrete structures.\" \/>\n<meta name=\"robots\" content=\"index, follow, max-snippet:-1, max-image-preview:large, max-video-preview:-1\" \/>\n<link rel=\"canonical\" href=\"https:\/\/qingdaohf.com\/pl\/produkt\/ogranicznik-wody-w-szalunku\/\" \/>\n<meta property=\"og:locale\" content=\"pl_PL\" \/>\n<meta property=\"og:type\" content=\"article\" \/>\n<meta property=\"og:title\" content=\"Formwork Water Stop\" \/>\n<meta property=\"og:description\" content=\"Formwork water stop products are essential for creating waterproof barriers in concrete construction, preventing water leakage through joints in concrete structures.\" \/>\n<meta property=\"og:url\" content=\"https:\/\/qingdaohf.com\/pl\/produkt\/ogranicznik-wody-w-szalunku\/\" \/>\n<meta property=\"og:site_name\" content=\"Concrete Form &amp; Rigging Hardware Supplier\" \/>\n<meta property=\"article:publisher\" content=\"https:\/\/www.facebook.com\/qingdaohf\" \/>\n<meta property=\"article:modified_time\" content=\"2025-11-13T01:02:22+00:00\" \/>\n<meta property=\"og:image\" content=\"https:\/\/qingdaohf.com\/wp-content\/uploads\/2024\/12\/tie-rod-water-stop-9.jpg\" \/>\n\t<meta property=\"og:image:width\" content=\"1000\" \/>\n\t<meta property=\"og:image:height\" content=\"1000\" \/>\n\t<meta property=\"og:image:type\" content=\"image\/jpeg\" \/>\n<meta name=\"twitter:card\" content=\"summary_large_image\" \/>\n<meta name=\"twitter:label1\" content=\"Szacowany czas czytania\" \/>\n\t<meta name=\"twitter:data1\" content=\"4 minuty\" \/>\n<script type=\"application\/ld+json\" class=\"yoast-schema-graph\">{\"@context\":\"https:\/\/schema.org\",\"@graph\":[{\"@type\":\"WebPage\",\"@id\":\"https:\/\/qingdaohf.com\/product\/formwork-water-stop\/\",\"url\":\"https:\/\/qingdaohf.com\/product\/formwork-water-stop\/\",\"name\":\"Formwork Water Stop\",\"isPartOf\":{\"@id\":\"https:\/\/qingdaohf.com\/bg\/#website\"},\"primaryImageOfPage\":{\"@id\":\"https:\/\/qingdaohf.com\/product\/formwork-water-stop\/#primaryimage\"},\"image\":{\"@id\":\"https:\/\/qingdaohf.com\/product\/formwork-water-stop\/#primaryimage\"},\"thumbnailUrl\":\"https:\/\/qingdaohf.com\/wp-content\/uploads\/2024\/12\/tie-rod-water-stop-9.jpg\",\"datePublished\":\"2024-12-27T09:18:28+00:00\",\"dateModified\":\"2025-11-13T01:02:22+00:00\",\"description\":\"Formwork water stop products are essential for creating waterproof barriers in concrete construction, preventing water leakage through joints in concrete structures.\",\"breadcrumb\":{\"@id\":\"https:\/\/qingdaohf.com\/product\/formwork-water-stop\/#breadcrumb\"},\"inLanguage\":\"pl-PL\",\"potentialAction\":[{\"@type\":\"ReadAction\",\"target\":[\"https:\/\/qingdaohf.com\/product\/formwork-water-stop\/\"]}]},{\"@type\":\"ImageObject\",\"inLanguage\":\"pl-PL\",\"@id\":\"https:\/\/qingdaohf.com\/product\/formwork-water-stop\/#primaryimage\",\"url\":\"https:\/\/qingdaohf.com\/wp-content\/uploads\/2024\/12\/tie-rod-water-stop-9.jpg\",\"contentUrl\":\"https:\/\/qingdaohf.com\/wp-content\/uploads\/2024\/12\/tie-rod-water-stop-9.jpg\",\"width\":1000,\"height\":1000},{\"@type\":\"BreadcrumbList\",\"@id\":\"https:\/\/qingdaohf.com\/product\/formwork-water-stop\/#breadcrumb\",\"itemListElement\":[{\"@type\":\"ListItem\",\"position\":1,\"name\":\"Home\",\"item\":\"https:\/\/qingdaohf.com\/\"},{\"@type\":\"ListItem\",\"position\":2,\"name\":\"Concrete Forming Accessories and Rigging Hardware\",\"item\":\"https:\/\/qingdaohf.com\/bg\/?page_id=944\"},{\"@type\":\"ListItem\",\"position\":3,\"name\":\"Formwork Water Stop\"}]},{\"@type\":\"WebSite\",\"@id\":\"https:\/\/qingdaohf.com\/bg\/#website\",\"url\":\"https:\/\/qingdaohf.com\/bg\/\",\"name\":\"Concrete Form & Rigging Hardware Supplier\",\"description\":\"\",\"publisher\":{\"@id\":\"https:\/\/qingdaohf.com\/bg\/#organization\"},\"potentialAction\":[{\"@type\":\"SearchAction\",\"target\":{\"@type\":\"EntryPoint\",\"urlTemplate\":\"https:\/\/qingdaohf.com\/bg\/?s={search_term_string}\"},\"query-input\":{\"@type\":\"PropertyValueSpecification\",\"valueRequired\":true,\"valueName\":\"search_term_string\"}}],\"inLanguage\":\"pl-PL\"},{\"@type\":\"Organization\",\"@id\":\"https:\/\/qingdaohf.com\/bg\/#organization\",\"name\":\"Qingdao H&F\",\"url\":\"https:\/\/qingdaohf.com\/bg\/\",\"logo\":{\"@type\":\"ImageObject\",\"inLanguage\":\"pl-PL\",\"@id\":\"https:\/\/qingdaohf.com\/bg\/#\/schema\/logo\/image\/\",\"url\":\"https:\/\/qingdaohf.com\/wp-content\/uploads\/2022\/12\/cropped-HF-LOGO.png\",\"contentUrl\":\"https:\/\/qingdaohf.com\/wp-content\/uploads\/2022\/12\/cropped-HF-LOGO.png\",\"width\":391,\"height\":249,\"caption\":\"Qingdao H&F\"},\"image\":{\"@id\":\"https:\/\/qingdaohf.com\/bg\/#\/schema\/logo\/image\/\"},\"sameAs\":[\"https:\/\/www.facebook.com\/qingdaohf\"]}]}<\/script>\n<!-- \/ Yoast SEO plugin. -->","yoast_head_json":{"title":"Formwork Water Stop","description":"Formwork water stop products are essential for creating waterproof barriers in concrete construction, preventing water leakage through joints in concrete structures.","robots":{"index":"index","follow":"follow","max-snippet":"max-snippet:-1","max-image-preview":"max-image-preview:large","max-video-preview":"max-video-preview:-1"},"canonical":"https:\/\/qingdaohf.com\/pl\/produkt\/ogranicznik-wody-w-szalunku\/","og_locale":"pl_PL","og_type":"article","og_title":"Formwork Water Stop","og_description":"Formwork water stop products are essential for creating waterproof barriers in concrete construction, preventing water leakage through joints in concrete structures.","og_url":"https:\/\/qingdaohf.com\/pl\/produkt\/ogranicznik-wody-w-szalunku\/","og_site_name":"Concrete Form &amp; Rigging Hardware Supplier","article_publisher":"https:\/\/www.facebook.com\/qingdaohf","article_modified_time":"2025-11-13T01:02:22+00:00","og_image":[{"width":1000,"height":1000,"url":"https:\/\/qingdaohf.com\/wp-content\/uploads\/2024\/12\/tie-rod-water-stop-9.jpg","type":"image\/jpeg"}],"twitter_card":"summary_large_image","twitter_misc":{"Szacowany czas czytania":"4 minuty"},"schema":{"@context":"https:\/\/schema.org","@graph":[{"@type":"WebPage","@id":"https:\/\/qingdaohf.com\/product\/formwork-water-stop\/","url":"https:\/\/qingdaohf.com\/product\/formwork-water-stop\/","name":"Formwork Water Stop","isPartOf":{"@id":"https:\/\/qingdaohf.com\/bg\/#website"},"primaryImageOfPage":{"@id":"https:\/\/qingdaohf.com\/product\/formwork-water-stop\/#primaryimage"},"image":{"@id":"https:\/\/qingdaohf.com\/product\/formwork-water-stop\/#primaryimage"},"thumbnailUrl":"https:\/\/qingdaohf.com\/wp-content\/uploads\/2024\/12\/tie-rod-water-stop-9.jpg","datePublished":"2024-12-27T09:18:28+00:00","dateModified":"2025-11-13T01:02:22+00:00","description":"Formwork water stop products are essential for creating waterproof barriers in concrete construction, preventing water leakage through joints in concrete structures.","breadcrumb":{"@id":"https:\/\/qingdaohf.com\/product\/formwork-water-stop\/#breadcrumb"},"inLanguage":"pl-PL","potentialAction":[{"@type":"ReadAction","target":["https:\/\/qingdaohf.com\/product\/formwork-water-stop\/"]}]},{"@type":"ImageObject","inLanguage":"pl-PL","@id":"https:\/\/qingdaohf.com\/product\/formwork-water-stop\/#primaryimage","url":"https:\/\/qingdaohf.com\/wp-content\/uploads\/2024\/12\/tie-rod-water-stop-9.jpg","contentUrl":"https:\/\/qingdaohf.com\/wp-content\/uploads\/2024\/12\/tie-rod-water-stop-9.jpg","width":1000,"height":1000},{"@type":"BreadcrumbList","@id":"https:\/\/qingdaohf.com\/product\/formwork-water-stop\/#breadcrumb","itemListElement":[{"@type":"ListItem","position":1,"name":"Home","item":"https:\/\/qingdaohf.com\/"},{"@type":"ListItem","position":2,"name":"Concrete Forming Accessories and Rigging Hardware","item":"https:\/\/qingdaohf.com\/bg\/?page_id=944"},{"@type":"ListItem","position":3,"name":"Formwork Water Stop"}]},{"@type":"WebSite","@id":"https:\/\/qingdaohf.com\/bg\/#website","url":"https:\/\/qingdaohf.com\/bg\/","name":"Concrete Form & Rigging Hardware Supplier","description":"","publisher":{"@id":"https:\/\/qingdaohf.com\/bg\/#organization"},"potentialAction":[{"@type":"SearchAction","target":{"@type":"EntryPoint","urlTemplate":"https:\/\/qingdaohf.com\/bg\/?s={search_term_string}"},"query-input":{"@type":"PropertyValueSpecification","valueRequired":true,"valueName":"search_term_string"}}],"inLanguage":"pl-PL"},{"@type":"Organization","@id":"https:\/\/qingdaohf.com\/bg\/#organization","name":"Qingdao H&F","url":"https:\/\/qingdaohf.com\/bg\/","logo":{"@type":"ImageObject","inLanguage":"pl-PL","@id":"https:\/\/qingdaohf.com\/bg\/#\/schema\/logo\/image\/","url":"https:\/\/qingdaohf.com\/wp-content\/uploads\/2022\/12\/cropped-HF-LOGO.png","contentUrl":"https:\/\/qingdaohf.com\/wp-content\/uploads\/2022\/12\/cropped-HF-LOGO.png","width":391,"height":249,"caption":"Qingdao H&F"},"image":{"@id":"https:\/\/qingdaohf.com\/bg\/#\/schema\/logo\/image\/"},"sameAs":["https:\/\/www.facebook.com\/qingdaohf"]}]}},"_links":{"self":[{"href":"https:\/\/qingdaohf.com\/pl\/wp-json\/wp\/v2\/product\/8601","targetHints":{"allow":["GET"]}}],"collection":[{"href":"https:\/\/qingdaohf.com\/pl\/wp-json\/wp\/v2\/product"}],"about":[{"href":"https:\/\/qingdaohf.com\/pl\/wp-json\/wp\/v2\/types\/product"}],"replies":[{"embeddable":true,"href":"https:\/\/qingdaohf.com\/pl\/wp-json\/wp\/v2\/comments?post=8601"}],"version-history":[{"count":1,"href":"https:\/\/qingdaohf.com\/pl\/wp-json\/wp\/v2\/product\/8601\/revisions"}],"predecessor-version":[{"id":8602,"href":"https:\/\/qingdaohf.com\/pl\/wp-json\/wp\/v2\/product\/8601\/revisions\/8602"}],"wp:featuredmedia":[{"embeddable":true,"href":"https:\/\/qingdaohf.com\/pl\/wp-json\/wp\/v2\/media\/8599"}],"wp:attachment":[{"href":"https:\/\/qingdaohf.com\/pl\/wp-json\/wp\/v2\/media?parent=8601"}],"wp:term":[{"taxonomy":"product_brand","embeddable":true,"href":"https:\/\/qingdaohf.com\/pl\/wp-json\/wp\/v2\/product_brand?post=8601"},{"taxonomy":"product_cat","embeddable":true,"href":"https:\/\/qingdaohf.com\/pl\/wp-json\/wp\/v2\/product_cat?post=8601"},{"taxonomy":"product_tag","embeddable":true,"href":"https:\/\/qingdaohf.com\/pl\/wp-json\/wp\/v2\/product_tag?post=8601"}],"curies":[{"name":"wp","href":"https:\/\/api.w.org\/{rel}","templated":true}]}}