{"id":8612,"date":"2024-12-31T15:41:05","date_gmt":"2024-12-31T07:41:05","guid":{"rendered":"http:\/\/qingdaohf.com\/?post_type=product&#038;p=8612"},"modified":"2025-11-13T09:02:21","modified_gmt":"2025-11-13T01:02:21","slug":"super-plate-combi-nut","status":"publish","type":"product","link":"https:\/\/qingdaohf.com\/pl\/produkt\/nakretka-super-plate-combi\/","title":{"rendered":"Nakr\u0119tka Super Plate Combi"},"content":{"rendered":"<h2 class=\"font-600 text-2xl font-bold\">Nakr\u0119tka Super Plate Combi: idealny towarzysz w systemach dr\u0105\u017ck\u00f3w kierowniczych<\/h2>\n<p class=\"whitespace-pre-wrap break-words\">Szukasz niezawodnego rozwi\u0105zania do szalunk\u00f3w betonowych? Nakr\u0119tka Super Plate Combi zyska\u0142a reputacj\u0119 kluczowego elementu w nowoczesnych systemach \u015bci\u0105g\u00f3w. W po\u0142\u0105czeniu z pr\u0119tami \u015bci\u0105gaj\u0105cymi i ogranicznikami wody zapewnia stabilno\u015b\u0107 i wytrzyma\u0142o\u015b\u0107, kt\u00f3rych wymagaj\u0105 wymagaj\u0105ce projekty budowlane. Zbudowany zgodnie z wymagaj\u0105cymi standardami, ten niezb\u0119dny element osprz\u0119tu pomaga wykonawcom osi\u0105gn\u0105\u0107 integralno\u015b\u0107 strukturaln\u0105, kt\u00f3rej potrzebuj\u0105.<\/p>\n<p class=\"whitespace-pre-wrap break-words\">Qingdao H&amp;F dostarcza te wysokiej jako\u015bci komponenty budowlane budowniczym na ca\u0142ym \u015bwiecie. Opr\u00f3cz spe\u0142niania mi\u0119dzynarodowych standard\u00f3w, firma wyr\u00f3\u017cnia si\u0119 szybk\u0105 wysy\u0142k\u0105, spersonalizowanym wsparciem i szczeg\u00f3\u0142owymi raportami jako\u015bci dla ka\u017cdego zam\u00f3wienia. Nakr\u0119tka Super Plate Combi Nut daje budowniczym pewno\u015b\u0107, kt\u00f3rej potrzebuj\u0105, aby sprosta\u0107 wymagaj\u0105cym projektom.<\/p>\n<h2 class=\"font-600 text-2xl font-bold\">Rola system\u00f3w \u015bci\u0105g\u00f3w w szalunkach betonowych<\/h2>\n<p class=\"whitespace-pre-wrap break-words\">Ka\u017cdy, kto pracowa\u0142 z betonem wie, \u017ce stabilno\u015b\u0107 szalunku ma kluczowe znaczenie. To w\u0142a\u015bnie w tym miejscu pojawiaj\u0105 si\u0119 systemy \u015bci\u0105g\u00f3w - s\u0105 one niedocenianymi bohaterami utrzymuj\u0105cymi wszystko w jednej linii i bezpiecznie podczas wylewania betonu. Wyobra\u017a sobie trzech kluczowych graczy wsp\u00f3\u0142pracuj\u0105cych ze sob\u0105: pr\u0119t \u015bci\u0105gaj\u0105cy, ogranicznik wody i nakr\u0119tk\u0119 Super Plate Combi. Ka\u017cdy z nich ma do odegrania swoj\u0105 rol\u0119 w tworzeniu solidnego jak ska\u0142a fundamentu dla sukcesu budowy.<\/p>\n<p class=\"whitespace-pre-wrap break-words\">O \u015bci\u0105gach nale\u017cy my\u015ble\u0107 jak o kr\u0119gos\u0142upie systemu. To dzi\u0119ki niemu panele szalunkowe s\u0105 po\u0142\u0105czone i podparte, walcz\u0105c z ogromnym naciskiem mokrego betonu, kt\u00f3ry w przeciwnym razie wypchn\u0105\u0142by wszystko z miejsca. Tymczasem ogranicznik wody dzia\u0142a jak stra\u017cnik, umieszczony strategicznie wzd\u0142u\u017c pr\u0119ta \u0142\u0105cz\u0105cego, aby zablokowa\u0107 przedostawanie si\u0119 wody przez po\u0142\u0105czenia konstrukcyjne. To dzia\u0142anie blokuj\u0105ce wod\u0119 ma kluczowe znaczenie dla d\u0142ugoterminowego zdrowia konstrukcji.<\/p>\n<p class=\"whitespace-pre-wrap break-words\">Wszystko to \u0142\u0105czy w sobie nakr\u0119tka Super Plate Combi Nut. \u0141\u0105cz\u0105c nakr\u0119tk\u0119 z szerok\u0105 p\u0142yt\u0105 w jedn\u0105 inteligentn\u0105 konstrukcj\u0119, blokuje wszystko, jednocze\u015bnie r\u00f3wnomiernie rozk\u0142adaj\u0105c nacisk. Gdy te trzy elementy pracuj\u0105 w harmonii, tworz\u0105 system deskowania, kt\u00f3ry pozostaje na swoim miejscu, nawet pod silnym naciskiem.<\/p>\n<h2 class=\"font-600 text-2xl font-bold\">Dlaczego nakr\u0119tka Super Plate Combi wyr\u00f3\u017cnia si\u0119 w systemach dr\u0105\u017ck\u00f3w kierowniczych<\/h2>\n<p class=\"whitespace-pre-wrap break-words\">Co wyr\u00f3\u017cnia nakr\u0119tk\u0119 Super Plate Combi Nut? Zaczyna si\u0119 od materia\u0142\u00f3w. Zbudowana z najwy\u017cszej jako\u015bci stali, wytrzymuje uderzenia, kt\u00f3re zdeformowa\u0142yby mniej wytrzyma\u0142y sprz\u0119t. Ta wytrzyma\u0142o\u015b\u0107 ma znaczenie, gdy masz do czynienia z ogromnymi si\u0142ami zwi\u0105zanymi z pracami betonowymi.<\/p>\n<p class=\"whitespace-pre-wrap break-words\">Zintegrowana konstrukcja p\u0142yty jest szczeg\u00f3lnie sprytna. Rozk\u0142adaj\u0105c obci\u0105\u017cenie na wi\u0119ksz\u0105 powierzchni\u0119, zapobiega koncentracji napr\u0119\u017ce\u0144 w jednym miejscu - co jest cz\u0119stym problemem, kt\u00f3ry mo\u017ce uszkodzi\u0107 szalunek. Taki wyb\u00f3r konstrukcji nie tylko chroni materia\u0142y, ale tak\u017ce oznacza, \u017ce mo\u017cna cz\u0119\u015bciej u\u017cywa\u0107 komponent\u00f3w, oszcz\u0119dzaj\u0105c pieni\u0105dze w czasie.<\/p>\n<p class=\"whitespace-pre-wrap break-words\">Wykonawcy doceniaj\u0105 \u0142atwo\u015b\u0107, z jak\u0105 nakr\u0119tka Super Plate Combi Nut pasuje do ich istniej\u0105cych konfiguracji. Wsp\u00f3\u0142pracuje ona ze standardowymi rozmiarami dr\u0105\u017ck\u00f3w kierowniczych i ogranicznik\u00f3w przep\u0142ywu wody, eliminuj\u0105c b\u00f3l g\u0142owy zwi\u0105zany z poszukiwaniem specjalnych narz\u0119dzi lub adapter\u00f3w. Ponadto, dzi\u0119ki odpornej na korozj\u0119 pow\u0142oce, dzia\u0142a nawet wtedy, gdy warunki pogodowe i warunki pracy staj\u0105 si\u0119 nieprzyjemne.<\/p>\n<h2 class=\"font-600 text-2xl font-bold\">Kompletne rozwi\u0105zanie wspierane przez Qingdao H&amp;F<\/h2>\n<p class=\"whitespace-pre-wrap break-words\">Znalezienie w\u0142a\u015bciwego dostawcy jest r\u00f3wnie wa\u017cne, jak wyb\u00f3r odpowiednich narz\u0119dzi. To w\u0142a\u015bnie tutaj Qingdao H&amp;F b\u0142yszczy. Dzi\u0119ki dwudziestoletniemu do\u015bwiadczeniu w handlu mi\u0119dzynarodowym dowiedzieli si\u0119, czego wykonawcy potrzebuj\u0105, aby odnie\u015b\u0107 sukces.<\/p>\n<p class=\"whitespace-pre-wrap break-words\">Oferuj\u0105 kompletny pakiet - dr\u0105\u017cki kierownicze, ograniczniki przep\u0142ywu wody i nakr\u0119tki Super Plate Combi, kt\u00f3re doskonale ze sob\u0105 wsp\u00f3\u0142pracuj\u0105. Szybka dostawa pozwala realizowa\u0107 projekty, a szczeg\u00f3\u0142owe raporty jako\u015bci daj\u0105 pewno\u015b\u0107, \u017ce ka\u017cdy element b\u0119dzie dzia\u0142a\u0142 zgodnie z obietnic\u0105.<\/p>\n<p class=\"whitespace-pre-wrap break-words\">Wyr\u00f3\u017cnia ich praktyczne podej\u015bcie do obs\u0142ugi klienta. Niezale\u017cnie od tego, czy potrzebujesz porady technicznej, czy pomocy w logistyce, ich zesp\u00f3\u0142 oferuje praktyczne rozwi\u0105zania dostosowane do konkretnych wyzwa\u0144.<\/p>\n<p>Podsumowanie: Si\u0142a i precyzja dla ka\u017cdego projektu<\/p>\n<p class=\"whitespace-pre-wrap break-words\">Nakr\u0119tka Super Plate Combi codziennie udowadnia swoj\u0105 warto\u015b\u0107 na placach budowy. W po\u0142\u0105czeniu z wysokiej jako\u015bci pr\u0119tami \u0142\u0105cz\u0105cymi i ogranicznikami wody, zapewnia wykonawcom niezawodne dzia\u0142anie, kt\u00f3rego potrzebuj\u0105 do skutecznego formowania betonu.<\/p>","protected":false},"excerpt":{"rendered":"<p>The <strong>Nakr\u0119tka Super Plate Combi<\/strong> to wszechstronne, wytrzyma\u0142e akcesorium zaprojektowane do zastosowa\u0144 zwi\u0105zanych z formowaniem betonu, oferuj\u0105ce niezr\u00f3wnan\u0105 trwa\u0142o\u015b\u0107 i niezawodno\u015b\u0107. Stworzony z my\u015bl\u0105 o wymagaj\u0105cych projektach budowlanych, spe\u0142nia kluczowe wymagania nabywc\u00f3w, takie jak wydajno\u015b\u0107 przy du\u017cych obci\u0105\u017ceniach, odporno\u015b\u0107 na zu\u017cycie i kompatybilno\u015b\u0107 ze standardowymi systemami wi\u0105za\u0144. Wspierany przez zaanga\u017cowanie Qingdao H&amp;F w doskona\u0142o\u015b\u0107, produkt ten jest uzupe\u0142niony o indywidualn\u0105 obs\u0142ug\u0119 klienta, szybkie cykle dostaw i szczeg\u00f3\u0142owe raporty z kontroli jako\u015bci. Niezale\u017cnie od tego, czy projekt wymaga szybkiej realizacji, czy niestandardowych specyfikacji, Qingdao H&amp;F zapewnia narz\u0119dzia, kt\u00f3rych potrzebujesz, kiedy ich potrzebujesz.<\/p>","protected":false},"featured_media":8611,"comment_status":"open","ping_status":"closed","template":"","meta":{"site-sidebar-layout":"default","site-content-layout":"","ast-site-content-layout":"default","site-content-style":"default","site-sidebar-style":"default","ast-global-header-display":"","ast-banner-title-visibility":"","ast-main-header-display":"","ast-hfb-above-header-display":"","ast-hfb-below-header-display":"","ast-hfb-mobile-header-display":"","site-post-title":"","ast-breadcrumbs-content":"","ast-featured-img":"","footer-sml-layout":"","theme-transparent-header-meta":"default","adv-header-id-meta":"","stick-header-meta":"default","header-above-stick-meta":"","header-main-stick-meta":"","header-below-stick-meta":"","astra-migrate-meta-layouts":"set","ast-page-background-enabled":"default","ast-page-background-meta":{"desktop":{"background-color":"","background-image":"","background-repeat":"repeat","background-position":"center center","background-size":"auto","background-attachment":"scroll","background-type":"","background-media":"","overlay-type":"","overlay-color":"","overlay-opacity":"","overlay-gradient":""},"tablet":{"background-color":"","background-image":"","background-repeat":"repeat","background-position":"center center","background-size":"auto","background-attachment":"scroll","background-type":"","background-media":"","overlay-type":"","overlay-color":"","overlay-opacity":"","overlay-gradient":""},"mobile":{"background-color":"","background-image":"","background-repeat":"repeat","background-position":"center center","background-size":"auto","background-attachment":"scroll","background-type":"","background-media":"","overlay-type":"","overlay-color":"","overlay-opacity":"","overlay-gradient":""}},"ast-content-background-meta":{"desktop":{"background-color":"var(--ast-global-color-5)","background-image":"","background-repeat":"repeat","background-position":"center center","background-size":"auto","background-attachment":"scroll","background-type":"","background-media":"","overlay-type":"","overlay-color":"","overlay-opacity":"","overlay-gradient":""},"tablet":{"background-color":"var(--ast-global-color-5)","background-image":"","background-repeat":"repeat","background-position":"center center","background-size":"auto","background-attachment":"scroll","background-type":"","background-media":"","overlay-type":"","overlay-color":"","overlay-opacity":"","overlay-gradient":""},"mobile":{"background-color":"var(--ast-global-color-5)","background-image":"","background-repeat":"repeat","background-position":"center center","background-size":"auto","background-attachment":"scroll","background-type":"","background-media":"","overlay-type":"","overlay-color":"","overlay-opacity":"","overlay-gradient":""}}},"product_brand":[],"product_cat":[79],"product_tag":[],"class_list":{"0":"post-8612","1":"product","2":"type-product","3":"status-publish","4":"has-post-thumbnail","6":"product_cat-tie-rod-system","7":"desktop-align-left","8":"tablet-align-left","9":"mobile-align-left","10":"ast-product-gallery-layout-horizontal-slider","11":"ast-product-gallery-with-no-image","12":"ast-product-tabs-layout-horizontal","14":"first","15":"instock","16":"shipping-taxable","17":"purchasable","18":"product-type-simple"},"yoast_head":"<!-- This site is optimized with the Yoast SEO plugin v25.2 - https:\/\/yoast.com\/wordpress\/plugins\/seo\/ -->\n<title>Super Plate Combi Nut<\/title>\n<meta name=\"description\" content=\"The Super Plate Combi Nut is a versatile, high-strength accessory designed for concrete forming applications, offering unparalleled durability and reliability.\" \/>\n<meta name=\"robots\" content=\"index, follow, max-snippet:-1, max-image-preview:large, max-video-preview:-1\" \/>\n<link rel=\"canonical\" href=\"https:\/\/qingdaohf.com\/pl\/produkt\/nakretka-super-plate-combi\/\" \/>\n<meta property=\"og:locale\" content=\"pl_PL\" \/>\n<meta property=\"og:type\" content=\"article\" \/>\n<meta property=\"og:title\" content=\"Super Plate Combi Nut\" \/>\n<meta property=\"og:description\" content=\"The Super Plate Combi Nut is a versatile, high-strength accessory designed for concrete forming applications, offering unparalleled durability and reliability.\" \/>\n<meta property=\"og:url\" content=\"https:\/\/qingdaohf.com\/pl\/produkt\/nakretka-super-plate-combi\/\" \/>\n<meta property=\"og:site_name\" content=\"Concrete Form &amp; Rigging Hardware Supplier\" \/>\n<meta property=\"article:publisher\" content=\"https:\/\/www.facebook.com\/qingdaohf\" \/>\n<meta property=\"article:modified_time\" content=\"2025-11-13T01:02:21+00:00\" \/>\n<meta property=\"og:image\" content=\"https:\/\/qingdaohf.com\/wp-content\/uploads\/2024\/12\/Super-Plate-Combi-Nut.jpg\" \/>\n\t<meta property=\"og:image:width\" content=\"1000\" \/>\n\t<meta property=\"og:image:height\" content=\"1000\" \/>\n\t<meta property=\"og:image:type\" content=\"image\/jpeg\" \/>\n<meta name=\"twitter:card\" content=\"summary_large_image\" \/>\n<meta name=\"twitter:label1\" content=\"Szacowany czas czytania\" \/>\n\t<meta name=\"twitter:data1\" content=\"3 minuty\" \/>\n<script type=\"application\/ld+json\" class=\"yoast-schema-graph\">{\"@context\":\"https:\/\/schema.org\",\"@graph\":[{\"@type\":\"WebPage\",\"@id\":\"https:\/\/qingdaohf.com\/product\/super-plate-combi-nut\/\",\"url\":\"https:\/\/qingdaohf.com\/product\/super-plate-combi-nut\/\",\"name\":\"Super Plate Combi Nut\",\"isPartOf\":{\"@id\":\"https:\/\/qingdaohf.com\/bg\/#website\"},\"primaryImageOfPage\":{\"@id\":\"https:\/\/qingdaohf.com\/product\/super-plate-combi-nut\/#primaryimage\"},\"image\":{\"@id\":\"https:\/\/qingdaohf.com\/product\/super-plate-combi-nut\/#primaryimage\"},\"thumbnailUrl\":\"https:\/\/qingdaohf.com\/wp-content\/uploads\/2024\/12\/Super-Plate-Combi-Nut.jpg\",\"datePublished\":\"2024-12-31T07:41:05+00:00\",\"dateModified\":\"2025-11-13T01:02:21+00:00\",\"description\":\"The Super Plate Combi Nut is a versatile, high-strength accessory designed for concrete forming applications, offering unparalleled durability and reliability.\",\"breadcrumb\":{\"@id\":\"https:\/\/qingdaohf.com\/product\/super-plate-combi-nut\/#breadcrumb\"},\"inLanguage\":\"pl-PL\",\"potentialAction\":[{\"@type\":\"ReadAction\",\"target\":[\"https:\/\/qingdaohf.com\/product\/super-plate-combi-nut\/\"]}]},{\"@type\":\"ImageObject\",\"inLanguage\":\"pl-PL\",\"@id\":\"https:\/\/qingdaohf.com\/product\/super-plate-combi-nut\/#primaryimage\",\"url\":\"https:\/\/qingdaohf.com\/wp-content\/uploads\/2024\/12\/Super-Plate-Combi-Nut.jpg\",\"contentUrl\":\"https:\/\/qingdaohf.com\/wp-content\/uploads\/2024\/12\/Super-Plate-Combi-Nut.jpg\",\"width\":1000,\"height\":1000,\"caption\":\"Super Plate Combi Nut\"},{\"@type\":\"BreadcrumbList\",\"@id\":\"https:\/\/qingdaohf.com\/product\/super-plate-combi-nut\/#breadcrumb\",\"itemListElement\":[{\"@type\":\"ListItem\",\"position\":1,\"name\":\"Home\",\"item\":\"https:\/\/qingdaohf.com\/\"},{\"@type\":\"ListItem\",\"position\":2,\"name\":\"Concrete Forming Accessories and Rigging Hardware\",\"item\":\"https:\/\/qingdaohf.com\/bg\/?page_id=944\"},{\"@type\":\"ListItem\",\"position\":3,\"name\":\"Super Plate Combi Nut\"}]},{\"@type\":\"WebSite\",\"@id\":\"https:\/\/qingdaohf.com\/bg\/#website\",\"url\":\"https:\/\/qingdaohf.com\/bg\/\",\"name\":\"Concrete Form & Rigging Hardware Supplier\",\"description\":\"\",\"publisher\":{\"@id\":\"https:\/\/qingdaohf.com\/bg\/#organization\"},\"potentialAction\":[{\"@type\":\"SearchAction\",\"target\":{\"@type\":\"EntryPoint\",\"urlTemplate\":\"https:\/\/qingdaohf.com\/bg\/?s={search_term_string}\"},\"query-input\":{\"@type\":\"PropertyValueSpecification\",\"valueRequired\":true,\"valueName\":\"search_term_string\"}}],\"inLanguage\":\"pl-PL\"},{\"@type\":\"Organization\",\"@id\":\"https:\/\/qingdaohf.com\/bg\/#organization\",\"name\":\"Qingdao H&F\",\"url\":\"https:\/\/qingdaohf.com\/bg\/\",\"logo\":{\"@type\":\"ImageObject\",\"inLanguage\":\"pl-PL\",\"@id\":\"https:\/\/qingdaohf.com\/bg\/#\/schema\/logo\/image\/\",\"url\":\"https:\/\/qingdaohf.com\/wp-content\/uploads\/2022\/12\/cropped-HF-LOGO.png\",\"contentUrl\":\"https:\/\/qingdaohf.com\/wp-content\/uploads\/2022\/12\/cropped-HF-LOGO.png\",\"width\":391,\"height\":249,\"caption\":\"Qingdao H&F\"},\"image\":{\"@id\":\"https:\/\/qingdaohf.com\/bg\/#\/schema\/logo\/image\/\"},\"sameAs\":[\"https:\/\/www.facebook.com\/qingdaohf\"]}]}<\/script>\n<!-- \/ Yoast SEO plugin. -->","yoast_head_json":{"title":"Super Plate Combi Nut","description":"The Super Plate Combi Nut is a versatile, high-strength accessory designed for concrete forming applications, offering unparalleled durability and reliability.","robots":{"index":"index","follow":"follow","max-snippet":"max-snippet:-1","max-image-preview":"max-image-preview:large","max-video-preview":"max-video-preview:-1"},"canonical":"https:\/\/qingdaohf.com\/pl\/produkt\/nakretka-super-plate-combi\/","og_locale":"pl_PL","og_type":"article","og_title":"Super Plate Combi Nut","og_description":"The Super Plate Combi Nut is a versatile, high-strength accessory designed for concrete forming applications, offering unparalleled durability and reliability.","og_url":"https:\/\/qingdaohf.com\/pl\/produkt\/nakretka-super-plate-combi\/","og_site_name":"Concrete Form &amp; Rigging Hardware Supplier","article_publisher":"https:\/\/www.facebook.com\/qingdaohf","article_modified_time":"2025-11-13T01:02:21+00:00","og_image":[{"width":1000,"height":1000,"url":"https:\/\/qingdaohf.com\/wp-content\/uploads\/2024\/12\/Super-Plate-Combi-Nut.jpg","type":"image\/jpeg"}],"twitter_card":"summary_large_image","twitter_misc":{"Szacowany czas czytania":"3 minuty"},"schema":{"@context":"https:\/\/schema.org","@graph":[{"@type":"WebPage","@id":"https:\/\/qingdaohf.com\/product\/super-plate-combi-nut\/","url":"https:\/\/qingdaohf.com\/product\/super-plate-combi-nut\/","name":"Super Plate Combi Nut","isPartOf":{"@id":"https:\/\/qingdaohf.com\/bg\/#website"},"primaryImageOfPage":{"@id":"https:\/\/qingdaohf.com\/product\/super-plate-combi-nut\/#primaryimage"},"image":{"@id":"https:\/\/qingdaohf.com\/product\/super-plate-combi-nut\/#primaryimage"},"thumbnailUrl":"https:\/\/qingdaohf.com\/wp-content\/uploads\/2024\/12\/Super-Plate-Combi-Nut.jpg","datePublished":"2024-12-31T07:41:05+00:00","dateModified":"2025-11-13T01:02:21+00:00","description":"The Super Plate Combi Nut is a versatile, high-strength accessory designed for concrete forming applications, offering unparalleled durability and reliability.","breadcrumb":{"@id":"https:\/\/qingdaohf.com\/product\/super-plate-combi-nut\/#breadcrumb"},"inLanguage":"pl-PL","potentialAction":[{"@type":"ReadAction","target":["https:\/\/qingdaohf.com\/product\/super-plate-combi-nut\/"]}]},{"@type":"ImageObject","inLanguage":"pl-PL","@id":"https:\/\/qingdaohf.com\/product\/super-plate-combi-nut\/#primaryimage","url":"https:\/\/qingdaohf.com\/wp-content\/uploads\/2024\/12\/Super-Plate-Combi-Nut.jpg","contentUrl":"https:\/\/qingdaohf.com\/wp-content\/uploads\/2024\/12\/Super-Plate-Combi-Nut.jpg","width":1000,"height":1000,"caption":"Super Plate Combi Nut"},{"@type":"BreadcrumbList","@id":"https:\/\/qingdaohf.com\/product\/super-plate-combi-nut\/#breadcrumb","itemListElement":[{"@type":"ListItem","position":1,"name":"Home","item":"https:\/\/qingdaohf.com\/"},{"@type":"ListItem","position":2,"name":"Concrete Forming Accessories and Rigging Hardware","item":"https:\/\/qingdaohf.com\/bg\/?page_id=944"},{"@type":"ListItem","position":3,"name":"Super Plate Combi Nut"}]},{"@type":"WebSite","@id":"https:\/\/qingdaohf.com\/bg\/#website","url":"https:\/\/qingdaohf.com\/bg\/","name":"Concrete Form & Rigging Hardware Supplier","description":"","publisher":{"@id":"https:\/\/qingdaohf.com\/bg\/#organization"},"potentialAction":[{"@type":"SearchAction","target":{"@type":"EntryPoint","urlTemplate":"https:\/\/qingdaohf.com\/bg\/?s={search_term_string}"},"query-input":{"@type":"PropertyValueSpecification","valueRequired":true,"valueName":"search_term_string"}}],"inLanguage":"pl-PL"},{"@type":"Organization","@id":"https:\/\/qingdaohf.com\/bg\/#organization","name":"Qingdao H&F","url":"https:\/\/qingdaohf.com\/bg\/","logo":{"@type":"ImageObject","inLanguage":"pl-PL","@id":"https:\/\/qingdaohf.com\/bg\/#\/schema\/logo\/image\/","url":"https:\/\/qingdaohf.com\/wp-content\/uploads\/2022\/12\/cropped-HF-LOGO.png","contentUrl":"https:\/\/qingdaohf.com\/wp-content\/uploads\/2022\/12\/cropped-HF-LOGO.png","width":391,"height":249,"caption":"Qingdao H&F"},"image":{"@id":"https:\/\/qingdaohf.com\/bg\/#\/schema\/logo\/image\/"},"sameAs":["https:\/\/www.facebook.com\/qingdaohf"]}]}},"_links":{"self":[{"href":"https:\/\/qingdaohf.com\/pl\/wp-json\/wp\/v2\/product\/8612","targetHints":{"allow":["GET"]}}],"collection":[{"href":"https:\/\/qingdaohf.com\/pl\/wp-json\/wp\/v2\/product"}],"about":[{"href":"https:\/\/qingdaohf.com\/pl\/wp-json\/wp\/v2\/types\/product"}],"replies":[{"embeddable":true,"href":"https:\/\/qingdaohf.com\/pl\/wp-json\/wp\/v2\/comments?post=8612"}],"version-history":[{"count":1,"href":"https:\/\/qingdaohf.com\/pl\/wp-json\/wp\/v2\/product\/8612\/revisions"}],"predecessor-version":[{"id":8613,"href":"https:\/\/qingdaohf.com\/pl\/wp-json\/wp\/v2\/product\/8612\/revisions\/8613"}],"wp:featuredmedia":[{"embeddable":true,"href":"https:\/\/qingdaohf.com\/pl\/wp-json\/wp\/v2\/media\/8611"}],"wp:attachment":[{"href":"https:\/\/qingdaohf.com\/pl\/wp-json\/wp\/v2\/media?parent=8612"}],"wp:term":[{"taxonomy":"product_brand","embeddable":true,"href":"https:\/\/qingdaohf.com\/pl\/wp-json\/wp\/v2\/product_brand?post=8612"},{"taxonomy":"product_cat","embeddable":true,"href":"https:\/\/qingdaohf.com\/pl\/wp-json\/wp\/v2\/product_cat?post=8612"},{"taxonomy":"product_tag","embeddable":true,"href":"https:\/\/qingdaohf.com\/pl\/wp-json\/wp\/v2\/product_tag?post=8612"}],"curies":[{"name":"wp","href":"https:\/\/api.w.org\/{rel}","templated":true}]}}