{"id":8614,"date":"2024-12-31T16:30:30","date_gmt":"2024-12-31T08:30:30","guid":{"rendered":"http:\/\/qingdaohf.com\/?post_type=product&#038;p=8614"},"modified":"2025-11-13T09:02:21","modified_gmt":"2025-11-13T01:02:21","slug":"tie-rod-plate-washer","status":"publish","type":"product","link":"https:\/\/qingdaohf.com\/pl\/produkt\/podkladka-plyty-drazka-kierowniczego\/","title":{"rendered":"Podk\u0142adka p\u0142ytki dr\u0105\u017cka kierowniczego"},"content":{"rendered":"<h2 class=\"font-600 text-2xl font-bold\">Rola systemu dr\u0105\u017ck\u00f3w kierowniczych w nowoczesnym budownictwie<\/h2>\n<p class=\"whitespace-pre-wrap break-words\">Pomy\u015bl o szalunku betonowym jak o gigantycznej uk\u0142adance, w kt\u00f3rej ka\u017cdy element musi idealnie do siebie pasowa\u0107. System ci\u0119gien jest tutaj niedocenianym bohaterem, utrzymuj\u0105cym wszystko na miejscu, gdy tony mokrego betonu zaczynaj\u0105 naciska\u0107 na formy. Nie s\u0105 to zwyk\u0142e pr\u0119ty i podk\u0142adki - zosta\u0142y one zaprojektowane specjalnie z my\u015bl\u0105 o intensywnym nacisku przy jednoczesnym zachowaniu idealnego wyr\u00f3wnania.<\/p>\n<p class=\"whitespace-pre-wrap break-words\">We\u017amy na przyk\u0142ad \u015bci\u0105gi. Te stalowe wo\u0142y robocze opieraj\u0105 si\u0119 ogromnej sile zewn\u0119trznej mokrego betonu, zapobiegaj\u0105c wybrzuszaniu lub przesuwaniu si\u0119 form. W projektach, w kt\u00f3rych odporno\u015b\u0107 na wod\u0119 ma kluczowe znaczenie, z systemem zintegrowane s\u0105 specjalistyczne ograniczniki wody. Tworz\u0105 one wodoszczelne uszczelnienia na po\u0142\u0105czeniach konstrukcyjnych, co jest absolutnie niezb\u0119dne w przypadku konstrukcji takich jak \u015bciany piwnic lub zbiorniki na wod\u0119.<\/p>\n<p class=\"whitespace-pre-wrap break-words\">Podk\u0142adki pod pr\u0119ty \u015bci\u0105gaj\u0105ce mog\u0105 wydawa\u0107 si\u0119 proste, ale w rzeczywisto\u015bci s\u0105 ca\u0142kiem sprytne. Rozk\u0142adaj\u0105c nacisk na szerszy obszar szalunku, zapobiegaj\u0105 nadmiernemu obci\u0105\u017ceniu pojedynczego punktu. W po\u0142\u0105czeniu z nakr\u0119tkami super plate combi, otrzymujesz punkt po\u0142\u0105czenia, kt\u00f3ry jest zar\u00f3wno solidny, jak i regulowany - dok\u0142adnie to, czego potrzebujesz, gdy liczy si\u0119 precyzja.<\/p>\n<h2 class=\"font-600 text-xl font-bold\">Zrozumienie wszechstronno\u015bci podk\u0142adek pod p\u0142ytki dr\u0105\u017ck\u00f3w kierowniczych<\/h2>\n<p class=\"whitespace-pre-wrap break-words\">Geniusz podk\u0142adek pod pr\u0119ty \u015bci\u0105gaj\u0105ce polega na ich zdolno\u015bci do r\u00f3wnomiernego rozk\u0142adania si\u0142y. Bez nich istnia\u0142oby ryzyko przebicia pr\u0119t\u00f3w \u015bci\u0105gaj\u0105cych lub uszkodzenia paneli szalunkowych. Podk\u0142adki te s\u0105 wytrzyma\u0142e, zwykle wykonane ze stali ocynkowanej lub podobnych materia\u0142\u00f3w, kt\u00f3re mog\u0105 wytrzyma\u0107 wszystko, od sta\u0142ej wilgoci po wielokrotne u\u017cycie w r\u00f3\u017cnych projektach.<\/p>\n<p class=\"whitespace-pre-wrap break-words\">Ich konstrukcja jest bardzo prosta - szeroka, p\u0142aska powierzchnia, kt\u00f3ra zapobiega uszkodzeniu szalunku pod naciskiem. Niezale\u017cnie od tego, czy pracujesz nad drapaczem chmur, czy fundamentem mostu, podk\u0142adki te odgrywaj\u0105 kluczow\u0105 rol\u0119 w utrzymaniu wyr\u00f3wnania i stabilno\u015bci.<\/p>\n<p class=\"whitespace-pre-wrap break-words\">Dodaj do tego nakr\u0119tk\u0119 kombi z superp\u0142yt\u0105, a uzyskasz jeszcze wi\u0119ksz\u0105 kontrol\u0119. Ta kombinacja pozwala za\u0142ogom wybra\u0107 idealne napi\u0119cie na ci\u0119gnach, zapewniaj\u0105c, \u017ce formy pozostan\u0105 dok\u0142adnie tam, gdzie powinny by\u0107 podczas wylewania.<\/p>\n<h2 class=\"font-600 text-xl font-bold\">Zalety wyboru Qingdao H&amp;F dla system\u00f3w dr\u0105\u017ck\u00f3w kierowniczych<\/h2>\n<p class=\"whitespace-pre-wrap break-words\">Qingdao H&amp;F nie tylko produkuje komponenty - projektujemy rozwi\u0105zania. Nasze podk\u0142adki pod pr\u0119ty \u015bci\u0105gaj\u0105ce s\u0105 specjalnie zaprojektowane do p\u0142ynnej wsp\u00f3\u0142pracy z innymi komponentami szalunk\u00f3w, tworz\u0105c system, kt\u00f3ry jest wi\u0119kszy ni\u017c suma jego cz\u0119\u015bci.<\/p>\n<p class=\"whitespace-pre-wrap break-words\">To, co naprawd\u0119 nas wyr\u00f3\u017cnia, to spos\u00f3b, w jaki wsp\u00f3\u0142pracujemy z naszymi klientami. Otrzymasz spersonalizowan\u0105 uwag\u0119 od pierwszego dnia, z dedykowanym zespo\u0142em, kt\u00f3ry rozumie unikalne wyzwania Twojego projektu. Wiemy, \u017ce harmonogramy budowy s\u0105 napi\u0119te, dlatego usprawnili\u015bmy nasz proces wysy\u0142ki, aby dostarczy\u0107 Ci to, czego potrzebujesz, kiedy tego potrzebujesz.<\/p>\n<p class=\"whitespace-pre-wrap break-words\">Ka\u017cda partia produktu przechodzi dok\u0142adne testy przed opuszczeniem naszego zak\u0142adu, a wraz z ka\u017cd\u0105 wysy\u0142k\u0105 dostarczamy szczeg\u00f3\u0142owe raporty z inspekcji. Ta przejrzysto\u015b\u0107 pomaga zaufa\u0107 jako\u015bci tego, co otrzymujesz, podczas gdy nasz zesp\u00f3\u0142 techniczny jest gotowy udzieli\u0107 wszelkich potrzebnych wskaz\u00f3wek.<\/p>\n<h2 class=\"font-600 text-xl font-bold\">Dlaczego system dr\u0105\u017ck\u00f3w kierowniczych jest niezb\u0119dny dla sukcesu budowy<\/h2>\n<p class=\"whitespace-pre-wrap break-words\">Trudno przeceni\u0107 znaczenie systemu \u015bci\u0105g\u00f3w w nowoczesnym budownictwie betonowym. Stanowi on podstaw\u0119 do tworzenia doskona\u0142ych element\u00f3w betonowych, a jednocze\u015bnie jest wystarczaj\u0105co elastyczny, aby pomie\u015bci\u0107 z\u0142o\u017cone projekty architektoniczne. Dzi\u0119ki zastosowaniu ogranicznik\u00f3w przep\u0142ywu wody, system jest gotowy na wszystko - od podstawowych \u015bcian po zaawansowane konstrukcje zatrzymuj\u0105ce wod\u0119.<\/p>\n<p class=\"whitespace-pre-wrap break-words\">Dodanie podk\u0142adek pod dr\u0105\u017cki kierownicze i nakr\u0119tek super plate combi \u0142\u0105czy wszystko razem, dos\u0142ownie i w przeno\u015bni. Sprawiaj\u0105, \u017ce ca\u0142y system jest bardziej przyjazny dla u\u017cytkownika, zapewniaj\u0105c jednocze\u015bnie prawid\u0142owe roz\u0142o\u017cenie obci\u0105\u017ce\u0144, zmniejszaj\u0105c ryzyko kosztownych b\u0142\u0119d\u00f3w lub awarii.<\/p>\n<p class=\"whitespace-pre-wrap break-words\">W tej bran\u017cy, gdzie nie ma miejsca na b\u0142\u0119dy, system ci\u0119gien sprawdzi\u0142 si\u0119 wielokrotnie. Jest to niezawodny fundament, kt\u00f3ry pozwala zespo\u0142om budowlanym przekracza\u0107 granice i osi\u0105ga\u0107 imponuj\u0105ce wyniki, projekt po projekcie.<\/p>","protected":false},"excerpt":{"rendered":"<p>Podk\u0142adki pod pr\u0119ty \u015bci\u0105gaj\u0105ce s\u0105 kluczowymi elementami w systemach szalunk\u00f3w betonowych, zapewniaj\u0105c niezr\u00f3wnany rozk\u0142ad obci\u0105\u017cenia i stabilno\u015b\u0107. Kompatybilno\u015b\u0107, trwa\u0142o\u015b\u0107 i niezawodne dzia\u0142anie w wymagaj\u0105cych warunkach to najwa\u017cniejsze cechy, kt\u00f3rych poszukuj\u0105 kupuj\u0105cy. Qingdao H&amp;F to firma handlowa z ponad 20-letnim do\u015bwiadczeniem, gwarantuj\u0105ca najwy\u017csz\u0105 jako\u015b\u0107 produkt\u00f3w, indywidualn\u0105 obs\u0142ug\u0119 klienta, szybkie cykle dostaw i szczeg\u00f3\u0142owe raporty z kontroli jako\u015bci. Nasze d\u0105\u017cenie do doskona\u0142o\u015bci zapewnia sprawny przebieg projekt\u00f3w od pocz\u0105tku do ko\u0144ca.<\/p>","protected":false},"featured_media":8616,"comment_status":"open","ping_status":"closed","template":"","meta":{"site-sidebar-layout":"default","site-content-layout":"","ast-site-content-layout":"default","site-content-style":"default","site-sidebar-style":"default","ast-global-header-display":"","ast-banner-title-visibility":"","ast-main-header-display":"","ast-hfb-above-header-display":"","ast-hfb-below-header-display":"","ast-hfb-mobile-header-display":"","site-post-title":"","ast-breadcrumbs-content":"","ast-featured-img":"","footer-sml-layout":"","theme-transparent-header-meta":"default","adv-header-id-meta":"","stick-header-meta":"default","header-above-stick-meta":"","header-main-stick-meta":"","header-below-stick-meta":"","astra-migrate-meta-layouts":"set","ast-page-background-enabled":"default","ast-page-background-meta":{"desktop":{"background-color":"","background-image":"","background-repeat":"repeat","background-position":"center center","background-size":"auto","background-attachment":"scroll","background-type":"","background-media":"","overlay-type":"","overlay-color":"","overlay-opacity":"","overlay-gradient":""},"tablet":{"background-color":"","background-image":"","background-repeat":"repeat","background-position":"center center","background-size":"auto","background-attachment":"scroll","background-type":"","background-media":"","overlay-type":"","overlay-color":"","overlay-opacity":"","overlay-gradient":""},"mobile":{"background-color":"","background-image":"","background-repeat":"repeat","background-position":"center center","background-size":"auto","background-attachment":"scroll","background-type":"","background-media":"","overlay-type":"","overlay-color":"","overlay-opacity":"","overlay-gradient":""}},"ast-content-background-meta":{"desktop":{"background-color":"var(--ast-global-color-5)","background-image":"","background-repeat":"repeat","background-position":"center center","background-size":"auto","background-attachment":"scroll","background-type":"","background-media":"","overlay-type":"","overlay-color":"","overlay-opacity":"","overlay-gradient":""},"tablet":{"background-color":"var(--ast-global-color-5)","background-image":"","background-repeat":"repeat","background-position":"center center","background-size":"auto","background-attachment":"scroll","background-type":"","background-media":"","overlay-type":"","overlay-color":"","overlay-opacity":"","overlay-gradient":""},"mobile":{"background-color":"var(--ast-global-color-5)","background-image":"","background-repeat":"repeat","background-position":"center center","background-size":"auto","background-attachment":"scroll","background-type":"","background-media":"","overlay-type":"","overlay-color":"","overlay-opacity":"","overlay-gradient":""}}},"product_brand":[],"product_cat":[79],"product_tag":[],"class_list":{"0":"post-8614","1":"product","2":"type-product","3":"status-publish","4":"has-post-thumbnail","6":"product_cat-tie-rod-system","7":"desktop-align-left","8":"tablet-align-left","9":"mobile-align-left","10":"ast-product-gallery-layout-horizontal-slider","11":"ast-product-gallery-with-no-image","12":"ast-product-tabs-layout-horizontal","14":"first","15":"instock","16":"shipping-taxable","17":"purchasable","18":"product-type-simple"},"yoast_head":"<!-- This site is optimized with the Yoast SEO plugin v25.2 - https:\/\/yoast.com\/wordpress\/plugins\/seo\/ -->\n<title>Tie Rod Plate Washer<\/title>\n<meta name=\"robots\" content=\"index, follow, max-snippet:-1, max-image-preview:large, max-video-preview:-1\" \/>\n<link rel=\"canonical\" href=\"https:\/\/qingdaohf.com\/pl\/produkt\/podkladka-plyty-drazka-kierowniczego\/\" \/>\n<meta property=\"og:locale\" content=\"pl_PL\" \/>\n<meta property=\"og:type\" content=\"article\" \/>\n<meta property=\"og:title\" content=\"Tie Rod Plate Washer\" \/>\n<meta property=\"og:description\" content=\"Tie rod plate washers are critical components in concrete formwork systems, providing unparalleled load distribution and stability. Compatibility, durability, and reliable performance under demanding conditions are the most important features that buyers look for. Qingdao H&amp;F is a trading company with over 20 years of experience, guaranteeing superior quality products, one-to-one customer service, fast delivery cycles, and detailed quality inspection reports. Our commitment to excellence ensures your projects run smoothly from start to finish.\" \/>\n<meta property=\"og:url\" content=\"https:\/\/qingdaohf.com\/pl\/produkt\/podkladka-plyty-drazka-kierowniczego\/\" \/>\n<meta property=\"og:site_name\" content=\"Concrete Form &amp; Rigging Hardware Supplier\" \/>\n<meta property=\"article:publisher\" content=\"https:\/\/www.facebook.com\/qingdaohf\" \/>\n<meta property=\"article:modified_time\" content=\"2025-11-13T01:02:21+00:00\" \/>\n<meta property=\"og:image\" content=\"https:\/\/qingdaohf.com\/wp-content\/uploads\/2024\/12\/Tie-Rod-Plate-Washer-2.webp\" \/>\n\t<meta property=\"og:image:width\" content=\"1000\" \/>\n\t<meta property=\"og:image:height\" content=\"1000\" \/>\n\t<meta property=\"og:image:type\" content=\"image\/webp\" \/>\n<meta name=\"twitter:card\" content=\"summary_large_image\" \/>\n<meta name=\"twitter:label1\" content=\"Szacowany czas czytania\" \/>\n\t<meta name=\"twitter:data1\" content=\"3 minuty\" \/>\n<script type=\"application\/ld+json\" class=\"yoast-schema-graph\">{\"@context\":\"https:\/\/schema.org\",\"@graph\":[{\"@type\":\"WebPage\",\"@id\":\"https:\/\/qingdaohf.com\/product\/tie-rod-plate-washer\/\",\"url\":\"https:\/\/qingdaohf.com\/product\/tie-rod-plate-washer\/\",\"name\":\"Tie Rod Plate Washer\",\"isPartOf\":{\"@id\":\"https:\/\/qingdaohf.com\/bg\/#website\"},\"primaryImageOfPage\":{\"@id\":\"https:\/\/qingdaohf.com\/product\/tie-rod-plate-washer\/#primaryimage\"},\"image\":{\"@id\":\"https:\/\/qingdaohf.com\/product\/tie-rod-plate-washer\/#primaryimage\"},\"thumbnailUrl\":\"https:\/\/qingdaohf.com\/wp-content\/uploads\/2024\/12\/Tie-Rod-Plate-Washer-2.webp\",\"datePublished\":\"2024-12-31T08:30:30+00:00\",\"dateModified\":\"2025-11-13T01:02:21+00:00\",\"breadcrumb\":{\"@id\":\"https:\/\/qingdaohf.com\/product\/tie-rod-plate-washer\/#breadcrumb\"},\"inLanguage\":\"pl-PL\",\"potentialAction\":[{\"@type\":\"ReadAction\",\"target\":[\"https:\/\/qingdaohf.com\/product\/tie-rod-plate-washer\/\"]}]},{\"@type\":\"ImageObject\",\"inLanguage\":\"pl-PL\",\"@id\":\"https:\/\/qingdaohf.com\/product\/tie-rod-plate-washer\/#primaryimage\",\"url\":\"https:\/\/qingdaohf.com\/wp-content\/uploads\/2024\/12\/Tie-Rod-Plate-Washer-2.webp\",\"contentUrl\":\"https:\/\/qingdaohf.com\/wp-content\/uploads\/2024\/12\/Tie-Rod-Plate-Washer-2.webp\",\"width\":1000,\"height\":1000,\"caption\":\"Tie Rod Plate Washer\"},{\"@type\":\"BreadcrumbList\",\"@id\":\"https:\/\/qingdaohf.com\/product\/tie-rod-plate-washer\/#breadcrumb\",\"itemListElement\":[{\"@type\":\"ListItem\",\"position\":1,\"name\":\"Home\",\"item\":\"https:\/\/qingdaohf.com\/\"},{\"@type\":\"ListItem\",\"position\":2,\"name\":\"Concrete Forming Accessories and Rigging Hardware\",\"item\":\"https:\/\/qingdaohf.com\/bg\/?page_id=944\"},{\"@type\":\"ListItem\",\"position\":3,\"name\":\"Tie Rod Plate Washer\"}]},{\"@type\":\"WebSite\",\"@id\":\"https:\/\/qingdaohf.com\/bg\/#website\",\"url\":\"https:\/\/qingdaohf.com\/bg\/\",\"name\":\"Concrete Form & Rigging Hardware Supplier\",\"description\":\"\",\"publisher\":{\"@id\":\"https:\/\/qingdaohf.com\/bg\/#organization\"},\"potentialAction\":[{\"@type\":\"SearchAction\",\"target\":{\"@type\":\"EntryPoint\",\"urlTemplate\":\"https:\/\/qingdaohf.com\/bg\/?s={search_term_string}\"},\"query-input\":{\"@type\":\"PropertyValueSpecification\",\"valueRequired\":true,\"valueName\":\"search_term_string\"}}],\"inLanguage\":\"pl-PL\"},{\"@type\":\"Organization\",\"@id\":\"https:\/\/qingdaohf.com\/bg\/#organization\",\"name\":\"Qingdao H&F\",\"url\":\"https:\/\/qingdaohf.com\/bg\/\",\"logo\":{\"@type\":\"ImageObject\",\"inLanguage\":\"pl-PL\",\"@id\":\"https:\/\/qingdaohf.com\/bg\/#\/schema\/logo\/image\/\",\"url\":\"https:\/\/qingdaohf.com\/wp-content\/uploads\/2022\/12\/cropped-HF-LOGO.png\",\"contentUrl\":\"https:\/\/qingdaohf.com\/wp-content\/uploads\/2022\/12\/cropped-HF-LOGO.png\",\"width\":391,\"height\":249,\"caption\":\"Qingdao H&F\"},\"image\":{\"@id\":\"https:\/\/qingdaohf.com\/bg\/#\/schema\/logo\/image\/\"},\"sameAs\":[\"https:\/\/www.facebook.com\/qingdaohf\"]}]}<\/script>\n<!-- \/ Yoast SEO plugin. -->","yoast_head_json":{"title":"Tie Rod Plate Washer","robots":{"index":"index","follow":"follow","max-snippet":"max-snippet:-1","max-image-preview":"max-image-preview:large","max-video-preview":"max-video-preview:-1"},"canonical":"https:\/\/qingdaohf.com\/pl\/produkt\/podkladka-plyty-drazka-kierowniczego\/","og_locale":"pl_PL","og_type":"article","og_title":"Tie Rod Plate Washer","og_description":"Tie rod plate washers are critical components in concrete formwork systems, providing unparalleled load distribution and stability. Compatibility, durability, and reliable performance under demanding conditions are the most important features that buyers look for. Qingdao H&amp;F is a trading company with over 20 years of experience, guaranteeing superior quality products, one-to-one customer service, fast delivery cycles, and detailed quality inspection reports. Our commitment to excellence ensures your projects run smoothly from start to finish.","og_url":"https:\/\/qingdaohf.com\/pl\/produkt\/podkladka-plyty-drazka-kierowniczego\/","og_site_name":"Concrete Form &amp; Rigging Hardware Supplier","article_publisher":"https:\/\/www.facebook.com\/qingdaohf","article_modified_time":"2025-11-13T01:02:21+00:00","og_image":[{"width":1000,"height":1000,"url":"https:\/\/qingdaohf.com\/wp-content\/uploads\/2024\/12\/Tie-Rod-Plate-Washer-2.webp","type":"image\/webp"}],"twitter_card":"summary_large_image","twitter_misc":{"Szacowany czas czytania":"3 minuty"},"schema":{"@context":"https:\/\/schema.org","@graph":[{"@type":"WebPage","@id":"https:\/\/qingdaohf.com\/product\/tie-rod-plate-washer\/","url":"https:\/\/qingdaohf.com\/product\/tie-rod-plate-washer\/","name":"Tie Rod Plate Washer","isPartOf":{"@id":"https:\/\/qingdaohf.com\/bg\/#website"},"primaryImageOfPage":{"@id":"https:\/\/qingdaohf.com\/product\/tie-rod-plate-washer\/#primaryimage"},"image":{"@id":"https:\/\/qingdaohf.com\/product\/tie-rod-plate-washer\/#primaryimage"},"thumbnailUrl":"https:\/\/qingdaohf.com\/wp-content\/uploads\/2024\/12\/Tie-Rod-Plate-Washer-2.webp","datePublished":"2024-12-31T08:30:30+00:00","dateModified":"2025-11-13T01:02:21+00:00","breadcrumb":{"@id":"https:\/\/qingdaohf.com\/product\/tie-rod-plate-washer\/#breadcrumb"},"inLanguage":"pl-PL","potentialAction":[{"@type":"ReadAction","target":["https:\/\/qingdaohf.com\/product\/tie-rod-plate-washer\/"]}]},{"@type":"ImageObject","inLanguage":"pl-PL","@id":"https:\/\/qingdaohf.com\/product\/tie-rod-plate-washer\/#primaryimage","url":"https:\/\/qingdaohf.com\/wp-content\/uploads\/2024\/12\/Tie-Rod-Plate-Washer-2.webp","contentUrl":"https:\/\/qingdaohf.com\/wp-content\/uploads\/2024\/12\/Tie-Rod-Plate-Washer-2.webp","width":1000,"height":1000,"caption":"Tie Rod Plate Washer"},{"@type":"BreadcrumbList","@id":"https:\/\/qingdaohf.com\/product\/tie-rod-plate-washer\/#breadcrumb","itemListElement":[{"@type":"ListItem","position":1,"name":"Home","item":"https:\/\/qingdaohf.com\/"},{"@type":"ListItem","position":2,"name":"Concrete Forming Accessories and Rigging Hardware","item":"https:\/\/qingdaohf.com\/bg\/?page_id=944"},{"@type":"ListItem","position":3,"name":"Tie Rod Plate Washer"}]},{"@type":"WebSite","@id":"https:\/\/qingdaohf.com\/bg\/#website","url":"https:\/\/qingdaohf.com\/bg\/","name":"Concrete Form & Rigging Hardware Supplier","description":"","publisher":{"@id":"https:\/\/qingdaohf.com\/bg\/#organization"},"potentialAction":[{"@type":"SearchAction","target":{"@type":"EntryPoint","urlTemplate":"https:\/\/qingdaohf.com\/bg\/?s={search_term_string}"},"query-input":{"@type":"PropertyValueSpecification","valueRequired":true,"valueName":"search_term_string"}}],"inLanguage":"pl-PL"},{"@type":"Organization","@id":"https:\/\/qingdaohf.com\/bg\/#organization","name":"Qingdao H&F","url":"https:\/\/qingdaohf.com\/bg\/","logo":{"@type":"ImageObject","inLanguage":"pl-PL","@id":"https:\/\/qingdaohf.com\/bg\/#\/schema\/logo\/image\/","url":"https:\/\/qingdaohf.com\/wp-content\/uploads\/2022\/12\/cropped-HF-LOGO.png","contentUrl":"https:\/\/qingdaohf.com\/wp-content\/uploads\/2022\/12\/cropped-HF-LOGO.png","width":391,"height":249,"caption":"Qingdao H&F"},"image":{"@id":"https:\/\/qingdaohf.com\/bg\/#\/schema\/logo\/image\/"},"sameAs":["https:\/\/www.facebook.com\/qingdaohf"]}]}},"_links":{"self":[{"href":"https:\/\/qingdaohf.com\/pl\/wp-json\/wp\/v2\/product\/8614","targetHints":{"allow":["GET"]}}],"collection":[{"href":"https:\/\/qingdaohf.com\/pl\/wp-json\/wp\/v2\/product"}],"about":[{"href":"https:\/\/qingdaohf.com\/pl\/wp-json\/wp\/v2\/types\/product"}],"replies":[{"embeddable":true,"href":"https:\/\/qingdaohf.com\/pl\/wp-json\/wp\/v2\/comments?post=8614"}],"version-history":[{"count":1,"href":"https:\/\/qingdaohf.com\/pl\/wp-json\/wp\/v2\/product\/8614\/revisions"}],"predecessor-version":[{"id":8617,"href":"https:\/\/qingdaohf.com\/pl\/wp-json\/wp\/v2\/product\/8614\/revisions\/8617"}],"wp:featuredmedia":[{"embeddable":true,"href":"https:\/\/qingdaohf.com\/pl\/wp-json\/wp\/v2\/media\/8616"}],"wp:attachment":[{"href":"https:\/\/qingdaohf.com\/pl\/wp-json\/wp\/v2\/media?parent=8614"}],"wp:term":[{"taxonomy":"product_brand","embeddable":true,"href":"https:\/\/qingdaohf.com\/pl\/wp-json\/wp\/v2\/product_brand?post=8614"},{"taxonomy":"product_cat","embeddable":true,"href":"https:\/\/qingdaohf.com\/pl\/wp-json\/wp\/v2\/product_cat?post=8614"},{"taxonomy":"product_tag","embeddable":true,"href":"https:\/\/qingdaohf.com\/pl\/wp-json\/wp\/v2\/product_tag?post=8614"}],"curies":[{"name":"wp","href":"https:\/\/api.w.org\/{rel}","templated":true}]}}