{"id":8624,"date":"2025-01-02T15:50:36","date_gmt":"2025-01-02T07:50:36","guid":{"rendered":"http:\/\/qingdaohf.com\/?post_type=product&#038;p=8624"},"modified":"2025-11-13T09:02:21","modified_gmt":"2025-11-13T01:02:21","slug":"steel-tie-rod-cone","status":"publish","type":"product","link":"https:\/\/qingdaohf.com\/pl\/produkt\/stalowy-stozek-drazka-kierowniczego\/","title":{"rendered":"Stalowy sto\u017cek dr\u0105\u017cka kierowniczego"},"content":{"rendered":"<h2 class=\"whitespace-pre-wrap break-words\">Zrozumienie stalowego sto\u017cka dr\u0105\u017cka kierowniczego i jego roli w budownictwie<\/h2>\n<p class=\"whitespace-pre-wrap break-words\">Stalowe sto\u017cki \u015bci\u0105g\u00f3w odgrywaj\u0105 istotn\u0105 rol\u0119 w nowoczesnym budownictwie, zw\u0142aszcza w monta\u017cu szalunk\u00f3w. Te proste, ale kluczowe komponenty zakrywaj\u0105 ko\u0144c\u00f3wki \u015bci\u0105g\u00f3w i tworz\u0105 niezb\u0119dny interfejs mi\u0119dzy szalunkiem a konstrukcjami betonowymi. Opr\u00f3cz element\u00f3w \u0142\u0105cz\u0105cych, s\u0142u\u017c\u0105 one jako ograniczniki wody i zapewniaj\u0105 precyzyjne odst\u0119py, pomagaj\u0105c zespo\u0142om budowlanym zachowa\u0107 rygorystyczne standardy bez po\u015bwi\u0119cania jako\u015bci lub szybko\u015bci budowy.<\/p>\n<p class=\"whitespace-pre-wrap break-words\">Podczas wylewania betonu sto\u017cki \u015bci\u0105g\u00f3w zapobiegaj\u0105 bezpo\u015bredniemu kontaktowi \u015bci\u0105g\u00f3w z mokrym betonem, co chroni solidno\u015b\u0107 konstrukcji szalunku. Ich konstrukcja znacznie u\u0142atwia r\u00f3wnie\u017c usuwanie szalunku po zwi\u0105zaniu betonu - jest to kluczowa cecha w przypadku system\u00f3w tymczasowych stosowanych we wszystkim, od most\u00f3w po drapacze chmur i budynki przemys\u0142owe.<\/p>\n<h2 class=\"font-600 text-xl font-bold\">System Tie Rod: Sie\u0107 wsp\u00f3\u0142pracy<\/h2>\n<p class=\"whitespace-pre-wrap break-words\">Sto\u017cki dr\u0105\u017ck\u00f3w kierowniczych nie dzia\u0142aj\u0105 samodzielnie - s\u0105 cz\u0119\u015bci\u0105 zintegrowanego systemu obejmuj\u0105cego ograniczniki przep\u0142ywu wody, dr\u0105\u017cki kierownicze, nakr\u0119tki super plate combi i podk\u0142adki. Komponenty te wsp\u00f3\u0142pracuj\u0105 ze sob\u0105 jak dobrze naoliwiona maszyna, aby sprosta\u0107 intensywnym naciskom zwi\u0105zanym z pracami budowlanymi.<\/p>\n<p class=\"whitespace-pre-wrap break-words\">Sercem tego wszystkiego jest pr\u0119t \u0142\u0105cz\u0105cy, kt\u00f3ry zapewnia wytrzyma\u0142o\u015b\u0107 na rozci\u0105ganie potrzebn\u0105 do zatrzymania mokrego betonu podczas wylewania i utwardzania. Ograniczniki wody tworz\u0105 kluczowe uszczelnienia przed wilgoci\u0105 - szczeg\u00f3lnie wa\u017cne w przypadku konstrukcji podziemnych lub wszystkiego, co musi zatrzymywa\u0107 wod\u0119. Stalowy sto\u017cek wzmacnia ten system, poprawiaj\u0105c zar\u00f3wno trwa\u0142o\u015b\u0107 konstrukcji, jak i jej wydajno\u015b\u0107.<\/p>\n<p class=\"whitespace-pre-wrap break-words\">Nakr\u0119tka superp\u0142ytowa combi blokuje wszystko na miejscu, utrzymuj\u0105c sta\u0142e napr\u0119\u017cenie w ca\u0142ym systemie i zapobiegaj\u0105c przesuwaniu si\u0119 szalunku. W mi\u0119dzyczasie podk\u0142adki pod pr\u0119ty \u0142\u0105cz\u0105ce r\u00f3wnomiernie rozk\u0142adaj\u0105 obci\u0105\u017cenie na ca\u0142ej powierzchni szalunku, eliminuj\u0105c s\u0142abe punkty, kt\u00f3re mog\u0142yby prowadzi\u0107 do problem\u00f3w w przysz\u0142o\u015bci.<\/p>\n<h2 class=\"font-600 text-xl font-bold\">Zalety stosowania stalowych sto\u017ck\u00f3w dr\u0105\u017ck\u00f3w kierowniczych w projektach<\/h2>\n<p class=\"whitespace-pre-wrap break-words\">Stalowe \u015bci\u0105gi oferuj\u0105 kilka kluczowych korzy\u015bci na placach budowy. Ich precyzyjne odst\u0119py zapewniaj\u0105 jednolit\u0105 grubo\u015b\u0107 \u015bcian i dok\u0142adne spe\u0142nienie specyfikacji architektonicznych. S\u0105 one r\u00f3wnie\u017c idealnie dopasowane do innych element\u00f3w systemu \u015bci\u0105g\u00f3w, co usprawnia instalacj\u0119 i obni\u017ca koszty pracy.<\/p>\n<p class=\"whitespace-pre-wrap break-words\">Sto\u017cki te s\u0105 trwa\u0142e, wykonane z wysokiej jako\u015bci stali, kt\u00f3ra wytrzymuje du\u017ce obci\u0105\u017cenia i trudne warunki pogodowe. Trwa\u0142o\u015b\u0107 ta oznacza, \u017ce zespo\u0142y budowlane mog\u0105 u\u017cywa\u0107 ich wielokrotnie, oszcz\u0119dzaj\u0105c pieni\u0105dze i zmniejszaj\u0105c ilo\u015b\u0107 odpad\u00f3w w procesie budowy.<\/p>\n<p class=\"whitespace-pre-wrap break-words\">W Qingdao H&amp;F ka\u017cdy sto\u017cek przechodzi rygorystyczne testy wytrzyma\u0142o\u015bci i dok\u0142adno\u015bci wymiarowej. Dostarczamy szczeg\u00f3\u0142owe raporty z kontroli jako\u015bci przy ka\u017cdej wysy\u0142ce, daj\u0105c naszym klientom pewno\u015b\u0107, \u017ce ich materia\u0142y spe\u0142ni\u0105 wszystkie wymogi bezpiecze\u0144stwa i regulacyjne. Nasza indywidualna obs\u0142uga klienta pomaga nabywcom znale\u017a\u0107 dok\u0142adnie takie rozwi\u0105zania systemowe dla ich konkretnych projekt\u00f3w.<\/p>\n<h2 class=\"font-600 text-xl font-bold\">Integracja i wydajno\u015b\u0107: Wszystko razem<\/h2>\n<p class=\"whitespace-pre-wrap break-words\">Spos\u00f3b, w jaki te komponenty wsp\u00f3\u0142pracuj\u0105 ze sob\u0105, pokazuje, jak wa\u017cna jest dobra in\u017cynieria i wysokiej jako\u015bci materia\u0142y. Prawid\u0142owo zainstalowany, kompletny system sto\u017ck\u00f3w dr\u0105\u017ck\u00f3w kierowniczych, ogranicznik\u00f3w wody, dr\u0105\u017ck\u00f3w kierowniczych, nakr\u0119tek i podk\u0142adek tworzy niezawodny fundament dla prac budowlanych.<\/p>\n<p class=\"whitespace-pre-wrap break-words\">Prawid\u0142owe ustawienie wszystkich element\u00f3w zapewnia stabilno\u015b\u0107 szalunku podczas utwardzania betonu, co zapobiega przeciekom, problemom strukturalnym i op\u00f3\u017anieniom projektu. Modu\u0142owa konstrukcja systemu sprawia, \u017ce jest on wystarczaj\u0105co wszechstronny do wszelkiego rodzaju projekt\u00f3w, od prostych \u015bcian oporowych po du\u017ce prace infrastrukturalne.<\/p>\n<p class=\"whitespace-pre-wrap break-words\">Wyb\u00f3r Qingdao H&amp;F oznacza uzyskanie zar\u00f3wno produkt\u00f3w najwy\u017cszej jako\u015bci, jak i g\u0142\u0119bokiej wiedzy specjalistycznej w zakresie system\u00f3w szalunkowych. Szczycimy si\u0119 szybk\u0105 dostaw\u0105 i spersonalizowan\u0105 obs\u0142ug\u0105, wspieraj\u0105c projekty od pocz\u0105tku do ko\u0144ca. Niezale\u017cnie od tego, czy potrzebujesz sto\u017ck\u00f3w \u015bci\u0105gaj\u0105cych do pojedynczego zadania, czy te\u017c potrzebujesz niezawodnego d\u0142ugoterminowego dostawcy, zapewniamy wyj\u0105tkow\u0105 warto\u015b\u0107 i niezawodno\u015b\u0107.<\/p>","protected":false},"excerpt":{"rendered":"<p data-pm-slice=\"1 1 []\">Stalowe sto\u017cki \u015bci\u0105gaj\u0105ce odgrywaj\u0105 kluczow\u0105 rol\u0119 w formowaniu konstrukcji betonowych, zapewniaj\u0105c precyzyjne wyr\u00f3wnanie i trwa\u0142o\u015b\u0107 konstrukcji. Przy ocenie tych produkt\u00f3w nabywcy cz\u0119sto stawiaj\u0105 na kompatybilno\u015b\u0107 z r\u00f3\u017cnymi systemami ci\u0119gien, wodoodporno\u015b\u0107 i wytrzyma\u0142o\u015b\u0107 materia\u0142u. W Qingdao H&amp;F zajmujemy si\u0119 tymi kwestiami poprzez dedykowane, indywidualne podej\u015bcie do obs\u0142ugi klienta, szybkie cykle dostaw i kompleksowe raporty z kontroli jako\u015bci. Dzi\u0119ki naszemu do\u015bwiadczeniu w handlu zagranicznym i dog\u0142\u0119bnemu zrozumieniu potrzeb budowlanych, dostarczamy produkty, kt\u00f3re przekraczaj\u0105 oczekiwania.<\/p>","protected":false},"featured_media":8625,"comment_status":"open","ping_status":"closed","template":"","meta":{"site-sidebar-layout":"default","site-content-layout":"","ast-site-content-layout":"default","site-content-style":"default","site-sidebar-style":"default","ast-global-header-display":"","ast-banner-title-visibility":"","ast-main-header-display":"","ast-hfb-above-header-display":"","ast-hfb-below-header-display":"","ast-hfb-mobile-header-display":"","site-post-title":"","ast-breadcrumbs-content":"","ast-featured-img":"","footer-sml-layout":"","theme-transparent-header-meta":"default","adv-header-id-meta":"","stick-header-meta":"default","header-above-stick-meta":"","header-main-stick-meta":"","header-below-stick-meta":"","astra-migrate-meta-layouts":"set","ast-page-background-enabled":"default","ast-page-background-meta":{"desktop":{"background-color":"","background-image":"","background-repeat":"repeat","background-position":"center center","background-size":"auto","background-attachment":"scroll","background-type":"","background-media":"","overlay-type":"","overlay-color":"","overlay-opacity":"","overlay-gradient":""},"tablet":{"background-color":"","background-image":"","background-repeat":"repeat","background-position":"center center","background-size":"auto","background-attachment":"scroll","background-type":"","background-media":"","overlay-type":"","overlay-color":"","overlay-opacity":"","overlay-gradient":""},"mobile":{"background-color":"","background-image":"","background-repeat":"repeat","background-position":"center center","background-size":"auto","background-attachment":"scroll","background-type":"","background-media":"","overlay-type":"","overlay-color":"","overlay-opacity":"","overlay-gradient":""}},"ast-content-background-meta":{"desktop":{"background-color":"var(--ast-global-color-5)","background-image":"","background-repeat":"repeat","background-position":"center center","background-size":"auto","background-attachment":"scroll","background-type":"","background-media":"","overlay-type":"","overlay-color":"","overlay-opacity":"","overlay-gradient":""},"tablet":{"background-color":"var(--ast-global-color-5)","background-image":"","background-repeat":"repeat","background-position":"center center","background-size":"auto","background-attachment":"scroll","background-type":"","background-media":"","overlay-type":"","overlay-color":"","overlay-opacity":"","overlay-gradient":""},"mobile":{"background-color":"var(--ast-global-color-5)","background-image":"","background-repeat":"repeat","background-position":"center center","background-size":"auto","background-attachment":"scroll","background-type":"","background-media":"","overlay-type":"","overlay-color":"","overlay-opacity":"","overlay-gradient":""}}},"product_brand":[],"product_cat":[79],"product_tag":[],"class_list":{"0":"post-8624","1":"product","2":"type-product","3":"status-publish","4":"has-post-thumbnail","6":"product_cat-tie-rod-system","7":"desktop-align-left","8":"tablet-align-left","9":"mobile-align-left","10":"ast-product-gallery-layout-horizontal-slider","11":"ast-product-gallery-with-no-image","12":"ast-product-tabs-layout-horizontal","14":"first","15":"instock","16":"shipping-taxable","17":"purchasable","18":"product-type-simple"},"yoast_head":"<!-- This site is optimized with the Yoast SEO plugin v25.2 - https:\/\/yoast.com\/wordpress\/plugins\/seo\/ -->\n<title>Steel Tie Rod Cone<\/title>\n<meta name=\"description\" content=\"Steel Tie Rod Cones play a critical role in forming concrete structures by ensuring precise alignment and durability in construction.\" \/>\n<meta name=\"robots\" content=\"index, follow, max-snippet:-1, max-image-preview:large, max-video-preview:-1\" \/>\n<link rel=\"canonical\" href=\"https:\/\/qingdaohf.com\/pl\/produkt\/stalowy-stozek-drazka-kierowniczego\/\" \/>\n<meta property=\"og:locale\" content=\"pl_PL\" \/>\n<meta property=\"og:type\" content=\"article\" \/>\n<meta property=\"og:title\" content=\"Steel Tie Rod Cone\" \/>\n<meta property=\"og:description\" content=\"Steel Tie Rod Cones play a critical role in forming concrete structures by ensuring precise alignment and durability in construction.\" \/>\n<meta property=\"og:url\" content=\"https:\/\/qingdaohf.com\/pl\/produkt\/stalowy-stozek-drazka-kierowniczego\/\" \/>\n<meta property=\"og:site_name\" content=\"Concrete Form &amp; Rigging Hardware Supplier\" \/>\n<meta property=\"article:publisher\" content=\"https:\/\/www.facebook.com\/qingdaohf\" \/>\n<meta property=\"article:modified_time\" content=\"2025-11-13T01:02:21+00:00\" \/>\n<meta property=\"og:image\" content=\"https:\/\/qingdaohf.com\/wp-content\/uploads\/2025\/01\/steel-cone-tie-rod.webp\" \/>\n\t<meta property=\"og:image:width\" content=\"1000\" \/>\n\t<meta property=\"og:image:height\" content=\"1000\" \/>\n\t<meta property=\"og:image:type\" content=\"image\/webp\" \/>\n<meta name=\"twitter:card\" content=\"summary_large_image\" \/>\n<meta name=\"twitter:label1\" content=\"Szacowany czas czytania\" \/>\n\t<meta name=\"twitter:data1\" content=\"3 minuty\" \/>\n<script type=\"application\/ld+json\" class=\"yoast-schema-graph\">{\"@context\":\"https:\/\/schema.org\",\"@graph\":[{\"@type\":\"WebPage\",\"@id\":\"https:\/\/qingdaohf.com\/product\/steel-tie-rod-cone\/\",\"url\":\"https:\/\/qingdaohf.com\/product\/steel-tie-rod-cone\/\",\"name\":\"Steel Tie Rod Cone\",\"isPartOf\":{\"@id\":\"https:\/\/qingdaohf.com\/bg\/#website\"},\"primaryImageOfPage\":{\"@id\":\"https:\/\/qingdaohf.com\/product\/steel-tie-rod-cone\/#primaryimage\"},\"image\":{\"@id\":\"https:\/\/qingdaohf.com\/product\/steel-tie-rod-cone\/#primaryimage\"},\"thumbnailUrl\":\"https:\/\/qingdaohf.com\/wp-content\/uploads\/2025\/01\/steel-cone-tie-rod.webp\",\"datePublished\":\"2025-01-02T07:50:36+00:00\",\"dateModified\":\"2025-11-13T01:02:21+00:00\",\"description\":\"Steel Tie Rod Cones play a critical role in forming concrete structures by ensuring precise alignment and durability in construction.\",\"breadcrumb\":{\"@id\":\"https:\/\/qingdaohf.com\/product\/steel-tie-rod-cone\/#breadcrumb\"},\"inLanguage\":\"pl-PL\",\"potentialAction\":[{\"@type\":\"ReadAction\",\"target\":[\"https:\/\/qingdaohf.com\/product\/steel-tie-rod-cone\/\"]}]},{\"@type\":\"ImageObject\",\"inLanguage\":\"pl-PL\",\"@id\":\"https:\/\/qingdaohf.com\/product\/steel-tie-rod-cone\/#primaryimage\",\"url\":\"https:\/\/qingdaohf.com\/wp-content\/uploads\/2025\/01\/steel-cone-tie-rod.webp\",\"contentUrl\":\"https:\/\/qingdaohf.com\/wp-content\/uploads\/2025\/01\/steel-cone-tie-rod.webp\",\"width\":1000,\"height\":1000,\"caption\":\"steel cone tie rod\"},{\"@type\":\"BreadcrumbList\",\"@id\":\"https:\/\/qingdaohf.com\/product\/steel-tie-rod-cone\/#breadcrumb\",\"itemListElement\":[{\"@type\":\"ListItem\",\"position\":1,\"name\":\"Home\",\"item\":\"https:\/\/qingdaohf.com\/\"},{\"@type\":\"ListItem\",\"position\":2,\"name\":\"Concrete Forming Accessories and Rigging Hardware\",\"item\":\"https:\/\/qingdaohf.com\/bg\/?page_id=944\"},{\"@type\":\"ListItem\",\"position\":3,\"name\":\"Steel Tie Rod Cone\"}]},{\"@type\":\"WebSite\",\"@id\":\"https:\/\/qingdaohf.com\/bg\/#website\",\"url\":\"https:\/\/qingdaohf.com\/bg\/\",\"name\":\"Concrete Form & Rigging Hardware Supplier\",\"description\":\"\",\"publisher\":{\"@id\":\"https:\/\/qingdaohf.com\/bg\/#organization\"},\"potentialAction\":[{\"@type\":\"SearchAction\",\"target\":{\"@type\":\"EntryPoint\",\"urlTemplate\":\"https:\/\/qingdaohf.com\/bg\/?s={search_term_string}\"},\"query-input\":{\"@type\":\"PropertyValueSpecification\",\"valueRequired\":true,\"valueName\":\"search_term_string\"}}],\"inLanguage\":\"pl-PL\"},{\"@type\":\"Organization\",\"@id\":\"https:\/\/qingdaohf.com\/bg\/#organization\",\"name\":\"Qingdao H&F\",\"url\":\"https:\/\/qingdaohf.com\/bg\/\",\"logo\":{\"@type\":\"ImageObject\",\"inLanguage\":\"pl-PL\",\"@id\":\"https:\/\/qingdaohf.com\/bg\/#\/schema\/logo\/image\/\",\"url\":\"https:\/\/qingdaohf.com\/wp-content\/uploads\/2022\/12\/cropped-HF-LOGO.png\",\"contentUrl\":\"https:\/\/qingdaohf.com\/wp-content\/uploads\/2022\/12\/cropped-HF-LOGO.png\",\"width\":391,\"height\":249,\"caption\":\"Qingdao H&F\"},\"image\":{\"@id\":\"https:\/\/qingdaohf.com\/bg\/#\/schema\/logo\/image\/\"},\"sameAs\":[\"https:\/\/www.facebook.com\/qingdaohf\"]}]}<\/script>\n<!-- \/ Yoast SEO plugin. -->","yoast_head_json":{"title":"Steel Tie Rod Cone","description":"Steel Tie Rod Cones play a critical role in forming concrete structures by ensuring precise alignment and durability in construction.","robots":{"index":"index","follow":"follow","max-snippet":"max-snippet:-1","max-image-preview":"max-image-preview:large","max-video-preview":"max-video-preview:-1"},"canonical":"https:\/\/qingdaohf.com\/pl\/produkt\/stalowy-stozek-drazka-kierowniczego\/","og_locale":"pl_PL","og_type":"article","og_title":"Steel Tie Rod Cone","og_description":"Steel Tie Rod Cones play a critical role in forming concrete structures by ensuring precise alignment and durability in construction.","og_url":"https:\/\/qingdaohf.com\/pl\/produkt\/stalowy-stozek-drazka-kierowniczego\/","og_site_name":"Concrete Form &amp; Rigging Hardware Supplier","article_publisher":"https:\/\/www.facebook.com\/qingdaohf","article_modified_time":"2025-11-13T01:02:21+00:00","og_image":[{"width":1000,"height":1000,"url":"https:\/\/qingdaohf.com\/wp-content\/uploads\/2025\/01\/steel-cone-tie-rod.webp","type":"image\/webp"}],"twitter_card":"summary_large_image","twitter_misc":{"Szacowany czas czytania":"3 minuty"},"schema":{"@context":"https:\/\/schema.org","@graph":[{"@type":"WebPage","@id":"https:\/\/qingdaohf.com\/product\/steel-tie-rod-cone\/","url":"https:\/\/qingdaohf.com\/product\/steel-tie-rod-cone\/","name":"Steel Tie Rod Cone","isPartOf":{"@id":"https:\/\/qingdaohf.com\/bg\/#website"},"primaryImageOfPage":{"@id":"https:\/\/qingdaohf.com\/product\/steel-tie-rod-cone\/#primaryimage"},"image":{"@id":"https:\/\/qingdaohf.com\/product\/steel-tie-rod-cone\/#primaryimage"},"thumbnailUrl":"https:\/\/qingdaohf.com\/wp-content\/uploads\/2025\/01\/steel-cone-tie-rod.webp","datePublished":"2025-01-02T07:50:36+00:00","dateModified":"2025-11-13T01:02:21+00:00","description":"Steel Tie Rod Cones play a critical role in forming concrete structures by ensuring precise alignment and durability in construction.","breadcrumb":{"@id":"https:\/\/qingdaohf.com\/product\/steel-tie-rod-cone\/#breadcrumb"},"inLanguage":"pl-PL","potentialAction":[{"@type":"ReadAction","target":["https:\/\/qingdaohf.com\/product\/steel-tie-rod-cone\/"]}]},{"@type":"ImageObject","inLanguage":"pl-PL","@id":"https:\/\/qingdaohf.com\/product\/steel-tie-rod-cone\/#primaryimage","url":"https:\/\/qingdaohf.com\/wp-content\/uploads\/2025\/01\/steel-cone-tie-rod.webp","contentUrl":"https:\/\/qingdaohf.com\/wp-content\/uploads\/2025\/01\/steel-cone-tie-rod.webp","width":1000,"height":1000,"caption":"steel cone tie rod"},{"@type":"BreadcrumbList","@id":"https:\/\/qingdaohf.com\/product\/steel-tie-rod-cone\/#breadcrumb","itemListElement":[{"@type":"ListItem","position":1,"name":"Home","item":"https:\/\/qingdaohf.com\/"},{"@type":"ListItem","position":2,"name":"Concrete Forming Accessories and Rigging Hardware","item":"https:\/\/qingdaohf.com\/bg\/?page_id=944"},{"@type":"ListItem","position":3,"name":"Steel Tie Rod Cone"}]},{"@type":"WebSite","@id":"https:\/\/qingdaohf.com\/bg\/#website","url":"https:\/\/qingdaohf.com\/bg\/","name":"Concrete Form & Rigging Hardware Supplier","description":"","publisher":{"@id":"https:\/\/qingdaohf.com\/bg\/#organization"},"potentialAction":[{"@type":"SearchAction","target":{"@type":"EntryPoint","urlTemplate":"https:\/\/qingdaohf.com\/bg\/?s={search_term_string}"},"query-input":{"@type":"PropertyValueSpecification","valueRequired":true,"valueName":"search_term_string"}}],"inLanguage":"pl-PL"},{"@type":"Organization","@id":"https:\/\/qingdaohf.com\/bg\/#organization","name":"Qingdao H&F","url":"https:\/\/qingdaohf.com\/bg\/","logo":{"@type":"ImageObject","inLanguage":"pl-PL","@id":"https:\/\/qingdaohf.com\/bg\/#\/schema\/logo\/image\/","url":"https:\/\/qingdaohf.com\/wp-content\/uploads\/2022\/12\/cropped-HF-LOGO.png","contentUrl":"https:\/\/qingdaohf.com\/wp-content\/uploads\/2022\/12\/cropped-HF-LOGO.png","width":391,"height":249,"caption":"Qingdao H&F"},"image":{"@id":"https:\/\/qingdaohf.com\/bg\/#\/schema\/logo\/image\/"},"sameAs":["https:\/\/www.facebook.com\/qingdaohf"]}]}},"_links":{"self":[{"href":"https:\/\/qingdaohf.com\/pl\/wp-json\/wp\/v2\/product\/8624","targetHints":{"allow":["GET"]}}],"collection":[{"href":"https:\/\/qingdaohf.com\/pl\/wp-json\/wp\/v2\/product"}],"about":[{"href":"https:\/\/qingdaohf.com\/pl\/wp-json\/wp\/v2\/types\/product"}],"replies":[{"embeddable":true,"href":"https:\/\/qingdaohf.com\/pl\/wp-json\/wp\/v2\/comments?post=8624"}],"version-history":[{"count":1,"href":"https:\/\/qingdaohf.com\/pl\/wp-json\/wp\/v2\/product\/8624\/revisions"}],"predecessor-version":[{"id":8626,"href":"https:\/\/qingdaohf.com\/pl\/wp-json\/wp\/v2\/product\/8624\/revisions\/8626"}],"wp:featuredmedia":[{"embeddable":true,"href":"https:\/\/qingdaohf.com\/pl\/wp-json\/wp\/v2\/media\/8625"}],"wp:attachment":[{"href":"https:\/\/qingdaohf.com\/pl\/wp-json\/wp\/v2\/media?parent=8624"}],"wp:term":[{"taxonomy":"product_brand","embeddable":true,"href":"https:\/\/qingdaohf.com\/pl\/wp-json\/wp\/v2\/product_brand?post=8624"},{"taxonomy":"product_cat","embeddable":true,"href":"https:\/\/qingdaohf.com\/pl\/wp-json\/wp\/v2\/product_cat?post=8624"},{"taxonomy":"product_tag","embeddable":true,"href":"https:\/\/qingdaohf.com\/pl\/wp-json\/wp\/v2\/product_tag?post=8624"}],"curies":[{"name":"wp","href":"https:\/\/api.w.org\/{rel}","templated":true}]}}