{"id":8837,"date":"2025-01-18T10:11:43","date_gmt":"2025-01-18T02:11:43","guid":{"rendered":"http:\/\/qingdaohf.com\/?post_type=product&#038;p=8837"},"modified":"2025-11-13T09:02:20","modified_gmt":"2025-11-13T01:02:20","slug":"concrete-turnbuckle","status":"publish","type":"product","link":"https:\/\/qingdaohf.com\/pl\/produkt\/sciagacz-betonowy\/","title":{"rendered":"\u015aruba rzymska do betonu"},"content":{"rendered":"<h2 class=\"text-xl font-bold text-text-200 mt-1 -mb-0.5\">Zrozumienie \u015brub rzymskich do betonu<\/h2>\n<p class=\"whitespace-pre-wrap break-words\">Je\u015bli chodzi o projekty budowlane, \u015bci\u0105gacze do betonu odgrywaj\u0105 kluczow\u0105 rol\u0119 w utrzymaniu stabilno\u015bci i precyzji. Te niezb\u0119dne komponenty pozwalaj\u0105 wykonawcom na regulacj\u0119 napi\u0119cia w szalunku, umo\u017cliwiaj\u0105c osi\u0105gni\u0119cie precyzyjnego wyr\u00f3wnania podczas wylewania betonu. W H&amp;F wiemy, jak wa\u017cne s\u0105 te pozornie proste urz\u0105dzenia - mog\u0105 one zadecydowa\u0107 o powodzeniu projektu.<\/p>\n<p class=\"whitespace-pre-wrap break-words\">W bran\u017cy budowlanej stosowane s\u0105 przede wszystkim dwie odmiany betonowych \u015brub rzymskich: z wygi\u0119t\u0105 blach\u0105 i z p\u0142ask\u0105 blach\u0105. Ka\u017cdy z nich ma sw\u00f3j w\u0142asny zestaw zalet, dzi\u0119ki czemu nadaj\u0105 si\u0119 do r\u00f3\u017cnych rodzaj\u00f3w projekt\u00f3w i zastosowa\u0144.<\/p>\n<div class=\"ast-oembed-container\" style=\"height: 100%;\"><iframe title=\"Wyr\u00f3wnywacz do form betonowych\" width=\"500\" height=\"281\" src=\"https:\/\/www.youtube.com\/embed\/1guP_DQRF1o?feature=oembed\" frameborder=\"0\" allow=\"accelerometer; autoplay; clipboard-write; encrypted-media; gyroscope; picture-in-picture; web-share\" referrerpolicy=\"strict-origin-when-cross-origin\" allowfullscreen><\/iframe><\/div>\n<h2 class=\"text-xl font-bold text-text-200 mt-1 -mb-0.5\">\u015aci\u0105gacze z wygi\u0119t\u0105 p\u0142ytk\u0105<\/h2>\n<p><img fetchpriority=\"high\" decoding=\"async\" class=\"alignnone size-medium wp-image-8806\" src=\"http:\/\/qingdaohf.com\/wp-content\/uploads\/2025\/01\/bent-plate-turnbuckle-9-300x300.jpg\" alt=\"\u015aci\u0105gacz z wygi\u0119t\u0105 p\u0142ytk\u0105\" width=\"300\" height=\"300\" srcset=\"https:\/\/qingdaohf.com\/wp-content\/uploads\/2025\/01\/bent-plate-turnbuckle-9-300x300.jpg 300w, https:\/\/qingdaohf.com\/wp-content\/uploads\/2025\/01\/bent-plate-turnbuckle-9-150x150.jpg 150w, https:\/\/qingdaohf.com\/wp-content\/uploads\/2025\/01\/bent-plate-turnbuckle-9-768x768.jpg 768w, https:\/\/qingdaohf.com\/wp-content\/uploads\/2025\/01\/bent-plate-turnbuckle-9-12x12.jpg 12w, https:\/\/qingdaohf.com\/wp-content\/uploads\/2025\/01\/bent-plate-turnbuckle-9-500x500.jpg 500w, https:\/\/qingdaohf.com\/wp-content\/uploads\/2025\/01\/bent-plate-turnbuckle-9-100x100.jpg 100w, https:\/\/qingdaohf.com\/wp-content\/uploads\/2025\/01\/bent-plate-turnbuckle-9.jpg 1000w\" sizes=\"(max-width: 300px) 100vw, 300px\" \/><\/p>\n<p class=\"whitespace-pre-wrap break-words\">\u015aci\u0105gacze z wygi\u0119t\u0105 p\u0142ytk\u0105 maj\u0105 charakterystyczn\u0105 zakrzywion\u0105 konstrukcj\u0119, kt\u00f3ra daje im przewag\u0119 w niekt\u00f3rych zastosowaniach. Ich kszta\u0142t nie jest tylko na pokaz - pomaga bardziej r\u00f3wnomiernie roz\u0142o\u017cy\u0107 si\u0142\u0119, co czyni je szczeg\u00f3lnie cennymi w przypadku zmiennych obci\u0105\u017ce\u0144 lub nietypowych wzorc\u00f3w napr\u0119\u017ce\u0144. Zespo\u0142y budowlane cz\u0119sto preferuj\u0105 te modele, gdy musz\u0105 dokonywa\u0107 cz\u0119stych regulacji, poniewa\u017c s\u0105 one zazwyczaj \u0142atwiejsze w obs\u0142udze i regulacji w locie.<\/p>\n<p class=\"whitespace-pre-wrap break-words\">W H&amp;F produkujemy nasze napinacze z gi\u0119tej blachy przy u\u017cyciu najwy\u017cszej jako\u015bci materia\u0142\u00f3w, poddaj\u0105c ka\u017cd\u0105 jednostk\u0119 rygorystycznym testom. Do ka\u017cdej \u015bruby rzymskiej do\u0142\u0105czamy szczeg\u00f3\u0142owe raporty jako\u015bci, dzi\u0119ki czemu wiesz dok\u0142adnie, co otrzymujesz.<\/p>\n<h2 class=\"text-xl font-bold text-text-200 mt-1 -mb-0.5\">\u015aci\u0105gacze p\u0142askie<\/h2>\n<p><img decoding=\"async\" class=\"alignnone size-medium wp-image-8772\" src=\"http:\/\/qingdaohf.com\/wp-content\/uploads\/2025\/01\/flat-plate-turnbuckle-17-300x300.jpg\" alt=\"\u015aci\u0105gacz p\u0142aski \" width=\"300\" height=\"300\" srcset=\"https:\/\/qingdaohf.com\/wp-content\/uploads\/2025\/01\/flat-plate-turnbuckle-17-300x300.jpg 300w, https:\/\/qingdaohf.com\/wp-content\/uploads\/2025\/01\/flat-plate-turnbuckle-17-150x150.jpg 150w, https:\/\/qingdaohf.com\/wp-content\/uploads\/2025\/01\/flat-plate-turnbuckle-17-768x768.jpg 768w, https:\/\/qingdaohf.com\/wp-content\/uploads\/2025\/01\/flat-plate-turnbuckle-17-12x12.jpg 12w, https:\/\/qingdaohf.com\/wp-content\/uploads\/2025\/01\/flat-plate-turnbuckle-17-500x500.jpg 500w, https:\/\/qingdaohf.com\/wp-content\/uploads\/2025\/01\/flat-plate-turnbuckle-17-100x100.jpg 100w, https:\/\/qingdaohf.com\/wp-content\/uploads\/2025\/01\/flat-plate-turnbuckle-17.jpg 1000w\" sizes=\"(max-width: 300px) 100vw, 300px\" \/><\/p>\n<p class=\"whitespace-pre-wrap break-words\">Je\u015bli szukasz czego\u015b prostszego, najlepszym wyborem mog\u0105 by\u0107 \u015bci\u0105gacze p\u0142askie. Ich prosta konstrukcja sprawia, \u017ce s\u0105 \u0142atwe w monta\u017cu i p\u0142ynnie integruj\u0105 si\u0119 z wi\u0119kszo\u015bci\u0105 system\u00f3w szalunkowych. Wielu wykonawc\u00f3w wybiera te modele, gdy potrzebuj\u0105 niezawodnej wydajno\u015bci bez rozbijania banku.<\/p>\n<p class=\"whitespace-pre-wrap break-words\">Nasze \u015bruby rzymskie z p\u0142ask\u0105 blach\u0105 s\u0105 produkowane z tak\u0105 sam\u0105 dba\u0142o\u015bci\u0105 o szczeg\u00f3\u0142y, jak ich kuzyni z gi\u0119t\u0105 blach\u0105. Wsp\u00f3\u0142pracujemy bezpo\u015brednio z naszymi klientami, aby zrozumie\u0107 ich specyficzne wymagania, zapewniaj\u0105c, \u017ce otrzymaj\u0105 dok\u0142adnie to, czego potrzebuje ich projekt.<\/p>\n<h2 class=\"text-xl font-bold text-text-200 mt-1 -mb-0.5\">Dlaczego warto wybra\u0107 \u015bci\u0105gacze do betonu H&amp;F?<\/h2>\n<p class=\"whitespace-pre-wrap break-words\">Wyb\u00f3r w\u0142a\u015bciwego dostawcy jest tak samo wa\u017cny, jak wyb\u00f3r w\u0142a\u015bciwego produktu. W H&amp;F wykraczamy poza sam\u0105 sprzeda\u017c \u015brub rzymskich - budujemy partnerstwa. Nasze spersonalizowane podej\u015bcie oznacza, \u017ce b\u0119dziesz wsp\u00f3\u0142pracowa\u0107 z dedykowanym przedstawicielem, kt\u00f3ry rozumie unikalne wyzwania i wymagania Twojego projektu.<\/p>\n<p class=\"whitespace-pre-wrap break-words\">Wiemy, \u017ce terminy budowy s\u0105 napi\u0119te, dlatego usprawnili\u015bmy nasz proces dostawy, aby zapewni\u0107 Ci to, czego potrzebujesz, kiedy tego potrzebujesz. Op\u00f3\u017anienia kosztuj\u0105, a my jeste\u015bmy zobowi\u0105zani do utrzymania projektu na w\u0142a\u015bciwym torze.<\/p>\n<p class=\"whitespace-pre-wrap break-words\">Jako\u015b\u0107 nie jest dla nas tylko modnym has\u0142em - jest wbudowana we wszystko, co robimy. Ka\u017cdy napinacz przechodzi kompleksowe testy, zanim opu\u015bci nasz zak\u0142ad. Zapewniamy szczeg\u00f3\u0142ow\u0105 dokumentacj\u0119 kontroli, dzi\u0119ki czemu mo\u017cna sprawdzi\u0107, czy ka\u017cdy produkt spe\u0142nia lub przekracza standardy bran\u017cowe.<\/p>\n<p class=\"whitespace-pre-wrap break-words\">Niezale\u017cnie od tego, czy potrzebujesz \u015brub rzymskich gi\u0119tych czy p\u0142askich, oferujemy r\u00f3\u017cne rozmiary i konfiguracje, aby dopasowa\u0107 je do konkretnego zastosowania. Nasz zesp\u00f3\u0142 jest zawsze gotowy pom\u00f3c w wyborze odpowiedniej opcji lub opracowaniu niestandardowego rozwi\u0105zania dla unikalnych wyzwa\u0144. Rozumiemy, \u017ce \u017cadne dwa projekty budowlane nie s\u0105 dok\u0142adnie takie same i jeste\u015bmy tutaj, aby zapewni\u0107 \u015bruby rzymskie, kt\u00f3re sprawdz\u0105 si\u0119 w konkretnej sytuacji.<\/p>","protected":false},"excerpt":{"rendered":"<p>Concrete turnbuckles have been a mainstay in the construction industry for quite some time and ensure accuracy in tensioning and alignment during formwork. Most buyers of such turnbuckles consider the aspects of durability, ease of operation, and optimum performance. From H&amp;F, we cater to diverse projects by offering different products: bent plate and flat plate varieties, with assured one-to-one customer service that allows tailoring in terms of products, fast delivery cycles, and complete quality inspection reports, which give assurance at the end.<\/p>","protected":false},"featured_media":9146,"comment_status":"open","ping_status":"closed","template":"","meta":{"site-sidebar-layout":"default","site-content-layout":"","ast-site-content-layout":"default","site-content-style":"default","site-sidebar-style":"default","ast-global-header-display":"","ast-banner-title-visibility":"","ast-main-header-display":"","ast-hfb-above-header-display":"","ast-hfb-below-header-display":"","ast-hfb-mobile-header-display":"","site-post-title":"","ast-breadcrumbs-content":"","ast-featured-img":"","footer-sml-layout":"","theme-transparent-header-meta":"default","adv-header-id-meta":"","stick-header-meta":"default","header-above-stick-meta":"","header-main-stick-meta":"","header-below-stick-meta":"","astra-migrate-meta-layouts":"set","ast-page-background-enabled":"default","ast-page-background-meta":{"desktop":{"background-color":"","background-image":"","background-repeat":"repeat","background-position":"center center","background-size":"auto","background-attachment":"scroll","background-type":"","background-media":"","overlay-type":"","overlay-color":"","overlay-opacity":"","overlay-gradient":""},"tablet":{"background-color":"","background-image":"","background-repeat":"repeat","background-position":"center center","background-size":"auto","background-attachment":"scroll","background-type":"","background-media":"","overlay-type":"","overlay-color":"","overlay-opacity":"","overlay-gradient":""},"mobile":{"background-color":"","background-image":"","background-repeat":"repeat","background-position":"center center","background-size":"auto","background-attachment":"scroll","background-type":"","background-media":"","overlay-type":"","overlay-color":"","overlay-opacity":"","overlay-gradient":""}},"ast-content-background-meta":{"desktop":{"background-color":"var(--ast-global-color-5)","background-image":"","background-repeat":"repeat","background-position":"center center","background-size":"auto","background-attachment":"scroll","background-type":"","background-media":"","overlay-type":"","overlay-color":"","overlay-opacity":"","overlay-gradient":""},"tablet":{"background-color":"var(--ast-global-color-5)","background-image":"","background-repeat":"repeat","background-position":"center center","background-size":"auto","background-attachment":"scroll","background-type":"","background-media":"","overlay-type":"","overlay-color":"","overlay-opacity":"","overlay-gradient":""},"mobile":{"background-color":"var(--ast-global-color-5)","background-image":"","background-repeat":"repeat","background-position":"center center","background-size":"auto","background-attachment":"scroll","background-type":"","background-media":"","overlay-type":"","overlay-color":"","overlay-opacity":"","overlay-gradient":""}}},"product_brand":[],"product_cat":[28],"product_tag":[],"class_list":{"0":"post-8837","1":"product","2":"type-product","3":"status-publish","4":"has-post-thumbnail","6":"product_cat-concrete-forming","7":"desktop-align-left","8":"tablet-align-left","9":"mobile-align-left","10":"ast-product-gallery-layout-horizontal-slider","11":"ast-product-tabs-layout-horizontal","13":"first","14":"instock","15":"shipping-taxable","16":"purchasable","17":"product-type-simple"},"yoast_head":"<!-- This site is optimized with the Yoast SEO plugin v25.2 - https:\/\/yoast.com\/wordpress\/plugins\/seo\/ -->\n<title>Concrete Turnbuckle<\/title>\n<meta name=\"description\" content=\"Concrete turnbuckles have been a mainstay in the construction industry for quite some time and ensure accuracy in tensioning and alignment during formwork.\" \/>\n<meta name=\"robots\" content=\"index, follow, max-snippet:-1, max-image-preview:large, max-video-preview:-1\" \/>\n<link rel=\"canonical\" href=\"https:\/\/qingdaohf.com\/pl\/produkt\/sciagacz-betonowy\/\" \/>\n<meta property=\"og:locale\" content=\"pl_PL\" \/>\n<meta property=\"og:type\" content=\"article\" \/>\n<meta property=\"og:title\" content=\"Concrete Turnbuckle\" \/>\n<meta property=\"og:description\" content=\"Concrete turnbuckles have been a mainstay in the construction industry for quite some time and ensure accuracy in tensioning and alignment during formwork.\" \/>\n<meta property=\"og:url\" content=\"https:\/\/qingdaohf.com\/pl\/produkt\/sciagacz-betonowy\/\" \/>\n<meta property=\"og:site_name\" content=\"Concrete Form &amp; Rigging Hardware Supplier\" \/>\n<meta property=\"article:publisher\" content=\"https:\/\/www.facebook.com\/qingdaohf\" \/>\n<meta property=\"article:modified_time\" content=\"2025-11-13T01:02:20+00:00\" \/>\n<meta property=\"og:image\" content=\"https:\/\/qingdaohf.com\/wp-content\/uploads\/2025\/01\/turnbuckle-form-aligner.jpg\" \/>\n\t<meta property=\"og:image:width\" content=\"1000\" \/>\n\t<meta property=\"og:image:height\" content=\"1000\" \/>\n\t<meta property=\"og:image:type\" content=\"image\/jpeg\" \/>\n<meta name=\"twitter:card\" content=\"summary_large_image\" \/>\n<meta name=\"twitter:label1\" content=\"Szacowany czas czytania\" \/>\n\t<meta name=\"twitter:data1\" content=\"3 minuty\" \/>\n<script type=\"application\/ld+json\" class=\"yoast-schema-graph\">{\"@context\":\"https:\/\/schema.org\",\"@graph\":[{\"@type\":\"WebPage\",\"@id\":\"https:\/\/qingdaohf.com\/product\/concrete-turnbuckle\/\",\"url\":\"https:\/\/qingdaohf.com\/product\/concrete-turnbuckle\/\",\"name\":\"Concrete Turnbuckle\",\"isPartOf\":{\"@id\":\"https:\/\/qingdaohf.com\/bg\/#website\"},\"primaryImageOfPage\":{\"@id\":\"https:\/\/qingdaohf.com\/product\/concrete-turnbuckle\/#primaryimage\"},\"image\":{\"@id\":\"https:\/\/qingdaohf.com\/product\/concrete-turnbuckle\/#primaryimage\"},\"thumbnailUrl\":\"https:\/\/qingdaohf.com\/wp-content\/uploads\/2025\/01\/turnbuckle-form-aligner.jpg\",\"datePublished\":\"2025-01-18T02:11:43+00:00\",\"dateModified\":\"2025-11-13T01:02:20+00:00\",\"description\":\"Concrete turnbuckles have been a mainstay in the construction industry for quite some time and ensure accuracy in tensioning and alignment during formwork.\",\"breadcrumb\":{\"@id\":\"https:\/\/qingdaohf.com\/product\/concrete-turnbuckle\/#breadcrumb\"},\"inLanguage\":\"pl-PL\",\"potentialAction\":[{\"@type\":\"ReadAction\",\"target\":[\"https:\/\/qingdaohf.com\/product\/concrete-turnbuckle\/\"]}]},{\"@type\":\"ImageObject\",\"inLanguage\":\"pl-PL\",\"@id\":\"https:\/\/qingdaohf.com\/product\/concrete-turnbuckle\/#primaryimage\",\"url\":\"https:\/\/qingdaohf.com\/wp-content\/uploads\/2025\/01\/turnbuckle-form-aligner.jpg\",\"contentUrl\":\"https:\/\/qingdaohf.com\/wp-content\/uploads\/2025\/01\/turnbuckle-form-aligner.jpg\",\"width\":1000,\"height\":1000,\"caption\":\"turnbuckle form aligner\"},{\"@type\":\"BreadcrumbList\",\"@id\":\"https:\/\/qingdaohf.com\/product\/concrete-turnbuckle\/#breadcrumb\",\"itemListElement\":[{\"@type\":\"ListItem\",\"position\":1,\"name\":\"Home\",\"item\":\"https:\/\/qingdaohf.com\/\"},{\"@type\":\"ListItem\",\"position\":2,\"name\":\"Concrete Forming Accessories and Rigging Hardware\",\"item\":\"https:\/\/qingdaohf.com\/bg\/?page_id=944\"},{\"@type\":\"ListItem\",\"position\":3,\"name\":\"Concrete Turnbuckle\"}]},{\"@type\":\"WebSite\",\"@id\":\"https:\/\/qingdaohf.com\/bg\/#website\",\"url\":\"https:\/\/qingdaohf.com\/bg\/\",\"name\":\"Concrete Form & Rigging Hardware Supplier\",\"description\":\"\",\"publisher\":{\"@id\":\"https:\/\/qingdaohf.com\/bg\/#organization\"},\"potentialAction\":[{\"@type\":\"SearchAction\",\"target\":{\"@type\":\"EntryPoint\",\"urlTemplate\":\"https:\/\/qingdaohf.com\/bg\/?s={search_term_string}\"},\"query-input\":{\"@type\":\"PropertyValueSpecification\",\"valueRequired\":true,\"valueName\":\"search_term_string\"}}],\"inLanguage\":\"pl-PL\"},{\"@type\":\"Organization\",\"@id\":\"https:\/\/qingdaohf.com\/bg\/#organization\",\"name\":\"Qingdao H&F\",\"url\":\"https:\/\/qingdaohf.com\/bg\/\",\"logo\":{\"@type\":\"ImageObject\",\"inLanguage\":\"pl-PL\",\"@id\":\"https:\/\/qingdaohf.com\/bg\/#\/schema\/logo\/image\/\",\"url\":\"https:\/\/qingdaohf.com\/wp-content\/uploads\/2022\/12\/cropped-HF-LOGO.png\",\"contentUrl\":\"https:\/\/qingdaohf.com\/wp-content\/uploads\/2022\/12\/cropped-HF-LOGO.png\",\"width\":391,\"height\":249,\"caption\":\"Qingdao H&F\"},\"image\":{\"@id\":\"https:\/\/qingdaohf.com\/bg\/#\/schema\/logo\/image\/\"},\"sameAs\":[\"https:\/\/www.facebook.com\/qingdaohf\"]}]}<\/script>\n<!-- \/ Yoast SEO plugin. -->","yoast_head_json":{"title":"Concrete Turnbuckle","description":"Concrete turnbuckles have been a mainstay in the construction industry for quite some time and ensure accuracy in tensioning and alignment during formwork.","robots":{"index":"index","follow":"follow","max-snippet":"max-snippet:-1","max-image-preview":"max-image-preview:large","max-video-preview":"max-video-preview:-1"},"canonical":"https:\/\/qingdaohf.com\/pl\/produkt\/sciagacz-betonowy\/","og_locale":"pl_PL","og_type":"article","og_title":"Concrete Turnbuckle","og_description":"Concrete turnbuckles have been a mainstay in the construction industry for quite some time and ensure accuracy in tensioning and alignment during formwork.","og_url":"https:\/\/qingdaohf.com\/pl\/produkt\/sciagacz-betonowy\/","og_site_name":"Concrete Form &amp; Rigging Hardware Supplier","article_publisher":"https:\/\/www.facebook.com\/qingdaohf","article_modified_time":"2025-11-13T01:02:20+00:00","og_image":[{"width":1000,"height":1000,"url":"https:\/\/qingdaohf.com\/wp-content\/uploads\/2025\/01\/turnbuckle-form-aligner.jpg","type":"image\/jpeg"}],"twitter_card":"summary_large_image","twitter_misc":{"Szacowany czas czytania":"3 minuty"},"schema":{"@context":"https:\/\/schema.org","@graph":[{"@type":"WebPage","@id":"https:\/\/qingdaohf.com\/product\/concrete-turnbuckle\/","url":"https:\/\/qingdaohf.com\/product\/concrete-turnbuckle\/","name":"Concrete Turnbuckle","isPartOf":{"@id":"https:\/\/qingdaohf.com\/bg\/#website"},"primaryImageOfPage":{"@id":"https:\/\/qingdaohf.com\/product\/concrete-turnbuckle\/#primaryimage"},"image":{"@id":"https:\/\/qingdaohf.com\/product\/concrete-turnbuckle\/#primaryimage"},"thumbnailUrl":"https:\/\/qingdaohf.com\/wp-content\/uploads\/2025\/01\/turnbuckle-form-aligner.jpg","datePublished":"2025-01-18T02:11:43+00:00","dateModified":"2025-11-13T01:02:20+00:00","description":"Concrete turnbuckles have been a mainstay in the construction industry for quite some time and ensure accuracy in tensioning and alignment during formwork.","breadcrumb":{"@id":"https:\/\/qingdaohf.com\/product\/concrete-turnbuckle\/#breadcrumb"},"inLanguage":"pl-PL","potentialAction":[{"@type":"ReadAction","target":["https:\/\/qingdaohf.com\/product\/concrete-turnbuckle\/"]}]},{"@type":"ImageObject","inLanguage":"pl-PL","@id":"https:\/\/qingdaohf.com\/product\/concrete-turnbuckle\/#primaryimage","url":"https:\/\/qingdaohf.com\/wp-content\/uploads\/2025\/01\/turnbuckle-form-aligner.jpg","contentUrl":"https:\/\/qingdaohf.com\/wp-content\/uploads\/2025\/01\/turnbuckle-form-aligner.jpg","width":1000,"height":1000,"caption":"turnbuckle form aligner"},{"@type":"BreadcrumbList","@id":"https:\/\/qingdaohf.com\/product\/concrete-turnbuckle\/#breadcrumb","itemListElement":[{"@type":"ListItem","position":1,"name":"Home","item":"https:\/\/qingdaohf.com\/"},{"@type":"ListItem","position":2,"name":"Concrete Forming Accessories and Rigging Hardware","item":"https:\/\/qingdaohf.com\/bg\/?page_id=944"},{"@type":"ListItem","position":3,"name":"Concrete Turnbuckle"}]},{"@type":"WebSite","@id":"https:\/\/qingdaohf.com\/bg\/#website","url":"https:\/\/qingdaohf.com\/bg\/","name":"Concrete Form & Rigging Hardware Supplier","description":"","publisher":{"@id":"https:\/\/qingdaohf.com\/bg\/#organization"},"potentialAction":[{"@type":"SearchAction","target":{"@type":"EntryPoint","urlTemplate":"https:\/\/qingdaohf.com\/bg\/?s={search_term_string}"},"query-input":{"@type":"PropertyValueSpecification","valueRequired":true,"valueName":"search_term_string"}}],"inLanguage":"pl-PL"},{"@type":"Organization","@id":"https:\/\/qingdaohf.com\/bg\/#organization","name":"Qingdao H&F","url":"https:\/\/qingdaohf.com\/bg\/","logo":{"@type":"ImageObject","inLanguage":"pl-PL","@id":"https:\/\/qingdaohf.com\/bg\/#\/schema\/logo\/image\/","url":"https:\/\/qingdaohf.com\/wp-content\/uploads\/2022\/12\/cropped-HF-LOGO.png","contentUrl":"https:\/\/qingdaohf.com\/wp-content\/uploads\/2022\/12\/cropped-HF-LOGO.png","width":391,"height":249,"caption":"Qingdao H&F"},"image":{"@id":"https:\/\/qingdaohf.com\/bg\/#\/schema\/logo\/image\/"},"sameAs":["https:\/\/www.facebook.com\/qingdaohf"]}]}},"_links":{"self":[{"href":"https:\/\/qingdaohf.com\/pl\/wp-json\/wp\/v2\/product\/8837","targetHints":{"allow":["GET"]}}],"collection":[{"href":"https:\/\/qingdaohf.com\/pl\/wp-json\/wp\/v2\/product"}],"about":[{"href":"https:\/\/qingdaohf.com\/pl\/wp-json\/wp\/v2\/types\/product"}],"replies":[{"embeddable":true,"href":"https:\/\/qingdaohf.com\/pl\/wp-json\/wp\/v2\/comments?post=8837"}],"version-history":[{"count":4,"href":"https:\/\/qingdaohf.com\/pl\/wp-json\/wp\/v2\/product\/8837\/revisions"}],"predecessor-version":[{"id":9147,"href":"https:\/\/qingdaohf.com\/pl\/wp-json\/wp\/v2\/product\/8837\/revisions\/9147"}],"wp:featuredmedia":[{"embeddable":true,"href":"https:\/\/qingdaohf.com\/pl\/wp-json\/wp\/v2\/media\/9146"}],"wp:attachment":[{"href":"https:\/\/qingdaohf.com\/pl\/wp-json\/wp\/v2\/media?parent=8837"}],"wp:term":[{"taxonomy":"product_brand","embeddable":true,"href":"https:\/\/qingdaohf.com\/pl\/wp-json\/wp\/v2\/product_brand?post=8837"},{"taxonomy":"product_cat","embeddable":true,"href":"https:\/\/qingdaohf.com\/pl\/wp-json\/wp\/v2\/product_cat?post=8837"},{"taxonomy":"product_tag","embeddable":true,"href":"https:\/\/qingdaohf.com\/pl\/wp-json\/wp\/v2\/product_tag?post=8837"}],"curies":[{"name":"wp","href":"https:\/\/api.w.org\/{rel}","templated":true}]}}