{"id":8858,"date":"2025-01-21T15:05:09","date_gmt":"2025-01-21T07:05:09","guid":{"rendered":"http:\/\/qingdaohf.com\/?post_type=product&#038;p=8858"},"modified":"2025-11-13T09:02:20","modified_gmt":"2025-11-13T01:02:20","slug":"anchor-bolt-concrete","status":"publish","type":"product","link":"https:\/\/qingdaohf.com\/pl\/produkt\/sruba-kotwiaca-do-betonu\/","title":{"rendered":"\u015aruba kotwi\u0105ca do betonu"},"content":{"rendered":"<h2 class=\"whitespace-pre-wrap break-words\">Zrozumienie zastosowa\u0144 \u015brub kotwi\u0105cych w betonie<\/h2>\n<p class=\"whitespace-pre-wrap break-words\">\u015aruby kotwi\u0105ce, znane r\u00f3wnie\u017c jako \u015bruby fundamentowe lub \u015bruby L, s\u0142u\u017c\u0105 jako podstawa stabilno\u015bci strukturalnej w r\u00f3\u017cnych zastosowaniach budowlanych. Wejd\u017a na dowolny du\u017cy plac budowy, a zauwa\u017cysz je przytrzymuj\u0105ce stalowe kolumny, kotwicz\u0105ce ci\u0119\u017ckie maszyny lub mocuj\u0105ce ramy konstrukcyjne do betonowych fundament\u00f3w. To nie s\u0105 zwyk\u0142e elementy z\u0142\u0105czne - to krytyczne komponenty, kt\u00f3re zapewniaj\u0105 wytrzyma\u0142o\u015b\u0107 i niezawodno\u015b\u0107, kt\u00f3rych in\u017cynierowie i wykonawcy wymagaj\u0105 w terenie. Zapoznanie si\u0119 z tym, jak te \u015bruby wsp\u00f3\u0142pracuj\u0105 z betonem, jest nie tylko pomocne - jest niezb\u0119dne do wyboru odpowiedniego typu i upewnienia si\u0119, \u017ce b\u0119d\u0105 dzia\u0142a\u0107 przez d\u0142ugi czas.<\/p>\n<p><img fetchpriority=\"high\" decoding=\"async\" class=\"alignnone wp-image-9149 size-large\" src=\"http:\/\/qingdaohf.com\/wp-content\/uploads\/2025\/03\/foundation-bolt-1-1024x768.webp\" alt=\"\u015bruba fundamentowa\" width=\"1024\" height=\"768\" srcset=\"https:\/\/qingdaohf.com\/wp-content\/uploads\/2025\/03\/foundation-bolt-1-1024x768.webp 1024w, https:\/\/qingdaohf.com\/wp-content\/uploads\/2025\/03\/foundation-bolt-1-300x225.webp 300w, https:\/\/qingdaohf.com\/wp-content\/uploads\/2025\/03\/foundation-bolt-1-768x576.webp 768w, https:\/\/qingdaohf.com\/wp-content\/uploads\/2025\/03\/foundation-bolt-1-16x12.webp 16w, https:\/\/qingdaohf.com\/wp-content\/uploads\/2025\/03\/foundation-bolt-1-1000x750.webp 1000w, https:\/\/qingdaohf.com\/wp-content\/uploads\/2025\/03\/foundation-bolt-1.webp 1200w\" sizes=\"(max-width: 1024px) 100vw, 1024px\" \/><\/p>\n<p class=\"whitespace-pre-wrap break-words\">Wystarczy spojrze\u0107 na dowolny betonowy element kotwi\u0105cy, aby przekona\u0107 si\u0119, \u017ce jest on wytrzyma\u0142y od samego pocz\u0105tku. Zosta\u0142y one zaprojektowane nie tylko do utrzymywania element\u00f3w w miejscu - s\u0105 zaprojektowane tak, aby radzi\u0107 sobie z powa\u017cnymi poziomami napr\u0119\u017ce\u0144 i brutalnymi warunkami \u015brodowiskowymi, jednocze\u015bnie r\u00f3wnomiernie rozk\u0142adaj\u0105c obci\u0105\u017cenia, aby wyeliminowa\u0107 s\u0142abe punkty. Kiedy do\u015bwiadczeni in\u017cynierowie wybieraj\u0105 \u015bruby fundamentowe i \u015bruby L, zwracaj\u0105 uwag\u0119 na trzy g\u0142\u00f3wne elementy: wytrzyma\u0142o\u015b\u0107 na rozci\u0105ganie, odporno\u015b\u0107 na rdz\u0119 i mo\u017cliwo\u015b\u0107 precyzyjnego monta\u017cu. Zbudowali\u015bmy nasz proces produkcyjny wok\u00f3\u0142 tych w\u0142a\u015bnie wymaga\u0144, upewniaj\u0105c si\u0119, \u017ce nasze produkty poradz\u0105 sobie z ka\u017cdym projektem.<\/p>\n<p><strong>Pow\u0142oka\/Materia\u0142:<\/strong> Stal ocynkowana ogniowo lub niepowlekana<\/p>\n<h3>Rozmiar \u015brub fundamentowych:<\/h3>\n\n<table id=\"tablepress-2\" class=\"tablepress tablepress-id-2\">\n<thead>\n<tr class=\"row-1\">\n\t<th class=\"column-1\">\u015arednica (cale)<\/th><th class=\"column-2\">D\u0142ugo\u015b\u0107 (cale)<\/th>\n<\/tr>\n<\/thead>\n<tbody class=\"row-striping row-hover\">\n<tr class=\"row-2\">\n\t<td class=\"column-1\">1\/2\u2033<\/td><td class=\"column-2\">6\u2033<\/td>\n<\/tr>\n<tr class=\"row-3\">\n\t<td class=\"column-1\">1\/2\u2033<\/td><td class=\"column-2\">8\u2033<\/td>\n<\/tr>\n<tr class=\"row-4\">\n\t<td class=\"column-1\">1\/2\u2033<\/td><td class=\"column-2\">10\u2033<\/td>\n<\/tr>\n<tr class=\"row-5\">\n\t<td class=\"column-1\">1\/2\u2033<\/td><td class=\"column-2\">12\u2033<\/td>\n<\/tr>\n<tr class=\"row-6\">\n\t<td class=\"column-1\">1\/2\u2033<\/td><td class=\"column-2\">14\u2033<\/td>\n<\/tr>\n<tr class=\"row-7\">\n\t<td class=\"column-1\">1\/2\u2033<\/td><td class=\"column-2\">16\u2033<\/td>\n<\/tr>\n<tr class=\"row-8\">\n\t<td class=\"column-1\">1\/2\u2033<\/td><td class=\"column-2\">18\u2033<\/td>\n<\/tr>\n<tr class=\"row-9\">\n\t<td class=\"column-1\">5\/8\u2033<\/td><td class=\"column-2\">6\u2033<\/td>\n<\/tr>\n<tr class=\"row-10\">\n\t<td class=\"column-1\">5\/8\u2033<\/td><td class=\"column-2\">8\u2033<\/td>\n<\/tr>\n<tr class=\"row-11\">\n\t<td class=\"column-1\">5\/8\u2033<\/td><td class=\"column-2\">10\u2033<\/td>\n<\/tr>\n<tr class=\"row-12\">\n\t<td class=\"column-1\">5\/8\u2033<\/td><td class=\"column-2\">12\u2033<\/td>\n<\/tr>\n<tr class=\"row-13\">\n\t<td class=\"column-1\">5\/8\u2033<\/td><td class=\"column-2\">14\u2033<\/td>\n<\/tr>\n<tr class=\"row-14\">\n\t<td class=\"column-1\">5\/8\u2033<\/td><td class=\"column-2\">16\u2033<\/td>\n<\/tr>\n<tr class=\"row-15\">\n\t<td class=\"column-1\">5\/8\u2033<\/td><td class=\"column-2\">18\u2033<\/td>\n<\/tr>\n<tr class=\"row-16\">\n\t<td class=\"column-1\">3\/4\u2033<\/td><td class=\"column-2\">6\u2033<\/td>\n<\/tr>\n<tr class=\"row-17\">\n\t<td class=\"column-1\">3\/4\u2033<\/td><td class=\"column-2\">8\u2033<\/td>\n<\/tr>\n<tr class=\"row-18\">\n\t<td class=\"column-1\">3\/4\u2033<\/td><td class=\"column-2\">10\u2033<\/td>\n<\/tr>\n<tr class=\"row-19\">\n\t<td class=\"column-1\">3\/4\u2033<\/td><td class=\"column-2\">12\u2033<\/td>\n<\/tr>\n<tr class=\"row-20\">\n\t<td class=\"column-1\">3\/4\u2033<\/td><td class=\"column-2\">14\u2033<\/td>\n<\/tr>\n<tr class=\"row-21\">\n\t<td class=\"column-1\">3\/4\u2033<\/td><td class=\"column-2\">16\u2033<\/td>\n<\/tr>\n<tr class=\"row-22\">\n\t<td class=\"column-1\">3\/4\u2033<\/td><td class=\"column-2\">18\u2033<\/td>\n<\/tr>\n<\/tbody>\n<\/table>\n<!-- #tablepress-2 from cache -->\n<h2 class=\"whitespace-pre-wrap break-words\">Kluczowe czynniki przy wyborze \u015brub fundamentowych<\/h2>\n<p class=\"whitespace-pre-wrap break-words\">Wyb\u00f3r materia\u0142u mo\u017ce zadecydowa\u0107 o wyborze \u015brub fundamentowych i \u015brub L. Masz do wyboru: stopy stali o wysokiej wytrzyma\u0142o\u015bci, gdy potrzebujesz surowej mocy, galwanizowane pow\u0142oki dla dodatkowej ochrony lub stal nierdzewn\u0105, gdy \u015brodowisko jest szczeg\u00f3lnie trudne. Masz projekt, kt\u00f3ry wystawi te \u015bruby na dzia\u0142anie wilgoci, chemikali\u00f3w lub ekstremalnych temperatur? Mamy specjalistyczne materia\u0142y dla ka\u017cdego scenariusza. Ka\u017cda \u015bruba przechodzi rygorystyczne testy kontroli jako\u015bci, poparte szczeg\u00f3\u0142owymi raportami z inspekcji, kt\u00f3re daj\u0105 prawdziw\u0105 pewno\u015b\u0107 co do tego, co kupujesz.<\/p>\n<p class=\"whitespace-pre-wrap break-words\">Precyzja monta\u017cu jest nie tylko zalecana - ma kluczowe znaczenie dla uzyskania maksymalnej wydajno\u015bci \u015brub fundamentowych i \u015brub L. Musisz dok\u0142adnie dobra\u0107 g\u0142\u0119boko\u015b\u0107 osadzenia, osi\u0105gn\u0105\u0107 dok\u0142adny moment dokr\u0119cenia i uzyska\u0107 prawid\u0142owe wyr\u00f3wnanie. Te szczeg\u00f3\u0142y maj\u0105 bezpo\u015bredni wp\u0142yw na to, jak dobrze konstrukcja trzyma si\u0119 razem. Dlatego zesp\u00f3\u0142 techniczny H&amp;F jest zawsze gotowy, aby poprowadzi\u0107 Ci\u0119 przez najlepsze praktyki, upewniaj\u0105c si\u0119, \u017ce Twoja instalacja nie tylko spe\u0142nia standardy bran\u017cowe, ale je przewy\u017csza. Jeste\u015bmy tutaj, aby pom\u00f3c Ci zrobi\u0107 to dobrze za pierwszym razem.<\/p>\n<div class=\"ast-oembed-container\" style=\"height: 100%;\"><iframe title=\"\u015aruba fundamentowa\" width=\"500\" height=\"281\" src=\"https:\/\/www.youtube.com\/embed\/3M-AW45tVRI?feature=oembed\" frameborder=\"0\" allow=\"accelerometer; autoplay; clipboard-write; encrypted-media; gyroscope; picture-in-picture; web-share\" referrerpolicy=\"strict-origin-when-cross-origin\" allowfullscreen><\/iframe><\/div>\n<h2 class=\"whitespace-pre-wrap break-words\">Dlaczego warto wybra\u0107 H&amp;F dla swoich potrzeb zwi\u0105zanych ze \u015brubami L?<\/h2>\n<p class=\"whitespace-pre-wrap break-words\">Czasami standard po prostu nie wystarcza - wtedy pojawia si\u0119 mo\u017cliwo\u015b\u0107 dostosowania. R\u00f3\u017cne zadania wymagaj\u0105 r\u00f3\u017cnych \u015brednic \u015brub, typ\u00f3w gwint\u00f3w i d\u0142ugo\u015bci. Nasza gama produkt\u00f3w jest na tyle szeroka, \u017ce znajdziesz dok\u0142adnie to, czego potrzebujesz, bez konieczno\u015bci modyfikowania czegokolwiek na miejscu. Niezale\u017cnie od tego, czy potrzebujesz podstawowych \u015brub L do standardowych prac, czy niestandardowych rozwi\u0105za\u0144 do unikalnych wyzwa\u0144, nasz zesp\u00f3\u0142 wie, jak dobra\u0107 odpowiedni sprz\u0119t.<\/p>\n<p class=\"whitespace-pre-wrap break-words\">Czas to pieni\u0105dz w projektach budowlanych, a czekanie na cz\u0119\u015bci mo\u017ce zrujnowa\u0107 harmonogram i bud\u017cet. W\u0142a\u015bnie dlatego mamy obsesj\u0119 na punkcie usprawnienia naszego \u0142a\u0144cucha dostaw. Pozbyli\u015bmy si\u0119 biurokracji i usprawnili\u015bmy nasz\u0105 logistyk\u0119, aby dostarczy\u0107 Ci to, czego potrzebujesz, kiedy tego potrzebujesz, utrzymuj\u0105c Tw\u00f3j projekt w ruchu bez kosztownych op\u00f3\u017anie\u0144.<\/p>\n<p class=\"whitespace-pre-wrap break-words\">Jako\u015b\u0107 nie jest tutaj tylko modnym has\u0142em - jest wbudowana we wszystko, co robimy. Ka\u017cda partia \u015brub fundamentowych i \u015brub L jest dok\u0142adnie testowana zgodnie z mi\u0119dzynarodowymi standardami. Od kontroli sk\u0142adu materia\u0142u po testy obci\u0105\u017ceniowe, dokumentujemy wszystko w szczeg\u00f3\u0142owych raportach z inspekcji. Ta obsesja na punkcie jako\u015bci sprawi\u0142a, \u017ce stali\u015bmy si\u0119 partnerem dla powa\u017cnych wykonawc\u00f3w i in\u017cynier\u00f3w.<\/p>\n<p class=\"whitespace-pre-wrap break-words\">Budowa nie zwalnia tempa, podobnie jak zapotrzebowanie na niezawodne rozwi\u0105zania kotwi\u0105ce. Niezale\u017cnie od tego, czy budujesz konstrukcje, infrastruktur\u0119 czy instalacje przemys\u0142owe, potrzebujesz \u015brub fundamentowych i \u015brub L, kt\u00f3re Ci\u0119 nie zawiod\u0105. W H&amp;F nie tylko sprzedajemy sprz\u0119t - zapewniamy pewno\u015b\u0107 siebie, aby budowa\u0107 odwa\u017cnie i dobrze.<\/p>","protected":false},"excerpt":{"rendered":"<p>\u015aruby kotwi\u0105ce do betonu, znane r\u00f3wnie\u017c jako \u015bruby fundamentowe lub \u015bruby L, stanowi\u0105 podstawowe mocowanie konstrukcji do powierzchni betonowych. Tego typu produkty stanowi\u0105 g\u0142\u00f3wne wyzwanie dla klient\u00f3w, bior\u0105c pod uwag\u0119 ich trwa\u0142o\u015b\u0107, no\u015bno\u015b\u0107 i odporno\u015b\u0107 na warunki \u015brodowiskowe. W H&amp;F rozumiemy te wymagania i dostarczamy \u015bruby fundamentowe i \u015bruby L, kt\u00f3re zosta\u0142y sprawdzone pod k\u0105tem zapewnienia jako\u015bci i zgodno\u015bci z normami bran\u017cowymi. Nasza indywidualna obs\u0142uga klienta zapewnia osobiste podej\u015bcie do procesu zakupu, a wydajna logistyka gwarantuje szybkie cykle dostaw dopasowane do harmonogramu projektu.<\/p>","protected":false},"featured_media":7000,"comment_status":"open","ping_status":"closed","template":"","meta":{"site-sidebar-layout":"default","site-content-layout":"","ast-site-content-layout":"default","site-content-style":"default","site-sidebar-style":"default","ast-global-header-display":"","ast-banner-title-visibility":"","ast-main-header-display":"","ast-hfb-above-header-display":"","ast-hfb-below-header-display":"","ast-hfb-mobile-header-display":"","site-post-title":"","ast-breadcrumbs-content":"","ast-featured-img":"","footer-sml-layout":"","theme-transparent-header-meta":"default","adv-header-id-meta":"","stick-header-meta":"default","header-above-stick-meta":"","header-main-stick-meta":"","header-below-stick-meta":"","astra-migrate-meta-layouts":"set","ast-page-background-enabled":"default","ast-page-background-meta":{"desktop":{"background-color":"","background-image":"","background-repeat":"repeat","background-position":"center center","background-size":"auto","background-attachment":"scroll","background-type":"","background-media":"","overlay-type":"","overlay-color":"","overlay-opacity":"","overlay-gradient":""},"tablet":{"background-color":"","background-image":"","background-repeat":"repeat","background-position":"center center","background-size":"auto","background-attachment":"scroll","background-type":"","background-media":"","overlay-type":"","overlay-color":"","overlay-opacity":"","overlay-gradient":""},"mobile":{"background-color":"","background-image":"","background-repeat":"repeat","background-position":"center center","background-size":"auto","background-attachment":"scroll","background-type":"","background-media":"","overlay-type":"","overlay-color":"","overlay-opacity":"","overlay-gradient":""}},"ast-content-background-meta":{"desktop":{"background-color":"var(--ast-global-color-5)","background-image":"","background-repeat":"repeat","background-position":"center center","background-size":"auto","background-attachment":"scroll","background-type":"","background-media":"","overlay-type":"","overlay-color":"","overlay-opacity":"","overlay-gradient":""},"tablet":{"background-color":"var(--ast-global-color-5)","background-image":"","background-repeat":"repeat","background-position":"center center","background-size":"auto","background-attachment":"scroll","background-type":"","background-media":"","overlay-type":"","overlay-color":"","overlay-opacity":"","overlay-gradient":""},"mobile":{"background-color":"var(--ast-global-color-5)","background-image":"","background-repeat":"repeat","background-position":"center center","background-size":"auto","background-attachment":"scroll","background-type":"","background-media":"","overlay-type":"","overlay-color":"","overlay-opacity":"","overlay-gradient":""}}},"product_brand":[],"product_cat":[28],"product_tag":[],"class_list":{"0":"post-8858","1":"product","2":"type-product","3":"status-publish","4":"has-post-thumbnail","6":"product_cat-concrete-forming","7":"desktop-align-left","8":"tablet-align-left","9":"mobile-align-left","10":"ast-product-gallery-layout-horizontal-slider","11":"ast-product-tabs-layout-horizontal","13":"first","14":"instock","15":"shipping-taxable","16":"purchasable","17":"product-type-simple"},"yoast_head":"<!-- This site is optimized with the Yoast SEO plugin v25.2 - https:\/\/yoast.com\/wordpress\/plugins\/seo\/ -->\n<title>Anchor Bolt Concrete<\/title>\n<meta name=\"description\" content=\"Anchor bolt concrete solutions, also known as foundation bolts or L bolts, are the fundamental fastening of a structure to concrete surfaces.\" \/>\n<meta name=\"robots\" content=\"index, follow, max-snippet:-1, max-image-preview:large, max-video-preview:-1\" \/>\n<link rel=\"canonical\" href=\"https:\/\/qingdaohf.com\/pl\/produkt\/sruba-kotwiaca-do-betonu\/\" \/>\n<meta property=\"og:locale\" content=\"pl_PL\" \/>\n<meta property=\"og:type\" content=\"article\" \/>\n<meta property=\"og:title\" content=\"Anchor Bolt Concrete\" \/>\n<meta property=\"og:description\" content=\"Anchor bolt concrete solutions, also known as foundation bolts or L bolts, are the fundamental fastening of a structure to concrete surfaces.\" \/>\n<meta property=\"og:url\" content=\"https:\/\/qingdaohf.com\/pl\/produkt\/sruba-kotwiaca-do-betonu\/\" \/>\n<meta property=\"og:site_name\" content=\"Concrete Form &amp; Rigging Hardware Supplier\" \/>\n<meta property=\"article:publisher\" content=\"https:\/\/www.facebook.com\/qingdaohf\" \/>\n<meta property=\"article:modified_time\" content=\"2025-11-13T01:02:20+00:00\" \/>\n<meta property=\"og:image\" content=\"https:\/\/qingdaohf.com\/wp-content\/uploads\/2024\/05\/J-bolt-6.jpg\" \/>\n\t<meta property=\"og:image:width\" content=\"1000\" \/>\n\t<meta property=\"og:image:height\" content=\"1000\" \/>\n\t<meta property=\"og:image:type\" content=\"image\/jpeg\" \/>\n<meta name=\"twitter:card\" content=\"summary_large_image\" \/>\n<meta name=\"twitter:label1\" content=\"Szacowany czas czytania\" \/>\n\t<meta name=\"twitter:data1\" content=\"4 minuty\" \/>\n<script type=\"application\/ld+json\" class=\"yoast-schema-graph\">{\"@context\":\"https:\/\/schema.org\",\"@graph\":[{\"@type\":\"WebPage\",\"@id\":\"https:\/\/qingdaohf.com\/product\/anchor-bolt-concrete\/\",\"url\":\"https:\/\/qingdaohf.com\/product\/anchor-bolt-concrete\/\",\"name\":\"Anchor Bolt Concrete\",\"isPartOf\":{\"@id\":\"https:\/\/qingdaohf.com\/bg\/#website\"},\"primaryImageOfPage\":{\"@id\":\"https:\/\/qingdaohf.com\/product\/anchor-bolt-concrete\/#primaryimage\"},\"image\":{\"@id\":\"https:\/\/qingdaohf.com\/product\/anchor-bolt-concrete\/#primaryimage\"},\"thumbnailUrl\":\"https:\/\/qingdaohf.com\/wp-content\/uploads\/2024\/05\/J-bolt-6.jpg\",\"datePublished\":\"2025-01-21T07:05:09+00:00\",\"dateModified\":\"2025-11-13T01:02:20+00:00\",\"description\":\"Anchor bolt concrete solutions, also known as foundation bolts or L bolts, are the fundamental fastening of a structure to concrete surfaces.\",\"breadcrumb\":{\"@id\":\"https:\/\/qingdaohf.com\/product\/anchor-bolt-concrete\/#breadcrumb\"},\"inLanguage\":\"pl-PL\",\"potentialAction\":[{\"@type\":\"ReadAction\",\"target\":[\"https:\/\/qingdaohf.com\/product\/anchor-bolt-concrete\/\"]}]},{\"@type\":\"ImageObject\",\"inLanguage\":\"pl-PL\",\"@id\":\"https:\/\/qingdaohf.com\/product\/anchor-bolt-concrete\/#primaryimage\",\"url\":\"https:\/\/qingdaohf.com\/wp-content\/uploads\/2024\/05\/J-bolt-6.jpg\",\"contentUrl\":\"https:\/\/qingdaohf.com\/wp-content\/uploads\/2024\/05\/J-bolt-6.jpg\",\"width\":1000,\"height\":1000},{\"@type\":\"BreadcrumbList\",\"@id\":\"https:\/\/qingdaohf.com\/product\/anchor-bolt-concrete\/#breadcrumb\",\"itemListElement\":[{\"@type\":\"ListItem\",\"position\":1,\"name\":\"Home\",\"item\":\"https:\/\/qingdaohf.com\/\"},{\"@type\":\"ListItem\",\"position\":2,\"name\":\"Concrete Forming Accessories and Rigging Hardware\",\"item\":\"https:\/\/qingdaohf.com\/bg\/?page_id=944\"},{\"@type\":\"ListItem\",\"position\":3,\"name\":\"Anchor Bolt Concrete\"}]},{\"@type\":\"WebSite\",\"@id\":\"https:\/\/qingdaohf.com\/bg\/#website\",\"url\":\"https:\/\/qingdaohf.com\/bg\/\",\"name\":\"Concrete Form & Rigging Hardware Supplier\",\"description\":\"\",\"publisher\":{\"@id\":\"https:\/\/qingdaohf.com\/bg\/#organization\"},\"potentialAction\":[{\"@type\":\"SearchAction\",\"target\":{\"@type\":\"EntryPoint\",\"urlTemplate\":\"https:\/\/qingdaohf.com\/bg\/?s={search_term_string}\"},\"query-input\":{\"@type\":\"PropertyValueSpecification\",\"valueRequired\":true,\"valueName\":\"search_term_string\"}}],\"inLanguage\":\"pl-PL\"},{\"@type\":\"Organization\",\"@id\":\"https:\/\/qingdaohf.com\/bg\/#organization\",\"name\":\"Qingdao H&F\",\"url\":\"https:\/\/qingdaohf.com\/bg\/\",\"logo\":{\"@type\":\"ImageObject\",\"inLanguage\":\"pl-PL\",\"@id\":\"https:\/\/qingdaohf.com\/bg\/#\/schema\/logo\/image\/\",\"url\":\"https:\/\/qingdaohf.com\/wp-content\/uploads\/2022\/12\/cropped-HF-LOGO.png\",\"contentUrl\":\"https:\/\/qingdaohf.com\/wp-content\/uploads\/2022\/12\/cropped-HF-LOGO.png\",\"width\":391,\"height\":249,\"caption\":\"Qingdao H&F\"},\"image\":{\"@id\":\"https:\/\/qingdaohf.com\/bg\/#\/schema\/logo\/image\/\"},\"sameAs\":[\"https:\/\/www.facebook.com\/qingdaohf\"]}]}<\/script>\n<!-- \/ Yoast SEO plugin. -->","yoast_head_json":{"title":"Anchor Bolt Concrete","description":"Anchor bolt concrete solutions, also known as foundation bolts or L bolts, are the fundamental fastening of a structure to concrete surfaces.","robots":{"index":"index","follow":"follow","max-snippet":"max-snippet:-1","max-image-preview":"max-image-preview:large","max-video-preview":"max-video-preview:-1"},"canonical":"https:\/\/qingdaohf.com\/pl\/produkt\/sruba-kotwiaca-do-betonu\/","og_locale":"pl_PL","og_type":"article","og_title":"Anchor Bolt Concrete","og_description":"Anchor bolt concrete solutions, also known as foundation bolts or L bolts, are the fundamental fastening of a structure to concrete surfaces.","og_url":"https:\/\/qingdaohf.com\/pl\/produkt\/sruba-kotwiaca-do-betonu\/","og_site_name":"Concrete Form &amp; Rigging Hardware Supplier","article_publisher":"https:\/\/www.facebook.com\/qingdaohf","article_modified_time":"2025-11-13T01:02:20+00:00","og_image":[{"width":1000,"height":1000,"url":"https:\/\/qingdaohf.com\/wp-content\/uploads\/2024\/05\/J-bolt-6.jpg","type":"image\/jpeg"}],"twitter_card":"summary_large_image","twitter_misc":{"Szacowany czas czytania":"4 minuty"},"schema":{"@context":"https:\/\/schema.org","@graph":[{"@type":"WebPage","@id":"https:\/\/qingdaohf.com\/product\/anchor-bolt-concrete\/","url":"https:\/\/qingdaohf.com\/product\/anchor-bolt-concrete\/","name":"Anchor Bolt Concrete","isPartOf":{"@id":"https:\/\/qingdaohf.com\/bg\/#website"},"primaryImageOfPage":{"@id":"https:\/\/qingdaohf.com\/product\/anchor-bolt-concrete\/#primaryimage"},"image":{"@id":"https:\/\/qingdaohf.com\/product\/anchor-bolt-concrete\/#primaryimage"},"thumbnailUrl":"https:\/\/qingdaohf.com\/wp-content\/uploads\/2024\/05\/J-bolt-6.jpg","datePublished":"2025-01-21T07:05:09+00:00","dateModified":"2025-11-13T01:02:20+00:00","description":"Anchor bolt concrete solutions, also known as foundation bolts or L bolts, are the fundamental fastening of a structure to concrete surfaces.","breadcrumb":{"@id":"https:\/\/qingdaohf.com\/product\/anchor-bolt-concrete\/#breadcrumb"},"inLanguage":"pl-PL","potentialAction":[{"@type":"ReadAction","target":["https:\/\/qingdaohf.com\/product\/anchor-bolt-concrete\/"]}]},{"@type":"ImageObject","inLanguage":"pl-PL","@id":"https:\/\/qingdaohf.com\/product\/anchor-bolt-concrete\/#primaryimage","url":"https:\/\/qingdaohf.com\/wp-content\/uploads\/2024\/05\/J-bolt-6.jpg","contentUrl":"https:\/\/qingdaohf.com\/wp-content\/uploads\/2024\/05\/J-bolt-6.jpg","width":1000,"height":1000},{"@type":"BreadcrumbList","@id":"https:\/\/qingdaohf.com\/product\/anchor-bolt-concrete\/#breadcrumb","itemListElement":[{"@type":"ListItem","position":1,"name":"Home","item":"https:\/\/qingdaohf.com\/"},{"@type":"ListItem","position":2,"name":"Concrete Forming Accessories and Rigging Hardware","item":"https:\/\/qingdaohf.com\/bg\/?page_id=944"},{"@type":"ListItem","position":3,"name":"Anchor Bolt Concrete"}]},{"@type":"WebSite","@id":"https:\/\/qingdaohf.com\/bg\/#website","url":"https:\/\/qingdaohf.com\/bg\/","name":"Concrete Form & Rigging Hardware Supplier","description":"","publisher":{"@id":"https:\/\/qingdaohf.com\/bg\/#organization"},"potentialAction":[{"@type":"SearchAction","target":{"@type":"EntryPoint","urlTemplate":"https:\/\/qingdaohf.com\/bg\/?s={search_term_string}"},"query-input":{"@type":"PropertyValueSpecification","valueRequired":true,"valueName":"search_term_string"}}],"inLanguage":"pl-PL"},{"@type":"Organization","@id":"https:\/\/qingdaohf.com\/bg\/#organization","name":"Qingdao H&F","url":"https:\/\/qingdaohf.com\/bg\/","logo":{"@type":"ImageObject","inLanguage":"pl-PL","@id":"https:\/\/qingdaohf.com\/bg\/#\/schema\/logo\/image\/","url":"https:\/\/qingdaohf.com\/wp-content\/uploads\/2022\/12\/cropped-HF-LOGO.png","contentUrl":"https:\/\/qingdaohf.com\/wp-content\/uploads\/2022\/12\/cropped-HF-LOGO.png","width":391,"height":249,"caption":"Qingdao H&F"},"image":{"@id":"https:\/\/qingdaohf.com\/bg\/#\/schema\/logo\/image\/"},"sameAs":["https:\/\/www.facebook.com\/qingdaohf"]}]}},"_links":{"self":[{"href":"https:\/\/qingdaohf.com\/pl\/wp-json\/wp\/v2\/product\/8858","targetHints":{"allow":["GET"]}}],"collection":[{"href":"https:\/\/qingdaohf.com\/pl\/wp-json\/wp\/v2\/product"}],"about":[{"href":"https:\/\/qingdaohf.com\/pl\/wp-json\/wp\/v2\/types\/product"}],"replies":[{"embeddable":true,"href":"https:\/\/qingdaohf.com\/pl\/wp-json\/wp\/v2\/comments?post=8858"}],"version-history":[{"count":9,"href":"https:\/\/qingdaohf.com\/pl\/wp-json\/wp\/v2\/product\/8858\/revisions"}],"predecessor-version":[{"id":8862,"href":"https:\/\/qingdaohf.com\/pl\/wp-json\/wp\/v2\/product\/8858\/revisions\/8862"}],"wp:featuredmedia":[{"embeddable":true,"href":"https:\/\/qingdaohf.com\/pl\/wp-json\/wp\/v2\/media\/7000"}],"wp:attachment":[{"href":"https:\/\/qingdaohf.com\/pl\/wp-json\/wp\/v2\/media?parent=8858"}],"wp:term":[{"taxonomy":"product_brand","embeddable":true,"href":"https:\/\/qingdaohf.com\/pl\/wp-json\/wp\/v2\/product_brand?post=8858"},{"taxonomy":"product_cat","embeddable":true,"href":"https:\/\/qingdaohf.com\/pl\/wp-json\/wp\/v2\/product_cat?post=8858"},{"taxonomy":"product_tag","embeddable":true,"href":"https:\/\/qingdaohf.com\/pl\/wp-json\/wp\/v2\/product_tag?post=8858"}],"curies":[{"name":"wp","href":"https:\/\/api.w.org\/{rel}","templated":true}]}}