{"id":1664,"date":"2023-01-11T17:57:31","date_gmt":"2023-01-11T09:57:31","guid":{"rendered":"http:\/\/qingdaohf.com\/?post_type=product&#038;p=1664"},"modified":"2025-11-13T09:06:58","modified_gmt":"2025-11-13T01:06:58","slug":"coil-nails","status":"publish","type":"product","link":"https:\/\/qingdaohf.com\/pt\/produto\/pregos-em-espiral\/","title":{"rendered":"Pregos para telhado em bobina galvanizada de cabe\u00e7a redonda"},"content":{"rendered":"<table class=\"all magic-5\">\n<tbody>\n<tr>\n<td colspan=\"2\" rowspan=\"1\">\n<div class=\"magic-6\"><span class=\"magic-7\"><b class=\"magic-8\" data-spm-anchor-id=\"a2700.pc-decorate.0.i105.54f63333wFyEq8\">Nome do produto<\/b><\/span><\/div>\n<\/td>\n<td colspan=\"3\" rowspan=\"1\">\n<div class=\"magic-11\"><span class=\"magic-7\">Prego para telhado em bobina CRN<\/span><\/div>\n<\/td>\n<\/tr>\n<tr>\n<td colspan=\"2\" rowspan=\"1\">\n<div class=\"magic-14\"><span class=\"magic-7\"><b data-spm-anchor-id=\"a2700.pc-decorate.0.i126.5c413333tS4c02\">Comprimento<\/b><\/span><\/div>\n<\/td>\n<td colspan=\"3\" rowspan=\"1\">\n<div class=\"magic-16\"><span class=\"magic-7\">3\/4\u2033 a 2\u2033<\/span><\/div>\n<\/td>\n<\/tr>\n<tr>\n<td colspan=\"2\" rowspan=\"1\">\n<div class=\"magic-14\"><span class=\"magic-7\"><b>Di\u00e2metro da haste<\/b><\/span><\/div>\n<\/td>\n<td colspan=\"3\" rowspan=\"1\">\n<div class=\"magic-16\"><span class=\"magic-7\">2,95 mm-3,05 mm 0,12<\/span><\/div>\n<\/td>\n<\/tr>\n<tr>\n<td colspan=\"2\" rowspan=\"1\">\n<div class=\"magic-6\"><span class=\"magic-7\"><b data-spm-anchor-id=\"a2700.pc-decorate.0.i130.5c413333tS4c02\">Material\u00a0<\/b><\/span><\/div>\n<\/td>\n<td colspan=\"3\" rowspan=\"1\">\n<div class=\"magic-11\"><span class=\"magic-7\">Fio-m\u00e1quina de a\u00e7o Q195<\/span><\/div>\n<\/td>\n<\/tr>\n<tr>\n<td colspan=\"2\" rowspan=\"1\">\n<div class=\"magic-14\"><span class=\"magic-7\"><b>Ponto<\/b><\/span><\/div>\n<\/td>\n<td colspan=\"3\" rowspan=\"1\">\n<div class=\"magic-16\"><span class=\"magic-7\">ponta de diamante<\/span><\/div>\n<\/td>\n<\/tr>\n<tr>\n<td colspan=\"2\" rowspan=\"1\">\n<div class=\"magic-14\"><span class=\"magic-7\"><b>Tratamento de superf\u00edcie<\/b><\/span><\/div>\n<\/td>\n<td colspan=\"3\" rowspan=\"1\">\n<div class=\"magic-16\"><span class=\"magic-7\">eletrogalvanizado, galvanizado por imers\u00e3o a quente<\/span><\/div>\n<\/td>\n<\/tr>\n<tr>\n<td colspan=\"2\" rowspan=\"1\">\n<div class=\"magic-14\"><span class=\"magic-7\"><b>Tipo de haste<\/b><\/span><\/div>\n<\/td>\n<td colspan=\"3\" rowspan=\"1\">\n<div class=\"magic-16\" data-spm-anchor-id=\"a2700.details.0.i88.15e27bf9PjMKFX\"><span class=\"magic-7\">haste lisa, haste em anel<\/span><\/div>\n<\/td>\n<\/tr>\n<tr>\n<td colspan=\"2\" rowspan=\"1\">\n<div class=\"magic-14\"><b><span class=\"magic-7\">Pacote<\/span><\/b><\/div>\n<\/td>\n<td colspan=\"3\" rowspan=\"1\">\n<div class=\"magic-16\" data-spm-anchor-id=\"a2700.details.0.i93.15e27bf9PjMKFX\"><span class=\"magic-7\">120 unidades por bobina, 60 bobinas por caixa<\/span><\/div>\n<\/td>\n<\/tr>\n<\/tbody>\n<\/table>\n<p>Cabe\u00e7a redonda: os pregos t\u00eam um design de cabe\u00e7a redonda, que oferece melhor poder de fixa\u00e7\u00e3o e evita que os pregos atravessem os materiais da cobertura.<\/p>\n<p>Galvanizados: Os pregos s\u00e3o revestidos com uma camada de zinco para proteg\u00ea-los contra corros\u00e3o e ferrugem, o que os torna altamente dur\u00e1veis e adequados para aplica\u00e7\u00f5es externas.<\/p>\n<p>Forma de bobina: Os pregos s\u00e3o fornecidos em forma de bobina, o que permite um manuseio mais f\u00e1cil e eficiente, reduzindo a necessidade de recargas frequentes durante os projetos de telhados.<\/p>\n<p>V\u00e1rios tamanhos: Sua linha de produtos provavelmente inclui pregos para telhado em v\u00e1rios comprimentos e bitolas para acomodar diferentes materiais de telhado e requisitos de projeto.<\/p>\n<p>Materiais de alta qualidade: Os pregos para telhado s\u00e3o fabricados com materiais de alta qualidade, garantindo sua confiabilidade e desempenho duradouro.<\/p>\n<p><img fetchpriority=\"high\" decoding=\"async\" class=\"alignnone size-full wp-image-2811\" src=\"http:\/\/qingdaohf.com\/wp-content\/uploads\/2023\/01\/coil-nail-9.jpg\" alt=\"prego em espiral\" width=\"1200\" height=\"1164\" srcset=\"https:\/\/qingdaohf.com\/wp-content\/uploads\/2023\/01\/coil-nail-9.jpg 1200w, https:\/\/qingdaohf.com\/wp-content\/uploads\/2023\/01\/coil-nail-9-300x291.jpg 300w, https:\/\/qingdaohf.com\/wp-content\/uploads\/2023\/01\/coil-nail-9-1024x993.jpg 1024w, https:\/\/qingdaohf.com\/wp-content\/uploads\/2023\/01\/coil-nail-9-768x745.jpg 768w, https:\/\/qingdaohf.com\/wp-content\/uploads\/2023\/01\/coil-nail-9-1000x970.jpg 1000w\" sizes=\"(max-width: 1200px) 100vw, 1200px\" \/><\/p>\n<p>Nossas vantagens:<\/p>\n<p>Experi\u00eancia e longevidade: Com 20 anos de experi\u00eancia no setor, sua empresa estabeleceu uma s\u00f3lida reputa\u00e7\u00e3o e um profundo entendimento das necessidades e prefer\u00eancias dos clientes. Essa experi\u00eancia se traduz em melhor qualidade de produto e atendimento ao cliente.<\/p>\n<p>Servi\u00e7os abrangentes: Como um balc\u00e3o \u00fanico para atender \u00e0s necessidades de pregos para cordas e telhados, sua empresa oferece servi\u00e7os abrangentes, incluindo fabrica\u00e7\u00e3o, distribui\u00e7\u00e3o e atacado, o que garante conveni\u00eancia e efici\u00eancia para seus clientes.<\/p>\n<p>Atendimento individual ao cliente: Sua \u00eanfase no atendimento individualizado ao cliente o diferencia dos concorrentes. Essa abordagem personalizada permite que voc\u00ea entenda melhor as necessidades de seus clientes e ofere\u00e7a solu\u00e7\u00f5es personalizadas.<\/p>\n<p>Melhor servi\u00e7o p\u00f3s-venda: Ao priorizar o servi\u00e7o p\u00f3s-venda, sua empresa garante que os clientes recebam assist\u00eancia, suporte e solu\u00e7\u00f5es mesmo ap\u00f3s a compra. Esse compromisso com a satisfa\u00e7\u00e3o do cliente promove a fidelidade e a confian\u00e7a.<\/p>\n<p>Pre\u00e7os competitivos: Ao mesmo tempo em que mant\u00e9m a qualidade do produto, sua empresa se esfor\u00e7a para deixar mais margens de lucro para os compradores. Essa estrat\u00e9gia de pre\u00e7os competitivos atrai clientes preocupados com os custos sem comprometer a excel\u00eancia de seus produtos.<\/p>\n<p>Especializa\u00e7\u00e3o em pregos para telhados: A especializa\u00e7\u00e3o em Pregos para Telhados em Bobina Galvanizada de Cabe\u00e7a Redonda demonstra a experi\u00eancia da sua empresa nesse nicho espec\u00edfico de produtos. \u00c9 mais prov\u00e1vel que os clientes confiem em um fornecedor com conhecimento focado e experi\u00eancia na \u00e1rea.<\/p>\n<p>Revestimento galvanizado de alta qualidade: O uso de revestimento galvanizado em seus pregos para telhado destaca seu compromisso com a durabilidade e a longevidade, garantindo que seus produtos possam suportar condi\u00e7\u00f5es clim\u00e1ticas adversas e exposi\u00e7\u00e3o prolongada aos elementos.<\/p>\n<div class=\"ast-oembed-container\" style=\"height: 100%;\"><iframe title=\"pregos de bobina de arame pregos de bobina galvanizados lisos de 1-1\/4 pol. para telhados\" width=\"500\" height=\"375\" src=\"https:\/\/www.youtube.com\/embed\/47fOopwDCJY?feature=oembed\" frameborder=\"0\" allow=\"accelerometer; autoplay; clipboard-write; encrypted-media; gyroscope; picture-in-picture; web-share\" referrerpolicy=\"strict-origin-when-cross-origin\" allowfullscreen><\/iframe><\/div>","protected":false},"excerpt":{"rendered":"<p>Esses pregos para molduras em bobina s\u00e3o ideais para todas as aplica\u00e7\u00f5es de molduras e revestimentos. Os processos de fabrica\u00e7\u00e3o de qualidade garantem a alimenta\u00e7\u00e3o adequada.<\/p>\n<p>Pregos para telhado em bobina galvanizada de cabe\u00e7a redonda de 3\/4\u2033-2\u2033.<\/p>","protected":false},"featured_media":2504,"comment_status":"open","ping_status":"closed","template":"","meta":{"site-sidebar-layout":"default","site-content-layout":"default","ast-site-content-layout":"default","site-content-style":"default","site-sidebar-style":"default","ast-global-header-display":"","ast-banner-title-visibility":"","ast-main-header-display":"","ast-hfb-above-header-display":"","ast-hfb-below-header-display":"","ast-hfb-mobile-header-display":"","site-post-title":"","ast-breadcrumbs-content":"","ast-featured-img":"","footer-sml-layout":"","theme-transparent-header-meta":"default","adv-header-id-meta":"","stick-header-meta":"default","header-above-stick-meta":"","header-main-stick-meta":"","header-below-stick-meta":"","astra-migrate-meta-layouts":"set","ast-page-background-enabled":"default","ast-page-background-meta":{"desktop":{"background-color":"","background-image":"","background-repeat":"repeat","background-position":"center center","background-size":"auto","background-attachment":"scroll","background-type":"","background-media":"","overlay-type":"","overlay-color":"","overlay-opacity":"","overlay-gradient":""},"tablet":{"background-color":"","background-image":"","background-repeat":"repeat","background-position":"center center","background-size":"auto","background-attachment":"scroll","background-type":"","background-media":"","overlay-type":"","overlay-color":"","overlay-opacity":"","overlay-gradient":""},"mobile":{"background-color":"","background-image":"","background-repeat":"repeat","background-position":"center center","background-size":"auto","background-attachment":"scroll","background-type":"","background-media":"","overlay-type":"","overlay-color":"","overlay-opacity":"","overlay-gradient":""}},"ast-content-background-meta":{"desktop":{"background-color":"var(--ast-global-color-5)","background-image":"","background-repeat":"repeat","background-position":"center center","background-size":"auto","background-attachment":"scroll","background-type":"","background-media":"","overlay-type":"","overlay-color":"","overlay-opacity":"","overlay-gradient":""},"tablet":{"background-color":"var(--ast-global-color-5)","background-image":"","background-repeat":"repeat","background-position":"center center","background-size":"auto","background-attachment":"scroll","background-type":"","background-media":"","overlay-type":"","overlay-color":"","overlay-opacity":"","overlay-gradient":""},"mobile":{"background-color":"var(--ast-global-color-5)","background-image":"","background-repeat":"repeat","background-position":"center center","background-size":"auto","background-attachment":"scroll","background-type":"","background-media":"","overlay-type":"","overlay-color":"","overlay-opacity":"","overlay-gradient":""}}},"product_brand":[],"product_cat":[34],"product_tag":[],"class_list":{"0":"post-1664","1":"product","2":"type-product","3":"status-publish","4":"has-post-thumbnail","6":"product_cat-nail","7":"desktop-align-left","8":"tablet-align-left","9":"mobile-align-left","10":"ast-product-gallery-layout-horizontal-slider","11":"ast-product-tabs-layout-horizontal","13":"first","14":"instock","15":"shipping-taxable","16":"purchasable","17":"product-type-simple"},"yoast_head":"<!-- This site is optimized with the Yoast SEO plugin v25.2 - https:\/\/yoast.com\/wordpress\/plugins\/seo\/ -->\n<title>Round Head Galvanized Coil Roofing Nails<\/title>\n<meta name=\"description\" content=\"These Coil Framing nails are ideal for all Framing and sheathing applications. Quality manufacturing processes ensure proper feeding.\" \/>\n<meta name=\"robots\" content=\"index, follow, max-snippet:-1, max-image-preview:large, max-video-preview:-1\" \/>\n<link rel=\"canonical\" href=\"https:\/\/qingdaohf.com\/pt\/produto\/pregos-em-espiral\/\" \/>\n<meta property=\"og:locale\" content=\"pt_BR\" \/>\n<meta property=\"og:type\" content=\"article\" \/>\n<meta property=\"og:title\" content=\"Round Head Galvanized Coil Roofing Nails\" \/>\n<meta property=\"og:description\" content=\"These Coil Framing nails are ideal for all Framing and sheathing applications. Quality manufacturing processes ensure proper feeding.\" \/>\n<meta property=\"og:url\" content=\"https:\/\/qingdaohf.com\/pt\/produto\/pregos-em-espiral\/\" \/>\n<meta property=\"og:site_name\" content=\"Concrete Form &amp; Rigging Hardware Supplier\" \/>\n<meta property=\"article:publisher\" content=\"https:\/\/www.facebook.com\/qingdaohf\" \/>\n<meta property=\"article:modified_time\" content=\"2025-11-13T01:06:58+00:00\" \/>\n<meta property=\"og:image\" content=\"https:\/\/qingdaohf.com\/wp-content\/uploads\/2023\/01\/coil-nail-6.jpg\" \/>\n\t<meta property=\"og:image:width\" content=\"1000\" \/>\n\t<meta property=\"og:image:height\" content=\"1000\" \/>\n\t<meta property=\"og:image:type\" content=\"image\/jpeg\" \/>\n<meta name=\"twitter:card\" content=\"summary_large_image\" \/>\n<meta name=\"twitter:label1\" content=\"Est. tempo de leitura\" \/>\n\t<meta name=\"twitter:data1\" content=\"2 minutos\" \/>\n<script type=\"application\/ld+json\" class=\"yoast-schema-graph\">{\"@context\":\"https:\/\/schema.org\",\"@graph\":[{\"@type\":\"WebPage\",\"@id\":\"https:\/\/qingdaohf.com\/product\/coil-nails\/\",\"url\":\"https:\/\/qingdaohf.com\/product\/coil-nails\/\",\"name\":\"Round Head Galvanized Coil Roofing Nails\",\"isPartOf\":{\"@id\":\"https:\/\/qingdaohf.com\/bg\/#website\"},\"primaryImageOfPage\":{\"@id\":\"https:\/\/qingdaohf.com\/product\/coil-nails\/#primaryimage\"},\"image\":{\"@id\":\"https:\/\/qingdaohf.com\/product\/coil-nails\/#primaryimage\"},\"thumbnailUrl\":\"https:\/\/qingdaohf.com\/wp-content\/uploads\/2023\/01\/coil-nail-6.jpg\",\"datePublished\":\"2023-01-11T09:57:31+00:00\",\"dateModified\":\"2025-11-13T01:06:58+00:00\",\"description\":\"These Coil Framing nails are ideal for all Framing and sheathing applications. Quality manufacturing processes ensure proper feeding.\",\"breadcrumb\":{\"@id\":\"https:\/\/qingdaohf.com\/product\/coil-nails\/#breadcrumb\"},\"inLanguage\":\"pt-BR\",\"potentialAction\":[{\"@type\":\"ReadAction\",\"target\":[\"https:\/\/qingdaohf.com\/product\/coil-nails\/\"]}]},{\"@type\":\"ImageObject\",\"inLanguage\":\"pt-BR\",\"@id\":\"https:\/\/qingdaohf.com\/product\/coil-nails\/#primaryimage\",\"url\":\"https:\/\/qingdaohf.com\/wp-content\/uploads\/2023\/01\/coil-nail-6.jpg\",\"contentUrl\":\"https:\/\/qingdaohf.com\/wp-content\/uploads\/2023\/01\/coil-nail-6.jpg\",\"width\":1000,\"height\":1000,\"caption\":\"coil nail\"},{\"@type\":\"BreadcrumbList\",\"@id\":\"https:\/\/qingdaohf.com\/product\/coil-nails\/#breadcrumb\",\"itemListElement\":[{\"@type\":\"ListItem\",\"position\":1,\"name\":\"Home\",\"item\":\"https:\/\/qingdaohf.com\/\"},{\"@type\":\"ListItem\",\"position\":2,\"name\":\"Concrete Forming Accessories and Rigging Hardware\",\"item\":\"https:\/\/qingdaohf.com\/bg\/?page_id=944\"},{\"@type\":\"ListItem\",\"position\":3,\"name\":\"Round Head Galvanized Coil Roofing Nails\"}]},{\"@type\":\"WebSite\",\"@id\":\"https:\/\/qingdaohf.com\/bg\/#website\",\"url\":\"https:\/\/qingdaohf.com\/bg\/\",\"name\":\"Concrete Form & Rigging Hardware Supplier\",\"description\":\"\",\"publisher\":{\"@id\":\"https:\/\/qingdaohf.com\/bg\/#organization\"},\"potentialAction\":[{\"@type\":\"SearchAction\",\"target\":{\"@type\":\"EntryPoint\",\"urlTemplate\":\"https:\/\/qingdaohf.com\/bg\/?s={search_term_string}\"},\"query-input\":{\"@type\":\"PropertyValueSpecification\",\"valueRequired\":true,\"valueName\":\"search_term_string\"}}],\"inLanguage\":\"pt-BR\"},{\"@type\":\"Organization\",\"@id\":\"https:\/\/qingdaohf.com\/bg\/#organization\",\"name\":\"Qingdao H&F\",\"url\":\"https:\/\/qingdaohf.com\/bg\/\",\"logo\":{\"@type\":\"ImageObject\",\"inLanguage\":\"pt-BR\",\"@id\":\"https:\/\/qingdaohf.com\/bg\/#\/schema\/logo\/image\/\",\"url\":\"https:\/\/qingdaohf.com\/wp-content\/uploads\/2022\/12\/cropped-HF-LOGO.png\",\"contentUrl\":\"https:\/\/qingdaohf.com\/wp-content\/uploads\/2022\/12\/cropped-HF-LOGO.png\",\"width\":391,\"height\":249,\"caption\":\"Qingdao H&F\"},\"image\":{\"@id\":\"https:\/\/qingdaohf.com\/bg\/#\/schema\/logo\/image\/\"},\"sameAs\":[\"https:\/\/www.facebook.com\/qingdaohf\"]}]}<\/script>\n<!-- \/ Yoast SEO plugin. -->","yoast_head_json":{"title":"Round Head Galvanized Coil Roofing Nails","description":"These Coil Framing nails are ideal for all Framing and sheathing applications. Quality manufacturing processes ensure proper feeding.","robots":{"index":"index","follow":"follow","max-snippet":"max-snippet:-1","max-image-preview":"max-image-preview:large","max-video-preview":"max-video-preview:-1"},"canonical":"https:\/\/qingdaohf.com\/pt\/produto\/pregos-em-espiral\/","og_locale":"pt_BR","og_type":"article","og_title":"Round Head Galvanized Coil Roofing Nails","og_description":"These Coil Framing nails are ideal for all Framing and sheathing applications. Quality manufacturing processes ensure proper feeding.","og_url":"https:\/\/qingdaohf.com\/pt\/produto\/pregos-em-espiral\/","og_site_name":"Concrete Form &amp; Rigging Hardware Supplier","article_publisher":"https:\/\/www.facebook.com\/qingdaohf","article_modified_time":"2025-11-13T01:06:58+00:00","og_image":[{"width":1000,"height":1000,"url":"https:\/\/qingdaohf.com\/wp-content\/uploads\/2023\/01\/coil-nail-6.jpg","type":"image\/jpeg"}],"twitter_card":"summary_large_image","twitter_misc":{"Est. tempo de leitura":"2 minutos"},"schema":{"@context":"https:\/\/schema.org","@graph":[{"@type":"WebPage","@id":"https:\/\/qingdaohf.com\/product\/coil-nails\/","url":"https:\/\/qingdaohf.com\/product\/coil-nails\/","name":"Round Head Galvanized Coil Roofing Nails","isPartOf":{"@id":"https:\/\/qingdaohf.com\/bg\/#website"},"primaryImageOfPage":{"@id":"https:\/\/qingdaohf.com\/product\/coil-nails\/#primaryimage"},"image":{"@id":"https:\/\/qingdaohf.com\/product\/coil-nails\/#primaryimage"},"thumbnailUrl":"https:\/\/qingdaohf.com\/wp-content\/uploads\/2023\/01\/coil-nail-6.jpg","datePublished":"2023-01-11T09:57:31+00:00","dateModified":"2025-11-13T01:06:58+00:00","description":"These Coil Framing nails are ideal for all Framing and sheathing applications. Quality manufacturing processes ensure proper feeding.","breadcrumb":{"@id":"https:\/\/qingdaohf.com\/product\/coil-nails\/#breadcrumb"},"inLanguage":"pt-BR","potentialAction":[{"@type":"ReadAction","target":["https:\/\/qingdaohf.com\/product\/coil-nails\/"]}]},{"@type":"ImageObject","inLanguage":"pt-BR","@id":"https:\/\/qingdaohf.com\/product\/coil-nails\/#primaryimage","url":"https:\/\/qingdaohf.com\/wp-content\/uploads\/2023\/01\/coil-nail-6.jpg","contentUrl":"https:\/\/qingdaohf.com\/wp-content\/uploads\/2023\/01\/coil-nail-6.jpg","width":1000,"height":1000,"caption":"coil nail"},{"@type":"BreadcrumbList","@id":"https:\/\/qingdaohf.com\/product\/coil-nails\/#breadcrumb","itemListElement":[{"@type":"ListItem","position":1,"name":"Home","item":"https:\/\/qingdaohf.com\/"},{"@type":"ListItem","position":2,"name":"Concrete Forming Accessories and Rigging Hardware","item":"https:\/\/qingdaohf.com\/bg\/?page_id=944"},{"@type":"ListItem","position":3,"name":"Round Head Galvanized Coil Roofing Nails"}]},{"@type":"WebSite","@id":"https:\/\/qingdaohf.com\/bg\/#website","url":"https:\/\/qingdaohf.com\/bg\/","name":"Concrete Form & Rigging Hardware Supplier","description":"","publisher":{"@id":"https:\/\/qingdaohf.com\/bg\/#organization"},"potentialAction":[{"@type":"SearchAction","target":{"@type":"EntryPoint","urlTemplate":"https:\/\/qingdaohf.com\/bg\/?s={search_term_string}"},"query-input":{"@type":"PropertyValueSpecification","valueRequired":true,"valueName":"search_term_string"}}],"inLanguage":"pt-BR"},{"@type":"Organization","@id":"https:\/\/qingdaohf.com\/bg\/#organization","name":"Qingdao H&F","url":"https:\/\/qingdaohf.com\/bg\/","logo":{"@type":"ImageObject","inLanguage":"pt-BR","@id":"https:\/\/qingdaohf.com\/bg\/#\/schema\/logo\/image\/","url":"https:\/\/qingdaohf.com\/wp-content\/uploads\/2022\/12\/cropped-HF-LOGO.png","contentUrl":"https:\/\/qingdaohf.com\/wp-content\/uploads\/2022\/12\/cropped-HF-LOGO.png","width":391,"height":249,"caption":"Qingdao H&F"},"image":{"@id":"https:\/\/qingdaohf.com\/bg\/#\/schema\/logo\/image\/"},"sameAs":["https:\/\/www.facebook.com\/qingdaohf"]}]}},"_links":{"self":[{"href":"https:\/\/qingdaohf.com\/pt\/wp-json\/wp\/v2\/product\/1664","targetHints":{"allow":["GET"]}}],"collection":[{"href":"https:\/\/qingdaohf.com\/pt\/wp-json\/wp\/v2\/product"}],"about":[{"href":"https:\/\/qingdaohf.com\/pt\/wp-json\/wp\/v2\/types\/product"}],"replies":[{"embeddable":true,"href":"https:\/\/qingdaohf.com\/pt\/wp-json\/wp\/v2\/comments?post=1664"}],"version-history":[{"count":5,"href":"https:\/\/qingdaohf.com\/pt\/wp-json\/wp\/v2\/product\/1664\/revisions"}],"predecessor-version":[{"id":6011,"href":"https:\/\/qingdaohf.com\/pt\/wp-json\/wp\/v2\/product\/1664\/revisions\/6011"}],"wp:featuredmedia":[{"embeddable":true,"href":"https:\/\/qingdaohf.com\/pt\/wp-json\/wp\/v2\/media\/2504"}],"wp:attachment":[{"href":"https:\/\/qingdaohf.com\/pt\/wp-json\/wp\/v2\/media?parent=1664"}],"wp:term":[{"taxonomy":"product_brand","embeddable":true,"href":"https:\/\/qingdaohf.com\/pt\/wp-json\/wp\/v2\/product_brand?post=1664"},{"taxonomy":"product_cat","embeddable":true,"href":"https:\/\/qingdaohf.com\/pt\/wp-json\/wp\/v2\/product_cat?post=1664"},{"taxonomy":"product_tag","embeddable":true,"href":"https:\/\/qingdaohf.com\/pt\/wp-json\/wp\/v2\/product_tag?post=1664"}],"curies":[{"name":"wp","href":"https:\/\/api.w.org\/{rel}","templated":true}]}}