{"id":1708,"date":"2023-01-14T15:15:32","date_gmt":"2023-01-14T07:15:32","guid":{"rendered":"http:\/\/qingdaohf.com\/?post_type=product&#038;p=1708"},"modified":"2025-11-13T09:06:57","modified_gmt":"2025-11-13T01:06:57","slug":"snap-tie-wedge","status":"publish","type":"product","link":"https:\/\/qingdaohf.com\/pt\/produto\/cunha-com-fecho-de-pressao\/","title":{"rendered":"Cunha com gravata de press\u00e3o"},"content":{"rendered":"<p>A cunha de encaixe \u00e9 um componente usado na moldagem de concreto para fixar o encaixe na f\u00f4rma. O tirante de press\u00e3o \u00e9 uma barra de metal com extremidades dobradas que passa pela f\u00f4rma para manter unidos os dois lados da f\u00f4rma. A cunha do tirante de press\u00e3o \u00e9 uma pequena cunha de pl\u00e1stico ou metal que \u00e9 inserida na extremidade do tirante de press\u00e3o depois que ele \u00e9 passado pela f\u00f4rma.<\/p>\n<p>A cunha do tirante de press\u00e3o foi projetada para segurar o tirante de press\u00e3o com firmeza e evitar que ele escorregue para fora da f\u00f4rma \u00e0 medida que o concreto \u00e9 derramado e endurece. Tamb\u00e9m \u00e9 usada para garantir que o tirante de press\u00e3o esteja alinhado e espa\u00e7ado corretamente para criar a forma e o acabamento desejados da superf\u00edcie do concreto.<\/p>\n<p>A cunha de encaixe \u00e9 normalmente feita de um material dur\u00e1vel e reutiliz\u00e1vel, como pl\u00e1stico ou metal, e est\u00e1 dispon\u00edvel em v\u00e1rios tamanhos e formas para se ajustar a diferentes tipos de encaixes e configura\u00e7\u00f5es de f\u00f4rmas. \u00c9 um componente essencial no processo de moldagem do concreto, e seu uso e coloca\u00e7\u00e3o adequados s\u00e3o fundamentais para o sucesso do projeto.<\/p>\n<p><img fetchpriority=\"high\" decoding=\"async\" class=\"alignnone wp-image-8654 size-full\" src=\"http:\/\/qingdaohf.com\/wp-content\/uploads\/2025\/01\/snap-tie-wedge.webp\" alt=\"cunha com fecho de press\u00e3o\" width=\"1000\" height=\"1000\" srcset=\"https:\/\/qingdaohf.com\/wp-content\/uploads\/2025\/01\/snap-tie-wedge.webp 1000w, https:\/\/qingdaohf.com\/wp-content\/uploads\/2025\/01\/snap-tie-wedge-300x300.webp 300w, https:\/\/qingdaohf.com\/wp-content\/uploads\/2025\/01\/snap-tie-wedge-150x150.webp 150w, https:\/\/qingdaohf.com\/wp-content\/uploads\/2025\/01\/snap-tie-wedge-768x768.webp 768w, https:\/\/qingdaohf.com\/wp-content\/uploads\/2025\/01\/snap-tie-wedge-12x12.webp 12w, https:\/\/qingdaohf.com\/wp-content\/uploads\/2025\/01\/snap-tie-wedge-500x500.webp 500w, https:\/\/qingdaohf.com\/wp-content\/uploads\/2025\/01\/snap-tie-wedge-100x100.webp 100w\" sizes=\"(max-width: 1000px) 100vw, 1000px\" \/><\/p>\n<h2><a href=\"https:\/\/qingdaohf.com\/pt\/produto\/gravata-de-pressao\/\">Amarra\u00e7\u00e3o de concreto Snpa<\/a><\/h2>\n<p>\u2460 4-3\/4\" Extremidade com cone de pl\u00e1stico e cabe\u00e7a sextavada * tamanho da parede de 6\" a 72\"<\/p>\n<p>\u2461 8-1\/4\" Extremidade com cone de pl\u00e1stico e cabe\u00e7a sextavada * tamanho da parede de 6\" a 72\"<\/p>\n<p><img decoding=\"async\" src=\"http:\/\/qingdaohf.com\/wp-content\/uploads\/2023\/07\/Snap-Tie-with-Steel-Washer-4.jpg\" sizes=\"(max-width: 1000px) 100vw, 1000px\" srcset=\"http:\/\/qingdaohf.com\/wp-content\/uploads\/2023\/07\/Snap-Tie-with-Steel-Washer-4.jpg 1000w, http:\/\/qingdaohf.com\/wp-content\/uploads\/2023\/07\/Snap-Tie-with-Steel-Washer-4-300x300.jpg 300w, http:\/\/qingdaohf.com\/wp-content\/uploads\/2023\/07\/Snap-Tie-with-Steel-Washer-4-150x150.jpg 150w, http:\/\/qingdaohf.com\/wp-content\/uploads\/2023\/07\/Snap-Tie-with-Steel-Washer-4-768x768.jpg 768w, http:\/\/qingdaohf.com\/wp-content\/uploads\/2023\/07\/Snap-Tie-with-Steel-Washer-4-500x500.jpg 500w, http:\/\/qingdaohf.com\/wp-content\/uploads\/2023\/07\/Snap-Tie-with-Steel-Washer-4-100x100.jpg 100w\" alt=\"\" width=\"1000\" height=\"1000\" \/><br \/>\n<img decoding=\"async\" src=\"http:\/\/qingdaohf.com\/wp-content\/uploads\/2023\/01\/snap.jpg\" sizes=\"(max-width: 1000px) 100vw, 1000px\" srcset=\"http:\/\/qingdaohf.com\/wp-content\/uploads\/2023\/01\/snap.jpg 1000w, http:\/\/qingdaohf.com\/wp-content\/uploads\/2023\/01\/snap-300x300.jpg 300w, http:\/\/qingdaohf.com\/wp-content\/uploads\/2023\/01\/snap-150x150.jpg 150w, http:\/\/qingdaohf.com\/wp-content\/uploads\/2023\/01\/snap-768x768.jpg 768w, http:\/\/qingdaohf.com\/wp-content\/uploads\/2023\/01\/snap-500x500.jpg 500w, http:\/\/qingdaohf.com\/wp-content\/uploads\/2023\/01\/snap-100x100.jpg 100w\" alt=\"gravata de press\u00e3o\" width=\"1000\" height=\"1000\" \/><\/p>\n<h2>Snap Tie Wedge e suporte Jahn A Suporte Jahn C<\/h2>\n<p><span style=\"font-size: 16px;\">As abra\u00e7adeiras s\u00e3o comumente usadas em aplica\u00e7\u00f5es de f\u00f4rmas verticais, como paredes, colunas e vigas. Eles proporcionam um meio r\u00e1pido e eficiente de fixar a f\u00f4rma e podem ser facilmente removidos depois que o concreto estiver curado. No entanto, \u00e9 preciso ter cuidado ao remover os tirantes para evitar danos \u00e0 superf\u00edcie do concreto.<\/span><\/p>","protected":false},"excerpt":{"rendered":"<p>A Snap Tie Wedge torna a instala\u00e7\u00e3o de f\u00f4rmas e paredes de concreto mais f\u00e1cil e eficiente do que nunca com essas cunhas de a\u00e7o galvanizado de alta resist\u00eancia.<\/p>\n<p>Projetadas para resistir \u00e0 corros\u00e3o e suportar tanto as abra\u00e7adeiras padr\u00e3o quanto as pesadas para trabalhos de qualquer tamanho, essas cunhas s\u00e3o excelentes para projetos comerciais ou residenciais e podem ser reutilizadas v\u00e1rias vezes sem prejudicar o desempenho.<\/p>\n<p>&nbsp;<\/p>","protected":false},"featured_media":5017,"comment_status":"open","ping_status":"closed","template":"","meta":{"site-sidebar-layout":"default","site-content-layout":"default","ast-site-content-layout":"default","site-content-style":"default","site-sidebar-style":"default","ast-global-header-display":"","ast-banner-title-visibility":"","ast-main-header-display":"","ast-hfb-above-header-display":"","ast-hfb-below-header-display":"","ast-hfb-mobile-header-display":"","site-post-title":"","ast-breadcrumbs-content":"","ast-featured-img":"","footer-sml-layout":"","theme-transparent-header-meta":"default","adv-header-id-meta":"","stick-header-meta":"default","header-above-stick-meta":"","header-main-stick-meta":"","header-below-stick-meta":"","astra-migrate-meta-layouts":"set","ast-page-background-enabled":"default","ast-page-background-meta":{"desktop":{"background-color":"","background-image":"","background-repeat":"repeat","background-position":"center center","background-size":"auto","background-attachment":"scroll","background-type":"","background-media":"","overlay-type":"","overlay-color":"","overlay-opacity":"","overlay-gradient":""},"tablet":{"background-color":"","background-image":"","background-repeat":"repeat","background-position":"center center","background-size":"auto","background-attachment":"scroll","background-type":"","background-media":"","overlay-type":"","overlay-color":"","overlay-opacity":"","overlay-gradient":""},"mobile":{"background-color":"","background-image":"","background-repeat":"repeat","background-position":"center center","background-size":"auto","background-attachment":"scroll","background-type":"","background-media":"","overlay-type":"","overlay-color":"","overlay-opacity":"","overlay-gradient":""}},"ast-content-background-meta":{"desktop":{"background-color":"var(--ast-global-color-5)","background-image":"","background-repeat":"repeat","background-position":"center center","background-size":"auto","background-attachment":"scroll","background-type":"","background-media":"","overlay-type":"","overlay-color":"","overlay-opacity":"","overlay-gradient":""},"tablet":{"background-color":"var(--ast-global-color-5)","background-image":"","background-repeat":"repeat","background-position":"center center","background-size":"auto","background-attachment":"scroll","background-type":"","background-media":"","overlay-type":"","overlay-color":"","overlay-opacity":"","overlay-gradient":""},"mobile":{"background-color":"var(--ast-global-color-5)","background-image":"","background-repeat":"repeat","background-position":"center center","background-size":"auto","background-attachment":"scroll","background-type":"","background-media":"","overlay-type":"","overlay-color":"","overlay-opacity":"","overlay-gradient":""}}},"product_brand":[],"product_cat":[50,20,63,28],"product_tag":[],"class_list":{"0":"post-1708","1":"product","2":"type-product","3":"status-publish","4":"has-post-thumbnail","6":"product_cat-concrete-form-accessories","7":"product_cat-concrete-wall-tie","8":"product_cat-concrete-snap-tie","9":"product_cat-concrete-forming","10":"desktop-align-left","11":"tablet-align-left","12":"mobile-align-left","13":"ast-product-gallery-layout-horizontal-slider","14":"ast-product-tabs-layout-horizontal","16":"first","17":"instock","18":"featured","19":"shipping-taxable","20":"purchasable","21":"product-type-simple"},"yoast_head":"<!-- This site is optimized with the Yoast SEO plugin v25.2 - https:\/\/yoast.com\/wordpress\/plugins\/seo\/ -->\n<title>Snap Tie Wedge<\/title>\n<meta name=\"description\" content=\"Snap Tie Wedge make the installation of concrete formwork and walls easier and more efficient than ever with this high-strength snap tie wedges.\" \/>\n<meta name=\"robots\" content=\"index, follow, max-snippet:-1, max-image-preview:large, max-video-preview:-1\" \/>\n<link rel=\"canonical\" href=\"https:\/\/qingdaohf.com\/pt\/produto\/cunha-com-fecho-de-pressao\/\" \/>\n<meta property=\"og:locale\" content=\"pt_BR\" \/>\n<meta property=\"og:type\" content=\"article\" \/>\n<meta property=\"og:title\" content=\"Snap Tie Wedge\" \/>\n<meta property=\"og:description\" content=\"Snap Tie Wedge make the installation of concrete formwork and walls easier and more efficient than ever with this high-strength, galvanized steel snap tie wedges.\" \/>\n<meta property=\"og:url\" content=\"https:\/\/qingdaohf.com\/pt\/produto\/cunha-com-fecho-de-pressao\/\" \/>\n<meta property=\"og:site_name\" content=\"Concrete Form &amp; Rigging Hardware Supplier\" \/>\n<meta property=\"article:publisher\" content=\"https:\/\/www.facebook.com\/qingdaohf\" \/>\n<meta property=\"article:modified_time\" content=\"2025-11-13T01:06:57+00:00\" \/>\n<meta property=\"og:image\" content=\"https:\/\/qingdaohf.com\/wp-content\/uploads\/2023\/01\/snap-tie-wedge-8.jpg\" \/>\n\t<meta property=\"og:image:width\" content=\"1000\" \/>\n\t<meta property=\"og:image:height\" content=\"1000\" \/>\n\t<meta property=\"og:image:type\" content=\"image\/jpeg\" \/>\n<meta name=\"twitter:card\" content=\"summary_large_image\" \/>\n<meta name=\"twitter:label1\" content=\"Est. tempo de leitura\" \/>\n\t<meta name=\"twitter:data1\" content=\"3 minutos\" \/>\n<script type=\"application\/ld+json\" class=\"yoast-schema-graph\">{\"@context\":\"https:\/\/schema.org\",\"@graph\":[{\"@type\":\"WebPage\",\"@id\":\"https:\/\/qingdaohf.com\/product\/snap-tie-wedge\/\",\"url\":\"https:\/\/qingdaohf.com\/product\/snap-tie-wedge\/\",\"name\":\"Snap Tie Wedge\",\"isPartOf\":{\"@id\":\"https:\/\/qingdaohf.com\/bg\/#website\"},\"primaryImageOfPage\":{\"@id\":\"https:\/\/qingdaohf.com\/product\/snap-tie-wedge\/#primaryimage\"},\"image\":{\"@id\":\"https:\/\/qingdaohf.com\/product\/snap-tie-wedge\/#primaryimage\"},\"thumbnailUrl\":\"https:\/\/qingdaohf.com\/wp-content\/uploads\/2023\/01\/snap-tie-wedge-8.jpg\",\"datePublished\":\"2023-01-14T07:15:32+00:00\",\"dateModified\":\"2025-11-13T01:06:57+00:00\",\"description\":\"Snap Tie Wedge make the installation of concrete formwork and walls easier and more efficient than ever with this high-strength snap tie wedges.\",\"breadcrumb\":{\"@id\":\"https:\/\/qingdaohf.com\/product\/snap-tie-wedge\/#breadcrumb\"},\"inLanguage\":\"pt-BR\",\"potentialAction\":[{\"@type\":\"ReadAction\",\"target\":[\"https:\/\/qingdaohf.com\/product\/snap-tie-wedge\/\"]}]},{\"@type\":\"ImageObject\",\"inLanguage\":\"pt-BR\",\"@id\":\"https:\/\/qingdaohf.com\/product\/snap-tie-wedge\/#primaryimage\",\"url\":\"https:\/\/qingdaohf.com\/wp-content\/uploads\/2023\/01\/snap-tie-wedge-8.jpg\",\"contentUrl\":\"https:\/\/qingdaohf.com\/wp-content\/uploads\/2023\/01\/snap-tie-wedge-8.jpg\",\"width\":1000,\"height\":1000,\"caption\":\"snap tie wedge\"},{\"@type\":\"BreadcrumbList\",\"@id\":\"https:\/\/qingdaohf.com\/product\/snap-tie-wedge\/#breadcrumb\",\"itemListElement\":[{\"@type\":\"ListItem\",\"position\":1,\"name\":\"Home\",\"item\":\"https:\/\/qingdaohf.com\/\"},{\"@type\":\"ListItem\",\"position\":2,\"name\":\"Concrete Forming Accessories and Rigging Hardware\",\"item\":\"https:\/\/qingdaohf.com\/bg\/?page_id=944\"},{\"@type\":\"ListItem\",\"position\":3,\"name\":\"Snap Tie Wedge\"}]},{\"@type\":\"WebSite\",\"@id\":\"https:\/\/qingdaohf.com\/bg\/#website\",\"url\":\"https:\/\/qingdaohf.com\/bg\/\",\"name\":\"Concrete Form & Rigging Hardware Supplier\",\"description\":\"\",\"publisher\":{\"@id\":\"https:\/\/qingdaohf.com\/bg\/#organization\"},\"potentialAction\":[{\"@type\":\"SearchAction\",\"target\":{\"@type\":\"EntryPoint\",\"urlTemplate\":\"https:\/\/qingdaohf.com\/bg\/?s={search_term_string}\"},\"query-input\":{\"@type\":\"PropertyValueSpecification\",\"valueRequired\":true,\"valueName\":\"search_term_string\"}}],\"inLanguage\":\"pt-BR\"},{\"@type\":\"Organization\",\"@id\":\"https:\/\/qingdaohf.com\/bg\/#organization\",\"name\":\"Qingdao H&F\",\"url\":\"https:\/\/qingdaohf.com\/bg\/\",\"logo\":{\"@type\":\"ImageObject\",\"inLanguage\":\"pt-BR\",\"@id\":\"https:\/\/qingdaohf.com\/bg\/#\/schema\/logo\/image\/\",\"url\":\"https:\/\/qingdaohf.com\/wp-content\/uploads\/2022\/12\/cropped-HF-LOGO.png\",\"contentUrl\":\"https:\/\/qingdaohf.com\/wp-content\/uploads\/2022\/12\/cropped-HF-LOGO.png\",\"width\":391,\"height\":249,\"caption\":\"Qingdao H&F\"},\"image\":{\"@id\":\"https:\/\/qingdaohf.com\/bg\/#\/schema\/logo\/image\/\"},\"sameAs\":[\"https:\/\/www.facebook.com\/qingdaohf\"]}]}<\/script>\n<!-- \/ Yoast SEO plugin. -->","yoast_head_json":{"title":"Snap Tie Wedge","description":"Snap Tie Wedge make the installation of concrete formwork and walls easier and more efficient than ever with this high-strength snap tie wedges.","robots":{"index":"index","follow":"follow","max-snippet":"max-snippet:-1","max-image-preview":"max-image-preview:large","max-video-preview":"max-video-preview:-1"},"canonical":"https:\/\/qingdaohf.com\/pt\/produto\/cunha-com-fecho-de-pressao\/","og_locale":"pt_BR","og_type":"article","og_title":"Snap Tie Wedge","og_description":"Snap Tie Wedge make the installation of concrete formwork and walls easier and more efficient than ever with this high-strength, galvanized steel snap tie wedges.","og_url":"https:\/\/qingdaohf.com\/pt\/produto\/cunha-com-fecho-de-pressao\/","og_site_name":"Concrete Form &amp; Rigging Hardware Supplier","article_publisher":"https:\/\/www.facebook.com\/qingdaohf","article_modified_time":"2025-11-13T01:06:57+00:00","og_image":[{"width":1000,"height":1000,"url":"https:\/\/qingdaohf.com\/wp-content\/uploads\/2023\/01\/snap-tie-wedge-8.jpg","type":"image\/jpeg"}],"twitter_card":"summary_large_image","twitter_misc":{"Est. tempo de leitura":"3 minutos"},"schema":{"@context":"https:\/\/schema.org","@graph":[{"@type":"WebPage","@id":"https:\/\/qingdaohf.com\/product\/snap-tie-wedge\/","url":"https:\/\/qingdaohf.com\/product\/snap-tie-wedge\/","name":"Snap Tie Wedge","isPartOf":{"@id":"https:\/\/qingdaohf.com\/bg\/#website"},"primaryImageOfPage":{"@id":"https:\/\/qingdaohf.com\/product\/snap-tie-wedge\/#primaryimage"},"image":{"@id":"https:\/\/qingdaohf.com\/product\/snap-tie-wedge\/#primaryimage"},"thumbnailUrl":"https:\/\/qingdaohf.com\/wp-content\/uploads\/2023\/01\/snap-tie-wedge-8.jpg","datePublished":"2023-01-14T07:15:32+00:00","dateModified":"2025-11-13T01:06:57+00:00","description":"Snap Tie Wedge make the installation of concrete formwork and walls easier and more efficient than ever with this high-strength snap tie wedges.","breadcrumb":{"@id":"https:\/\/qingdaohf.com\/product\/snap-tie-wedge\/#breadcrumb"},"inLanguage":"pt-BR","potentialAction":[{"@type":"ReadAction","target":["https:\/\/qingdaohf.com\/product\/snap-tie-wedge\/"]}]},{"@type":"ImageObject","inLanguage":"pt-BR","@id":"https:\/\/qingdaohf.com\/product\/snap-tie-wedge\/#primaryimage","url":"https:\/\/qingdaohf.com\/wp-content\/uploads\/2023\/01\/snap-tie-wedge-8.jpg","contentUrl":"https:\/\/qingdaohf.com\/wp-content\/uploads\/2023\/01\/snap-tie-wedge-8.jpg","width":1000,"height":1000,"caption":"snap tie wedge"},{"@type":"BreadcrumbList","@id":"https:\/\/qingdaohf.com\/product\/snap-tie-wedge\/#breadcrumb","itemListElement":[{"@type":"ListItem","position":1,"name":"Home","item":"https:\/\/qingdaohf.com\/"},{"@type":"ListItem","position":2,"name":"Concrete Forming Accessories and Rigging Hardware","item":"https:\/\/qingdaohf.com\/bg\/?page_id=944"},{"@type":"ListItem","position":3,"name":"Snap Tie Wedge"}]},{"@type":"WebSite","@id":"https:\/\/qingdaohf.com\/bg\/#website","url":"https:\/\/qingdaohf.com\/bg\/","name":"Concrete Form & Rigging Hardware Supplier","description":"","publisher":{"@id":"https:\/\/qingdaohf.com\/bg\/#organization"},"potentialAction":[{"@type":"SearchAction","target":{"@type":"EntryPoint","urlTemplate":"https:\/\/qingdaohf.com\/bg\/?s={search_term_string}"},"query-input":{"@type":"PropertyValueSpecification","valueRequired":true,"valueName":"search_term_string"}}],"inLanguage":"pt-BR"},{"@type":"Organization","@id":"https:\/\/qingdaohf.com\/bg\/#organization","name":"Qingdao H&F","url":"https:\/\/qingdaohf.com\/bg\/","logo":{"@type":"ImageObject","inLanguage":"pt-BR","@id":"https:\/\/qingdaohf.com\/bg\/#\/schema\/logo\/image\/","url":"https:\/\/qingdaohf.com\/wp-content\/uploads\/2022\/12\/cropped-HF-LOGO.png","contentUrl":"https:\/\/qingdaohf.com\/wp-content\/uploads\/2022\/12\/cropped-HF-LOGO.png","width":391,"height":249,"caption":"Qingdao H&F"},"image":{"@id":"https:\/\/qingdaohf.com\/bg\/#\/schema\/logo\/image\/"},"sameAs":["https:\/\/www.facebook.com\/qingdaohf"]}]}},"_links":{"self":[{"href":"https:\/\/qingdaohf.com\/pt\/wp-json\/wp\/v2\/product\/1708","targetHints":{"allow":["GET"]}}],"collection":[{"href":"https:\/\/qingdaohf.com\/pt\/wp-json\/wp\/v2\/product"}],"about":[{"href":"https:\/\/qingdaohf.com\/pt\/wp-json\/wp\/v2\/types\/product"}],"replies":[{"embeddable":true,"href":"https:\/\/qingdaohf.com\/pt\/wp-json\/wp\/v2\/comments?post=1708"}],"version-history":[{"count":39,"href":"https:\/\/qingdaohf.com\/pt\/wp-json\/wp\/v2\/product\/1708\/revisions"}],"predecessor-version":[{"id":10242,"href":"https:\/\/qingdaohf.com\/pt\/wp-json\/wp\/v2\/product\/1708\/revisions\/10242"}],"wp:featuredmedia":[{"embeddable":true,"href":"https:\/\/qingdaohf.com\/pt\/wp-json\/wp\/v2\/media\/5017"}],"wp:attachment":[{"href":"https:\/\/qingdaohf.com\/pt\/wp-json\/wp\/v2\/media?parent=1708"}],"wp:term":[{"taxonomy":"product_brand","embeddable":true,"href":"https:\/\/qingdaohf.com\/pt\/wp-json\/wp\/v2\/product_brand?post=1708"},{"taxonomy":"product_cat","embeddable":true,"href":"https:\/\/qingdaohf.com\/pt\/wp-json\/wp\/v2\/product_cat?post=1708"},{"taxonomy":"product_tag","embeddable":true,"href":"https:\/\/qingdaohf.com\/pt\/wp-json\/wp\/v2\/product_tag?post=1708"}],"curies":[{"name":"wp","href":"https:\/\/api.w.org\/{rel}","templated":true}]}}