{"id":2080,"date":"2023-02-08T17:31:37","date_gmt":"2023-02-08T09:31:37","guid":{"rendered":"http:\/\/qingdaohf.com\/?post_type=product&#038;p=2080"},"modified":"2025-11-13T09:06:36","modified_gmt":"2025-11-13T01:06:36","slug":"flat-steel-stake","status":"publish","type":"product","link":"https:\/\/qingdaohf.com\/pt\/produto\/estaca-plana-de-aco\/","title":{"rendered":"Estaca plana de a\u00e7o para forma\u00e7\u00e3o de concreto"},"content":{"rendered":"<div class=\"ast-oembed-container\" style=\"height: 100%;\"><iframe title=\"Estaca de a\u00e7o para concreto\" width=\"500\" height=\"281\" src=\"https:\/\/www.youtube.com\/embed\/kDArajRbFtQ?feature=oembed\" frameborder=\"0\" allow=\"accelerometer; autoplay; clipboard-write; encrypted-media; gyroscope; picture-in-picture; web-share\" referrerpolicy=\"strict-origin-when-cross-origin\" allowfullscreen><\/iframe><\/div>\n<p>A moldagem de concreto \u00e9 o processo de cria\u00e7\u00e3o de um molde ou estrutura tempor\u00e1ria na qual o concreto \u00famido \u00e9 derramado e pode endurecer at\u00e9 obter a forma ou a estrutura desejada. A f\u00f4rma de concreto \u00e9 normalmente feita de madeira, a\u00e7o ou pl\u00e1stico e \u00e9 usada para criar uma variedade de estruturas de concreto, como paredes, colunas, lajes e vigas.<\/p>\n<p>As estacas de a\u00e7o s\u00e3o comumente usadas na moldagem de concreto para manter a f\u00f4rma no lugar e fornecer suporte para o peso do concreto \u00famido. H\u00e1 v\u00e1rios tipos de estacas de a\u00e7o dispon\u00edveis para uso na moldagem de concreto, incluindo estacas de a\u00e7o redondas, estacas de a\u00e7o quadradas, estacas de a\u00e7o planas e estacas de a\u00e7o de viga I plana.<\/p>\n<p>As estacas de a\u00e7o redondas s\u00e3o o tipo mais comum de estaca de a\u00e7o usada na forma\u00e7\u00e3o de concreto. Normalmente, elas s\u00e3o feitas de a\u00e7o de alta resist\u00eancia e est\u00e3o dispon\u00edveis em uma variedade de di\u00e2metros e comprimentos. As estacas de a\u00e7o redondas s\u00e3o f\u00e1ceis de instalar e remover e proporcionam excelente estabilidade e suporte para a f\u00f4rma.<\/p>\n\n<table id=\"tablepress-19\" class=\"tablepress tablepress-id-19\">\n<thead>\n<tr class=\"row-1\">\n\t<th class=\"column-1\">Descri\u00e7\u00e3o<\/th><th class=\"column-2\">Unidade<\/th><th class=\"column-3\">Palete<\/th><th class=\"column-4\">Peso (kg)<\/th>\n<\/tr>\n<\/thead>\n<tbody class=\"row-striping row-hover\">\n<tr class=\"row-2\">\n\t<td class=\"column-1\">3\/4\" x 12\"<\/td><td class=\"column-2\">10 unidades\/caixa<\/td><td class=\"column-3\">150 caixas\/palete<\/td><td class=\"column-4\">0.6200<\/td>\n<\/tr>\n<tr class=\"row-3\">\n\t<td class=\"column-1\">3\/4\" x 18\"<\/td><td class=\"column-2\">10 unidades\/caixa<\/td><td class=\"column-3\">100 caixas\/palete<\/td><td class=\"column-4\">0.9250<\/td>\n<\/tr>\n<tr class=\"row-4\">\n\t<td class=\"column-1\">3\/4\" x 24\"<\/td><td class=\"column-2\">10 unidades\/caixa<\/td><td class=\"column-3\">75 caixas\/palete<\/td><td class=\"column-4\">1.2400<\/td>\n<\/tr>\n<tr class=\"row-5\">\n\t<td class=\"column-1\">3\/4\" x 30\"<\/td><td class=\"column-2\">10 unidades\/caixa<\/td><td class=\"column-3\">60 caixas\/palete<\/td><td class=\"column-4\">1.5450<\/td>\n<\/tr>\n<tr class=\"row-6\">\n\t<td class=\"column-1\">3\/4\" x 36\"<\/td><td class=\"column-2\">10 unidades\/caixa<\/td><td class=\"column-3\">50 caixas\/palete<\/td><td class=\"column-4\">1.8600<\/td>\n<\/tr>\n<tr class=\"row-7\">\n\t<td class=\"column-1\">3\/4\" x 42\"<\/td><td class=\"column-2\">10 unidades\/caixa<\/td><td class=\"column-3\">40 caixas\/palete<\/td><td class=\"column-4\">2.1650<\/td>\n<\/tr>\n<tr class=\"row-8\">\n\t<td class=\"column-1\">3\/4\" x 48\"<\/td><td class=\"column-2\">10 unidades\/caixa<\/td><td class=\"column-3\">30 caixas\/palete<\/td><td class=\"column-4\">2.4750<\/td>\n<\/tr>\n<tr class=\"row-9\">\n\t<td class=\"column-1\">7\/8\" x 12\"<\/td><td class=\"column-2\">10 unidades\/caixa<\/td><td class=\"column-3\">150 caixas\/palete<\/td><td class=\"column-4\">0.9100<\/td>\n<\/tr>\n<tr class=\"row-10\">\n\t<td class=\"column-1\">7\/8\" x 18\"<\/td><td class=\"column-2\">10 unidades\/caixa<\/td><td class=\"column-3\">100 caixas\/palete<\/td><td class=\"column-4\">1.3550<\/td>\n<\/tr>\n<tr class=\"row-11\">\n\t<td class=\"column-1\">7\/8\" x 24\"<\/td><td class=\"column-2\">10 unidades\/caixa<\/td><td class=\"column-3\">75 caixas\/palete<\/td><td class=\"column-4\">1.8200<\/td>\n<\/tr>\n<tr class=\"row-12\">\n\t<td class=\"column-1\">7\/8\" x 30\"<\/td><td class=\"column-2\">10 unidades\/caixa<\/td><td class=\"column-3\">60 caixas\/palete<\/td><td class=\"column-4\">2.2700<\/td>\n<\/tr>\n<tr class=\"row-13\">\n\t<td class=\"column-1\">7\/8\" x 36\"<\/td><td class=\"column-2\">10 unidades\/caixa<\/td><td class=\"column-3\">50 caixas\/palete<\/td><td class=\"column-4\">2.7300<\/td>\n<\/tr>\n<tr class=\"row-14\">\n\t<td class=\"column-1\">7\/8\" x 42\"<\/td><td class=\"column-2\">10 unidades\/caixa<\/td><td class=\"column-3\">40 caixas\/palete<\/td><td class=\"column-4\">3.1800<\/td>\n<\/tr>\n<tr class=\"row-15\">\n\t<td class=\"column-1\">7\/8\" x 48\"<\/td><td class=\"column-2\">10 unidades\/caixa<\/td><td class=\"column-3\">30 caixas\/palete<\/td><td class=\"column-4\">3.6400<\/td>\n<\/tr>\n<\/tbody>\n<\/table>\n<!-- #tablepress-19 from cache -->\n<p>As estacas de a\u00e7o quadradas s\u00e3o semelhantes \u00e0s estacas de a\u00e7o redondas, mas t\u00eam uma se\u00e7\u00e3o transversal quadrada em vez de circular. Elas tamb\u00e9m s\u00e3o feitas de a\u00e7o de alta resist\u00eancia e est\u00e3o dispon\u00edveis em uma variedade de tamanhos. As estacas quadradas de a\u00e7o s\u00e3o frequentemente usadas em situa\u00e7\u00f5es em que \u00e9 necess\u00e1ria estabilidade adicional, como em condi\u00e7\u00f5es de vento ou irregulares.<\/p>\n\n<table id=\"tablepress-20\" class=\"tablepress tablepress-id-20\">\n<thead>\n<tr class=\"row-1\">\n\t<th class=\"column-1\">Descri\u00e7\u00e3o<\/th><th class=\"column-2\">Unidade<\/th><th class=\"column-3\">Palete<\/th><th class=\"column-4\">Peso (kg)<\/th>\n<\/tr>\n<\/thead>\n<tbody class=\"row-striping row-hover\">\n<tr class=\"row-2\">\n\t<td class=\"column-1\">5\/8\" x 12\"<\/td><td class=\"column-2\">10 unidades\/caixa<\/td><td class=\"column-3\">150 caixas\/palete<\/td><td class=\"column-4\">0.56<\/td>\n<\/tr>\n<tr class=\"row-3\">\n\t<td class=\"column-1\">5\/8\" x 18\"<\/td><td class=\"column-2\">10 unidades\/caixa<\/td><td class=\"column-3\">100 caixas\/palete<\/td><td class=\"column-4\">0.81<\/td>\n<\/tr>\n<tr class=\"row-4\">\n\t<td class=\"column-1\">5\/8\" x 24\"<\/td><td class=\"column-2\">10 unidades\/caixa<\/td><td class=\"column-3\">75 caixas\/palete<\/td><td class=\"column-4\">1.07<\/td>\n<\/tr>\n<tr class=\"row-5\">\n\t<td class=\"column-1\">5\/8\" x 30\"<\/td><td class=\"column-2\">10 unidades\/caixa<\/td><td class=\"column-3\">60 caixas\/palete<\/td><td class=\"column-4\">1.34<\/td>\n<\/tr>\n<tr class=\"row-6\">\n\t<td class=\"column-1\">5\/8\" x 36\"<\/td><td class=\"column-2\">10 unidades\/caixa<\/td><td class=\"column-3\">50 caixas\/palete<\/td><td class=\"column-4\">1.61<\/td>\n<\/tr>\n<tr class=\"row-7\">\n\t<td class=\"column-1\">5\/8\" x 42\"<\/td><td class=\"column-2\">10 unidades\/caixa<\/td><td class=\"column-3\">40 caixas\/palete<\/td><td class=\"column-4\">1.87<\/td>\n<\/tr>\n<tr class=\"row-8\">\n\t<td class=\"column-1\">5\/8\" x 48\"<\/td><td class=\"column-2\">10 unidades\/caixa<\/td><td class=\"column-3\">30 caixas\/palete<\/td><td class=\"column-4\">2.14<\/td>\n<\/tr>\n<\/tbody>\n<\/table>\n<!-- #tablepress-20 from cache -->\n<p>As estacas de a\u00e7o planas s\u00e3o normalmente feitas de a\u00e7o mais fino do que as estacas de a\u00e7o redondas ou quadradas. Elas t\u00eam uma se\u00e7\u00e3o transversal plana e s\u00e3o projetadas para serem cravadas no solo em um \u00e2ngulo para proporcionar estabilidade adicional \u00e0 f\u00f4rma. As estacas de a\u00e7o planas costumam ser usadas em combina\u00e7\u00e3o com as estacas de a\u00e7o redondas ou quadradas para fornecer suporte adicional em condi\u00e7\u00f5es desafiadoras.<\/p>\n\n<table id=\"tablepress-21\" class=\"tablepress tablepress-id-21\">\n<thead>\n<tr class=\"row-1\">\n\t<th class=\"column-1\">Descri\u00e7\u00e3o<\/th><th class=\"column-2\">Unidade<\/th><th class=\"column-3\">Palete<\/th><th class=\"column-4\">Peso (kg)<\/th>\n<\/tr>\n<\/thead>\n<tbody class=\"row-striping row-hover\">\n<tr class=\"row-2\">\n\t<td class=\"column-1\">12\"<\/td><td class=\"column-2\">10 unidades\/caixa<\/td><td class=\"column-3\">150 caixas\/palete<\/td><td class=\"column-4\">0.72<\/td>\n<\/tr>\n<tr class=\"row-3\">\n\t<td class=\"column-1\">18\"<\/td><td class=\"column-2\">10 unidades\/caixa<\/td><td class=\"column-3\">100 caixas\/palete<\/td><td class=\"column-4\">1.07<\/td>\n<\/tr>\n<tr class=\"row-4\">\n\t<td class=\"column-1\">24\"<\/td><td class=\"column-2\">10 unidades\/caixa<\/td><td class=\"column-3\">75 caixas\/palete<\/td><td class=\"column-4\">1.41<\/td>\n<\/tr>\n<tr class=\"row-5\">\n\t<td class=\"column-1\">30\"<\/td><td class=\"column-2\">10 unidades\/caixa<\/td><td class=\"column-3\">60 caixas\/palete<\/td><td class=\"column-4\">1.8<\/td>\n<\/tr>\n<tr class=\"row-6\">\n\t<td class=\"column-1\">36\"<\/td><td class=\"column-2\">10 unidades\/caixa<\/td><td class=\"column-3\">50 caixas\/palete<\/td><td class=\"column-4\">2.16<\/td>\n<\/tr>\n<tr class=\"row-7\">\n\t<td class=\"column-1\">42\"<\/td><td class=\"column-2\">10 unidades\/caixa<\/td><td class=\"column-3\">40 caixas\/palete<\/td><td class=\"column-4\">2.56<\/td>\n<\/tr>\n<tr class=\"row-8\">\n\t<td class=\"column-1\">48\"<\/td><td class=\"column-2\">10 unidades\/caixa<\/td><td class=\"column-3\">30 caixas\/palete<\/td><td class=\"column-4\">2.93<\/td>\n<\/tr>\n<\/tbody>\n<\/table>\n<!-- #tablepress-21 from cache -->\n<p>As estacas de a\u00e7o com viga I plana s\u00e3o semelhantes \u00e0s estacas de a\u00e7o planas, mas t\u00eam uma se\u00e7\u00e3o transversal que se assemelha \u00e0 letra \"I\". Normalmente, elas s\u00e3o feitas de a\u00e7o mais espesso do que as estacas de a\u00e7o planas e s\u00e3o projetadas para oferecer ainda mais estabilidade e suporte para a f\u00f4rma. As estacas de a\u00e7o de viga I plana s\u00e3o usadas com frequ\u00eancia em projetos de moldagem de concreto em larga escala, como na constru\u00e7\u00e3o de pontes ou de edif\u00edcios altos.<\/p>\n\n<table id=\"tablepress-22\" class=\"tablepress tablepress-id-22\">\n<thead>\n<tr class=\"row-1\">\n\t<th class=\"column-1\">Especifica\u00e7\u00e3o<\/th><th class=\"column-2\">Pcs\/Caixa<\/th><th class=\"column-3\">Pcs\/Palete<\/th>\n<\/tr>\n<\/thead>\n<tbody class=\"row-striping row-hover\">\n<tr class=\"row-2\">\n\t<td class=\"column-1\">Estaca de viga em I plana de 1-1\/2\" x 12\" com furos<\/td><td class=\"column-2\">10<\/td><td class=\"column-3\">1500<\/td>\n<\/tr>\n<tr class=\"row-3\">\n\t<td class=\"column-1\">Estaca de viga em I plana de 1-1\/2\" x 18\" com furos<\/td><td class=\"column-2\">10<\/td><td class=\"column-3\">1000<\/td>\n<\/tr>\n<tr class=\"row-4\">\n\t<td class=\"column-1\">Estaca de viga em I plana de 1-1\/2\" x 24\" com furos<\/td><td class=\"column-2\">10<\/td><td class=\"column-3\">750<\/td>\n<\/tr>\n<tr class=\"row-5\">\n\t<td class=\"column-1\">Estaca de viga em I plana de 1-1\/2\" x 30\" com furos<\/td><td class=\"column-2\">10<\/td><td class=\"column-3\">600<\/td>\n<\/tr>\n<tr class=\"row-6\">\n\t<td class=\"column-1\">1-1\/2\" x 36\" Estaca de viga I plana com furos<\/td><td class=\"column-2\">10<\/td><td class=\"column-3\">500<\/td>\n<\/tr>\n<\/tbody>\n<\/table>\n<!-- #tablepress-22 from cache -->\n<p><img fetchpriority=\"high\" decoding=\"async\" class=\"alignnone size-full wp-image-2789\" style=\"font-style: inherit; font-weight: inherit;\" src=\"http:\/\/qingdaohf.com\/wp-content\/uploads\/2023\/02\/\u672a\u6807\u9898-1.jpg\" alt=\"\" width=\"1200\" height=\"1200\" srcset=\"https:\/\/qingdaohf.com\/wp-content\/uploads\/2023\/02\/\u672a\u6807\u9898-1.jpg 1200w, https:\/\/qingdaohf.com\/wp-content\/uploads\/2023\/02\/\u672a\u6807\u9898-1-500x500.jpg 500w, https:\/\/qingdaohf.com\/wp-content\/uploads\/2023\/02\/\u672a\u6807\u9898-1-100x100.jpg 100w, https:\/\/qingdaohf.com\/wp-content\/uploads\/2023\/02\/\u672a\u6807\u9898-1-1000x1000.jpg 1000w, https:\/\/qingdaohf.com\/wp-content\/uploads\/2023\/02\/\u672a\u6807\u9898-1-300x300.jpg 300w, https:\/\/qingdaohf.com\/wp-content\/uploads\/2023\/02\/\u672a\u6807\u9898-1-1024x1024.jpg 1024w, https:\/\/qingdaohf.com\/wp-content\/uploads\/2023\/02\/\u672a\u6807\u9898-1-150x150.jpg 150w, https:\/\/qingdaohf.com\/wp-content\/uploads\/2023\/02\/\u672a\u6807\u9898-1-768x768.jpg 768w\" sizes=\"(max-width: 1200px) 100vw, 1200px\" \/><\/p>\n<div class=\"flex-1 overflow-hidden\">\n<div class=\"react-scroll-to-bottom--css-kwokg-79elbk h-full dark:bg-gray-800\">\n<div class=\"react-scroll-to-bottom--css-kwokg-1n7m0yu\">\n<div class=\"flex flex-col items-center text-sm dark:bg-gray-800\">\n<div class=\"w-full border-b border-black\/10 dark:border-gray-900\/50 text-gray-800 dark:text-gray-100 group bg-gray-50 dark:bg-[#444654]\">\n<div class=\"text-base gap-4 md:gap-6 m-auto md:max-w-2xl lg:max-w-2xl xl:max-w-3xl p-4 md:py-6 flex lg:px-0\">\n<div class=\"relative flex w-[calc(100%-50px)] flex-col gap-1 md:gap-3 lg:w-[calc(100%-115px)]\">\n<div class=\"flex flex-grow flex-col gap-3\">\n<div class=\"min-h-[20px] flex flex-col items-start gap-4 whitespace-pre-wrap\">\n<div class=\"markdown prose w-full break-words dark:prose-invert light\">\n<p>&nbsp;<\/p>\n<\/div>\n<\/div>\n<\/div>\n<\/div>\n<\/div>\n<\/div>\n<\/div>\n<\/div>\n<\/div>\n<\/div>","protected":false},"excerpt":{"rendered":"<p>A estaca de a\u00e7o plana \u00e9 uma estaca de a\u00e7o dur\u00e1vel ideal para aplica\u00e7\u00f5es em concreto. A estaca redonda foi projetada para segurar com seguran\u00e7a as placas de forma\u00e7\u00e3o de concreto.<\/p>","protected":false},"featured_media":2778,"comment_status":"open","ping_status":"closed","template":"","meta":{"site-sidebar-layout":"default","site-content-layout":"default","ast-site-content-layout":"default","site-content-style":"default","site-sidebar-style":"default","ast-global-header-display":"","ast-banner-title-visibility":"","ast-main-header-display":"","ast-hfb-above-header-display":"","ast-hfb-below-header-display":"","ast-hfb-mobile-header-display":"","site-post-title":"","ast-breadcrumbs-content":"","ast-featured-img":"","footer-sml-layout":"","theme-transparent-header-meta":"default","adv-header-id-meta":"","stick-header-meta":"default","header-above-stick-meta":"","header-main-stick-meta":"","header-below-stick-meta":"","astra-migrate-meta-layouts":"set","ast-page-background-enabled":"default","ast-page-background-meta":{"desktop":{"background-color":"","background-image":"","background-repeat":"repeat","background-position":"center center","background-size":"auto","background-attachment":"scroll","background-type":"","background-media":"","overlay-type":"","overlay-color":"","overlay-opacity":"","overlay-gradient":""},"tablet":{"background-color":"","background-image":"","background-repeat":"repeat","background-position":"center center","background-size":"auto","background-attachment":"scroll","background-type":"","background-media":"","overlay-type":"","overlay-color":"","overlay-opacity":"","overlay-gradient":""},"mobile":{"background-color":"","background-image":"","background-repeat":"repeat","background-position":"center center","background-size":"auto","background-attachment":"scroll","background-type":"","background-media":"","overlay-type":"","overlay-color":"","overlay-opacity":"","overlay-gradient":""}},"ast-content-background-meta":{"desktop":{"background-color":"var(--ast-global-color-5)","background-image":"","background-repeat":"repeat","background-position":"center center","background-size":"auto","background-attachment":"scroll","background-type":"","background-media":"","overlay-type":"","overlay-color":"","overlay-opacity":"","overlay-gradient":""},"tablet":{"background-color":"var(--ast-global-color-5)","background-image":"","background-repeat":"repeat","background-position":"center center","background-size":"auto","background-attachment":"scroll","background-type":"","background-media":"","overlay-type":"","overlay-color":"","overlay-opacity":"","overlay-gradient":""},"mobile":{"background-color":"var(--ast-global-color-5)","background-image":"","background-repeat":"repeat","background-position":"center center","background-size":"auto","background-attachment":"scroll","background-type":"","background-media":"","overlay-type":"","overlay-color":"","overlay-opacity":"","overlay-gradient":""}}},"product_brand":[],"product_cat":[28,53],"product_tag":[],"class_list":{"0":"post-2080","1":"product","2":"type-product","3":"status-publish","4":"has-post-thumbnail","6":"product_cat-concrete-forming","7":"product_cat-steel-stake","8":"desktop-align-left","9":"tablet-align-left","10":"mobile-align-left","11":"ast-product-gallery-layout-horizontal-slider","12":"ast-product-tabs-layout-horizontal","14":"first","15":"instock","16":"shipping-taxable","17":"purchasable","18":"product-type-simple"},"yoast_head":"<!-- This site is optimized with the Yoast SEO plugin v25.2 - https:\/\/yoast.com\/wordpress\/plugins\/seo\/ -->\n<title>Flat Steel Stake for Concrete Forming<\/title>\n<meta name=\"description\" content=\"Flat steel stake is a durable steel stake ideal for concrete applications. The round stake is designed to hold concrete forming boards securely.\" \/>\n<meta name=\"robots\" content=\"index, follow, max-snippet:-1, max-image-preview:large, max-video-preview:-1\" \/>\n<link rel=\"canonical\" href=\"https:\/\/qingdaohf.com\/pt\/produto\/estaca-plana-de-aco\/\" \/>\n<meta property=\"og:locale\" content=\"pt_BR\" \/>\n<meta property=\"og:type\" content=\"article\" \/>\n<meta property=\"og:title\" content=\"Flat Steel Stake for Concrete Forming\" \/>\n<meta property=\"og:description\" content=\"Flat steel stake is a durable steel stake ideal for concrete applications. The round stake is designed to hold concrete forming boards securely.\" \/>\n<meta property=\"og:url\" content=\"https:\/\/qingdaohf.com\/pt\/produto\/estaca-plana-de-aco\/\" \/>\n<meta property=\"og:site_name\" content=\"Concrete Form &amp; Rigging Hardware Supplier\" \/>\n<meta property=\"article:publisher\" content=\"https:\/\/www.facebook.com\/qingdaohf\" \/>\n<meta property=\"article:modified_time\" content=\"2025-11-13T01:06:36+00:00\" \/>\n<meta property=\"og:image\" content=\"https:\/\/qingdaohf.com\/wp-content\/uploads\/2023\/02\/\u65b0\u56fe.jpg\" \/>\n\t<meta property=\"og:image:width\" content=\"1000\" \/>\n\t<meta property=\"og:image:height\" content=\"1000\" \/>\n\t<meta property=\"og:image:type\" content=\"image\/jpeg\" \/>\n<meta name=\"twitter:card\" content=\"summary_large_image\" \/>\n<meta name=\"twitter:label1\" content=\"Est. tempo de leitura\" \/>\n\t<meta name=\"twitter:data1\" content=\"2 minutos\" \/>\n<script type=\"application\/ld+json\" class=\"yoast-schema-graph\">{\"@context\":\"https:\/\/schema.org\",\"@graph\":[{\"@type\":\"WebPage\",\"@id\":\"https:\/\/qingdaohf.com\/product\/flat-steel-stake\/\",\"url\":\"https:\/\/qingdaohf.com\/product\/flat-steel-stake\/\",\"name\":\"Flat Steel Stake for Concrete Forming\",\"isPartOf\":{\"@id\":\"https:\/\/qingdaohf.com\/bg\/#website\"},\"primaryImageOfPage\":{\"@id\":\"https:\/\/qingdaohf.com\/product\/flat-steel-stake\/#primaryimage\"},\"image\":{\"@id\":\"https:\/\/qingdaohf.com\/product\/flat-steel-stake\/#primaryimage\"},\"thumbnailUrl\":\"https:\/\/qingdaohf.com\/wp-content\/uploads\/2023\/02\/\u65b0\u56fe.jpg\",\"datePublished\":\"2023-02-08T09:31:37+00:00\",\"dateModified\":\"2025-11-13T01:06:36+00:00\",\"description\":\"Flat steel stake is a durable steel stake ideal for concrete applications. The round stake is designed to hold concrete forming boards securely.\",\"breadcrumb\":{\"@id\":\"https:\/\/qingdaohf.com\/product\/flat-steel-stake\/#breadcrumb\"},\"inLanguage\":\"pt-BR\",\"potentialAction\":[{\"@type\":\"ReadAction\",\"target\":[\"https:\/\/qingdaohf.com\/product\/flat-steel-stake\/\"]}]},{\"@type\":\"ImageObject\",\"inLanguage\":\"pt-BR\",\"@id\":\"https:\/\/qingdaohf.com\/product\/flat-steel-stake\/#primaryimage\",\"url\":\"https:\/\/qingdaohf.com\/wp-content\/uploads\/2023\/02\/\u65b0\u56fe.jpg\",\"contentUrl\":\"https:\/\/qingdaohf.com\/wp-content\/uploads\/2023\/02\/\u65b0\u56fe.jpg\",\"width\":1000,\"height\":1000,\"caption\":\"flat steel stake\"},{\"@type\":\"BreadcrumbList\",\"@id\":\"https:\/\/qingdaohf.com\/product\/flat-steel-stake\/#breadcrumb\",\"itemListElement\":[{\"@type\":\"ListItem\",\"position\":1,\"name\":\"Home\",\"item\":\"https:\/\/qingdaohf.com\/\"},{\"@type\":\"ListItem\",\"position\":2,\"name\":\"Concrete Forming Accessories and Rigging Hardware\",\"item\":\"https:\/\/qingdaohf.com\/bg\/?page_id=944\"},{\"@type\":\"ListItem\",\"position\":3,\"name\":\"Flat Steel Stake for Concrete Forming\"}]},{\"@type\":\"WebSite\",\"@id\":\"https:\/\/qingdaohf.com\/bg\/#website\",\"url\":\"https:\/\/qingdaohf.com\/bg\/\",\"name\":\"Concrete Form & Rigging Hardware Supplier\",\"description\":\"\",\"publisher\":{\"@id\":\"https:\/\/qingdaohf.com\/bg\/#organization\"},\"potentialAction\":[{\"@type\":\"SearchAction\",\"target\":{\"@type\":\"EntryPoint\",\"urlTemplate\":\"https:\/\/qingdaohf.com\/bg\/?s={search_term_string}\"},\"query-input\":{\"@type\":\"PropertyValueSpecification\",\"valueRequired\":true,\"valueName\":\"search_term_string\"}}],\"inLanguage\":\"pt-BR\"},{\"@type\":\"Organization\",\"@id\":\"https:\/\/qingdaohf.com\/bg\/#organization\",\"name\":\"Qingdao H&F\",\"url\":\"https:\/\/qingdaohf.com\/bg\/\",\"logo\":{\"@type\":\"ImageObject\",\"inLanguage\":\"pt-BR\",\"@id\":\"https:\/\/qingdaohf.com\/bg\/#\/schema\/logo\/image\/\",\"url\":\"https:\/\/qingdaohf.com\/wp-content\/uploads\/2022\/12\/cropped-HF-LOGO.png\",\"contentUrl\":\"https:\/\/qingdaohf.com\/wp-content\/uploads\/2022\/12\/cropped-HF-LOGO.png\",\"width\":391,\"height\":249,\"caption\":\"Qingdao H&F\"},\"image\":{\"@id\":\"https:\/\/qingdaohf.com\/bg\/#\/schema\/logo\/image\/\"},\"sameAs\":[\"https:\/\/www.facebook.com\/qingdaohf\"]}]}<\/script>\n<!-- \/ Yoast SEO plugin. -->","yoast_head_json":{"title":"Flat Steel Stake for Concrete Forming","description":"Flat steel stake is a durable steel stake ideal for concrete applications. The round stake is designed to hold concrete forming boards securely.","robots":{"index":"index","follow":"follow","max-snippet":"max-snippet:-1","max-image-preview":"max-image-preview:large","max-video-preview":"max-video-preview:-1"},"canonical":"https:\/\/qingdaohf.com\/pt\/produto\/estaca-plana-de-aco\/","og_locale":"pt_BR","og_type":"article","og_title":"Flat Steel Stake for Concrete Forming","og_description":"Flat steel stake is a durable steel stake ideal for concrete applications. The round stake is designed to hold concrete forming boards securely.","og_url":"https:\/\/qingdaohf.com\/pt\/produto\/estaca-plana-de-aco\/","og_site_name":"Concrete Form &amp; Rigging Hardware Supplier","article_publisher":"https:\/\/www.facebook.com\/qingdaohf","article_modified_time":"2025-11-13T01:06:36+00:00","og_image":[{"width":1000,"height":1000,"url":"https:\/\/qingdaohf.com\/wp-content\/uploads\/2023\/02\/\u65b0\u56fe.jpg","type":"image\/jpeg"}],"twitter_card":"summary_large_image","twitter_misc":{"Est. tempo de leitura":"2 minutos"},"schema":{"@context":"https:\/\/schema.org","@graph":[{"@type":"WebPage","@id":"https:\/\/qingdaohf.com\/product\/flat-steel-stake\/","url":"https:\/\/qingdaohf.com\/product\/flat-steel-stake\/","name":"Flat Steel Stake for Concrete Forming","isPartOf":{"@id":"https:\/\/qingdaohf.com\/bg\/#website"},"primaryImageOfPage":{"@id":"https:\/\/qingdaohf.com\/product\/flat-steel-stake\/#primaryimage"},"image":{"@id":"https:\/\/qingdaohf.com\/product\/flat-steel-stake\/#primaryimage"},"thumbnailUrl":"https:\/\/qingdaohf.com\/wp-content\/uploads\/2023\/02\/\u65b0\u56fe.jpg","datePublished":"2023-02-08T09:31:37+00:00","dateModified":"2025-11-13T01:06:36+00:00","description":"Flat steel stake is a durable steel stake ideal for concrete applications. The round stake is designed to hold concrete forming boards securely.","breadcrumb":{"@id":"https:\/\/qingdaohf.com\/product\/flat-steel-stake\/#breadcrumb"},"inLanguage":"pt-BR","potentialAction":[{"@type":"ReadAction","target":["https:\/\/qingdaohf.com\/product\/flat-steel-stake\/"]}]},{"@type":"ImageObject","inLanguage":"pt-BR","@id":"https:\/\/qingdaohf.com\/product\/flat-steel-stake\/#primaryimage","url":"https:\/\/qingdaohf.com\/wp-content\/uploads\/2023\/02\/\u65b0\u56fe.jpg","contentUrl":"https:\/\/qingdaohf.com\/wp-content\/uploads\/2023\/02\/\u65b0\u56fe.jpg","width":1000,"height":1000,"caption":"flat steel stake"},{"@type":"BreadcrumbList","@id":"https:\/\/qingdaohf.com\/product\/flat-steel-stake\/#breadcrumb","itemListElement":[{"@type":"ListItem","position":1,"name":"Home","item":"https:\/\/qingdaohf.com\/"},{"@type":"ListItem","position":2,"name":"Concrete Forming Accessories and Rigging Hardware","item":"https:\/\/qingdaohf.com\/bg\/?page_id=944"},{"@type":"ListItem","position":3,"name":"Flat Steel Stake for Concrete Forming"}]},{"@type":"WebSite","@id":"https:\/\/qingdaohf.com\/bg\/#website","url":"https:\/\/qingdaohf.com\/bg\/","name":"Concrete Form & Rigging Hardware Supplier","description":"","publisher":{"@id":"https:\/\/qingdaohf.com\/bg\/#organization"},"potentialAction":[{"@type":"SearchAction","target":{"@type":"EntryPoint","urlTemplate":"https:\/\/qingdaohf.com\/bg\/?s={search_term_string}"},"query-input":{"@type":"PropertyValueSpecification","valueRequired":true,"valueName":"search_term_string"}}],"inLanguage":"pt-BR"},{"@type":"Organization","@id":"https:\/\/qingdaohf.com\/bg\/#organization","name":"Qingdao H&F","url":"https:\/\/qingdaohf.com\/bg\/","logo":{"@type":"ImageObject","inLanguage":"pt-BR","@id":"https:\/\/qingdaohf.com\/bg\/#\/schema\/logo\/image\/","url":"https:\/\/qingdaohf.com\/wp-content\/uploads\/2022\/12\/cropped-HF-LOGO.png","contentUrl":"https:\/\/qingdaohf.com\/wp-content\/uploads\/2022\/12\/cropped-HF-LOGO.png","width":391,"height":249,"caption":"Qingdao H&F"},"image":{"@id":"https:\/\/qingdaohf.com\/bg\/#\/schema\/logo\/image\/"},"sameAs":["https:\/\/www.facebook.com\/qingdaohf"]}]}},"_links":{"self":[{"href":"https:\/\/qingdaohf.com\/pt\/wp-json\/wp\/v2\/product\/2080","targetHints":{"allow":["GET"]}}],"collection":[{"href":"https:\/\/qingdaohf.com\/pt\/wp-json\/wp\/v2\/product"}],"about":[{"href":"https:\/\/qingdaohf.com\/pt\/wp-json\/wp\/v2\/types\/product"}],"replies":[{"embeddable":true,"href":"https:\/\/qingdaohf.com\/pt\/wp-json\/wp\/v2\/comments?post=2080"}],"version-history":[{"count":8,"href":"https:\/\/qingdaohf.com\/pt\/wp-json\/wp\/v2\/product\/2080\/revisions"}],"predecessor-version":[{"id":9254,"href":"https:\/\/qingdaohf.com\/pt\/wp-json\/wp\/v2\/product\/2080\/revisions\/9254"}],"wp:featuredmedia":[{"embeddable":true,"href":"https:\/\/qingdaohf.com\/pt\/wp-json\/wp\/v2\/media\/2778"}],"wp:attachment":[{"href":"https:\/\/qingdaohf.com\/pt\/wp-json\/wp\/v2\/media?parent=2080"}],"wp:term":[{"taxonomy":"product_brand","embeddable":true,"href":"https:\/\/qingdaohf.com\/pt\/wp-json\/wp\/v2\/product_brand?post=2080"},{"taxonomy":"product_cat","embeddable":true,"href":"https:\/\/qingdaohf.com\/pt\/wp-json\/wp\/v2\/product_cat?post=2080"},{"taxonomy":"product_tag","embeddable":true,"href":"https:\/\/qingdaohf.com\/pt\/wp-json\/wp\/v2\/product_tag?post=2080"}],"curies":[{"name":"wp","href":"https:\/\/api.w.org\/{rel}","templated":true}]}}