{"id":2094,"date":"2023-02-09T17:22:35","date_gmt":"2023-02-09T09:22:35","guid":{"rendered":"http:\/\/qingdaohf.com\/?post_type=product&#038;p=2094"},"modified":"2025-11-13T09:06:36","modified_gmt":"2025-11-13T01:06:36","slug":"scaffolding-coupler","status":"publish","type":"product","link":"https:\/\/qingdaohf.com\/pt\/produto\/acoplador-de-andaimes\/","title":{"rendered":"Acoplador de andaime Bra\u00e7adeira de andaime"},"content":{"rendered":"<p><strong>Constru\u00e7\u00e3o\u00a0<\/strong><strong>Especifica\u00e7\u00f5es do acoplador de andaime<\/strong><\/p>\n<p><img fetchpriority=\"high\" decoding=\"async\" class=\"alignnone wp-image-2095 size-full\" src=\"http:\/\/qingdaohf.com\/wp-content\/uploads\/2023\/02\/Scaffolding-Coupler-1.png\" alt=\"Acoplador de andaimes\" width=\"705\" height=\"1910\" srcset=\"https:\/\/qingdaohf.com\/wp-content\/uploads\/2023\/02\/Scaffolding-Coupler-1.png 705w, https:\/\/qingdaohf.com\/wp-content\/uploads\/2023\/02\/Scaffolding-Coupler-1-111x300.png 111w, https:\/\/qingdaohf.com\/wp-content\/uploads\/2023\/02\/Scaffolding-Coupler-1-378x1024.png 378w, https:\/\/qingdaohf.com\/wp-content\/uploads\/2023\/02\/Scaffolding-Coupler-1-567x1536.png 567w, https:\/\/qingdaohf.com\/wp-content\/uploads\/2023\/02\/Scaffolding-Coupler-1-600x1626.png 600w\" sizes=\"(max-width: 705px) 100vw, 705px\" \/><\/p>\n<p>Um acoplador de andaimes \u00e9 um dispositivo usado para conectar dois tubos de andaimes para criar uma plataforma est\u00e1vel e segura para os trabalhadores durante as tarefas de constru\u00e7\u00e3o ou manuten\u00e7\u00e3o. No contexto da forma\u00e7\u00e3o de concreto, os acopladores de andaimes s\u00e3o frequentemente usados para conectar tubos de andaimes verticais e horizontais que suportam a forma\u00e7\u00e3o de concreto.<\/p>\n<p>A f\u00f4rma de concreto refere-se \u00e0s estruturas tempor\u00e1rias usadas para suportar o concreto rec\u00e9m-derramado at\u00e9 que ele endure\u00e7a e possa suportar seu pr\u00f3prio peso. Os tubos e acopladores de andaimes usados na f\u00f4rma de concreto desempenham um papel fundamental para garantir a estabilidade e a seguran\u00e7a da estrutura da f\u00f4rma, que deve ser capaz de suportar o peso do concreto \u00famido, bem como os trabalhadores e os equipamentos que trabalhar\u00e3o na estrutura.<\/p>\n<p>Os acopladores de andaimes usados em f\u00f4rmas de concreto s\u00e3o normalmente fabricados em a\u00e7o de alta resist\u00eancia e projetados para suportar cargas pesadas e condi\u00e7\u00f5es ambientais adversas. Eles podem apresentar mecanismos de travamento ou outros recursos de seguran\u00e7a para evitar a desconex\u00e3o acidental ou o colapso da estrutura do andaime.<\/p>","protected":false},"excerpt":{"rendered":"<p>Os acopladores de andaimes s\u00e3o conectores e acess\u00f3rios de andaimes usados para fixar tubos e canos de andaimes na posi\u00e7\u00e3o. Os acopladores de andaimes tamb\u00e9m s\u00e3o chamados de bra\u00e7adeiras de andaimes, encaixes de andaimes, encaixes de tubos de andaimes, bra\u00e7adeiras de tubos de andaimes, conectores de andaimes, juntas de andaimes, articula\u00e7\u00f5es de andaimes etc.<\/p>","protected":false},"featured_media":2930,"comment_status":"open","ping_status":"closed","template":"","meta":{"site-sidebar-layout":"default","site-content-layout":"default","ast-site-content-layout":"","site-content-style":"default","site-sidebar-style":"default","ast-global-header-display":"","ast-banner-title-visibility":"","ast-main-header-display":"","ast-hfb-above-header-display":"","ast-hfb-below-header-display":"","ast-hfb-mobile-header-display":"","site-post-title":"","ast-breadcrumbs-content":"","ast-featured-img":"","footer-sml-layout":"","theme-transparent-header-meta":"default","adv-header-id-meta":"","stick-header-meta":"default","header-above-stick-meta":"","header-main-stick-meta":"","header-below-stick-meta":"","astra-migrate-meta-layouts":"default","ast-page-background-enabled":"default","ast-page-background-meta":{"desktop":{"background-color":"","background-image":"","background-repeat":"repeat","background-position":"center center","background-size":"auto","background-attachment":"scroll","background-type":"","background-media":"","overlay-type":"","overlay-color":"","overlay-opacity":"","overlay-gradient":""},"tablet":{"background-color":"","background-image":"","background-repeat":"repeat","background-position":"center center","background-size":"auto","background-attachment":"scroll","background-type":"","background-media":"","overlay-type":"","overlay-color":"","overlay-opacity":"","overlay-gradient":""},"mobile":{"background-color":"","background-image":"","background-repeat":"repeat","background-position":"center center","background-size":"auto","background-attachment":"scroll","background-type":"","background-media":"","overlay-type":"","overlay-color":"","overlay-opacity":"","overlay-gradient":""}},"ast-content-background-meta":{"desktop":{"background-color":"var(--ast-global-color-5)","background-image":"","background-repeat":"repeat","background-position":"center center","background-size":"auto","background-attachment":"scroll","background-type":"","background-media":"","overlay-type":"","overlay-color":"","overlay-opacity":"","overlay-gradient":""},"tablet":{"background-color":"var(--ast-global-color-5)","background-image":"","background-repeat":"repeat","background-position":"center center","background-size":"auto","background-attachment":"scroll","background-type":"","background-media":"","overlay-type":"","overlay-color":"","overlay-opacity":"","overlay-gradient":""},"mobile":{"background-color":"var(--ast-global-color-5)","background-image":"","background-repeat":"repeat","background-position":"center center","background-size":"auto","background-attachment":"scroll","background-type":"","background-media":"","overlay-type":"","overlay-color":"","overlay-opacity":"","overlay-gradient":""}}},"product_brand":[],"product_cat":[28],"product_tag":[],"class_list":{"0":"post-2094","1":"product","2":"type-product","3":"status-publish","4":"has-post-thumbnail","6":"product_cat-concrete-forming","7":"desktop-align-left","8":"tablet-align-left","9":"mobile-align-left","10":"ast-product-gallery-layout-horizontal-slider","11":"ast-product-tabs-layout-horizontal","13":"first","14":"instock","15":"shipping-taxable","16":"purchasable","17":"product-type-simple"},"yoast_head":"<!-- This site is optimized with the Yoast SEO plugin v25.2 - https:\/\/yoast.com\/wordpress\/plugins\/seo\/ -->\n<title>Scaffolding Coupler Scaffolding Clamp<\/title>\n<meta name=\"description\" content=\"Scaffolding couplers are scaffold connectors and fittings used to fix\u00a0scaffold tubes and pipes\u00a0in position.\" \/>\n<meta name=\"robots\" content=\"index, follow, max-snippet:-1, max-image-preview:large, max-video-preview:-1\" \/>\n<link rel=\"canonical\" href=\"https:\/\/qingdaohf.com\/pt\/produto\/acoplador-de-andaimes\/\" \/>\n<meta property=\"og:locale\" content=\"pt_BR\" \/>\n<meta property=\"og:type\" content=\"article\" \/>\n<meta property=\"og:title\" content=\"Scaffolding Coupler Scaffolding Clamp\" \/>\n<meta property=\"og:description\" content=\"Scaffolding couplers are scaffold connectors and fittings used to fix\u00a0scaffold tubes and pipes\u00a0in position.\" \/>\n<meta property=\"og:url\" content=\"https:\/\/qingdaohf.com\/pt\/produto\/acoplador-de-andaimes\/\" \/>\n<meta property=\"og:site_name\" content=\"Concrete Form &amp; Rigging Hardware Supplier\" \/>\n<meta property=\"article:publisher\" content=\"https:\/\/www.facebook.com\/qingdaohf\" \/>\n<meta property=\"article:modified_time\" content=\"2025-11-13T01:06:36+00:00\" \/>\n<meta property=\"og:image\" content=\"https:\/\/qingdaohf.com\/wp-content\/uploads\/2023\/02\/Scaffolding-Coupler-2.jpg\" \/>\n\t<meta property=\"og:image:width\" content=\"1000\" \/>\n\t<meta property=\"og:image:height\" content=\"1000\" \/>\n\t<meta property=\"og:image:type\" content=\"image\/jpeg\" \/>\n<meta name=\"twitter:card\" content=\"summary_large_image\" \/>\n<meta name=\"twitter:label1\" content=\"Est. tempo de leitura\" \/>\n\t<meta name=\"twitter:data1\" content=\"1 minuto\" \/>\n<script type=\"application\/ld+json\" class=\"yoast-schema-graph\">{\"@context\":\"https:\/\/schema.org\",\"@graph\":[{\"@type\":\"WebPage\",\"@id\":\"https:\/\/qingdaohf.com\/product\/scaffolding-coupler\/\",\"url\":\"https:\/\/qingdaohf.com\/product\/scaffolding-coupler\/\",\"name\":\"Scaffolding Coupler Scaffolding Clamp\",\"isPartOf\":{\"@id\":\"https:\/\/qingdaohf.com\/bg\/#website\"},\"primaryImageOfPage\":{\"@id\":\"https:\/\/qingdaohf.com\/product\/scaffolding-coupler\/#primaryimage\"},\"image\":{\"@id\":\"https:\/\/qingdaohf.com\/product\/scaffolding-coupler\/#primaryimage\"},\"thumbnailUrl\":\"https:\/\/qingdaohf.com\/wp-content\/uploads\/2023\/02\/Scaffolding-Coupler-2.jpg\",\"datePublished\":\"2023-02-09T09:22:35+00:00\",\"dateModified\":\"2025-11-13T01:06:36+00:00\",\"description\":\"Scaffolding couplers are scaffold connectors and fittings used to fix\u00a0scaffold tubes and pipes\u00a0in position.\",\"breadcrumb\":{\"@id\":\"https:\/\/qingdaohf.com\/product\/scaffolding-coupler\/#breadcrumb\"},\"inLanguage\":\"pt-BR\",\"potentialAction\":[{\"@type\":\"ReadAction\",\"target\":[\"https:\/\/qingdaohf.com\/product\/scaffolding-coupler\/\"]}]},{\"@type\":\"ImageObject\",\"inLanguage\":\"pt-BR\",\"@id\":\"https:\/\/qingdaohf.com\/product\/scaffolding-coupler\/#primaryimage\",\"url\":\"https:\/\/qingdaohf.com\/wp-content\/uploads\/2023\/02\/Scaffolding-Coupler-2.jpg\",\"contentUrl\":\"https:\/\/qingdaohf.com\/wp-content\/uploads\/2023\/02\/Scaffolding-Coupler-2.jpg\",\"width\":1000,\"height\":1000,\"caption\":\"Scaffolding Coupler\"},{\"@type\":\"BreadcrumbList\",\"@id\":\"https:\/\/qingdaohf.com\/product\/scaffolding-coupler\/#breadcrumb\",\"itemListElement\":[{\"@type\":\"ListItem\",\"position\":1,\"name\":\"Home\",\"item\":\"https:\/\/qingdaohf.com\/\"},{\"@type\":\"ListItem\",\"position\":2,\"name\":\"Concrete Forming Accessories and Rigging Hardware\",\"item\":\"https:\/\/qingdaohf.com\/bg\/?page_id=944\"},{\"@type\":\"ListItem\",\"position\":3,\"name\":\"Scaffolding Coupler Scaffolding Clamp\"}]},{\"@type\":\"WebSite\",\"@id\":\"https:\/\/qingdaohf.com\/bg\/#website\",\"url\":\"https:\/\/qingdaohf.com\/bg\/\",\"name\":\"Concrete Form & Rigging Hardware Supplier\",\"description\":\"\",\"publisher\":{\"@id\":\"https:\/\/qingdaohf.com\/bg\/#organization\"},\"potentialAction\":[{\"@type\":\"SearchAction\",\"target\":{\"@type\":\"EntryPoint\",\"urlTemplate\":\"https:\/\/qingdaohf.com\/bg\/?s={search_term_string}\"},\"query-input\":{\"@type\":\"PropertyValueSpecification\",\"valueRequired\":true,\"valueName\":\"search_term_string\"}}],\"inLanguage\":\"pt-BR\"},{\"@type\":\"Organization\",\"@id\":\"https:\/\/qingdaohf.com\/bg\/#organization\",\"name\":\"Qingdao H&F\",\"url\":\"https:\/\/qingdaohf.com\/bg\/\",\"logo\":{\"@type\":\"ImageObject\",\"inLanguage\":\"pt-BR\",\"@id\":\"https:\/\/qingdaohf.com\/bg\/#\/schema\/logo\/image\/\",\"url\":\"https:\/\/qingdaohf.com\/wp-content\/uploads\/2022\/12\/cropped-HF-LOGO.png\",\"contentUrl\":\"https:\/\/qingdaohf.com\/wp-content\/uploads\/2022\/12\/cropped-HF-LOGO.png\",\"width\":391,\"height\":249,\"caption\":\"Qingdao H&F\"},\"image\":{\"@id\":\"https:\/\/qingdaohf.com\/bg\/#\/schema\/logo\/image\/\"},\"sameAs\":[\"https:\/\/www.facebook.com\/qingdaohf\"]}]}<\/script>\n<!-- \/ Yoast SEO plugin. -->","yoast_head_json":{"title":"Scaffolding Coupler Scaffolding Clamp","description":"Scaffolding couplers are scaffold connectors and fittings used to fix\u00a0scaffold tubes and pipes\u00a0in position.","robots":{"index":"index","follow":"follow","max-snippet":"max-snippet:-1","max-image-preview":"max-image-preview:large","max-video-preview":"max-video-preview:-1"},"canonical":"https:\/\/qingdaohf.com\/pt\/produto\/acoplador-de-andaimes\/","og_locale":"pt_BR","og_type":"article","og_title":"Scaffolding Coupler Scaffolding Clamp","og_description":"Scaffolding couplers are scaffold connectors and fittings used to fix\u00a0scaffold tubes and pipes\u00a0in position.","og_url":"https:\/\/qingdaohf.com\/pt\/produto\/acoplador-de-andaimes\/","og_site_name":"Concrete Form &amp; Rigging Hardware Supplier","article_publisher":"https:\/\/www.facebook.com\/qingdaohf","article_modified_time":"2025-11-13T01:06:36+00:00","og_image":[{"width":1000,"height":1000,"url":"https:\/\/qingdaohf.com\/wp-content\/uploads\/2023\/02\/Scaffolding-Coupler-2.jpg","type":"image\/jpeg"}],"twitter_card":"summary_large_image","twitter_misc":{"Est. tempo de leitura":"1 minuto"},"schema":{"@context":"https:\/\/schema.org","@graph":[{"@type":"WebPage","@id":"https:\/\/qingdaohf.com\/product\/scaffolding-coupler\/","url":"https:\/\/qingdaohf.com\/product\/scaffolding-coupler\/","name":"Scaffolding Coupler Scaffolding Clamp","isPartOf":{"@id":"https:\/\/qingdaohf.com\/bg\/#website"},"primaryImageOfPage":{"@id":"https:\/\/qingdaohf.com\/product\/scaffolding-coupler\/#primaryimage"},"image":{"@id":"https:\/\/qingdaohf.com\/product\/scaffolding-coupler\/#primaryimage"},"thumbnailUrl":"https:\/\/qingdaohf.com\/wp-content\/uploads\/2023\/02\/Scaffolding-Coupler-2.jpg","datePublished":"2023-02-09T09:22:35+00:00","dateModified":"2025-11-13T01:06:36+00:00","description":"Scaffolding couplers are scaffold connectors and fittings used to fix\u00a0scaffold tubes and pipes\u00a0in position.","breadcrumb":{"@id":"https:\/\/qingdaohf.com\/product\/scaffolding-coupler\/#breadcrumb"},"inLanguage":"pt-BR","potentialAction":[{"@type":"ReadAction","target":["https:\/\/qingdaohf.com\/product\/scaffolding-coupler\/"]}]},{"@type":"ImageObject","inLanguage":"pt-BR","@id":"https:\/\/qingdaohf.com\/product\/scaffolding-coupler\/#primaryimage","url":"https:\/\/qingdaohf.com\/wp-content\/uploads\/2023\/02\/Scaffolding-Coupler-2.jpg","contentUrl":"https:\/\/qingdaohf.com\/wp-content\/uploads\/2023\/02\/Scaffolding-Coupler-2.jpg","width":1000,"height":1000,"caption":"Scaffolding Coupler"},{"@type":"BreadcrumbList","@id":"https:\/\/qingdaohf.com\/product\/scaffolding-coupler\/#breadcrumb","itemListElement":[{"@type":"ListItem","position":1,"name":"Home","item":"https:\/\/qingdaohf.com\/"},{"@type":"ListItem","position":2,"name":"Concrete Forming Accessories and Rigging Hardware","item":"https:\/\/qingdaohf.com\/bg\/?page_id=944"},{"@type":"ListItem","position":3,"name":"Scaffolding Coupler Scaffolding Clamp"}]},{"@type":"WebSite","@id":"https:\/\/qingdaohf.com\/bg\/#website","url":"https:\/\/qingdaohf.com\/bg\/","name":"Concrete Form & Rigging Hardware Supplier","description":"","publisher":{"@id":"https:\/\/qingdaohf.com\/bg\/#organization"},"potentialAction":[{"@type":"SearchAction","target":{"@type":"EntryPoint","urlTemplate":"https:\/\/qingdaohf.com\/bg\/?s={search_term_string}"},"query-input":{"@type":"PropertyValueSpecification","valueRequired":true,"valueName":"search_term_string"}}],"inLanguage":"pt-BR"},{"@type":"Organization","@id":"https:\/\/qingdaohf.com\/bg\/#organization","name":"Qingdao H&F","url":"https:\/\/qingdaohf.com\/bg\/","logo":{"@type":"ImageObject","inLanguage":"pt-BR","@id":"https:\/\/qingdaohf.com\/bg\/#\/schema\/logo\/image\/","url":"https:\/\/qingdaohf.com\/wp-content\/uploads\/2022\/12\/cropped-HF-LOGO.png","contentUrl":"https:\/\/qingdaohf.com\/wp-content\/uploads\/2022\/12\/cropped-HF-LOGO.png","width":391,"height":249,"caption":"Qingdao H&F"},"image":{"@id":"https:\/\/qingdaohf.com\/bg\/#\/schema\/logo\/image\/"},"sameAs":["https:\/\/www.facebook.com\/qingdaohf"]}]}},"_links":{"self":[{"href":"https:\/\/qingdaohf.com\/pt\/wp-json\/wp\/v2\/product\/2094","targetHints":{"allow":["GET"]}}],"collection":[{"href":"https:\/\/qingdaohf.com\/pt\/wp-json\/wp\/v2\/product"}],"about":[{"href":"https:\/\/qingdaohf.com\/pt\/wp-json\/wp\/v2\/types\/product"}],"replies":[{"embeddable":true,"href":"https:\/\/qingdaohf.com\/pt\/wp-json\/wp\/v2\/comments?post=2094"}],"version-history":[{"count":2,"href":"https:\/\/qingdaohf.com\/pt\/wp-json\/wp\/v2\/product\/2094\/revisions"}],"predecessor-version":[{"id":10460,"href":"https:\/\/qingdaohf.com\/pt\/wp-json\/wp\/v2\/product\/2094\/revisions\/10460"}],"wp:featuredmedia":[{"embeddable":true,"href":"https:\/\/qingdaohf.com\/pt\/wp-json\/wp\/v2\/media\/2930"}],"wp:attachment":[{"href":"https:\/\/qingdaohf.com\/pt\/wp-json\/wp\/v2\/media?parent=2094"}],"wp:term":[{"taxonomy":"product_brand","embeddable":true,"href":"https:\/\/qingdaohf.com\/pt\/wp-json\/wp\/v2\/product_brand?post=2094"},{"taxonomy":"product_cat","embeddable":true,"href":"https:\/\/qingdaohf.com\/pt\/wp-json\/wp\/v2\/product_cat?post=2094"},{"taxonomy":"product_tag","embeddable":true,"href":"https:\/\/qingdaohf.com\/pt\/wp-json\/wp\/v2\/product_tag?post=2094"}],"curies":[{"name":"wp","href":"https:\/\/api.w.org\/{rel}","templated":true}]}}