{"id":2130,"date":"2023-02-10T17:04:57","date_gmt":"2023-02-10T09:04:57","guid":{"rendered":"http:\/\/qingdaohf.com\/?post_type=product&#038;p=2130"},"modified":"2025-11-13T09:06:35","modified_gmt":"2025-11-13T01:06:35","slug":"flat-rib-washer","status":"publish","type":"product","link":"https:\/\/qingdaohf.com\/pt\/produto\/arruela-de-pressao-plana\/","title":{"rendered":"Arruela plana com nervuras"},"content":{"rendered":"<p>Uma arruela de nervura plana \u00e9 um componente pequeno, mas importante, usado na forma\u00e7\u00e3o de concreto. Normalmente, ela \u00e9 feita de materiais dur\u00e1veis e resistentes \u00e0 corros\u00e3o, como a\u00e7o galvanizado ou a\u00e7o inoxid\u00e1vel, e foi projetada para proporcionar uma conex\u00e3o segura e firme entre os pain\u00e9is da forma de concreto.<\/p>\n<p>A arruela de nervura plana \u00e9 usada em conjunto com um tirante de encaixe, que \u00e9 uma haste ou fio de metal inserido por um orif\u00edcio no painel da forma para manter a forma no lugar. A arruela de nervura plana \u00e9, ent\u00e3o, colocada sobre o tirante de press\u00e3o para evitar que ele puxe o painel da forma quando o concreto for derramado.<\/p>\n<p>O design da arruela de nervura plana inclui nervuras na superf\u00edcie que criam atrito contra o concreto, o que ajuda a manter o painel da forma no lugar durante o processo de concretagem. Isso ajuda a evitar qualquer movimento ou deslocamento dos pain\u00e9is de forma, o que poderia resultar em uma superf\u00edcie de concreto irregular ou distorcida.<\/p>\n<p>&nbsp;<\/p>\n<p><img fetchpriority=\"high\" decoding=\"async\" class=\"alignnone size-full wp-image-2776\" src=\"http:\/\/qingdaohf.com\/wp-content\/uploads\/2023\/02\/flat-rib-washer-1_\u526f\u672c.jpg\" alt=\"Arruela plana com nervuras\" width=\"1200\" height=\"871\" srcset=\"https:\/\/qingdaohf.com\/wp-content\/uploads\/2023\/02\/flat-rib-washer-1_\u526f\u672c.jpg 1200w, https:\/\/qingdaohf.com\/wp-content\/uploads\/2023\/02\/flat-rib-washer-1_\u526f\u672c-1000x726.jpg 1000w, https:\/\/qingdaohf.com\/wp-content\/uploads\/2023\/02\/flat-rib-washer-1_\u526f\u672c-300x218.jpg 300w, https:\/\/qingdaohf.com\/wp-content\/uploads\/2023\/02\/flat-rib-washer-1_\u526f\u672c-1024x743.jpg 1024w, https:\/\/qingdaohf.com\/wp-content\/uploads\/2023\/02\/flat-rib-washer-1_\u526f\u672c-768x557.jpg 768w\" sizes=\"(max-width: 1200px) 100vw, 1200px\" \/><\/p>\n<p><img decoding=\"async\" class=\"alignnone size-full wp-image-2777\" src=\"http:\/\/qingdaohf.com\/wp-content\/uploads\/2023\/02\/13-2.jpg\" alt=\"Arruela plana com nervuras\" width=\"1200\" height=\"308\" srcset=\"https:\/\/qingdaohf.com\/wp-content\/uploads\/2023\/02\/13-2.jpg 1200w, https:\/\/qingdaohf.com\/wp-content\/uploads\/2023\/02\/13-2-1000x257.jpg 1000w, https:\/\/qingdaohf.com\/wp-content\/uploads\/2023\/02\/13-2-300x77.jpg 300w, https:\/\/qingdaohf.com\/wp-content\/uploads\/2023\/02\/13-2-1024x263.jpg 1024w, https:\/\/qingdaohf.com\/wp-content\/uploads\/2023\/02\/13-2-768x197.jpg 768w\" sizes=\"(max-width: 1200px) 100vw, 1200px\" \/><\/p>\n<p>&nbsp;<\/p>","protected":false},"excerpt":{"rendered":"<p>As arruelas de nervuras planas s\u00e3o usadas com o Form Tie e a porca sextavada para conectar e fixar duas f\u00f4rmas na constru\u00e7\u00e3o de f\u00f4rmas. As arruelas de nervuras planas s\u00e3o altamente resistentes a usos constantes e a diferentes tipos de impactos, oferecendo, assim, um servi\u00e7o confi\u00e1vel.<\/p>","protected":false},"featured_media":2771,"comment_status":"open","ping_status":"closed","template":"","meta":{"site-sidebar-layout":"default","site-content-layout":"default","ast-site-content-layout":"","site-content-style":"default","site-sidebar-style":"default","ast-global-header-display":"","ast-banner-title-visibility":"","ast-main-header-display":"","ast-hfb-above-header-display":"","ast-hfb-below-header-display":"","ast-hfb-mobile-header-display":"","site-post-title":"","ast-breadcrumbs-content":"","ast-featured-img":"","footer-sml-layout":"","theme-transparent-header-meta":"default","adv-header-id-meta":"","stick-header-meta":"default","header-above-stick-meta":"","header-main-stick-meta":"","header-below-stick-meta":"","astra-migrate-meta-layouts":"default","ast-page-background-enabled":"default","ast-page-background-meta":{"desktop":{"background-color":"","background-image":"","background-repeat":"repeat","background-position":"center center","background-size":"auto","background-attachment":"scroll","background-type":"","background-media":"","overlay-type":"","overlay-color":"","overlay-opacity":"","overlay-gradient":""},"tablet":{"background-color":"","background-image":"","background-repeat":"repeat","background-position":"center center","background-size":"auto","background-attachment":"scroll","background-type":"","background-media":"","overlay-type":"","overlay-color":"","overlay-opacity":"","overlay-gradient":""},"mobile":{"background-color":"","background-image":"","background-repeat":"repeat","background-position":"center center","background-size":"auto","background-attachment":"scroll","background-type":"","background-media":"","overlay-type":"","overlay-color":"","overlay-opacity":"","overlay-gradient":""}},"ast-content-background-meta":{"desktop":{"background-color":"var(--ast-global-color-5)","background-image":"","background-repeat":"repeat","background-position":"center center","background-size":"auto","background-attachment":"scroll","background-type":"","background-media":"","overlay-type":"","overlay-color":"","overlay-opacity":"","overlay-gradient":""},"tablet":{"background-color":"var(--ast-global-color-5)","background-image":"","background-repeat":"repeat","background-position":"center center","background-size":"auto","background-attachment":"scroll","background-type":"","background-media":"","overlay-type":"","overlay-color":"","overlay-opacity":"","overlay-gradient":""},"mobile":{"background-color":"var(--ast-global-color-5)","background-image":"","background-repeat":"repeat","background-position":"center center","background-size":"auto","background-attachment":"scroll","background-type":"","background-media":"","overlay-type":"","overlay-color":"","overlay-opacity":"","overlay-gradient":""}}},"product_brand":[],"product_cat":[31],"product_tag":[],"class_list":{"0":"post-2130","1":"product","2":"type-product","3":"status-publish","4":"has-post-thumbnail","6":"product_cat-fasteners","7":"desktop-align-left","8":"tablet-align-left","9":"mobile-align-left","10":"ast-product-gallery-layout-horizontal-slider","11":"ast-product-tabs-layout-horizontal","13":"first","14":"instock","15":"shipping-taxable","16":"purchasable","17":"product-type-simple"},"yoast_head":"<!-- This site is optimized with the Yoast SEO plugin v25.2 - https:\/\/yoast.com\/wordpress\/plugins\/seo\/ -->\n<title>Flat Rib Washer<\/title>\n<meta name=\"description\" content=\"Flat rib washer is used with Form Tie ,Hex Nut to connect and fix two formworks in building formwork.\" \/>\n<meta name=\"robots\" content=\"index, follow, max-snippet:-1, max-image-preview:large, max-video-preview:-1\" \/>\n<link rel=\"canonical\" href=\"https:\/\/qingdaohf.com\/pt\/produto\/arruela-de-pressao-plana\/\" \/>\n<meta property=\"og:locale\" content=\"pt_BR\" \/>\n<meta property=\"og:type\" content=\"article\" \/>\n<meta property=\"og:title\" content=\"Flat Rib Washer\" \/>\n<meta property=\"og:description\" content=\"Flat rib washer is used with Form Tie ,Hex Nut to connect and fix two formworks in building formwork.\" \/>\n<meta property=\"og:url\" content=\"https:\/\/qingdaohf.com\/pt\/produto\/arruela-de-pressao-plana\/\" \/>\n<meta property=\"og:site_name\" content=\"Concrete Form &amp; Rigging Hardware Supplier\" \/>\n<meta property=\"article:publisher\" content=\"https:\/\/www.facebook.com\/qingdaohf\" \/>\n<meta property=\"article:modified_time\" content=\"2025-11-13T01:06:35+00:00\" \/>\n<meta property=\"og:image\" content=\"https:\/\/qingdaohf.com\/wp-content\/uploads\/2023\/02\/Flat-Rib-Washer-1-1.jpg\" \/>\n\t<meta property=\"og:image:width\" content=\"1000\" \/>\n\t<meta property=\"og:image:height\" content=\"1000\" \/>\n\t<meta property=\"og:image:type\" content=\"image\/jpeg\" \/>\n<meta name=\"twitter:card\" content=\"summary_large_image\" \/>\n<meta name=\"twitter:label1\" content=\"Est. tempo de leitura\" \/>\n\t<meta name=\"twitter:data1\" content=\"2 minutos\" \/>\n<script type=\"application\/ld+json\" class=\"yoast-schema-graph\">{\"@context\":\"https:\/\/schema.org\",\"@graph\":[{\"@type\":\"WebPage\",\"@id\":\"https:\/\/qingdaohf.com\/product\/flat-rib-washer\/\",\"url\":\"https:\/\/qingdaohf.com\/product\/flat-rib-washer\/\",\"name\":\"Flat Rib Washer\",\"isPartOf\":{\"@id\":\"https:\/\/qingdaohf.com\/bg\/#website\"},\"primaryImageOfPage\":{\"@id\":\"https:\/\/qingdaohf.com\/product\/flat-rib-washer\/#primaryimage\"},\"image\":{\"@id\":\"https:\/\/qingdaohf.com\/product\/flat-rib-washer\/#primaryimage\"},\"thumbnailUrl\":\"https:\/\/qingdaohf.com\/wp-content\/uploads\/2023\/02\/Flat-Rib-Washer-1-1.jpg\",\"datePublished\":\"2023-02-10T09:04:57+00:00\",\"dateModified\":\"2025-11-13T01:06:35+00:00\",\"description\":\"Flat rib washer is used with Form Tie ,Hex Nut to connect and fix two formworks in building formwork.\",\"breadcrumb\":{\"@id\":\"https:\/\/qingdaohf.com\/product\/flat-rib-washer\/#breadcrumb\"},\"inLanguage\":\"pt-BR\",\"potentialAction\":[{\"@type\":\"ReadAction\",\"target\":[\"https:\/\/qingdaohf.com\/product\/flat-rib-washer\/\"]}]},{\"@type\":\"ImageObject\",\"inLanguage\":\"pt-BR\",\"@id\":\"https:\/\/qingdaohf.com\/product\/flat-rib-washer\/#primaryimage\",\"url\":\"https:\/\/qingdaohf.com\/wp-content\/uploads\/2023\/02\/Flat-Rib-Washer-1-1.jpg\",\"contentUrl\":\"https:\/\/qingdaohf.com\/wp-content\/uploads\/2023\/02\/Flat-Rib-Washer-1-1.jpg\",\"width\":1000,\"height\":1000,\"caption\":\"Flat Rib Washer\"},{\"@type\":\"BreadcrumbList\",\"@id\":\"https:\/\/qingdaohf.com\/product\/flat-rib-washer\/#breadcrumb\",\"itemListElement\":[{\"@type\":\"ListItem\",\"position\":1,\"name\":\"Home\",\"item\":\"https:\/\/qingdaohf.com\/\"},{\"@type\":\"ListItem\",\"position\":2,\"name\":\"Concrete Forming Accessories and Rigging Hardware\",\"item\":\"https:\/\/qingdaohf.com\/bg\/?page_id=944\"},{\"@type\":\"ListItem\",\"position\":3,\"name\":\"Flat Rib Washer\"}]},{\"@type\":\"WebSite\",\"@id\":\"https:\/\/qingdaohf.com\/bg\/#website\",\"url\":\"https:\/\/qingdaohf.com\/bg\/\",\"name\":\"Concrete Form & Rigging Hardware Supplier\",\"description\":\"\",\"publisher\":{\"@id\":\"https:\/\/qingdaohf.com\/bg\/#organization\"},\"potentialAction\":[{\"@type\":\"SearchAction\",\"target\":{\"@type\":\"EntryPoint\",\"urlTemplate\":\"https:\/\/qingdaohf.com\/bg\/?s={search_term_string}\"},\"query-input\":{\"@type\":\"PropertyValueSpecification\",\"valueRequired\":true,\"valueName\":\"search_term_string\"}}],\"inLanguage\":\"pt-BR\"},{\"@type\":\"Organization\",\"@id\":\"https:\/\/qingdaohf.com\/bg\/#organization\",\"name\":\"Qingdao H&F\",\"url\":\"https:\/\/qingdaohf.com\/bg\/\",\"logo\":{\"@type\":\"ImageObject\",\"inLanguage\":\"pt-BR\",\"@id\":\"https:\/\/qingdaohf.com\/bg\/#\/schema\/logo\/image\/\",\"url\":\"https:\/\/qingdaohf.com\/wp-content\/uploads\/2022\/12\/cropped-HF-LOGO.png\",\"contentUrl\":\"https:\/\/qingdaohf.com\/wp-content\/uploads\/2022\/12\/cropped-HF-LOGO.png\",\"width\":391,\"height\":249,\"caption\":\"Qingdao H&F\"},\"image\":{\"@id\":\"https:\/\/qingdaohf.com\/bg\/#\/schema\/logo\/image\/\"},\"sameAs\":[\"https:\/\/www.facebook.com\/qingdaohf\"]}]}<\/script>\n<!-- \/ Yoast SEO plugin. -->","yoast_head_json":{"title":"Flat Rib Washer","description":"Flat rib washer is used with Form Tie ,Hex Nut to connect and fix two formworks in building formwork.","robots":{"index":"index","follow":"follow","max-snippet":"max-snippet:-1","max-image-preview":"max-image-preview:large","max-video-preview":"max-video-preview:-1"},"canonical":"https:\/\/qingdaohf.com\/pt\/produto\/arruela-de-pressao-plana\/","og_locale":"pt_BR","og_type":"article","og_title":"Flat Rib Washer","og_description":"Flat rib washer is used with Form Tie ,Hex Nut to connect and fix two formworks in building formwork.","og_url":"https:\/\/qingdaohf.com\/pt\/produto\/arruela-de-pressao-plana\/","og_site_name":"Concrete Form &amp; Rigging Hardware Supplier","article_publisher":"https:\/\/www.facebook.com\/qingdaohf","article_modified_time":"2025-11-13T01:06:35+00:00","og_image":[{"width":1000,"height":1000,"url":"https:\/\/qingdaohf.com\/wp-content\/uploads\/2023\/02\/Flat-Rib-Washer-1-1.jpg","type":"image\/jpeg"}],"twitter_card":"summary_large_image","twitter_misc":{"Est. tempo de leitura":"2 minutos"},"schema":{"@context":"https:\/\/schema.org","@graph":[{"@type":"WebPage","@id":"https:\/\/qingdaohf.com\/product\/flat-rib-washer\/","url":"https:\/\/qingdaohf.com\/product\/flat-rib-washer\/","name":"Flat Rib Washer","isPartOf":{"@id":"https:\/\/qingdaohf.com\/bg\/#website"},"primaryImageOfPage":{"@id":"https:\/\/qingdaohf.com\/product\/flat-rib-washer\/#primaryimage"},"image":{"@id":"https:\/\/qingdaohf.com\/product\/flat-rib-washer\/#primaryimage"},"thumbnailUrl":"https:\/\/qingdaohf.com\/wp-content\/uploads\/2023\/02\/Flat-Rib-Washer-1-1.jpg","datePublished":"2023-02-10T09:04:57+00:00","dateModified":"2025-11-13T01:06:35+00:00","description":"Flat rib washer is used with Form Tie ,Hex Nut to connect and fix two formworks in building formwork.","breadcrumb":{"@id":"https:\/\/qingdaohf.com\/product\/flat-rib-washer\/#breadcrumb"},"inLanguage":"pt-BR","potentialAction":[{"@type":"ReadAction","target":["https:\/\/qingdaohf.com\/product\/flat-rib-washer\/"]}]},{"@type":"ImageObject","inLanguage":"pt-BR","@id":"https:\/\/qingdaohf.com\/product\/flat-rib-washer\/#primaryimage","url":"https:\/\/qingdaohf.com\/wp-content\/uploads\/2023\/02\/Flat-Rib-Washer-1-1.jpg","contentUrl":"https:\/\/qingdaohf.com\/wp-content\/uploads\/2023\/02\/Flat-Rib-Washer-1-1.jpg","width":1000,"height":1000,"caption":"Flat Rib Washer"},{"@type":"BreadcrumbList","@id":"https:\/\/qingdaohf.com\/product\/flat-rib-washer\/#breadcrumb","itemListElement":[{"@type":"ListItem","position":1,"name":"Home","item":"https:\/\/qingdaohf.com\/"},{"@type":"ListItem","position":2,"name":"Concrete Forming Accessories and Rigging Hardware","item":"https:\/\/qingdaohf.com\/bg\/?page_id=944"},{"@type":"ListItem","position":3,"name":"Flat Rib Washer"}]},{"@type":"WebSite","@id":"https:\/\/qingdaohf.com\/bg\/#website","url":"https:\/\/qingdaohf.com\/bg\/","name":"Concrete Form & Rigging Hardware Supplier","description":"","publisher":{"@id":"https:\/\/qingdaohf.com\/bg\/#organization"},"potentialAction":[{"@type":"SearchAction","target":{"@type":"EntryPoint","urlTemplate":"https:\/\/qingdaohf.com\/bg\/?s={search_term_string}"},"query-input":{"@type":"PropertyValueSpecification","valueRequired":true,"valueName":"search_term_string"}}],"inLanguage":"pt-BR"},{"@type":"Organization","@id":"https:\/\/qingdaohf.com\/bg\/#organization","name":"Qingdao H&F","url":"https:\/\/qingdaohf.com\/bg\/","logo":{"@type":"ImageObject","inLanguage":"pt-BR","@id":"https:\/\/qingdaohf.com\/bg\/#\/schema\/logo\/image\/","url":"https:\/\/qingdaohf.com\/wp-content\/uploads\/2022\/12\/cropped-HF-LOGO.png","contentUrl":"https:\/\/qingdaohf.com\/wp-content\/uploads\/2022\/12\/cropped-HF-LOGO.png","width":391,"height":249,"caption":"Qingdao H&F"},"image":{"@id":"https:\/\/qingdaohf.com\/bg\/#\/schema\/logo\/image\/"},"sameAs":["https:\/\/www.facebook.com\/qingdaohf"]}]}},"_links":{"self":[{"href":"https:\/\/qingdaohf.com\/pt\/wp-json\/wp\/v2\/product\/2130","targetHints":{"allow":["GET"]}}],"collection":[{"href":"https:\/\/qingdaohf.com\/pt\/wp-json\/wp\/v2\/product"}],"about":[{"href":"https:\/\/qingdaohf.com\/pt\/wp-json\/wp\/v2\/types\/product"}],"replies":[{"embeddable":true,"href":"https:\/\/qingdaohf.com\/pt\/wp-json\/wp\/v2\/comments?post=2130"}],"version-history":[{"count":2,"href":"https:\/\/qingdaohf.com\/pt\/wp-json\/wp\/v2\/product\/2130\/revisions"}],"predecessor-version":[{"id":10458,"href":"https:\/\/qingdaohf.com\/pt\/wp-json\/wp\/v2\/product\/2130\/revisions\/10458"}],"wp:featuredmedia":[{"embeddable":true,"href":"https:\/\/qingdaohf.com\/pt\/wp-json\/wp\/v2\/media\/2771"}],"wp:attachment":[{"href":"https:\/\/qingdaohf.com\/pt\/wp-json\/wp\/v2\/media?parent=2130"}],"wp:term":[{"taxonomy":"product_brand","embeddable":true,"href":"https:\/\/qingdaohf.com\/pt\/wp-json\/wp\/v2\/product_brand?post=2130"},{"taxonomy":"product_cat","embeddable":true,"href":"https:\/\/qingdaohf.com\/pt\/wp-json\/wp\/v2\/product_cat?post=2130"},{"taxonomy":"product_tag","embeddable":true,"href":"https:\/\/qingdaohf.com\/pt\/wp-json\/wp\/v2\/product_tag?post=2130"}],"curies":[{"name":"wp","href":"https:\/\/api.w.org\/{rel}","templated":true}]}}